{"id":51309,"date":"2025-10-16T13:44:31","date_gmt":"2025-10-16T16:44:31","guid":{"rendered":"https:\/\/produncan.cl\/propiedad\/grundstueck-in-bethlehem-caichaca-putre-arica-und-parinacota-region\/"},"modified":"2025-12-26T17:18:45","modified_gmt":"2025-12-26T20:18:45","slug":"grundstueck-in-bethlehem-caichaca-putre-arica-und-parinacota-region","status":"publish","type":"product","link":"https:\/\/produncan.cl\/de\/produkt\/grundstueck-in-bethlehem-caichaca-putre-arica-und-parinacota-region\/","title":{"rendered":"Grundst\u00fcck in Bethlehem, Caichaca &#8211; Putre, Arica und Parinacota Region"},"content":{"rendered":"\t\t<div data-elementor-type=\"product-post\" data-elementor-id=\"51309\" class=\"elementor elementor-51309 elementor-51230\" data-elementor-post-type=\"product\">\n\t\t\t\t<div class=\"elementor-element elementor-element-3055395 e-flex e-con-boxed e-con e-parent\" data-id=\"3055395\" data-element_type=\"container\" data-e-type=\"container\" data-settings=\"{&quot;jet_parallax_layout_list&quot;:[]}\">\n\t\t\t\t\t<div class=\"e-con-inner\">\n\t\t\t\t<div class=\"elementor-element elementor-element-a2aa92a elementor-widget elementor-widget-heading\" data-id=\"a2aa92a\" data-element_type=\"widget\" data-e-type=\"widget\" data-widget_type=\"heading.default\">\n\t\t\t\t\t<h2 class=\"elementor-heading-title elementor-size-default\">Parcela Agricola- Patrimonial im Dorf Bethlehem, dem chilenischen Altiplano<\/h2>\t\t\t\t<\/div>\n\t\t\t\t\t<\/div>\n\t\t\t\t<\/div>\n\t\t<div class=\"elementor-element elementor-element-923a710 e-flex e-con-boxed e-con e-parent\" data-id=\"923a710\" data-element_type=\"container\" data-e-type=\"container\" data-settings=\"{&quot;jet_parallax_layout_list&quot;:[]}\">\n\t\t\t\t\t<div class=\"e-con-inner\">\n\t\t\t\t<div class=\"elementor-element elementor-element-0bf36e0 elementor-widget elementor-widget-text-editor\" data-id=\"0bf36e0\" data-element_type=\"widget\" data-e-type=\"widget\" data-widget_type=\"text-editor.default\">\n\t\t\t\t\t\t\t\t\t<p>Das Landgut 2.04-Hectare liegt in einem der bedeutendsten D\u00f6rfer des chilenischen Altiplanos und bietet eine einzigartige Gelegenheit f\u00fcr diejenigen, die in eine Umgebung von hohem Erbe, kulturellem und nat\u00fcrlichem Wert investieren wollen.<\/p>\n\t\t\t\t\t\t\t\t<\/div>\n\t\t\t\t\t<\/div>\n\t\t\t\t<\/div>\n\t\t<div class=\"elementor-element elementor-element-d5dc098 e-flex e-con-boxed e-con e-parent\" data-id=\"d5dc098\" data-element_type=\"container\" data-e-type=\"container\" data-settings=\"{&quot;jet_parallax_layout_list&quot;:[]}\">\n\t\t\t\t\t<div class=\"e-con-inner\">\n\t\t\t\t<div class=\"elementor-element elementor-element-4f72f4f elementor-widget elementor-widget-heading\" data-id=\"4f72f4f\" data-element_type=\"widget\" data-e-type=\"widget\" data-widget_type=\"heading.default\">\n\t\t\t\t\t<h3 class=\"elementor-heading-title elementor-size-default\">Umwelt und Erbe<\/h3>\t\t\t\t<\/div>\n\t\t\t\t\t<\/div>\n\t\t\t\t<\/div>\n\t\t<div class=\"elementor-element elementor-element-8316d2f e-flex e-con-boxed e-con e-parent\" data-id=\"8316d2f\" data-element_type=\"container\" data-e-type=\"container\" data-settings=\"{&quot;jet_parallax_layout_list&quot;:[]}\">\n\t\t\t\t\t<div class=\"e-con-inner\">\n\t\t\t\t<div class=\"elementor-element elementor-element-08956d0 elementor-widget elementor-widget-text-editor\" data-id=\"08956d0\" data-element_type=\"widget\" data-e-type=\"widget\" data-widget_type=\"text-editor.default\">\n\t\t\t\t\t\t\t\t\t<p>Das Land befindet sich in Bethlehem, einem kleinen Vor-Corporano-Haus, das 3,270 m \u00fcber dem Meeresspiegel, 70 km von Putre und 144 km von Arica entfernt liegt. Bethlehem wurde f\u00fcr seine Kolonialarchitektur in Adobe und seinem traditionellen Layout als National Monument f\u00fcr seine kulturellen Reichtum und Landschaftssch\u00f6nheiten anerkannt.<br \/>Zu seinen Hauptattraktionen geh\u00f6ren die Kirche St. James der Apostel, die Kirche der Jungfrau der Candelaria und das Pucar\u00e1 von Bethlehem, zus\u00e4tzlich zu seiner N\u00e4he zum Lauca-Nationalpark, dem Nationalpark Las Vicinas und dem Naturdenkmal Quebrada von Cardones.<\/p>\n<p>Die Menschen feiern jeden 25. Juli ihren wichtigsten Urlaub zu Ehren von San Santiago, lokalen Schirmherrn, wobei die ganze Gemeinschaft um Vorfahren, Musik und altiplanische T\u00e4nze trifft.<\/p>\n\t\t\t\t\t\t\t\t<\/div>\n\t\t\t\t\t<\/div>\n\t\t\t\t<\/div>\n\t\t<div class=\"elementor-element elementor-element-cfbcd14 e-flex e-con-boxed e-con e-parent\" data-id=\"cfbcd14\" data-element_type=\"container\" data-e-type=\"container\" data-settings=\"{&quot;jet_parallax_layout_list&quot;:[]}\">\n\t\t\t\t\t<div class=\"e-con-inner\">\n\t\t\t\t<div class=\"elementor-element elementor-element-2beb4d6 elementor-widget elementor-widget-heading\" data-id=\"2beb4d6\" data-element_type=\"widget\" data-e-type=\"widget\" data-widget_type=\"heading.default\">\n\t\t\t\t\t<h3 class=\"elementor-heading-title elementor-size-default\">Eigenschaften des Feldes<\/h3>\t\t\t\t<\/div>\n\t\t\t\t\t<\/div>\n\t\t\t\t<\/div>\n\t\t<div class=\"elementor-element elementor-element-80ed30e e-flex e-con-boxed e-con e-parent\" data-id=\"80ed30e\" data-element_type=\"container\" data-e-type=\"container\" data-settings=\"{&quot;jet_parallax_layout_list&quot;:[]}\">\n\t\t\t\t\t<div class=\"e-con-inner\">\n\t\t\t\t<div class=\"elementor-element elementor-element-1676649 elementor-widget elementor-widget-text-editor\" data-id=\"1676649\" data-element_type=\"widget\" data-e-type=\"widget\" data-widget_type=\"text-editor.default\">\n\t\t\t\t\t\t\t\t\t<ul>\n<li>Gesamtfl\u00e4che: 2,04 Hektar<\/li>\n<li>Eigene Rolle: 4310-44<\/li>\n<li>Verwendung und Bodenart: Landwirtschaftlich<\/li>\n<li>Standort: Im Lauca Nationalpark (eines der wenigen privaten Unterk\u00fcnfte im Park)<\/li>\n<li>Topographie: Unregelm\u00e4\u00dfig, mit nat\u00fcrlichen Terrassen<\/li>\n<li>Solarausstellung: Ostseite, sehr sonnig<\/li>\n<li>Entfernung zum Asphalt: 100 Meter<\/li>\n<li>Zugang: Erfordert die Verwaltung der Reservierung<\/li>\n<li>Perimetral Verschluss: Pires und Thunfisch<\/li>\n<li>Zugangsadresse: Nein<\/li>\n<\/ul>\n\t\t\t\t\t\t\t\t<\/div>\n\t\t\t\t\t<\/div>\n\t\t\t\t<\/div>\n\t\t<div class=\"elementor-element elementor-element-f4aad5c e-flex e-con-boxed e-con e-parent\" data-id=\"f4aad5c\" data-element_type=\"container\" data-e-type=\"container\" data-settings=\"{&quot;jet_parallax_layout_list&quot;:[]}\">\n\t\t\t\t\t<div class=\"e-con-inner\">\n\t\t\t\t<div class=\"elementor-element elementor-element-662ee8f elementor-widget elementor-widget-heading\" data-id=\"662ee8f\" data-element_type=\"widget\" data-e-type=\"widget\" data-widget_type=\"heading.default\">\n\t\t\t\t\t<h3 class=\"elementor-heading-title elementor-size-default\">Nat\u00fcrliche Ressourcen<\/h3>\t\t\t\t<\/div>\n\t\t\t\t\t<\/div>\n\t\t\t\t<\/div>\n\t\t<div class=\"elementor-element elementor-element-52269bd e-flex e-con-boxed e-con e-parent\" data-id=\"52269bd\" data-element_type=\"container\" data-e-type=\"container\" data-settings=\"{&quot;jet_parallax_layout_list&quot;:[]}\">\n\t\t\t\t\t<div class=\"e-con-inner\">\n\t\t\t\t<div class=\"elementor-element elementor-element-2afcb18 elementor-widget elementor-widget-text-editor\" data-id=\"2afcb18\" data-element_type=\"widget\" data-e-type=\"widget\" data-widget_type=\"text-editor.default\">\n\t\t\t\t\t\t\t\t\t<ul>\n<li>Wasserrechte: 1.392 Entwicklungsaktionen (232 Stunden \/ Monat)<\/li>\n<li>Wasserring: 250 Meter am Kanal von Misa\u00f1a<\/li>\n<li>Vegetation: Altoandine B\u00fcsche und pajonal &#8211; tola, chachacoma, festuca, brava stroh, alfalfa und oregano.<\/li>\n<li>Lokale Fauna: Guanacos, vicnias, foxes culpeo, vizcachas, pumas, tarucas und Andean condors.<\/li>\n<\/ul>\n\t\t\t\t\t\t\t\t<\/div>\n\t\t\t\t\t<\/div>\n\t\t\t\t<\/div>\n\t\t<div class=\"elementor-element elementor-element-e7ac0e7 e-flex e-con-boxed e-con e-parent\" data-id=\"e7ac0e7\" data-element_type=\"container\" data-e-type=\"container\" data-settings=\"{&quot;jet_parallax_layout_list&quot;:[]}\">\n\t\t\t\t\t<div class=\"e-con-inner\">\n\t\t\t\t<div class=\"elementor-element elementor-element-9536a93 elementor-widget elementor-widget-heading\" data-id=\"9536a93\" data-element_type=\"widget\" data-e-type=\"widget\" data-widget_type=\"heading.default\">\n\t\t\t\t\t<h3 class=\"elementor-heading-title elementor-size-default\">Umwelt und Zug\u00e4nglichkeit<\/h3>\t\t\t\t<\/div>\n\t\t\t\t\t<\/div>\n\t\t\t\t<\/div>\n\t\t<div class=\"elementor-element elementor-element-a34b988 e-flex e-con-boxed e-con e-parent\" data-id=\"a34b988\" data-element_type=\"container\" data-e-type=\"container\" data-settings=\"{&quot;jet_parallax_layout_list&quot;:[]}\">\n\t\t\t\t\t<div class=\"e-con-inner\">\n\t\t\t\t<div class=\"elementor-element elementor-element-9a6e65d elementor-widget elementor-widget-text-editor\" data-id=\"9a6e65d\" data-element_type=\"widget\" data-e-type=\"widget\" data-widget_type=\"text-editor.default\">\n\t\t\t\t\t\t\t\t\t<ul>\n<li>Pfad: Asphalt, ganzj\u00e4hrig in gutem Zustand<\/li>\n<li>N\u00e4chste Stadt: Putre (40 km)<\/li>\n<li>N\u00e4chster Flughafen: Arica (2 1\u20442 bis 3 Stunden Fahrt)<\/li>\n<li>\u00d6ffentliche Verkehrsmittel: Buss La Paloma<\/li>\n<li>Telekommunikationszeichen: Ja.<\/li>\n<\/ul>\n\t\t\t\t\t\t\t\t<\/div>\n\t\t\t\t\t<\/div>\n\t\t\t\t<\/div>\n\t\t<div class=\"elementor-element elementor-element-a21e3bc e-flex e-con-boxed e-con e-parent\" data-id=\"a21e3bc\" data-element_type=\"container\" data-e-type=\"container\" data-settings=\"{&quot;jet_parallax_layout_list&quot;:[]}\">\n\t\t\t\t\t<div class=\"e-con-inner\">\n\t\t\t\t<div class=\"elementor-element elementor-element-91085ea elementor-widget elementor-widget-heading\" data-id=\"91085ea\" data-element_type=\"widget\" data-e-type=\"widget\" data-widget_type=\"heading.default\">\n\t\t\t\t\t<h3 class=\"elementor-heading-title elementor-size-default\">Wert und Potenzial<\/h3>\t\t\t\t<\/div>\n\t\t\t\t\t<\/div>\n\t\t\t\t<\/div>\n\t\t<div class=\"elementor-element elementor-element-a60ea35 e-flex e-con-boxed e-con e-parent\" data-id=\"a60ea35\" data-element_type=\"container\" data-e-type=\"container\" data-settings=\"{&quot;jet_parallax_layout_list&quot;:[]}\">\n\t\t\t\t\t<div class=\"e-con-inner\">\n\t\t\t\t<div class=\"elementor-element elementor-element-8b07f91 elementor-widget elementor-widget-text-editor\" data-id=\"8b07f91\" data-element_type=\"widget\" data-e-type=\"widget\" data-widget_type=\"text-editor.default\">\n\t\t\t\t\t\t\t\t\t<p>Das Land zahlt keine Beitr\u00e4ge oder gemeinsame Kosten und stellt keine gesetzlichen Verbote vor. Seine Lage im Nationalpark Lauca macht es zu einem au\u00dfergew\u00f6hnlichen Anwesen, ideal f\u00fcr Projekte des Naturtourismus, der Erhaltung, der Forschung oder der traditionellen Berglandwirtschaft.<\/p>\n<p>Auf der Suche nach einem Ort mit Geschichte, Biodiversit\u00e4t und Projektion?<br \/>Dieses Grundst\u00fcck in Bethlehem ist eine einzigartige Gelegenheit, Teil des lebendigen Erbes des chilenischen Altiplano zu sein.<\/p>\n<p>Kontaktieren Sie uns bei Produncan Lands f\u00fcr weitere Informationen oder koordinieren Sie einen Besuch.<\/p>\n\t\t\t\t\t\t\t\t<\/div>\n\t\t\t\t\t<\/div>\n\t\t\t\t<\/div>\n\t\t\t\t<\/div>\n\t\t","protected":false},"excerpt":{"rendered":"<p>Los in Bethlehem, Putre. Es hat 250 Meter Matt, Wasserrechte, 100 Meter Asphalt, Telekommunikationssignal. Eines der wenigen privaten Unterk\u00fcnfte im Lauca Nationalpark, Chilenischer Altiplano.<\/p>\n","protected":false},"featured_media":51310,"template":"","meta":{"_acf_changed":false},"product_brand":[],"product_cat":[501],"product_tag":[232,231],"regiones":[496],"ciudades":[497],"class_list":{"0":"post-51309","1":"product","2":"type-product","3":"status-publish","4":"has-post-thumbnail","6":"product_cat-arica-coquimbo","7":"product_tag-grundstuecke","8":"product_tag-touristische-immobilien","9":"regiones-arica-coquimbo","10":"ciudades-putre","12":"first","13":"instock","14":"shipping-taxable","15":"purchasable","16":"product-type-simple"},"acf":[],"yoast_head":"<!-- This site is optimized with the Yoast SEO Premium plugin v26.0 (Yoast SEO v27.3) - https:\/\/yoast.com\/product\/yoast-seo-premium-wordpress\/ -->\n<title>Grundst\u00fcck in Bethlehem, Caichaca - Putre, Arica und Parinacota Region - Produncan<\/title>\n<meta name=\"description\" content=\"Los in Bethlehem, Putre. Fl\u00e4che von 2.04 Hektar, 250 Meter M\u00fcndung, Wasserrechte, 100 Meter Asphalt, Telekommunikationssignal.\" \/>\n<meta name=\"robots\" content=\"index, follow, max-snippet:-1, max-image-preview:large, max-video-preview:-1\" \/>\n<link rel=\"canonical\" href=\"https:\/\/produncan.cl\/de\/produkt\/grundstueck-in-bethlehem-caichaca-putre-arica-und-parinacota-region\/\" \/>\n<meta property=\"og:locale\" content=\"de_DE\" \/>\n<meta property=\"og:type\" content=\"article\" \/>\n<meta property=\"og:title\" content=\"Grundst\u00fcck in Bethlehem, Caichaca - Putre, Arica und Parinacota Region\" \/>\n<meta property=\"og:description\" content=\"Los in Bethlehem, Putre. Fl\u00e4che von 2.04 Hektar, 250 Meter M\u00fcndung, Wasserrechte, 100 Meter Asphalt, Telekommunikationssignal.\" \/>\n<meta property=\"og:url\" content=\"https:\/\/produncan.cl\/de\/produkt\/grundstueck-in-bethlehem-caichaca-putre-arica-und-parinacota-region\/\" \/>\n<meta property=\"og:site_name\" content=\"Produncan\" \/>\n<meta property=\"article:publisher\" content=\"https:\/\/web.facebook.com\/produncanland\" \/>\n<meta property=\"article:modified_time\" content=\"2025-12-26T20:18:45+00:00\" \/>\n<meta property=\"og:image\" content=\"https:\/\/produncan.cl\/wp-content\/uploads\/2025\/10\/Lote-caichaca-en-Belen-Arica.webp\" \/>\n\t<meta property=\"og:image:width\" content=\"800\" \/>\n\t<meta property=\"og:image:height\" content=\"600\" \/>\n\t<meta property=\"og:image:type\" content=\"image\/webp\" \/>\n<meta name=\"twitter:card\" content=\"summary_large_image\" \/>\n<meta name=\"twitter:label1\" content=\"Price\" \/>\n\t<meta name=\"twitter:data1\" content=\"USD49.000,00\" \/>\n\t<meta name=\"twitter:label2\" content=\"Availability\" \/>\n\t<meta name=\"twitter:data2\" content=\"In stock\" \/>\n<script type=\"application\/ld+json\" class=\"yoast-schema-graph\">{\"@context\":\"https:\\\/\\\/schema.org\",\"@graph\":[{\"@type\":\"WebPage\",\"@id\":\"https:\\\/\\\/produncan.cl\\\/de\\\/produkt\\\/grundstueck-in-bethlehem-caichaca-putre-arica-und-parinacota-region\\\/\",\"url\":\"https:\\\/\\\/produncan.cl\\\/de\\\/produkt\\\/grundstueck-in-bethlehem-caichaca-putre-arica-und-parinacota-region\\\/\",\"name\":\"Grundst\u00fcck in Bethlehem, Caichaca - Putre, Arica und Parinacota Region - Produncan\",\"isPartOf\":{\"@id\":\"https:\\\/\\\/produncan.cl\\\/de\\\/#website\"},\"primaryImageOfPage\":{\"@id\":\"https:\\\/\\\/produncan.cl\\\/de\\\/produkt\\\/grundstueck-in-bethlehem-caichaca-putre-arica-und-parinacota-region\\\/#primaryimage\"},\"image\":{\"@id\":\"https:\\\/\\\/produncan.cl\\\/de\\\/produkt\\\/grundstueck-in-bethlehem-caichaca-putre-arica-und-parinacota-region\\\/#primaryimage\"},\"thumbnailUrl\":\"https:\\\/\\\/produncan.cl\\\/wp-content\\\/uploads\\\/2025\\\/10\\\/Lote-caichaca-en-Belen-Arica.webp\",\"datePublished\":\"2025-10-16T16:44:31+00:00\",\"dateModified\":\"2025-12-26T20:18:45+00:00\",\"description\":\"Los in Bethlehem, Putre. Fl\u00e4che von 2.04 Hektar, 250 Meter M\u00fcndung, Wasserrechte, 100 Meter Asphalt, Telekommunikationssignal.\",\"breadcrumb\":{\"@id\":\"https:\\\/\\\/produncan.cl\\\/de\\\/produkt\\\/grundstueck-in-bethlehem-caichaca-putre-arica-und-parinacota-region\\\/#breadcrumb\"},\"inLanguage\":\"de-DE\",\"potentialAction\":[{\"@type\":\"ReadAction\",\"target\":[\"https:\\\/\\\/produncan.cl\\\/de\\\/produkt\\\/grundstueck-in-bethlehem-caichaca-putre-arica-und-parinacota-region\\\/\"]}]},{\"@type\":\"ImageObject\",\"inLanguage\":\"de-DE\",\"@id\":\"https:\\\/\\\/produncan.cl\\\/de\\\/produkt\\\/grundstueck-in-bethlehem-caichaca-putre-arica-und-parinacota-region\\\/#primaryimage\",\"url\":\"https:\\\/\\\/produncan.cl\\\/wp-content\\\/uploads\\\/2025\\\/10\\\/Lote-caichaca-en-Belen-Arica.webp\",\"contentUrl\":\"https:\\\/\\\/produncan.cl\\\/wp-content\\\/uploads\\\/2025\\\/10\\\/Lote-caichaca-en-Belen-Arica.webp\",\"width\":800,\"height\":600,\"caption\":\"Lote caichaca in Bethlehem Arica\"},{\"@type\":\"BreadcrumbList\",\"@id\":\"https:\\\/\\\/produncan.cl\\\/de\\\/produkt\\\/grundstueck-in-bethlehem-caichaca-putre-arica-und-parinacota-region\\\/#breadcrumb\",\"itemListElement\":[{\"@type\":\"ListItem\",\"position\":1,\"name\":\"Inicio\",\"item\":\"https:\\\/\\\/produncan.cl\\\/de\\\/\"},{\"@type\":\"ListItem\",\"position\":2,\"name\":\"Eigenschaften\",\"item\":\"https:\\\/\\\/produncan.cl\\\/propiedades\\\/\"},{\"@type\":\"ListItem\",\"position\":3,\"name\":\"Grundst\u00fccke\",\"item\":\"https:\\\/\\\/produncan.cl\\\/de\\\/kategorie\\\/grundstuecke\\\/\"},{\"@type\":\"ListItem\",\"position\":4,\"name\":\"Grundst\u00fcck in Bethlehem, Caichaca &#8211; Putre, Arica und Parinacota Region\"}]},{\"@type\":\"WebSite\",\"@id\":\"https:\\\/\\\/produncan.cl\\\/de\\\/#website\",\"url\":\"https:\\\/\\\/produncan.cl\\\/de\\\/\",\"name\":\"Produncan\",\"description\":\"Wir begleiten Sie bei Ihrem Lebensprojekt!\",\"publisher\":{\"@id\":\"https:\\\/\\\/produncan.cl\\\/de\\\/#organization\"},\"potentialAction\":[{\"@type\":\"SearchAction\",\"target\":{\"@type\":\"EntryPoint\",\"urlTemplate\":\"https:\\\/\\\/produncan.cl\\\/de\\\/?s={search_term_string}\"},\"query-input\":{\"@type\":\"PropertyValueSpecification\",\"valueRequired\":true,\"valueName\":\"search_term_string\"}}],\"inLanguage\":\"de-DE\"},{\"@type\":\"Organization\",\"@id\":\"https:\\\/\\\/produncan.cl\\\/de\\\/#organization\",\"name\":\"Produncan\",\"url\":\"https:\\\/\\\/produncan.cl\\\/de\\\/\",\"logo\":{\"@type\":\"ImageObject\",\"inLanguage\":\"de-DE\",\"@id\":\"https:\\\/\\\/produncan.cl\\\/de\\\/#\\\/schema\\\/logo\\\/image\\\/\",\"url\":\"https:\\\/\\\/produncan.cl\\\/wp-content\\\/uploads\\\/2021\\\/03\\\/LOGO.jpeg\",\"contentUrl\":\"https:\\\/\\\/produncan.cl\\\/wp-content\\\/uploads\\\/2021\\\/03\\\/LOGO.jpeg\",\"width\":1280,\"height\":903,\"caption\":\"Produncan\"},\"image\":{\"@id\":\"https:\\\/\\\/produncan.cl\\\/de\\\/#\\\/schema\\\/logo\\\/image\\\/\"},\"sameAs\":[\"https:\\\/\\\/web.facebook.com\\\/produncanland\",\"https:\\\/\\\/www.instagram.com\\\/pro_duncan\\\/\",\"https:\\\/\\\/www.linkedin.com\\\/company\\\/produncan-lands\\\/\",\"https:\\\/\\\/www.youtube.com\\\/channel\\\/UCu7N-f3x0svkazD-Eew1-QQ\"],\"description\":\"En Produncan somos especialistas en la venta de terrenos en el sur de Chile. Proveemos estancias, campos, parcelas y hoteles.\",\"email\":\"info@produncan.cl\"}]}<\/script>\n<meta property=\"og:video\" content=\"https:\/\/www.youtube.com\/embed\/QFZEUvvJmUM\" \/>\n<meta property=\"og:video:type\" content=\"text\/html\" \/>\n<meta property=\"og:video:duration\" content=\"64\" \/>\n<meta property=\"og:video:width\" content=\"480\" \/>\n<meta property=\"og:video:height\" content=\"270\" \/>\n<meta property=\"ya:ovs:adult\" content=\"false\" \/>\n<meta property=\"ya:ovs:upload_date\" content=\"2025-10-16T16:44:31+00:00\" \/>\n<meta property=\"ya:ovs:allow_embed\" content=\"true\" \/>\n<meta property=\"product:price:amount\" content=\"49000.00\" \/>\n<meta property=\"product:price:currency\" content=\"USD\" \/>\n<meta property=\"og:availability\" content=\"instock\" \/>\n<meta property=\"product:availability\" content=\"instock\" \/>\n<meta property=\"product:condition\" content=\"new\" \/>\n<!-- \/ Yoast SEO Premium plugin. -->","yoast_head_json":{"title":"Grundst\u00fcck in Bethlehem, Caichaca - Putre, Arica und Parinacota Region - Produncan","description":"Los in Bethlehem, Putre. Fl\u00e4che von 2.04 Hektar, 250 Meter M\u00fcndung, Wasserrechte, 100 Meter Asphalt, Telekommunikationssignal.","robots":{"index":"index","follow":"follow","max-snippet":"max-snippet:-1","max-image-preview":"max-image-preview:large","max-video-preview":"max-video-preview:-1"},"canonical":"https:\/\/produncan.cl\/de\/produkt\/grundstueck-in-bethlehem-caichaca-putre-arica-und-parinacota-region\/","og_locale":"de_DE","og_type":"article","og_title":"Grundst\u00fcck in Bethlehem, Caichaca - Putre, Arica und Parinacota Region","og_description":"Los in Bethlehem, Putre. Fl\u00e4che von 2.04 Hektar, 250 Meter M\u00fcndung, Wasserrechte, 100 Meter Asphalt, Telekommunikationssignal.","og_url":"https:\/\/produncan.cl\/de\/produkt\/grundstueck-in-bethlehem-caichaca-putre-arica-und-parinacota-region\/","og_site_name":"Produncan","article_publisher":"https:\/\/web.facebook.com\/produncanland","article_modified_time":"2025-12-26T20:18:45+00:00","og_image":[{"width":800,"height":600,"url":"https:\/\/produncan.cl\/wp-content\/uploads\/2025\/10\/Lote-caichaca-en-Belen-Arica.webp","type":"image\/webp"}],"twitter_card":"summary_large_image","twitter_misc":{"Price":"USD49.000,00","Availability":"In stock"},"schema":{"@context":"https:\/\/schema.org","@graph":[{"@type":"WebPage","@id":"https:\/\/produncan.cl\/de\/produkt\/grundstueck-in-bethlehem-caichaca-putre-arica-und-parinacota-region\/","url":"https:\/\/produncan.cl\/de\/produkt\/grundstueck-in-bethlehem-caichaca-putre-arica-und-parinacota-region\/","name":"Grundst\u00fcck in Bethlehem, Caichaca - Putre, Arica und Parinacota Region - Produncan","isPartOf":{"@id":"https:\/\/produncan.cl\/de\/#website"},"primaryImageOfPage":{"@id":"https:\/\/produncan.cl\/de\/produkt\/grundstueck-in-bethlehem-caichaca-putre-arica-und-parinacota-region\/#primaryimage"},"image":{"@id":"https:\/\/produncan.cl\/de\/produkt\/grundstueck-in-bethlehem-caichaca-putre-arica-und-parinacota-region\/#primaryimage"},"thumbnailUrl":"https:\/\/produncan.cl\/wp-content\/uploads\/2025\/10\/Lote-caichaca-en-Belen-Arica.webp","datePublished":"2025-10-16T16:44:31+00:00","dateModified":"2025-12-26T20:18:45+00:00","description":"Los in Bethlehem, Putre. Fl\u00e4che von 2.04 Hektar, 250 Meter M\u00fcndung, Wasserrechte, 100 Meter Asphalt, Telekommunikationssignal.","breadcrumb":{"@id":"https:\/\/produncan.cl\/de\/produkt\/grundstueck-in-bethlehem-caichaca-putre-arica-und-parinacota-region\/#breadcrumb"},"inLanguage":"de-DE","potentialAction":[{"@type":"ReadAction","target":["https:\/\/produncan.cl\/de\/produkt\/grundstueck-in-bethlehem-caichaca-putre-arica-und-parinacota-region\/"]}]},{"@type":"ImageObject","inLanguage":"de-DE","@id":"https:\/\/produncan.cl\/de\/produkt\/grundstueck-in-bethlehem-caichaca-putre-arica-und-parinacota-region\/#primaryimage","url":"https:\/\/produncan.cl\/wp-content\/uploads\/2025\/10\/Lote-caichaca-en-Belen-Arica.webp","contentUrl":"https:\/\/produncan.cl\/wp-content\/uploads\/2025\/10\/Lote-caichaca-en-Belen-Arica.webp","width":800,"height":600,"caption":"Lote caichaca in Bethlehem Arica"},{"@type":"BreadcrumbList","@id":"https:\/\/produncan.cl\/de\/produkt\/grundstueck-in-bethlehem-caichaca-putre-arica-und-parinacota-region\/#breadcrumb","itemListElement":[{"@type":"ListItem","position":1,"name":"Inicio","item":"https:\/\/produncan.cl\/de\/"},{"@type":"ListItem","position":2,"name":"Eigenschaften","item":"https:\/\/produncan.cl\/propiedades\/"},{"@type":"ListItem","position":3,"name":"Grundst\u00fccke","item":"https:\/\/produncan.cl\/de\/kategorie\/grundstuecke\/"},{"@type":"ListItem","position":4,"name":"Grundst\u00fcck in Bethlehem, Caichaca &#8211; Putre, Arica und Parinacota Region"}]},{"@type":"WebSite","@id":"https:\/\/produncan.cl\/de\/#website","url":"https:\/\/produncan.cl\/de\/","name":"Produncan","description":"Wir begleiten Sie bei Ihrem Lebensprojekt!","publisher":{"@id":"https:\/\/produncan.cl\/de\/#organization"},"potentialAction":[{"@type":"SearchAction","target":{"@type":"EntryPoint","urlTemplate":"https:\/\/produncan.cl\/de\/?s={search_term_string}"},"query-input":{"@type":"PropertyValueSpecification","valueRequired":true,"valueName":"search_term_string"}}],"inLanguage":"de-DE"},{"@type":"Organization","@id":"https:\/\/produncan.cl\/de\/#organization","name":"Produncan","url":"https:\/\/produncan.cl\/de\/","logo":{"@type":"ImageObject","inLanguage":"de-DE","@id":"https:\/\/produncan.cl\/de\/#\/schema\/logo\/image\/","url":"https:\/\/produncan.cl\/wp-content\/uploads\/2021\/03\/LOGO.jpeg","contentUrl":"https:\/\/produncan.cl\/wp-content\/uploads\/2021\/03\/LOGO.jpeg","width":1280,"height":903,"caption":"Produncan"},"image":{"@id":"https:\/\/produncan.cl\/de\/#\/schema\/logo\/image\/"},"sameAs":["https:\/\/web.facebook.com\/produncanland","https:\/\/www.instagram.com\/pro_duncan\/","https:\/\/www.linkedin.com\/company\/produncan-lands\/","https:\/\/www.youtube.com\/channel\/UCu7N-f3x0svkazD-Eew1-QQ"],"description":"En Produncan somos especialistas en la venta de terrenos en el sur de Chile. Proveemos estancias, campos, parcelas y hoteles.","email":"info@produncan.cl"}]},"og_video":"https:\/\/www.youtube.com\/embed\/QFZEUvvJmUM","og_video_type":"text\/html","og_video_duration":"64","og_video_width":"480","og_video_height":"270","ya_ovs_adult":"false","ya_ovs_upload_date":"2025-10-16T16:44:31+00:00","ya_ovs_allow_embed":"true","product_price_amount":"49000.00","product_price_currency":"USD","og_availability":"instock","product_availability":"instock","product_condition":"new"},"_links":{"self":[{"href":"https:\/\/produncan.cl\/de\/wp-json\/wp\/v2\/product\/51309","targetHints":{"allow":["GET"]}}],"collection":[{"href":"https:\/\/produncan.cl\/de\/wp-json\/wp\/v2\/product"}],"about":[{"href":"https:\/\/produncan.cl\/de\/wp-json\/wp\/v2\/types\/product"}],"version-history":[{"count":2,"href":"https:\/\/produncan.cl\/de\/wp-json\/wp\/v2\/product\/51309\/revisions"}],"predecessor-version":[{"id":54100,"href":"https:\/\/produncan.cl\/de\/wp-json\/wp\/v2\/product\/51309\/revisions\/54100"}],"wp:featuredmedia":[{"embeddable":true,"href":"https:\/\/produncan.cl\/de\/wp-json\/wp\/v2\/media\/51310"}],"wp:attachment":[{"href":"https:\/\/produncan.cl\/de\/wp-json\/wp\/v2\/media?parent=51309"}],"wp:term":[{"taxonomy":"product_brand","embeddable":true,"href":"https:\/\/produncan.cl\/de\/wp-json\/wp\/v2\/product_brand?post=51309"},{"taxonomy":"product_cat","embeddable":true,"href":"https:\/\/produncan.cl\/de\/wp-json\/wp\/v2\/product_cat?post=51309"},{"taxonomy":"product_tag","embeddable":true,"href":"https:\/\/produncan.cl\/de\/wp-json\/wp\/v2\/product_tag?post=51309"},{"taxonomy":"regiones","embeddable":true,"href":"https:\/\/produncan.cl\/de\/wp-json\/wp\/v2\/regiones?post=51309"},{"taxonomy":"ciudades","embeddable":true,"href":"https:\/\/produncan.cl\/de\/wp-json\/wp\/v2\/ciudades?post=51309"}],"curies":[{"name":"wp","href":"https:\/\/api.w.org\/{rel}","templated":true}]}}