{"id":51369,"date":"2025-10-08T12:40:03","date_gmt":"2025-10-08T15:40:03","guid":{"rendered":"https:\/\/produncan.cl\/propiedad\/feld-in-los-muermos-yerbas-buena-region-los-lagos\/"},"modified":"2025-10-17T10:09:07","modified_gmt":"2025-10-17T13:09:07","slug":"feld-in-los-muermos-yerbas-buena-region-los-lagos","status":"publish","type":"product","link":"https:\/\/produncan.cl\/de\/produkt\/feld-in-los-muermos-yerbas-buena-region-los-lagos\/","title":{"rendered":"Feld in Los Muermos, Yerbas Buena &#8211; Region Los Lagos"},"content":{"rendered":"\t\t<div data-elementor-type=\"product-post\" data-elementor-id=\"51369\" class=\"elementor elementor-51369 elementor-51053\" data-elementor-post-type=\"product\">\n\t\t\t\t<div class=\"elementor-element elementor-element-e4f9c64 e-flex e-con-boxed e-con e-parent\" data-id=\"e4f9c64\" data-element_type=\"container\" data-e-type=\"container\" data-settings=\"{&quot;jet_parallax_layout_list&quot;:[]}\">\n\t\t\t\t\t<div class=\"e-con-inner\">\n\t\t\t\t<div class=\"elementor-element elementor-element-01f959c elementor-widget elementor-widget-heading\" data-id=\"01f959c\" data-element_type=\"widget\" data-e-type=\"widget\" data-widget_type=\"heading.default\">\n\t\t\t\t\t<h2 class=\"elementor-heading-title elementor-size-default\">Gelegen in der Bergkette der K\u00fcste, Stra\u00dfe zum Mund von Llico Bajo<\/h2>\t\t\t\t<\/div>\n\t\t\t\t\t<\/div>\n\t\t\t\t<\/div>\n\t\t<div class=\"elementor-element elementor-element-713b34a e-flex e-con-boxed e-con e-parent\" data-id=\"713b34a\" data-element_type=\"container\" data-e-type=\"container\" data-settings=\"{&quot;jet_parallax_layout_list&quot;:[]}\">\n\t\t\t\t\t<div class=\"e-con-inner\">\n\t\t\t\t<div class=\"elementor-element elementor-element-2d865dd elementor-widget elementor-widget-text-editor\" data-id=\"2d865dd\" data-element_type=\"widget\" data-e-type=\"widget\" data-widget_type=\"text-editor.default\">\n\t\t\t\t\t\t\t\t\t<p>Im Sektor von Yerbas Buena, Gemeinde von Los Muermos. Diese 41-Hektar-Eigenschaft kombiniert nat\u00fcrliche Sch\u00f6nheit, produktives Potenzial und eine privilegierte Lage, eingebettet in eine Umgebung von einheimischen W\u00e4ldern, Wasser und absolute Ruhe.<\/p><p>Das Land hat seine eigene Rolle und Verwendung landwirtschaftlicher Forestry Boden, ideal f\u00fcr Erhaltungsprojekte, l\u00e4ndlichen Tourismus oder nachhaltige produktive Aktivit\u00e4ten. Seine Topographie ist unregelm\u00e4\u00dfig, mit weichen Steigungen und flachen Sektoren, die sowohl den Bau und die Entwicklung von Kulturen oder Weiden erleichtert. Es hat Strom und Wasser von einer 1 HP Motobomb Seite. W\u00e4hrend des Grundst\u00fccks werden sechs Aspekte geboren, die in kleine Matten mit dauerhaftem Fluss im Laufe des Jahres umgewandelt werden, um eine ausgezeichnete Wasserverf\u00fcgbarkeit zu gew\u00e4hrleisten.<\/p><p>Innerhalb des Anwesens sind verschiedene Geb\u00e4ude: ein Haupthaus von 100 Quadratmetern gebaut im Jahr 2005, mit drei Schlafzimmern, ein Badezimmer und Heizung bei langsamer Verbrennung; zus\u00e4tzlich zu einem Weingut, einem Gallon und einem Holzschnitzel. Die Immobilie ist teilweise eingez\u00e4unt und hat Zugang zu servitude in gutem Zustand. Es ist derzeit sieben Kilometer vom Asphalt entfernt, aber mit der n\u00e4chsten Verbesserung der Stra\u00dfe wird es nur drei Kilometer sein, was seine Konnektivit\u00e4t und seinen Wert erh\u00f6hen wird.<\/p><p>Das Feld in Los Muermos hat einen Waldmanagementplan bis Dezember 2025. Von seiner Gesamtfl\u00e4che entsprechen 10 Hektar ungenutzten alten Wald, 20 zu reifen Wald, 5 zu Renoven und 5 zu Grasland. Unter den vorherrschenden Arten sind Tepa, Zimt, ulmo, luma, olive, radal, morgens, lingua, Haselnuss und meli, die ein reiches und vielf\u00e4ltiges \u00d6kosystem leben. Die Fauna des Ortes umfasst F\u00fcchse, Hasen und gelegentlich Pumas, die die nat\u00fcrliche Balance widerspiegeln, die diesen Bereich charakterisiert.<\/p><p>Das Anwesen befindet sich in einer Poniente-Ausstellung, mit einem gem\u00e4\u00dfigten Klima und idealen Bedingungen f\u00fcr verschiedene land- und forstwirtschaftliche Aktivit\u00e4ten. Die Beitr\u00e4ge sind niedrig, etwa 18.000 Pesos viertelj\u00e4hrlich. Es gibt keine Verbote oder rechtliche Auswirkungen auf das Eigentum, und es ist nicht als indigenes Land aufgef\u00fchrt.<\/p><p>Seine strategische Lage macht es einfach, Los Muermos oder Fresia zu erreichen, beide in \u00e4hnlicher Entfernung, und befindet sich eine Stunde und zwanzig Minuten vom Flughafen El Tepual in Puerto Montt. Der Zugang ist auf einer l\u00e4ndlichen Stra\u00dfe von Ritus in gutem Zustand, mit \u00f6ffentlichen Lokomotiven, die einmal am Tag nach Los Muermos f\u00fchrt. Das Handysignal ist gut, vor allem von den Unternehmen Entel und Claro.<\/p><p>Dieser Bereich in Los Muermos, Sektor Yerbas Buena, stellt eine au\u00dfergew\u00f6hnliche Gelegenheit f\u00fcr diejenigen dar, die versuchen, in eine nat\u00fcrliche Umgebung mit einer Projektion von Mehrwert zu investieren, ein touristisches oder Wohnprojekt zu entwickeln, oder einfach in Kontakt mit der Natur in einer der authentischsten Landschaften im S\u00fcden Chiles leben. Das Gleichgewicht zwischen Zug\u00e4nglichkeit, nat\u00fcrlichen Ressourcen, Infrastruktur und Sch\u00f6nheit macht es zu einem idealen Ort, um Leben, Erhaltung und nachhaltige Entwicklung zu kombinieren.<\/p>\t\t\t\t\t\t\t\t<\/div>\n\t\t\t\t\t<\/div>\n\t\t\t\t<\/div>\n\t\t\t\t<\/div>\n\t\t","protected":false},"excerpt":{"rendered":"<p>Feld in Los Muermos von 41 Hektar in der Bergkette der K\u00fcste. 1: 20 Stunden von Puerto Varas bis zum Meer. Mit Strom, Wasser, Haus, Gallon, Keller und Holzschnitzerei. 5 Hektar Wiesen und 10 Hektar reifen Wald.<\/p>\n","protected":false},"featured_media":51370,"template":"","meta":{"_acf_changed":false},"product_brand":[],"product_cat":[104],"product_tag":[235],"regiones":[226],"ciudades":[214,216],"class_list":{"0":"post-51369","1":"product","2":"type-product","3":"status-publish","4":"has-post-thumbnail","6":"product_cat-ohiggins-los-lagos","7":"product_tag-felder","8":"regiones-nuble-los_lagos","9":"ciudades-fresia","10":"ciudades-los-muermos","12":"first","13":"instock","14":"shipping-taxable","15":"purchasable","16":"product-type-simple"},"acf":[],"yoast_head":"<!-- This site is optimized with the Yoast SEO Premium plugin v26.0 (Yoast SEO v27.3) - https:\/\/yoast.com\/product\/yoast-seo-premium-wordpress\/ -->\n<title>Feld in Los Muermos, Yerbas Buena - Region Los Lagos - Produncan<\/title>\n<meta name=\"description\" content=\"Campen in Los Muermos de 41 ha, mit Haus, Gallon, Keller und Holzwerk. Strom, Seitenwasser, 5 Hektar Wiesen und 10 reifen einheimischen Wald.\" \/>\n<meta name=\"robots\" content=\"index, follow, max-snippet:-1, max-image-preview:large, max-video-preview:-1\" \/>\n<link rel=\"canonical\" href=\"https:\/\/produncan.cl\/de\/produkt\/feld-in-los-muermos-yerbas-buena-region-los-lagos\/\" \/>\n<meta property=\"og:locale\" content=\"de_DE\" \/>\n<meta property=\"og:type\" content=\"article\" \/>\n<meta property=\"og:title\" content=\"Feld in Los Muermos, Yerbas Buena - Region Los Lagos\" \/>\n<meta property=\"og:description\" content=\"Campen in Los Muermos de 41 ha, mit Haus, Gallon, Keller und Holzwerk. Strom, Seitenwasser, 5 Hektar Wiesen und 10 reifen einheimischen Wald.\" \/>\n<meta property=\"og:url\" content=\"https:\/\/produncan.cl\/de\/produkt\/feld-in-los-muermos-yerbas-buena-region-los-lagos\/\" \/>\n<meta property=\"og:site_name\" content=\"Produncan\" \/>\n<meta property=\"article:publisher\" content=\"https:\/\/web.facebook.com\/produncanland\" \/>\n<meta property=\"article:modified_time\" content=\"2025-10-17T13:09:07+00:00\" \/>\n<meta property=\"og:image\" content=\"https:\/\/produncan.cl\/wp-content\/uploads\/2025\/10\/Campo-Yerbas-Buenas-Fresia.webp\" \/>\n\t<meta property=\"og:image:width\" content=\"800\" \/>\n\t<meta property=\"og:image:height\" content=\"600\" \/>\n\t<meta property=\"og:image:type\" content=\"image\/webp\" \/>\n<meta name=\"twitter:card\" content=\"summary_large_image\" \/>\n<meta name=\"twitter:label1\" content=\"Price\" \/>\n\t<meta name=\"twitter:data1\" content=\"USD445.700,00\" \/>\n\t<meta name=\"twitter:label2\" content=\"Availability\" \/>\n\t<meta name=\"twitter:data2\" content=\"In stock\" \/>\n<script type=\"application\/ld+json\" class=\"yoast-schema-graph\">{\"@context\":\"https:\\\/\\\/schema.org\",\"@graph\":[{\"@type\":\"WebPage\",\"@id\":\"https:\\\/\\\/produncan.cl\\\/de\\\/produkt\\\/feld-in-los-muermos-yerbas-buena-region-los-lagos\\\/\",\"url\":\"https:\\\/\\\/produncan.cl\\\/de\\\/produkt\\\/feld-in-los-muermos-yerbas-buena-region-los-lagos\\\/\",\"name\":\"Feld in Los Muermos, Yerbas Buena - Region Los Lagos - Produncan\",\"isPartOf\":{\"@id\":\"https:\\\/\\\/produncan.cl\\\/de\\\/#website\"},\"primaryImageOfPage\":{\"@id\":\"https:\\\/\\\/produncan.cl\\\/de\\\/produkt\\\/feld-in-los-muermos-yerbas-buena-region-los-lagos\\\/#primaryimage\"},\"image\":{\"@id\":\"https:\\\/\\\/produncan.cl\\\/de\\\/produkt\\\/feld-in-los-muermos-yerbas-buena-region-los-lagos\\\/#primaryimage\"},\"thumbnailUrl\":\"https:\\\/\\\/produncan.cl\\\/wp-content\\\/uploads\\\/2025\\\/10\\\/Campo-Yerbas-Buenas-Fresia.webp\",\"datePublished\":\"2025-10-08T15:40:03+00:00\",\"dateModified\":\"2025-10-17T13:09:07+00:00\",\"description\":\"Campen in Los Muermos de 41 ha, mit Haus, Gallon, Keller und Holzwerk. Strom, Seitenwasser, 5 Hektar Wiesen und 10 reifen einheimischen Wald.\",\"breadcrumb\":{\"@id\":\"https:\\\/\\\/produncan.cl\\\/de\\\/produkt\\\/feld-in-los-muermos-yerbas-buena-region-los-lagos\\\/#breadcrumb\"},\"inLanguage\":\"de-DE\",\"potentialAction\":[{\"@type\":\"ReadAction\",\"target\":[\"https:\\\/\\\/produncan.cl\\\/de\\\/produkt\\\/feld-in-los-muermos-yerbas-buena-region-los-lagos\\\/\"]}]},{\"@type\":\"ImageObject\",\"inLanguage\":\"de-DE\",\"@id\":\"https:\\\/\\\/produncan.cl\\\/de\\\/produkt\\\/feld-in-los-muermos-yerbas-buena-region-los-lagos\\\/#primaryimage\",\"url\":\"https:\\\/\\\/produncan.cl\\\/wp-content\\\/uploads\\\/2025\\\/10\\\/Campo-Yerbas-Buenas-Fresia.webp\",\"contentUrl\":\"https:\\\/\\\/produncan.cl\\\/wp-content\\\/uploads\\\/2025\\\/10\\\/Campo-Yerbas-Buenas-Fresia.webp\",\"width\":800,\"height\":600,\"caption\":\"Feld Yerbas gute Erdbeere\"},{\"@type\":\"BreadcrumbList\",\"@id\":\"https:\\\/\\\/produncan.cl\\\/de\\\/produkt\\\/feld-in-los-muermos-yerbas-buena-region-los-lagos\\\/#breadcrumb\",\"itemListElement\":[{\"@type\":\"ListItem\",\"position\":1,\"name\":\"Inicio\",\"item\":\"https:\\\/\\\/produncan.cl\\\/de\\\/\"},{\"@type\":\"ListItem\",\"position\":2,\"name\":\"Eigenschaften\",\"item\":\"https:\\\/\\\/produncan.cl\\\/propiedades\\\/\"},{\"@type\":\"ListItem\",\"position\":3,\"name\":\"Felder\",\"item\":\"https:\\\/\\\/produncan.cl\\\/de\\\/kategorie\\\/felder\\\/\"},{\"@type\":\"ListItem\",\"position\":4,\"name\":\"Feld in Los Muermos, Yerbas Buena &#8211; Region Los Lagos\"}]},{\"@type\":\"WebSite\",\"@id\":\"https:\\\/\\\/produncan.cl\\\/de\\\/#website\",\"url\":\"https:\\\/\\\/produncan.cl\\\/de\\\/\",\"name\":\"Produncan\",\"description\":\"Wir begleiten Sie bei Ihrem Lebensprojekt!\",\"publisher\":{\"@id\":\"https:\\\/\\\/produncan.cl\\\/de\\\/#organization\"},\"potentialAction\":[{\"@type\":\"SearchAction\",\"target\":{\"@type\":\"EntryPoint\",\"urlTemplate\":\"https:\\\/\\\/produncan.cl\\\/de\\\/?s={search_term_string}\"},\"query-input\":{\"@type\":\"PropertyValueSpecification\",\"valueRequired\":true,\"valueName\":\"search_term_string\"}}],\"inLanguage\":\"de-DE\"},{\"@type\":\"Organization\",\"@id\":\"https:\\\/\\\/produncan.cl\\\/de\\\/#organization\",\"name\":\"Produncan\",\"url\":\"https:\\\/\\\/produncan.cl\\\/de\\\/\",\"logo\":{\"@type\":\"ImageObject\",\"inLanguage\":\"de-DE\",\"@id\":\"https:\\\/\\\/produncan.cl\\\/de\\\/#\\\/schema\\\/logo\\\/image\\\/\",\"url\":\"https:\\\/\\\/produncan.cl\\\/wp-content\\\/uploads\\\/2021\\\/03\\\/LOGO.jpeg\",\"contentUrl\":\"https:\\\/\\\/produncan.cl\\\/wp-content\\\/uploads\\\/2021\\\/03\\\/LOGO.jpeg\",\"width\":1280,\"height\":903,\"caption\":\"Produncan\"},\"image\":{\"@id\":\"https:\\\/\\\/produncan.cl\\\/de\\\/#\\\/schema\\\/logo\\\/image\\\/\"},\"sameAs\":[\"https:\\\/\\\/web.facebook.com\\\/produncanland\",\"https:\\\/\\\/www.instagram.com\\\/pro_duncan\\\/\",\"https:\\\/\\\/www.linkedin.com\\\/company\\\/produncan-lands\\\/\",\"https:\\\/\\\/www.youtube.com\\\/channel\\\/UCu7N-f3x0svkazD-Eew1-QQ\"],\"description\":\"En Produncan somos especialistas en la venta de terrenos en el sur de Chile. Proveemos estancias, campos, parcelas y hoteles.\",\"email\":\"info@produncan.cl\"}]}<\/script>\n<meta property=\"og:video\" content=\"https:\/\/www.youtube.com\/embed\/GUDVKABB9v8\" \/>\n<meta property=\"og:video:type\" content=\"text\/html\" \/>\n<meta property=\"og:video:duration\" content=\"85\" \/>\n<meta property=\"og:video:width\" content=\"480\" \/>\n<meta property=\"og:video:height\" content=\"270\" \/>\n<meta property=\"ya:ovs:adult\" content=\"false\" \/>\n<meta property=\"ya:ovs:upload_date\" content=\"2025-10-08T15:40:03+00:00\" \/>\n<meta property=\"ya:ovs:allow_embed\" content=\"true\" \/>\n<meta property=\"product:price:amount\" content=\"445700.00\" \/>\n<meta property=\"product:price:currency\" content=\"USD\" \/>\n<meta property=\"og:availability\" content=\"instock\" \/>\n<meta property=\"product:availability\" content=\"instock\" \/>\n<meta property=\"product:condition\" content=\"new\" \/>\n<!-- \/ Yoast SEO Premium plugin. -->","yoast_head_json":{"title":"Feld in Los Muermos, Yerbas Buena - Region Los Lagos - Produncan","description":"Campen in Los Muermos de 41 ha, mit Haus, Gallon, Keller und Holzwerk. Strom, Seitenwasser, 5 Hektar Wiesen und 10 reifen einheimischen Wald.","robots":{"index":"index","follow":"follow","max-snippet":"max-snippet:-1","max-image-preview":"max-image-preview:large","max-video-preview":"max-video-preview:-1"},"canonical":"https:\/\/produncan.cl\/de\/produkt\/feld-in-los-muermos-yerbas-buena-region-los-lagos\/","og_locale":"de_DE","og_type":"article","og_title":"Feld in Los Muermos, Yerbas Buena - Region Los Lagos","og_description":"Campen in Los Muermos de 41 ha, mit Haus, Gallon, Keller und Holzwerk. Strom, Seitenwasser, 5 Hektar Wiesen und 10 reifen einheimischen Wald.","og_url":"https:\/\/produncan.cl\/de\/produkt\/feld-in-los-muermos-yerbas-buena-region-los-lagos\/","og_site_name":"Produncan","article_publisher":"https:\/\/web.facebook.com\/produncanland","article_modified_time":"2025-10-17T13:09:07+00:00","og_image":[{"width":800,"height":600,"url":"https:\/\/produncan.cl\/wp-content\/uploads\/2025\/10\/Campo-Yerbas-Buenas-Fresia.webp","type":"image\/webp"}],"twitter_card":"summary_large_image","twitter_misc":{"Price":"USD445.700,00","Availability":"In stock"},"schema":{"@context":"https:\/\/schema.org","@graph":[{"@type":"WebPage","@id":"https:\/\/produncan.cl\/de\/produkt\/feld-in-los-muermos-yerbas-buena-region-los-lagos\/","url":"https:\/\/produncan.cl\/de\/produkt\/feld-in-los-muermos-yerbas-buena-region-los-lagos\/","name":"Feld in Los Muermos, Yerbas Buena - Region Los Lagos - Produncan","isPartOf":{"@id":"https:\/\/produncan.cl\/de\/#website"},"primaryImageOfPage":{"@id":"https:\/\/produncan.cl\/de\/produkt\/feld-in-los-muermos-yerbas-buena-region-los-lagos\/#primaryimage"},"image":{"@id":"https:\/\/produncan.cl\/de\/produkt\/feld-in-los-muermos-yerbas-buena-region-los-lagos\/#primaryimage"},"thumbnailUrl":"https:\/\/produncan.cl\/wp-content\/uploads\/2025\/10\/Campo-Yerbas-Buenas-Fresia.webp","datePublished":"2025-10-08T15:40:03+00:00","dateModified":"2025-10-17T13:09:07+00:00","description":"Campen in Los Muermos de 41 ha, mit Haus, Gallon, Keller und Holzwerk. Strom, Seitenwasser, 5 Hektar Wiesen und 10 reifen einheimischen Wald.","breadcrumb":{"@id":"https:\/\/produncan.cl\/de\/produkt\/feld-in-los-muermos-yerbas-buena-region-los-lagos\/#breadcrumb"},"inLanguage":"de-DE","potentialAction":[{"@type":"ReadAction","target":["https:\/\/produncan.cl\/de\/produkt\/feld-in-los-muermos-yerbas-buena-region-los-lagos\/"]}]},{"@type":"ImageObject","inLanguage":"de-DE","@id":"https:\/\/produncan.cl\/de\/produkt\/feld-in-los-muermos-yerbas-buena-region-los-lagos\/#primaryimage","url":"https:\/\/produncan.cl\/wp-content\/uploads\/2025\/10\/Campo-Yerbas-Buenas-Fresia.webp","contentUrl":"https:\/\/produncan.cl\/wp-content\/uploads\/2025\/10\/Campo-Yerbas-Buenas-Fresia.webp","width":800,"height":600,"caption":"Feld Yerbas gute Erdbeere"},{"@type":"BreadcrumbList","@id":"https:\/\/produncan.cl\/de\/produkt\/feld-in-los-muermos-yerbas-buena-region-los-lagos\/#breadcrumb","itemListElement":[{"@type":"ListItem","position":1,"name":"Inicio","item":"https:\/\/produncan.cl\/de\/"},{"@type":"ListItem","position":2,"name":"Eigenschaften","item":"https:\/\/produncan.cl\/propiedades\/"},{"@type":"ListItem","position":3,"name":"Felder","item":"https:\/\/produncan.cl\/de\/kategorie\/felder\/"},{"@type":"ListItem","position":4,"name":"Feld in Los Muermos, Yerbas Buena &#8211; Region Los Lagos"}]},{"@type":"WebSite","@id":"https:\/\/produncan.cl\/de\/#website","url":"https:\/\/produncan.cl\/de\/","name":"Produncan","description":"Wir begleiten Sie bei Ihrem Lebensprojekt!","publisher":{"@id":"https:\/\/produncan.cl\/de\/#organization"},"potentialAction":[{"@type":"SearchAction","target":{"@type":"EntryPoint","urlTemplate":"https:\/\/produncan.cl\/de\/?s={search_term_string}"},"query-input":{"@type":"PropertyValueSpecification","valueRequired":true,"valueName":"search_term_string"}}],"inLanguage":"de-DE"},{"@type":"Organization","@id":"https:\/\/produncan.cl\/de\/#organization","name":"Produncan","url":"https:\/\/produncan.cl\/de\/","logo":{"@type":"ImageObject","inLanguage":"de-DE","@id":"https:\/\/produncan.cl\/de\/#\/schema\/logo\/image\/","url":"https:\/\/produncan.cl\/wp-content\/uploads\/2021\/03\/LOGO.jpeg","contentUrl":"https:\/\/produncan.cl\/wp-content\/uploads\/2021\/03\/LOGO.jpeg","width":1280,"height":903,"caption":"Produncan"},"image":{"@id":"https:\/\/produncan.cl\/de\/#\/schema\/logo\/image\/"},"sameAs":["https:\/\/web.facebook.com\/produncanland","https:\/\/www.instagram.com\/pro_duncan\/","https:\/\/www.linkedin.com\/company\/produncan-lands\/","https:\/\/www.youtube.com\/channel\/UCu7N-f3x0svkazD-Eew1-QQ"],"description":"En Produncan somos especialistas en la venta de terrenos en el sur de Chile. Proveemos estancias, campos, parcelas y hoteles.","email":"info@produncan.cl"}]},"og_video":"https:\/\/www.youtube.com\/embed\/GUDVKABB9v8","og_video_type":"text\/html","og_video_duration":"85","og_video_width":"480","og_video_height":"270","ya_ovs_adult":"false","ya_ovs_upload_date":"2025-10-08T15:40:03+00:00","ya_ovs_allow_embed":"true","product_price_amount":"445700.00","product_price_currency":"USD","og_availability":"instock","product_availability":"instock","product_condition":"new"},"_links":{"self":[{"href":"https:\/\/produncan.cl\/de\/wp-json\/wp\/v2\/product\/51369","targetHints":{"allow":["GET"]}}],"collection":[{"href":"https:\/\/produncan.cl\/de\/wp-json\/wp\/v2\/product"}],"about":[{"href":"https:\/\/produncan.cl\/de\/wp-json\/wp\/v2\/types\/product"}],"version-history":[{"count":1,"href":"https:\/\/produncan.cl\/de\/wp-json\/wp\/v2\/product\/51369\/revisions"}],"predecessor-version":[{"id":51383,"href":"https:\/\/produncan.cl\/de\/wp-json\/wp\/v2\/product\/51369\/revisions\/51383"}],"wp:featuredmedia":[{"embeddable":true,"href":"https:\/\/produncan.cl\/de\/wp-json\/wp\/v2\/media\/51370"}],"wp:attachment":[{"href":"https:\/\/produncan.cl\/de\/wp-json\/wp\/v2\/media?parent=51369"}],"wp:term":[{"taxonomy":"product_brand","embeddable":true,"href":"https:\/\/produncan.cl\/de\/wp-json\/wp\/v2\/product_brand?post=51369"},{"taxonomy":"product_cat","embeddable":true,"href":"https:\/\/produncan.cl\/de\/wp-json\/wp\/v2\/product_cat?post=51369"},{"taxonomy":"product_tag","embeddable":true,"href":"https:\/\/produncan.cl\/de\/wp-json\/wp\/v2\/product_tag?post=51369"},{"taxonomy":"regiones","embeddable":true,"href":"https:\/\/produncan.cl\/de\/wp-json\/wp\/v2\/regiones?post=51369"},{"taxonomy":"ciudades","embeddable":true,"href":"https:\/\/produncan.cl\/de\/wp-json\/wp\/v2\/ciudades?post=51369"}],"curies":[{"name":"wp","href":"https:\/\/api.w.org\/{rel}","templated":true}]}}