{"id":51544,"date":"2025-10-28T17:55:54","date_gmt":"2025-10-28T20:55:54","guid":{"rendered":"https:\/\/produncan.cl\/propiedad\/land-mit-haus-in-caleta-estakilla-los-muermos-region-los-lagos\/"},"modified":"2025-12-05T13:42:21","modified_gmt":"2025-12-05T16:42:21","slug":"land-mit-haus-in-caleta-estakilla-los-muermos-region-los-lagos","status":"publish","type":"product","link":"https:\/\/produncan.cl\/de\/produkt\/land-mit-haus-in-caleta-estakilla-los-muermos-region-los-lagos\/","title":{"rendered":"Land mit Haus in Caleta Estakilla &#8211; Los Muermos, Region Los Lagos"},"content":{"rendered":"\t\t<div data-elementor-type=\"product-post\" data-elementor-id=\"51544\" class=\"elementor elementor-51544 elementor-51422\" data-elementor-post-type=\"product\">\n\t\t\t\t<div class=\"elementor-element elementor-element-2e6c297 e-flex e-con-boxed e-con e-parent\" data-id=\"2e6c297\" data-element_type=\"container\" data-e-type=\"container\" data-settings=\"{&quot;jet_parallax_layout_list&quot;:[]}\">\n\t\t\t\t\t<div class=\"e-con-inner\">\n\t\t\t\t<div class=\"elementor-element elementor-element-ebd359e elementor-widget elementor-widget-heading\" data-id=\"ebd359e\" data-element_type=\"widget\" data-e-type=\"widget\" data-widget_type=\"heading.default\">\n\t\t\t\t\t<h2 class=\"elementor-heading-title elementor-size-default\">Grundst\u00fcck von 5,75 Hektar mit Haus, Gallone, Guatero und Gew\u00e4chshaus, bereit f\u00fcr Ihr Leben Projekt!<\/h2>\t\t\t\t<\/div>\n\t\t\t\t\t<\/div>\n\t\t\t\t<\/div>\n\t\t<div class=\"elementor-element elementor-element-b110376 e-flex e-con-boxed e-con e-parent\" data-id=\"b110376\" data-element_type=\"container\" data-e-type=\"container\" data-settings=\"{&quot;jet_parallax_layout_list&quot;:[]}\">\n\t\t\t\t\t<div class=\"e-con-inner\">\n\t\t\t\t<div class=\"elementor-element elementor-element-c0483a6 elementor-widget elementor-widget-text-editor\" data-id=\"c0483a6\" data-element_type=\"widget\" data-e-type=\"widget\" data-widget_type=\"text-editor.default\">\n\t\t\t\t\t\t\t\t\t<p>Das Hotel liegt in l\u00e4ndlicher Umgebung von Caleta <span style=\"color: #c74040;\"><a href=\"https:\/\/produncan.cl\/ciudades\/estaquilla\/\" rel=\"noopener\" style=\"color: #c74040;\" target=\"_blank\"><strong>Steak<\/strong><\/a><\/span>, Gemeinde von Los Muermos, Region von Los Lagos, dieses Gebiet von <strong>5.75 Hektar<\/strong> bietet eine ausgezeichnete Gelegenheit f\u00fcr diejenigen, die in eine nat\u00fcrliche Umgebung leben oder investieren wollen, mit Infrastruktur bereits implementiert, Haus mit kommunalem Empfang und gro\u00dfes produktives Potenzial auf Familienebene.<\/p><p>Die Immobilie z\u00e4hlt <strong>Rolle<\/strong>, Verwendung von landwirtschaftlichen B\u00f6den und regelm\u00e4\u00dfige Topographie mit weichen Lomagen und flachen Sektor, wo die Geb\u00e4ude befinden. Die Immobilie ist mit der <strong>CRELL elektrisches Netz<\/strong>, hat ein System von <strong>Unterst\u00fctzung f\u00fcr Generator<\/strong> und Wasserversorgung durch <strong>APR-Netz<\/strong>zus\u00e4tzlich zu a <strong>3 Meter tiefe Zementlinie<\/strong> mit einem sicheren Haus.<\/p><p>Unter den Bauten sind:<\/p><ul><li><strong>Haupthaus von 126 m 2<\/strong>2021 gebaut, mit 3 Schlafzimmern, 1 Badezimmer, Holzheizung durch langsame Verbrennung, offene K\u00fcche, Terrasse und native Holzbeschichtung.<\/li><li><strong>Galpon von 170 m 2<\/strong>die auch als \u00fcberdachter Parkplatz genutzt werden kann.<\/li><li><strong>Weingut von 35 m 2<\/strong> f\u00fcr Werkzeuge.<\/li><li><strong>Aluminium Invernadero von 54 m 2<\/strong>, in Polycarbonat gebaut, ausgestattet mit 100 m 3 Wasserspeicher und <strong>automatische Bew\u00e4sserungsanlage<\/strong>.<br\/><br\/><\/li><\/ul><p>Dieses Feld in Estakilla hat Perimeter Schlie\u00dfung in fast alle seine Erweiterung, mit <strong>Metalltor am Hauptzugang<\/strong>, und es entspricht <strong>natur matt<\/strong> die das Feld \u00fcberquert, was sowohl \u00f6kologischen Wert als auch erg\u00e4nzende M\u00f6glichkeiten bietet.<\/p><p>Die Solarausstellung ist tags\u00fcber ausgezeichnet und auf dem Grundst\u00fcck sind Arten wie Coigues, Morgen und Live-Z\u00e4une von Pittosporum. Die lokale Fauna umfasst V\u00f6gel wie z.B. Chucaos, Zorzales, Rayaditos, Tiuques und S\u00e4ugetiere wie den chilenischen Fuchs.<\/p><p>Ein Solo <strong>500 Meter vom Pflaster<\/strong>, der Zugang ist meistens durch Asphaltstra\u00dfe und die Endstrecke ist eine sehr gute kreuzige Stra\u00dfe. Das Feld befindet sich 40 Minuten von Los Muermos und ungef\u00e4hr <strong>1 Stunde und 15 Minuten vom Flughafen El Tepual<\/strong> in Puerto Montt.<\/p><p>In seiner Umgebung sind die wichtigsten K\u00fcstenattraktionen der Gegend: <strong>Strand Stakilla<\/strong>, <strong>Huar-Huar D\u00fcnen<\/strong>, <strong>Puerto Godoy<\/strong>, <strong>Niedrig<\/strong> und <strong>Carelmapu<\/strong>, zus\u00e4tzlich zu Optionen f\u00fcr Aktivit\u00e4ten wie Angeln, Kajak, Bootsfahrten und Meeresfauna Beobachtung, einschlie\u00dflich <strong>Humboldt-Pinguine<\/strong>, Meeresw\u00f6lfe, Delfine und sogar Wale in der Saison. Es liegt auch in der N\u00e4he des versunkenen Waldes des Flusses Maullin, mit seinem einzigartigen \u00d6kosystem.<\/p><p><strong>Das Haus hat den kommunalen Empfang genehmigt, so dass der Antrag auf Hypothekenkredit und das Eigentum ist frei von Beitr\u00e4gen.<\/strong><\/p><p>Ein Anwesen, das strategische Lage, Natur, Produktion und Ruhe kombiniert, in einem der unber\u00fchrtesten Gegenden der S\u00fcdk\u00fcste Chiles.<\/p><p>Kontaktieren Sie uns und kennen Sie Ihr neues Lebensprojekt!<\/p>\t\t\t\t\t\t\t\t<\/div>\n\t\t\t\t\t<\/div>\n\t\t\t\t<\/div>\n\t\t\t\t<\/div>\n\t\t","protected":false},"excerpt":{"rendered":"<p>Feld in Estakilla, Los Muermos. Es hat Haus mit kommunalem Empfang, Gew\u00e4chshaus mit Bew\u00e4sserungssystem, Gallone und Weingut. Es hat elektrisches Licht, APR Wasser und sein eigenes. Keine Beitr\u00e4ge und guter Zugang.<\/p>\n","protected":false},"featured_media":51545,"template":"","meta":{"_acf_changed":false},"product_brand":[],"product_cat":[104],"product_tag":[235,232],"regiones":[226],"ciudades":[245,216],"class_list":{"0":"post-51544","1":"product","2":"type-product","3":"status-publish","4":"has-post-thumbnail","6":"product_cat-ohiggins-los-lagos","7":"product_tag-felder","8":"product_tag-grundstuecke","9":"regiones-nuble-los_lagos","10":"ciudades-estaquilla","11":"ciudades-los-muermos","13":"first","14":"instock","15":"shipping-taxable","16":"purchasable","17":"product-type-simple"},"acf":[],"yoast_head":"<!-- This site is optimized with the Yoast SEO Premium plugin v26.0 (Yoast SEO v27.3) - https:\/\/yoast.com\/product\/yoast-seo-premium-wordpress\/ -->\n<title>Land mit Haus in Estakilla - Los Muermos - Produncan<\/title>\n<meta name=\"description\" content=\"ChatGPT sagte: Feld in Estakilla, Los Muermos, von 5,75 ha mit Haus empfangen, Gallone, Weingut, Gew\u00e4chshaus mit Bew\u00e4sserung, Licht, APR, Noria und ausgezeichneten Zugang.\" \/>\n<meta name=\"robots\" content=\"index, follow, max-snippet:-1, max-image-preview:large, max-video-preview:-1\" \/>\n<link rel=\"canonical\" href=\"https:\/\/produncan.cl\/de\/produkt\/land-mit-haus-in-caleta-estakilla-los-muermos-region-los-lagos\/\" \/>\n<meta property=\"og:locale\" content=\"de_DE\" \/>\n<meta property=\"og:type\" content=\"article\" \/>\n<meta property=\"og:title\" content=\"Land mit Haus in Caleta Estakilla - Los Muermos, Region Los Lagos\" \/>\n<meta property=\"og:description\" content=\"Feld in Estakilla, Los Muermos. Es hat Haus mit kommunalem Empfang, Gew\u00e4chshaus mit Bew\u00e4sserungssystem, Gallone und Weingut. Es hat elektrisches Licht, APR Wasser und sein eigenes. Keine Beitr\u00e4ge und guter Zugang.\" \/>\n<meta property=\"og:url\" content=\"https:\/\/produncan.cl\/de\/produkt\/land-mit-haus-in-caleta-estakilla-los-muermos-region-los-lagos\/\" \/>\n<meta property=\"og:site_name\" content=\"Produncan\" \/>\n<meta property=\"article:publisher\" content=\"https:\/\/web.facebook.com\/produncanland\" \/>\n<meta property=\"article:modified_time\" content=\"2025-12-05T16:42:21+00:00\" \/>\n<meta property=\"og:image\" content=\"https:\/\/produncan.cl\/wp-content\/uploads\/2025\/10\/Campito-Estaquilla-Alto-Los-Muermos.webp\" \/>\n<meta name=\"twitter:card\" content=\"summary_large_image\" \/>\n<meta name=\"twitter:label1\" content=\"Price\" \/>\n\t<meta name=\"twitter:data1\" content=\"USD195.700,00\" \/>\n\t<meta name=\"twitter:label2\" content=\"Availability\" \/>\n\t<meta name=\"twitter:data2\" content=\"In stock\" \/>\n<script type=\"application\/ld+json\" class=\"yoast-schema-graph\">{\"@context\":\"https:\\\/\\\/schema.org\",\"@graph\":[{\"@type\":\"WebPage\",\"@id\":\"https:\\\/\\\/produncan.cl\\\/de\\\/produkt\\\/land-mit-haus-in-caleta-estakilla-los-muermos-region-los-lagos\\\/\",\"url\":\"https:\\\/\\\/produncan.cl\\\/de\\\/produkt\\\/land-mit-haus-in-caleta-estakilla-los-muermos-region-los-lagos\\\/\",\"name\":\"Land mit Haus in Estakilla - Los Muermos - Produncan\",\"isPartOf\":{\"@id\":\"https:\\\/\\\/produncan.cl\\\/de\\\/#website\"},\"primaryImageOfPage\":{\"@id\":\"https:\\\/\\\/produncan.cl\\\/de\\\/produkt\\\/land-mit-haus-in-caleta-estakilla-los-muermos-region-los-lagos\\\/#primaryimage\"},\"image\":{\"@id\":\"https:\\\/\\\/produncan.cl\\\/de\\\/produkt\\\/land-mit-haus-in-caleta-estakilla-los-muermos-region-los-lagos\\\/#primaryimage\"},\"thumbnailUrl\":\"https:\\\/\\\/produncan.cl\\\/wp-content\\\/uploads\\\/2025\\\/10\\\/Campito-Estaquilla-Alto-Los-Muermos.webp\",\"datePublished\":\"2025-10-28T20:55:54+00:00\",\"dateModified\":\"2025-12-05T16:42:21+00:00\",\"description\":\"ChatGPT sagte: Feld in Estakilla, Los Muermos, von 5,75 ha mit Haus empfangen, Gallone, Weingut, Gew\u00e4chshaus mit Bew\u00e4sserung, Licht, APR, Noria und ausgezeichneten Zugang.\",\"breadcrumb\":{\"@id\":\"https:\\\/\\\/produncan.cl\\\/de\\\/produkt\\\/land-mit-haus-in-caleta-estakilla-los-muermos-region-los-lagos\\\/#breadcrumb\"},\"inLanguage\":\"de-DE\",\"potentialAction\":[{\"@type\":\"ReadAction\",\"target\":[\"https:\\\/\\\/produncan.cl\\\/de\\\/produkt\\\/land-mit-haus-in-caleta-estakilla-los-muermos-region-los-lagos\\\/\"]}]},{\"@type\":\"ImageObject\",\"inLanguage\":\"de-DE\",\"@id\":\"https:\\\/\\\/produncan.cl\\\/de\\\/produkt\\\/land-mit-haus-in-caleta-estakilla-los-muermos-region-los-lagos\\\/#primaryimage\",\"url\":\"https:\\\/\\\/produncan.cl\\\/wp-content\\\/uploads\\\/2025\\\/10\\\/Campito-Estaquilla-Alto-Los-Muermos.webp\",\"contentUrl\":\"https:\\\/\\\/produncan.cl\\\/wp-content\\\/uploads\\\/2025\\\/10\\\/Campito-Estaquilla-Alto-Los-Muermos.webp\",\"width\":800,\"height\":600,\"caption\":\"Campito Estakilla Alto Los Muermos\"},{\"@type\":\"BreadcrumbList\",\"@id\":\"https:\\\/\\\/produncan.cl\\\/de\\\/produkt\\\/land-mit-haus-in-caleta-estakilla-los-muermos-region-los-lagos\\\/#breadcrumb\",\"itemListElement\":[{\"@type\":\"ListItem\",\"position\":1,\"name\":\"Inicio\",\"item\":\"https:\\\/\\\/produncan.cl\\\/de\\\/\"},{\"@type\":\"ListItem\",\"position\":2,\"name\":\"Eigenschaften\",\"item\":\"https:\\\/\\\/produncan.cl\\\/propiedades\\\/\"},{\"@type\":\"ListItem\",\"position\":3,\"name\":\"Felder\",\"item\":\"https:\\\/\\\/produncan.cl\\\/de\\\/kategorie\\\/felder\\\/\"},{\"@type\":\"ListItem\",\"position\":4,\"name\":\"Land mit Haus in Caleta Estakilla &#8211; Los Muermos, Region Los Lagos\"}]},{\"@type\":\"WebSite\",\"@id\":\"https:\\\/\\\/produncan.cl\\\/de\\\/#website\",\"url\":\"https:\\\/\\\/produncan.cl\\\/de\\\/\",\"name\":\"Produncan\",\"description\":\"Wir begleiten Sie bei Ihrem Lebensprojekt!\",\"publisher\":{\"@id\":\"https:\\\/\\\/produncan.cl\\\/de\\\/#organization\"},\"potentialAction\":[{\"@type\":\"SearchAction\",\"target\":{\"@type\":\"EntryPoint\",\"urlTemplate\":\"https:\\\/\\\/produncan.cl\\\/de\\\/?s={search_term_string}\"},\"query-input\":{\"@type\":\"PropertyValueSpecification\",\"valueRequired\":true,\"valueName\":\"search_term_string\"}}],\"inLanguage\":\"de-DE\"},{\"@type\":\"Organization\",\"@id\":\"https:\\\/\\\/produncan.cl\\\/de\\\/#organization\",\"name\":\"Produncan\",\"url\":\"https:\\\/\\\/produncan.cl\\\/de\\\/\",\"logo\":{\"@type\":\"ImageObject\",\"inLanguage\":\"de-DE\",\"@id\":\"https:\\\/\\\/produncan.cl\\\/de\\\/#\\\/schema\\\/logo\\\/image\\\/\",\"url\":\"https:\\\/\\\/produncan.cl\\\/wp-content\\\/uploads\\\/2021\\\/03\\\/LOGO.jpeg\",\"contentUrl\":\"https:\\\/\\\/produncan.cl\\\/wp-content\\\/uploads\\\/2021\\\/03\\\/LOGO.jpeg\",\"width\":1280,\"height\":903,\"caption\":\"Produncan\"},\"image\":{\"@id\":\"https:\\\/\\\/produncan.cl\\\/de\\\/#\\\/schema\\\/logo\\\/image\\\/\"},\"sameAs\":[\"https:\\\/\\\/web.facebook.com\\\/produncanland\",\"https:\\\/\\\/www.instagram.com\\\/pro_duncan\\\/\",\"https:\\\/\\\/www.linkedin.com\\\/company\\\/produncan-lands\\\/\",\"https:\\\/\\\/www.youtube.com\\\/channel\\\/UCu7N-f3x0svkazD-Eew1-QQ\"],\"description\":\"En Produncan somos especialistas en la venta de terrenos en el sur de Chile. Proveemos estancias, campos, parcelas y hoteles.\",\"email\":\"info@produncan.cl\"}]}<\/script>\n<meta property=\"og:video\" content=\"https:\/\/www.youtube.com\/embed\/GCOWZlvx8Mc\" \/>\n<meta property=\"og:video:type\" content=\"text\/html\" \/>\n<meta property=\"og:video:duration\" content=\"82\" \/>\n<meta property=\"og:video:width\" content=\"480\" \/>\n<meta property=\"og:video:height\" content=\"270\" \/>\n<meta property=\"ya:ovs:adult\" content=\"false\" \/>\n<meta property=\"ya:ovs:upload_date\" content=\"2025-10-28T20:55:54+00:00\" \/>\n<meta property=\"ya:ovs:allow_embed\" content=\"true\" \/>\n<meta property=\"product:price:amount\" content=\"195700.00\" \/>\n<meta property=\"product:price:currency\" content=\"USD\" \/>\n<meta property=\"og:availability\" content=\"instock\" \/>\n<meta property=\"product:availability\" content=\"instock\" \/>\n<meta property=\"product:condition\" content=\"new\" \/>\n<!-- \/ Yoast SEO Premium plugin. -->","yoast_head_json":{"title":"Land mit Haus in Estakilla - Los Muermos - Produncan","description":"ChatGPT sagte: Feld in Estakilla, Los Muermos, von 5,75 ha mit Haus empfangen, Gallone, Weingut, Gew\u00e4chshaus mit Bew\u00e4sserung, Licht, APR, Noria und ausgezeichneten Zugang.","robots":{"index":"index","follow":"follow","max-snippet":"max-snippet:-1","max-image-preview":"max-image-preview:large","max-video-preview":"max-video-preview:-1"},"canonical":"https:\/\/produncan.cl\/de\/produkt\/land-mit-haus-in-caleta-estakilla-los-muermos-region-los-lagos\/","og_locale":"de_DE","og_type":"article","og_title":"Land mit Haus in Caleta Estakilla - Los Muermos, Region Los Lagos","og_description":"Feld in Estakilla, Los Muermos. Es hat Haus mit kommunalem Empfang, Gew\u00e4chshaus mit Bew\u00e4sserungssystem, Gallone und Weingut. Es hat elektrisches Licht, APR Wasser und sein eigenes. Keine Beitr\u00e4ge und guter Zugang.","og_url":"https:\/\/produncan.cl\/de\/produkt\/land-mit-haus-in-caleta-estakilla-los-muermos-region-los-lagos\/","og_site_name":"Produncan","article_publisher":"https:\/\/web.facebook.com\/produncanland","article_modified_time":"2025-12-05T16:42:21+00:00","og_image":[{"url":"https:\/\/produncan.cl\/wp-content\/uploads\/2025\/10\/Campito-Estaquilla-Alto-Los-Muermos.webp","type":"","width":"","height":""}],"twitter_card":"summary_large_image","twitter_misc":{"Price":"USD195.700,00","Availability":"In stock"},"schema":{"@context":"https:\/\/schema.org","@graph":[{"@type":"WebPage","@id":"https:\/\/produncan.cl\/de\/produkt\/land-mit-haus-in-caleta-estakilla-los-muermos-region-los-lagos\/","url":"https:\/\/produncan.cl\/de\/produkt\/land-mit-haus-in-caleta-estakilla-los-muermos-region-los-lagos\/","name":"Land mit Haus in Estakilla - Los Muermos - Produncan","isPartOf":{"@id":"https:\/\/produncan.cl\/de\/#website"},"primaryImageOfPage":{"@id":"https:\/\/produncan.cl\/de\/produkt\/land-mit-haus-in-caleta-estakilla-los-muermos-region-los-lagos\/#primaryimage"},"image":{"@id":"https:\/\/produncan.cl\/de\/produkt\/land-mit-haus-in-caleta-estakilla-los-muermos-region-los-lagos\/#primaryimage"},"thumbnailUrl":"https:\/\/produncan.cl\/wp-content\/uploads\/2025\/10\/Campito-Estaquilla-Alto-Los-Muermos.webp","datePublished":"2025-10-28T20:55:54+00:00","dateModified":"2025-12-05T16:42:21+00:00","description":"ChatGPT sagte: Feld in Estakilla, Los Muermos, von 5,75 ha mit Haus empfangen, Gallone, Weingut, Gew\u00e4chshaus mit Bew\u00e4sserung, Licht, APR, Noria und ausgezeichneten Zugang.","breadcrumb":{"@id":"https:\/\/produncan.cl\/de\/produkt\/land-mit-haus-in-caleta-estakilla-los-muermos-region-los-lagos\/#breadcrumb"},"inLanguage":"de-DE","potentialAction":[{"@type":"ReadAction","target":["https:\/\/produncan.cl\/de\/produkt\/land-mit-haus-in-caleta-estakilla-los-muermos-region-los-lagos\/"]}]},{"@type":"ImageObject","inLanguage":"de-DE","@id":"https:\/\/produncan.cl\/de\/produkt\/land-mit-haus-in-caleta-estakilla-los-muermos-region-los-lagos\/#primaryimage","url":"https:\/\/produncan.cl\/wp-content\/uploads\/2025\/10\/Campito-Estaquilla-Alto-Los-Muermos.webp","contentUrl":"https:\/\/produncan.cl\/wp-content\/uploads\/2025\/10\/Campito-Estaquilla-Alto-Los-Muermos.webp","width":800,"height":600,"caption":"Campito Estakilla Alto Los Muermos"},{"@type":"BreadcrumbList","@id":"https:\/\/produncan.cl\/de\/produkt\/land-mit-haus-in-caleta-estakilla-los-muermos-region-los-lagos\/#breadcrumb","itemListElement":[{"@type":"ListItem","position":1,"name":"Inicio","item":"https:\/\/produncan.cl\/de\/"},{"@type":"ListItem","position":2,"name":"Eigenschaften","item":"https:\/\/produncan.cl\/propiedades\/"},{"@type":"ListItem","position":3,"name":"Felder","item":"https:\/\/produncan.cl\/de\/kategorie\/felder\/"},{"@type":"ListItem","position":4,"name":"Land mit Haus in Caleta Estakilla &#8211; Los Muermos, Region Los Lagos"}]},{"@type":"WebSite","@id":"https:\/\/produncan.cl\/de\/#website","url":"https:\/\/produncan.cl\/de\/","name":"Produncan","description":"Wir begleiten Sie bei Ihrem Lebensprojekt!","publisher":{"@id":"https:\/\/produncan.cl\/de\/#organization"},"potentialAction":[{"@type":"SearchAction","target":{"@type":"EntryPoint","urlTemplate":"https:\/\/produncan.cl\/de\/?s={search_term_string}"},"query-input":{"@type":"PropertyValueSpecification","valueRequired":true,"valueName":"search_term_string"}}],"inLanguage":"de-DE"},{"@type":"Organization","@id":"https:\/\/produncan.cl\/de\/#organization","name":"Produncan","url":"https:\/\/produncan.cl\/de\/","logo":{"@type":"ImageObject","inLanguage":"de-DE","@id":"https:\/\/produncan.cl\/de\/#\/schema\/logo\/image\/","url":"https:\/\/produncan.cl\/wp-content\/uploads\/2021\/03\/LOGO.jpeg","contentUrl":"https:\/\/produncan.cl\/wp-content\/uploads\/2021\/03\/LOGO.jpeg","width":1280,"height":903,"caption":"Produncan"},"image":{"@id":"https:\/\/produncan.cl\/de\/#\/schema\/logo\/image\/"},"sameAs":["https:\/\/web.facebook.com\/produncanland","https:\/\/www.instagram.com\/pro_duncan\/","https:\/\/www.linkedin.com\/company\/produncan-lands\/","https:\/\/www.youtube.com\/channel\/UCu7N-f3x0svkazD-Eew1-QQ"],"description":"En Produncan somos especialistas en la venta de terrenos en el sur de Chile. Proveemos estancias, campos, parcelas y hoteles.","email":"info@produncan.cl"}]},"og_video":"https:\/\/www.youtube.com\/embed\/GCOWZlvx8Mc","og_video_type":"text\/html","og_video_duration":"82","og_video_width":"480","og_video_height":"270","ya_ovs_adult":"false","ya_ovs_upload_date":"2025-10-28T20:55:54+00:00","ya_ovs_allow_embed":"true","product_price_amount":"195700.00","product_price_currency":"USD","og_availability":"instock","product_availability":"instock","product_condition":"new"},"_links":{"self":[{"href":"https:\/\/produncan.cl\/de\/wp-json\/wp\/v2\/product\/51544","targetHints":{"allow":["GET"]}}],"collection":[{"href":"https:\/\/produncan.cl\/de\/wp-json\/wp\/v2\/product"}],"about":[{"href":"https:\/\/produncan.cl\/de\/wp-json\/wp\/v2\/types\/product"}],"version-history":[{"count":1,"href":"https:\/\/produncan.cl\/de\/wp-json\/wp\/v2\/product\/51544\/revisions"}],"predecessor-version":[{"id":51558,"href":"https:\/\/produncan.cl\/de\/wp-json\/wp\/v2\/product\/51544\/revisions\/51558"}],"wp:featuredmedia":[{"embeddable":true,"href":"https:\/\/produncan.cl\/de\/wp-json\/wp\/v2\/media\/51545"}],"wp:attachment":[{"href":"https:\/\/produncan.cl\/de\/wp-json\/wp\/v2\/media?parent=51544"}],"wp:term":[{"taxonomy":"product_brand","embeddable":true,"href":"https:\/\/produncan.cl\/de\/wp-json\/wp\/v2\/product_brand?post=51544"},{"taxonomy":"product_cat","embeddable":true,"href":"https:\/\/produncan.cl\/de\/wp-json\/wp\/v2\/product_cat?post=51544"},{"taxonomy":"product_tag","embeddable":true,"href":"https:\/\/produncan.cl\/de\/wp-json\/wp\/v2\/product_tag?post=51544"},{"taxonomy":"regiones","embeddable":true,"href":"https:\/\/produncan.cl\/de\/wp-json\/wp\/v2\/regiones?post=51544"},{"taxonomy":"ciudades","embeddable":true,"href":"https:\/\/produncan.cl\/de\/wp-json\/wp\/v2\/ciudades?post=51544"}],"curies":[{"name":"wp","href":"https:\/\/api.w.org\/{rel}","templated":true}]}}