{"id":51604,"date":"2025-10-17T16:26:06","date_gmt":"2025-10-17T19:26:06","guid":{"rendered":"https:\/\/produncan.cl\/propiedad\/standort-in-puerto-natales-canon-buena-tardes-magallanes-region\/"},"modified":"2025-11-05T11:58:45","modified_gmt":"2025-11-05T14:58:45","slug":"standort-in-puerto-natales-canon-buena-tardes-magallanes-region","status":"publish","type":"product","link":"https:\/\/produncan.cl\/de\/produkt\/standort-in-puerto-natales-canon-buena-tardes-magallanes-region\/","title":{"rendered":"Standort in Puerto Natales, Ca\u00f1\u00f3n Buena Tardes &#8211; Magallanes Region"},"content":{"rendered":"\t\t<div data-elementor-type=\"product-post\" data-elementor-id=\"51604\" class=\"elementor elementor-51604 elementor-51385\" data-elementor-post-type=\"product\">\n\t\t\t\t<div class=\"elementor-element elementor-element-c716b78 e-flex e-con-boxed e-con e-parent\" data-id=\"c716b78\" data-element_type=\"container\" data-e-type=\"container\" data-settings=\"{&quot;jet_parallax_layout_list&quot;:[]}\">\n\t\t\t\t\t<div class=\"e-con-inner\">\n\t\t\t\t<div class=\"elementor-element elementor-element-536c622 elementor-widget elementor-widget-heading\" data-id=\"536c622\" data-element_type=\"widget\" data-e-type=\"widget\" data-widget_type=\"heading.default\">\n\t\t\t\t\t<h2 class=\"elementor-heading-title elementor-size-default\">Ein strategischer Grund, in einem touristischen Stock zu wachsen<\/h2>\t\t\t\t<\/div>\n\t\t\t\t\t<\/div>\n\t\t\t\t<\/div>\n\t\t<div class=\"elementor-element elementor-element-0062226 e-flex e-con-boxed e-con e-parent\" data-id=\"0062226\" data-element_type=\"container\" data-e-type=\"container\" data-settings=\"{&quot;jet_parallax_layout_list&quot;:[]}\">\n\t\t\t\t\t<div class=\"e-con-inner\">\n\t\t\t\t<div class=\"elementor-element elementor-element-ef9ea1e elementor-widget elementor-widget-text-editor\" data-id=\"ef9ea1e\" data-element_type=\"widget\" data-e-type=\"widget\" data-widget_type=\"text-editor.default\">\n\t\t\t\t\t\t\t\t\t<p>Treffen Sie diese 2.5-Hectare Website im Sektor Cadec\u00f3n Buena Tardes, auf der Route 9 auf dem Weg nach Torres del Paine, in der Gemeinde <a href=\"https:\/\/produncan.cl\/de\/puerto-natales-wo-geschichte-natur-und-abenteuer-treffen\/\" rel=\"noopener\" target=\"_blank\"><strong><span style=\"color: #ff0000;\">Puerto Natales<\/span><\/strong><\/a>. Dieses Anwesen zeichnet sich durch seine strategische Lage in der Hauptstra\u00dfe aus, mit herrlichem Blick auf Fjords und Berge, nur wenige Minuten vom Stadtzentrum und direkt neben der Shell Station, die es au\u00dfergew\u00f6hnliche Sichtbarkeit und ein hochtouriges Fahrzeug und touristische Umgebung gibt. Das Land ist umgeben von einer M\u00fcndung, bietet eine attraktive nat\u00fcrliche Umgebung und eine typische Landschaft der s\u00fcdlichen Patagonien, wo die Stadtentwicklung mit der Sch\u00f6nheit der nat\u00fcrlichen Umgebung koexistiert.<\/p><p>Das Anwesen in der Branche Cadit\u00f3n Buena Tardes, Puerto Natales, hat eine Gesamtfl\u00e4che von 25.000 m 2 (2,5 Hektar) und hat direkten Zugang zu wesentlichen Dienstleistungen: dreiphasige und monofaske Strom, die durch die Strecke 9, Verbindung zu Trinkwassernetz und Erdgasleitung, bietet ungew\u00f6hnlich auf solchen Grundst\u00fccken in der Gegend. Das ganze Land war gef\u00fcllt und kompakt vor Jahren, so dass der Boden vollst\u00e4ndig abgesetzt ist, erm\u00f6glichen zuk\u00fcnftige Bauten ohne die Notwendigkeit, gro\u00dfe Stabilisierung oder zus\u00e4tzliche F\u00fcllung.<\/p><p>Nach dem gemeinschaftlichen Regulierungsplan wird dieses Gebiet Teil des st\u00e4dtischen Radios werden, so dass dieses Grundst\u00fcck eine gro\u00dfe Investition f\u00fcr Immobilien, kommerzielle oder gemischte Entwicklung. Sein Potenzial erm\u00f6glicht vielf\u00e4ltige Nutzungen: von der Unterteilung in Wohnimmobilien bis zur Installation von touristischen Projekten, Weing\u00fctern, Logistikzentren oder Dienstleistungen, die mit dem wachsenden Fluss zu Torres del Paine verbunden sind. Die Lage auf der Stra\u00dfe und neben einer Servicestation macht es auch ideal f\u00fcr kommerzielle oder touristische Initiativen, die hohe Belichtung und einfachen Zugang suchen.<\/p><p>Puerto Natales ist eine der am meisten wachsenden St\u00e4dte im S\u00fcden Chiles geworden, die durch den internationalen und nationalen Tourismus dank seiner N\u00e4he zum Torres del Paine Nationalpark, den Patagonischen Fjorden und dem Ende der Weltroute angetrieben wird. Dieser st\u00e4ndige Besucherstrom hat hohe Wohn- und Gewerbenachfrage erzeugt, so dass Land mit diesem Standort und Eigenschaften immer knapper und gesch\u00e4tzt wird.<\/p><p>Mit einem Referenzwert von 2,5 UF pro Quadratmeter stellt diese Website eine einzigartige Gelegenheit f\u00fcr vision\u00e4re Investoren dar, die einen Verm\u00f6genswert mit Potenzial f\u00fcr Mehrwert und Entwicklung in einem der vielversprechendsten Gebiete der chilenischen Patagonien sichern m\u00f6chten. Eine privilegierte Lage, mit bereiten Dienstleistungen, festem Gel\u00e4nde und st\u00e4dtischer Projektion, in einer Stadt, die weiterhin mit der Rate des Tourismus und neue Investitionen w\u00e4chst.<\/p><p>Kontaktieren Sie uns f\u00fcr weitere Informationen.<\/p>\t\t\t\t\t\t\t\t<\/div>\n\t\t\t\t\t<\/div>\n\t\t\t\t<\/div>\n\t\t\t\t<\/div>\n\t\t","protected":false},"excerpt":{"rendered":"<p>Lage in Puerto Natales ideal f\u00fcr Immobilienentwicklung. Auf der Strecke 9 gelegen, mit Anschluss an Gas, Strom, Trinkwasser und gutes Signal. Gelegen in der H\u00f6he mit Blick auf die Fjorden und Berge. Bald im st\u00e4dtischen Radio.<\/p>\n","protected":false},"featured_media":51605,"template":"","meta":{"_acf_changed":false},"product_brand":[],"product_cat":[116],"product_tag":[232,443,231],"regiones":[225],"ciudades":[210],"class_list":{"0":"post-51604","1":"product","2":"type-product","3":"status-publish","4":"has-post-thumbnail","6":"product_cat-aysen-magallanes-de","7":"product_tag-grundstuecke","8":"product_tag-stadtische-immobilien","9":"product_tag-touristische-immobilien","10":"regiones-aysen-magallanes","11":"ciudades-puerto-natales","13":"first","14":"instock","15":"shipping-taxable","16":"purchasable","17":"product-type-simple"},"acf":[],"yoast_head":"<!-- This site is optimized with the Yoast SEO Premium plugin v26.0 (Yoast SEO v27.3) - https:\/\/yoast.com\/product\/yoast-seo-premium-wordpress\/ -->\n<title>Standort in Puerto Natales - Cadec\u00f3n Buena Tardes - Produncan<\/title>\n<meta name=\"robots\" content=\"index, follow, max-snippet:-1, max-image-preview:large, max-video-preview:-1\" \/>\n<link rel=\"canonical\" href=\"https:\/\/produncan.cl\/de\/produkt\/standort-in-puerto-natales-canon-buena-tardes-magallanes-region\/\" \/>\n<meta property=\"og:locale\" content=\"de_DE\" \/>\n<meta property=\"og:type\" content=\"article\" \/>\n<meta property=\"og:title\" content=\"Standort in Puerto Natales, Ca\u00f1\u00f3n Buena Tardes - Magallanes Region\" \/>\n<meta property=\"og:description\" content=\"Lage in Puerto Natales ideal f\u00fcr Immobilienentwicklung. Auf der Strecke 9 gelegen, mit Anschluss an Gas, Strom, Trinkwasser und gutes Signal. Gelegen in der H\u00f6he mit Blick auf die Fjorden und Berge. Bald im st\u00e4dtischen Radio.\" \/>\n<meta property=\"og:url\" content=\"https:\/\/produncan.cl\/de\/produkt\/standort-in-puerto-natales-canon-buena-tardes-magallanes-region\/\" \/>\n<meta property=\"og:site_name\" content=\"Produncan\" \/>\n<meta property=\"article:publisher\" content=\"https:\/\/web.facebook.com\/produncanland\" \/>\n<meta property=\"article:modified_time\" content=\"2025-11-05T14:58:45+00:00\" \/>\n<meta property=\"og:image\" content=\"https:\/\/produncan.cl\/wp-content\/uploads\/2025\/10\/Sitio-Canadon-Buenas-Tardes.webp\" \/>\n\t<meta property=\"og:image:width\" content=\"800\" \/>\n\t<meta property=\"og:image:height\" content=\"600\" \/>\n\t<meta property=\"og:image:type\" content=\"image\/webp\" \/>\n<meta name=\"twitter:card\" content=\"summary_large_image\" \/>\n<meta name=\"twitter:label1\" content=\"Price\" \/>\n\t<meta name=\"twitter:data1\" content=\"USD2.695.800,00\" \/>\n\t<meta name=\"twitter:label2\" content=\"Availability\" \/>\n\t<meta name=\"twitter:data2\" content=\"In stock\" \/>\n<script type=\"application\/ld+json\" class=\"yoast-schema-graph\">{\"@context\":\"https:\\\/\\\/schema.org\",\"@graph\":[{\"@type\":\"WebPage\",\"@id\":\"https:\\\/\\\/produncan.cl\\\/de\\\/produkt\\\/standort-in-puerto-natales-canon-buena-tardes-magallanes-region\\\/\",\"url\":\"https:\\\/\\\/produncan.cl\\\/de\\\/produkt\\\/standort-in-puerto-natales-canon-buena-tardes-magallanes-region\\\/\",\"name\":\"Standort in Puerto Natales - Cadec\u00f3n Buena Tardes - Produncan\",\"isPartOf\":{\"@id\":\"https:\\\/\\\/produncan.cl\\\/de\\\/#website\"},\"primaryImageOfPage\":{\"@id\":\"https:\\\/\\\/produncan.cl\\\/de\\\/produkt\\\/standort-in-puerto-natales-canon-buena-tardes-magallanes-region\\\/#primaryimage\"},\"image\":{\"@id\":\"https:\\\/\\\/produncan.cl\\\/de\\\/produkt\\\/standort-in-puerto-natales-canon-buena-tardes-magallanes-region\\\/#primaryimage\"},\"thumbnailUrl\":\"https:\\\/\\\/produncan.cl\\\/wp-content\\\/uploads\\\/2025\\\/10\\\/Sitio-Canadon-Buenas-Tardes.webp\",\"datePublished\":\"2025-10-17T19:26:06+00:00\",\"dateModified\":\"2025-11-05T14:58:45+00:00\",\"breadcrumb\":{\"@id\":\"https:\\\/\\\/produncan.cl\\\/de\\\/produkt\\\/standort-in-puerto-natales-canon-buena-tardes-magallanes-region\\\/#breadcrumb\"},\"inLanguage\":\"de-DE\",\"potentialAction\":[{\"@type\":\"ReadAction\",\"target\":[\"https:\\\/\\\/produncan.cl\\\/de\\\/produkt\\\/standort-in-puerto-natales-canon-buena-tardes-magallanes-region\\\/\"]}]},{\"@type\":\"ImageObject\",\"inLanguage\":\"de-DE\",\"@id\":\"https:\\\/\\\/produncan.cl\\\/de\\\/produkt\\\/standort-in-puerto-natales-canon-buena-tardes-magallanes-region\\\/#primaryimage\",\"url\":\"https:\\\/\\\/produncan.cl\\\/wp-content\\\/uploads\\\/2025\\\/10\\\/Sitio-Canadon-Buenas-Tardes.webp\",\"contentUrl\":\"https:\\\/\\\/produncan.cl\\\/wp-content\\\/uploads\\\/2025\\\/10\\\/Sitio-Canadon-Buenas-Tardes.webp\",\"width\":800,\"height\":600,\"caption\":\"Crowdion Buena Tardes\"},{\"@type\":\"BreadcrumbList\",\"@id\":\"https:\\\/\\\/produncan.cl\\\/de\\\/produkt\\\/standort-in-puerto-natales-canon-buena-tardes-magallanes-region\\\/#breadcrumb\",\"itemListElement\":[{\"@type\":\"ListItem\",\"position\":1,\"name\":\"Inicio\",\"item\":\"https:\\\/\\\/produncan.cl\\\/de\\\/\"},{\"@type\":\"ListItem\",\"position\":2,\"name\":\"Eigenschaften\",\"item\":\"https:\\\/\\\/produncan.cl\\\/propiedades\\\/\"},{\"@type\":\"ListItem\",\"position\":3,\"name\":\"Grundst\u00fccke\",\"item\":\"https:\\\/\\\/produncan.cl\\\/de\\\/kategorie\\\/grundstuecke\\\/\"},{\"@type\":\"ListItem\",\"position\":4,\"name\":\"Standort in Puerto Natales, Ca\u00f1\u00f3n Buena Tardes &#8211; Magallanes Region\"}]},{\"@type\":\"WebSite\",\"@id\":\"https:\\\/\\\/produncan.cl\\\/de\\\/#website\",\"url\":\"https:\\\/\\\/produncan.cl\\\/de\\\/\",\"name\":\"Produncan\",\"description\":\"Wir begleiten Sie bei Ihrem Lebensprojekt!\",\"publisher\":{\"@id\":\"https:\\\/\\\/produncan.cl\\\/de\\\/#organization\"},\"potentialAction\":[{\"@type\":\"SearchAction\",\"target\":{\"@type\":\"EntryPoint\",\"urlTemplate\":\"https:\\\/\\\/produncan.cl\\\/de\\\/?s={search_term_string}\"},\"query-input\":{\"@type\":\"PropertyValueSpecification\",\"valueRequired\":true,\"valueName\":\"search_term_string\"}}],\"inLanguage\":\"de-DE\"},{\"@type\":\"Organization\",\"@id\":\"https:\\\/\\\/produncan.cl\\\/de\\\/#organization\",\"name\":\"Produncan\",\"url\":\"https:\\\/\\\/produncan.cl\\\/de\\\/\",\"logo\":{\"@type\":\"ImageObject\",\"inLanguage\":\"de-DE\",\"@id\":\"https:\\\/\\\/produncan.cl\\\/de\\\/#\\\/schema\\\/logo\\\/image\\\/\",\"url\":\"https:\\\/\\\/produncan.cl\\\/wp-content\\\/uploads\\\/2021\\\/03\\\/LOGO.jpeg\",\"contentUrl\":\"https:\\\/\\\/produncan.cl\\\/wp-content\\\/uploads\\\/2021\\\/03\\\/LOGO.jpeg\",\"width\":1280,\"height\":903,\"caption\":\"Produncan\"},\"image\":{\"@id\":\"https:\\\/\\\/produncan.cl\\\/de\\\/#\\\/schema\\\/logo\\\/image\\\/\"},\"sameAs\":[\"https:\\\/\\\/web.facebook.com\\\/produncanland\",\"https:\\\/\\\/www.instagram.com\\\/pro_duncan\\\/\",\"https:\\\/\\\/www.linkedin.com\\\/company\\\/produncan-lands\\\/\",\"https:\\\/\\\/www.youtube.com\\\/channel\\\/UCu7N-f3x0svkazD-Eew1-QQ\"],\"description\":\"En Produncan somos especialistas en la venta de terrenos en el sur de Chile. Proveemos estancias, campos, parcelas y hoteles.\",\"email\":\"info@produncan.cl\"}]}<\/script>\n<meta property=\"og:video\" content=\"https:\/\/www.youtube.com\/embed\/e5FhzNwMzEE\" \/>\n<meta property=\"og:video:type\" content=\"text\/html\" \/>\n<meta property=\"og:video:duration\" content=\"67\" \/>\n<meta property=\"og:video:width\" content=\"480\" \/>\n<meta property=\"og:video:height\" content=\"270\" \/>\n<meta property=\"ya:ovs:adult\" content=\"false\" \/>\n<meta property=\"ya:ovs:upload_date\" content=\"2025-10-17T19:26:06+00:00\" \/>\n<meta property=\"ya:ovs:allow_embed\" content=\"true\" \/>\n<meta property=\"product:price:amount\" content=\"2695800.00\" \/>\n<meta property=\"product:price:currency\" content=\"USD\" \/>\n<meta property=\"og:availability\" content=\"instock\" \/>\n<meta property=\"product:availability\" content=\"instock\" \/>\n<meta property=\"product:condition\" content=\"new\" \/>\n<!-- \/ Yoast SEO Premium plugin. -->","yoast_head_json":{"title":"Standort in Puerto Natales - Cadec\u00f3n Buena Tardes - Produncan","robots":{"index":"index","follow":"follow","max-snippet":"max-snippet:-1","max-image-preview":"max-image-preview:large","max-video-preview":"max-video-preview:-1"},"canonical":"https:\/\/produncan.cl\/de\/produkt\/standort-in-puerto-natales-canon-buena-tardes-magallanes-region\/","og_locale":"de_DE","og_type":"article","og_title":"Standort in Puerto Natales, Ca\u00f1\u00f3n Buena Tardes - Magallanes Region","og_description":"Lage in Puerto Natales ideal f\u00fcr Immobilienentwicklung. Auf der Strecke 9 gelegen, mit Anschluss an Gas, Strom, Trinkwasser und gutes Signal. Gelegen in der H\u00f6he mit Blick auf die Fjorden und Berge. Bald im st\u00e4dtischen Radio.","og_url":"https:\/\/produncan.cl\/de\/produkt\/standort-in-puerto-natales-canon-buena-tardes-magallanes-region\/","og_site_name":"Produncan","article_publisher":"https:\/\/web.facebook.com\/produncanland","article_modified_time":"2025-11-05T14:58:45+00:00","og_image":[{"width":800,"height":600,"url":"https:\/\/produncan.cl\/wp-content\/uploads\/2025\/10\/Sitio-Canadon-Buenas-Tardes.webp","type":"image\/webp"}],"twitter_card":"summary_large_image","twitter_misc":{"Price":"USD2.695.800,00","Availability":"In stock"},"schema":{"@context":"https:\/\/schema.org","@graph":[{"@type":"WebPage","@id":"https:\/\/produncan.cl\/de\/produkt\/standort-in-puerto-natales-canon-buena-tardes-magallanes-region\/","url":"https:\/\/produncan.cl\/de\/produkt\/standort-in-puerto-natales-canon-buena-tardes-magallanes-region\/","name":"Standort in Puerto Natales - Cadec\u00f3n Buena Tardes - Produncan","isPartOf":{"@id":"https:\/\/produncan.cl\/de\/#website"},"primaryImageOfPage":{"@id":"https:\/\/produncan.cl\/de\/produkt\/standort-in-puerto-natales-canon-buena-tardes-magallanes-region\/#primaryimage"},"image":{"@id":"https:\/\/produncan.cl\/de\/produkt\/standort-in-puerto-natales-canon-buena-tardes-magallanes-region\/#primaryimage"},"thumbnailUrl":"https:\/\/produncan.cl\/wp-content\/uploads\/2025\/10\/Sitio-Canadon-Buenas-Tardes.webp","datePublished":"2025-10-17T19:26:06+00:00","dateModified":"2025-11-05T14:58:45+00:00","breadcrumb":{"@id":"https:\/\/produncan.cl\/de\/produkt\/standort-in-puerto-natales-canon-buena-tardes-magallanes-region\/#breadcrumb"},"inLanguage":"de-DE","potentialAction":[{"@type":"ReadAction","target":["https:\/\/produncan.cl\/de\/produkt\/standort-in-puerto-natales-canon-buena-tardes-magallanes-region\/"]}]},{"@type":"ImageObject","inLanguage":"de-DE","@id":"https:\/\/produncan.cl\/de\/produkt\/standort-in-puerto-natales-canon-buena-tardes-magallanes-region\/#primaryimage","url":"https:\/\/produncan.cl\/wp-content\/uploads\/2025\/10\/Sitio-Canadon-Buenas-Tardes.webp","contentUrl":"https:\/\/produncan.cl\/wp-content\/uploads\/2025\/10\/Sitio-Canadon-Buenas-Tardes.webp","width":800,"height":600,"caption":"Crowdion Buena Tardes"},{"@type":"BreadcrumbList","@id":"https:\/\/produncan.cl\/de\/produkt\/standort-in-puerto-natales-canon-buena-tardes-magallanes-region\/#breadcrumb","itemListElement":[{"@type":"ListItem","position":1,"name":"Inicio","item":"https:\/\/produncan.cl\/de\/"},{"@type":"ListItem","position":2,"name":"Eigenschaften","item":"https:\/\/produncan.cl\/propiedades\/"},{"@type":"ListItem","position":3,"name":"Grundst\u00fccke","item":"https:\/\/produncan.cl\/de\/kategorie\/grundstuecke\/"},{"@type":"ListItem","position":4,"name":"Standort in Puerto Natales, Ca\u00f1\u00f3n Buena Tardes &#8211; Magallanes Region"}]},{"@type":"WebSite","@id":"https:\/\/produncan.cl\/de\/#website","url":"https:\/\/produncan.cl\/de\/","name":"Produncan","description":"Wir begleiten Sie bei Ihrem Lebensprojekt!","publisher":{"@id":"https:\/\/produncan.cl\/de\/#organization"},"potentialAction":[{"@type":"SearchAction","target":{"@type":"EntryPoint","urlTemplate":"https:\/\/produncan.cl\/de\/?s={search_term_string}"},"query-input":{"@type":"PropertyValueSpecification","valueRequired":true,"valueName":"search_term_string"}}],"inLanguage":"de-DE"},{"@type":"Organization","@id":"https:\/\/produncan.cl\/de\/#organization","name":"Produncan","url":"https:\/\/produncan.cl\/de\/","logo":{"@type":"ImageObject","inLanguage":"de-DE","@id":"https:\/\/produncan.cl\/de\/#\/schema\/logo\/image\/","url":"https:\/\/produncan.cl\/wp-content\/uploads\/2021\/03\/LOGO.jpeg","contentUrl":"https:\/\/produncan.cl\/wp-content\/uploads\/2021\/03\/LOGO.jpeg","width":1280,"height":903,"caption":"Produncan"},"image":{"@id":"https:\/\/produncan.cl\/de\/#\/schema\/logo\/image\/"},"sameAs":["https:\/\/web.facebook.com\/produncanland","https:\/\/www.instagram.com\/pro_duncan\/","https:\/\/www.linkedin.com\/company\/produncan-lands\/","https:\/\/www.youtube.com\/channel\/UCu7N-f3x0svkazD-Eew1-QQ"],"description":"En Produncan somos especialistas en la venta de terrenos en el sur de Chile. Proveemos estancias, campos, parcelas y hoteles.","email":"info@produncan.cl"}]},"og_video":"https:\/\/www.youtube.com\/embed\/e5FhzNwMzEE","og_video_type":"text\/html","og_video_duration":"67","og_video_width":"480","og_video_height":"270","ya_ovs_adult":"false","ya_ovs_upload_date":"2025-10-17T19:26:06+00:00","ya_ovs_allow_embed":"true","product_price_amount":"2695800.00","product_price_currency":"USD","og_availability":"instock","product_availability":"instock","product_condition":"new"},"_links":{"self":[{"href":"https:\/\/produncan.cl\/de\/wp-json\/wp\/v2\/product\/51604","targetHints":{"allow":["GET"]}}],"collection":[{"href":"https:\/\/produncan.cl\/de\/wp-json\/wp\/v2\/product"}],"about":[{"href":"https:\/\/produncan.cl\/de\/wp-json\/wp\/v2\/types\/product"}],"version-history":[{"count":1,"href":"https:\/\/produncan.cl\/de\/wp-json\/wp\/v2\/product\/51604\/revisions"}],"predecessor-version":[{"id":51618,"href":"https:\/\/produncan.cl\/de\/wp-json\/wp\/v2\/product\/51604\/revisions\/51618"}],"wp:featuredmedia":[{"embeddable":true,"href":"https:\/\/produncan.cl\/de\/wp-json\/wp\/v2\/media\/51605"}],"wp:attachment":[{"href":"https:\/\/produncan.cl\/de\/wp-json\/wp\/v2\/media?parent=51604"}],"wp:term":[{"taxonomy":"product_brand","embeddable":true,"href":"https:\/\/produncan.cl\/de\/wp-json\/wp\/v2\/product_brand?post=51604"},{"taxonomy":"product_cat","embeddable":true,"href":"https:\/\/produncan.cl\/de\/wp-json\/wp\/v2\/product_cat?post=51604"},{"taxonomy":"product_tag","embeddable":true,"href":"https:\/\/produncan.cl\/de\/wp-json\/wp\/v2\/product_tag?post=51604"},{"taxonomy":"regiones","embeddable":true,"href":"https:\/\/produncan.cl\/de\/wp-json\/wp\/v2\/regiones?post=51604"},{"taxonomy":"ciudades","embeddable":true,"href":"https:\/\/produncan.cl\/de\/wp-json\/wp\/v2\/ciudades?post=51604"}],"curies":[{"name":"wp","href":"https:\/\/api.w.org\/{rel}","templated":true}]}}