{"id":52130,"date":"2025-11-19T13:06:57","date_gmt":"2025-11-19T16:06:57","guid":{"rendered":"https:\/\/produncan.cl\/propiedad\/campo-ustaritz-los-lagos-los-rios-region\/"},"modified":"2025-11-24T13:16:47","modified_gmt":"2025-11-24T16:16:47","slug":"campo-ustaritz-los-lagos-los-rios-region","status":"publish","type":"product","link":"https:\/\/produncan.cl\/de\/produkt\/campo-ustaritz-los-lagos-los-rios-region\/","title":{"rendered":"Campo Ustaritz, Los Lagos &#8211; Los R\u00edos Region"},"content":{"rendered":"\t\t<div data-elementor-type=\"product-post\" data-elementor-id=\"52130\" class=\"elementor elementor-52130 elementor-51967\" data-elementor-post-type=\"product\">\n\t\t\t\t<div class=\"elementor-element elementor-element-9a10b09 e-flex e-con-boxed e-con e-parent\" data-id=\"9a10b09\" data-element_type=\"container\" data-e-type=\"container\" data-settings=\"{&quot;jet_parallax_layout_list&quot;:[]}\">\n\t\t\t\t\t<div class=\"e-con-inner\">\n\t\t\t\t<div class=\"elementor-element elementor-element-77fbd31 elementor-widget elementor-widget-heading\" data-id=\"77fbd31\" data-element_type=\"widget\" data-e-type=\"widget\" data-widget_type=\"heading.default\">\n\t\t\t\t\t<h2 class=\"elementor-heading-title elementor-size-default\">Einzigartige Gelegenheit f\u00fcr Milch und Viehbestand Investitionen in der N\u00e4he von Panguipulli!<\/h2>\t\t\t\t<\/div>\n\t\t\t\t\t<\/div>\n\t\t\t\t<\/div>\n\t\t<div class=\"elementor-element elementor-element-a696cc0 e-flex e-con-boxed e-con e-parent\" data-id=\"a696cc0\" data-element_type=\"container\" data-e-type=\"container\" data-settings=\"{&quot;jet_parallax_layout_list&quot;:[]}\">\n\t\t\t\t\t<div class=\"e-con-inner\">\n\t\t\t\t<div class=\"elementor-element elementor-element-6c72db1 elementor-widget elementor-widget-text-editor\" data-id=\"6c72db1\" data-element_type=\"widget\" data-e-type=\"widget\" data-widget_type=\"text-editor.default\">\n\t\t\t\t\t\t\t\t\t<p>Entdecken Sie ein au\u00dfergew\u00f6hnliches Anwesen, das eine strategische Lage, erstklassige Infrastruktur und ein un\u00fcbertroffenes produktives Potenzial vereint. Dieses Gebiet von 348,7 Hektar ist ein Juwel in der Gemeinde von Los R\u00edos, ideal f\u00fcr diejenigen, die versuchen, ihre Investitionen in den Milch- und Viehsektor zu maximieren.<\/p>\t\t\t\t\t\t\t\t<\/div>\n\t\t\t\t\t<\/div>\n\t\t\t\t<\/div>\n\t\t<div class=\"elementor-element elementor-element-600ff16 e-flex e-con-boxed e-con e-parent\" data-id=\"600ff16\" data-element_type=\"container\" data-e-type=\"container\" data-settings=\"{&quot;jet_parallax_layout_list&quot;:[]}\">\n\t\t\t\t\t<div class=\"e-con-inner\">\n\t\t\t\t<div class=\"elementor-element elementor-element-aab8a1a elementor-widget elementor-widget-heading\" data-id=\"aab8a1a\" data-element_type=\"widget\" data-e-type=\"widget\" data-widget_type=\"heading.default\">\n\t\t\t\t\t<h3 class=\"elementor-heading-title elementor-size-default\">Unvergleichliche Potenziale und Vielseitigkeit<\/h3>\t\t\t\t<\/div>\n\t\t\t\t\t<\/div>\n\t\t\t\t<\/div>\n\t\t<div class=\"elementor-element elementor-element-682cf38 e-flex e-con-boxed e-con e-parent\" data-id=\"682cf38\" data-element_type=\"container\" data-e-type=\"container\" data-settings=\"{&quot;jet_parallax_layout_list&quot;:[]}\">\n\t\t\t\t\t<div class=\"e-con-inner\">\n\t\t\t\t<div class=\"elementor-element elementor-element-85f3c7a elementor-widget elementor-widget-text-editor\" data-id=\"85f3c7a\" data-element_type=\"widget\" data-e-type=\"widget\" data-widget_type=\"text-editor.default\">\n\t\t\t\t\t\t\t\t\t<p>Mit hochwertigen Gewindeb\u00f6den ist dieses Feld ein Produktionsmotor. Seine gro\u00dfen Oberfl\u00e4chen sind verteilt, um mehrere M\u00f6glichkeiten zu bieten:<\/p><ul><li>215.01 Hektar Wiesen: Perfekt f\u00fcr Milch, Mast, Viehzucht oder Kulturen wie Futter und Gras.<\/li><li>Waldplantagen: Enth\u00e4lt 25.8 ha Pino Radiata, 16.71 ha Eucaliptos Nitens und 3.55 ha Alamos, bietet eine diversifizierte Waldanlage.<\/li><li>80,81 Hektar Native Forest und Green Areas: Eine privilegierte nat\u00fcrliche Umgebung mit ausgezeichneter Sonneneinstrahlung.<\/li><\/ul>\t\t\t\t\t\t\t\t<\/div>\n\t\t\t\t\t<\/div>\n\t\t\t\t<\/div>\n\t\t<div class=\"elementor-element elementor-element-c718dcb e-flex e-con-boxed e-con e-parent\" data-id=\"c718dcb\" data-element_type=\"container\" data-e-type=\"container\" data-settings=\"{&quot;jet_parallax_layout_list&quot;:[]}\">\n\t\t\t\t\t<div class=\"e-con-inner\">\n\t\t\t\t<div class=\"elementor-element elementor-element-723f8d5 elementor-widget elementor-widget-heading\" data-id=\"723f8d5\" data-element_type=\"widget\" data-e-type=\"widget\" data-widget_type=\"heading.default\">\n\t\t\t\t\t<h3 class=\"elementor-heading-title elementor-size-default\">Hochrangige Vieh- und landwirtschaftliche Infrastruktur<\/h3>\t\t\t\t<\/div>\n\t\t\t\t\t<\/div>\n\t\t\t\t<\/div>\n\t\t<div class=\"elementor-element elementor-element-ba698c2 e-flex e-con-boxed e-con e-parent\" data-id=\"ba698c2\" data-element_type=\"container\" data-e-type=\"container\" data-settings=\"{&quot;jet_parallax_layout_list&quot;:[]}\">\n\t\t\t\t\t<div class=\"e-con-inner\">\n\t\t\t\t<div class=\"elementor-element elementor-element-dacfe9e elementor-widget elementor-widget-text-editor\" data-id=\"dacfe9e\" data-element_type=\"widget\" data-e-type=\"widget\" data-widget_type=\"text-editor.default\">\n\t\t\t\t\t\t\t\t\t<p>Das Feld in der N\u00e4he von Panguipulli ist f\u00fcr einen effizienten und gro\u00dfen Betrieb ausgestattet, mit Einrichtungen, die einen Unterschied machen:<\/p><ul><li>Full Dairy: Mit einer Kapazit\u00e4t von 32 Tieren, einem Akku-Pool von 8.000 Litern, Futtergallon, \u00fcberdachte F\u00fctterung, Purineer Brunnen und Drehstromgenerator.<\/li><li>Versicherte Wasserressourcen: Wasserrechte f\u00fcr 75 Liter pro Sekunde, darunter mehrere Wasserquellen, darunter ein Haus und 5 Entnahmestellen aus Bew\u00e4sserungsmatten sowie eingetragene Wasserrechte.<\/li><li>Konnektivit\u00e4t: Triphasischer und monophasischer Strom, Trinker, Korallen, Galapos, Gew\u00e4chshaus und ein komplettes Bew\u00e4sserungssystem.<\/li><\/ul>\t\t\t\t\t\t\t\t<\/div>\n\t\t\t\t\t<\/div>\n\t\t\t\t<\/div>\n\t\t<div class=\"elementor-element elementor-element-c311672 e-flex e-con-boxed e-con e-parent\" data-id=\"c311672\" data-element_type=\"container\" data-e-type=\"container\" data-settings=\"{&quot;jet_parallax_layout_list&quot;:[]}\">\n\t\t\t\t\t<div class=\"e-con-inner\">\n\t\t\t\t<div class=\"elementor-element elementor-element-f74ccc5 elementor-widget elementor-widget-heading\" data-id=\"f74ccc5\" data-element_type=\"widget\" data-e-type=\"widget\" data-widget_type=\"heading.default\">\n\t\t\t\t\t<h3 class=\"elementor-heading-title elementor-size-default\">Patonal Residence und Priority Standort<\/h3>\t\t\t\t<\/div>\n\t\t\t\t\t<\/div>\n\t\t\t\t<\/div>\n\t\t<div class=\"elementor-element elementor-element-758be7f e-flex e-con-boxed e-con e-parent\" data-id=\"758be7f\" data-element_type=\"container\" data-e-type=\"container\" data-settings=\"{&quot;jet_parallax_layout_list&quot;:[]}\">\n\t\t\t\t\t<div class=\"e-con-inner\">\n\t\t\t\t<div class=\"elementor-element elementor-element-8e58d6d elementor-widget elementor-widget-text-editor\" data-id=\"8e58d6d\" data-element_type=\"widget\" data-e-type=\"widget\" data-widget_type=\"text-editor.default\">\n\t\t\t\t\t\t\t\t\t<p>Genie\u00dfen Sie den Charme des S\u00fcdens mit allem Komfort in seinem ger\u00e4umigen Patronenhaus von 480m 2 (vor 35 Jahren gebaut), natives Holz und Leuchtturmweben. Es verf\u00fcgt \u00fcber 5 Schlafzimmer, 3 B\u00e4der, Schreibtisch, Spielzimmer, gro\u00dfe Terrasse mit Blick auf einen spektakul\u00e4ren Garten und 3 zus\u00e4tzliche H\u00e4user f\u00fcr Mieter oder Pflegepersonal.<\/p>\t\t\t\t\t\t\t\t<\/div>\n\t\t\t\t\t<\/div>\n\t\t\t\t<\/div>\n\t\t<div class=\"elementor-element elementor-element-fb697ae e-flex e-con-boxed e-con e-parent\" data-id=\"fb697ae\" data-element_type=\"container\" data-e-type=\"container\" data-settings=\"{&quot;jet_parallax_layout_list&quot;:[]}\">\n\t\t\t\t\t<div class=\"e-con-inner\">\n\t\t\t\t<div class=\"elementor-element elementor-element-017691f elementor-widget elementor-widget-heading\" data-id=\"017691f\" data-element_type=\"widget\" data-e-type=\"widget\" data-widget_type=\"heading.default\">\n\t\t\t\t\t<h3 class=\"elementor-heading-title elementor-size-default\">Lage:<\/h3>\t\t\t\t<\/div>\n\t\t\t\t\t<\/div>\n\t\t\t\t<\/div>\n\t\t<div class=\"elementor-element elementor-element-442f82c e-flex e-con-boxed e-con e-parent\" data-id=\"442f82c\" data-element_type=\"container\" data-e-type=\"container\" data-settings=\"{&quot;jet_parallax_layout_list&quot;:[]}\">\n\t\t\t\t\t<div class=\"e-con-inner\">\n\t\t\t\t<div class=\"elementor-element elementor-element-20320a4 elementor-widget elementor-widget-text-editor\" data-id=\"20320a4\" data-element_type=\"widget\" data-e-type=\"widget\" data-widget_type=\"text-editor.default\">\n\t\t\t\t\t\t\t\t\t<ul><li>Zug\u00e4nglichkeit: Direkter Zugang von der \u00f6ffentlichen Stra\u00dfe, nur 5 km von der Hauptroute Los Lagos &#8211; Panguipulli und 27 km von der Route 5 South entfernt. Stra\u00dfe asphalt bis zum letzten Kilometer von reif in ausgezeichnetem Zustand.<\/li><li>Konnektivit\u00e4t: Telekommunikationszeichen verf\u00fcgbar und in der N\u00e4he \u00f6ffentliche Verkehrsmittel.<\/li><li>Umgebung: In der N\u00e4he der Stadt Los Lagos, Valdivia und Panguipulli, mit nahe gelegenen Attraktionen wie dem See Panguipulli.<\/li><\/ul>\t\t\t\t\t\t\t\t<\/div>\n\t\t\t\t\t<\/div>\n\t\t\t\t<\/div>\n\t\t<div class=\"elementor-element elementor-element-fa60311 e-flex e-con-boxed e-con e-parent\" data-id=\"fa60311\" data-element_type=\"container\" data-e-type=\"container\" data-settings=\"{&quot;jet_parallax_layout_list&quot;:[]}\">\n\t\t\t\t\t<div class=\"e-con-inner\">\n\t\t\t\t<div class=\"elementor-element elementor-element-8b20c1e elementor-widget elementor-widget-text-editor\" data-id=\"8b20c1e\" data-element_type=\"widget\" data-e-type=\"widget\" data-widget_type=\"text-editor.default\">\n\t\t\t\t\t\t\t\t\t<p>CAMPO USTARITZ ist mehr als eine Immobilie; es ist ein Lebensprojekt und eine solide Investition in die fruchtbare Region von Los R\u00edos.<\/p><p>Kontaktieren Sie uns heute und machen Sie Ihre n\u00e4chste gro\u00dfe Anlage Beton!<\/p>\t\t\t\t\t\t\t\t<\/div>\n\t\t\t\t\t<\/div>\n\t\t\t\t<\/div>\n\t\t\t\t<\/div>\n\t\t","protected":false},"excerpt":{"rendered":"<p>Dairy Feld in Los Lagos bei Panguipulli. Mit einem Haus von 480m 2 im spektakul\u00e4ren Park. Wasserrechte f\u00fcr 75 sts \/ sec, 215 hat Wiesen, Mieterh\u00e4user, Drehstromenergie, Milchanlagen.<\/p>\n","protected":false},"featured_media":52131,"template":"","meta":{"_acf_changed":false},"product_brand":[],"product_cat":[104],"product_tag":[235],"regiones":[226],"ciudades":[507,505],"class_list":{"0":"post-52130","1":"product","2":"type-product","3":"status-publish","4":"has-post-thumbnail","6":"product_cat-ohiggins-los-lagos","7":"product_tag-felder","8":"regiones-nuble-los_lagos","9":"ciudades-los-lagos","10":"ciudades-panguipulli","12":"first","13":"instock","14":"shipping-taxable","15":"purchasable","16":"product-type-simple"},"acf":[],"yoast_head":"<!-- This site is optimized with the Yoast SEO Premium plugin v26.0 (Yoast SEO v27.4) - https:\/\/yoast.com\/product\/yoast-seo-premium-wordpress\/ -->\n<title>Campo Ustaritz, Los Lagos - Los R\u00edos Region - Produncan<\/title>\n<meta name=\"description\" content=\"Dairy Feld in Los Lagos, in der N\u00e4he von Panguipulli. 215 Hektar Wiesen, Haus des Hofes 480 m 2, Wasser 75 l \/ s, dreiphasige Energie und Milchanlagen.\" \/>\n<meta name=\"robots\" content=\"index, follow, max-snippet:-1, max-image-preview:large, max-video-preview:-1\" \/>\n<link rel=\"canonical\" href=\"https:\/\/produncan.cl\/de\/produkt\/campo-ustaritz-los-lagos-los-rios-region\/\" \/>\n<meta property=\"og:locale\" content=\"de_DE\" \/>\n<meta property=\"og:type\" content=\"article\" \/>\n<meta property=\"og:title\" content=\"Campo Ustaritz, Los Lagos - Los R\u00edos Region\" \/>\n<meta property=\"og:description\" content=\"Dairy Feld in Los Lagos, in der N\u00e4he von Panguipulli. 215 Hektar Wiesen, Haus des Hofes 480 m 2, Wasser 75 l \/ s, dreiphasige Energie und Milchanlagen.\" \/>\n<meta property=\"og:url\" content=\"https:\/\/produncan.cl\/de\/produkt\/campo-ustaritz-los-lagos-los-rios-region\/\" \/>\n<meta property=\"og:site_name\" content=\"Produncan\" \/>\n<meta property=\"article:publisher\" content=\"https:\/\/web.facebook.com\/produncanland\" \/>\n<meta property=\"article:modified_time\" content=\"2025-11-24T16:16:47+00:00\" \/>\n<meta property=\"og:image\" content=\"https:\/\/produncan.cl\/wp-content\/uploads\/2025\/11\/Campo-Ustaritz-Los-Lagos.webp\" \/>\n<meta name=\"twitter:card\" content=\"summary_large_image\" \/>\n<meta name=\"twitter:label1\" content=\"Price\" \/>\n\t<meta name=\"twitter:data1\" content=\"USD5.404.000,00\" \/>\n\t<meta name=\"twitter:label2\" content=\"Availability\" \/>\n\t<meta name=\"twitter:data2\" content=\"In stock\" \/>\n<script type=\"application\/ld+json\" class=\"yoast-schema-graph\">{\"@context\":\"https:\\\/\\\/schema.org\",\"@graph\":[{\"@type\":\"WebPage\",\"@id\":\"https:\\\/\\\/produncan.cl\\\/de\\\/produkt\\\/campo-ustaritz-los-lagos-los-rios-region\\\/\",\"url\":\"https:\\\/\\\/produncan.cl\\\/de\\\/produkt\\\/campo-ustaritz-los-lagos-los-rios-region\\\/\",\"name\":\"Campo Ustaritz, Los Lagos - Los R\u00edos Region - Produncan\",\"isPartOf\":{\"@id\":\"https:\\\/\\\/produncan.cl\\\/de\\\/#website\"},\"primaryImageOfPage\":{\"@id\":\"https:\\\/\\\/produncan.cl\\\/de\\\/produkt\\\/campo-ustaritz-los-lagos-los-rios-region\\\/#primaryimage\"},\"image\":{\"@id\":\"https:\\\/\\\/produncan.cl\\\/de\\\/produkt\\\/campo-ustaritz-los-lagos-los-rios-region\\\/#primaryimage\"},\"thumbnailUrl\":\"https:\\\/\\\/produncan.cl\\\/wp-content\\\/uploads\\\/2025\\\/11\\\/Campo-Ustaritz-Los-Lagos.webp\",\"datePublished\":\"2025-11-19T16:06:57+00:00\",\"dateModified\":\"2025-11-24T16:16:47+00:00\",\"description\":\"Dairy Feld in Los Lagos, in der N\u00e4he von Panguipulli. 215 Hektar Wiesen, Haus des Hofes 480 m 2, Wasser 75 l \\\/ s, dreiphasige Energie und Milchanlagen.\",\"breadcrumb\":{\"@id\":\"https:\\\/\\\/produncan.cl\\\/de\\\/produkt\\\/campo-ustaritz-los-lagos-los-rios-region\\\/#breadcrumb\"},\"inLanguage\":\"de-DE\",\"potentialAction\":[{\"@type\":\"ReadAction\",\"target\":[\"https:\\\/\\\/produncan.cl\\\/de\\\/produkt\\\/campo-ustaritz-los-lagos-los-rios-region\\\/\"]}]},{\"@type\":\"ImageObject\",\"inLanguage\":\"de-DE\",\"@id\":\"https:\\\/\\\/produncan.cl\\\/de\\\/produkt\\\/campo-ustaritz-los-lagos-los-rios-region\\\/#primaryimage\",\"url\":\"https:\\\/\\\/produncan.cl\\\/wp-content\\\/uploads\\\/2025\\\/11\\\/Campo-Ustaritz-Los-Lagos.webp\",\"contentUrl\":\"https:\\\/\\\/produncan.cl\\\/wp-content\\\/uploads\\\/2025\\\/11\\\/Campo-Ustaritz-Los-Lagos.webp\",\"width\":800,\"height\":600,\"caption\":\"Campo Ustaritz Los Lagos\"},{\"@type\":\"BreadcrumbList\",\"@id\":\"https:\\\/\\\/produncan.cl\\\/de\\\/produkt\\\/campo-ustaritz-los-lagos-los-rios-region\\\/#breadcrumb\",\"itemListElement\":[{\"@type\":\"ListItem\",\"position\":1,\"name\":\"Inicio\",\"item\":\"https:\\\/\\\/produncan.cl\\\/de\\\/\"},{\"@type\":\"ListItem\",\"position\":2,\"name\":\"Eigenschaften\",\"item\":\"https:\\\/\\\/produncan.cl\\\/propiedades\\\/\"},{\"@type\":\"ListItem\",\"position\":3,\"name\":\"Felder\",\"item\":\"https:\\\/\\\/produncan.cl\\\/de\\\/kategorie\\\/felder\\\/\"},{\"@type\":\"ListItem\",\"position\":4,\"name\":\"Campo Ustaritz, Los Lagos &#8211; Los R\u00edos Region\"}]},{\"@type\":\"WebSite\",\"@id\":\"https:\\\/\\\/produncan.cl\\\/de\\\/#website\",\"url\":\"https:\\\/\\\/produncan.cl\\\/de\\\/\",\"name\":\"Produncan\",\"description\":\"Wir begleiten Sie bei Ihrem Lebensprojekt!\",\"publisher\":{\"@id\":\"https:\\\/\\\/produncan.cl\\\/de\\\/#organization\"},\"potentialAction\":[{\"@type\":\"SearchAction\",\"target\":{\"@type\":\"EntryPoint\",\"urlTemplate\":\"https:\\\/\\\/produncan.cl\\\/de\\\/?s={search_term_string}\"},\"query-input\":{\"@type\":\"PropertyValueSpecification\",\"valueRequired\":true,\"valueName\":\"search_term_string\"}}],\"inLanguage\":\"de-DE\"},{\"@type\":\"Organization\",\"@id\":\"https:\\\/\\\/produncan.cl\\\/de\\\/#organization\",\"name\":\"Produncan\",\"url\":\"https:\\\/\\\/produncan.cl\\\/de\\\/\",\"logo\":{\"@type\":\"ImageObject\",\"inLanguage\":\"de-DE\",\"@id\":\"https:\\\/\\\/produncan.cl\\\/de\\\/#\\\/schema\\\/logo\\\/image\\\/\",\"url\":\"https:\\\/\\\/produncan.cl\\\/wp-content\\\/uploads\\\/2021\\\/03\\\/LOGO.jpeg\",\"contentUrl\":\"https:\\\/\\\/produncan.cl\\\/wp-content\\\/uploads\\\/2021\\\/03\\\/LOGO.jpeg\",\"width\":1280,\"height\":903,\"caption\":\"Produncan\"},\"image\":{\"@id\":\"https:\\\/\\\/produncan.cl\\\/de\\\/#\\\/schema\\\/logo\\\/image\\\/\"},\"sameAs\":[\"https:\\\/\\\/web.facebook.com\\\/produncanland\",\"https:\\\/\\\/www.instagram.com\\\/pro_duncan\\\/\",\"https:\\\/\\\/www.linkedin.com\\\/company\\\/produncan-lands\\\/\",\"https:\\\/\\\/www.youtube.com\\\/channel\\\/UCu7N-f3x0svkazD-Eew1-QQ\"],\"description\":\"En Produncan somos especialistas en la venta de terrenos en el sur de Chile. Proveemos estancias, campos, parcelas y hoteles.\",\"email\":\"info@produncan.cl\"}]}<\/script>\n<meta property=\"og:video\" content=\"https:\/\/www.youtube.com\/embed\/WbQjUIwrOGg\" \/>\n<meta property=\"og:video:type\" content=\"text\/html\" \/>\n<meta property=\"og:video:duration\" content=\"99\" \/>\n<meta property=\"og:video:width\" content=\"480\" \/>\n<meta property=\"og:video:height\" content=\"270\" \/>\n<meta property=\"ya:ovs:adult\" content=\"false\" \/>\n<meta property=\"ya:ovs:upload_date\" content=\"2025-11-19T16:06:57+00:00\" \/>\n<meta property=\"ya:ovs:allow_embed\" content=\"true\" \/>\n<meta property=\"product:price:amount\" content=\"5404000.00\" \/>\n<meta property=\"product:price:currency\" content=\"USD\" \/>\n<meta property=\"og:availability\" content=\"instock\" \/>\n<meta property=\"product:availability\" content=\"instock\" \/>\n<meta property=\"product:condition\" content=\"new\" \/>\n<!-- \/ Yoast SEO Premium plugin. -->","yoast_head_json":{"title":"Campo Ustaritz, Los Lagos - Los R\u00edos Region - Produncan","description":"Dairy Feld in Los Lagos, in der N\u00e4he von Panguipulli. 215 Hektar Wiesen, Haus des Hofes 480 m 2, Wasser 75 l \/ s, dreiphasige Energie und Milchanlagen.","robots":{"index":"index","follow":"follow","max-snippet":"max-snippet:-1","max-image-preview":"max-image-preview:large","max-video-preview":"max-video-preview:-1"},"canonical":"https:\/\/produncan.cl\/de\/produkt\/campo-ustaritz-los-lagos-los-rios-region\/","og_locale":"de_DE","og_type":"article","og_title":"Campo Ustaritz, Los Lagos - Los R\u00edos Region","og_description":"Dairy Feld in Los Lagos, in der N\u00e4he von Panguipulli. 215 Hektar Wiesen, Haus des Hofes 480 m 2, Wasser 75 l \/ s, dreiphasige Energie und Milchanlagen.","og_url":"https:\/\/produncan.cl\/de\/produkt\/campo-ustaritz-los-lagos-los-rios-region\/","og_site_name":"Produncan","article_publisher":"https:\/\/web.facebook.com\/produncanland","article_modified_time":"2025-11-24T16:16:47+00:00","og_image":[{"url":"https:\/\/produncan.cl\/wp-content\/uploads\/2025\/11\/Campo-Ustaritz-Los-Lagos.webp","type":"","width":"","height":""}],"twitter_card":"summary_large_image","twitter_misc":{"Price":"USD5.404.000,00","Availability":"In stock"},"schema":{"@context":"https:\/\/schema.org","@graph":[{"@type":"WebPage","@id":"https:\/\/produncan.cl\/de\/produkt\/campo-ustaritz-los-lagos-los-rios-region\/","url":"https:\/\/produncan.cl\/de\/produkt\/campo-ustaritz-los-lagos-los-rios-region\/","name":"Campo Ustaritz, Los Lagos - Los R\u00edos Region - Produncan","isPartOf":{"@id":"https:\/\/produncan.cl\/de\/#website"},"primaryImageOfPage":{"@id":"https:\/\/produncan.cl\/de\/produkt\/campo-ustaritz-los-lagos-los-rios-region\/#primaryimage"},"image":{"@id":"https:\/\/produncan.cl\/de\/produkt\/campo-ustaritz-los-lagos-los-rios-region\/#primaryimage"},"thumbnailUrl":"https:\/\/produncan.cl\/wp-content\/uploads\/2025\/11\/Campo-Ustaritz-Los-Lagos.webp","datePublished":"2025-11-19T16:06:57+00:00","dateModified":"2025-11-24T16:16:47+00:00","description":"Dairy Feld in Los Lagos, in der N\u00e4he von Panguipulli. 215 Hektar Wiesen, Haus des Hofes 480 m 2, Wasser 75 l \/ s, dreiphasige Energie und Milchanlagen.","breadcrumb":{"@id":"https:\/\/produncan.cl\/de\/produkt\/campo-ustaritz-los-lagos-los-rios-region\/#breadcrumb"},"inLanguage":"de-DE","potentialAction":[{"@type":"ReadAction","target":["https:\/\/produncan.cl\/de\/produkt\/campo-ustaritz-los-lagos-los-rios-region\/"]}]},{"@type":"ImageObject","inLanguage":"de-DE","@id":"https:\/\/produncan.cl\/de\/produkt\/campo-ustaritz-los-lagos-los-rios-region\/#primaryimage","url":"https:\/\/produncan.cl\/wp-content\/uploads\/2025\/11\/Campo-Ustaritz-Los-Lagos.webp","contentUrl":"https:\/\/produncan.cl\/wp-content\/uploads\/2025\/11\/Campo-Ustaritz-Los-Lagos.webp","width":800,"height":600,"caption":"Campo Ustaritz Los Lagos"},{"@type":"BreadcrumbList","@id":"https:\/\/produncan.cl\/de\/produkt\/campo-ustaritz-los-lagos-los-rios-region\/#breadcrumb","itemListElement":[{"@type":"ListItem","position":1,"name":"Inicio","item":"https:\/\/produncan.cl\/de\/"},{"@type":"ListItem","position":2,"name":"Eigenschaften","item":"https:\/\/produncan.cl\/propiedades\/"},{"@type":"ListItem","position":3,"name":"Felder","item":"https:\/\/produncan.cl\/de\/kategorie\/felder\/"},{"@type":"ListItem","position":4,"name":"Campo Ustaritz, Los Lagos &#8211; Los R\u00edos Region"}]},{"@type":"WebSite","@id":"https:\/\/produncan.cl\/de\/#website","url":"https:\/\/produncan.cl\/de\/","name":"Produncan","description":"Wir begleiten Sie bei Ihrem Lebensprojekt!","publisher":{"@id":"https:\/\/produncan.cl\/de\/#organization"},"potentialAction":[{"@type":"SearchAction","target":{"@type":"EntryPoint","urlTemplate":"https:\/\/produncan.cl\/de\/?s={search_term_string}"},"query-input":{"@type":"PropertyValueSpecification","valueRequired":true,"valueName":"search_term_string"}}],"inLanguage":"de-DE"},{"@type":"Organization","@id":"https:\/\/produncan.cl\/de\/#organization","name":"Produncan","url":"https:\/\/produncan.cl\/de\/","logo":{"@type":"ImageObject","inLanguage":"de-DE","@id":"https:\/\/produncan.cl\/de\/#\/schema\/logo\/image\/","url":"https:\/\/produncan.cl\/wp-content\/uploads\/2021\/03\/LOGO.jpeg","contentUrl":"https:\/\/produncan.cl\/wp-content\/uploads\/2021\/03\/LOGO.jpeg","width":1280,"height":903,"caption":"Produncan"},"image":{"@id":"https:\/\/produncan.cl\/de\/#\/schema\/logo\/image\/"},"sameAs":["https:\/\/web.facebook.com\/produncanland","https:\/\/www.instagram.com\/pro_duncan\/","https:\/\/www.linkedin.com\/company\/produncan-lands\/","https:\/\/www.youtube.com\/channel\/UCu7N-f3x0svkazD-Eew1-QQ"],"description":"En Produncan somos especialistas en la venta de terrenos en el sur de Chile. Proveemos estancias, campos, parcelas y hoteles.","email":"info@produncan.cl"}]},"og_video":"https:\/\/www.youtube.com\/embed\/WbQjUIwrOGg","og_video_type":"text\/html","og_video_duration":"99","og_video_width":"480","og_video_height":"270","ya_ovs_adult":"false","ya_ovs_upload_date":"2025-11-19T16:06:57+00:00","ya_ovs_allow_embed":"true","product_price_amount":"5404000.00","product_price_currency":"USD","og_availability":"instock","product_availability":"instock","product_condition":"new"},"_links":{"self":[{"href":"https:\/\/produncan.cl\/de\/wp-json\/wp\/v2\/product\/52130","targetHints":{"allow":["GET"]}}],"collection":[{"href":"https:\/\/produncan.cl\/de\/wp-json\/wp\/v2\/product"}],"about":[{"href":"https:\/\/produncan.cl\/de\/wp-json\/wp\/v2\/types\/product"}],"version-history":[{"count":1,"href":"https:\/\/produncan.cl\/de\/wp-json\/wp\/v2\/product\/52130\/revisions"}],"predecessor-version":[{"id":52144,"href":"https:\/\/produncan.cl\/de\/wp-json\/wp\/v2\/product\/52130\/revisions\/52144"}],"wp:featuredmedia":[{"embeddable":true,"href":"https:\/\/produncan.cl\/de\/wp-json\/wp\/v2\/media\/52131"}],"wp:attachment":[{"href":"https:\/\/produncan.cl\/de\/wp-json\/wp\/v2\/media?parent=52130"}],"wp:term":[{"taxonomy":"product_brand","embeddable":true,"href":"https:\/\/produncan.cl\/de\/wp-json\/wp\/v2\/product_brand?post=52130"},{"taxonomy":"product_cat","embeddable":true,"href":"https:\/\/produncan.cl\/de\/wp-json\/wp\/v2\/product_cat?post=52130"},{"taxonomy":"product_tag","embeddable":true,"href":"https:\/\/produncan.cl\/de\/wp-json\/wp\/v2\/product_tag?post=52130"},{"taxonomy":"regiones","embeddable":true,"href":"https:\/\/produncan.cl\/de\/wp-json\/wp\/v2\/regiones?post=52130"},{"taxonomy":"ciudades","embeddable":true,"href":"https:\/\/produncan.cl\/de\/wp-json\/wp\/v2\/ciudades?post=52130"}],"curies":[{"name":"wp","href":"https:\/\/api.w.org\/{rel}","templated":true}]}}