{"id":52190,"date":"2025-11-14T17:37:29","date_gmt":"2025-11-14T20:37:29","guid":{"rendered":"https:\/\/produncan.cl\/propiedad\/grundstueck-in-puerto-varas-los-risos-ii-los-lagos-region\/"},"modified":"2025-11-20T13:21:05","modified_gmt":"2025-11-20T16:21:05","slug":"grundstueck-in-puerto-varas-los-risos-ii-los-lagos-region","status":"publish","type":"product","link":"https:\/\/produncan.cl\/de\/produkt\/grundstueck-in-puerto-varas-los-risos-ii-los-lagos-region\/","title":{"rendered":"Grundst\u00fcck in Puerto Varas, Los Risos II &#8211; Los Lagos Region"},"content":{"rendered":"\t\t<div data-elementor-type=\"product-post\" data-elementor-id=\"52190\" class=\"elementor elementor-52190 elementor-51860\" data-elementor-post-type=\"product\">\n\t\t\t\t<div class=\"elementor-element elementor-element-1065b68 e-flex e-con-boxed e-con e-parent\" data-id=\"1065b68\" data-element_type=\"container\" data-e-type=\"container\" data-settings=\"{&quot;jet_parallax_layout_list&quot;:[]}\">\n\t\t\t\t\t<div class=\"e-con-inner\">\n\t\t\t\t<div class=\"elementor-element elementor-element-9b64ff8 elementor-widget elementor-widget-heading\" data-id=\"9b64ff8\" data-element_type=\"widget\" data-e-type=\"widget\" data-widget_type=\"heading.default\">\n\t\t\t\t\t<h2 class=\"elementor-heading-title elementor-size-default\">Grundst\u00fcck mit Stra\u00dfenn\u00e4he und allen Dienstleistungen<\/h2>\t\t\t\t<\/div>\n\t\t\t\t\t<\/div>\n\t\t\t\t<\/div>\n\t\t<div class=\"elementor-element elementor-element-6f9dd74 e-flex e-con-boxed e-con e-parent\" data-id=\"6f9dd74\" data-element_type=\"container\" data-e-type=\"container\" data-settings=\"{&quot;jet_parallax_layout_list&quot;:[]}\">\n\t\t\t\t\t<div class=\"e-con-inner\">\n\t\t\t\t<div class=\"elementor-element elementor-element-bf22751 elementor-widget elementor-widget-text-editor\" data-id=\"bf22751\" data-element_type=\"widget\" data-e-type=\"widget\" data-widget_type=\"text-editor.default\">\n\t\t\t\t\t\t\t\t\t<p>Dieses Grundst\u00fcck befindet sich in der Region Los Lagos, ganz in der N\u00e4he der Stra\u00dfe und Minuten von Puerto Varas, ist eine au\u00dfergew\u00f6hnliche Gelegenheit f\u00fcr diejenigen, die versuchen, ein Leben Projekt zu bauen oder eine strategische Investition in eine privilegierte nat\u00fcrliche Umgebung zu machen. Seine Fl\u00e4che von 5.000 m 2, voll nutzbar, hat eine leichte Steigung nach Osten, die Ihnen einen Blick auf den See zu genie\u00dfen und garantiert eine ausgezeichnete Sonneneinstrahlung den ganzen Tag. Die Topographie erleichtert jedes architektonische Design und macht dieses Land zu einer perfekten Leinwand f\u00fcr den Bau eines Hauses.<\/p><p>Sein Standort ist eines seiner gr\u00f6\u00dften Attribute. Es ist mit meist asphaltierten Stra\u00dfen verbunden und erfordert nur 200 Meter von Ritus in ausgezeichnetem Zustand, um das Anwesen zu erreichen. Vom Grundst\u00fcck aus erreichen Sie schnell die Route 225, wo Sie auch \u00f6ffentliche Verkehrsmittel in kurzer Entfernung finden k\u00f6nnen. Der Flughafen ist nur 45 Minuten entfernt, wodurch die Ruhe der Landschaft mit dem Komfort der st\u00e4dtischen Vernetzung kombiniert werden kann. Dar\u00fcber hinaus ist Puerto Varas ein paar Minuten entfernt und bietet Dienstleistungen, Gastronomie, Handel und ein lebendiges kulturelles Leben.<\/p><p>Das Grundst\u00fcck hat bereits Strom durch einen Innen\u00fcbergang und hat durch einen registrierten Brunnen ein eigenes Wasser. Es gibt keine Reservierung, Einschr\u00e4nkungen, interne Regelungen oder gemeinsame Ausgaben, die v\u00f6llige Freiheit, das gew\u00fcnschte Projekt ohne Einschr\u00e4nkungen zu bauen und zu entwickeln. In Abwesenheit von Konstruktion oder Perimeter Schlie\u00dfung hat der K\u00e4ufer die M\u00f6glichkeit, jedes Detail von Grund auf zu gestalten und den Raum vollst\u00e4ndig an Ihre Bed\u00fcrfnisse anzupassen.<\/p><p>Die Umgebung zeichnet sich durch seine Ruhe, Sicherheit und nat\u00fcrliche Sch\u00f6nheit aus. Das Gebiet verbindet Stille, Vegetation und klare Aussicht, so dass es eine echte Ruheunterkunft. Von hier aus ist es m\u00f6glich, viele nahe gelegene Attraktionen wie Ensenada, Frutillar, Petrohu\u00e9, Todos los Santos, Ral\u00fan und Cocham\u00f3 zu genie\u00dfen, emblematische Orte im S\u00fcden Chiles, die touristischen Wert, malerische Sch\u00f6nheit und eine bemerkenswerte Projektion von Mehrwert bringen.<\/p><p>Dieses Grundst\u00fcck stellt eine ungew\u00f6hnliche Kombination aus Zug\u00e4nglichkeit, Dienstleistungen, Sicht, strategische Lage und Designfreiheit dar. Es ist ein idealer Ort f\u00fcr diejenigen, die in einer nat\u00fcrlichen Umgebung leben wollen, ohne die N\u00e4he einer Stadt wie Puerto Varas, oder f\u00fcr diejenigen, die in einen Bereich der wachsenden Nachfrage und hohen Wert investieren wollen. Wenn Sie nach einem Ort suchen, an dem sich Potenzial und Sch\u00f6nheit vereinen, ist diese Immobilie eine Einladung, sich vorstellen und bauen Sie Ihre Zukunft in einer unvergleichlichen Umgebung.<\/p>\t\t\t\t\t\t\t\t<\/div>\n\t\t\t\t\t<\/div>\n\t\t\t\t<\/div>\n\t\t\t\t<\/div>\n\t\t","protected":false},"excerpt":{"rendered":"<p>Grundst\u00fcck in Puerto Varas, Schritte von der Stra\u00dfe und mit allen Dienstleistungen: Wasser registriert, Strom und gutes Signal. Nur 200 Meter von Ritus, kleines Projekt mit gebauten H\u00e4usern, sch\u00f6ne Aussicht auf das Land und den See.<\/p>\n","protected":false},"featured_media":52191,"template":"","meta":{"_acf_changed":false},"product_brand":[],"product_cat":[104],"product_tag":[232],"regiones":[226],"ciudades":[213,219],"class_list":{"0":"post-52190","1":"product","2":"type-product","3":"status-publish","4":"has-post-thumbnail","6":"product_cat-ohiggins-los-lagos","7":"product_tag-grundstuecke","8":"regiones-nuble-los_lagos","9":"ciudades-ensenada","10":"ciudades-puerto-varas","12":"first","13":"instock","14":"shipping-taxable","15":"purchasable","16":"product-type-simple"},"acf":[],"yoast_head":"<!-- This site is optimized with the Yoast SEO Premium plugin v26.0 (Yoast SEO v27.3) - https:\/\/yoast.com\/product\/yoast-seo-premium-wordpress\/ -->\n<title>Grundst\u00fcck in Puerto Varas, Los Risos II - Los Lagos Region - Produncan<\/title>\n<meta name=\"description\" content=\"Grundst\u00fcck in Puerto Varas, Schritte von der Stra\u00dfe, mit registriertem Wasser, Licht, gutes Zeichen und Blick auf den See. Kleines Projekt mit H\u00e4usern und nur 200 m Riff.\" \/>\n<meta name=\"robots\" content=\"index, follow, max-snippet:-1, max-image-preview:large, max-video-preview:-1\" \/>\n<link rel=\"canonical\" href=\"https:\/\/produncan.cl\/de\/produkt\/grundstueck-in-puerto-varas-los-risos-ii-los-lagos-region\/\" \/>\n<meta property=\"og:locale\" content=\"de_DE\" \/>\n<meta property=\"og:type\" content=\"article\" \/>\n<meta property=\"og:title\" content=\"Grundst\u00fcck in Puerto Varas, Los Risos II - Los Lagos Region\" \/>\n<meta property=\"og:description\" content=\"Grundst\u00fcck in Puerto Varas, Schritte von der Stra\u00dfe, mit registriertem Wasser, Licht, gutes Zeichen und Blick auf den See. Kleines Projekt mit H\u00e4usern und nur 200 m Riff.\" \/>\n<meta property=\"og:url\" content=\"https:\/\/produncan.cl\/de\/produkt\/grundstueck-in-puerto-varas-los-risos-ii-los-lagos-region\/\" \/>\n<meta property=\"og:site_name\" content=\"Produncan\" \/>\n<meta property=\"article:publisher\" content=\"https:\/\/web.facebook.com\/produncanland\" \/>\n<meta property=\"article:modified_time\" content=\"2025-11-20T16:21:05+00:00\" \/>\n<meta property=\"og:image\" content=\"https:\/\/produncan.cl\/wp-content\/uploads\/2025\/11\/Parcela-Los-Riscos-II-Ensenada.webp\" \/>\n<meta name=\"twitter:card\" content=\"summary_large_image\" \/>\n<meta name=\"twitter:label1\" content=\"Price\" \/>\n\t<meta name=\"twitter:data1\" content=\"USD102.500,00\" \/>\n\t<meta name=\"twitter:label2\" content=\"Availability\" \/>\n\t<meta name=\"twitter:data2\" content=\"In stock\" \/>\n<script type=\"application\/ld+json\" class=\"yoast-schema-graph\">{\"@context\":\"https:\\\/\\\/schema.org\",\"@graph\":[{\"@type\":\"WebPage\",\"@id\":\"https:\\\/\\\/produncan.cl\\\/de\\\/produkt\\\/grundstueck-in-puerto-varas-los-risos-ii-los-lagos-region\\\/\",\"url\":\"https:\\\/\\\/produncan.cl\\\/de\\\/produkt\\\/grundstueck-in-puerto-varas-los-risos-ii-los-lagos-region\\\/\",\"name\":\"Grundst\u00fcck in Puerto Varas, Los Risos II - Los Lagos Region - Produncan\",\"isPartOf\":{\"@id\":\"https:\\\/\\\/produncan.cl\\\/de\\\/#website\"},\"primaryImageOfPage\":{\"@id\":\"https:\\\/\\\/produncan.cl\\\/de\\\/produkt\\\/grundstueck-in-puerto-varas-los-risos-ii-los-lagos-region\\\/#primaryimage\"},\"image\":{\"@id\":\"https:\\\/\\\/produncan.cl\\\/de\\\/produkt\\\/grundstueck-in-puerto-varas-los-risos-ii-los-lagos-region\\\/#primaryimage\"},\"thumbnailUrl\":\"https:\\\/\\\/produncan.cl\\\/wp-content\\\/uploads\\\/2025\\\/11\\\/Parcela-Los-Riscos-II-Ensenada.webp\",\"datePublished\":\"2025-11-14T20:37:29+00:00\",\"dateModified\":\"2025-11-20T16:21:05+00:00\",\"description\":\"Grundst\u00fcck in Puerto Varas, Schritte von der Stra\u00dfe, mit registriertem Wasser, Licht, gutes Zeichen und Blick auf den See. Kleines Projekt mit H\u00e4usern und nur 200 m Riff.\",\"breadcrumb\":{\"@id\":\"https:\\\/\\\/produncan.cl\\\/de\\\/produkt\\\/grundstueck-in-puerto-varas-los-risos-ii-los-lagos-region\\\/#breadcrumb\"},\"inLanguage\":\"de-DE\",\"potentialAction\":[{\"@type\":\"ReadAction\",\"target\":[\"https:\\\/\\\/produncan.cl\\\/de\\\/produkt\\\/grundstueck-in-puerto-varas-los-risos-ii-los-lagos-region\\\/\"]}]},{\"@type\":\"ImageObject\",\"inLanguage\":\"de-DE\",\"@id\":\"https:\\\/\\\/produncan.cl\\\/de\\\/produkt\\\/grundstueck-in-puerto-varas-los-risos-ii-los-lagos-region\\\/#primaryimage\",\"url\":\"https:\\\/\\\/produncan.cl\\\/wp-content\\\/uploads\\\/2025\\\/11\\\/Parcela-Los-Riscos-II-Ensenada.webp\",\"contentUrl\":\"https:\\\/\\\/produncan.cl\\\/wp-content\\\/uploads\\\/2025\\\/11\\\/Parcela-Los-Riscos-II-Ensenada.webp\",\"width\":800,\"height\":600,\"caption\":\"Die Risiken II Ensenada\"},{\"@type\":\"BreadcrumbList\",\"@id\":\"https:\\\/\\\/produncan.cl\\\/de\\\/produkt\\\/grundstueck-in-puerto-varas-los-risos-ii-los-lagos-region\\\/#breadcrumb\",\"itemListElement\":[{\"@type\":\"ListItem\",\"position\":1,\"name\":\"Inicio\",\"item\":\"https:\\\/\\\/produncan.cl\\\/de\\\/\"},{\"@type\":\"ListItem\",\"position\":2,\"name\":\"Eigenschaften\",\"item\":\"https:\\\/\\\/produncan.cl\\\/propiedades\\\/\"},{\"@type\":\"ListItem\",\"position\":3,\"name\":\"Grundst\u00fccke\",\"item\":\"https:\\\/\\\/produncan.cl\\\/de\\\/kategorie\\\/grundstuecke\\\/\"},{\"@type\":\"ListItem\",\"position\":4,\"name\":\"Grundst\u00fcck in Puerto Varas, Los Risos II &#8211; Los Lagos Region\"}]},{\"@type\":\"WebSite\",\"@id\":\"https:\\\/\\\/produncan.cl\\\/de\\\/#website\",\"url\":\"https:\\\/\\\/produncan.cl\\\/de\\\/\",\"name\":\"Produncan\",\"description\":\"Wir begleiten Sie bei Ihrem Lebensprojekt!\",\"publisher\":{\"@id\":\"https:\\\/\\\/produncan.cl\\\/de\\\/#organization\"},\"potentialAction\":[{\"@type\":\"SearchAction\",\"target\":{\"@type\":\"EntryPoint\",\"urlTemplate\":\"https:\\\/\\\/produncan.cl\\\/de\\\/?s={search_term_string}\"},\"query-input\":{\"@type\":\"PropertyValueSpecification\",\"valueRequired\":true,\"valueName\":\"search_term_string\"}}],\"inLanguage\":\"de-DE\"},{\"@type\":\"Organization\",\"@id\":\"https:\\\/\\\/produncan.cl\\\/de\\\/#organization\",\"name\":\"Produncan\",\"url\":\"https:\\\/\\\/produncan.cl\\\/de\\\/\",\"logo\":{\"@type\":\"ImageObject\",\"inLanguage\":\"de-DE\",\"@id\":\"https:\\\/\\\/produncan.cl\\\/de\\\/#\\\/schema\\\/logo\\\/image\\\/\",\"url\":\"https:\\\/\\\/produncan.cl\\\/wp-content\\\/uploads\\\/2021\\\/03\\\/LOGO.jpeg\",\"contentUrl\":\"https:\\\/\\\/produncan.cl\\\/wp-content\\\/uploads\\\/2021\\\/03\\\/LOGO.jpeg\",\"width\":1280,\"height\":903,\"caption\":\"Produncan\"},\"image\":{\"@id\":\"https:\\\/\\\/produncan.cl\\\/de\\\/#\\\/schema\\\/logo\\\/image\\\/\"},\"sameAs\":[\"https:\\\/\\\/web.facebook.com\\\/produncanland\",\"https:\\\/\\\/www.instagram.com\\\/pro_duncan\\\/\",\"https:\\\/\\\/www.linkedin.com\\\/company\\\/produncan-lands\\\/\",\"https:\\\/\\\/www.youtube.com\\\/channel\\\/UCu7N-f3x0svkazD-Eew1-QQ\"],\"description\":\"En Produncan somos especialistas en la venta de terrenos en el sur de Chile. Proveemos estancias, campos, parcelas y hoteles.\",\"email\":\"info@produncan.cl\"}]}<\/script>\n<meta property=\"og:video\" content=\"https:\/\/www.youtube.com\/embed\/c3_lDOPl9gM\" \/>\n<meta property=\"og:video:type\" content=\"text\/html\" \/>\n<meta property=\"og:video:duration\" content=\"69\" \/>\n<meta property=\"og:video:width\" content=\"480\" \/>\n<meta property=\"og:video:height\" content=\"270\" \/>\n<meta property=\"ya:ovs:adult\" content=\"false\" \/>\n<meta property=\"ya:ovs:upload_date\" content=\"2025-11-14T20:37:29+00:00\" \/>\n<meta property=\"ya:ovs:allow_embed\" content=\"true\" \/>\n<meta property=\"product:price:amount\" content=\"102500.00\" \/>\n<meta property=\"product:price:currency\" content=\"USD\" \/>\n<meta property=\"og:availability\" content=\"instock\" \/>\n<meta property=\"product:availability\" content=\"instock\" \/>\n<meta property=\"product:condition\" content=\"new\" \/>\n<!-- \/ Yoast SEO Premium plugin. -->","yoast_head_json":{"title":"Grundst\u00fcck in Puerto Varas, Los Risos II - Los Lagos Region - Produncan","description":"Grundst\u00fcck in Puerto Varas, Schritte von der Stra\u00dfe, mit registriertem Wasser, Licht, gutes Zeichen und Blick auf den See. Kleines Projekt mit H\u00e4usern und nur 200 m Riff.","robots":{"index":"index","follow":"follow","max-snippet":"max-snippet:-1","max-image-preview":"max-image-preview:large","max-video-preview":"max-video-preview:-1"},"canonical":"https:\/\/produncan.cl\/de\/produkt\/grundstueck-in-puerto-varas-los-risos-ii-los-lagos-region\/","og_locale":"de_DE","og_type":"article","og_title":"Grundst\u00fcck in Puerto Varas, Los Risos II - Los Lagos Region","og_description":"Grundst\u00fcck in Puerto Varas, Schritte von der Stra\u00dfe, mit registriertem Wasser, Licht, gutes Zeichen und Blick auf den See. Kleines Projekt mit H\u00e4usern und nur 200 m Riff.","og_url":"https:\/\/produncan.cl\/de\/produkt\/grundstueck-in-puerto-varas-los-risos-ii-los-lagos-region\/","og_site_name":"Produncan","article_publisher":"https:\/\/web.facebook.com\/produncanland","article_modified_time":"2025-11-20T16:21:05+00:00","og_image":[{"url":"https:\/\/produncan.cl\/wp-content\/uploads\/2025\/11\/Parcela-Los-Riscos-II-Ensenada.webp","type":"","width":"","height":""}],"twitter_card":"summary_large_image","twitter_misc":{"Price":"USD102.500,00","Availability":"In stock"},"schema":{"@context":"https:\/\/schema.org","@graph":[{"@type":"WebPage","@id":"https:\/\/produncan.cl\/de\/produkt\/grundstueck-in-puerto-varas-los-risos-ii-los-lagos-region\/","url":"https:\/\/produncan.cl\/de\/produkt\/grundstueck-in-puerto-varas-los-risos-ii-los-lagos-region\/","name":"Grundst\u00fcck in Puerto Varas, Los Risos II - Los Lagos Region - Produncan","isPartOf":{"@id":"https:\/\/produncan.cl\/de\/#website"},"primaryImageOfPage":{"@id":"https:\/\/produncan.cl\/de\/produkt\/grundstueck-in-puerto-varas-los-risos-ii-los-lagos-region\/#primaryimage"},"image":{"@id":"https:\/\/produncan.cl\/de\/produkt\/grundstueck-in-puerto-varas-los-risos-ii-los-lagos-region\/#primaryimage"},"thumbnailUrl":"https:\/\/produncan.cl\/wp-content\/uploads\/2025\/11\/Parcela-Los-Riscos-II-Ensenada.webp","datePublished":"2025-11-14T20:37:29+00:00","dateModified":"2025-11-20T16:21:05+00:00","description":"Grundst\u00fcck in Puerto Varas, Schritte von der Stra\u00dfe, mit registriertem Wasser, Licht, gutes Zeichen und Blick auf den See. Kleines Projekt mit H\u00e4usern und nur 200 m Riff.","breadcrumb":{"@id":"https:\/\/produncan.cl\/de\/produkt\/grundstueck-in-puerto-varas-los-risos-ii-los-lagos-region\/#breadcrumb"},"inLanguage":"de-DE","potentialAction":[{"@type":"ReadAction","target":["https:\/\/produncan.cl\/de\/produkt\/grundstueck-in-puerto-varas-los-risos-ii-los-lagos-region\/"]}]},{"@type":"ImageObject","inLanguage":"de-DE","@id":"https:\/\/produncan.cl\/de\/produkt\/grundstueck-in-puerto-varas-los-risos-ii-los-lagos-region\/#primaryimage","url":"https:\/\/produncan.cl\/wp-content\/uploads\/2025\/11\/Parcela-Los-Riscos-II-Ensenada.webp","contentUrl":"https:\/\/produncan.cl\/wp-content\/uploads\/2025\/11\/Parcela-Los-Riscos-II-Ensenada.webp","width":800,"height":600,"caption":"Die Risiken II Ensenada"},{"@type":"BreadcrumbList","@id":"https:\/\/produncan.cl\/de\/produkt\/grundstueck-in-puerto-varas-los-risos-ii-los-lagos-region\/#breadcrumb","itemListElement":[{"@type":"ListItem","position":1,"name":"Inicio","item":"https:\/\/produncan.cl\/de\/"},{"@type":"ListItem","position":2,"name":"Eigenschaften","item":"https:\/\/produncan.cl\/propiedades\/"},{"@type":"ListItem","position":3,"name":"Grundst\u00fccke","item":"https:\/\/produncan.cl\/de\/kategorie\/grundstuecke\/"},{"@type":"ListItem","position":4,"name":"Grundst\u00fcck in Puerto Varas, Los Risos II &#8211; Los Lagos Region"}]},{"@type":"WebSite","@id":"https:\/\/produncan.cl\/de\/#website","url":"https:\/\/produncan.cl\/de\/","name":"Produncan","description":"Wir begleiten Sie bei Ihrem Lebensprojekt!","publisher":{"@id":"https:\/\/produncan.cl\/de\/#organization"},"potentialAction":[{"@type":"SearchAction","target":{"@type":"EntryPoint","urlTemplate":"https:\/\/produncan.cl\/de\/?s={search_term_string}"},"query-input":{"@type":"PropertyValueSpecification","valueRequired":true,"valueName":"search_term_string"}}],"inLanguage":"de-DE"},{"@type":"Organization","@id":"https:\/\/produncan.cl\/de\/#organization","name":"Produncan","url":"https:\/\/produncan.cl\/de\/","logo":{"@type":"ImageObject","inLanguage":"de-DE","@id":"https:\/\/produncan.cl\/de\/#\/schema\/logo\/image\/","url":"https:\/\/produncan.cl\/wp-content\/uploads\/2021\/03\/LOGO.jpeg","contentUrl":"https:\/\/produncan.cl\/wp-content\/uploads\/2021\/03\/LOGO.jpeg","width":1280,"height":903,"caption":"Produncan"},"image":{"@id":"https:\/\/produncan.cl\/de\/#\/schema\/logo\/image\/"},"sameAs":["https:\/\/web.facebook.com\/produncanland","https:\/\/www.instagram.com\/pro_duncan\/","https:\/\/www.linkedin.com\/company\/produncan-lands\/","https:\/\/www.youtube.com\/channel\/UCu7N-f3x0svkazD-Eew1-QQ"],"description":"En Produncan somos especialistas en la venta de terrenos en el sur de Chile. Proveemos estancias, campos, parcelas y hoteles.","email":"info@produncan.cl"}]},"og_video":"https:\/\/www.youtube.com\/embed\/c3_lDOPl9gM","og_video_type":"text\/html","og_video_duration":"69","og_video_width":"480","og_video_height":"270","ya_ovs_adult":"false","ya_ovs_upload_date":"2025-11-14T20:37:29+00:00","ya_ovs_allow_embed":"true","product_price_amount":"102500.00","product_price_currency":"USD","og_availability":"instock","product_availability":"instock","product_condition":"new"},"_links":{"self":[{"href":"https:\/\/produncan.cl\/de\/wp-json\/wp\/v2\/product\/52190","targetHints":{"allow":["GET"]}}],"collection":[{"href":"https:\/\/produncan.cl\/de\/wp-json\/wp\/v2\/product"}],"about":[{"href":"https:\/\/produncan.cl\/de\/wp-json\/wp\/v2\/types\/product"}],"version-history":[{"count":1,"href":"https:\/\/produncan.cl\/de\/wp-json\/wp\/v2\/product\/52190\/revisions"}],"predecessor-version":[{"id":52204,"href":"https:\/\/produncan.cl\/de\/wp-json\/wp\/v2\/product\/52190\/revisions\/52204"}],"wp:featuredmedia":[{"embeddable":true,"href":"https:\/\/produncan.cl\/de\/wp-json\/wp\/v2\/media\/52191"}],"wp:attachment":[{"href":"https:\/\/produncan.cl\/de\/wp-json\/wp\/v2\/media?parent=52190"}],"wp:term":[{"taxonomy":"product_brand","embeddable":true,"href":"https:\/\/produncan.cl\/de\/wp-json\/wp\/v2\/product_brand?post=52190"},{"taxonomy":"product_cat","embeddable":true,"href":"https:\/\/produncan.cl\/de\/wp-json\/wp\/v2\/product_cat?post=52190"},{"taxonomy":"product_tag","embeddable":true,"href":"https:\/\/produncan.cl\/de\/wp-json\/wp\/v2\/product_tag?post=52190"},{"taxonomy":"regiones","embeddable":true,"href":"https:\/\/produncan.cl\/de\/wp-json\/wp\/v2\/regiones?post=52190"},{"taxonomy":"ciudades","embeddable":true,"href":"https:\/\/produncan.cl\/de\/wp-json\/wp\/v2\/ciudades?post=52190"}],"curies":[{"name":"wp","href":"https:\/\/api.w.org\/{rel}","templated":true}]}}