{"id":53160,"date":"2025-12-05T12:12:31","date_gmt":"2025-12-05T15:12:31","guid":{"rendered":"https:\/\/produncan.cl\/propiedad\/campo-la-colina-llanada-grande-lagos-region\/"},"modified":"2026-02-18T12:50:04","modified_gmt":"2026-02-18T15:50:04","slug":"campo-la-colina-llanada-grande-lagos-region","status":"publish","type":"product","link":"https:\/\/produncan.cl\/de\/produkt\/campo-la-colina-llanada-grande-lagos-region\/","title":{"rendered":"Campo La Colina, Llanada Grande &#8211; Lagos Region"},"content":{"rendered":"\t\t<div data-elementor-type=\"product-post\" data-elementor-id=\"53160\" class=\"elementor elementor-53160 elementor-52934\" data-elementor-post-type=\"product\">\n\t\t\t\t<div class=\"elementor-element elementor-element-529aa13 e-flex e-con-boxed e-con e-parent\" data-id=\"529aa13\" data-element_type=\"container\" data-e-type=\"container\" data-settings=\"{&quot;jet_parallax_layout_list&quot;:[]}\">\n\t\t\t\t\t<div class=\"e-con-inner\">\n\t\t\t\t<div class=\"elementor-element elementor-element-e7b6276 elementor-widget elementor-widget-heading\" data-id=\"e7b6276\" data-element_type=\"widget\" data-e-type=\"widget\" data-widget_type=\"heading.default\">\n\t\t\t\t\t<h2 class=\"elementor-heading-title elementor-size-default\">206 Hektar zwischen Azul und Lake Las Rocas<\/h2>\t\t\t\t<\/div>\n\t\t\t\t\t<\/div>\n\t\t\t\t<\/div>\n\t\t<div class=\"elementor-element elementor-element-bf5712a e-flex e-con-boxed e-con e-parent\" data-id=\"bf5712a\" data-element_type=\"container\" data-e-type=\"container\" data-settings=\"{&quot;jet_parallax_layout_list&quot;:[]}\">\n\t\t\t\t\t<div class=\"e-con-inner\">\n\t\t\t\t<div class=\"elementor-element elementor-element-4b170f3 elementor-widget elementor-widget-text-editor\" data-id=\"4b170f3\" data-element_type=\"widget\" data-e-type=\"widget\" data-widget_type=\"text-editor.default\">\n\t\t\t\t\t\t\t\t\t<p>Im Herzen des Puelo-Tals, umgeben von Bergen, Fl\u00fcssen und einheimischen W\u00e4ldern, befindet sich Campo La Colina: eine unber\u00fchrte, selbstbl\u00fchende und einzigartige Eigenschaft in seiner Art. Mit einer Gesamtfl\u00e4che von 206 Hektar kombiniert dieses Anwesen produktive landwirtschaftliche Fl\u00e4chen, reife Waldgebiete und gro\u00dfe Wiesen, alle in einer nat\u00fcrlichen Umgebung von au\u00dfergew\u00f6hnlicher Sch\u00f6nheit. Das Hotel liegt 16 km von der Stadt Llanada Grande und nur 3 km vom Lake Las Rocas entfernt und bietet einen isolierten, ruhigen und tief verbundenen Lebensstil mit der Natur.<\/p>\n<p>Das Land hat seine eigene Rolle und Unterteilung von SAG genehmigt. Die Verwendung von Boden ist landwirtschaftlich und hat eine gemischte Zusammensetzung zwischen land- und forstwirtschaftlichen B\u00f6den. Die Topographie kombiniert flache, wellige und Cordilleran-Sektoren, die unterschiedliche Anwendungen erlauben, von der Produktion bis zur Erhaltung. Es hat Strom durch Solarpaneele, Generator und die M\u00f6glichkeit, einen Strom f\u00fcr elektrische Turbinen im Winter zu nutzen. Die Wasserversorgung wird durch den Fluss Cataratas, zwei Fl\u00fcsse und nat\u00fcrliche Pisten garantiert, mit einer direkten Verbindung zum Haus mit Schl\u00e4uchen.<\/p>\n<p>Das Anwesen umfasst zwei H\u00e4user, Galapos, Kornkeller, Holzarbeiten und verschiedene produktive Strukturen. Es ist direkt mit dem Fluss Cataratas verbunden, und seine Perimeter Schlie\u00dfung ist abgeschlossen, au\u00dfer den Berggebieten und dem Fluss. Es hat 35 Hektar sauber f\u00fcr Kulturen und Weide, bisher f\u00fcr Hafer, Weizen, Kartoffeln und Futter verwendet, immer ohne chemischen Gebrauch, nur mit nat\u00fcrlichem D\u00fcnger von Tieren befruchtet. Dar\u00fcber hinaus hat es Trinker, Schn\u00fcre, eine 20-Pferde-Gallone mit einem Walker und zweiten Stockraum, und eine zus\u00e4tzliche Gallone f\u00fcr Schafe. Die einheimische Flora umfasst \u00f1ires, cipr\u00e9s, coihue und fruit, w\u00e4hrend die Fauna des Sektors betrachtet Arten wie Puma, pudu, g\u00fci\u00f1a und boar.<\/p>\n<p>Die Landschaft befindet sich im Lago Las Rocas Sektor, in Cocham\u00f3, Region Los Lagos. Es ist direkt von einer \u00f6ffentlichen Stra\u00dfe zu erreichen, und der n\u00e4chstgelegene Flughafen ist El Tepual, in Puerto Montt, etwa sechs Stunden entfernt, wenn man die \u00dcberfahrt und die Fahrzeugfahrt betrachtet. Die n\u00e4chste Stadt ist Llanada Grande. Das Telekommunikationssignal ist begrenzt, was die Ruhe der Umwelt beschleunigt. In der N\u00e4he der Landschaft sind nat\u00fcrliche Attraktionen wie Lago Las Rocas, Puelo River und verschiedene Wasserf\u00e4lle, in einem regnerischen Bergklima typisch f\u00fcr die Gegend.<\/p>\n<p>Das Haupthaus wurde 2010 gebaut und verf\u00fcgt \u00fcber 90 qm, mit einem Schlafzimmer, w\u00e4hrend das Haus des Pflegepersonals bietet zwei zus\u00e4tzliche Schlafzimmer. Insgesamt verf\u00fcgt die Unterkunft \u00fcber zwei Badezimmer. Das Hauptweingut ist gro\u00df genug, um nach Wunsch als Zuhause aktiviert zu werden. Das hei\u00dfe Wassersystem wird von Brennholz und Thermotank betrieben, und die Heizung ist durch langsame Verbrennung.<\/p>\n<p>Als zus\u00e4tzliches Element hat das Feld ein von SAG genehmigtes Unterteilungsprojekt, bestehend aus insgesamt 33 Losen, einschlie\u00dflich 28 Einheiten unter einem Hektar, vier Makro Lose und viel gr\u00f6\u00dfer als 146 Hektar. Unter diesen ist eine Menge von 4,6 Hektar, die die wichtigsten Einrichtungen konzentriert, darunter das Haus des Arbeitgebers, das Haus des Pflegers, die Galapos, das Holzschnitzel, das Haus des Generators, die Produktionsanlagen, die Henne, die Apfelb\u00e4ume und die Korallen.<\/p>\n<p>Campo La Colina ist eine au\u00dfergew\u00f6hnliche Gelegenheit f\u00fcr diejenigen, die eine umfangreiche, produktive und nat\u00fcrliche Umgebung suchen, ideal f\u00fcr landwirtschaftliche Projekte, Naturschutz, Naturtourismus oder ein selbstbewusstes Unterschlupf in einem der unber\u00fchrtesten Gegenden des s\u00fcdlichen Chiles.<\/p>\n<p>Kontaktieren Sie uns und kennen Sie Ihr neues Schicksal!<\/p>\n\t\t\t\t\t\t\t\t<\/div>\n\t\t\t\t\t<\/div>\n\t\t\t\t<\/div>\n\t\t\t\t<\/div>\n\t\t","protected":false},"excerpt":{"rendered":"<p>Feld in Llanada Grande von 206 Hektar. Zugang von der \u00f6ffentlichen Stra\u00dfe, 36 Hektar Wiesen, Fluss, Patronenhaus, Betreuerhaus, Gallone, Einrichtungen und Solarenergie. In der N\u00e4he von Lake Las Rocas und Lake Azul. Mit Unterteilung in 33 Losen.<\/p>\n","protected":false},"featured_media":53161,"template":"","meta":{"_acf_changed":false},"product_brand":[],"product_cat":[104],"product_tag":[235],"regiones":[226],"ciudades":[510],"class_list":{"0":"post-53160","1":"product","2":"type-product","3":"status-publish","4":"has-post-thumbnail","6":"product_cat-ohiggins-los-lagos","7":"product_tag-felder","8":"regiones-nuble-los_lagos","9":"ciudades-llanada-grande","11":"first","12":"instock","13":"shipping-taxable","14":"purchasable","15":"product-type-simple"},"acf":[],"yoast_head":"<!-- This site is optimized with the Yoast SEO Premium plugin v26.0 (Yoast SEO v27.4) - https:\/\/yoast.com\/product\/yoast-seo-premium-wordpress\/ -->\n<title>Campo La Colina, Llanada Grande - Lagos Region - Produncan<\/title>\n<meta name=\"description\" content=\"Feld von 206 ha in Llanada Grande mit 36 ha Wiesen, Fluss, H\u00e4user, Gallone, Solarenergie und Unterteilung in 33 Losen. In der N\u00e4he von Las Rocas und Azul Seen.\" \/>\n<meta name=\"robots\" content=\"index, follow, max-snippet:-1, max-image-preview:large, max-video-preview:-1\" \/>\n<link rel=\"canonical\" href=\"https:\/\/produncan.cl\/de\/produkt\/campo-la-colina-llanada-grande-lagos-region\/\" \/>\n<meta property=\"og:locale\" content=\"de_DE\" \/>\n<meta property=\"og:type\" content=\"article\" \/>\n<meta property=\"og:title\" content=\"Campo La Colina, Llanada Grande - Lagos Region\" \/>\n<meta property=\"og:description\" content=\"Feld von 206 ha in Llanada Grande mit 36 ha Wiesen, Fluss, H\u00e4user, Gallone, Solarenergie und Unterteilung in 33 Losen. In der N\u00e4he von Las Rocas und Azul Seen.\" \/>\n<meta property=\"og:url\" content=\"https:\/\/produncan.cl\/de\/produkt\/campo-la-colina-llanada-grande-lagos-region\/\" \/>\n<meta property=\"og:site_name\" content=\"Produncan\" \/>\n<meta property=\"article:publisher\" content=\"https:\/\/web.facebook.com\/produncanland\" \/>\n<meta property=\"article:modified_time\" content=\"2026-02-18T15:50:04+00:00\" \/>\n<meta property=\"og:image\" content=\"https:\/\/produncan.cl\/wp-content\/uploads\/2025\/12\/Campo-La-Colina-Llanada-Grande.webp\" \/>\n\t<meta property=\"og:image:width\" content=\"800\" \/>\n\t<meta property=\"og:image:height\" content=\"600\" \/>\n\t<meta property=\"og:image:type\" content=\"image\/webp\" \/>\n<meta name=\"twitter:card\" content=\"summary_large_image\" \/>\n<meta name=\"twitter:label1\" content=\"Price\" \/>\n\t<meta name=\"twitter:data1\" content=\"USD1.561.000,00\" \/>\n\t<meta name=\"twitter:label2\" content=\"Availability\" \/>\n\t<meta name=\"twitter:data2\" content=\"In stock\" \/>\n<script type=\"application\/ld+json\" class=\"yoast-schema-graph\">{\"@context\":\"https:\\\/\\\/schema.org\",\"@graph\":[{\"@type\":\"WebPage\",\"@id\":\"https:\\\/\\\/produncan.cl\\\/de\\\/produkt\\\/campo-la-colina-llanada-grande-lagos-region\\\/\",\"url\":\"https:\\\/\\\/produncan.cl\\\/de\\\/produkt\\\/campo-la-colina-llanada-grande-lagos-region\\\/\",\"name\":\"Campo La Colina, Llanada Grande - Lagos Region - Produncan\",\"isPartOf\":{\"@id\":\"https:\\\/\\\/produncan.cl\\\/de\\\/#website\"},\"primaryImageOfPage\":{\"@id\":\"https:\\\/\\\/produncan.cl\\\/de\\\/produkt\\\/campo-la-colina-llanada-grande-lagos-region\\\/#primaryimage\"},\"image\":{\"@id\":\"https:\\\/\\\/produncan.cl\\\/de\\\/produkt\\\/campo-la-colina-llanada-grande-lagos-region\\\/#primaryimage\"},\"thumbnailUrl\":\"https:\\\/\\\/produncan.cl\\\/wp-content\\\/uploads\\\/2025\\\/12\\\/Campo-La-Colina-Llanada-Grande.webp\",\"datePublished\":\"2025-12-05T15:12:31+00:00\",\"dateModified\":\"2026-02-18T15:50:04+00:00\",\"description\":\"Feld von 206 ha in Llanada Grande mit 36 ha Wiesen, Fluss, H\u00e4user, Gallone, Solarenergie und Unterteilung in 33 Losen. In der N\u00e4he von Las Rocas und Azul Seen.\",\"breadcrumb\":{\"@id\":\"https:\\\/\\\/produncan.cl\\\/de\\\/produkt\\\/campo-la-colina-llanada-grande-lagos-region\\\/#breadcrumb\"},\"inLanguage\":\"de-DE\",\"potentialAction\":[{\"@type\":\"ReadAction\",\"target\":[\"https:\\\/\\\/produncan.cl\\\/de\\\/produkt\\\/campo-la-colina-llanada-grande-lagos-region\\\/\"]}]},{\"@type\":\"ImageObject\",\"inLanguage\":\"de-DE\",\"@id\":\"https:\\\/\\\/produncan.cl\\\/de\\\/produkt\\\/campo-la-colina-llanada-grande-lagos-region\\\/#primaryimage\",\"url\":\"https:\\\/\\\/produncan.cl\\\/wp-content\\\/uploads\\\/2025\\\/12\\\/Campo-La-Colina-Llanada-Grande.webp\",\"contentUrl\":\"https:\\\/\\\/produncan.cl\\\/wp-content\\\/uploads\\\/2025\\\/12\\\/Campo-La-Colina-Llanada-Grande.webp\",\"width\":800,\"height\":600,\"caption\":\"Campo La Colina Llanada Grande\"},{\"@type\":\"BreadcrumbList\",\"@id\":\"https:\\\/\\\/produncan.cl\\\/de\\\/produkt\\\/campo-la-colina-llanada-grande-lagos-region\\\/#breadcrumb\",\"itemListElement\":[{\"@type\":\"ListItem\",\"position\":1,\"name\":\"Inicio\",\"item\":\"https:\\\/\\\/produncan.cl\\\/de\\\/\"},{\"@type\":\"ListItem\",\"position\":2,\"name\":\"Eigenschaften\",\"item\":\"https:\\\/\\\/produncan.cl\\\/propiedades\\\/\"},{\"@type\":\"ListItem\",\"position\":3,\"name\":\"Felder\",\"item\":\"https:\\\/\\\/produncan.cl\\\/de\\\/kategorie\\\/felder\\\/\"},{\"@type\":\"ListItem\",\"position\":4,\"name\":\"Campo La Colina, Llanada Grande &#8211; Lagos Region\"}]},{\"@type\":\"WebSite\",\"@id\":\"https:\\\/\\\/produncan.cl\\\/de\\\/#website\",\"url\":\"https:\\\/\\\/produncan.cl\\\/de\\\/\",\"name\":\"Produncan\",\"description\":\"Wir begleiten Sie bei Ihrem Lebensprojekt!\",\"publisher\":{\"@id\":\"https:\\\/\\\/produncan.cl\\\/de\\\/#organization\"},\"potentialAction\":[{\"@type\":\"SearchAction\",\"target\":{\"@type\":\"EntryPoint\",\"urlTemplate\":\"https:\\\/\\\/produncan.cl\\\/de\\\/?s={search_term_string}\"},\"query-input\":{\"@type\":\"PropertyValueSpecification\",\"valueRequired\":true,\"valueName\":\"search_term_string\"}}],\"inLanguage\":\"de-DE\"},{\"@type\":\"Organization\",\"@id\":\"https:\\\/\\\/produncan.cl\\\/de\\\/#organization\",\"name\":\"Produncan\",\"url\":\"https:\\\/\\\/produncan.cl\\\/de\\\/\",\"logo\":{\"@type\":\"ImageObject\",\"inLanguage\":\"de-DE\",\"@id\":\"https:\\\/\\\/produncan.cl\\\/de\\\/#\\\/schema\\\/logo\\\/image\\\/\",\"url\":\"https:\\\/\\\/produncan.cl\\\/wp-content\\\/uploads\\\/2021\\\/03\\\/LOGO.jpeg\",\"contentUrl\":\"https:\\\/\\\/produncan.cl\\\/wp-content\\\/uploads\\\/2021\\\/03\\\/LOGO.jpeg\",\"width\":1280,\"height\":903,\"caption\":\"Produncan\"},\"image\":{\"@id\":\"https:\\\/\\\/produncan.cl\\\/de\\\/#\\\/schema\\\/logo\\\/image\\\/\"},\"sameAs\":[\"https:\\\/\\\/web.facebook.com\\\/produncanland\",\"https:\\\/\\\/www.instagram.com\\\/pro_duncan\\\/\",\"https:\\\/\\\/www.linkedin.com\\\/company\\\/produncan-lands\\\/\",\"https:\\\/\\\/www.youtube.com\\\/channel\\\/UCu7N-f3x0svkazD-Eew1-QQ\"],\"description\":\"En Produncan somos especialistas en la venta de terrenos en el sur de Chile. Proveemos estancias, campos, parcelas y hoteles.\",\"email\":\"info@produncan.cl\"}]}<\/script>\n<meta property=\"og:video\" content=\"https:\/\/www.youtube.com\/embed\/3E_Whyhxdg8\" \/>\n<meta property=\"og:video:type\" content=\"text\/html\" \/>\n<meta property=\"og:video:duration\" content=\"105\" \/>\n<meta property=\"og:video:width\" content=\"480\" \/>\n<meta property=\"og:video:height\" content=\"270\" \/>\n<meta property=\"ya:ovs:adult\" content=\"false\" \/>\n<meta property=\"ya:ovs:upload_date\" content=\"2025-12-05T15:12:31+00:00\" \/>\n<meta property=\"ya:ovs:allow_embed\" content=\"true\" \/>\n<meta property=\"product:price:amount\" content=\"1561000.00\" \/>\n<meta property=\"product:price:currency\" content=\"USD\" \/>\n<meta property=\"og:availability\" content=\"instock\" \/>\n<meta property=\"product:availability\" content=\"instock\" \/>\n<meta property=\"product:condition\" content=\"new\" \/>\n<!-- \/ Yoast SEO Premium plugin. -->","yoast_head_json":{"title":"Campo La Colina, Llanada Grande - Lagos Region - Produncan","description":"Feld von 206 ha in Llanada Grande mit 36 ha Wiesen, Fluss, H\u00e4user, Gallone, Solarenergie und Unterteilung in 33 Losen. In der N\u00e4he von Las Rocas und Azul Seen.","robots":{"index":"index","follow":"follow","max-snippet":"max-snippet:-1","max-image-preview":"max-image-preview:large","max-video-preview":"max-video-preview:-1"},"canonical":"https:\/\/produncan.cl\/de\/produkt\/campo-la-colina-llanada-grande-lagos-region\/","og_locale":"de_DE","og_type":"article","og_title":"Campo La Colina, Llanada Grande - Lagos Region","og_description":"Feld von 206 ha in Llanada Grande mit 36 ha Wiesen, Fluss, H\u00e4user, Gallone, Solarenergie und Unterteilung in 33 Losen. In der N\u00e4he von Las Rocas und Azul Seen.","og_url":"https:\/\/produncan.cl\/de\/produkt\/campo-la-colina-llanada-grande-lagos-region\/","og_site_name":"Produncan","article_publisher":"https:\/\/web.facebook.com\/produncanland","article_modified_time":"2026-02-18T15:50:04+00:00","og_image":[{"width":800,"height":600,"url":"https:\/\/produncan.cl\/wp-content\/uploads\/2025\/12\/Campo-La-Colina-Llanada-Grande.webp","type":"image\/webp"}],"twitter_card":"summary_large_image","twitter_misc":{"Price":"USD1.561.000,00","Availability":"In stock"},"schema":{"@context":"https:\/\/schema.org","@graph":[{"@type":"WebPage","@id":"https:\/\/produncan.cl\/de\/produkt\/campo-la-colina-llanada-grande-lagos-region\/","url":"https:\/\/produncan.cl\/de\/produkt\/campo-la-colina-llanada-grande-lagos-region\/","name":"Campo La Colina, Llanada Grande - Lagos Region - Produncan","isPartOf":{"@id":"https:\/\/produncan.cl\/de\/#website"},"primaryImageOfPage":{"@id":"https:\/\/produncan.cl\/de\/produkt\/campo-la-colina-llanada-grande-lagos-region\/#primaryimage"},"image":{"@id":"https:\/\/produncan.cl\/de\/produkt\/campo-la-colina-llanada-grande-lagos-region\/#primaryimage"},"thumbnailUrl":"https:\/\/produncan.cl\/wp-content\/uploads\/2025\/12\/Campo-La-Colina-Llanada-Grande.webp","datePublished":"2025-12-05T15:12:31+00:00","dateModified":"2026-02-18T15:50:04+00:00","description":"Feld von 206 ha in Llanada Grande mit 36 ha Wiesen, Fluss, H\u00e4user, Gallone, Solarenergie und Unterteilung in 33 Losen. In der N\u00e4he von Las Rocas und Azul Seen.","breadcrumb":{"@id":"https:\/\/produncan.cl\/de\/produkt\/campo-la-colina-llanada-grande-lagos-region\/#breadcrumb"},"inLanguage":"de-DE","potentialAction":[{"@type":"ReadAction","target":["https:\/\/produncan.cl\/de\/produkt\/campo-la-colina-llanada-grande-lagos-region\/"]}]},{"@type":"ImageObject","inLanguage":"de-DE","@id":"https:\/\/produncan.cl\/de\/produkt\/campo-la-colina-llanada-grande-lagos-region\/#primaryimage","url":"https:\/\/produncan.cl\/wp-content\/uploads\/2025\/12\/Campo-La-Colina-Llanada-Grande.webp","contentUrl":"https:\/\/produncan.cl\/wp-content\/uploads\/2025\/12\/Campo-La-Colina-Llanada-Grande.webp","width":800,"height":600,"caption":"Campo La Colina Llanada Grande"},{"@type":"BreadcrumbList","@id":"https:\/\/produncan.cl\/de\/produkt\/campo-la-colina-llanada-grande-lagos-region\/#breadcrumb","itemListElement":[{"@type":"ListItem","position":1,"name":"Inicio","item":"https:\/\/produncan.cl\/de\/"},{"@type":"ListItem","position":2,"name":"Eigenschaften","item":"https:\/\/produncan.cl\/propiedades\/"},{"@type":"ListItem","position":3,"name":"Felder","item":"https:\/\/produncan.cl\/de\/kategorie\/felder\/"},{"@type":"ListItem","position":4,"name":"Campo La Colina, Llanada Grande &#8211; Lagos Region"}]},{"@type":"WebSite","@id":"https:\/\/produncan.cl\/de\/#website","url":"https:\/\/produncan.cl\/de\/","name":"Produncan","description":"Wir begleiten Sie bei Ihrem Lebensprojekt!","publisher":{"@id":"https:\/\/produncan.cl\/de\/#organization"},"potentialAction":[{"@type":"SearchAction","target":{"@type":"EntryPoint","urlTemplate":"https:\/\/produncan.cl\/de\/?s={search_term_string}"},"query-input":{"@type":"PropertyValueSpecification","valueRequired":true,"valueName":"search_term_string"}}],"inLanguage":"de-DE"},{"@type":"Organization","@id":"https:\/\/produncan.cl\/de\/#organization","name":"Produncan","url":"https:\/\/produncan.cl\/de\/","logo":{"@type":"ImageObject","inLanguage":"de-DE","@id":"https:\/\/produncan.cl\/de\/#\/schema\/logo\/image\/","url":"https:\/\/produncan.cl\/wp-content\/uploads\/2021\/03\/LOGO.jpeg","contentUrl":"https:\/\/produncan.cl\/wp-content\/uploads\/2021\/03\/LOGO.jpeg","width":1280,"height":903,"caption":"Produncan"},"image":{"@id":"https:\/\/produncan.cl\/de\/#\/schema\/logo\/image\/"},"sameAs":["https:\/\/web.facebook.com\/produncanland","https:\/\/www.instagram.com\/pro_duncan\/","https:\/\/www.linkedin.com\/company\/produncan-lands\/","https:\/\/www.youtube.com\/channel\/UCu7N-f3x0svkazD-Eew1-QQ"],"description":"En Produncan somos especialistas en la venta de terrenos en el sur de Chile. Proveemos estancias, campos, parcelas y hoteles.","email":"info@produncan.cl"}]},"og_video":"https:\/\/www.youtube.com\/embed\/3E_Whyhxdg8","og_video_type":"text\/html","og_video_duration":"105","og_video_width":"480","og_video_height":"270","ya_ovs_adult":"false","ya_ovs_upload_date":"2025-12-05T15:12:31+00:00","ya_ovs_allow_embed":"true","product_price_amount":"1561000.00","product_price_currency":"USD","og_availability":"instock","product_availability":"instock","product_condition":"new"},"_links":{"self":[{"href":"https:\/\/produncan.cl\/de\/wp-json\/wp\/v2\/product\/53160","targetHints":{"allow":["GET"]}}],"collection":[{"href":"https:\/\/produncan.cl\/de\/wp-json\/wp\/v2\/product"}],"about":[{"href":"https:\/\/produncan.cl\/de\/wp-json\/wp\/v2\/types\/product"}],"version-history":[{"count":2,"href":"https:\/\/produncan.cl\/de\/wp-json\/wp\/v2\/product\/53160\/revisions"}],"predecessor-version":[{"id":54625,"href":"https:\/\/produncan.cl\/de\/wp-json\/wp\/v2\/product\/53160\/revisions\/54625"}],"wp:featuredmedia":[{"embeddable":true,"href":"https:\/\/produncan.cl\/de\/wp-json\/wp\/v2\/media\/53161"}],"wp:attachment":[{"href":"https:\/\/produncan.cl\/de\/wp-json\/wp\/v2\/media?parent=53160"}],"wp:term":[{"taxonomy":"product_brand","embeddable":true,"href":"https:\/\/produncan.cl\/de\/wp-json\/wp\/v2\/product_brand?post=53160"},{"taxonomy":"product_cat","embeddable":true,"href":"https:\/\/produncan.cl\/de\/wp-json\/wp\/v2\/product_cat?post=53160"},{"taxonomy":"product_tag","embeddable":true,"href":"https:\/\/produncan.cl\/de\/wp-json\/wp\/v2\/product_tag?post=53160"},{"taxonomy":"regiones","embeddable":true,"href":"https:\/\/produncan.cl\/de\/wp-json\/wp\/v2\/regiones?post=53160"},{"taxonomy":"ciudades","embeddable":true,"href":"https:\/\/produncan.cl\/de\/wp-json\/wp\/v2\/ciudades?post=53160"}],"curies":[{"name":"wp","href":"https:\/\/api.w.org\/{rel}","templated":true}]}}