{"id":54692,"date":"2026-01-28T12:15:42","date_gmt":"2026-01-28T15:15:42","guid":{"rendered":"https:\/\/produncan.cl\/propiedad\/haus-in-puerto-octay-las-cascades-region-los-lagos\/"},"modified":"2026-02-26T11:55:41","modified_gmt":"2026-02-26T14:55:41","slug":"haus-in-puerto-octay-las-cascades-region-los-lagos","status":"publish","type":"product","link":"https:\/\/produncan.cl\/de\/produkt\/haus-in-puerto-octay-las-cascades-region-los-lagos\/","title":{"rendered":"Haus in Puerto Octay, Las Cascades &#8211; Region Los Lagos"},"content":{"rendered":"\t\t<div data-elementor-type=\"product-post\" data-elementor-id=\"54692\" class=\"elementor elementor-54692 elementor-54598\" data-elementor-post-type=\"product\">\n\t\t\t\t<div class=\"elementor-element elementor-element-c1ccd98 e-flex e-con-boxed e-con e-parent\" data-id=\"c1ccd98\" data-element_type=\"container\" data-e-type=\"container\" data-settings=\"{&quot;jet_parallax_layout_list&quot;:[]}\">\n\t\t\t\t\t<div class=\"e-con-inner\">\n\t\t\t\t<div class=\"elementor-element elementor-element-0f32f03 elementor-widget elementor-widget-heading\" data-id=\"0f32f03\" data-element_type=\"widget\" data-e-type=\"widget\" data-widget_type=\"heading.default\">\n\t\t\t\t\t<h2 class=\"elementor-heading-title elementor-size-default\">Spektakul\u00e4res Haus vor dem Llanquihue See, mit direktem Zugang zum 200 Meter Strand<\/h2>\t\t\t\t<\/div>\n\t\t\t\t\t<\/div>\n\t\t\t\t<\/div>\n\t\t<div class=\"elementor-element elementor-element-fc2ef7b e-flex e-con-boxed e-con e-parent\" data-id=\"fc2ef7b\" data-element_type=\"container\" data-e-type=\"container\" data-settings=\"{&quot;jet_parallax_layout_list&quot;:[]}\">\n\t\t\t\t\t<div class=\"e-con-inner\">\n\t\t\t\t<div class=\"elementor-element elementor-element-a75b274 elementor-widget elementor-widget-text-editor\" data-id=\"a75b274\" data-element_type=\"widget\" data-e-type=\"widget\" data-widget_type=\"text-editor.default\">\n\t\t\t\t\t\t\t\t\t<p>Dieses au\u00dfergew\u00f6hnliche Anwesen befindet sich in einem der privilegierten Sektoren des Sees Llanquihue, bietet eine einzigartige Kombination aus Privatsph\u00e4re, Amplitude, Natur und direkten Zugang zum See, mit einer ponienten Orientierung, die Ihnen einfach un\u00fcbertroffene Sonnenunterg\u00e4nge gibt.<\/p>\n<p>Das Haus liegt auf einem Grundst\u00fcck von 6.000 m 2, mit fast 5.000 m 2 n\u00fctzlich und eine Seefront von ca. 80 m, hat eine direkte bis zum See, einen nat\u00fcrlichen Strand nur unter dem Grundst\u00fcck und eine Dod, so dass es eine au\u00dfergew\u00f6hnliche Option f\u00fcr diejenigen, die eine authentische und exklusive Lacustre-Lebenserfahrung suchen. All dies innerhalb einer geschlossenen Wohnung, mit Asphalt Zugang und nur 2 km vom Dorf Cascades, die grundlegende Dienstleistungen und dauerhafte Vernetzung hat.<\/p>\n<p>Das Haus, von 430 m 2 auf drei Ebenen gebaut, zeichnet sich durch seine solide Konstruktion und feine Oberfl\u00e4chen in edlem Holz, wo sie abheben Balken und S\u00e4ulen von pellin (Oak), rauli T\u00fcren, Druckkorridore, ulmo Treppe und eine sorgf\u00e4ltige Kombination von Keramik und Holz in B\u00f6den und B\u00e4dern. Jeder Raum wurde entworfen, um nat\u00fcrliches Licht, einen offenen Blick auf den See und den Familienkomfort zu privilegieren.<\/p>\n<p>Es verf\u00fcgt \u00fcber sechs Schlafzimmer, vier B\u00e4der, eine gro\u00dfe K\u00fcche mit gro\u00dfen R\u00e4umen und ein t\u00e4gliches Esszimmer, Schreibtisch, Logien, Weinkellereien und eine gro\u00dfe Panoramaterrasse, ideal zum Genie\u00dfen der nat\u00fcrlichen Umgebung. Im dritten Stock befindet sich ein gro\u00dfes Wohnzimmer oder ein Spielzimmer, perfekt als Familienraum oder Unterhaltung. Als Mehrwert bietet die Terrasse einen Whirlpool mit Blick auf den See und schafft eine einzigartige Ruheumgebung.<\/p>\n<p>Das Haus verf\u00fcgt \u00fcber Zentralheizung durch Kessel, Kamin und Klimaanlage sowie zentralisiertes Warmwasser. Die Wasserversorgung kommt von einem Stero des Osorno Volcano, mit Projektion auf zuk\u00fcnftige Netzwerkverbindung von gut bereits ausgef\u00fchrt, einschlie\u00dflich Vergusssystem. Das Anwesen verf\u00fcgt \u00fcber dreiphasige Strom, PVC-Thermopanelfenster, Alarmanlage und einen gro\u00dfen Platz f\u00fcr bis zu 10 Parkpl\u00e4tze.<\/p>\n<p>Seine Lage ist strategisch: 40 km von Puerto Octay, 75 km von Osorno und mit sofortigem Zugang zu den wichtigsten Sehensw\u00fcrdigkeiten der Gegend, wie die Osorno und Calbuco Vulkane, Nationalparks und Outdoor-Aktivit\u00e4ten im ganzen Jahr. Es verf\u00fcgt auch \u00fcber ein Telekommunikationssignal und einen Internetzugang, der die Natur und Konnektivit\u00e4t perfekt kombinieren l\u00e4sst.<\/p>\n<p>Mit einer kommunalen Rezeption und viertelj\u00e4hrlichen Beitr\u00e4gen von $80.000 stellt diese Immobilie eine au\u00dfergew\u00f6hnliche Gelegenheit f\u00fcr diejenigen dar, die eine hochrangige Familienresidenz, ein zweites Erholungsheim oder eine Investition vor dem See, in einer der wertvollsten nat\u00fcrlichen Umgebungen in S\u00fcdchilien suchen.<\/p>\n<p>Kontaktieren Sie uns und kennen Sie diese spektakul\u00e4re Immobilie!<\/p>\n\t\t\t\t\t\t\t\t<\/div>\n\t\t\t\t\t<\/div>\n\t\t\t\t<\/div>\n\t\t\t\t<\/div>\n\t\t","protected":false},"excerpt":{"rendered":"<p>Haus im Grundst\u00fcck in Puerto Octay. asphalt Zugang, 80 Meter vom Llanquihue See, Strom, Wasser und gutes Signal. In exklusiver Wohnung. 40 km von Puerto Octay und 75 km von Osorno entfernt.<\/p>\n","protected":false},"featured_media":54693,"template":"","meta":{"_acf_changed":false},"product_brand":[],"product_cat":[104],"product_tag":[232,231],"regiones":[226],"ciudades":[228,541],"class_list":{"0":"post-54692","1":"product","2":"type-product","3":"status-publish","4":"has-post-thumbnail","6":"product_cat-ohiggins-los-lagos","7":"product_tag-grundstuecke","8":"product_tag-touristische-immobilien","9":"regiones-nuble-los_lagos","10":"ciudades-frutillar","11":"ciudades-puerto-octay","13":"first","14":"instock","15":"shipping-taxable","16":"purchasable","17":"product-type-simple"},"acf":[],"yoast_head":"<!-- This site is optimized with the Yoast SEO Premium plugin v26.0 (Yoast SEO v27.3) - https:\/\/yoast.com\/product\/yoast-seo-premium-wordpress\/ -->\n<title>Haus in Puerto Octay, Las Cascades - Region Los Lagos - Produncan<\/title>\n<meta name=\"description\" content=\"Haus im Grundst\u00fcck in Puerto Octay. asphalt Zugang, 80 Meter vom Llanquihue See, Strom, Wasser und gutes Signal. In exklusiver Wohnung.\" \/>\n<meta name=\"robots\" content=\"index, follow, max-snippet:-1, max-image-preview:large, max-video-preview:-1\" \/>\n<link rel=\"canonical\" href=\"https:\/\/produncan.cl\/de\/produkt\/haus-in-puerto-octay-las-cascades-region-los-lagos\/\" \/>\n<meta property=\"og:locale\" content=\"de_DE\" \/>\n<meta property=\"og:type\" content=\"article\" \/>\n<meta property=\"og:title\" content=\"Haus in Puerto Octay, Las Cascades - Region Los Lagos\" \/>\n<meta property=\"og:description\" content=\"Haus im Grundst\u00fcck in Puerto Octay. asphalt Zugang, 80 Meter vom Llanquihue See, Strom, Wasser und gutes Signal. In exklusiver Wohnung.\" \/>\n<meta property=\"og:url\" content=\"https:\/\/produncan.cl\/de\/produkt\/haus-in-puerto-octay-las-cascades-region-los-lagos\/\" \/>\n<meta property=\"og:site_name\" content=\"Produncan\" \/>\n<meta property=\"article:publisher\" content=\"https:\/\/web.facebook.com\/produncanland\" \/>\n<meta property=\"article:modified_time\" content=\"2026-02-26T14:55:41+00:00\" \/>\n<meta property=\"og:image\" content=\"https:\/\/produncan.cl\/wp-content\/uploads\/2026\/01\/Casa-Cascadas-Puerto-Octay.webp\" \/>\n\t<meta property=\"og:image:width\" content=\"800\" \/>\n\t<meta property=\"og:image:height\" content=\"600\" \/>\n\t<meta property=\"og:image:type\" content=\"image\/webp\" \/>\n<meta name=\"twitter:card\" content=\"summary_large_image\" \/>\n<meta name=\"twitter:label1\" content=\"Price\" \/>\n\t<meta name=\"twitter:data1\" content=\"USD913.100,00\" \/>\n\t<meta name=\"twitter:label2\" content=\"Availability\" \/>\n\t<meta name=\"twitter:data2\" content=\"In stock\" \/>\n<script type=\"application\/ld+json\" class=\"yoast-schema-graph\">{\"@context\":\"https:\\\/\\\/schema.org\",\"@graph\":[{\"@type\":\"WebPage\",\"@id\":\"https:\\\/\\\/produncan.cl\\\/de\\\/produkt\\\/haus-in-puerto-octay-las-cascades-region-los-lagos\\\/\",\"url\":\"https:\\\/\\\/produncan.cl\\\/de\\\/produkt\\\/haus-in-puerto-octay-las-cascades-region-los-lagos\\\/\",\"name\":\"Haus in Puerto Octay, Las Cascades - Region Los Lagos - Produncan\",\"isPartOf\":{\"@id\":\"https:\\\/\\\/produncan.cl\\\/de\\\/#website\"},\"primaryImageOfPage\":{\"@id\":\"https:\\\/\\\/produncan.cl\\\/de\\\/produkt\\\/haus-in-puerto-octay-las-cascades-region-los-lagos\\\/#primaryimage\"},\"image\":{\"@id\":\"https:\\\/\\\/produncan.cl\\\/de\\\/produkt\\\/haus-in-puerto-octay-las-cascades-region-los-lagos\\\/#primaryimage\"},\"thumbnailUrl\":\"https:\\\/\\\/produncan.cl\\\/wp-content\\\/uploads\\\/2026\\\/01\\\/Casa-Cascadas-Puerto-Octay.webp\",\"datePublished\":\"2026-01-28T15:15:42+00:00\",\"dateModified\":\"2026-02-26T14:55:41+00:00\",\"description\":\"Haus im Grundst\u00fcck in Puerto Octay. asphalt Zugang, 80 Meter vom Llanquihue See, Strom, Wasser und gutes Signal. In exklusiver Wohnung.\",\"breadcrumb\":{\"@id\":\"https:\\\/\\\/produncan.cl\\\/de\\\/produkt\\\/haus-in-puerto-octay-las-cascades-region-los-lagos\\\/#breadcrumb\"},\"inLanguage\":\"de-DE\",\"potentialAction\":[{\"@type\":\"ReadAction\",\"target\":[\"https:\\\/\\\/produncan.cl\\\/de\\\/produkt\\\/haus-in-puerto-octay-las-cascades-region-los-lagos\\\/\"]}]},{\"@type\":\"ImageObject\",\"inLanguage\":\"de-DE\",\"@id\":\"https:\\\/\\\/produncan.cl\\\/de\\\/produkt\\\/haus-in-puerto-octay-las-cascades-region-los-lagos\\\/#primaryimage\",\"url\":\"https:\\\/\\\/produncan.cl\\\/wp-content\\\/uploads\\\/2026\\\/01\\\/Casa-Cascadas-Puerto-Octay.webp\",\"contentUrl\":\"https:\\\/\\\/produncan.cl\\\/wp-content\\\/uploads\\\/2026\\\/01\\\/Casa-Cascadas-Puerto-Octay.webp\",\"width\":800,\"height\":600,\"caption\":\"Casa Cascades Puerto Octay\"},{\"@type\":\"BreadcrumbList\",\"@id\":\"https:\\\/\\\/produncan.cl\\\/de\\\/produkt\\\/haus-in-puerto-octay-las-cascades-region-los-lagos\\\/#breadcrumb\",\"itemListElement\":[{\"@type\":\"ListItem\",\"position\":1,\"name\":\"Inicio\",\"item\":\"https:\\\/\\\/produncan.cl\\\/de\\\/\"},{\"@type\":\"ListItem\",\"position\":2,\"name\":\"Eigenschaften\",\"item\":\"https:\\\/\\\/produncan.cl\\\/propiedades\\\/\"},{\"@type\":\"ListItem\",\"position\":3,\"name\":\"Grundst\u00fccke\",\"item\":\"https:\\\/\\\/produncan.cl\\\/de\\\/kategorie\\\/grundstuecke\\\/\"},{\"@type\":\"ListItem\",\"position\":4,\"name\":\"Haus in Puerto Octay, Las Cascades &#8211; Region Los Lagos\"}]},{\"@type\":\"WebSite\",\"@id\":\"https:\\\/\\\/produncan.cl\\\/de\\\/#website\",\"url\":\"https:\\\/\\\/produncan.cl\\\/de\\\/\",\"name\":\"Produncan\",\"description\":\"Wir begleiten Sie bei Ihrem Lebensprojekt!\",\"publisher\":{\"@id\":\"https:\\\/\\\/produncan.cl\\\/de\\\/#organization\"},\"potentialAction\":[{\"@type\":\"SearchAction\",\"target\":{\"@type\":\"EntryPoint\",\"urlTemplate\":\"https:\\\/\\\/produncan.cl\\\/de\\\/?s={search_term_string}\"},\"query-input\":{\"@type\":\"PropertyValueSpecification\",\"valueRequired\":true,\"valueName\":\"search_term_string\"}}],\"inLanguage\":\"de-DE\"},{\"@type\":\"Organization\",\"@id\":\"https:\\\/\\\/produncan.cl\\\/de\\\/#organization\",\"name\":\"Produncan\",\"url\":\"https:\\\/\\\/produncan.cl\\\/de\\\/\",\"logo\":{\"@type\":\"ImageObject\",\"inLanguage\":\"de-DE\",\"@id\":\"https:\\\/\\\/produncan.cl\\\/de\\\/#\\\/schema\\\/logo\\\/image\\\/\",\"url\":\"https:\\\/\\\/produncan.cl\\\/wp-content\\\/uploads\\\/2021\\\/03\\\/LOGO.jpeg\",\"contentUrl\":\"https:\\\/\\\/produncan.cl\\\/wp-content\\\/uploads\\\/2021\\\/03\\\/LOGO.jpeg\",\"width\":1280,\"height\":903,\"caption\":\"Produncan\"},\"image\":{\"@id\":\"https:\\\/\\\/produncan.cl\\\/de\\\/#\\\/schema\\\/logo\\\/image\\\/\"},\"sameAs\":[\"https:\\\/\\\/web.facebook.com\\\/produncanland\",\"https:\\\/\\\/www.instagram.com\\\/pro_duncan\\\/\",\"https:\\\/\\\/www.linkedin.com\\\/company\\\/produncan-lands\\\/\",\"https:\\\/\\\/www.youtube.com\\\/channel\\\/UCu7N-f3x0svkazD-Eew1-QQ\"],\"description\":\"En Produncan somos especialistas en la venta de terrenos en el sur de Chile. Proveemos estancias, campos, parcelas y hoteles.\",\"email\":\"info@produncan.cl\"}]}<\/script>\n<meta property=\"og:video\" content=\"https:\/\/www.youtube.com\/embed\/JSXapuCfi2M\" \/>\n<meta property=\"og:video:type\" content=\"text\/html\" \/>\n<meta property=\"og:video:duration\" content=\"82\" \/>\n<meta property=\"og:video:width\" content=\"480\" \/>\n<meta property=\"og:video:height\" content=\"270\" \/>\n<meta property=\"ya:ovs:adult\" content=\"false\" \/>\n<meta property=\"ya:ovs:upload_date\" content=\"2026-01-28T15:15:42+00:00\" \/>\n<meta property=\"ya:ovs:allow_embed\" content=\"true\" \/>\n<meta property=\"product:price:amount\" content=\"913100.00\" \/>\n<meta property=\"product:price:currency\" content=\"USD\" \/>\n<meta property=\"og:availability\" content=\"instock\" \/>\n<meta property=\"product:availability\" content=\"instock\" \/>\n<meta property=\"product:condition\" content=\"new\" \/>\n<!-- \/ Yoast SEO Premium plugin. -->","yoast_head_json":{"title":"Haus in Puerto Octay, Las Cascades - Region Los Lagos - Produncan","description":"Haus im Grundst\u00fcck in Puerto Octay. asphalt Zugang, 80 Meter vom Llanquihue See, Strom, Wasser und gutes Signal. In exklusiver Wohnung.","robots":{"index":"index","follow":"follow","max-snippet":"max-snippet:-1","max-image-preview":"max-image-preview:large","max-video-preview":"max-video-preview:-1"},"canonical":"https:\/\/produncan.cl\/de\/produkt\/haus-in-puerto-octay-las-cascades-region-los-lagos\/","og_locale":"de_DE","og_type":"article","og_title":"Haus in Puerto Octay, Las Cascades - Region Los Lagos","og_description":"Haus im Grundst\u00fcck in Puerto Octay. asphalt Zugang, 80 Meter vom Llanquihue See, Strom, Wasser und gutes Signal. In exklusiver Wohnung.","og_url":"https:\/\/produncan.cl\/de\/produkt\/haus-in-puerto-octay-las-cascades-region-los-lagos\/","og_site_name":"Produncan","article_publisher":"https:\/\/web.facebook.com\/produncanland","article_modified_time":"2026-02-26T14:55:41+00:00","og_image":[{"width":800,"height":600,"url":"https:\/\/produncan.cl\/wp-content\/uploads\/2026\/01\/Casa-Cascadas-Puerto-Octay.webp","type":"image\/webp"}],"twitter_card":"summary_large_image","twitter_misc":{"Price":"USD913.100,00","Availability":"In stock"},"schema":{"@context":"https:\/\/schema.org","@graph":[{"@type":"WebPage","@id":"https:\/\/produncan.cl\/de\/produkt\/haus-in-puerto-octay-las-cascades-region-los-lagos\/","url":"https:\/\/produncan.cl\/de\/produkt\/haus-in-puerto-octay-las-cascades-region-los-lagos\/","name":"Haus in Puerto Octay, Las Cascades - Region Los Lagos - Produncan","isPartOf":{"@id":"https:\/\/produncan.cl\/de\/#website"},"primaryImageOfPage":{"@id":"https:\/\/produncan.cl\/de\/produkt\/haus-in-puerto-octay-las-cascades-region-los-lagos\/#primaryimage"},"image":{"@id":"https:\/\/produncan.cl\/de\/produkt\/haus-in-puerto-octay-las-cascades-region-los-lagos\/#primaryimage"},"thumbnailUrl":"https:\/\/produncan.cl\/wp-content\/uploads\/2026\/01\/Casa-Cascadas-Puerto-Octay.webp","datePublished":"2026-01-28T15:15:42+00:00","dateModified":"2026-02-26T14:55:41+00:00","description":"Haus im Grundst\u00fcck in Puerto Octay. asphalt Zugang, 80 Meter vom Llanquihue See, Strom, Wasser und gutes Signal. In exklusiver Wohnung.","breadcrumb":{"@id":"https:\/\/produncan.cl\/de\/produkt\/haus-in-puerto-octay-las-cascades-region-los-lagos\/#breadcrumb"},"inLanguage":"de-DE","potentialAction":[{"@type":"ReadAction","target":["https:\/\/produncan.cl\/de\/produkt\/haus-in-puerto-octay-las-cascades-region-los-lagos\/"]}]},{"@type":"ImageObject","inLanguage":"de-DE","@id":"https:\/\/produncan.cl\/de\/produkt\/haus-in-puerto-octay-las-cascades-region-los-lagos\/#primaryimage","url":"https:\/\/produncan.cl\/wp-content\/uploads\/2026\/01\/Casa-Cascadas-Puerto-Octay.webp","contentUrl":"https:\/\/produncan.cl\/wp-content\/uploads\/2026\/01\/Casa-Cascadas-Puerto-Octay.webp","width":800,"height":600,"caption":"Casa Cascades Puerto Octay"},{"@type":"BreadcrumbList","@id":"https:\/\/produncan.cl\/de\/produkt\/haus-in-puerto-octay-las-cascades-region-los-lagos\/#breadcrumb","itemListElement":[{"@type":"ListItem","position":1,"name":"Inicio","item":"https:\/\/produncan.cl\/de\/"},{"@type":"ListItem","position":2,"name":"Eigenschaften","item":"https:\/\/produncan.cl\/propiedades\/"},{"@type":"ListItem","position":3,"name":"Grundst\u00fccke","item":"https:\/\/produncan.cl\/de\/kategorie\/grundstuecke\/"},{"@type":"ListItem","position":4,"name":"Haus in Puerto Octay, Las Cascades &#8211; Region Los Lagos"}]},{"@type":"WebSite","@id":"https:\/\/produncan.cl\/de\/#website","url":"https:\/\/produncan.cl\/de\/","name":"Produncan","description":"Wir begleiten Sie bei Ihrem Lebensprojekt!","publisher":{"@id":"https:\/\/produncan.cl\/de\/#organization"},"potentialAction":[{"@type":"SearchAction","target":{"@type":"EntryPoint","urlTemplate":"https:\/\/produncan.cl\/de\/?s={search_term_string}"},"query-input":{"@type":"PropertyValueSpecification","valueRequired":true,"valueName":"search_term_string"}}],"inLanguage":"de-DE"},{"@type":"Organization","@id":"https:\/\/produncan.cl\/de\/#organization","name":"Produncan","url":"https:\/\/produncan.cl\/de\/","logo":{"@type":"ImageObject","inLanguage":"de-DE","@id":"https:\/\/produncan.cl\/de\/#\/schema\/logo\/image\/","url":"https:\/\/produncan.cl\/wp-content\/uploads\/2021\/03\/LOGO.jpeg","contentUrl":"https:\/\/produncan.cl\/wp-content\/uploads\/2021\/03\/LOGO.jpeg","width":1280,"height":903,"caption":"Produncan"},"image":{"@id":"https:\/\/produncan.cl\/de\/#\/schema\/logo\/image\/"},"sameAs":["https:\/\/web.facebook.com\/produncanland","https:\/\/www.instagram.com\/pro_duncan\/","https:\/\/www.linkedin.com\/company\/produncan-lands\/","https:\/\/www.youtube.com\/channel\/UCu7N-f3x0svkazD-Eew1-QQ"],"description":"En Produncan somos especialistas en la venta de terrenos en el sur de Chile. Proveemos estancias, campos, parcelas y hoteles.","email":"info@produncan.cl"}]},"og_video":"https:\/\/www.youtube.com\/embed\/JSXapuCfi2M","og_video_type":"text\/html","og_video_duration":"82","og_video_width":"480","og_video_height":"270","ya_ovs_adult":"false","ya_ovs_upload_date":"2026-01-28T15:15:42+00:00","ya_ovs_allow_embed":"true","product_price_amount":"913100.00","product_price_currency":"USD","og_availability":"instock","product_availability":"instock","product_condition":"new"},"_links":{"self":[{"href":"https:\/\/produncan.cl\/de\/wp-json\/wp\/v2\/product\/54692","targetHints":{"allow":["GET"]}}],"collection":[{"href":"https:\/\/produncan.cl\/de\/wp-json\/wp\/v2\/product"}],"about":[{"href":"https:\/\/produncan.cl\/de\/wp-json\/wp\/v2\/types\/product"}],"version-history":[{"count":1,"href":"https:\/\/produncan.cl\/de\/wp-json\/wp\/v2\/product\/54692\/revisions"}],"predecessor-version":[{"id":54706,"href":"https:\/\/produncan.cl\/de\/wp-json\/wp\/v2\/product\/54692\/revisions\/54706"}],"wp:featuredmedia":[{"embeddable":true,"href":"https:\/\/produncan.cl\/de\/wp-json\/wp\/v2\/media\/54693"}],"wp:attachment":[{"href":"https:\/\/produncan.cl\/de\/wp-json\/wp\/v2\/media?parent=54692"}],"wp:term":[{"taxonomy":"product_brand","embeddable":true,"href":"https:\/\/produncan.cl\/de\/wp-json\/wp\/v2\/product_brand?post=54692"},{"taxonomy":"product_cat","embeddable":true,"href":"https:\/\/produncan.cl\/de\/wp-json\/wp\/v2\/product_cat?post=54692"},{"taxonomy":"product_tag","embeddable":true,"href":"https:\/\/produncan.cl\/de\/wp-json\/wp\/v2\/product_tag?post=54692"},{"taxonomy":"regiones","embeddable":true,"href":"https:\/\/produncan.cl\/de\/wp-json\/wp\/v2\/regiones?post=54692"},{"taxonomy":"ciudades","embeddable":true,"href":"https:\/\/produncan.cl\/de\/wp-json\/wp\/v2\/ciudades?post=54692"}],"curies":[{"name":"wp","href":"https:\/\/api.w.org\/{rel}","templated":true}]}}