{"id":54752,"date":"2026-01-27T18:43:14","date_gmt":"2026-01-27T21:43:14","guid":{"rendered":"https:\/\/produncan.cl\/propiedad\/plot-black-hand-aysen-region\/"},"modified":"2026-03-30T18:41:07","modified_gmt":"2026-03-30T21:41:07","slug":"plot-black-hand-aysen-region","status":"publish","type":"product","link":"https:\/\/produncan.cl\/de\/produkt\/plot-black-hand-aysen-region\/","title":{"rendered":"Plot Black Hand &#8211; Aysen Region"},"content":{"rendered":"\t\t<div data-elementor-type=\"product-post\" data-elementor-id=\"54752\" class=\"elementor elementor-54752 elementor-54575\" data-elementor-post-type=\"product\">\n\t\t\t\t\t\t<div class=\"elementor-element elementor-element-6d2bf17 e-con e-atomic-element e-flexbox-base\" data-id=\"6d2bf17\" data-element_type=\"e-flexbox\" data-e-type=\"e-flexbox\" data-interaction-id=\"6d2bf17\">\n\t\t\t\t<div class=\"elementor-element elementor-element-a3f0217 elementor-widget elementor-widget-heading\" data-id=\"a3f0217\" data-element_type=\"widget\" data-e-type=\"widget\" data-widget_type=\"heading.default\">\n\t\t\t\t\t<h2 class=\"elementor-heading-title elementor-size-default\">Privatsph\u00e4re, patagonische Ansichten und direkte Verbindung zum Southern Highway<\/h2>\t\t\t\t<\/div>\n\t\t\t\t<\/div>\n\t\t\t\t<div class=\"elementor-element elementor-element-8c86123 e-con e-atomic-element e-flexbox-base\" data-id=\"8c86123\" data-element_type=\"e-flexbox\" data-e-type=\"e-flexbox\" data-interaction-id=\"8c86123\">\n\t\t\t\t<div class=\"elementor-element elementor-element-d1a6cbc elementor-widget elementor-widget-text-editor\" data-id=\"d1a6cbc\" data-element_type=\"widget\" data-e-type=\"widget\" data-widget_type=\"text-editor.default\">\n\t\t\t\t\t\t\t\t\t<p>Dieses Grundst\u00fcck befindet sich im Sektor Kaiser Guillermo, nur wenige Minuten von Villa Ortega entfernt, bietet eine einzigartige Gelegenheit f\u00fcr diejenigen, die in Patagonien leben oder investieren m\u00f6chten, die privilegierte nat\u00fcrliche Umgebung, ausgezeichnete Anbindung und hohe touristische Potenziale kombinieren.<\/p>\n<p>Das Land befindet sich an einem hohen Punkt der Patagonischen Pampa und gipfelt in einem kleinen Wald von Kiefer und einheimischen Vegetation, von denen man einen offenen Blick auf die Cerro Empericio Guillermo, Cerro Rosado und die l\u00e4ndliche Landschaft der Villa Ortega erh\u00e4lt. Seine weitgehend flache Topographie, mit einem glatten Endhang, erm\u00f6glicht die Entwicklung von Wohn- oder Tourismusprojekten, die von unvergleichlichem Panorama profitieren.<\/p>\n<p>Das Grundst\u00fcck hat seine eigene Rolle, Verwendung von landwirtschaftlichen Boden und eine Fl\u00e4che von 10.000 m 2 registriert, in der Praxis etwa 2.000 m 2 mehr als ein Hektar aufgrund eines historischen topographischen Fehlers, die nicht ge\u00e4ndert werden k\u00f6nnen, da die umliegenden L\u00e4nder verkauft und eingez\u00e4unt werden. Es hat direkten und gepflasterten Zugang von der Southern Road, Strom durch eine elektrische Leitung durch die Route 7 und einen Fluss mit sauberem Wasser. Es hat keine Verbote oder servitude und hat ausgezeichnete Sonneneinstrahlung.<\/p>\n<p>Das Land hat Durchf\u00fchrbarkeit und Stromanschluss, die Stromleitung durch die Stra\u00dfe geht, und ist auch in ein Komitee des l\u00e4ndlichen Trinkwassers (APR) integriert, das die Entwicklung des Projekts wesentlich erleichtert, um komplexe und teure Anstrengungen zu vermeiden.<\/p>\n<p>Es liegt 2,9 km von der Villa Ortega und 33 km von Coyhaique entfernt, mit einer komplett gepflasterten Stra\u00dfe, einem guten Telekommunikationssignal und in der N\u00e4he von Aktivit\u00e4ten wie Trekking, Reiten und internationale Sportfischerei.<\/p>\n<p>Als Mehrwert wird die Immobilie in den l\u00e4ndlichen Strom- und Trinkwasserausschuss integriert und der Verkauf umfasst ein hochstandardisiertes aufblasbares Zelt, geeignet f\u00fcr -20 \u00b0 C, mit Verbindungen f\u00fcr Bosca Typ Herd, ideal f\u00fcr sofortige Nutzung bei der Entwicklung eines endg\u00fcltigen Projekts.<\/p>\n<p>Kontaktieren Sie uns und verwirklichen Sie Ihren Traum in Patagonien!<\/p>\n\t\t\t\t\t\t\t\t<\/div>\n\t\t\t\t<\/div>\n\t\t\t\t<\/div>\n\t\t","protected":false},"excerpt":{"rendered":"<p>Legen Sie es auf 33 Kms von Coyhaique. Es verbindet sich mit dem Southern Highway, gepflasterter Zugang, Strom, L\u00e4ndliches Trinkwasser und ausgezeichnetes Telefonsignal. In der N\u00e4he der Villa Ortega, mit Blick auf den Cerro Kaiser Guillermo.<\/p>\n","protected":false},"featured_media":54753,"template":"","meta":{"_acf_changed":false},"product_brand":[],"product_cat":[116],"product_tag":[232],"regiones":[],"ciudades":[],"class_list":{"0":"post-54752","1":"product","2":"type-product","3":"status-publish","4":"has-post-thumbnail","6":"product_cat-aysen-magallanes-de","7":"product_tag-grundstuecke","9":"first","10":"instock","11":"shipping-taxable","12":"purchasable","13":"product-type-simple"},"acf":[],"yoast_head":"<!-- This site is optimized with the Yoast SEO Premium plugin v26.0 (Yoast SEO v27.3) - https:\/\/yoast.com\/product\/yoast-seo-premium-wordpress\/ -->\n<title>Plot Black Hand - Aysen Region - Produncan<\/title>\n<meta name=\"description\" content=\"Legen Sie es auf 33 Kms von Coyhaique. Es verbindet sich mit dem Southern Highway, gepflasterter Zugang, Strom, L\u00e4ndliches Trinkwasser und ausgezeichnetes Telefonsignal. In der N\u00e4he der Villa Ortega, mit Blick auf den Cerro Kaiser Guillermo.\" \/>\n<meta name=\"robots\" content=\"index, follow, max-snippet:-1, max-image-preview:large, max-video-preview:-1\" \/>\n<link rel=\"canonical\" href=\"https:\/\/produncan.cl\/de\/produkt\/plot-black-hand-aysen-region\/\" \/>\n<meta property=\"og:locale\" content=\"de_DE\" \/>\n<meta property=\"og:type\" content=\"article\" \/>\n<meta property=\"og:title\" content=\"Plot Black Hand - Aysen Region\" \/>\n<meta property=\"og:description\" content=\"Legen Sie es auf 33 Kms von Coyhaique. Es verbindet sich mit dem Southern Highway, gepflasterter Zugang, Strom, L\u00e4ndliches Trinkwasser und ausgezeichnetes Telefonsignal. In der N\u00e4he der Villa Ortega, mit Blick auf den Cerro Kaiser Guillermo.\" \/>\n<meta property=\"og:url\" content=\"https:\/\/produncan.cl\/de\/produkt\/plot-black-hand-aysen-region\/\" \/>\n<meta property=\"og:site_name\" content=\"Produncan\" \/>\n<meta property=\"article:publisher\" content=\"https:\/\/web.facebook.com\/produncanland\" \/>\n<meta property=\"article:modified_time\" content=\"2026-03-30T21:41:07+00:00\" \/>\n<meta property=\"og:image\" content=\"https:\/\/produncan.cl\/wp-content\/uploads\/2026\/01\/Parcela-Mano-negra.webp\" \/>\n\t<meta property=\"og:image:width\" content=\"800\" \/>\n\t<meta property=\"og:image:height\" content=\"600\" \/>\n\t<meta property=\"og:image:type\" content=\"image\/webp\" \/>\n<meta name=\"twitter:card\" content=\"summary_large_image\" \/>\n<meta name=\"twitter:label1\" content=\"Price\" \/>\n\t<meta name=\"twitter:data1\" content=\"USD50.700,00\" \/>\n\t<meta name=\"twitter:label2\" content=\"Availability\" \/>\n\t<meta name=\"twitter:data2\" content=\"In stock\" \/>\n<script type=\"application\/ld+json\" class=\"yoast-schema-graph\">{\"@context\":\"https:\\\/\\\/schema.org\",\"@graph\":[{\"@type\":\"WebPage\",\"@id\":\"https:\\\/\\\/produncan.cl\\\/de\\\/produkt\\\/plot-black-hand-aysen-region\\\/\",\"url\":\"https:\\\/\\\/produncan.cl\\\/de\\\/produkt\\\/plot-black-hand-aysen-region\\\/\",\"name\":\"Plot Black Hand - Aysen Region - Produncan\",\"isPartOf\":{\"@id\":\"https:\\\/\\\/produncan.cl\\\/de\\\/#website\"},\"primaryImageOfPage\":{\"@id\":\"https:\\\/\\\/produncan.cl\\\/de\\\/produkt\\\/plot-black-hand-aysen-region\\\/#primaryimage\"},\"image\":{\"@id\":\"https:\\\/\\\/produncan.cl\\\/de\\\/produkt\\\/plot-black-hand-aysen-region\\\/#primaryimage\"},\"thumbnailUrl\":\"https:\\\/\\\/produncan.cl\\\/wp-content\\\/uploads\\\/2026\\\/01\\\/Parcela-Mano-negra.webp\",\"datePublished\":\"2026-01-27T21:43:14+00:00\",\"dateModified\":\"2026-03-30T21:41:07+00:00\",\"description\":\"Legen Sie es auf 33 Kms von Coyhaique. Es verbindet sich mit dem Southern Highway, gepflasterter Zugang, Strom, L\u00e4ndliches Trinkwasser und ausgezeichnetes Telefonsignal. In der N\u00e4he der Villa Ortega, mit Blick auf den Cerro Kaiser Guillermo.\",\"breadcrumb\":{\"@id\":\"https:\\\/\\\/produncan.cl\\\/de\\\/produkt\\\/plot-black-hand-aysen-region\\\/#breadcrumb\"},\"inLanguage\":\"de-DE\",\"potentialAction\":[{\"@type\":\"ReadAction\",\"target\":[\"https:\\\/\\\/produncan.cl\\\/de\\\/produkt\\\/plot-black-hand-aysen-region\\\/\"]}]},{\"@type\":\"ImageObject\",\"inLanguage\":\"de-DE\",\"@id\":\"https:\\\/\\\/produncan.cl\\\/de\\\/produkt\\\/plot-black-hand-aysen-region\\\/#primaryimage\",\"url\":\"https:\\\/\\\/produncan.cl\\\/wp-content\\\/uploads\\\/2026\\\/01\\\/Parcela-Mano-negra.webp\",\"contentUrl\":\"https:\\\/\\\/produncan.cl\\\/wp-content\\\/uploads\\\/2026\\\/01\\\/Parcela-Mano-negra.webp\",\"width\":800,\"height\":600,\"caption\":\"Plot Schwarze Hand\"},{\"@type\":\"BreadcrumbList\",\"@id\":\"https:\\\/\\\/produncan.cl\\\/de\\\/produkt\\\/plot-black-hand-aysen-region\\\/#breadcrumb\",\"itemListElement\":[{\"@type\":\"ListItem\",\"position\":1,\"name\":\"Inicio\",\"item\":\"https:\\\/\\\/produncan.cl\\\/de\\\/\"},{\"@type\":\"ListItem\",\"position\":2,\"name\":\"Eigenschaften\",\"item\":\"https:\\\/\\\/produncan.cl\\\/propiedades\\\/\"},{\"@type\":\"ListItem\",\"position\":3,\"name\":\"Grundst\u00fccke\",\"item\":\"https:\\\/\\\/produncan.cl\\\/de\\\/kategorie\\\/grundstuecke\\\/\"},{\"@type\":\"ListItem\",\"position\":4,\"name\":\"Plot Black Hand &#8211; Aysen Region\"}]},{\"@type\":\"WebSite\",\"@id\":\"https:\\\/\\\/produncan.cl\\\/de\\\/#website\",\"url\":\"https:\\\/\\\/produncan.cl\\\/de\\\/\",\"name\":\"Produncan\",\"description\":\"Wir begleiten Sie bei Ihrem Lebensprojekt!\",\"publisher\":{\"@id\":\"https:\\\/\\\/produncan.cl\\\/de\\\/#organization\"},\"potentialAction\":[{\"@type\":\"SearchAction\",\"target\":{\"@type\":\"EntryPoint\",\"urlTemplate\":\"https:\\\/\\\/produncan.cl\\\/de\\\/?s={search_term_string}\"},\"query-input\":{\"@type\":\"PropertyValueSpecification\",\"valueRequired\":true,\"valueName\":\"search_term_string\"}}],\"inLanguage\":\"de-DE\"},{\"@type\":\"Organization\",\"@id\":\"https:\\\/\\\/produncan.cl\\\/de\\\/#organization\",\"name\":\"Produncan\",\"url\":\"https:\\\/\\\/produncan.cl\\\/de\\\/\",\"logo\":{\"@type\":\"ImageObject\",\"inLanguage\":\"de-DE\",\"@id\":\"https:\\\/\\\/produncan.cl\\\/de\\\/#\\\/schema\\\/logo\\\/image\\\/\",\"url\":\"https:\\\/\\\/produncan.cl\\\/wp-content\\\/uploads\\\/2021\\\/03\\\/LOGO.jpeg\",\"contentUrl\":\"https:\\\/\\\/produncan.cl\\\/wp-content\\\/uploads\\\/2021\\\/03\\\/LOGO.jpeg\",\"width\":1280,\"height\":903,\"caption\":\"Produncan\"},\"image\":{\"@id\":\"https:\\\/\\\/produncan.cl\\\/de\\\/#\\\/schema\\\/logo\\\/image\\\/\"},\"sameAs\":[\"https:\\\/\\\/web.facebook.com\\\/produncanland\",\"https:\\\/\\\/www.instagram.com\\\/pro_duncan\\\/\",\"https:\\\/\\\/www.linkedin.com\\\/company\\\/produncan-lands\\\/\",\"https:\\\/\\\/www.youtube.com\\\/channel\\\/UCu7N-f3x0svkazD-Eew1-QQ\"],\"description\":\"En Produncan somos especialistas en la venta de terrenos en el sur de Chile. Proveemos estancias, campos, parcelas y hoteles.\",\"email\":\"info@produncan.cl\"}]}<\/script>\n<meta property=\"og:video\" content=\"https:\/\/www.youtube.com\/embed\/SXkpTxWffHU\" \/>\n<meta property=\"og:video:type\" content=\"text\/html\" \/>\n<meta property=\"og:video:duration\" content=\"72\" \/>\n<meta property=\"og:video:width\" content=\"480\" \/>\n<meta property=\"og:video:height\" content=\"270\" \/>\n<meta property=\"ya:ovs:adult\" content=\"false\" \/>\n<meta property=\"ya:ovs:upload_date\" content=\"2026-01-27T21:43:14+00:00\" \/>\n<meta property=\"ya:ovs:allow_embed\" content=\"true\" \/>\n<meta property=\"product:price:amount\" content=\"50700.00\" \/>\n<meta property=\"product:price:currency\" content=\"USD\" \/>\n<meta property=\"og:availability\" content=\"instock\" \/>\n<meta property=\"product:availability\" content=\"instock\" \/>\n<meta property=\"product:condition\" content=\"new\" \/>\n<!-- \/ Yoast SEO Premium plugin. -->","yoast_head_json":{"title":"Plot Black Hand - Aysen Region - Produncan","description":"Legen Sie es auf 33 Kms von Coyhaique. Es verbindet sich mit dem Southern Highway, gepflasterter Zugang, Strom, L\u00e4ndliches Trinkwasser und ausgezeichnetes Telefonsignal. In der N\u00e4he der Villa Ortega, mit Blick auf den Cerro Kaiser Guillermo.","robots":{"index":"index","follow":"follow","max-snippet":"max-snippet:-1","max-image-preview":"max-image-preview:large","max-video-preview":"max-video-preview:-1"},"canonical":"https:\/\/produncan.cl\/de\/produkt\/plot-black-hand-aysen-region\/","og_locale":"de_DE","og_type":"article","og_title":"Plot Black Hand - Aysen Region","og_description":"Legen Sie es auf 33 Kms von Coyhaique. Es verbindet sich mit dem Southern Highway, gepflasterter Zugang, Strom, L\u00e4ndliches Trinkwasser und ausgezeichnetes Telefonsignal. In der N\u00e4he der Villa Ortega, mit Blick auf den Cerro Kaiser Guillermo.","og_url":"https:\/\/produncan.cl\/de\/produkt\/plot-black-hand-aysen-region\/","og_site_name":"Produncan","article_publisher":"https:\/\/web.facebook.com\/produncanland","article_modified_time":"2026-03-30T21:41:07+00:00","og_image":[{"width":800,"height":600,"url":"https:\/\/produncan.cl\/wp-content\/uploads\/2026\/01\/Parcela-Mano-negra.webp","type":"image\/webp"}],"twitter_card":"summary_large_image","twitter_misc":{"Price":"USD50.700,00","Availability":"In stock"},"schema":{"@context":"https:\/\/schema.org","@graph":[{"@type":"WebPage","@id":"https:\/\/produncan.cl\/de\/produkt\/plot-black-hand-aysen-region\/","url":"https:\/\/produncan.cl\/de\/produkt\/plot-black-hand-aysen-region\/","name":"Plot Black Hand - Aysen Region - Produncan","isPartOf":{"@id":"https:\/\/produncan.cl\/de\/#website"},"primaryImageOfPage":{"@id":"https:\/\/produncan.cl\/de\/produkt\/plot-black-hand-aysen-region\/#primaryimage"},"image":{"@id":"https:\/\/produncan.cl\/de\/produkt\/plot-black-hand-aysen-region\/#primaryimage"},"thumbnailUrl":"https:\/\/produncan.cl\/wp-content\/uploads\/2026\/01\/Parcela-Mano-negra.webp","datePublished":"2026-01-27T21:43:14+00:00","dateModified":"2026-03-30T21:41:07+00:00","description":"Legen Sie es auf 33 Kms von Coyhaique. Es verbindet sich mit dem Southern Highway, gepflasterter Zugang, Strom, L\u00e4ndliches Trinkwasser und ausgezeichnetes Telefonsignal. In der N\u00e4he der Villa Ortega, mit Blick auf den Cerro Kaiser Guillermo.","breadcrumb":{"@id":"https:\/\/produncan.cl\/de\/produkt\/plot-black-hand-aysen-region\/#breadcrumb"},"inLanguage":"de-DE","potentialAction":[{"@type":"ReadAction","target":["https:\/\/produncan.cl\/de\/produkt\/plot-black-hand-aysen-region\/"]}]},{"@type":"ImageObject","inLanguage":"de-DE","@id":"https:\/\/produncan.cl\/de\/produkt\/plot-black-hand-aysen-region\/#primaryimage","url":"https:\/\/produncan.cl\/wp-content\/uploads\/2026\/01\/Parcela-Mano-negra.webp","contentUrl":"https:\/\/produncan.cl\/wp-content\/uploads\/2026\/01\/Parcela-Mano-negra.webp","width":800,"height":600,"caption":"Plot Schwarze Hand"},{"@type":"BreadcrumbList","@id":"https:\/\/produncan.cl\/de\/produkt\/plot-black-hand-aysen-region\/#breadcrumb","itemListElement":[{"@type":"ListItem","position":1,"name":"Inicio","item":"https:\/\/produncan.cl\/de\/"},{"@type":"ListItem","position":2,"name":"Eigenschaften","item":"https:\/\/produncan.cl\/propiedades\/"},{"@type":"ListItem","position":3,"name":"Grundst\u00fccke","item":"https:\/\/produncan.cl\/de\/kategorie\/grundstuecke\/"},{"@type":"ListItem","position":4,"name":"Plot Black Hand &#8211; Aysen Region"}]},{"@type":"WebSite","@id":"https:\/\/produncan.cl\/de\/#website","url":"https:\/\/produncan.cl\/de\/","name":"Produncan","description":"Wir begleiten Sie bei Ihrem Lebensprojekt!","publisher":{"@id":"https:\/\/produncan.cl\/de\/#organization"},"potentialAction":[{"@type":"SearchAction","target":{"@type":"EntryPoint","urlTemplate":"https:\/\/produncan.cl\/de\/?s={search_term_string}"},"query-input":{"@type":"PropertyValueSpecification","valueRequired":true,"valueName":"search_term_string"}}],"inLanguage":"de-DE"},{"@type":"Organization","@id":"https:\/\/produncan.cl\/de\/#organization","name":"Produncan","url":"https:\/\/produncan.cl\/de\/","logo":{"@type":"ImageObject","inLanguage":"de-DE","@id":"https:\/\/produncan.cl\/de\/#\/schema\/logo\/image\/","url":"https:\/\/produncan.cl\/wp-content\/uploads\/2021\/03\/LOGO.jpeg","contentUrl":"https:\/\/produncan.cl\/wp-content\/uploads\/2021\/03\/LOGO.jpeg","width":1280,"height":903,"caption":"Produncan"},"image":{"@id":"https:\/\/produncan.cl\/de\/#\/schema\/logo\/image\/"},"sameAs":["https:\/\/web.facebook.com\/produncanland","https:\/\/www.instagram.com\/pro_duncan\/","https:\/\/www.linkedin.com\/company\/produncan-lands\/","https:\/\/www.youtube.com\/channel\/UCu7N-f3x0svkazD-Eew1-QQ"],"description":"En Produncan somos especialistas en la venta de terrenos en el sur de Chile. Proveemos estancias, campos, parcelas y hoteles.","email":"info@produncan.cl"}]},"og_video":"https:\/\/www.youtube.com\/embed\/SXkpTxWffHU","og_video_type":"text\/html","og_video_duration":"72","og_video_width":"480","og_video_height":"270","ya_ovs_adult":"false","ya_ovs_upload_date":"2026-01-27T21:43:14+00:00","ya_ovs_allow_embed":"true","product_price_amount":"50700.00","product_price_currency":"USD","og_availability":"instock","product_availability":"instock","product_condition":"new"},"_links":{"self":[{"href":"https:\/\/produncan.cl\/de\/wp-json\/wp\/v2\/product\/54752","targetHints":{"allow":["GET"]}}],"collection":[{"href":"https:\/\/produncan.cl\/de\/wp-json\/wp\/v2\/product"}],"about":[{"href":"https:\/\/produncan.cl\/de\/wp-json\/wp\/v2\/types\/product"}],"version-history":[{"count":1,"href":"https:\/\/produncan.cl\/de\/wp-json\/wp\/v2\/product\/54752\/revisions"}],"predecessor-version":[{"id":54766,"href":"https:\/\/produncan.cl\/de\/wp-json\/wp\/v2\/product\/54752\/revisions\/54766"}],"wp:featuredmedia":[{"embeddable":true,"href":"https:\/\/produncan.cl\/de\/wp-json\/wp\/v2\/media\/54753"}],"wp:attachment":[{"href":"https:\/\/produncan.cl\/de\/wp-json\/wp\/v2\/media?parent=54752"}],"wp:term":[{"taxonomy":"product_brand","embeddable":true,"href":"https:\/\/produncan.cl\/de\/wp-json\/wp\/v2\/product_brand?post=54752"},{"taxonomy":"product_cat","embeddable":true,"href":"https:\/\/produncan.cl\/de\/wp-json\/wp\/v2\/product_cat?post=54752"},{"taxonomy":"product_tag","embeddable":true,"href":"https:\/\/produncan.cl\/de\/wp-json\/wp\/v2\/product_tag?post=54752"},{"taxonomy":"regiones","embeddable":true,"href":"https:\/\/produncan.cl\/de\/wp-json\/wp\/v2\/regiones?post=54752"},{"taxonomy":"ciudades","embeddable":true,"href":"https:\/\/produncan.cl\/de\/wp-json\/wp\/v2\/ciudades?post=54752"}],"curies":[{"name":"wp","href":"https:\/\/api.w.org\/{rel}","templated":true}]}}