{"id":54812,"date":"2026-01-20T21:00:29","date_gmt":"2026-01-21T00:00:29","guid":{"rendered":"https:\/\/produncan.cl\/propiedad\/feld-in-ilque-puerto-montt-region-los-lagos\/"},"modified":"2026-02-26T11:55:42","modified_gmt":"2026-02-26T14:55:42","slug":"feld-in-ilque-puerto-montt-region-los-lagos","status":"publish","type":"product","link":"https:\/\/produncan.cl\/de\/produkt\/feld-in-ilque-puerto-montt-region-los-lagos\/","title":{"rendered":"Feld in Ilque, Puerto Montt &#8211; Region Los Lagos"},"content":{"rendered":"\t\t<div data-elementor-type=\"product-post\" data-elementor-id=\"54812\" class=\"elementor elementor-54812 elementor-54500\" data-elementor-post-type=\"product\">\n\t\t\t\t<div class=\"elementor-element elementor-element-d0192b4 e-flex e-con-boxed e-con e-parent\" data-id=\"d0192b4\" data-element_type=\"container\" data-e-type=\"container\" data-settings=\"{&quot;jet_parallax_layout_list&quot;:[]}\">\n\t\t\t\t\t<div class=\"e-con-inner\">\n\t\t\t\t<div class=\"elementor-element elementor-element-d524722 elementor-widget elementor-widget-heading\" data-id=\"d524722\" data-element_type=\"widget\" data-e-type=\"widget\" data-widget_type=\"heading.default\">\n\t\t\t\t\t<h2 class=\"elementor-heading-title elementor-size-default\">Cercania, unschlagbarer Zugang, Infrastruktur und verschiedene \u00d6kosysteme innerhalb von 68,54 Hektar<\/h2>\t\t\t\t<\/div>\n\t\t\t\t\t<\/div>\n\t\t\t\t<\/div>\n\t\t<div class=\"elementor-element elementor-element-a9a6992 e-flex e-con-boxed e-con e-parent\" data-id=\"a9a6992\" data-element_type=\"container\" data-e-type=\"container\" data-settings=\"{&quot;jet_parallax_layout_list&quot;:[]}\">\n\t\t\t\t\t<div class=\"e-con-inner\">\n\t\t\t\t<div class=\"elementor-element elementor-element-cce6e0a elementor-widget elementor-widget-text-editor\" data-id=\"cce6e0a\" data-element_type=\"widget\" data-e-type=\"widget\" data-widget_type=\"text-editor.default\">\n\t\t\t\t\t\t\t\t\t<p>Gelegen in der Branche Ilque, Gemeinde <a href=\"https:\/\/produncan.cl\/ciudades\/puerto-montt\/\" rel=\"noopener\" target=\"_blank\"><span style=\"color: #c74040;\"><strong>Puerto Monts<\/strong><\/span><\/a>Dieses Feld von 68,54 Hektar kombiniert eine gro\u00dfe landwirtschaftliche Fl\u00e4che mit nat\u00fcrlichen Fl\u00e4chen von hohem \u00f6kologischen Wert. Der Zugang ist schnell, mit gepflasterter Stra\u00dfe von Puerto Montt und nur 800 Meter Endreife in sehr gutem Zustand. Das Grundst\u00fcck hat seine eigene Rolle und Verwendung von landwirtschaftlichen B\u00f6den.<\/p>\n<p>Der Boden hat eine wellige Topographie, mit Fl\u00e4chen von Planicie und weichen Hang Sektoren im Feuchtgebiet. Die Sonneneinstrahlung ist f\u00fcr einen Gro\u00dfteil des Tages optimal. Es ist komplett mit Holzz\u00e4unen und Stacheldraht eingez\u00e4unt, und Hauptzugang mit Schiebe-Metalltor. Es umfasst 4.300 Linearmeter von Innenzaunen.<\/p>\n<p>Das Feld verf\u00fcgt \u00fcber eine SESA-Stromversorgung, ein l\u00e4ndliches Trinkwassernetz und eine 3-Meter-Deep-Zementlinie mit einem Schutzhaus. Das Anwesen gibt keine Bewahrung an andere L\u00e4nder, nur interne Wege. Es verf\u00fcgt \u00fcber 24 Hektar hochwertiges Grasland f\u00fcr Vieh und Landwirtschaft, 10 Hektar Str\u00e4ucher, 1,5 Hektar Bau und Stra\u00dfen, 20.04 Hektar nativen Erneuerbaren Wald und 13 Hektar Mallin. Es enth\u00e4lt einheimische Arten wie Coigues, Rayans und Lumas. Die lokale Fauna umfasst chilenische Fuchs, Chucaos, Zorzales, Rayaditos und Tiuques.<\/p>\n<p>Eines ihrer Hauptmerkmale ist die Pr\u00e4senz von 13 Hektar Mallin (Wetland) mit einem aktiven Ernteplan f\u00fcr Pompon, mit Extraktionszyklen alle vier Jahre. Dar\u00fcber hinaus verf\u00fcgt es \u00fcber einen Arm des Flusses Trap\u00e9n, der Teil der Deslinde ist.<\/p>\n<p>Die Geb\u00e4ude des Anwesens umfassen vier Weing\u00fcter, ein Gallon von 120 m 2, ein 72 m 2 Stift und eine pompon-trockene Tendenzen. Es hat auch landwirtschaftliche Maschinen: Traktor, Pflanzmaschine, Paddel und Paddel, drei Schlepper, Trillator und Kraftstoff-Recharge-Maschine.<\/p>\n<p>Das Haupthaus, im Jahr 2018 gebaut, hat 210 m 2 auf einer Etage. Es verf\u00fcgt \u00fcber vier Schlafzimmer, zwei Badezimmer, Flur, Logia, offene K\u00fcche mit t\u00e4glichem Esszimmer, Vorratsraum und einem Schreibtisch. Seine Konstruktion ist in nativem Holz, mit Holzb\u00f6den, Thermopanelfenster und Heizung mit zwei \u00d6fen bei langsamer Verbrennung. Es verf\u00fcgt \u00fcber hei\u00dfes Wasser, f\u00fcnf Terrassen mit Blick auf die Vulkane und das Feuchtgebiet und eine \u00fcberdachte Galerie mit Blick auf die Landschaft. Das Haus hat auch CCTV im Eingang, interne Stra\u00dfe und Umkreis. Es ist Amoblada verkauft.<\/p>\n<p>Das Anwesen bietet einen klaren Blick auf den Calbuco-Vulkan und drei weitere Vulkane neben einer Bergmarke. Der Wald des Grundst\u00fccks hat interne Stra\u00dfen. Es gibt einen einzigen Nachbarn auf 800 Metern, die Privatsph\u00e4re bietet.<\/p>\n<p>Die n\u00e4chste Stadt ist Puerto Montt. Den Flughafen El Tepual erreichen Sie nach 35 Minuten. Es gibt \u00f6ffentliche Verkehrsmittel im Asphaltbereich, mit einem t\u00e4glichen Bus nach Puerto Montt. Es gibt ein Signal von Wom, Movistar und Entel. Zu den nahe gelegenen Sehensw\u00fcrdigkeiten geh\u00f6ren Tenglo Island, Lahuen \u00d1adi Natural Monument, Llanquihue Lake und Calbuco Volcano.<\/p>\n<p>Das Klima ist gem\u00e4\u00dfigt, gekennzeichnet durch moderate Temperaturen im ganzen Jahr, frische Sommer zwischen 11 und 20 Grad und Winter zwischen 4 und 11 Grad. Die Regen sind auch im Sommer h\u00e4ufig, was die gr\u00fcnen Landschaften und die hohe Wasserverf\u00fcgbarkeit beg\u00fcnstigt, die die Gegend unterscheidet.<\/p>\n<p>Dieser Bereich vereint Produktivit\u00e4t, Biodiversit\u00e4t, Infrastruktur und eine strategische Lage, so dass es eine au\u00dfergew\u00f6hnliche Gelegenheit f\u00fcr landwirtschaftliche, touristische oder Wohnprojekte, in einer Umgebung absoluter Privatsph\u00e4re und mit einer einzigartigen Naturlandschaft in der Region.<\/p>\n<p>Kontaktieren Sie uns und machen Sie Ihre n\u00e4chste gro\u00dfe Investition!<\/p>\n\t\t\t\t\t\t\t\t<\/div>\n\t\t\t\t\t<\/div>\n\t\t\t\t<\/div>\n\t\t\t\t<\/div>\n\t\t","protected":false},"excerpt":{"rendered":"<p>Land in Puerto Montt, mit Blick auf die Bergkette, in der N\u00e4he der Stadt Calbuco. Mit Haus von 210m 2, Galapos, Weingut, Gefl\u00fcgel und Maschinen. Paving access, Graslands, Feuchtgebiete, Fluss und nativen Wald. Wasser APR und Elektrizit\u00e4t.<\/p>\n","protected":false},"featured_media":54813,"template":"","meta":{"_acf_changed":false},"product_brand":[],"product_cat":[104],"product_tag":[235],"regiones":[226],"ciudades":[218,219],"class_list":{"0":"post-54812","1":"product","2":"type-product","3":"status-publish","4":"has-post-thumbnail","6":"product_cat-ohiggins-los-lagos","7":"product_tag-felder","8":"regiones-nuble-los_lagos","9":"ciudades-puerto-montt","10":"ciudades-puerto-varas","12":"first","13":"instock","14":"shipping-taxable","15":"purchasable","16":"product-type-simple"},"acf":[],"yoast_head":"<!-- This site is optimized with the Yoast SEO Premium plugin v26.0 (Yoast SEO v27.3) - https:\/\/yoast.com\/product\/yoast-seo-premium-wordpress\/ -->\n<title>Feld in Ilque, Puerto Montt - Region Los Lagos - Produncan<\/title>\n<meta name=\"description\" content=\"Land in Puerto Montt, mit Blick auf die Bergkette, in der N\u00e4he der Stadt Calbuco. Mit Haus von 210m 2, Galapos, Weingut, Gefl\u00fcgel und Maschinen.\" \/>\n<meta name=\"robots\" content=\"index, follow, max-snippet:-1, max-image-preview:large, max-video-preview:-1\" \/>\n<link rel=\"canonical\" href=\"https:\/\/produncan.cl\/de\/produkt\/feld-in-ilque-puerto-montt-region-los-lagos\/\" \/>\n<meta property=\"og:locale\" content=\"de_DE\" \/>\n<meta property=\"og:type\" content=\"article\" \/>\n<meta property=\"og:title\" content=\"Feld in Ilque, Puerto Montt - Region Los Lagos\" \/>\n<meta property=\"og:description\" content=\"Land in Puerto Montt, mit Blick auf die Bergkette, in der N\u00e4he der Stadt Calbuco. Mit Haus von 210m 2, Galapos, Weingut, Gefl\u00fcgel und Maschinen.\" \/>\n<meta property=\"og:url\" content=\"https:\/\/produncan.cl\/de\/produkt\/feld-in-ilque-puerto-montt-region-los-lagos\/\" \/>\n<meta property=\"og:site_name\" content=\"Produncan\" \/>\n<meta property=\"article:publisher\" content=\"https:\/\/web.facebook.com\/produncanland\" \/>\n<meta property=\"article:modified_time\" content=\"2026-02-26T14:55:42+00:00\" \/>\n<meta property=\"og:image\" content=\"https:\/\/produncan.cl\/wp-content\/uploads\/2026\/01\/Campo-Ilque-Puerto-Montt.webp\" \/>\n<meta name=\"twitter:card\" content=\"summary_large_image\" \/>\n<meta name=\"twitter:label1\" content=\"Price\" \/>\n\t<meta name=\"twitter:data1\" content=\"USD1.521.800,00\" \/>\n\t<meta name=\"twitter:label2\" content=\"Availability\" \/>\n\t<meta name=\"twitter:data2\" content=\"In stock\" \/>\n<script type=\"application\/ld+json\" class=\"yoast-schema-graph\">{\"@context\":\"https:\\\/\\\/schema.org\",\"@graph\":[{\"@type\":\"WebPage\",\"@id\":\"https:\\\/\\\/produncan.cl\\\/de\\\/produkt\\\/feld-in-ilque-puerto-montt-region-los-lagos\\\/\",\"url\":\"https:\\\/\\\/produncan.cl\\\/de\\\/produkt\\\/feld-in-ilque-puerto-montt-region-los-lagos\\\/\",\"name\":\"Feld in Ilque, Puerto Montt - Region Los Lagos - Produncan\",\"isPartOf\":{\"@id\":\"https:\\\/\\\/produncan.cl\\\/de\\\/#website\"},\"primaryImageOfPage\":{\"@id\":\"https:\\\/\\\/produncan.cl\\\/de\\\/produkt\\\/feld-in-ilque-puerto-montt-region-los-lagos\\\/#primaryimage\"},\"image\":{\"@id\":\"https:\\\/\\\/produncan.cl\\\/de\\\/produkt\\\/feld-in-ilque-puerto-montt-region-los-lagos\\\/#primaryimage\"},\"thumbnailUrl\":\"https:\\\/\\\/produncan.cl\\\/wp-content\\\/uploads\\\/2026\\\/01\\\/Campo-Ilque-Puerto-Montt.webp\",\"datePublished\":\"2026-01-21T00:00:29+00:00\",\"dateModified\":\"2026-02-26T14:55:42+00:00\",\"description\":\"Land in Puerto Montt, mit Blick auf die Bergkette, in der N\u00e4he der Stadt Calbuco. Mit Haus von 210m 2, Galapos, Weingut, Gefl\u00fcgel und Maschinen.\",\"breadcrumb\":{\"@id\":\"https:\\\/\\\/produncan.cl\\\/de\\\/produkt\\\/feld-in-ilque-puerto-montt-region-los-lagos\\\/#breadcrumb\"},\"inLanguage\":\"de-DE\",\"potentialAction\":[{\"@type\":\"ReadAction\",\"target\":[\"https:\\\/\\\/produncan.cl\\\/de\\\/produkt\\\/feld-in-ilque-puerto-montt-region-los-lagos\\\/\"]}]},{\"@type\":\"ImageObject\",\"inLanguage\":\"de-DE\",\"@id\":\"https:\\\/\\\/produncan.cl\\\/de\\\/produkt\\\/feld-in-ilque-puerto-montt-region-los-lagos\\\/#primaryimage\",\"url\":\"https:\\\/\\\/produncan.cl\\\/wp-content\\\/uploads\\\/2026\\\/01\\\/Campo-Ilque-Puerto-Montt.webp\",\"contentUrl\":\"https:\\\/\\\/produncan.cl\\\/wp-content\\\/uploads\\\/2026\\\/01\\\/Campo-Ilque-Puerto-Montt.webp\",\"width\":800,\"height\":600,\"caption\":\"Campo Ilque Puerto Monts\"},{\"@type\":\"BreadcrumbList\",\"@id\":\"https:\\\/\\\/produncan.cl\\\/de\\\/produkt\\\/feld-in-ilque-puerto-montt-region-los-lagos\\\/#breadcrumb\",\"itemListElement\":[{\"@type\":\"ListItem\",\"position\":1,\"name\":\"Inicio\",\"item\":\"https:\\\/\\\/produncan.cl\\\/de\\\/\"},{\"@type\":\"ListItem\",\"position\":2,\"name\":\"Eigenschaften\",\"item\":\"https:\\\/\\\/produncan.cl\\\/propiedades\\\/\"},{\"@type\":\"ListItem\",\"position\":3,\"name\":\"Felder\",\"item\":\"https:\\\/\\\/produncan.cl\\\/de\\\/kategorie\\\/felder\\\/\"},{\"@type\":\"ListItem\",\"position\":4,\"name\":\"Feld in Ilque, Puerto Montt &#8211; Region Los Lagos\"}]},{\"@type\":\"WebSite\",\"@id\":\"https:\\\/\\\/produncan.cl\\\/de\\\/#website\",\"url\":\"https:\\\/\\\/produncan.cl\\\/de\\\/\",\"name\":\"Produncan\",\"description\":\"Wir begleiten Sie bei Ihrem Lebensprojekt!\",\"publisher\":{\"@id\":\"https:\\\/\\\/produncan.cl\\\/de\\\/#organization\"},\"potentialAction\":[{\"@type\":\"SearchAction\",\"target\":{\"@type\":\"EntryPoint\",\"urlTemplate\":\"https:\\\/\\\/produncan.cl\\\/de\\\/?s={search_term_string}\"},\"query-input\":{\"@type\":\"PropertyValueSpecification\",\"valueRequired\":true,\"valueName\":\"search_term_string\"}}],\"inLanguage\":\"de-DE\"},{\"@type\":\"Organization\",\"@id\":\"https:\\\/\\\/produncan.cl\\\/de\\\/#organization\",\"name\":\"Produncan\",\"url\":\"https:\\\/\\\/produncan.cl\\\/de\\\/\",\"logo\":{\"@type\":\"ImageObject\",\"inLanguage\":\"de-DE\",\"@id\":\"https:\\\/\\\/produncan.cl\\\/de\\\/#\\\/schema\\\/logo\\\/image\\\/\",\"url\":\"https:\\\/\\\/produncan.cl\\\/wp-content\\\/uploads\\\/2021\\\/03\\\/LOGO.jpeg\",\"contentUrl\":\"https:\\\/\\\/produncan.cl\\\/wp-content\\\/uploads\\\/2021\\\/03\\\/LOGO.jpeg\",\"width\":1280,\"height\":903,\"caption\":\"Produncan\"},\"image\":{\"@id\":\"https:\\\/\\\/produncan.cl\\\/de\\\/#\\\/schema\\\/logo\\\/image\\\/\"},\"sameAs\":[\"https:\\\/\\\/web.facebook.com\\\/produncanland\",\"https:\\\/\\\/www.instagram.com\\\/pro_duncan\\\/\",\"https:\\\/\\\/www.linkedin.com\\\/company\\\/produncan-lands\\\/\",\"https:\\\/\\\/www.youtube.com\\\/channel\\\/UCu7N-f3x0svkazD-Eew1-QQ\"],\"description\":\"En Produncan somos especialistas en la venta de terrenos en el sur de Chile. Proveemos estancias, campos, parcelas y hoteles.\",\"email\":\"info@produncan.cl\"}]}<\/script>\n<meta property=\"og:video\" content=\"https:\/\/www.youtube.com\/embed\/hmrphgRFp_c\" \/>\n<meta property=\"og:video:type\" content=\"text\/html\" \/>\n<meta property=\"og:video:duration\" content=\"89\" \/>\n<meta property=\"og:video:width\" content=\"480\" \/>\n<meta property=\"og:video:height\" content=\"270\" \/>\n<meta property=\"ya:ovs:adult\" content=\"false\" \/>\n<meta property=\"ya:ovs:upload_date\" content=\"2026-01-21T00:00:29+00:00\" \/>\n<meta property=\"ya:ovs:allow_embed\" content=\"true\" \/>\n<meta property=\"product:price:amount\" content=\"1521800.00\" \/>\n<meta property=\"product:price:currency\" content=\"USD\" \/>\n<meta property=\"og:availability\" content=\"instock\" \/>\n<meta property=\"product:availability\" content=\"instock\" \/>\n<meta property=\"product:condition\" content=\"new\" \/>\n<!-- \/ Yoast SEO Premium plugin. -->","yoast_head_json":{"title":"Feld in Ilque, Puerto Montt - Region Los Lagos - Produncan","description":"Land in Puerto Montt, mit Blick auf die Bergkette, in der N\u00e4he der Stadt Calbuco. Mit Haus von 210m 2, Galapos, Weingut, Gefl\u00fcgel und Maschinen.","robots":{"index":"index","follow":"follow","max-snippet":"max-snippet:-1","max-image-preview":"max-image-preview:large","max-video-preview":"max-video-preview:-1"},"canonical":"https:\/\/produncan.cl\/de\/produkt\/feld-in-ilque-puerto-montt-region-los-lagos\/","og_locale":"de_DE","og_type":"article","og_title":"Feld in Ilque, Puerto Montt - Region Los Lagos","og_description":"Land in Puerto Montt, mit Blick auf die Bergkette, in der N\u00e4he der Stadt Calbuco. Mit Haus von 210m 2, Galapos, Weingut, Gefl\u00fcgel und Maschinen.","og_url":"https:\/\/produncan.cl\/de\/produkt\/feld-in-ilque-puerto-montt-region-los-lagos\/","og_site_name":"Produncan","article_publisher":"https:\/\/web.facebook.com\/produncanland","article_modified_time":"2026-02-26T14:55:42+00:00","og_image":[{"url":"https:\/\/produncan.cl\/wp-content\/uploads\/2026\/01\/Campo-Ilque-Puerto-Montt.webp","type":"","width":"","height":""}],"twitter_card":"summary_large_image","twitter_misc":{"Price":"USD1.521.800,00","Availability":"In stock"},"schema":{"@context":"https:\/\/schema.org","@graph":[{"@type":"WebPage","@id":"https:\/\/produncan.cl\/de\/produkt\/feld-in-ilque-puerto-montt-region-los-lagos\/","url":"https:\/\/produncan.cl\/de\/produkt\/feld-in-ilque-puerto-montt-region-los-lagos\/","name":"Feld in Ilque, Puerto Montt - Region Los Lagos - Produncan","isPartOf":{"@id":"https:\/\/produncan.cl\/de\/#website"},"primaryImageOfPage":{"@id":"https:\/\/produncan.cl\/de\/produkt\/feld-in-ilque-puerto-montt-region-los-lagos\/#primaryimage"},"image":{"@id":"https:\/\/produncan.cl\/de\/produkt\/feld-in-ilque-puerto-montt-region-los-lagos\/#primaryimage"},"thumbnailUrl":"https:\/\/produncan.cl\/wp-content\/uploads\/2026\/01\/Campo-Ilque-Puerto-Montt.webp","datePublished":"2026-01-21T00:00:29+00:00","dateModified":"2026-02-26T14:55:42+00:00","description":"Land in Puerto Montt, mit Blick auf die Bergkette, in der N\u00e4he der Stadt Calbuco. Mit Haus von 210m 2, Galapos, Weingut, Gefl\u00fcgel und Maschinen.","breadcrumb":{"@id":"https:\/\/produncan.cl\/de\/produkt\/feld-in-ilque-puerto-montt-region-los-lagos\/#breadcrumb"},"inLanguage":"de-DE","potentialAction":[{"@type":"ReadAction","target":["https:\/\/produncan.cl\/de\/produkt\/feld-in-ilque-puerto-montt-region-los-lagos\/"]}]},{"@type":"ImageObject","inLanguage":"de-DE","@id":"https:\/\/produncan.cl\/de\/produkt\/feld-in-ilque-puerto-montt-region-los-lagos\/#primaryimage","url":"https:\/\/produncan.cl\/wp-content\/uploads\/2026\/01\/Campo-Ilque-Puerto-Montt.webp","contentUrl":"https:\/\/produncan.cl\/wp-content\/uploads\/2026\/01\/Campo-Ilque-Puerto-Montt.webp","width":800,"height":600,"caption":"Campo Ilque Puerto Monts"},{"@type":"BreadcrumbList","@id":"https:\/\/produncan.cl\/de\/produkt\/feld-in-ilque-puerto-montt-region-los-lagos\/#breadcrumb","itemListElement":[{"@type":"ListItem","position":1,"name":"Inicio","item":"https:\/\/produncan.cl\/de\/"},{"@type":"ListItem","position":2,"name":"Eigenschaften","item":"https:\/\/produncan.cl\/propiedades\/"},{"@type":"ListItem","position":3,"name":"Felder","item":"https:\/\/produncan.cl\/de\/kategorie\/felder\/"},{"@type":"ListItem","position":4,"name":"Feld in Ilque, Puerto Montt &#8211; Region Los Lagos"}]},{"@type":"WebSite","@id":"https:\/\/produncan.cl\/de\/#website","url":"https:\/\/produncan.cl\/de\/","name":"Produncan","description":"Wir begleiten Sie bei Ihrem Lebensprojekt!","publisher":{"@id":"https:\/\/produncan.cl\/de\/#organization"},"potentialAction":[{"@type":"SearchAction","target":{"@type":"EntryPoint","urlTemplate":"https:\/\/produncan.cl\/de\/?s={search_term_string}"},"query-input":{"@type":"PropertyValueSpecification","valueRequired":true,"valueName":"search_term_string"}}],"inLanguage":"de-DE"},{"@type":"Organization","@id":"https:\/\/produncan.cl\/de\/#organization","name":"Produncan","url":"https:\/\/produncan.cl\/de\/","logo":{"@type":"ImageObject","inLanguage":"de-DE","@id":"https:\/\/produncan.cl\/de\/#\/schema\/logo\/image\/","url":"https:\/\/produncan.cl\/wp-content\/uploads\/2021\/03\/LOGO.jpeg","contentUrl":"https:\/\/produncan.cl\/wp-content\/uploads\/2021\/03\/LOGO.jpeg","width":1280,"height":903,"caption":"Produncan"},"image":{"@id":"https:\/\/produncan.cl\/de\/#\/schema\/logo\/image\/"},"sameAs":["https:\/\/web.facebook.com\/produncanland","https:\/\/www.instagram.com\/pro_duncan\/","https:\/\/www.linkedin.com\/company\/produncan-lands\/","https:\/\/www.youtube.com\/channel\/UCu7N-f3x0svkazD-Eew1-QQ"],"description":"En Produncan somos especialistas en la venta de terrenos en el sur de Chile. Proveemos estancias, campos, parcelas y hoteles.","email":"info@produncan.cl"}]},"og_video":"https:\/\/www.youtube.com\/embed\/hmrphgRFp_c","og_video_type":"text\/html","og_video_duration":"89","og_video_width":"480","og_video_height":"270","ya_ovs_adult":"false","ya_ovs_upload_date":"2026-01-21T00:00:29+00:00","ya_ovs_allow_embed":"true","product_price_amount":"1521800.00","product_price_currency":"USD","og_availability":"instock","product_availability":"instock","product_condition":"new"},"_links":{"self":[{"href":"https:\/\/produncan.cl\/de\/wp-json\/wp\/v2\/product\/54812","targetHints":{"allow":["GET"]}}],"collection":[{"href":"https:\/\/produncan.cl\/de\/wp-json\/wp\/v2\/product"}],"about":[{"href":"https:\/\/produncan.cl\/de\/wp-json\/wp\/v2\/types\/product"}],"version-history":[{"count":1,"href":"https:\/\/produncan.cl\/de\/wp-json\/wp\/v2\/product\/54812\/revisions"}],"predecessor-version":[{"id":54826,"href":"https:\/\/produncan.cl\/de\/wp-json\/wp\/v2\/product\/54812\/revisions\/54826"}],"wp:featuredmedia":[{"embeddable":true,"href":"https:\/\/produncan.cl\/de\/wp-json\/wp\/v2\/media\/54813"}],"wp:attachment":[{"href":"https:\/\/produncan.cl\/de\/wp-json\/wp\/v2\/media?parent=54812"}],"wp:term":[{"taxonomy":"product_brand","embeddable":true,"href":"https:\/\/produncan.cl\/de\/wp-json\/wp\/v2\/product_brand?post=54812"},{"taxonomy":"product_cat","embeddable":true,"href":"https:\/\/produncan.cl\/de\/wp-json\/wp\/v2\/product_cat?post=54812"},{"taxonomy":"product_tag","embeddable":true,"href":"https:\/\/produncan.cl\/de\/wp-json\/wp\/v2\/product_tag?post=54812"},{"taxonomy":"regiones","embeddable":true,"href":"https:\/\/produncan.cl\/de\/wp-json\/wp\/v2\/regiones?post=54812"},{"taxonomy":"ciudades","embeddable":true,"href":"https:\/\/produncan.cl\/de\/wp-json\/wp\/v2\/ciudades?post=54812"}],"curies":[{"name":"wp","href":"https:\/\/api.w.org\/{rel}","templated":true}]}}