{"id":7323,"date":"2022-05-13T15:33:01","date_gmt":"2022-05-13T19:33:01","guid":{"rendered":"https:\/\/produncan.cl\/producto\/santa-ana-grundstuecke\/"},"modified":"2025-12-26T17:32:21","modified_gmt":"2025-12-26T20:32:21","slug":"grundstucke-santa-ana","status":"publish","type":"product","link":"https:\/\/produncan.cl\/de\/produkt\/grundstucke-santa-ana\/","title":{"rendered":"Santa Ana Grundst\u00fccke &#8211; Tres Puentes Kolonie, Puerto Varas"},"content":{"rendered":"\t\t<div data-elementor-type=\"product-post\" data-elementor-id=\"7323\" class=\"elementor elementor-7323 elementor-1541\" data-elementor-post-type=\"product\">\n\t\t\t\t<div class=\"elementor-element elementor-element-b7ccbea e-flex e-con-boxed e-con e-parent\" data-id=\"b7ccbea\" data-element_type=\"container\" data-e-type=\"container\" data-settings=\"{&quot;jet_parallax_layout_list&quot;:[]}\">\n\t\t\t\t\t<div class=\"e-con-inner\">\n\t\t<div class=\"elementor-element elementor-element-8f485a4 e-con-full e-flex e-con e-child\" data-id=\"8f485a4\" data-element_type=\"container\" data-e-type=\"container\" data-settings=\"{&quot;jet_parallax_layout_list&quot;:[]}\">\n\t\t\t\t<div class=\"elementor-element elementor-element-0511b07 elementor-widget elementor-widget-heading\" data-id=\"0511b07\" data-element_type=\"widget\" data-e-type=\"widget\" data-widget_type=\"heading.default\">\n\t\t\t\t\t<h2 class=\"elementor-heading-title elementor-size-default\">Natur, Komfort und Gemeinschaft nur 15 Minuten von Puerto Varas, nur 5 Lose verf\u00fcgbar<\/h2>\t\t\t\t<\/div>\n\t\t\t\t<div class=\"elementor-element elementor-element-b6458e7 elementor-widget elementor-widget-text-editor\" data-id=\"b6458e7\" data-element_type=\"widget\" data-e-type=\"widget\" data-widget_type=\"text-editor.default\">\n\t\t\t\t\t\t\t\t\t<p>Wenn Sie eine Immobilie mit hervorragender Anbindung, nat\u00fcrlicher Umgebung, Sicherheit und konsolidierten Dienstleistungen suchen, ist dieser Parkplatz in Puerto Varas eine einzigartige Gelegenheit. In der Gemeinde von Puerto Varas, nur 15 Minuten vom Zentrum auf einer vollst\u00e4ndig gepflasterten Stra\u00dfe gelegen, steht dieses Projekt f\u00fcr seine Reife und Solidit\u00e4t: von den 97 Grundst\u00fccken, die es bilden, sind bereits 91 verkauft worden und 67 haben H\u00e4user gebaut, reflektieren eine aktive, stabile und wachsende Gemeinschaft.<\/p>\n<p>Im Gegensatz zu vielen anderen Entwicklungen, in diesen Grundst\u00fccken in Puerto Varas, erwerben Sie nicht nur ein Land, aber Sie integrieren sich in eine sichere Umgebung, leben vom ersten Tag, mit organisierten Nachbarn, die k\u00fcmmern und sch\u00e4tzen den Platz. Alle Grundst\u00fccke haben unmittelbare Verbindung zu einem privaten Trinkwassersystem, das vom Ministerium f\u00fcr Gesundheit empfangen wird, was die Erlangung von Baugenehmigungen und die endg\u00fcltige Aufnahme von Werken erlaubt. Der Wasserdruck ist ausgezeichnet und seine monatlichen Kosten sind fest und sehr zug\u00e4nglich. Die elektrische Leistung steht \u00fcber die Firma Crell zur Verf\u00fcgung, mit einem bereits installierten Pfosten, wodurch der Prozess der Kopplung f\u00fcr neue Bewohner erleichtert wird. Dar\u00fcber hinaus gibt es eine Verbindung zu Fiberglas von der Firma IP Patagonia.<\/p>\n<p>Der Zugang zum Pl\u00fcnderungsger\u00e4t wird durch ein elektrisches Tor gesteuert, wobei jedem Besitzer Fernbedienungen \u00fcbergeben werden. Die Innenstra\u00dfen sind gewellt und in gutem Zustand, sind f\u00fcnf Meter breit. Obwohl keine Wohnung, die Nachbarn haben eine Gruppe gebildet, die f\u00fcr die Aufrechterhaltung der Stra\u00dfen verantwortlich ist, durch eine sechsmonatige, kosteng\u00fcnstige freiwillige Quote.<\/p>\n<p>Diese Grundst\u00fccke in Puerto Varas haben eine privilegierte Lage zu einem erschwinglichen Preis, und nicht nur f\u00fcr ihre N\u00e4he zu Puerto Varas und Puerto Montt, sondern auch f\u00fcr ihre strategische Position. Von Santa Ana Sie sind 5 Minuten vom Lago Llanquihue entfernt, von wo aus Sie den Todos los Santos, Petrohu\u00e9, Ral\u00fan oder Puelo sowie eine alternative Route zu Puerto Montt, Chamiza und dem Alerce Andean Park erreichen, so dass dieser Ort eine perfekte Basis f\u00fcr diejenigen, die ihr erstes Zuhause haben m\u00f6chten. Dar\u00fcber hinaus erm\u00f6glichen die Bedingungen des Lotus den Bau von bis zu zwei H\u00e4usern pro Grundst\u00fcck, zus\u00e4tzlich zu Weingut, Quincho und Parkplatz. Wenn Sie ein kommerzielles oder touristisches Projekt mit Kabinen entwickeln m\u00f6chten, besteht auch die M\u00f6glichkeit, eine \u00c4nderung der Landnutzung zu verlangen, um das konstruktive Potenzial zu erweitern.<\/p>\n<p><span style=\"font-size: 1rem;\">Die Grundst\u00fccke in Puerto Varas, Santa Ana, sind nicht in Gebieten von Vulkan- oder Flussrisiko gefunden. Es befindet sich in der H\u00f6he und gesch\u00fctzt durch native Vegetation, die nat\u00fcrliche Sicherheit und eine umweltfreundliche Umgebung bietet.<\/span><\/p>\n<p>Kurz gesagt, diese Paketierung stellt viel mehr dar als eine Investition in Land: Es ist eine offene T\u00fcr f\u00fcr ein Leben im Gleichgewicht, mit Freiheit zu bauen, zu entwickeln und mit Bedeutung zu bewohnen. Wenn Sie von einem Land zu leben, zu starten oder zu ruhen in der N\u00e4he von Puerto Varas, in einer nat\u00fcrlichen Umgebung, aber mit allen Infrastruktur bereit, Santa Ana ist der richtige Ort.<\/p>\n<p>Kontaktieren Sie uns und entdecken Sie alles, was dieses konsolidierte Projekt Ihnen anbieten muss. Nur 5 Einheiten verf\u00fcgbar.<\/p>\n\t\t\t\t\t\t\t\t<\/div>\n\t\t\t\t<\/div>\n\t\t\t\t\t<\/div>\n\t\t\t\t<\/div>\n\t\t\t\t<\/div>\n\t\t","protected":false},"excerpt":{"rendered":"<p>Grundst\u00fccke 15 Minuten von Puerto Varas entfernt, mit asphaltierter Stra\u00dfe, Strom, Wasser und Glasfaserkabel.<\/p>\n","protected":false},"featured_media":44838,"template":"","meta":{"_acf_changed":false},"product_brand":[],"product_cat":[104],"product_tag":[232],"regiones":[226],"ciudades":[218,219],"class_list":{"0":"post-7323","1":"product","2":"type-product","3":"status-publish","4":"has-post-thumbnail","6":"product_cat-ohiggins-los-lagos","7":"product_tag-grundstuecke","8":"regiones-nuble-los_lagos","9":"ciudades-puerto-montt","10":"ciudades-puerto-varas","12":"first","13":"onbackorder","14":"sold-individually","15":"shipping-taxable","16":"purchasable","17":"product-type-simple"},"acf":[],"yoast_head":"<!-- This site is optimized with the Yoast SEO Premium plugin v26.0 (Yoast SEO v27.4) - https:\/\/yoast.com\/product\/yoast-seo-premium-wordpress\/ -->\n<title>Santa Ana Grundst\u00fccke - Tres Puentes Kolonie, Puerto Varas - Produncan<\/title>\n<meta name=\"description\" content=\"Parcelas Santa Ana ist ein Projekt 15-20 Minuten von Puerto Varas in Richtung Ensenada mit einer Stra\u00dfe, die bald asphaltiert wird.\" \/>\n<meta name=\"robots\" content=\"index, follow, max-snippet:-1, max-image-preview:large, max-video-preview:-1\" \/>\n<link rel=\"canonical\" href=\"https:\/\/produncan.cl\/de\/produkt\/grundstucke-santa-ana\/\" \/>\n<meta property=\"og:locale\" content=\"de_DE\" \/>\n<meta property=\"og:type\" content=\"article\" \/>\n<meta property=\"og:title\" content=\"Santa Ana Grundst\u00fccke - Tres Puentes Kolonie, Puerto Varas\" \/>\n<meta property=\"og:description\" content=\"Parcelas Santa Ana ist ein Projekt 15-20 Minuten von Puerto Varas in Richtung Ensenada mit einer Stra\u00dfe, die bald asphaltiert wird.\" \/>\n<meta property=\"og:url\" content=\"https:\/\/produncan.cl\/de\/produkt\/grundstucke-santa-ana\/\" \/>\n<meta property=\"og:site_name\" content=\"Produncan\" \/>\n<meta property=\"article:publisher\" content=\"https:\/\/web.facebook.com\/produncanland\" \/>\n<meta property=\"article:modified_time\" content=\"2025-12-26T20:32:21+00:00\" \/>\n<meta property=\"og:image\" content=\"https:\/\/produncan.cl\/wp-content\/uploads\/2022\/05\/Parcelas-Santa-Ana-Puerto-Varas.webp\" \/>\n\t<meta property=\"og:image:width\" content=\"800\" \/>\n\t<meta property=\"og:image:height\" content=\"600\" \/>\n\t<meta property=\"og:image:type\" content=\"image\/webp\" \/>\n<meta name=\"twitter:card\" content=\"summary_large_image\" \/>\n<meta name=\"twitter:label1\" content=\"Price\" \/>\n\t<meta name=\"twitter:data1\" content=\"USD73.000,00\" \/>\n\t<meta name=\"twitter:label2\" content=\"Availability\" \/>\n\t<meta name=\"twitter:data2\" content=\"On backorder\" \/>\n<script type=\"application\/ld+json\" class=\"yoast-schema-graph\">{\"@context\":\"https:\\\/\\\/schema.org\",\"@graph\":[{\"@type\":\"WebPage\",\"@id\":\"https:\\\/\\\/produncan.cl\\\/de\\\/produkt\\\/grundstucke-santa-ana\\\/\",\"url\":\"https:\\\/\\\/produncan.cl\\\/de\\\/produkt\\\/grundstucke-santa-ana\\\/\",\"name\":\"Santa Ana Grundst\u00fccke - Tres Puentes Kolonie, Puerto Varas - Produncan\",\"isPartOf\":{\"@id\":\"https:\\\/\\\/produncan.cl\\\/de\\\/#website\"},\"primaryImageOfPage\":{\"@id\":\"https:\\\/\\\/produncan.cl\\\/de\\\/produkt\\\/grundstucke-santa-ana\\\/#primaryimage\"},\"image\":{\"@id\":\"https:\\\/\\\/produncan.cl\\\/de\\\/produkt\\\/grundstucke-santa-ana\\\/#primaryimage\"},\"thumbnailUrl\":\"https:\\\/\\\/produncan.cl\\\/wp-content\\\/uploads\\\/2022\\\/05\\\/Parcelas-Santa-Ana-Puerto-Varas.webp\",\"datePublished\":\"2022-05-13T19:33:01+00:00\",\"dateModified\":\"2025-12-26T20:32:21+00:00\",\"description\":\"Parcelas Santa Ana ist ein Projekt 15-20 Minuten von Puerto Varas in Richtung Ensenada mit einer Stra\u00dfe, die bald asphaltiert wird.\",\"breadcrumb\":{\"@id\":\"https:\\\/\\\/produncan.cl\\\/de\\\/produkt\\\/grundstucke-santa-ana\\\/#breadcrumb\"},\"inLanguage\":\"de-DE\",\"potentialAction\":[{\"@type\":\"ReadAction\",\"target\":[\"https:\\\/\\\/produncan.cl\\\/de\\\/produkt\\\/grundstucke-santa-ana\\\/\"]}]},{\"@type\":\"ImageObject\",\"inLanguage\":\"de-DE\",\"@id\":\"https:\\\/\\\/produncan.cl\\\/de\\\/produkt\\\/grundstucke-santa-ana\\\/#primaryimage\",\"url\":\"https:\\\/\\\/produncan.cl\\\/wp-content\\\/uploads\\\/2022\\\/05\\\/Parcelas-Santa-Ana-Puerto-Varas.webp\",\"contentUrl\":\"https:\\\/\\\/produncan.cl\\\/wp-content\\\/uploads\\\/2022\\\/05\\\/Parcelas-Santa-Ana-Puerto-Varas.webp\",\"width\":800,\"height\":600},{\"@type\":\"BreadcrumbList\",\"@id\":\"https:\\\/\\\/produncan.cl\\\/de\\\/produkt\\\/grundstucke-santa-ana\\\/#breadcrumb\",\"itemListElement\":[{\"@type\":\"ListItem\",\"position\":1,\"name\":\"Inicio\",\"item\":\"https:\\\/\\\/produncan.cl\\\/de\\\/\"},{\"@type\":\"ListItem\",\"position\":2,\"name\":\"Eigenschaften\",\"item\":\"https:\\\/\\\/produncan.cl\\\/propiedades\\\/\"},{\"@type\":\"ListItem\",\"position\":3,\"name\":\"Grundst\u00fccke\",\"item\":\"https:\\\/\\\/produncan.cl\\\/de\\\/kategorie\\\/grundstuecke\\\/\"},{\"@type\":\"ListItem\",\"position\":4,\"name\":\"Santa Ana Grundst\u00fccke &#8211; Tres Puentes Kolonie, Puerto Varas\"}]},{\"@type\":\"WebSite\",\"@id\":\"https:\\\/\\\/produncan.cl\\\/de\\\/#website\",\"url\":\"https:\\\/\\\/produncan.cl\\\/de\\\/\",\"name\":\"Produncan\",\"description\":\"Wir begleiten Sie bei Ihrem Lebensprojekt!\",\"publisher\":{\"@id\":\"https:\\\/\\\/produncan.cl\\\/de\\\/#organization\"},\"potentialAction\":[{\"@type\":\"SearchAction\",\"target\":{\"@type\":\"EntryPoint\",\"urlTemplate\":\"https:\\\/\\\/produncan.cl\\\/de\\\/?s={search_term_string}\"},\"query-input\":{\"@type\":\"PropertyValueSpecification\",\"valueRequired\":true,\"valueName\":\"search_term_string\"}}],\"inLanguage\":\"de-DE\"},{\"@type\":\"Organization\",\"@id\":\"https:\\\/\\\/produncan.cl\\\/de\\\/#organization\",\"name\":\"Produncan\",\"url\":\"https:\\\/\\\/produncan.cl\\\/de\\\/\",\"logo\":{\"@type\":\"ImageObject\",\"inLanguage\":\"de-DE\",\"@id\":\"https:\\\/\\\/produncan.cl\\\/de\\\/#\\\/schema\\\/logo\\\/image\\\/\",\"url\":\"https:\\\/\\\/produncan.cl\\\/wp-content\\\/uploads\\\/2021\\\/03\\\/LOGO.jpeg\",\"contentUrl\":\"https:\\\/\\\/produncan.cl\\\/wp-content\\\/uploads\\\/2021\\\/03\\\/LOGO.jpeg\",\"width\":1280,\"height\":903,\"caption\":\"Produncan\"},\"image\":{\"@id\":\"https:\\\/\\\/produncan.cl\\\/de\\\/#\\\/schema\\\/logo\\\/image\\\/\"},\"sameAs\":[\"https:\\\/\\\/web.facebook.com\\\/produncanland\",\"https:\\\/\\\/www.instagram.com\\\/pro_duncan\\\/\",\"https:\\\/\\\/www.linkedin.com\\\/company\\\/produncan-lands\\\/\",\"https:\\\/\\\/www.youtube.com\\\/channel\\\/UCu7N-f3x0svkazD-Eew1-QQ\"],\"description\":\"En Produncan somos especialistas en la venta de terrenos en el sur de Chile. Proveemos estancias, campos, parcelas y hoteles.\",\"email\":\"info@produncan.cl\"}]}<\/script>\n<meta property=\"og:video\" content=\"https:\/\/www.youtube.com\/embed\/fUanbM1X_nE\" \/>\n<meta property=\"og:video:type\" content=\"text\/html\" \/>\n<meta property=\"og:video:duration\" content=\"58\" \/>\n<meta property=\"og:video:width\" content=\"480\" \/>\n<meta property=\"og:video:height\" content=\"270\" \/>\n<meta property=\"ya:ovs:adult\" content=\"false\" \/>\n<meta property=\"ya:ovs:upload_date\" content=\"2022-05-13T19:33:01+00:00\" \/>\n<meta property=\"ya:ovs:allow_embed\" content=\"true\" \/>\n<meta property=\"product:price:amount\" content=\"73000.00\" \/>\n<meta property=\"product:price:currency\" content=\"USD\" \/>\n<meta property=\"og:availability\" content=\"backorder\" \/>\n<meta property=\"product:availability\" content=\"available for order\" \/>\n<meta property=\"product:condition\" content=\"new\" \/>\n<!-- \/ Yoast SEO Premium plugin. -->","yoast_head_json":{"title":"Santa Ana Grundst\u00fccke - Tres Puentes Kolonie, Puerto Varas - Produncan","description":"Parcelas Santa Ana ist ein Projekt 15-20 Minuten von Puerto Varas in Richtung Ensenada mit einer Stra\u00dfe, die bald asphaltiert wird.","robots":{"index":"index","follow":"follow","max-snippet":"max-snippet:-1","max-image-preview":"max-image-preview:large","max-video-preview":"max-video-preview:-1"},"canonical":"https:\/\/produncan.cl\/de\/produkt\/grundstucke-santa-ana\/","og_locale":"de_DE","og_type":"article","og_title":"Santa Ana Grundst\u00fccke - Tres Puentes Kolonie, Puerto Varas","og_description":"Parcelas Santa Ana ist ein Projekt 15-20 Minuten von Puerto Varas in Richtung Ensenada mit einer Stra\u00dfe, die bald asphaltiert wird.","og_url":"https:\/\/produncan.cl\/de\/produkt\/grundstucke-santa-ana\/","og_site_name":"Produncan","article_publisher":"https:\/\/web.facebook.com\/produncanland","article_modified_time":"2025-12-26T20:32:21+00:00","og_image":[{"width":800,"height":600,"url":"https:\/\/produncan.cl\/wp-content\/uploads\/2022\/05\/Parcelas-Santa-Ana-Puerto-Varas.webp","type":"image\/webp"}],"twitter_card":"summary_large_image","twitter_misc":{"Price":"USD73.000,00","Availability":"On backorder"},"schema":{"@context":"https:\/\/schema.org","@graph":[{"@type":"WebPage","@id":"https:\/\/produncan.cl\/de\/produkt\/grundstucke-santa-ana\/","url":"https:\/\/produncan.cl\/de\/produkt\/grundstucke-santa-ana\/","name":"Santa Ana Grundst\u00fccke - Tres Puentes Kolonie, Puerto Varas - Produncan","isPartOf":{"@id":"https:\/\/produncan.cl\/de\/#website"},"primaryImageOfPage":{"@id":"https:\/\/produncan.cl\/de\/produkt\/grundstucke-santa-ana\/#primaryimage"},"image":{"@id":"https:\/\/produncan.cl\/de\/produkt\/grundstucke-santa-ana\/#primaryimage"},"thumbnailUrl":"https:\/\/produncan.cl\/wp-content\/uploads\/2022\/05\/Parcelas-Santa-Ana-Puerto-Varas.webp","datePublished":"2022-05-13T19:33:01+00:00","dateModified":"2025-12-26T20:32:21+00:00","description":"Parcelas Santa Ana ist ein Projekt 15-20 Minuten von Puerto Varas in Richtung Ensenada mit einer Stra\u00dfe, die bald asphaltiert wird.","breadcrumb":{"@id":"https:\/\/produncan.cl\/de\/produkt\/grundstucke-santa-ana\/#breadcrumb"},"inLanguage":"de-DE","potentialAction":[{"@type":"ReadAction","target":["https:\/\/produncan.cl\/de\/produkt\/grundstucke-santa-ana\/"]}]},{"@type":"ImageObject","inLanguage":"de-DE","@id":"https:\/\/produncan.cl\/de\/produkt\/grundstucke-santa-ana\/#primaryimage","url":"https:\/\/produncan.cl\/wp-content\/uploads\/2022\/05\/Parcelas-Santa-Ana-Puerto-Varas.webp","contentUrl":"https:\/\/produncan.cl\/wp-content\/uploads\/2022\/05\/Parcelas-Santa-Ana-Puerto-Varas.webp","width":800,"height":600},{"@type":"BreadcrumbList","@id":"https:\/\/produncan.cl\/de\/produkt\/grundstucke-santa-ana\/#breadcrumb","itemListElement":[{"@type":"ListItem","position":1,"name":"Inicio","item":"https:\/\/produncan.cl\/de\/"},{"@type":"ListItem","position":2,"name":"Eigenschaften","item":"https:\/\/produncan.cl\/propiedades\/"},{"@type":"ListItem","position":3,"name":"Grundst\u00fccke","item":"https:\/\/produncan.cl\/de\/kategorie\/grundstuecke\/"},{"@type":"ListItem","position":4,"name":"Santa Ana Grundst\u00fccke &#8211; Tres Puentes Kolonie, Puerto Varas"}]},{"@type":"WebSite","@id":"https:\/\/produncan.cl\/de\/#website","url":"https:\/\/produncan.cl\/de\/","name":"Produncan","description":"Wir begleiten Sie bei Ihrem Lebensprojekt!","publisher":{"@id":"https:\/\/produncan.cl\/de\/#organization"},"potentialAction":[{"@type":"SearchAction","target":{"@type":"EntryPoint","urlTemplate":"https:\/\/produncan.cl\/de\/?s={search_term_string}"},"query-input":{"@type":"PropertyValueSpecification","valueRequired":true,"valueName":"search_term_string"}}],"inLanguage":"de-DE"},{"@type":"Organization","@id":"https:\/\/produncan.cl\/de\/#organization","name":"Produncan","url":"https:\/\/produncan.cl\/de\/","logo":{"@type":"ImageObject","inLanguage":"de-DE","@id":"https:\/\/produncan.cl\/de\/#\/schema\/logo\/image\/","url":"https:\/\/produncan.cl\/wp-content\/uploads\/2021\/03\/LOGO.jpeg","contentUrl":"https:\/\/produncan.cl\/wp-content\/uploads\/2021\/03\/LOGO.jpeg","width":1280,"height":903,"caption":"Produncan"},"image":{"@id":"https:\/\/produncan.cl\/de\/#\/schema\/logo\/image\/"},"sameAs":["https:\/\/web.facebook.com\/produncanland","https:\/\/www.instagram.com\/pro_duncan\/","https:\/\/www.linkedin.com\/company\/produncan-lands\/","https:\/\/www.youtube.com\/channel\/UCu7N-f3x0svkazD-Eew1-QQ"],"description":"En Produncan somos especialistas en la venta de terrenos en el sur de Chile. Proveemos estancias, campos, parcelas y hoteles.","email":"info@produncan.cl"}]},"og_video":"https:\/\/www.youtube.com\/embed\/fUanbM1X_nE","og_video_type":"text\/html","og_video_duration":"58","og_video_width":"480","og_video_height":"270","ya_ovs_adult":"false","ya_ovs_upload_date":"2022-05-13T19:33:01+00:00","ya_ovs_allow_embed":"true","product_price_amount":"73000.00","product_price_currency":"USD","og_availability":"backorder","product_availability":"available for order","product_condition":"new"},"_links":{"self":[{"href":"https:\/\/produncan.cl\/de\/wp-json\/wp\/v2\/product\/7323","targetHints":{"allow":["GET"]}}],"collection":[{"href":"https:\/\/produncan.cl\/de\/wp-json\/wp\/v2\/product"}],"about":[{"href":"https:\/\/produncan.cl\/de\/wp-json\/wp\/v2\/types\/product"}],"version-history":[{"count":2,"href":"https:\/\/produncan.cl\/de\/wp-json\/wp\/v2\/product\/7323\/revisions"}],"predecessor-version":[{"id":54321,"href":"https:\/\/produncan.cl\/de\/wp-json\/wp\/v2\/product\/7323\/revisions\/54321"}],"wp:featuredmedia":[{"embeddable":true,"href":"https:\/\/produncan.cl\/de\/wp-json\/wp\/v2\/media\/44838"}],"wp:attachment":[{"href":"https:\/\/produncan.cl\/de\/wp-json\/wp\/v2\/media?parent=7323"}],"wp:term":[{"taxonomy":"product_brand","embeddable":true,"href":"https:\/\/produncan.cl\/de\/wp-json\/wp\/v2\/product_brand?post=7323"},{"taxonomy":"product_cat","embeddable":true,"href":"https:\/\/produncan.cl\/de\/wp-json\/wp\/v2\/product_cat?post=7323"},{"taxonomy":"product_tag","embeddable":true,"href":"https:\/\/produncan.cl\/de\/wp-json\/wp\/v2\/product_tag?post=7323"},{"taxonomy":"regiones","embeddable":true,"href":"https:\/\/produncan.cl\/de\/wp-json\/wp\/v2\/regiones?post=7323"},{"taxonomy":"ciudades","embeddable":true,"href":"https:\/\/produncan.cl\/de\/wp-json\/wp\/v2\/ciudades?post=7323"}],"curies":[{"name":"wp","href":"https:\/\/api.w.org\/{rel}","templated":true}]}}