{"id":7330,"date":"2023-05-12T16:30:42","date_gmt":"2023-05-12T20:30:42","guid":{"rendered":"https:\/\/produncan.cl\/producto\/sequoia-grundstuecke\/"},"modified":"2025-08-18T16:45:34","modified_gmt":"2025-08-18T20:45:34","slug":"sequoia-grundstuecke","status":"publish","type":"product","link":"https:\/\/produncan.cl\/de\/produkt\/sequoia-grundstuecke\/","title":{"rendered":"Grundst\u00fccke in Rio Negro &#8211; Sequoia Park, Seengebiet"},"content":{"rendered":"\t\t<div data-elementor-type=\"product-post\" data-elementor-id=\"7330\" class=\"elementor elementor-7330 elementor-1543\" data-elementor-post-type=\"product\">\n\t\t\t\t<div class=\"elementor-element elementor-element-6a28a0c e-flex e-con-boxed e-con e-parent\" data-id=\"6a28a0c\" data-element_type=\"container\" data-e-type=\"container\" data-settings=\"{&quot;jet_parallax_layout_list&quot;:[]}\">\n\t\t\t\t\t<div class=\"e-con-inner\">\n\t\t\t\t<div class=\"elementor-element elementor-element-0b9407b elementor-widget elementor-widget-heading\" data-id=\"0b9407b\" data-element_type=\"widget\" data-e-type=\"widget\" data-widget_type=\"heading.default\">\n\t\t\t\t\t<h2 class=\"elementor-heading-title elementor-size-default\"><h2 style=\"font-family: Roboto, sans-serif\">Parzellen in Rio Negro innerhalb eines Bio-Parks, in dem Agrar\u00f6kologie und landwirtschaftliche Ethik praktiziert werden<\/h2><\/h2>\t\t\t\t<\/div>\n\t\t\t\t\t<\/div>\n\t\t\t\t<\/div>\n\t\t<div class=\"elementor-element elementor-element-decb635 e-flex e-con-boxed e-con e-parent\" data-id=\"decb635\" data-element_type=\"container\" data-e-type=\"container\" data-settings=\"{&quot;jet_parallax_layout_list&quot;:[]}\">\n\t\t\t\t\t<div class=\"e-con-inner\">\n\t\t<div class=\"elementor-element elementor-element-ef4f512 e-con-full e-flex e-con e-child\" data-id=\"ef4f512\" data-element_type=\"container\" data-e-type=\"container\" data-settings=\"{&quot;jet_parallax_layout_list&quot;:[]}\">\n\t\t\t\t<div class=\"elementor-element elementor-element-00417c6 elementor-widget elementor-widget-text-editor\" data-id=\"00417c6\" data-element_type=\"widget\" data-e-type=\"widget\" data-widget_type=\"text-editor.default\">\n\t\t\t\t\t\t\t\t\t<p>GET READY! Denn in den Parcelas &#8220;Parque Sequoia sector R\u00edo Negro&#8221; k\u00f6nnen Sie Mammutbaumw\u00e4lder, einheimische B\u00e4ume und Hunderte von Blumen genie\u00dfen, die den Ort zu einer Explosion von Farben und D\u00fcften machen.<\/p><p><span style=\"color: var( --e-global-color-text ); font-family: var( --e-global-typography-text-font-family ), Sans-serif; letter-spacing: 0.1px; text-align: var(--text-align);\">Einige Parzellen sind mit Bio-Heidelbeeren bepflanzt. Das bedeutet, dass Sie eine Mikroplantage besitzen, sie gemeinsam mit Ihrer Familie ernten und diese Frucht das ganze Jahr \u00fcber genie\u00dfen k\u00f6nnen.<\/span><\/p><p><span style=\"color: var( --e-global-color-text ); font-family: var( --e-global-typography-text-font-family ), Sans-serif; letter-spacing: 0.1px; text-align: var(--text-align);\">Der Park ist nur 23 Minuten von Osorno und 45 Minuten von Puerto Varas entfernt. In der N\u00e4he gibt es ein Krankenhaus, CESFAM, Schulen, Mini-M\u00e4rkte und der Flughafen Ca\u00f1al Bajo ist nur 23 Minuten entfernt.<\/span><\/p><p><span style=\"color: var( --e-global-color-text ); font-family: var( --e-global-typography-text-font-family ), Sans-serif; letter-spacing: 0.1px; text-align: var(--text-align);\">Gibt es Trinkwasser? Die Parzelle verf\u00fcgt \u00fcber eine Bew\u00e4sserungsmatrix und einen Tiefbrunnen f\u00fcr die Wasserversorgung mit Wasseranalyse, Wasserversorgung f\u00fcr jedes Grundst\u00fcck. Jede Parzelle hat ihren eigenen Z\u00e4hler.<\/span><\/p><p><span style=\"color: var( --e-global-color-text ); font-family: var( --e-global-typography-text-font-family ), Sans-serif; letter-spacing: 0.1px; text-align: var(--text-align);\">Gibt es elektrischen Strom? Unterirdische Niederspannungs-Elektrizit\u00e4tsanlagen und ihr Verteilungsnetz bis zu ihren Anschl\u00fcssen an das jeweilige Grundst\u00fcck oder die jeweilige Parzelle. Dar\u00fcber hinaus hat jedes Grundst\u00fcck Zugang zu Strom von einer zentralen Tafel mit einem individuellen Z\u00e4hler, der jedem Eigent\u00fcmer zu den Kosten des jeweiligen Anschlusses oder des unterirdischen Systems vor seinem Grundst\u00fcck in Rechnung gestellt wird.<\/span><\/p><p><span style=\"color: var( --e-global-color-text ); font-family: var( --e-global-typography-text-font-family ), Sans-serif; letter-spacing: 0.1px; text-align: var(--text-align);\">Gibt es Einschr\u00e4nkungen in Bezug auf Design und Baumaterialien? Alle Konstruktionssysteme sind zul\u00e4ssig: Holz, Stein, Zementstein, norwegisch, rustikal, eleganter patagonischer Bergstil, Holzschindeldach oder Asphaltschindeln; die Verwendung von Zinkblechen, Kunststoffverkleidungen oder \u00c4hnlichem als Au\u00dfenwandverkleidung ist verboten.<\/span><\/p><p><span style=\"color: var( --e-global-color-text ); font-family: var( --e-global-typography-text-font-family ), Sans-serif; letter-spacing: 0.1px; text-align: var(--text-align);\">Schlie\u00dflich verf\u00fcgt das Projekt \u00fcber interne Regelungen. Die Gemeinkosten werden auf etwa 40 Mio. $ gesch\u00e4tzt, die inneren Stra\u00dfen sind fertig und in gutem Zustand, und das Grundst\u00fcck ist eingez\u00e4unt und wird ein elektrisches Tor haben.<\/span><\/p><p><span style=\"color: var( --e-global-color-text ); font-family: var( --e-global-typography-text-font-family ), Sans-serif; letter-spacing: 0.1px; text-align: var(--text-align);\">Hypotheken werden nicht akzeptiert.<\/span><\/p><p><span style=\"color: var( --e-global-color-text ); font-family: var( --e-global-typography-text-font-family ), Sans-serif; letter-spacing: 0.1px; text-align: var(--text-align);\">Nutzen Sie den Vorteil, eines der Grundst\u00fccke in R\u00edo Negro zu besitzen!<\/span><\/p><p><span style=\"color: var( --e-global-color-text ); font-family: var( --e-global-typography-text-font-family ), Sans-serif; letter-spacing: 0.1px; text-align: var(--text-align);\">Die Grundst\u00fccke werden ab UF 1650 x 5000m\u00b2 angeboten.<\/span><\/p><p><span style=\"color: var( --e-global-color-text ); font-family: var( --e-global-typography-text-font-family ), Sans-serif; letter-spacing: 0.1px; text-align: var(--text-align);\">WIR LADEN SIE EIN, DIE IMMOBILIE ZU BESICHTIGEN<\/span><\/p>\t\t\t\t\t\t\t\t<\/div>\n\t\t\t\t<\/div>\n\t\t\t\t\t<\/div>\n\t\t\t\t<\/div>\n\t\t\t\t<\/div>\n\t\t","protected":false},"excerpt":{"rendered":"<p>Grundst\u00fccksprojekt in Rio Negro, Seengebiet, mit 10 spektakul\u00e4ren Grundst\u00fccken in der N\u00e4he der Route 7 zwischen Osorno und Frutillar. Elektrizit\u00e4t und Wasser sind vorhanden. <\/p>\n","protected":false},"featured_media":4318,"template":"","meta":{"_acf_changed":false},"product_brand":[],"product_cat":[104],"product_tag":[232],"regiones":[226],"ciudades":[228,217],"class_list":{"0":"post-7330","1":"product","2":"type-product","3":"status-publish","4":"has-post-thumbnail","6":"product_cat-ohiggins-los-lagos","7":"product_tag-grundstuecke","8":"regiones-nuble-los_lagos","9":"ciudades-frutillar","10":"ciudades-osorno","12":"first","13":"instock","14":"shipping-taxable","15":"purchasable","16":"product-type-simple"},"acf":[],"yoast_head":"<!-- This site is optimized with the Yoast SEO Premium plugin v26.0 (Yoast SEO v27.3) - https:\/\/yoast.com\/product\/yoast-seo-premium-wordpress\/ -->\n<title>%<\/title>\n<meta name=\"description\" content=\"Grundst\u00fccke in einem Park mit Mammutbaumw\u00e4ldern und Hunderten von Blumen im Sektor Rio Negro.\" \/>\n<meta name=\"robots\" content=\"index, follow, max-snippet:-1, max-image-preview:large, max-video-preview:-1\" \/>\n<link rel=\"canonical\" href=\"https:\/\/produncan.cl\/de\/produkt\/sequoia-grundstuecke\/\" \/>\n<meta property=\"og:locale\" content=\"de_DE\" \/>\n<meta property=\"og:type\" content=\"article\" \/>\n<meta property=\"og:title\" content=\"Grundst\u00fccke in Rio Negro - Sequoia Park, Seengebiet\" \/>\n<meta property=\"og:description\" content=\"Grundst\u00fccke in einem Park mit Mammutbaumw\u00e4ldern und Hunderten von Blumen im Sektor Rio Negro.\" \/>\n<meta property=\"og:url\" content=\"https:\/\/produncan.cl\/de\/produkt\/sequoia-grundstuecke\/\" \/>\n<meta property=\"og:site_name\" content=\"Produncan\" \/>\n<meta property=\"article:publisher\" content=\"https:\/\/web.facebook.com\/produncanland\" \/>\n<meta property=\"article:modified_time\" content=\"2025-08-18T20:45:34+00:00\" \/>\n<meta property=\"og:image\" content=\"https:\/\/produncan.cl\/wp-content\/uploads\/2021\/03\/PARQUE-SEQUOIA.webp\" \/>\n\t<meta property=\"og:image:width\" content=\"960\" \/>\n\t<meta property=\"og:image:height\" content=\"720\" \/>\n\t<meta property=\"og:image:type\" content=\"image\/webp\" \/>\n<meta name=\"twitter:card\" content=\"summary_large_image\" \/>\n<meta name=\"twitter:label1\" content=\"Price\" \/>\n\t<meta name=\"twitter:data1\" content=\"USD60.900,00\" \/>\n\t<meta name=\"twitter:label2\" content=\"Availability\" \/>\n\t<meta name=\"twitter:data2\" content=\"In stock\" \/>\n<script type=\"application\/ld+json\" class=\"yoast-schema-graph\">{\"@context\":\"https:\\\/\\\/schema.org\",\"@graph\":[{\"@type\":\"WebPage\",\"@id\":\"https:\\\/\\\/produncan.cl\\\/de\\\/produkt\\\/sequoia-grundstuecke\\\/\",\"url\":\"https:\\\/\\\/produncan.cl\\\/de\\\/produkt\\\/sequoia-grundstuecke\\\/\",\"name\":\"%\",\"isPartOf\":{\"@id\":\"https:\\\/\\\/produncan.cl\\\/de\\\/#website\"},\"primaryImageOfPage\":{\"@id\":\"https:\\\/\\\/produncan.cl\\\/de\\\/produkt\\\/sequoia-grundstuecke\\\/#primaryimage\"},\"image\":{\"@id\":\"https:\\\/\\\/produncan.cl\\\/de\\\/produkt\\\/sequoia-grundstuecke\\\/#primaryimage\"},\"thumbnailUrl\":\"https:\\\/\\\/produncan.cl\\\/wp-content\\\/uploads\\\/2021\\\/03\\\/PARQUE-SEQUOIA.webp\",\"datePublished\":\"2023-05-12T20:30:42+00:00\",\"dateModified\":\"2025-08-18T20:45:34+00:00\",\"description\":\"Grundst\u00fccke in einem Park mit Mammutbaumw\u00e4ldern und Hunderten von Blumen im Sektor Rio Negro.\",\"breadcrumb\":{\"@id\":\"https:\\\/\\\/produncan.cl\\\/de\\\/produkt\\\/sequoia-grundstuecke\\\/#breadcrumb\"},\"inLanguage\":\"de-DE\",\"potentialAction\":[{\"@type\":\"ReadAction\",\"target\":[\"https:\\\/\\\/produncan.cl\\\/de\\\/produkt\\\/sequoia-grundstuecke\\\/\"]}]},{\"@type\":\"ImageObject\",\"inLanguage\":\"de-DE\",\"@id\":\"https:\\\/\\\/produncan.cl\\\/de\\\/produkt\\\/sequoia-grundstuecke\\\/#primaryimage\",\"url\":\"https:\\\/\\\/produncan.cl\\\/wp-content\\\/uploads\\\/2021\\\/03\\\/PARQUE-SEQUOIA.webp\",\"contentUrl\":\"https:\\\/\\\/produncan.cl\\\/wp-content\\\/uploads\\\/2021\\\/03\\\/PARQUE-SEQUOIA.webp\",\"width\":960,\"height\":720,\"caption\":\"Sequoia Park Grundst\u00fccke in Rio Negro\"},{\"@type\":\"BreadcrumbList\",\"@id\":\"https:\\\/\\\/produncan.cl\\\/de\\\/produkt\\\/sequoia-grundstuecke\\\/#breadcrumb\",\"itemListElement\":[{\"@type\":\"ListItem\",\"position\":1,\"name\":\"Inicio\",\"item\":\"https:\\\/\\\/produncan.cl\\\/de\\\/\"},{\"@type\":\"ListItem\",\"position\":2,\"name\":\"Eigenschaften\",\"item\":\"https:\\\/\\\/produncan.cl\\\/propiedades\\\/\"},{\"@type\":\"ListItem\",\"position\":3,\"name\":\"Grundst\u00fccke\",\"item\":\"https:\\\/\\\/produncan.cl\\\/de\\\/kategorie\\\/grundstuecke\\\/\"},{\"@type\":\"ListItem\",\"position\":4,\"name\":\"Grundst\u00fccke in Rio Negro &#8211; Sequoia Park, Seengebiet\"}]},{\"@type\":\"WebSite\",\"@id\":\"https:\\\/\\\/produncan.cl\\\/de\\\/#website\",\"url\":\"https:\\\/\\\/produncan.cl\\\/de\\\/\",\"name\":\"Produncan\",\"description\":\"Wir begleiten Sie bei Ihrem Lebensprojekt!\",\"publisher\":{\"@id\":\"https:\\\/\\\/produncan.cl\\\/de\\\/#organization\"},\"potentialAction\":[{\"@type\":\"SearchAction\",\"target\":{\"@type\":\"EntryPoint\",\"urlTemplate\":\"https:\\\/\\\/produncan.cl\\\/de\\\/?s={search_term_string}\"},\"query-input\":{\"@type\":\"PropertyValueSpecification\",\"valueRequired\":true,\"valueName\":\"search_term_string\"}}],\"inLanguage\":\"de-DE\"},{\"@type\":\"Organization\",\"@id\":\"https:\\\/\\\/produncan.cl\\\/de\\\/#organization\",\"name\":\"Produncan\",\"url\":\"https:\\\/\\\/produncan.cl\\\/de\\\/\",\"logo\":{\"@type\":\"ImageObject\",\"inLanguage\":\"de-DE\",\"@id\":\"https:\\\/\\\/produncan.cl\\\/de\\\/#\\\/schema\\\/logo\\\/image\\\/\",\"url\":\"https:\\\/\\\/produncan.cl\\\/wp-content\\\/uploads\\\/2021\\\/03\\\/LOGO.jpeg\",\"contentUrl\":\"https:\\\/\\\/produncan.cl\\\/wp-content\\\/uploads\\\/2021\\\/03\\\/LOGO.jpeg\",\"width\":1280,\"height\":903,\"caption\":\"Produncan\"},\"image\":{\"@id\":\"https:\\\/\\\/produncan.cl\\\/de\\\/#\\\/schema\\\/logo\\\/image\\\/\"},\"sameAs\":[\"https:\\\/\\\/web.facebook.com\\\/produncanland\",\"https:\\\/\\\/www.instagram.com\\\/pro_duncan\\\/\",\"https:\\\/\\\/www.linkedin.com\\\/company\\\/produncan-lands\\\/\",\"https:\\\/\\\/www.youtube.com\\\/channel\\\/UCu7N-f3x0svkazD-Eew1-QQ\"],\"description\":\"En Produncan somos especialistas en la venta de terrenos en el sur de Chile. Proveemos estancias, campos, parcelas y hoteles.\",\"email\":\"info@produncan.cl\"}]}<\/script>\n<meta property=\"og:video\" content=\"https:\/\/www.youtube.com\/embed\/oljlM1j9OzM\" \/>\n<meta property=\"og:video:type\" content=\"text\/html\" \/>\n<meta property=\"og:video:duration\" content=\"60\" \/>\n<meta property=\"og:video:width\" content=\"480\" \/>\n<meta property=\"og:video:height\" content=\"360\" \/>\n<meta property=\"ya:ovs:adult\" content=\"false\" \/>\n<meta property=\"ya:ovs:upload_date\" content=\"2023-05-12T20:30:42+00:00\" \/>\n<meta property=\"ya:ovs:allow_embed\" content=\"true\" \/>\n<meta property=\"product:price:amount\" content=\"60900.00\" \/>\n<meta property=\"product:price:currency\" content=\"USD\" \/>\n<meta property=\"og:availability\" content=\"instock\" \/>\n<meta property=\"product:availability\" content=\"instock\" \/>\n<meta property=\"product:condition\" content=\"new\" \/>\n<!-- \/ Yoast SEO Premium plugin. -->","yoast_head_json":{"title":"%","description":"Grundst\u00fccke in einem Park mit Mammutbaumw\u00e4ldern und Hunderten von Blumen im Sektor Rio Negro.","robots":{"index":"index","follow":"follow","max-snippet":"max-snippet:-1","max-image-preview":"max-image-preview:large","max-video-preview":"max-video-preview:-1"},"canonical":"https:\/\/produncan.cl\/de\/produkt\/sequoia-grundstuecke\/","og_locale":"de_DE","og_type":"article","og_title":"Grundst\u00fccke in Rio Negro - Sequoia Park, Seengebiet","og_description":"Grundst\u00fccke in einem Park mit Mammutbaumw\u00e4ldern und Hunderten von Blumen im Sektor Rio Negro.","og_url":"https:\/\/produncan.cl\/de\/produkt\/sequoia-grundstuecke\/","og_site_name":"Produncan","article_publisher":"https:\/\/web.facebook.com\/produncanland","article_modified_time":"2025-08-18T20:45:34+00:00","og_image":[{"width":960,"height":720,"url":"https:\/\/produncan.cl\/wp-content\/uploads\/2021\/03\/PARQUE-SEQUOIA.webp","type":"image\/webp"}],"twitter_card":"summary_large_image","twitter_misc":{"Price":"USD60.900,00","Availability":"In stock"},"schema":{"@context":"https:\/\/schema.org","@graph":[{"@type":"WebPage","@id":"https:\/\/produncan.cl\/de\/produkt\/sequoia-grundstuecke\/","url":"https:\/\/produncan.cl\/de\/produkt\/sequoia-grundstuecke\/","name":"%","isPartOf":{"@id":"https:\/\/produncan.cl\/de\/#website"},"primaryImageOfPage":{"@id":"https:\/\/produncan.cl\/de\/produkt\/sequoia-grundstuecke\/#primaryimage"},"image":{"@id":"https:\/\/produncan.cl\/de\/produkt\/sequoia-grundstuecke\/#primaryimage"},"thumbnailUrl":"https:\/\/produncan.cl\/wp-content\/uploads\/2021\/03\/PARQUE-SEQUOIA.webp","datePublished":"2023-05-12T20:30:42+00:00","dateModified":"2025-08-18T20:45:34+00:00","description":"Grundst\u00fccke in einem Park mit Mammutbaumw\u00e4ldern und Hunderten von Blumen im Sektor Rio Negro.","breadcrumb":{"@id":"https:\/\/produncan.cl\/de\/produkt\/sequoia-grundstuecke\/#breadcrumb"},"inLanguage":"de-DE","potentialAction":[{"@type":"ReadAction","target":["https:\/\/produncan.cl\/de\/produkt\/sequoia-grundstuecke\/"]}]},{"@type":"ImageObject","inLanguage":"de-DE","@id":"https:\/\/produncan.cl\/de\/produkt\/sequoia-grundstuecke\/#primaryimage","url":"https:\/\/produncan.cl\/wp-content\/uploads\/2021\/03\/PARQUE-SEQUOIA.webp","contentUrl":"https:\/\/produncan.cl\/wp-content\/uploads\/2021\/03\/PARQUE-SEQUOIA.webp","width":960,"height":720,"caption":"Sequoia Park Grundst\u00fccke in Rio Negro"},{"@type":"BreadcrumbList","@id":"https:\/\/produncan.cl\/de\/produkt\/sequoia-grundstuecke\/#breadcrumb","itemListElement":[{"@type":"ListItem","position":1,"name":"Inicio","item":"https:\/\/produncan.cl\/de\/"},{"@type":"ListItem","position":2,"name":"Eigenschaften","item":"https:\/\/produncan.cl\/propiedades\/"},{"@type":"ListItem","position":3,"name":"Grundst\u00fccke","item":"https:\/\/produncan.cl\/de\/kategorie\/grundstuecke\/"},{"@type":"ListItem","position":4,"name":"Grundst\u00fccke in Rio Negro &#8211; Sequoia Park, Seengebiet"}]},{"@type":"WebSite","@id":"https:\/\/produncan.cl\/de\/#website","url":"https:\/\/produncan.cl\/de\/","name":"Produncan","description":"Wir begleiten Sie bei Ihrem Lebensprojekt!","publisher":{"@id":"https:\/\/produncan.cl\/de\/#organization"},"potentialAction":[{"@type":"SearchAction","target":{"@type":"EntryPoint","urlTemplate":"https:\/\/produncan.cl\/de\/?s={search_term_string}"},"query-input":{"@type":"PropertyValueSpecification","valueRequired":true,"valueName":"search_term_string"}}],"inLanguage":"de-DE"},{"@type":"Organization","@id":"https:\/\/produncan.cl\/de\/#organization","name":"Produncan","url":"https:\/\/produncan.cl\/de\/","logo":{"@type":"ImageObject","inLanguage":"de-DE","@id":"https:\/\/produncan.cl\/de\/#\/schema\/logo\/image\/","url":"https:\/\/produncan.cl\/wp-content\/uploads\/2021\/03\/LOGO.jpeg","contentUrl":"https:\/\/produncan.cl\/wp-content\/uploads\/2021\/03\/LOGO.jpeg","width":1280,"height":903,"caption":"Produncan"},"image":{"@id":"https:\/\/produncan.cl\/de\/#\/schema\/logo\/image\/"},"sameAs":["https:\/\/web.facebook.com\/produncanland","https:\/\/www.instagram.com\/pro_duncan\/","https:\/\/www.linkedin.com\/company\/produncan-lands\/","https:\/\/www.youtube.com\/channel\/UCu7N-f3x0svkazD-Eew1-QQ"],"description":"En Produncan somos especialistas en la venta de terrenos en el sur de Chile. Proveemos estancias, campos, parcelas y hoteles.","email":"info@produncan.cl"}]},"og_video":"https:\/\/www.youtube.com\/embed\/oljlM1j9OzM","og_video_type":"text\/html","og_video_duration":"60","og_video_width":"480","og_video_height":"360","ya_ovs_adult":"false","ya_ovs_upload_date":"2023-05-12T20:30:42+00:00","ya_ovs_allow_embed":"true","product_price_amount":"60900.00","product_price_currency":"USD","og_availability":"instock","product_availability":"instock","product_condition":"new"},"_links":{"self":[{"href":"https:\/\/produncan.cl\/de\/wp-json\/wp\/v2\/product\/7330","targetHints":{"allow":["GET"]}}],"collection":[{"href":"https:\/\/produncan.cl\/de\/wp-json\/wp\/v2\/product"}],"about":[{"href":"https:\/\/produncan.cl\/de\/wp-json\/wp\/v2\/types\/product"}],"version-history":[{"count":0,"href":"https:\/\/produncan.cl\/de\/wp-json\/wp\/v2\/product\/7330\/revisions"}],"wp:featuredmedia":[{"embeddable":true,"href":"https:\/\/produncan.cl\/de\/wp-json\/wp\/v2\/media\/4318"}],"wp:attachment":[{"href":"https:\/\/produncan.cl\/de\/wp-json\/wp\/v2\/media?parent=7330"}],"wp:term":[{"taxonomy":"product_brand","embeddable":true,"href":"https:\/\/produncan.cl\/de\/wp-json\/wp\/v2\/product_brand?post=7330"},{"taxonomy":"product_cat","embeddable":true,"href":"https:\/\/produncan.cl\/de\/wp-json\/wp\/v2\/product_cat?post=7330"},{"taxonomy":"product_tag","embeddable":true,"href":"https:\/\/produncan.cl\/de\/wp-json\/wp\/v2\/product_tag?post=7330"},{"taxonomy":"regiones","embeddable":true,"href":"https:\/\/produncan.cl\/de\/wp-json\/wp\/v2\/regiones?post=7330"},{"taxonomy":"ciudades","embeddable":true,"href":"https:\/\/produncan.cl\/de\/wp-json\/wp\/v2\/ciudades?post=7330"}],"curies":[{"name":"wp","href":"https:\/\/api.w.org\/{rel}","templated":true}]}}