{"id":7345,"date":"2023-10-03T12:00:04","date_gmt":"2023-10-03T15:00:04","guid":{"rendered":"https:\/\/produncan.cl\/producto\/landwirtschaftliche-flaechen-laguna-sofia\/"},"modified":"2025-11-28T13:55:04","modified_gmt":"2025-11-28T16:55:04","slug":"land-agricola-laguna-sofia","status":"publish","type":"product","link":"https:\/\/produncan.cl\/de\/produkt\/land-agricola-laguna-sofia\/","title":{"rendered":"Grundst\u00fccke in Puerto Natales, Laguna Sofia &#8211; Region Magallanes"},"content":{"rendered":"\t\t<div data-elementor-type=\"product-post\" data-elementor-id=\"7345\" class=\"elementor elementor-7345 elementor-1574\" data-elementor-post-type=\"product\">\n\t\t\t\t\t\t<section class=\"elementor-section elementor-top-section elementor-element elementor-element-6a07348c elementor-section-boxed elementor-section-height-default elementor-section-height-default\" data-id=\"6a07348c\" data-element_type=\"section\" data-e-type=\"section\" data-settings=\"{&quot;jet_parallax_layout_list&quot;:[]}\">\n\t\t\t\t\t\t<div class=\"elementor-container elementor-column-gap-default\">\n\t\t\t\t\t<div class=\"elementor-column elementor-col-100 elementor-top-column elementor-element elementor-element-2bcff3e9\" data-id=\"2bcff3e9\" data-element_type=\"column\" data-e-type=\"column\">\n\t\t\t<div class=\"elementor-widget-wrap elementor-element-populated\">\n\t\t\t\t\t\t<div class=\"elementor-element elementor-element-0de046b elementor-widget elementor-widget-heading\" data-id=\"0de046b\" data-element_type=\"widget\" data-e-type=\"widget\" data-widget_type=\"heading.default\">\n\t\t\t\t\t<h2 class=\"elementor-heading-title elementor-size-default\">Eine nat\u00fcrliche Fl\u00fcchtling im Herzen der Magellans<\/h2>\t\t\t\t<\/div>\n\t\t\t\t\t<\/div>\n\t\t<\/div>\n\t\t\t\t\t<\/div>\n\t\t<\/section>\n\t\t<div class=\"elementor-element elementor-element-61bc565 e-flex e-con-boxed e-con e-parent\" data-id=\"61bc565\" data-element_type=\"container\" data-e-type=\"container\" data-settings=\"{&quot;jet_parallax_layout_list&quot;:[]}\">\n\t\t\t\t\t<div class=\"e-con-inner\">\n\t\t\t\t<div class=\"elementor-element elementor-element-3ab83e7 elementor-widget elementor-widget-text-editor\" data-id=\"3ab83e7\" data-element_type=\"widget\" data-e-type=\"widget\" data-widget_type=\"text-editor.default\">\n\t\t\t\t\t\t\t\t\t<p>In der majest\u00e4tischen Region Magallanes, nur 25 Minuten n\u00f6rdlich von Puerto Natales, auf dem Weg nach Torres del Paine, ist Laguna Sof\u00eda, eine der schillernden und emblematischsten Landschaften im S\u00fcden Chiles.<\/p><p>Dieses exklusive Projekt, bestehend aus 64 Losen, bietet die einzigartige Gelegenheit, in eine unvergleichliche nat\u00fcrliche Umgebung zu leben oder zu investieren, umgeben von Bergen, einheimischen W\u00e4ldern und kristallklarem Wasser.<\/p><p>Diese Grundst\u00fccke befinden sich neben der Laguna Sof\u00eda, auf der R\u00fcckseite der H\u00f6hle von Milondo, zwischen der Sierra Se\u00f1oret und der Sierra Prat, ein Szenario der sich ver\u00e4ndernden Sch\u00f6nheit nach der Jahreszeit, dank der Anwesenheit von \u00f1irres, longas, Eichen, Coigues und maitens, die die Landschaft der einzigartigen T\u00f6ne f\u00e4rben.<\/p><p>Der Zugang ist komfortabel und schnell: von Puerto Natales aus erreichen Sie die Route 9 gepflastert, und dann nur 6 km gekr\u00fcmmte Stra\u00dfe in ausgezeichnetem Zustand f\u00fchren direkt zum Eingang des Projekts.<\/p><p>Diese Umgebung bietet nicht nur eine privilegierte Aussicht, sondern auch Erfahrungen f\u00fcr jeden Geschmack:<\/p><ul><li>Strand und gemeinsamer Zugang zur Lagune, mit privatem Hafen.<\/li><li>20 Hektar Naturpark mit nativem Wald f\u00fcr Familienwanderungen.<\/li><li>Mehr als 300 Hektar H\u00fcgel und Wanderwege * * ideal f\u00fcr Trekking, Reiten und Erkundungen.<\/li><li>Ideale R\u00e4ume f\u00fcr Sportangeln, Klettern und Beobachtung von Flora und Fauna.<br\/><br\/><\/li><\/ul><p>Das Land reicht von 1,4 bis 6 Hektar, mit einem Wert von 1,670 UF pro Hektar. Viele Grundst\u00fccke haben bereits H\u00e4user gebaut, mit Solarenergie und Wasser durch Brunnen versorgt, die ein selbstst\u00e4ndiges Leben in der ganzen Natur garantiert.<\/p><p>Die Lose in Laguna Sofia sind meist verkauft, aber es gibt noch letzte verf\u00fcgbaren Einheiten mit privilegierter Aussicht auf die Lagune.<\/p><p>Laguna Sofia ist viel mehr als ein Ort zu leben: es ist eine nat\u00fcrliche Zuflucht, wo Sie die Ruhe, Emotionen und Essenz der Indomite Patagonia wiederfinden k\u00f6nnen.<\/p><p>Kontaktieren Sie uns und verbinden Sie mit der Natur. Entdecken Sie Ihren Raum in Laguna Sofia.<\/p>\t\t\t\t\t\t\t\t<\/div>\n\t\t\t\t\t<\/div>\n\t\t\t\t<\/div>\n\t\t\t\t<\/div>\n\t\t","protected":false},"excerpt":{"rendered":"<p>Grundst\u00fccke in Puerto Natales mit spektakul\u00e4rem Blick auf die Laguna Sof\u00eda. Konsolidiertes Projekt, mehrere H\u00e4user bereits gebaut, gemeinsamer Zugang zur Lagune, nur noch wenige Einheiten verf\u00fcgbar. Angrenzend an Pingo Salvaje, 20 Minuten von Puerto Natales entfernt.  <\/p>\n","protected":false},"featured_media":29072,"template":"","meta":{"_acf_changed":false},"product_brand":[],"product_cat":[116],"product_tag":[232,231],"regiones":[225],"ciudades":[210],"class_list":{"0":"post-7345","1":"product","2":"type-product","3":"status-publish","4":"has-post-thumbnail","6":"product_cat-aysen-magallanes-de","7":"product_tag-grundstuecke","8":"product_tag-touristische-immobilien","9":"regiones-aysen-magallanes","10":"ciudades-puerto-natales","12":"first","13":"instock","14":"featured","15":"sold-individually","16":"shipping-taxable","17":"purchasable","18":"product-type-simple"},"acf":[],"yoast_head":"<!-- This site is optimized with the Yoast SEO Premium plugin v26.0 (Yoast SEO v27.4) - https:\/\/yoast.com\/product\/yoast-seo-premium-wordpress\/ -->\n<title>Grundst\u00fccke in Puerto Natales - Laguna Sofia - Magallanes - Produncan<\/title>\n<meta name=\"description\" content=\"Grundst\u00fccke in Puerto Natales, Laguna Sofia mit spektakul\u00e4rer Aussicht und Zugang zur Lagune. Genie\u00dfen Sie Reiten, Segeln und die besten Momente mit Ihrer Familie.\" \/>\n<meta name=\"robots\" content=\"index, follow, max-snippet:-1, max-image-preview:large, max-video-preview:-1\" \/>\n<link rel=\"canonical\" href=\"https:\/\/produncan.cl\/de\/produkt\/land-agricola-laguna-sofia\/\" \/>\n<meta property=\"og:locale\" content=\"de_DE\" \/>\n<meta property=\"og:type\" content=\"article\" \/>\n<meta property=\"og:title\" content=\"Grundst\u00fccke in Puerto Natales, Laguna Sofia - Region Magallanes\" \/>\n<meta property=\"og:description\" content=\"Grundst\u00fccke in Puerto Natales, Laguna Sofia mit spektakul\u00e4rer Aussicht und Zugang zur Lagune. Genie\u00dfen Sie Reiten, Segeln und die besten Momente mit Ihrer Familie.\" \/>\n<meta property=\"og:url\" content=\"https:\/\/produncan.cl\/de\/produkt\/land-agricola-laguna-sofia\/\" \/>\n<meta property=\"og:site_name\" content=\"Produncan\" \/>\n<meta property=\"article:publisher\" content=\"https:\/\/web.facebook.com\/produncanland\" \/>\n<meta property=\"article:modified_time\" content=\"2025-11-28T16:55:04+00:00\" \/>\n<meta property=\"og:image\" content=\"https:\/\/produncan.cl\/wp-content\/uploads\/2023\/10\/Parcelas-Laguna-Sofia-En-Venta-Puerto-Natales.webp\" \/>\n<meta name=\"twitter:card\" content=\"summary_large_image\" \/>\n<meta name=\"twitter:label1\" content=\"Price\" \/>\n\t<meta name=\"twitter:data1\" content=\"USD129.200,00\" \/>\n\t<meta name=\"twitter:label2\" content=\"Availability\" \/>\n\t<meta name=\"twitter:data2\" content=\"In stock\" \/>\n<script type=\"application\/ld+json\" class=\"yoast-schema-graph\">{\"@context\":\"https:\\\/\\\/schema.org\",\"@graph\":[{\"@type\":\"WebPage\",\"@id\":\"https:\\\/\\\/produncan.cl\\\/de\\\/produkt\\\/land-agricola-laguna-sofia\\\/\",\"url\":\"https:\\\/\\\/produncan.cl\\\/de\\\/produkt\\\/land-agricola-laguna-sofia\\\/\",\"name\":\"Grundst\u00fccke in Puerto Natales - Laguna Sofia - Magallanes - Produncan\",\"isPartOf\":{\"@id\":\"https:\\\/\\\/produncan.cl\\\/de\\\/#website\"},\"primaryImageOfPage\":{\"@id\":\"https:\\\/\\\/produncan.cl\\\/de\\\/produkt\\\/land-agricola-laguna-sofia\\\/#primaryimage\"},\"image\":{\"@id\":\"https:\\\/\\\/produncan.cl\\\/de\\\/produkt\\\/land-agricola-laguna-sofia\\\/#primaryimage\"},\"thumbnailUrl\":\"https:\\\/\\\/produncan.cl\\\/wp-content\\\/uploads\\\/2023\\\/10\\\/Parcelas-Laguna-Sofia-En-Venta-Puerto-Natales.webp\",\"datePublished\":\"2023-10-03T15:00:04+00:00\",\"dateModified\":\"2025-11-28T16:55:04+00:00\",\"description\":\"Grundst\u00fccke in Puerto Natales, Laguna Sofia mit spektakul\u00e4rer Aussicht und Zugang zur Lagune. Genie\u00dfen Sie Reiten, Segeln und die besten Momente mit Ihrer Familie.\",\"breadcrumb\":{\"@id\":\"https:\\\/\\\/produncan.cl\\\/de\\\/produkt\\\/land-agricola-laguna-sofia\\\/#breadcrumb\"},\"inLanguage\":\"de-DE\",\"potentialAction\":[{\"@type\":\"ReadAction\",\"target\":[\"https:\\\/\\\/produncan.cl\\\/de\\\/produkt\\\/land-agricola-laguna-sofia\\\/\"]}]},{\"@type\":\"ImageObject\",\"inLanguage\":\"de-DE\",\"@id\":\"https:\\\/\\\/produncan.cl\\\/de\\\/produkt\\\/land-agricola-laguna-sofia\\\/#primaryimage\",\"url\":\"https:\\\/\\\/produncan.cl\\\/wp-content\\\/uploads\\\/2023\\\/10\\\/Parcelas-Laguna-Sofia-En-Venta-Puerto-Natales.webp\",\"contentUrl\":\"https:\\\/\\\/produncan.cl\\\/wp-content\\\/uploads\\\/2023\\\/10\\\/Parcelas-Laguna-Sofia-En-Venta-Puerto-Natales.webp\",\"width\":600,\"height\":450,\"caption\":\"Grundst\u00fcck Laguna Sofia zum Verkauf Puerto Natales\"},{\"@type\":\"BreadcrumbList\",\"@id\":\"https:\\\/\\\/produncan.cl\\\/de\\\/produkt\\\/land-agricola-laguna-sofia\\\/#breadcrumb\",\"itemListElement\":[{\"@type\":\"ListItem\",\"position\":1,\"name\":\"Inicio\",\"item\":\"https:\\\/\\\/produncan.cl\\\/de\\\/\"},{\"@type\":\"ListItem\",\"position\":2,\"name\":\"Eigenschaften\",\"item\":\"https:\\\/\\\/produncan.cl\\\/propiedades\\\/\"},{\"@type\":\"ListItem\",\"position\":3,\"name\":\"Grundst\u00fccke\",\"item\":\"https:\\\/\\\/produncan.cl\\\/de\\\/kategorie\\\/grundstuecke\\\/\"},{\"@type\":\"ListItem\",\"position\":4,\"name\":\"Grundst\u00fccke in Puerto Natales, Laguna Sofia &#8211; Region Magallanes\"}]},{\"@type\":\"WebSite\",\"@id\":\"https:\\\/\\\/produncan.cl\\\/de\\\/#website\",\"url\":\"https:\\\/\\\/produncan.cl\\\/de\\\/\",\"name\":\"Produncan\",\"description\":\"Wir begleiten Sie bei Ihrem Lebensprojekt!\",\"publisher\":{\"@id\":\"https:\\\/\\\/produncan.cl\\\/de\\\/#organization\"},\"potentialAction\":[{\"@type\":\"SearchAction\",\"target\":{\"@type\":\"EntryPoint\",\"urlTemplate\":\"https:\\\/\\\/produncan.cl\\\/de\\\/?s={search_term_string}\"},\"query-input\":{\"@type\":\"PropertyValueSpecification\",\"valueRequired\":true,\"valueName\":\"search_term_string\"}}],\"inLanguage\":\"de-DE\"},{\"@type\":\"Organization\",\"@id\":\"https:\\\/\\\/produncan.cl\\\/de\\\/#organization\",\"name\":\"Produncan\",\"url\":\"https:\\\/\\\/produncan.cl\\\/de\\\/\",\"logo\":{\"@type\":\"ImageObject\",\"inLanguage\":\"de-DE\",\"@id\":\"https:\\\/\\\/produncan.cl\\\/de\\\/#\\\/schema\\\/logo\\\/image\\\/\",\"url\":\"https:\\\/\\\/produncan.cl\\\/wp-content\\\/uploads\\\/2021\\\/03\\\/LOGO.jpeg\",\"contentUrl\":\"https:\\\/\\\/produncan.cl\\\/wp-content\\\/uploads\\\/2021\\\/03\\\/LOGO.jpeg\",\"width\":1280,\"height\":903,\"caption\":\"Produncan\"},\"image\":{\"@id\":\"https:\\\/\\\/produncan.cl\\\/de\\\/#\\\/schema\\\/logo\\\/image\\\/\"},\"sameAs\":[\"https:\\\/\\\/web.facebook.com\\\/produncanland\",\"https:\\\/\\\/www.instagram.com\\\/pro_duncan\\\/\",\"https:\\\/\\\/www.linkedin.com\\\/company\\\/produncan-lands\\\/\",\"https:\\\/\\\/www.youtube.com\\\/channel\\\/UCu7N-f3x0svkazD-Eew1-QQ\"],\"description\":\"En Produncan somos especialistas en la venta de terrenos en el sur de Chile. Proveemos estancias, campos, parcelas y hoteles.\",\"email\":\"info@produncan.cl\"}]}<\/script>\n<meta property=\"og:video\" content=\"https:\/\/www.youtube.com\/embed\/pDmR_ewQggQ\" \/>\n<meta property=\"og:video:type\" content=\"text\/html\" \/>\n<meta property=\"og:video:duration\" content=\"60\" \/>\n<meta property=\"og:video:width\" content=\"480\" \/>\n<meta property=\"og:video:height\" content=\"360\" \/>\n<meta property=\"ya:ovs:adult\" content=\"false\" \/>\n<meta property=\"ya:ovs:upload_date\" content=\"2023-10-03T15:00:04+00:00\" \/>\n<meta property=\"ya:ovs:allow_embed\" content=\"true\" \/>\n<meta property=\"product:price:amount\" content=\"129200.00\" \/>\n<meta property=\"product:price:currency\" content=\"USD\" \/>\n<meta property=\"og:availability\" content=\"instock\" \/>\n<meta property=\"product:availability\" content=\"instock\" \/>\n<meta property=\"product:condition\" content=\"new\" \/>\n<!-- \/ Yoast SEO Premium plugin. -->","yoast_head_json":{"title":"Grundst\u00fccke in Puerto Natales - Laguna Sofia - Magallanes - Produncan","description":"Grundst\u00fccke in Puerto Natales, Laguna Sofia mit spektakul\u00e4rer Aussicht und Zugang zur Lagune. Genie\u00dfen Sie Reiten, Segeln und die besten Momente mit Ihrer Familie.","robots":{"index":"index","follow":"follow","max-snippet":"max-snippet:-1","max-image-preview":"max-image-preview:large","max-video-preview":"max-video-preview:-1"},"canonical":"https:\/\/produncan.cl\/de\/produkt\/land-agricola-laguna-sofia\/","og_locale":"de_DE","og_type":"article","og_title":"Grundst\u00fccke in Puerto Natales, Laguna Sofia - Region Magallanes","og_description":"Grundst\u00fccke in Puerto Natales, Laguna Sofia mit spektakul\u00e4rer Aussicht und Zugang zur Lagune. Genie\u00dfen Sie Reiten, Segeln und die besten Momente mit Ihrer Familie.","og_url":"https:\/\/produncan.cl\/de\/produkt\/land-agricola-laguna-sofia\/","og_site_name":"Produncan","article_publisher":"https:\/\/web.facebook.com\/produncanland","article_modified_time":"2025-11-28T16:55:04+00:00","og_image":[{"url":"https:\/\/produncan.cl\/wp-content\/uploads\/2023\/10\/Parcelas-Laguna-Sofia-En-Venta-Puerto-Natales.webp","type":"","width":"","height":""}],"twitter_card":"summary_large_image","twitter_misc":{"Price":"USD129.200,00","Availability":"In stock"},"schema":{"@context":"https:\/\/schema.org","@graph":[{"@type":"WebPage","@id":"https:\/\/produncan.cl\/de\/produkt\/land-agricola-laguna-sofia\/","url":"https:\/\/produncan.cl\/de\/produkt\/land-agricola-laguna-sofia\/","name":"Grundst\u00fccke in Puerto Natales - Laguna Sofia - Magallanes - Produncan","isPartOf":{"@id":"https:\/\/produncan.cl\/de\/#website"},"primaryImageOfPage":{"@id":"https:\/\/produncan.cl\/de\/produkt\/land-agricola-laguna-sofia\/#primaryimage"},"image":{"@id":"https:\/\/produncan.cl\/de\/produkt\/land-agricola-laguna-sofia\/#primaryimage"},"thumbnailUrl":"https:\/\/produncan.cl\/wp-content\/uploads\/2023\/10\/Parcelas-Laguna-Sofia-En-Venta-Puerto-Natales.webp","datePublished":"2023-10-03T15:00:04+00:00","dateModified":"2025-11-28T16:55:04+00:00","description":"Grundst\u00fccke in Puerto Natales, Laguna Sofia mit spektakul\u00e4rer Aussicht und Zugang zur Lagune. Genie\u00dfen Sie Reiten, Segeln und die besten Momente mit Ihrer Familie.","breadcrumb":{"@id":"https:\/\/produncan.cl\/de\/produkt\/land-agricola-laguna-sofia\/#breadcrumb"},"inLanguage":"de-DE","potentialAction":[{"@type":"ReadAction","target":["https:\/\/produncan.cl\/de\/produkt\/land-agricola-laguna-sofia\/"]}]},{"@type":"ImageObject","inLanguage":"de-DE","@id":"https:\/\/produncan.cl\/de\/produkt\/land-agricola-laguna-sofia\/#primaryimage","url":"https:\/\/produncan.cl\/wp-content\/uploads\/2023\/10\/Parcelas-Laguna-Sofia-En-Venta-Puerto-Natales.webp","contentUrl":"https:\/\/produncan.cl\/wp-content\/uploads\/2023\/10\/Parcelas-Laguna-Sofia-En-Venta-Puerto-Natales.webp","width":600,"height":450,"caption":"Grundst\u00fcck Laguna Sofia zum Verkauf Puerto Natales"},{"@type":"BreadcrumbList","@id":"https:\/\/produncan.cl\/de\/produkt\/land-agricola-laguna-sofia\/#breadcrumb","itemListElement":[{"@type":"ListItem","position":1,"name":"Inicio","item":"https:\/\/produncan.cl\/de\/"},{"@type":"ListItem","position":2,"name":"Eigenschaften","item":"https:\/\/produncan.cl\/propiedades\/"},{"@type":"ListItem","position":3,"name":"Grundst\u00fccke","item":"https:\/\/produncan.cl\/de\/kategorie\/grundstuecke\/"},{"@type":"ListItem","position":4,"name":"Grundst\u00fccke in Puerto Natales, Laguna Sofia &#8211; Region Magallanes"}]},{"@type":"WebSite","@id":"https:\/\/produncan.cl\/de\/#website","url":"https:\/\/produncan.cl\/de\/","name":"Produncan","description":"Wir begleiten Sie bei Ihrem Lebensprojekt!","publisher":{"@id":"https:\/\/produncan.cl\/de\/#organization"},"potentialAction":[{"@type":"SearchAction","target":{"@type":"EntryPoint","urlTemplate":"https:\/\/produncan.cl\/de\/?s={search_term_string}"},"query-input":{"@type":"PropertyValueSpecification","valueRequired":true,"valueName":"search_term_string"}}],"inLanguage":"de-DE"},{"@type":"Organization","@id":"https:\/\/produncan.cl\/de\/#organization","name":"Produncan","url":"https:\/\/produncan.cl\/de\/","logo":{"@type":"ImageObject","inLanguage":"de-DE","@id":"https:\/\/produncan.cl\/de\/#\/schema\/logo\/image\/","url":"https:\/\/produncan.cl\/wp-content\/uploads\/2021\/03\/LOGO.jpeg","contentUrl":"https:\/\/produncan.cl\/wp-content\/uploads\/2021\/03\/LOGO.jpeg","width":1280,"height":903,"caption":"Produncan"},"image":{"@id":"https:\/\/produncan.cl\/de\/#\/schema\/logo\/image\/"},"sameAs":["https:\/\/web.facebook.com\/produncanland","https:\/\/www.instagram.com\/pro_duncan\/","https:\/\/www.linkedin.com\/company\/produncan-lands\/","https:\/\/www.youtube.com\/channel\/UCu7N-f3x0svkazD-Eew1-QQ"],"description":"En Produncan somos especialistas en la venta de terrenos en el sur de Chile. Proveemos estancias, campos, parcelas y hoteles.","email":"info@produncan.cl"}]},"og_video":"https:\/\/www.youtube.com\/embed\/pDmR_ewQggQ","og_video_type":"text\/html","og_video_duration":"60","og_video_width":"480","og_video_height":"360","ya_ovs_adult":"false","ya_ovs_upload_date":"2023-10-03T15:00:04+00:00","ya_ovs_allow_embed":"true","product_price_amount":"129200.00","product_price_currency":"USD","og_availability":"instock","product_availability":"instock","product_condition":"new"},"_links":{"self":[{"href":"https:\/\/produncan.cl\/de\/wp-json\/wp\/v2\/product\/7345","targetHints":{"allow":["GET"]}}],"collection":[{"href":"https:\/\/produncan.cl\/de\/wp-json\/wp\/v2\/product"}],"about":[{"href":"https:\/\/produncan.cl\/de\/wp-json\/wp\/v2\/types\/product"}],"version-history":[{"count":2,"href":"https:\/\/produncan.cl\/de\/wp-json\/wp\/v2\/product\/7345\/revisions"}],"predecessor-version":[{"id":52616,"href":"https:\/\/produncan.cl\/de\/wp-json\/wp\/v2\/product\/7345\/revisions\/52616"}],"wp:featuredmedia":[{"embeddable":true,"href":"https:\/\/produncan.cl\/de\/wp-json\/wp\/v2\/media\/29072"}],"wp:attachment":[{"href":"https:\/\/produncan.cl\/de\/wp-json\/wp\/v2\/media?parent=7345"}],"wp:term":[{"taxonomy":"product_brand","embeddable":true,"href":"https:\/\/produncan.cl\/de\/wp-json\/wp\/v2\/product_brand?post=7345"},{"taxonomy":"product_cat","embeddable":true,"href":"https:\/\/produncan.cl\/de\/wp-json\/wp\/v2\/product_cat?post=7345"},{"taxonomy":"product_tag","embeddable":true,"href":"https:\/\/produncan.cl\/de\/wp-json\/wp\/v2\/product_tag?post=7345"},{"taxonomy":"regiones","embeddable":true,"href":"https:\/\/produncan.cl\/de\/wp-json\/wp\/v2\/regiones?post=7345"},{"taxonomy":"ciudades","embeddable":true,"href":"https:\/\/produncan.cl\/de\/wp-json\/wp\/v2\/ciudades?post=7345"}],"curies":[{"name":"wp","href":"https:\/\/api.w.org\/{rel}","templated":true}]}}