{"id":7366,"date":"2021-09-02T12:04:10","date_gmt":"2021-09-02T16:04:10","guid":{"rendered":"https:\/\/produncan.cl\/producto\/feld-in-trumao\/"},"modified":"2025-08-19T12:19:39","modified_gmt":"2025-08-19T16:19:39","slug":"feld-in-trumao","status":"publish","type":"product","link":"https:\/\/produncan.cl\/de\/produkt\/feld-in-trumao\/","title":{"rendered":"Feld 33,06ha R\u00edo Bueno &#8211; Trumao, Regi\u00f3n de los R\u00edos"},"content":{"rendered":"\t\t<div data-elementor-type=\"product-post\" data-elementor-id=\"7366\" class=\"elementor elementor-7366 elementor-1583\" data-elementor-post-type=\"product\">\n\t\t\t\t\t\t<section class=\"elementor-section elementor-top-section elementor-element elementor-element-1938012d elementor-section-boxed elementor-section-height-default elementor-section-height-default\" data-id=\"1938012d\" data-element_type=\"section\" data-e-type=\"section\" data-settings=\"{&quot;jet_parallax_layout_list&quot;:[]}\">\n\t\t\t\t\t\t<div class=\"elementor-container elementor-column-gap-default\">\n\t\t\t\t\t<div class=\"elementor-column elementor-col-100 elementor-top-column elementor-element elementor-element-34eb3309\" data-id=\"34eb3309\" data-element_type=\"column\" data-e-type=\"column\">\n\t\t\t<div class=\"elementor-widget-wrap elementor-element-populated\">\n\t\t\t\t\t\t<div class=\"elementor-element elementor-element-1cfd729 elementor-widget elementor-widget-text-editor\" data-id=\"1cfd729\" data-element_type=\"widget\" data-e-type=\"widget\" data-widget_type=\"text-editor.default\">\n\t\t\t\t\t\t\t\t\t<h2>Ein Feld in einem der sch\u00f6nsten Orte im S\u00fcden Chiles!<\/h2><p>Sch\u00f6ner Platz mit 33,06 ha und 1,1 km Flussufer. Das Grundst\u00fcck liegt auf der H\u00f6he des Ranco-Sees (hoher Wert), aber von La Union aus in Richtung Meer, innerhalb eines Sektors namens Trumao, der au\u00dfergew\u00f6hnlich sch\u00f6n und bekannt ist f\u00fcr seine Geschichte, Feuchtgebiete, gr\u00fcne H\u00fcgel und die Breite des Bueno-Flusses, der die Schifffahrt nach Osten und Westen bis zur M\u00fcndung des Flusses erm\u00f6glicht.<\/p><p>Vom Camp aus hat man im Nordwesten Zugang zum Alerce-Nationalpark an der K\u00fcste und nach Valdivia, alles in Erwartung einer zuk\u00fcnftigen Entwicklung, die noch nicht erfasst wurde.<\/p><p>Es liegt 40 Minuten von La Uni\u00f3n entfernt.<\/p><p>Die Stra\u00dfe ist von La Uni\u00f3n bis 8 km vor dem Camp asphaltiert. Die Schotterstra\u00dfe wird derzeit asphaltiert, und nach Abschluss der Arbeiten wird es nur noch eine 2 km lange Schotterstra\u00dfe zum Feld geben.<\/p><p>Der Flughafen Ca\u00f1al Bajo ist 1 Stunde und 14 Minuten entfernt. 75 Km. Der Flughafen Pichoy ist 139 km entfernt, 2,19 Stunden. Ungef\u00e4hr. Auf der Strecke gibt es zwei Mautstellen.<\/p><p>L\u00e4ndlicher Verkehr mit Fahrpl\u00e4nen. Sie k\u00f6nnen mit dem Taxi von La Uni\u00f3n oder Cruce Los Tambores dorthin gelangen.<\/p><p>Trinkwasser durch den APR des Sektors. (Trinkwasserprogramm f\u00fcr den l\u00e4ndlichen Raum). Es hat Wasserrechte aus dem Fluss f\u00fcr 30 Liter pro Sekunde.<\/p><p>Es gibt einen einfachen Stromanschluss und einen Strommast zum Haus des Hausmeisters.<\/p><p>L\u00e4ndliche Umz\u00e4unung (Pf\u00e4hle und Stacheldraht)<\/p><p>Sie k\u00f6nnen unterteilen, da es sich um landwirtschaftliche Fl\u00e4chen handelt, die Mindestunterteilung ist 5.000, Mts.<\/p><p>Gibt es Quellen oder andere Wasserl\u00e4ufe? Ja, der Fluss Icu\u00e9, der in den R\u00edo Bueno m\u00fcndet, bildet auch ein Feuchtgebiet in der Landschaft, das reich an Flora und Fauna ist.<\/p><p>Die Landschaft hat einige flache und h\u00fcgelige Bereiche bis zum Fluss.<\/p><p>Gibt es Stra\u00dfen im Landesinneren, und wenn ja, welcher Art? Ja, bis zum Flussufer ist es Schotter.<\/p>\t\t\t\t\t\t\t\t<\/div>\n\t\t\t\t\t<\/div>\n\t\t<\/div>\n\t\t\t\t\t<\/div>\n\t\t<\/section>\n\t\t\t\t<\/div>\n\t\t","protected":false},"excerpt":{"rendered":"<p>Land und 1,1 km Ufer des R\u00edo Bueno, in der N\u00e4he von Trumao, La Uni\u00f3n. Guter Zugang, Strom, Wasserrechte, \u00fcberwiegend Gr\u00fcnland und Feuchtgebiete.<\/p>\n","protected":false},"featured_media":29066,"template":"","meta":{"_acf_changed":false},"product_brand":[],"product_cat":[104],"product_tag":[235,231],"regiones":[226],"ciudades":[215],"class_list":{"0":"post-7366","1":"product","2":"type-product","3":"status-publish","4":"has-post-thumbnail","6":"product_cat-ohiggins-los-lagos","7":"product_tag-felder","8":"product_tag-touristische-immobilien","9":"regiones-nuble-los_lagos","10":"ciudades-la-union","12":"first","13":"outofstock","14":"sold-individually","15":"shipping-taxable","16":"product-type-simple"},"acf":[],"yoast_head":"<!-- This site is optimized with the Yoast SEO Premium plugin v26.0 (Yoast SEO v27.3) - https:\/\/yoast.com\/product\/yoast-seo-premium-wordpress\/ -->\n<title>Feld 33,06ha R\u00edo Bueno - Trumao, Regi\u00f3n de los R\u00edos - Produncan<\/title>\n<meta name=\"description\" content=\"Ein 33,06 ha gro\u00dfes Feld mit 1,1 km Flussufer, das von La Union in Richtung des Valdivianischen K\u00fcstenschutzgebiets in einem Sektor namens Trumao liegt.\" \/>\n<meta name=\"robots\" content=\"index, follow, max-snippet:-1, max-image-preview:large, max-video-preview:-1\" \/>\n<link rel=\"canonical\" href=\"https:\/\/produncan.cl\/de\/produkt\/feld-in-trumao\/\" \/>\n<meta property=\"og:locale\" content=\"de_DE\" \/>\n<meta property=\"og:type\" content=\"article\" \/>\n<meta property=\"og:title\" content=\"Feld 33,06ha R\u00edo Bueno - Trumao, Regi\u00f3n de los R\u00edos\" \/>\n<meta property=\"og:description\" content=\"Ein 33,06 ha gro\u00dfes Feld mit 1,1 km Flussufer, das von La Union in Richtung des Valdivianischen K\u00fcstenschutzgebiets in einem Sektor namens Trumao liegt.\" \/>\n<meta property=\"og:url\" content=\"https:\/\/produncan.cl\/de\/produkt\/feld-in-trumao\/\" \/>\n<meta property=\"og:site_name\" content=\"Produncan\" \/>\n<meta property=\"article:publisher\" content=\"https:\/\/web.facebook.com\/produncanland\" \/>\n<meta property=\"article:modified_time\" content=\"2025-08-19T16:19:39+00:00\" \/>\n<meta property=\"og:image\" content=\"https:\/\/produncan.cl\/wp-content\/uploads\/2023\/09\/Campo-Rio-Bueno-Vendido.webp\" \/>\n\t<meta property=\"og:image:width\" content=\"600\" \/>\n\t<meta property=\"og:image:height\" content=\"450\" \/>\n\t<meta property=\"og:image:type\" content=\"image\/webp\" \/>\n<meta name=\"twitter:card\" content=\"summary_large_image\" \/>\n<meta name=\"twitter:label1\" content=\"Price\" \/>\n\t<meta name=\"twitter:data1\" content=\"\" \/>\n\t<meta name=\"twitter:label2\" content=\"Availability\" \/>\n\t<meta name=\"twitter:data2\" content=\"Out of stock\" \/>\n<script type=\"application\/ld+json\" class=\"yoast-schema-graph\">{\"@context\":\"https:\\\/\\\/schema.org\",\"@graph\":[{\"@type\":\"WebPage\",\"@id\":\"https:\\\/\\\/produncan.cl\\\/de\\\/produkt\\\/feld-in-trumao\\\/\",\"url\":\"https:\\\/\\\/produncan.cl\\\/de\\\/produkt\\\/feld-in-trumao\\\/\",\"name\":\"Feld 33,06ha R\u00edo Bueno - Trumao, Regi\u00f3n de los R\u00edos - Produncan\",\"isPartOf\":{\"@id\":\"https:\\\/\\\/produncan.cl\\\/de\\\/#website\"},\"primaryImageOfPage\":{\"@id\":\"https:\\\/\\\/produncan.cl\\\/de\\\/produkt\\\/feld-in-trumao\\\/#primaryimage\"},\"image\":{\"@id\":\"https:\\\/\\\/produncan.cl\\\/de\\\/produkt\\\/feld-in-trumao\\\/#primaryimage\"},\"thumbnailUrl\":\"https:\\\/\\\/produncan.cl\\\/wp-content\\\/uploads\\\/2023\\\/09\\\/Campo-Rio-Bueno-Vendido.webp\",\"datePublished\":\"2021-09-02T16:04:10+00:00\",\"dateModified\":\"2025-08-19T16:19:39+00:00\",\"description\":\"Ein 33,06 ha gro\u00dfes Feld mit 1,1 km Flussufer, das von La Union in Richtung des Valdivianischen K\u00fcstenschutzgebiets in einem Sektor namens Trumao liegt.\",\"breadcrumb\":{\"@id\":\"https:\\\/\\\/produncan.cl\\\/de\\\/produkt\\\/feld-in-trumao\\\/#breadcrumb\"},\"inLanguage\":\"de-DE\",\"potentialAction\":[{\"@type\":\"ReadAction\",\"target\":[\"https:\\\/\\\/produncan.cl\\\/de\\\/produkt\\\/feld-in-trumao\\\/\"]}]},{\"@type\":\"ImageObject\",\"inLanguage\":\"de-DE\",\"@id\":\"https:\\\/\\\/produncan.cl\\\/de\\\/produkt\\\/feld-in-trumao\\\/#primaryimage\",\"url\":\"https:\\\/\\\/produncan.cl\\\/wp-content\\\/uploads\\\/2023\\\/09\\\/Campo-Rio-Bueno-Vendido.webp\",\"contentUrl\":\"https:\\\/\\\/produncan.cl\\\/wp-content\\\/uploads\\\/2023\\\/09\\\/Campo-Rio-Bueno-Vendido.webp\",\"width\":600,\"height\":450},{\"@type\":\"BreadcrumbList\",\"@id\":\"https:\\\/\\\/produncan.cl\\\/de\\\/produkt\\\/feld-in-trumao\\\/#breadcrumb\",\"itemListElement\":[{\"@type\":\"ListItem\",\"position\":1,\"name\":\"Inicio\",\"item\":\"https:\\\/\\\/produncan.cl\\\/de\\\/\"},{\"@type\":\"ListItem\",\"position\":2,\"name\":\"Eigenschaften\",\"item\":\"https:\\\/\\\/produncan.cl\\\/propiedades\\\/\"},{\"@type\":\"ListItem\",\"position\":3,\"name\":\"Felder\",\"item\":\"https:\\\/\\\/produncan.cl\\\/de\\\/kategorie\\\/felder\\\/\"},{\"@type\":\"ListItem\",\"position\":4,\"name\":\"Feld 33,06ha R\u00edo Bueno &#8211; Trumao, Regi\u00f3n de los R\u00edos\"}]},{\"@type\":\"WebSite\",\"@id\":\"https:\\\/\\\/produncan.cl\\\/de\\\/#website\",\"url\":\"https:\\\/\\\/produncan.cl\\\/de\\\/\",\"name\":\"Produncan\",\"description\":\"Wir begleiten Sie bei Ihrem Lebensprojekt!\",\"publisher\":{\"@id\":\"https:\\\/\\\/produncan.cl\\\/de\\\/#organization\"},\"potentialAction\":[{\"@type\":\"SearchAction\",\"target\":{\"@type\":\"EntryPoint\",\"urlTemplate\":\"https:\\\/\\\/produncan.cl\\\/de\\\/?s={search_term_string}\"},\"query-input\":{\"@type\":\"PropertyValueSpecification\",\"valueRequired\":true,\"valueName\":\"search_term_string\"}}],\"inLanguage\":\"de-DE\"},{\"@type\":\"Organization\",\"@id\":\"https:\\\/\\\/produncan.cl\\\/de\\\/#organization\",\"name\":\"Produncan\",\"url\":\"https:\\\/\\\/produncan.cl\\\/de\\\/\",\"logo\":{\"@type\":\"ImageObject\",\"inLanguage\":\"de-DE\",\"@id\":\"https:\\\/\\\/produncan.cl\\\/de\\\/#\\\/schema\\\/logo\\\/image\\\/\",\"url\":\"https:\\\/\\\/produncan.cl\\\/wp-content\\\/uploads\\\/2021\\\/03\\\/LOGO.jpeg\",\"contentUrl\":\"https:\\\/\\\/produncan.cl\\\/wp-content\\\/uploads\\\/2021\\\/03\\\/LOGO.jpeg\",\"width\":1280,\"height\":903,\"caption\":\"Produncan\"},\"image\":{\"@id\":\"https:\\\/\\\/produncan.cl\\\/de\\\/#\\\/schema\\\/logo\\\/image\\\/\"},\"sameAs\":[\"https:\\\/\\\/web.facebook.com\\\/produncanland\",\"https:\\\/\\\/www.instagram.com\\\/pro_duncan\\\/\",\"https:\\\/\\\/www.linkedin.com\\\/company\\\/produncan-lands\\\/\",\"https:\\\/\\\/www.youtube.com\\\/channel\\\/UCu7N-f3x0svkazD-Eew1-QQ\"],\"description\":\"En Produncan somos especialistas en la venta de terrenos en el sur de Chile. Proveemos estancias, campos, parcelas y hoteles.\",\"email\":\"info@produncan.cl\"}]}<\/script>\n<meta property=\"og:video\" content=\"https:\/\/www.youtube.com\/embed\/TEg8m2tj750\" \/>\n<meta property=\"og:video:type\" content=\"text\/html\" \/>\n<meta property=\"og:video:duration\" content=\"61\" \/>\n<meta property=\"og:video:width\" content=\"480\" \/>\n<meta property=\"og:video:height\" content=\"360\" \/>\n<meta property=\"ya:ovs:adult\" content=\"false\" \/>\n<meta property=\"ya:ovs:upload_date\" content=\"2021-09-02T16:04:10+00:00\" \/>\n<meta property=\"ya:ovs:allow_embed\" content=\"true\" \/>\n<meta property=\"product:price:currency\" content=\"USD\" \/>\n<meta property=\"og:availability\" content=\"out of stock\" \/>\n<meta property=\"product:availability\" content=\"out of stock\" \/>\n<meta property=\"product:condition\" content=\"new\" \/>\n<!-- \/ Yoast SEO Premium plugin. -->","yoast_head_json":{"title":"Feld 33,06ha R\u00edo Bueno - Trumao, Regi\u00f3n de los R\u00edos - Produncan","description":"Ein 33,06 ha gro\u00dfes Feld mit 1,1 km Flussufer, das von La Union in Richtung des Valdivianischen K\u00fcstenschutzgebiets in einem Sektor namens Trumao liegt.","robots":{"index":"index","follow":"follow","max-snippet":"max-snippet:-1","max-image-preview":"max-image-preview:large","max-video-preview":"max-video-preview:-1"},"canonical":"https:\/\/produncan.cl\/de\/produkt\/feld-in-trumao\/","og_locale":"de_DE","og_type":"article","og_title":"Feld 33,06ha R\u00edo Bueno - Trumao, Regi\u00f3n de los R\u00edos","og_description":"Ein 33,06 ha gro\u00dfes Feld mit 1,1 km Flussufer, das von La Union in Richtung des Valdivianischen K\u00fcstenschutzgebiets in einem Sektor namens Trumao liegt.","og_url":"https:\/\/produncan.cl\/de\/produkt\/feld-in-trumao\/","og_site_name":"Produncan","article_publisher":"https:\/\/web.facebook.com\/produncanland","article_modified_time":"2025-08-19T16:19:39+00:00","og_image":[{"width":600,"height":450,"url":"https:\/\/produncan.cl\/wp-content\/uploads\/2023\/09\/Campo-Rio-Bueno-Vendido.webp","type":"image\/webp"}],"twitter_card":"summary_large_image","twitter_misc":{"Price":"","Availability":"Out of stock"},"schema":{"@context":"https:\/\/schema.org","@graph":[{"@type":"WebPage","@id":"https:\/\/produncan.cl\/de\/produkt\/feld-in-trumao\/","url":"https:\/\/produncan.cl\/de\/produkt\/feld-in-trumao\/","name":"Feld 33,06ha R\u00edo Bueno - Trumao, Regi\u00f3n de los R\u00edos - Produncan","isPartOf":{"@id":"https:\/\/produncan.cl\/de\/#website"},"primaryImageOfPage":{"@id":"https:\/\/produncan.cl\/de\/produkt\/feld-in-trumao\/#primaryimage"},"image":{"@id":"https:\/\/produncan.cl\/de\/produkt\/feld-in-trumao\/#primaryimage"},"thumbnailUrl":"https:\/\/produncan.cl\/wp-content\/uploads\/2023\/09\/Campo-Rio-Bueno-Vendido.webp","datePublished":"2021-09-02T16:04:10+00:00","dateModified":"2025-08-19T16:19:39+00:00","description":"Ein 33,06 ha gro\u00dfes Feld mit 1,1 km Flussufer, das von La Union in Richtung des Valdivianischen K\u00fcstenschutzgebiets in einem Sektor namens Trumao liegt.","breadcrumb":{"@id":"https:\/\/produncan.cl\/de\/produkt\/feld-in-trumao\/#breadcrumb"},"inLanguage":"de-DE","potentialAction":[{"@type":"ReadAction","target":["https:\/\/produncan.cl\/de\/produkt\/feld-in-trumao\/"]}]},{"@type":"ImageObject","inLanguage":"de-DE","@id":"https:\/\/produncan.cl\/de\/produkt\/feld-in-trumao\/#primaryimage","url":"https:\/\/produncan.cl\/wp-content\/uploads\/2023\/09\/Campo-Rio-Bueno-Vendido.webp","contentUrl":"https:\/\/produncan.cl\/wp-content\/uploads\/2023\/09\/Campo-Rio-Bueno-Vendido.webp","width":600,"height":450},{"@type":"BreadcrumbList","@id":"https:\/\/produncan.cl\/de\/produkt\/feld-in-trumao\/#breadcrumb","itemListElement":[{"@type":"ListItem","position":1,"name":"Inicio","item":"https:\/\/produncan.cl\/de\/"},{"@type":"ListItem","position":2,"name":"Eigenschaften","item":"https:\/\/produncan.cl\/propiedades\/"},{"@type":"ListItem","position":3,"name":"Felder","item":"https:\/\/produncan.cl\/de\/kategorie\/felder\/"},{"@type":"ListItem","position":4,"name":"Feld 33,06ha R\u00edo Bueno &#8211; Trumao, Regi\u00f3n de los R\u00edos"}]},{"@type":"WebSite","@id":"https:\/\/produncan.cl\/de\/#website","url":"https:\/\/produncan.cl\/de\/","name":"Produncan","description":"Wir begleiten Sie bei Ihrem Lebensprojekt!","publisher":{"@id":"https:\/\/produncan.cl\/de\/#organization"},"potentialAction":[{"@type":"SearchAction","target":{"@type":"EntryPoint","urlTemplate":"https:\/\/produncan.cl\/de\/?s={search_term_string}"},"query-input":{"@type":"PropertyValueSpecification","valueRequired":true,"valueName":"search_term_string"}}],"inLanguage":"de-DE"},{"@type":"Organization","@id":"https:\/\/produncan.cl\/de\/#organization","name":"Produncan","url":"https:\/\/produncan.cl\/de\/","logo":{"@type":"ImageObject","inLanguage":"de-DE","@id":"https:\/\/produncan.cl\/de\/#\/schema\/logo\/image\/","url":"https:\/\/produncan.cl\/wp-content\/uploads\/2021\/03\/LOGO.jpeg","contentUrl":"https:\/\/produncan.cl\/wp-content\/uploads\/2021\/03\/LOGO.jpeg","width":1280,"height":903,"caption":"Produncan"},"image":{"@id":"https:\/\/produncan.cl\/de\/#\/schema\/logo\/image\/"},"sameAs":["https:\/\/web.facebook.com\/produncanland","https:\/\/www.instagram.com\/pro_duncan\/","https:\/\/www.linkedin.com\/company\/produncan-lands\/","https:\/\/www.youtube.com\/channel\/UCu7N-f3x0svkazD-Eew1-QQ"],"description":"En Produncan somos especialistas en la venta de terrenos en el sur de Chile. Proveemos estancias, campos, parcelas y hoteles.","email":"info@produncan.cl"}]},"og_video":"https:\/\/www.youtube.com\/embed\/TEg8m2tj750","og_video_type":"text\/html","og_video_duration":"61","og_video_width":"480","og_video_height":"360","ya_ovs_adult":"false","ya_ovs_upload_date":"2021-09-02T16:04:10+00:00","ya_ovs_allow_embed":"true","product_price_currency":"USD","og_availability":"out of stock","product_availability":"out of stock","product_condition":"new"},"_links":{"self":[{"href":"https:\/\/produncan.cl\/de\/wp-json\/wp\/v2\/product\/7366","targetHints":{"allow":["GET"]}}],"collection":[{"href":"https:\/\/produncan.cl\/de\/wp-json\/wp\/v2\/product"}],"about":[{"href":"https:\/\/produncan.cl\/de\/wp-json\/wp\/v2\/types\/product"}],"version-history":[{"count":0,"href":"https:\/\/produncan.cl\/de\/wp-json\/wp\/v2\/product\/7366\/revisions"}],"wp:featuredmedia":[{"embeddable":true,"href":"https:\/\/produncan.cl\/de\/wp-json\/wp\/v2\/media\/29066"}],"wp:attachment":[{"href":"https:\/\/produncan.cl\/de\/wp-json\/wp\/v2\/media?parent=7366"}],"wp:term":[{"taxonomy":"product_brand","embeddable":true,"href":"https:\/\/produncan.cl\/de\/wp-json\/wp\/v2\/product_brand?post=7366"},{"taxonomy":"product_cat","embeddable":true,"href":"https:\/\/produncan.cl\/de\/wp-json\/wp\/v2\/product_cat?post=7366"},{"taxonomy":"product_tag","embeddable":true,"href":"https:\/\/produncan.cl\/de\/wp-json\/wp\/v2\/product_tag?post=7366"},{"taxonomy":"regiones","embeddable":true,"href":"https:\/\/produncan.cl\/de\/wp-json\/wp\/v2\/regiones?post=7366"},{"taxonomy":"ciudades","embeddable":true,"href":"https:\/\/produncan.cl\/de\/wp-json\/wp\/v2\/ciudades?post=7366"}],"curies":[{"name":"wp","href":"https:\/\/api.w.org\/{rel}","templated":true}]}}