{"id":7460,"date":"2023-08-06T12:21:54","date_gmt":"2023-08-06T16:21:54","guid":{"rendered":"https:\/\/produncan.cl\/producto\/grundstuecke-puerto-bonito\/"},"modified":"2025-08-18T16:43:26","modified_gmt":"2025-08-18T20:43:26","slug":"grundstuecke-puerto-bonito","status":"publish","type":"product","link":"https:\/\/produncan.cl\/de\/produkt\/grundstuecke-puerto-bonito\/","title":{"rendered":"Grundst\u00fccke Puerto Bonito &#8211; Lagune San Rafael"},"content":{"rendered":"\t\t<div data-elementor-type=\"product-post\" data-elementor-id=\"7460\" class=\"elementor elementor-7460 elementor-1591\" data-elementor-post-type=\"product\">\n\t\t\t\t<div class=\"elementor-element elementor-element-064919c e-flex e-con-boxed e-con e-parent\" data-id=\"064919c\" data-element_type=\"container\" data-e-type=\"container\" data-settings=\"{&quot;jet_parallax_layout_list&quot;:[]}\">\n\t\t\t\t\t<div class=\"e-con-inner\">\n\t\t\t\t<div class=\"elementor-element elementor-element-ea416a2 elementor-widget elementor-widget-heading\" data-id=\"ea416a2\" data-element_type=\"widget\" data-e-type=\"widget\" data-widget_type=\"heading.default\">\n\t\t\t\t\t<h2 class=\"elementor-heading-title elementor-size-default\">Eine Investition am Meer, die die Seele inspiriert<\/h2>\t\t\t\t<\/div>\n\t\t\t\t\t<\/div>\n\t\t\t\t<\/div>\n\t\t<div class=\"elementor-element elementor-element-c292d89 e-flex e-con-boxed e-con e-parent\" data-id=\"c292d89\" data-element_type=\"container\" data-e-type=\"container\" data-settings=\"{&quot;jet_parallax_layout_list&quot;:[]}\">\n\t\t\t\t\t<div class=\"e-con-inner\">\n\t\t<div class=\"elementor-element elementor-element-03120f7 e-con-full e-flex e-con e-child\" data-id=\"03120f7\" data-element_type=\"container\" data-e-type=\"container\" data-settings=\"{&quot;jet_parallax_layout_list&quot;:[]}\">\n\t\t\t\t<div class=\"elementor-element elementor-element-cb68e21 elementor-widget elementor-widget-text-editor\" data-id=\"cb68e21\" data-element_type=\"widget\" data-e-type=\"widget\" data-widget_type=\"text-editor.default\">\n\t\t\t\t\t\t\t\t\t<p>Von meinem ruhigen Zuhause am Ufer des Fjords aus betrachte ich eine unbeschreibliche Sch\u00f6nheit: Natur in ihrer reinsten Form, eine Stille, die spricht, und Wasser, das Ziele und Tr\u00e4ume verbindet. So ist Puerto Bonito, ein au\u00dfergew\u00f6hnlicher Ort im S\u00fcden von Ays\u00e9n, der sich heute als einzigartige Gelegenheit f\u00fcr diejenigen er\u00f6ffnet, die mittel- und langfristig mit Sinn, Sch\u00f6nheit und Weitblick planen m\u00f6chten. <\/p><p>Dieses zauberhafte Projekt liegt s\u00fcdlich von Puerto Chacabuco an der Stra\u00dfe zur Laguna San Rafael und erstreckt sich zwischen unber\u00fchrten Bergen, kristallklarem Wasser und ewigen W\u00e4ldern. Puerto Bonito verf\u00fcgt \u00fcber 65 Grundst\u00fccke direkt am Meer und 29 in zweiter Reihe, alle mit atemberaubendem Panoramablick auf den Fjord. Der Zugang ist Teil des Erlebnisses: Lastk\u00e4hne, Schnellboote und sogar Wasserflugzeuge bringen Sie zu diesem patagonischen Zufluchtsort. Von Puerto Chacabuco, dem Hauptort der Region Ays\u00e9n, dauert die Fahrt mit dem Boot 3 Stunden. Von Puerto Grosse aus dauert die Fahrt mit dem Boot nur 1 Stunde und 30 Minuten.    <\/p><p>Puerto Grosse, auch bekannt als Bah\u00eda Exploradores, ist der Hafen der Zukunft in Patagonien. Am Ende der von vielen als sch\u00f6nste Route der gesamten Region angesehenen, mythischen Valle Exploradores gelegen, ist dieser Flussarm von einigen der ikonischsten Landschaften Ays\u00e9ns umgeben: den imposanten Marmorkathedralen, jahrtausendealten Gletschern, rei\u00dfenden Fl\u00fcssen, Seen und Lagunen von unbeschreiblicher t\u00fcrkiser Farbe. <\/p><p>Heute positioniert sich Puerto Grosse als neues Zentrum der lokalen Entwicklung mit gro\u00dfem touristischen und logistischen Potenzial. Es ist der ideale Ausgangspunkt f\u00fcr Ausfl\u00fcge zur Laguna San Rafael, einem der beeindruckendsten Reiseziele im S\u00fcden Chiles, sowie nach Puerto Bonito, einem Projekt, das eine einzigartige Investitionsm\u00f6glichkeit am Fjord darstellt. <\/p><p>Die Grundst\u00fccke in Puerto Bonito verf\u00fcgen \u00fcber eine Infrastruktur wie einen funktionierenden Kai, angelegte Wanderwege und ein 27,2 Hektar gro\u00dfes Naturschutzgebiet. Dar\u00fcber hinaus wird das Projekt von einer aktiven und engagierten Gemeinde unterst\u00fctzt, die seine langfristige nachhaltige Entwicklung sicherstellt. Die Immobiliengesellschaft hat die Aufrechterhaltung des Projekts f\u00fcr mindestens zehn Jahre garantiert.  <\/p><p>Puerto Bonito ist ein \u00e4lteres Projekt, und heute sind nur noch wenige Grundst\u00fccke verf\u00fcgbar, sowohl direkt \u00fcber die Immobilienagentur als auch \u00fcber derzeitige Eigent\u00fcmer, die ihre Grundst\u00fccke weiterverkaufen. Sie finden dort: <\/p><ul><li>Grundst\u00fccke am Fjordufer zwischen 1,3 und 6,7 Hektar gro\u00df, mit einer Strandl\u00e4nge zwischen 46 und 100 Metern, von 20 bis 45 Millionen chilenischen Pesos.<\/li><li>Grundst\u00fccke in zweiter Reihe zwischen 2,1 und 5,8 Hektar, von 6,9 bis 11,5 Millionen Dollar.<br><br><\/li><\/ul><p>Fragen Sie nach Zahlungsm\u00f6glichkeiten und erhalten Sie das Datenblatt mit den aktuellen Optionen.<\/p><p>Puerto Bonito ist nicht nur eine Investition, sondern ein Verm\u00e4chtnis. Ideal f\u00fcr alle, die davon tr\u00e4umen, die chilenischen Fjorde zu befahren und einen eigenen Anlegeplatz auf dieser majest\u00e4tischen Route zu haben. Ein Ort, um in Harmonie mit der Natur zu bauen, Kontakte zu kn\u00fcpfen und zu wachsen.  <\/p><p>Wenn Sie schon immer davon getr\u00e4umt haben, einen R\u00fcckzugsort im Herzen Patagoniens direkt am Meer zu haben, ist jetzt der richtige Zeitpunkt daf\u00fcr. Kontaktieren Sie uns noch heute und werden Sie Teil dieser Gemeinschaft, die bereits Geschichte in Puerto Bonito schreibt. <\/p>\t\t\t\t\t\t\t\t<\/div>\n\t\t\t\t<\/div>\n\t\t\t\t\t<\/div>\n\t\t\t\t<\/div>\n\t\t\t\t<\/div>\n\t\t","protected":false},"excerpt":{"rendered":"<p>Landparzellierungsprojekt am Ufer des Mora-Kanals in der Region Aisen, 3 Stunden s\u00fcdlich von Puerto Chacabuco. Ausgestattet mit Bootsanlegestelle und Wanderwegen. Der Eigent\u00fcmer verkauft nur eine begrenzte Anzahl von Grundst\u00fccken. Die Grundst\u00fccksfl\u00e4chen liegen zwischen 1,3 und 6,7 Hektar.   <\/p>\n","protected":false},"featured_media":5594,"template":"","meta":{"_acf_changed":false},"product_brand":[],"product_cat":[116],"product_tag":[232,231],"regiones":[225],"ciudades":[448],"class_list":{"0":"post-7460","1":"product","2":"type-product","3":"status-publish","4":"has-post-thumbnail","6":"product_cat-aysen-magallanes-de","7":"product_tag-grundstuecke","8":"product_tag-touristische-immobilien","9":"regiones-aysen-magallanes","10":"ciudades-puerto-aysen","12":"first","13":"instock","14":"sold-individually","15":"shipping-taxable","16":"purchasable","17":"product-type-simple"},"acf":[],"yoast_head":"<!-- This site is optimized with the Yoast SEO Premium plugin v26.0 (Yoast SEO v27.3) - https:\/\/yoast.com\/product\/yoast-seo-premium-wordpress\/ -->\n<title>Grundst\u00fccke Puerto Bonito - Lagune San Rafael - Produncan<\/title>\n<meta name=\"description\" content=\"Parcelas Puerto Bonito ist der ideale Ort f\u00fcr langfristige Investitionen in der N\u00e4he der Laguna San Rafael Er verf\u00fcgt \u00fcber einen Bootsanleger und Wanderwege.\" \/>\n<meta name=\"robots\" content=\"index, follow, max-snippet:-1, max-image-preview:large, max-video-preview:-1\" \/>\n<link rel=\"canonical\" href=\"https:\/\/produncan.cl\/de\/produkt\/grundstuecke-puerto-bonito\/\" \/>\n<meta property=\"og:locale\" content=\"de_DE\" \/>\n<meta property=\"og:type\" content=\"article\" \/>\n<meta property=\"og:title\" content=\"Grundst\u00fccke Puerto Bonito - Lagune San Rafael\" \/>\n<meta property=\"og:description\" content=\"Parcelas Puerto Bonito ist der ideale Ort f\u00fcr langfristige Investitionen in der N\u00e4he der Laguna San Rafael Er verf\u00fcgt \u00fcber einen Bootsanleger und Wanderwege.\" \/>\n<meta property=\"og:url\" content=\"https:\/\/produncan.cl\/de\/produkt\/grundstuecke-puerto-bonito\/\" \/>\n<meta property=\"og:site_name\" content=\"Produncan\" \/>\n<meta property=\"article:publisher\" content=\"https:\/\/web.facebook.com\/produncanland\" \/>\n<meta property=\"article:modified_time\" content=\"2025-08-18T20:43:26+00:00\" \/>\n<meta property=\"og:image\" content=\"https:\/\/produncan.cl\/wp-content\/uploads\/2022\/05\/Puerto-Bonito.webp\" \/>\n\t<meta property=\"og:image:width\" content=\"600\" \/>\n\t<meta property=\"og:image:height\" content=\"450\" \/>\n\t<meta property=\"og:image:type\" content=\"image\/webp\" \/>\n<meta name=\"twitter:card\" content=\"summary_large_image\" \/>\n<meta name=\"twitter:label1\" content=\"Price\" \/>\n\t<meta name=\"twitter:data1\" content=\"USD7.600,00\" \/>\n\t<meta name=\"twitter:label2\" content=\"Availability\" \/>\n\t<meta name=\"twitter:data2\" content=\"In stock\" \/>\n<script type=\"application\/ld+json\" class=\"yoast-schema-graph\">{\"@context\":\"https:\\\/\\\/schema.org\",\"@graph\":[{\"@type\":\"WebPage\",\"@id\":\"https:\\\/\\\/produncan.cl\\\/de\\\/produkt\\\/grundstuecke-puerto-bonito\\\/\",\"url\":\"https:\\\/\\\/produncan.cl\\\/de\\\/produkt\\\/grundstuecke-puerto-bonito\\\/\",\"name\":\"Grundst\u00fccke Puerto Bonito - Lagune San Rafael - Produncan\",\"isPartOf\":{\"@id\":\"https:\\\/\\\/produncan.cl\\\/de\\\/#website\"},\"primaryImageOfPage\":{\"@id\":\"https:\\\/\\\/produncan.cl\\\/de\\\/produkt\\\/grundstuecke-puerto-bonito\\\/#primaryimage\"},\"image\":{\"@id\":\"https:\\\/\\\/produncan.cl\\\/de\\\/produkt\\\/grundstuecke-puerto-bonito\\\/#primaryimage\"},\"thumbnailUrl\":\"https:\\\/\\\/produncan.cl\\\/wp-content\\\/uploads\\\/2022\\\/05\\\/Puerto-Bonito.webp\",\"datePublished\":\"2023-08-06T16:21:54+00:00\",\"dateModified\":\"2025-08-18T20:43:26+00:00\",\"description\":\"Parcelas Puerto Bonito ist der ideale Ort f\u00fcr langfristige Investitionen in der N\u00e4he der Laguna San Rafael Er verf\u00fcgt \u00fcber einen Bootsanleger und Wanderwege.\",\"breadcrumb\":{\"@id\":\"https:\\\/\\\/produncan.cl\\\/de\\\/produkt\\\/grundstuecke-puerto-bonito\\\/#breadcrumb\"},\"inLanguage\":\"de-DE\",\"potentialAction\":[{\"@type\":\"ReadAction\",\"target\":[\"https:\\\/\\\/produncan.cl\\\/de\\\/produkt\\\/grundstuecke-puerto-bonito\\\/\"]}]},{\"@type\":\"ImageObject\",\"inLanguage\":\"de-DE\",\"@id\":\"https:\\\/\\\/produncan.cl\\\/de\\\/produkt\\\/grundstuecke-puerto-bonito\\\/#primaryimage\",\"url\":\"https:\\\/\\\/produncan.cl\\\/wp-content\\\/uploads\\\/2022\\\/05\\\/Puerto-Bonito.webp\",\"contentUrl\":\"https:\\\/\\\/produncan.cl\\\/wp-content\\\/uploads\\\/2022\\\/05\\\/Puerto-Bonito.webp\",\"width\":600,\"height\":450,\"caption\":\"Puerto Bonito\"},{\"@type\":\"BreadcrumbList\",\"@id\":\"https:\\\/\\\/produncan.cl\\\/de\\\/produkt\\\/grundstuecke-puerto-bonito\\\/#breadcrumb\",\"itemListElement\":[{\"@type\":\"ListItem\",\"position\":1,\"name\":\"Inicio\",\"item\":\"https:\\\/\\\/produncan.cl\\\/de\\\/\"},{\"@type\":\"ListItem\",\"position\":2,\"name\":\"Eigenschaften\",\"item\":\"https:\\\/\\\/produncan.cl\\\/propiedades\\\/\"},{\"@type\":\"ListItem\",\"position\":3,\"name\":\"Grundst\u00fccke\",\"item\":\"https:\\\/\\\/produncan.cl\\\/de\\\/kategorie\\\/grundstuecke\\\/\"},{\"@type\":\"ListItem\",\"position\":4,\"name\":\"Grundst\u00fccke Puerto Bonito &#8211; Lagune San Rafael\"}]},{\"@type\":\"WebSite\",\"@id\":\"https:\\\/\\\/produncan.cl\\\/de\\\/#website\",\"url\":\"https:\\\/\\\/produncan.cl\\\/de\\\/\",\"name\":\"Produncan\",\"description\":\"Wir begleiten Sie bei Ihrem Lebensprojekt!\",\"publisher\":{\"@id\":\"https:\\\/\\\/produncan.cl\\\/de\\\/#organization\"},\"potentialAction\":[{\"@type\":\"SearchAction\",\"target\":{\"@type\":\"EntryPoint\",\"urlTemplate\":\"https:\\\/\\\/produncan.cl\\\/de\\\/?s={search_term_string}\"},\"query-input\":{\"@type\":\"PropertyValueSpecification\",\"valueRequired\":true,\"valueName\":\"search_term_string\"}}],\"inLanguage\":\"de-DE\"},{\"@type\":\"Organization\",\"@id\":\"https:\\\/\\\/produncan.cl\\\/de\\\/#organization\",\"name\":\"Produncan\",\"url\":\"https:\\\/\\\/produncan.cl\\\/de\\\/\",\"logo\":{\"@type\":\"ImageObject\",\"inLanguage\":\"de-DE\",\"@id\":\"https:\\\/\\\/produncan.cl\\\/de\\\/#\\\/schema\\\/logo\\\/image\\\/\",\"url\":\"https:\\\/\\\/produncan.cl\\\/wp-content\\\/uploads\\\/2021\\\/03\\\/LOGO.jpeg\",\"contentUrl\":\"https:\\\/\\\/produncan.cl\\\/wp-content\\\/uploads\\\/2021\\\/03\\\/LOGO.jpeg\",\"width\":1280,\"height\":903,\"caption\":\"Produncan\"},\"image\":{\"@id\":\"https:\\\/\\\/produncan.cl\\\/de\\\/#\\\/schema\\\/logo\\\/image\\\/\"},\"sameAs\":[\"https:\\\/\\\/web.facebook.com\\\/produncanland\",\"https:\\\/\\\/www.instagram.com\\\/pro_duncan\\\/\",\"https:\\\/\\\/www.linkedin.com\\\/company\\\/produncan-lands\\\/\",\"https:\\\/\\\/www.youtube.com\\\/channel\\\/UCu7N-f3x0svkazD-Eew1-QQ\"],\"description\":\"En Produncan somos especialistas en la venta de terrenos en el sur de Chile. Proveemos estancias, campos, parcelas y hoteles.\",\"email\":\"info@produncan.cl\"}]}<\/script>\n<meta property=\"og:video\" content=\"https:\/\/www.youtube.com\/embed\/rqKQJcjIISg\" \/>\n<meta property=\"og:video:type\" content=\"text\/html\" \/>\n<meta property=\"og:video:duration\" content=\"61\" \/>\n<meta property=\"og:video:width\" content=\"480\" \/>\n<meta property=\"og:video:height\" content=\"360\" \/>\n<meta property=\"ya:ovs:adult\" content=\"false\" \/>\n<meta property=\"ya:ovs:upload_date\" content=\"2023-08-06T16:21:54+00:00\" \/>\n<meta property=\"ya:ovs:allow_embed\" content=\"true\" \/>\n<meta property=\"product:price:amount\" content=\"7600.00\" \/>\n<meta property=\"product:price:currency\" content=\"USD\" \/>\n<meta property=\"og:availability\" content=\"instock\" \/>\n<meta property=\"product:availability\" content=\"instock\" \/>\n<meta property=\"product:condition\" content=\"new\" \/>\n<!-- \/ Yoast SEO Premium plugin. -->","yoast_head_json":{"title":"Grundst\u00fccke Puerto Bonito - Lagune San Rafael - Produncan","description":"Parcelas Puerto Bonito ist der ideale Ort f\u00fcr langfristige Investitionen in der N\u00e4he der Laguna San Rafael Er verf\u00fcgt \u00fcber einen Bootsanleger und Wanderwege.","robots":{"index":"index","follow":"follow","max-snippet":"max-snippet:-1","max-image-preview":"max-image-preview:large","max-video-preview":"max-video-preview:-1"},"canonical":"https:\/\/produncan.cl\/de\/produkt\/grundstuecke-puerto-bonito\/","og_locale":"de_DE","og_type":"article","og_title":"Grundst\u00fccke Puerto Bonito - Lagune San Rafael","og_description":"Parcelas Puerto Bonito ist der ideale Ort f\u00fcr langfristige Investitionen in der N\u00e4he der Laguna San Rafael Er verf\u00fcgt \u00fcber einen Bootsanleger und Wanderwege.","og_url":"https:\/\/produncan.cl\/de\/produkt\/grundstuecke-puerto-bonito\/","og_site_name":"Produncan","article_publisher":"https:\/\/web.facebook.com\/produncanland","article_modified_time":"2025-08-18T20:43:26+00:00","og_image":[{"width":600,"height":450,"url":"https:\/\/produncan.cl\/wp-content\/uploads\/2022\/05\/Puerto-Bonito.webp","type":"image\/webp"}],"twitter_card":"summary_large_image","twitter_misc":{"Price":"USD7.600,00","Availability":"In stock"},"schema":{"@context":"https:\/\/schema.org","@graph":[{"@type":"WebPage","@id":"https:\/\/produncan.cl\/de\/produkt\/grundstuecke-puerto-bonito\/","url":"https:\/\/produncan.cl\/de\/produkt\/grundstuecke-puerto-bonito\/","name":"Grundst\u00fccke Puerto Bonito - Lagune San Rafael - Produncan","isPartOf":{"@id":"https:\/\/produncan.cl\/de\/#website"},"primaryImageOfPage":{"@id":"https:\/\/produncan.cl\/de\/produkt\/grundstuecke-puerto-bonito\/#primaryimage"},"image":{"@id":"https:\/\/produncan.cl\/de\/produkt\/grundstuecke-puerto-bonito\/#primaryimage"},"thumbnailUrl":"https:\/\/produncan.cl\/wp-content\/uploads\/2022\/05\/Puerto-Bonito.webp","datePublished":"2023-08-06T16:21:54+00:00","dateModified":"2025-08-18T20:43:26+00:00","description":"Parcelas Puerto Bonito ist der ideale Ort f\u00fcr langfristige Investitionen in der N\u00e4he der Laguna San Rafael Er verf\u00fcgt \u00fcber einen Bootsanleger und Wanderwege.","breadcrumb":{"@id":"https:\/\/produncan.cl\/de\/produkt\/grundstuecke-puerto-bonito\/#breadcrumb"},"inLanguage":"de-DE","potentialAction":[{"@type":"ReadAction","target":["https:\/\/produncan.cl\/de\/produkt\/grundstuecke-puerto-bonito\/"]}]},{"@type":"ImageObject","inLanguage":"de-DE","@id":"https:\/\/produncan.cl\/de\/produkt\/grundstuecke-puerto-bonito\/#primaryimage","url":"https:\/\/produncan.cl\/wp-content\/uploads\/2022\/05\/Puerto-Bonito.webp","contentUrl":"https:\/\/produncan.cl\/wp-content\/uploads\/2022\/05\/Puerto-Bonito.webp","width":600,"height":450,"caption":"Puerto Bonito"},{"@type":"BreadcrumbList","@id":"https:\/\/produncan.cl\/de\/produkt\/grundstuecke-puerto-bonito\/#breadcrumb","itemListElement":[{"@type":"ListItem","position":1,"name":"Inicio","item":"https:\/\/produncan.cl\/de\/"},{"@type":"ListItem","position":2,"name":"Eigenschaften","item":"https:\/\/produncan.cl\/propiedades\/"},{"@type":"ListItem","position":3,"name":"Grundst\u00fccke","item":"https:\/\/produncan.cl\/de\/kategorie\/grundstuecke\/"},{"@type":"ListItem","position":4,"name":"Grundst\u00fccke Puerto Bonito &#8211; Lagune San Rafael"}]},{"@type":"WebSite","@id":"https:\/\/produncan.cl\/de\/#website","url":"https:\/\/produncan.cl\/de\/","name":"Produncan","description":"Wir begleiten Sie bei Ihrem Lebensprojekt!","publisher":{"@id":"https:\/\/produncan.cl\/de\/#organization"},"potentialAction":[{"@type":"SearchAction","target":{"@type":"EntryPoint","urlTemplate":"https:\/\/produncan.cl\/de\/?s={search_term_string}"},"query-input":{"@type":"PropertyValueSpecification","valueRequired":true,"valueName":"search_term_string"}}],"inLanguage":"de-DE"},{"@type":"Organization","@id":"https:\/\/produncan.cl\/de\/#organization","name":"Produncan","url":"https:\/\/produncan.cl\/de\/","logo":{"@type":"ImageObject","inLanguage":"de-DE","@id":"https:\/\/produncan.cl\/de\/#\/schema\/logo\/image\/","url":"https:\/\/produncan.cl\/wp-content\/uploads\/2021\/03\/LOGO.jpeg","contentUrl":"https:\/\/produncan.cl\/wp-content\/uploads\/2021\/03\/LOGO.jpeg","width":1280,"height":903,"caption":"Produncan"},"image":{"@id":"https:\/\/produncan.cl\/de\/#\/schema\/logo\/image\/"},"sameAs":["https:\/\/web.facebook.com\/produncanland","https:\/\/www.instagram.com\/pro_duncan\/","https:\/\/www.linkedin.com\/company\/produncan-lands\/","https:\/\/www.youtube.com\/channel\/UCu7N-f3x0svkazD-Eew1-QQ"],"description":"En Produncan somos especialistas en la venta de terrenos en el sur de Chile. Proveemos estancias, campos, parcelas y hoteles.","email":"info@produncan.cl"}]},"og_video":"https:\/\/www.youtube.com\/embed\/rqKQJcjIISg","og_video_type":"text\/html","og_video_duration":"61","og_video_width":"480","og_video_height":"360","ya_ovs_adult":"false","ya_ovs_upload_date":"2023-08-06T16:21:54+00:00","ya_ovs_allow_embed":"true","product_price_amount":"7600.00","product_price_currency":"USD","og_availability":"instock","product_availability":"instock","product_condition":"new"},"_links":{"self":[{"href":"https:\/\/produncan.cl\/de\/wp-json\/wp\/v2\/product\/7460","targetHints":{"allow":["GET"]}}],"collection":[{"href":"https:\/\/produncan.cl\/de\/wp-json\/wp\/v2\/product"}],"about":[{"href":"https:\/\/produncan.cl\/de\/wp-json\/wp\/v2\/types\/product"}],"version-history":[{"count":0,"href":"https:\/\/produncan.cl\/de\/wp-json\/wp\/v2\/product\/7460\/revisions"}],"wp:featuredmedia":[{"embeddable":true,"href":"https:\/\/produncan.cl\/de\/wp-json\/wp\/v2\/media\/5594"}],"wp:attachment":[{"href":"https:\/\/produncan.cl\/de\/wp-json\/wp\/v2\/media?parent=7460"}],"wp:term":[{"taxonomy":"product_brand","embeddable":true,"href":"https:\/\/produncan.cl\/de\/wp-json\/wp\/v2\/product_brand?post=7460"},{"taxonomy":"product_cat","embeddable":true,"href":"https:\/\/produncan.cl\/de\/wp-json\/wp\/v2\/product_cat?post=7460"},{"taxonomy":"product_tag","embeddable":true,"href":"https:\/\/produncan.cl\/de\/wp-json\/wp\/v2\/product_tag?post=7460"},{"taxonomy":"regiones","embeddable":true,"href":"https:\/\/produncan.cl\/de\/wp-json\/wp\/v2\/regiones?post=7460"},{"taxonomy":"ciudades","embeddable":true,"href":"https:\/\/produncan.cl\/de\/wp-json\/wp\/v2\/ciudades?post=7460"}],"curies":[{"name":"wp","href":"https:\/\/api.w.org\/{rel}","templated":true}]}}