{"id":7491,"date":"2024-05-06T12:02:14","date_gmt":"2024-05-06T16:02:14","guid":{"rendered":"https:\/\/produncan.cl\/producto\/grundstuecke-hacienda-del-lago\/"},"modified":"2025-11-28T14:04:30","modified_gmt":"2025-11-28T17:04:30","slug":"grundstuecke-hacienda-del-lago","status":"publish","type":"product","link":"https:\/\/produncan.cl\/de\/produkt\/grundstuecke-hacienda-del-lago\/","title":{"rendered":"Grundst\u00fccke in Frutillar &#8211; Hacienda del Lago, Seengebiet, Region Los Lagos"},"content":{"rendered":"\t\t<div data-elementor-type=\"product-post\" data-elementor-id=\"7491\" class=\"elementor elementor-7491 elementor-1579\" data-elementor-post-type=\"product\">\n\t\t\t\t\t\t<section class=\"elementor-section elementor-top-section elementor-element elementor-element-40b86621 elementor-section-boxed elementor-section-height-default elementor-section-height-default\" data-id=\"40b86621\" data-element_type=\"section\" data-e-type=\"section\" data-settings=\"{&quot;jet_parallax_layout_list&quot;:[]}\">\n\t\t\t\t\t\t<div class=\"elementor-container elementor-column-gap-default\">\n\t\t\t\t\t<div class=\"elementor-column elementor-col-100 elementor-top-column elementor-element elementor-element-32bffd76\" data-id=\"32bffd76\" data-element_type=\"column\" data-e-type=\"column\">\n\t\t\t<div class=\"elementor-widget-wrap elementor-element-populated\">\n\t\t\t\t\t\t<div class=\"elementor-element elementor-element-5f312cf9 elementor-widget elementor-widget-text-editor\" data-id=\"5f312cf9\" data-element_type=\"widget\" data-e-type=\"widget\" data-widget_type=\"text-editor.default\">\n\t\t\t\t\t\t\t\t\t<h2>In Frutillar habe ich eine spektakul\u00e4re Lebensqualit\u00e4t!<\/h2>\n<p><span style=\"color: var( --e-global-color-text ); font-family: var( --e-global-typography-text-font-family ), Sans-serif; font-weight: var( --e-global-typography-text-font-weight ); font-size: 1rem;\">Grundst\u00fccke in Frutillar mit sch\u00f6ner Aussicht<\/span><span style=\"color: var( --e-global-color-text ); font-family: var( --e-global-typography-text-font-family ), Sans-serif; font-weight: var( --e-global-typography-text-font-weight ); font-size: 1rem;\">&nbsp;auf den See Llanquihue, Vulkane und alte B\u00e4ume wie Lorbeer und Eichen, die dem Ort Charme verleihen.<\/span><\/p>\n<p><span style=\"color: var( --e-global-color-text ); font-family: var( --e-global-typography-text-font-family ), Sans-serif; font-weight: var( --e-global-typography-text-font-weight );\">Entwickelt von renommierten Architekten und Landschaftsarchitekten. Es verf\u00fcgt \u00fcber eine unterirdische Urbanisierung, Stra\u00dfenbeleuchtung, ein automatisch gesteuertes Tor und eine Eingangspforte.<\/span><\/p>\n<p>Es verf\u00fcgt \u00fcber Genehmigungen der Gesundheitsbeh\u00f6rde f\u00fcr Wasser und der Elektrizit\u00e4tsaufsichtsbeh\u00f6rde f\u00fcr Strom. Wichtig f\u00fcr den Zugang zu Bankkrediten.<\/p>\n<p>In der n\u00e4heren Umgebung gibt es verschiedene Alternativen:<\/p>\n<ul>\n<li>Der Golfclub Patagonia Virgen, der von dem ber\u00fchmten Golfer Nicklaus entwickelt wurde, liegt 3 km entfernt und der Jachthafen ist 5 km entfernt, direkt am Strand des gleichen Projekts.<\/li>\n<li>Das Ferienzentrum Caja los Andes ist nur 6 km entfernt und verf\u00fcgt \u00fcber zahlreiche Einrichtungen, die auch ohne Aufenthalt genutzt werden k\u00f6nnen, wie z.B. Tennispl\u00e4tze, beheiztes Freibad, Grillplatz, Bootsanleger, etc.<\/li>\n<li>Der Turnverein Llanquihue liegt 5 km entfernt und verf\u00fcgt \u00fcber einen sch\u00f6nen Strand mit Bootsanleger und einen Mehrzweckplatz f\u00fcr Sport.<\/li>\n<\/ul>\n<div>&nbsp;<\/div>\n<p>Das Projekt verf\u00fcgt \u00fcber verschiedene Zug\u00e4nge, die seine Anbindung erleichtern. Man erreicht sie direkt von der Ruta 5 Sur, von Frutillar, vom Eingang Totoral oder von Llanquihue aus.<\/p>\n<p><span style=\"color: var( --e-global-color-text ); font-family: var( --e-global-typography-text-font-family ), Sans-serif; font-weight: var( --e-global-typography-text-font-weight );\">Der Flughafen ist vom Highway 5 South aus in 45 Minuten zu erreichen. Die Immobilie ist als Miteigentum beim Conservador registriert. Dar\u00fcber hinaus gibt es einen Architekturausschuss, der die Projekte visiert.<\/span><\/p>\n<p>Die Grundst\u00fccke sind bereits mit einem Vorgartenzaun versehen, der nach Wahl des jeweiligen Eigent\u00fcmers mit Str\u00e4uchern bepflanzt werden muss. <br>U m mehr Ordnung und Harmonie in die Wege und Fronten derGrundst\u00fccke zu bringen.<\/p>\n<p>Entfernung zur Hauptumgebung: 7 km nach Llanquihue, 12 km nach Puerto Varas, Frutillar 3 km Schotterstra\u00dfe oder 5 km Asphalt.<\/p>\n<p><span style=\"color: var( --e-global-color-text ); font-family: var( --e-global-typography-text-font-family ), Sans-serif; font-weight: var( --e-global-typography-text-font-weight );\">Der Preis reicht von UF4200<\/span><\/p>\n<p><\/p>\t\t\t\t\t\t\t\t<\/div>\n\t\t\t\t\t<\/div>\n\t\t<\/div>\n\t\t\t\t\t<\/div>\n\t\t<\/section>\n\t\t\t\t<\/div>\n\t\t","protected":false},"excerpt":{"rendered":"<p>Grundst\u00fccke in Frutillar in einem exklusiven, konsolidierten Projekt mit unterirdischer Stromversorgung, Trinkwasser, Landschaftsgestaltung, Bergblick und asphaltierter Zufahrt.<\/p>\n","protected":false},"featured_media":5618,"template":"","meta":{"_acf_changed":false},"product_brand":[],"product_cat":[104],"product_tag":[232],"regiones":[226],"ciudades":[228],"class_list":{"0":"post-7491","1":"product","2":"type-product","3":"status-publish","4":"has-post-thumbnail","6":"product_cat-ohiggins-los-lagos","7":"product_tag-grundstuecke","8":"regiones-nuble-los_lagos","9":"ciudades-frutillar","11":"first","12":"instock","13":"sold-individually","14":"shipping-taxable","15":"purchasable","16":"product-type-simple"},"acf":[],"yoast_head":"<!-- This site is optimized with the Yoast SEO Premium plugin v26.0 (Yoast SEO v27.3) - https:\/\/yoast.com\/product\/yoast-seo-premium-wordpress\/ -->\n<title>Grundst\u00fccke in Frutillar - Hacienda del Lago, Seengebiet, Region Los Lagos - Produncan<\/title>\n<meta name=\"description\" content=\"Hacienda del Lago, ein Grundst\u00fcck in Frutillar, das von renommierten Landschaftsarchitekten erschlossen wurde, denen es gelang, die nat\u00fcrliche Umgebung harmonisch zu erhalten.\" \/>\n<meta name=\"robots\" content=\"index, follow, max-snippet:-1, max-image-preview:large, max-video-preview:-1\" \/>\n<link rel=\"canonical\" href=\"https:\/\/produncan.cl\/de\/produkt\/grundstuecke-hacienda-del-lago\/\" \/>\n<meta property=\"og:locale\" content=\"de_DE\" \/>\n<meta property=\"og:type\" content=\"article\" \/>\n<meta property=\"og:title\" content=\"Grundst\u00fccke in Frutillar - Hacienda del Lago, Seengebiet, Region Los Lagos\" \/>\n<meta property=\"og:description\" content=\"Hacienda del Lago, ein Grundst\u00fcck in Frutillar, das von renommierten Landschaftsarchitekten erschlossen wurde, denen es gelang, die nat\u00fcrliche Umgebung harmonisch zu erhalten.\" \/>\n<meta property=\"og:url\" content=\"https:\/\/produncan.cl\/de\/produkt\/grundstuecke-hacienda-del-lago\/\" \/>\n<meta property=\"og:site_name\" content=\"Produncan\" \/>\n<meta property=\"article:publisher\" content=\"https:\/\/web.facebook.com\/produncanland\" \/>\n<meta property=\"article:modified_time\" content=\"2025-11-28T17:04:30+00:00\" \/>\n<meta property=\"og:image\" content=\"https:\/\/produncan.cl\/wp-content\/uploads\/2022\/05\/Parcelas-Hacienda-del-Lago.webp\" \/>\n\t<meta property=\"og:image:width\" content=\"600\" \/>\n\t<meta property=\"og:image:height\" content=\"450\" \/>\n\t<meta property=\"og:image:type\" content=\"image\/webp\" \/>\n<meta name=\"twitter:card\" content=\"summary_large_image\" \/>\n<meta name=\"twitter:label1\" content=\"Price\" \/>\n\t<meta name=\"twitter:data1\" content=\"USD179.400,00\" \/>\n\t<meta name=\"twitter:label2\" content=\"Availability\" \/>\n\t<meta name=\"twitter:data2\" content=\"In stock\" \/>\n<script type=\"application\/ld+json\" class=\"yoast-schema-graph\">{\"@context\":\"https:\\\/\\\/schema.org\",\"@graph\":[{\"@type\":\"WebPage\",\"@id\":\"https:\\\/\\\/produncan.cl\\\/de\\\/produkt\\\/grundstuecke-hacienda-del-lago\\\/\",\"url\":\"https:\\\/\\\/produncan.cl\\\/de\\\/produkt\\\/grundstuecke-hacienda-del-lago\\\/\",\"name\":\"Grundst\u00fccke in Frutillar - Hacienda del Lago, Seengebiet, Region Los Lagos - Produncan\",\"isPartOf\":{\"@id\":\"https:\\\/\\\/produncan.cl\\\/de\\\/#website\"},\"primaryImageOfPage\":{\"@id\":\"https:\\\/\\\/produncan.cl\\\/de\\\/produkt\\\/grundstuecke-hacienda-del-lago\\\/#primaryimage\"},\"image\":{\"@id\":\"https:\\\/\\\/produncan.cl\\\/de\\\/produkt\\\/grundstuecke-hacienda-del-lago\\\/#primaryimage\"},\"thumbnailUrl\":\"https:\\\/\\\/produncan.cl\\\/wp-content\\\/uploads\\\/2022\\\/05\\\/Parcelas-Hacienda-del-Lago.webp\",\"datePublished\":\"2024-05-06T16:02:14+00:00\",\"dateModified\":\"2025-11-28T17:04:30+00:00\",\"description\":\"Hacienda del Lago, ein Grundst\u00fcck in Frutillar, das von renommierten Landschaftsarchitekten erschlossen wurde, denen es gelang, die nat\u00fcrliche Umgebung harmonisch zu erhalten.\",\"breadcrumb\":{\"@id\":\"https:\\\/\\\/produncan.cl\\\/de\\\/produkt\\\/grundstuecke-hacienda-del-lago\\\/#breadcrumb\"},\"inLanguage\":\"de-DE\",\"potentialAction\":[{\"@type\":\"ReadAction\",\"target\":[\"https:\\\/\\\/produncan.cl\\\/de\\\/produkt\\\/grundstuecke-hacienda-del-lago\\\/\"]}]},{\"@type\":\"ImageObject\",\"inLanguage\":\"de-DE\",\"@id\":\"https:\\\/\\\/produncan.cl\\\/de\\\/produkt\\\/grundstuecke-hacienda-del-lago\\\/#primaryimage\",\"url\":\"https:\\\/\\\/produncan.cl\\\/wp-content\\\/uploads\\\/2022\\\/05\\\/Parcelas-Hacienda-del-Lago.webp\",\"contentUrl\":\"https:\\\/\\\/produncan.cl\\\/wp-content\\\/uploads\\\/2022\\\/05\\\/Parcelas-Hacienda-del-Lago.webp\",\"width\":600,\"height\":450,\"caption\":\"Hacienda del Lago\"},{\"@type\":\"BreadcrumbList\",\"@id\":\"https:\\\/\\\/produncan.cl\\\/de\\\/produkt\\\/grundstuecke-hacienda-del-lago\\\/#breadcrumb\",\"itemListElement\":[{\"@type\":\"ListItem\",\"position\":1,\"name\":\"Inicio\",\"item\":\"https:\\\/\\\/produncan.cl\\\/de\\\/\"},{\"@type\":\"ListItem\",\"position\":2,\"name\":\"Eigenschaften\",\"item\":\"https:\\\/\\\/produncan.cl\\\/propiedades\\\/\"},{\"@type\":\"ListItem\",\"position\":3,\"name\":\"Grundst\u00fccke\",\"item\":\"https:\\\/\\\/produncan.cl\\\/de\\\/kategorie\\\/grundstuecke\\\/\"},{\"@type\":\"ListItem\",\"position\":4,\"name\":\"Grundst\u00fccke in Frutillar &#8211; Hacienda del Lago, Seengebiet, Region Los Lagos\"}]},{\"@type\":\"WebSite\",\"@id\":\"https:\\\/\\\/produncan.cl\\\/de\\\/#website\",\"url\":\"https:\\\/\\\/produncan.cl\\\/de\\\/\",\"name\":\"Produncan\",\"description\":\"Wir begleiten Sie bei Ihrem Lebensprojekt!\",\"publisher\":{\"@id\":\"https:\\\/\\\/produncan.cl\\\/de\\\/#organization\"},\"potentialAction\":[{\"@type\":\"SearchAction\",\"target\":{\"@type\":\"EntryPoint\",\"urlTemplate\":\"https:\\\/\\\/produncan.cl\\\/de\\\/?s={search_term_string}\"},\"query-input\":{\"@type\":\"PropertyValueSpecification\",\"valueRequired\":true,\"valueName\":\"search_term_string\"}}],\"inLanguage\":\"de-DE\"},{\"@type\":\"Organization\",\"@id\":\"https:\\\/\\\/produncan.cl\\\/de\\\/#organization\",\"name\":\"Produncan\",\"url\":\"https:\\\/\\\/produncan.cl\\\/de\\\/\",\"logo\":{\"@type\":\"ImageObject\",\"inLanguage\":\"de-DE\",\"@id\":\"https:\\\/\\\/produncan.cl\\\/de\\\/#\\\/schema\\\/logo\\\/image\\\/\",\"url\":\"https:\\\/\\\/produncan.cl\\\/wp-content\\\/uploads\\\/2021\\\/03\\\/LOGO.jpeg\",\"contentUrl\":\"https:\\\/\\\/produncan.cl\\\/wp-content\\\/uploads\\\/2021\\\/03\\\/LOGO.jpeg\",\"width\":1280,\"height\":903,\"caption\":\"Produncan\"},\"image\":{\"@id\":\"https:\\\/\\\/produncan.cl\\\/de\\\/#\\\/schema\\\/logo\\\/image\\\/\"},\"sameAs\":[\"https:\\\/\\\/web.facebook.com\\\/produncanland\",\"https:\\\/\\\/www.instagram.com\\\/pro_duncan\\\/\",\"https:\\\/\\\/www.linkedin.com\\\/company\\\/produncan-lands\\\/\",\"https:\\\/\\\/www.youtube.com\\\/channel\\\/UCu7N-f3x0svkazD-Eew1-QQ\"],\"description\":\"En Produncan somos especialistas en la venta de terrenos en el sur de Chile. Proveemos estancias, campos, parcelas y hoteles.\",\"email\":\"info@produncan.cl\"}]}<\/script>\n<meta property=\"og:video\" content=\"https:\/\/www.youtube.com\/embed\/OywuyNTDZt0\" \/>\n<meta property=\"og:video:type\" content=\"text\/html\" \/>\n<meta property=\"og:video:duration\" content=\"61\" \/>\n<meta property=\"og:video:width\" content=\"480\" \/>\n<meta property=\"og:video:height\" content=\"360\" \/>\n<meta property=\"ya:ovs:adult\" content=\"false\" \/>\n<meta property=\"ya:ovs:upload_date\" content=\"2024-05-06T16:02:14+00:00\" \/>\n<meta property=\"ya:ovs:allow_embed\" content=\"true\" \/>\n<meta property=\"product:price:amount\" content=\"179400.00\" \/>\n<meta property=\"product:price:currency\" content=\"USD\" \/>\n<meta property=\"og:availability\" content=\"instock\" \/>\n<meta property=\"product:availability\" content=\"instock\" \/>\n<meta property=\"product:condition\" content=\"new\" \/>\n<!-- \/ Yoast SEO Premium plugin. -->","yoast_head_json":{"title":"Grundst\u00fccke in Frutillar - Hacienda del Lago, Seengebiet, Region Los Lagos - Produncan","description":"Hacienda del Lago, ein Grundst\u00fcck in Frutillar, das von renommierten Landschaftsarchitekten erschlossen wurde, denen es gelang, die nat\u00fcrliche Umgebung harmonisch zu erhalten.","robots":{"index":"index","follow":"follow","max-snippet":"max-snippet:-1","max-image-preview":"max-image-preview:large","max-video-preview":"max-video-preview:-1"},"canonical":"https:\/\/produncan.cl\/de\/produkt\/grundstuecke-hacienda-del-lago\/","og_locale":"de_DE","og_type":"article","og_title":"Grundst\u00fccke in Frutillar - Hacienda del Lago, Seengebiet, Region Los Lagos","og_description":"Hacienda del Lago, ein Grundst\u00fcck in Frutillar, das von renommierten Landschaftsarchitekten erschlossen wurde, denen es gelang, die nat\u00fcrliche Umgebung harmonisch zu erhalten.","og_url":"https:\/\/produncan.cl\/de\/produkt\/grundstuecke-hacienda-del-lago\/","og_site_name":"Produncan","article_publisher":"https:\/\/web.facebook.com\/produncanland","article_modified_time":"2025-11-28T17:04:30+00:00","og_image":[{"width":600,"height":450,"url":"https:\/\/produncan.cl\/wp-content\/uploads\/2022\/05\/Parcelas-Hacienda-del-Lago.webp","type":"image\/webp"}],"twitter_card":"summary_large_image","twitter_misc":{"Price":"USD179.400,00","Availability":"In stock"},"schema":{"@context":"https:\/\/schema.org","@graph":[{"@type":"WebPage","@id":"https:\/\/produncan.cl\/de\/produkt\/grundstuecke-hacienda-del-lago\/","url":"https:\/\/produncan.cl\/de\/produkt\/grundstuecke-hacienda-del-lago\/","name":"Grundst\u00fccke in Frutillar - Hacienda del Lago, Seengebiet, Region Los Lagos - Produncan","isPartOf":{"@id":"https:\/\/produncan.cl\/de\/#website"},"primaryImageOfPage":{"@id":"https:\/\/produncan.cl\/de\/produkt\/grundstuecke-hacienda-del-lago\/#primaryimage"},"image":{"@id":"https:\/\/produncan.cl\/de\/produkt\/grundstuecke-hacienda-del-lago\/#primaryimage"},"thumbnailUrl":"https:\/\/produncan.cl\/wp-content\/uploads\/2022\/05\/Parcelas-Hacienda-del-Lago.webp","datePublished":"2024-05-06T16:02:14+00:00","dateModified":"2025-11-28T17:04:30+00:00","description":"Hacienda del Lago, ein Grundst\u00fcck in Frutillar, das von renommierten Landschaftsarchitekten erschlossen wurde, denen es gelang, die nat\u00fcrliche Umgebung harmonisch zu erhalten.","breadcrumb":{"@id":"https:\/\/produncan.cl\/de\/produkt\/grundstuecke-hacienda-del-lago\/#breadcrumb"},"inLanguage":"de-DE","potentialAction":[{"@type":"ReadAction","target":["https:\/\/produncan.cl\/de\/produkt\/grundstuecke-hacienda-del-lago\/"]}]},{"@type":"ImageObject","inLanguage":"de-DE","@id":"https:\/\/produncan.cl\/de\/produkt\/grundstuecke-hacienda-del-lago\/#primaryimage","url":"https:\/\/produncan.cl\/wp-content\/uploads\/2022\/05\/Parcelas-Hacienda-del-Lago.webp","contentUrl":"https:\/\/produncan.cl\/wp-content\/uploads\/2022\/05\/Parcelas-Hacienda-del-Lago.webp","width":600,"height":450,"caption":"Hacienda del Lago"},{"@type":"BreadcrumbList","@id":"https:\/\/produncan.cl\/de\/produkt\/grundstuecke-hacienda-del-lago\/#breadcrumb","itemListElement":[{"@type":"ListItem","position":1,"name":"Inicio","item":"https:\/\/produncan.cl\/de\/"},{"@type":"ListItem","position":2,"name":"Eigenschaften","item":"https:\/\/produncan.cl\/propiedades\/"},{"@type":"ListItem","position":3,"name":"Grundst\u00fccke","item":"https:\/\/produncan.cl\/de\/kategorie\/grundstuecke\/"},{"@type":"ListItem","position":4,"name":"Grundst\u00fccke in Frutillar &#8211; Hacienda del Lago, Seengebiet, Region Los Lagos"}]},{"@type":"WebSite","@id":"https:\/\/produncan.cl\/de\/#website","url":"https:\/\/produncan.cl\/de\/","name":"Produncan","description":"Wir begleiten Sie bei Ihrem Lebensprojekt!","publisher":{"@id":"https:\/\/produncan.cl\/de\/#organization"},"potentialAction":[{"@type":"SearchAction","target":{"@type":"EntryPoint","urlTemplate":"https:\/\/produncan.cl\/de\/?s={search_term_string}"},"query-input":{"@type":"PropertyValueSpecification","valueRequired":true,"valueName":"search_term_string"}}],"inLanguage":"de-DE"},{"@type":"Organization","@id":"https:\/\/produncan.cl\/de\/#organization","name":"Produncan","url":"https:\/\/produncan.cl\/de\/","logo":{"@type":"ImageObject","inLanguage":"de-DE","@id":"https:\/\/produncan.cl\/de\/#\/schema\/logo\/image\/","url":"https:\/\/produncan.cl\/wp-content\/uploads\/2021\/03\/LOGO.jpeg","contentUrl":"https:\/\/produncan.cl\/wp-content\/uploads\/2021\/03\/LOGO.jpeg","width":1280,"height":903,"caption":"Produncan"},"image":{"@id":"https:\/\/produncan.cl\/de\/#\/schema\/logo\/image\/"},"sameAs":["https:\/\/web.facebook.com\/produncanland","https:\/\/www.instagram.com\/pro_duncan\/","https:\/\/www.linkedin.com\/company\/produncan-lands\/","https:\/\/www.youtube.com\/channel\/UCu7N-f3x0svkazD-Eew1-QQ"],"description":"En Produncan somos especialistas en la venta de terrenos en el sur de Chile. Proveemos estancias, campos, parcelas y hoteles.","email":"info@produncan.cl"}]},"og_video":"https:\/\/www.youtube.com\/embed\/OywuyNTDZt0","og_video_type":"text\/html","og_video_duration":"61","og_video_width":"480","og_video_height":"360","ya_ovs_adult":"false","ya_ovs_upload_date":"2024-05-06T16:02:14+00:00","ya_ovs_allow_embed":"true","product_price_amount":"179400.00","product_price_currency":"USD","og_availability":"instock","product_availability":"instock","product_condition":"new"},"_links":{"self":[{"href":"https:\/\/produncan.cl\/de\/wp-json\/wp\/v2\/product\/7491","targetHints":{"allow":["GET"]}}],"collection":[{"href":"https:\/\/produncan.cl\/de\/wp-json\/wp\/v2\/product"}],"about":[{"href":"https:\/\/produncan.cl\/de\/wp-json\/wp\/v2\/types\/product"}],"version-history":[{"count":1,"href":"https:\/\/produncan.cl\/de\/wp-json\/wp\/v2\/product\/7491\/revisions"}],"predecessor-version":[{"id":52520,"href":"https:\/\/produncan.cl\/de\/wp-json\/wp\/v2\/product\/7491\/revisions\/52520"}],"wp:featuredmedia":[{"embeddable":true,"href":"https:\/\/produncan.cl\/de\/wp-json\/wp\/v2\/media\/5618"}],"wp:attachment":[{"href":"https:\/\/produncan.cl\/de\/wp-json\/wp\/v2\/media?parent=7491"}],"wp:term":[{"taxonomy":"product_brand","embeddable":true,"href":"https:\/\/produncan.cl\/de\/wp-json\/wp\/v2\/product_brand?post=7491"},{"taxonomy":"product_cat","embeddable":true,"href":"https:\/\/produncan.cl\/de\/wp-json\/wp\/v2\/product_cat?post=7491"},{"taxonomy":"product_tag","embeddable":true,"href":"https:\/\/produncan.cl\/de\/wp-json\/wp\/v2\/product_tag?post=7491"},{"taxonomy":"regiones","embeddable":true,"href":"https:\/\/produncan.cl\/de\/wp-json\/wp\/v2\/regiones?post=7491"},{"taxonomy":"ciudades","embeddable":true,"href":"https:\/\/produncan.cl\/de\/wp-json\/wp\/v2\/ciudades?post=7491"}],"curies":[{"name":"wp","href":"https:\/\/api.w.org\/{rel}","templated":true}]}}