{"id":7501,"date":"2022-09-06T12:16:59","date_gmt":"2022-09-06T16:16:59","guid":{"rendered":"https:\/\/produncan.cl\/producto\/los-volcanes-park\/"},"modified":"2025-08-14T11:43:24","modified_gmt":"2025-08-14T15:43:24","slug":"parque-los-volcanes","status":"publish","type":"product","link":"https:\/\/produncan.cl\/de\/produkt\/parque-los-volcanes\/","title":{"rendered":"Los Volcanes Park &#8211; Ensenada &#8211; Puerto Varas"},"content":{"rendered":"\t\t<div data-elementor-type=\"product-post\" data-elementor-id=\"7501\" class=\"elementor elementor-7501 elementor-1587\" data-elementor-post-type=\"product\">\n\t\t\t\t<div class=\"elementor-element elementor-element-916fb83 e-flex e-con-boxed e-con e-parent\" data-id=\"916fb83\" data-element_type=\"container\" data-e-type=\"container\" data-settings=\"{&quot;jet_parallax_layout_list&quot;:[]}\">\n\t\t\t\t\t<div class=\"e-con-inner\">\n\t\t\t\t<div class=\"elementor-element elementor-element-570f524 elementor-widget elementor-widget-heading\" data-id=\"570f524\" data-element_type=\"widget\" data-e-type=\"widget\" data-widget_type=\"heading.default\">\n\t\t\t\t\t<h2 class=\"elementor-heading-title elementor-size-default\">Entdecken Sie das versteckte Juwel im Llanquihue-See und leben Sie inmitten einer erhabenen Landschaft im Projekt Parque Los Volcanes!<\/h2>\t\t\t\t<\/div>\n\t\t\t\t\t<\/div>\n\t\t\t\t<\/div>\n\t\t<div class=\"elementor-element elementor-element-69bd685 e-flex e-con-boxed e-con e-parent\" data-id=\"69bd685\" data-element_type=\"container\" data-e-type=\"container\" data-settings=\"{&quot;jet_parallax_layout_list&quot;:[]}\">\n\t\t\t\t\t<div class=\"e-con-inner\">\n\t\t\t\t<div class=\"elementor-element elementor-element-5f33de8 elementor-widget elementor-widget-text-editor\" data-id=\"5f33de8\" data-element_type=\"widget\" data-e-type=\"widget\" data-widget_type=\"text-editor.default\">\n\t\t\t\t\t\t\t\t\t<p>Dieses Projekt befindet sich in der charmanten Stadt Ensenada, nur 50 km von Puerto Varas entfernt, und bietet Ihnen die M\u00f6glichkeit, in eine der sch\u00f6nsten Naturlandschaften des Seengebiets einzutauchen. Hier wird Sie die Natur \u00fcberraschen und Sie dazu einladen, im Einklang mit der Landschaft zu leben.<\/p><p>Das Projekt ist erstklassig ausgestattet und verf\u00fcgt \u00fcber eine zugangskontrollierte Pf\u00f6rtnerloge und einen Parkw\u00e4chter, um Ihre Sicherheit und Ihren Seelenfrieden zu gew\u00e4hrleisten. Die Stra\u00dfen sind in ausgezeichnetem Zustand und erm\u00f6glichen Ihnen einen einfachen Zugang zu Ihrem Grundst\u00fcck und den umliegenden Gemeinschaftsbereichen.<\/p><p>Im Parque Los Volcanes ist die Stromversorgung gesichert, und das Wasser kommt aus Quellen, die aus dem majest\u00e4tischen Vulkan Calbuco entspringen. Stellen Sie sich vor, Sie trinken reines, frisches Wasser direkt aus den Bergen.<\/p><p>Von Ihrem Haus aus k\u00f6nnen Sie den Panoramablick auf die imposanten Vulkane Osorno, Puntiagudo und Calbuco genie\u00dfen, die sich majest\u00e4tisch neben dem Llanquihue-See, dem Rupanco-See und dem Todos los Santos-See erheben. Sie werden von Seen, Fl\u00fcssen und einheimischen W\u00e4ldern umgeben sein, die eine magische und ruhige Atmosph\u00e4re schaffen, die Sie dazu einl\u00e4dt, sich mit der Natur zu verbinden.<\/p><p>Dar\u00fcber hinaus bietet das Projekt Parque Los Volcanes ausgedehnte Gemeinschaftsbereiche, in denen Sie u. a. reiten, wandern, in nat\u00fcrlichen hei\u00dfen Quellen entspannen und im malerischen Rio Blanco angeln k\u00f6nnen.<\/p><p>Es gibt sogar einen von der D.G.A.C. genehmigten Flugplatz, der Ihnen noch mehr M\u00f6glichkeiten bietet, diesen wunderbaren Ort zu erkunden und zu genie\u00dfen;<\/p><p>Abenteuerlustige sind nur wenige Minuten vom ber\u00fchmten Nationalpark Vicente P\u00e9rez Rosales, dem bezaubernden Llanquihue-See, den beeindruckenden Petrohu\u00e9-Wasserf\u00e4llen und dem Petrohu\u00e9-Fluss entfernt, wo man Rafting und Sportfischen betreiben kann. Sie k\u00f6nnen auch den Kotiax Bikepark, die nat\u00fcrlichen hei\u00dfen Quellen, die Laguna Verde und das malerische Ensenada besuchen, wo Sie ein breites Angebot an touristischen, gastronomischen, kulturellen und sportlichen Aktivit\u00e4ten finden.<\/p><p>Die privilegierte Lage des Projekts erm\u00f6glicht einen einfachen Zugang zur Interlagos-Route und damit eine hervorragende Anbindung an den Todos los Santos-See, Cocham\u00f3, Puelo, Llanada Grande, die 7-Seen-Route, die Carretera Austral und sogar einen spannenden Ausflug zum letzten Archipel der Insel Chilo\u00e9.<\/p><p><span style=\"color: var( --e-global-color-text ); font-family: var( --e-global-typography-text-font-family ), Sans-serif; font-weight: var( --e-global-typography-text-font-weight ); text-align: var(--text-align);\">All dies kann zu erschwinglichen Preisen erworben werden, mit Optionen ab 55 Millionen f\u00fcr 5000 m\u00b2 gro\u00dfe Grundst\u00fccke. Stellen Sie sich vor, Sie bauen Ihr Haus in diesem Naturparadies!<\/span><\/p><p><span style=\"color: var( --e-global-color-text ); font-family: var( --e-global-typography-text-font-family ), Sans-serif; font-weight: var( --e-global-typography-text-font-weight ); text-align: var(--text-align);\">Verpassen Sie nicht die Gelegenheit, diesen sch\u00f6nen Ort zu besuchen.<\/span><\/p><p><span style=\"color: var( --e-global-color-text ); font-family: var( --e-global-typography-text-font-family ), Sans-serif; font-weight: var( --e-global-typography-text-font-weight ); text-align: var(--text-align);\">Setzen Sie sich jetzt mit uns in Verbindung, um einen Besuch zu planen und den Charme des Parque Los Volcanes zu entdecken!<\/span><\/p>\t\t\t\t\t\t\t\t<\/div>\n\t\t\t\t\t<\/div>\n\t\t\t\t<\/div>\n\t\t\t\t<\/div>\n\t\t","protected":false},"excerpt":{"rendered":"<p>Grundst\u00fcck in Los Lagos mit Strom, Wasser, Gemeinschaftsfl\u00e4chen und Flugplatz. Verbindungen zu nahe gelegenen Seen und St\u00e4dten.<\/p>\n","protected":false},"featured_media":5610,"template":"","meta":{"_acf_changed":false},"product_brand":[],"product_cat":[104],"product_tag":[232],"regiones":[226],"ciudades":[213,218,219],"class_list":{"0":"post-7501","1":"product","2":"type-product","3":"status-publish","4":"has-post-thumbnail","6":"product_cat-ohiggins-los-lagos","7":"product_tag-grundstuecke","8":"regiones-nuble-los_lagos","9":"ciudades-ensenada","10":"ciudades-puerto-montt","11":"ciudades-puerto-varas","13":"first","14":"instock","15":"sold-individually","16":"shipping-taxable","17":"purchasable","18":"product-type-simple"},"acf":[],"yoast_head":"<!-- This site is optimized with the Yoast SEO Premium plugin v26.0 (Yoast SEO v27.3) - https:\/\/yoast.com\/product\/yoast-seo-premium-wordpress\/ -->\n<title>Grundst\u00fccke Parque Los Volcanes - Ensenada - Puerto Varas<\/title>\n<meta name=\"description\" content=\"Grundst\u00fccke in Ensenada, einem Ort mit den eindrucksvollsten Landschaften des Seengebiets. Es gibt Strom, Wasser, Gemeinschaftsr\u00e4ume und einen Flugplatz.\" \/>\n<meta name=\"robots\" content=\"index, follow, max-snippet:-1, max-image-preview:large, max-video-preview:-1\" \/>\n<link rel=\"canonical\" href=\"https:\/\/produncan.cl\/de\/produkt\/parque-los-volcanes\/\" \/>\n<meta property=\"og:locale\" content=\"de_DE\" \/>\n<meta property=\"og:type\" content=\"article\" \/>\n<meta property=\"og:title\" content=\"Los Volcanes Park - Ensenada - Puerto Varas\" \/>\n<meta property=\"og:description\" content=\"Grundst\u00fccke in Ensenada, einem Ort mit den eindrucksvollsten Landschaften des Seengebiets. Es gibt Strom, Wasser, Gemeinschaftsr\u00e4ume und einen Flugplatz.\" \/>\n<meta property=\"og:url\" content=\"https:\/\/produncan.cl\/de\/produkt\/parque-los-volcanes\/\" \/>\n<meta property=\"og:site_name\" content=\"Produncan\" \/>\n<meta property=\"article:publisher\" content=\"https:\/\/web.facebook.com\/produncanland\" \/>\n<meta property=\"article:modified_time\" content=\"2025-08-14T15:43:24+00:00\" \/>\n<meta property=\"og:image\" content=\"https:\/\/produncan.cl\/wp-content\/uploads\/2022\/05\/Parque-Los-Volcanes.webp\" \/>\n\t<meta property=\"og:image:width\" content=\"600\" \/>\n\t<meta property=\"og:image:height\" content=\"450\" \/>\n\t<meta property=\"og:image:type\" content=\"image\/webp\" \/>\n<meta name=\"twitter:card\" content=\"summary_large_image\" \/>\n<meta name=\"twitter:label1\" content=\"Price\" \/>\n\t<meta name=\"twitter:data1\" content=\"USD59.800,00\" \/>\n\t<meta name=\"twitter:label2\" content=\"Availability\" \/>\n\t<meta name=\"twitter:data2\" content=\"In stock\" \/>\n<script type=\"application\/ld+json\" class=\"yoast-schema-graph\">{\"@context\":\"https:\\\/\\\/schema.org\",\"@graph\":[{\"@type\":\"WebPage\",\"@id\":\"https:\\\/\\\/produncan.cl\\\/de\\\/produkt\\\/parque-los-volcanes\\\/\",\"url\":\"https:\\\/\\\/produncan.cl\\\/de\\\/produkt\\\/parque-los-volcanes\\\/\",\"name\":\"Grundst\u00fccke Parque Los Volcanes - Ensenada - Puerto Varas\",\"isPartOf\":{\"@id\":\"https:\\\/\\\/produncan.cl\\\/de\\\/#website\"},\"primaryImageOfPage\":{\"@id\":\"https:\\\/\\\/produncan.cl\\\/de\\\/produkt\\\/parque-los-volcanes\\\/#primaryimage\"},\"image\":{\"@id\":\"https:\\\/\\\/produncan.cl\\\/de\\\/produkt\\\/parque-los-volcanes\\\/#primaryimage\"},\"thumbnailUrl\":\"https:\\\/\\\/produncan.cl\\\/wp-content\\\/uploads\\\/2022\\\/05\\\/Parque-Los-Volcanes.webp\",\"datePublished\":\"2022-09-06T16:16:59+00:00\",\"dateModified\":\"2025-08-14T15:43:24+00:00\",\"description\":\"Grundst\u00fccke in Ensenada, einem Ort mit den eindrucksvollsten Landschaften des Seengebiets. Es gibt Strom, Wasser, Gemeinschaftsr\u00e4ume und einen Flugplatz.\",\"breadcrumb\":{\"@id\":\"https:\\\/\\\/produncan.cl\\\/de\\\/produkt\\\/parque-los-volcanes\\\/#breadcrumb\"},\"inLanguage\":\"de-DE\",\"potentialAction\":[{\"@type\":\"ReadAction\",\"target\":[\"https:\\\/\\\/produncan.cl\\\/de\\\/produkt\\\/parque-los-volcanes\\\/\"]}]},{\"@type\":\"ImageObject\",\"inLanguage\":\"de-DE\",\"@id\":\"https:\\\/\\\/produncan.cl\\\/de\\\/produkt\\\/parque-los-volcanes\\\/#primaryimage\",\"url\":\"https:\\\/\\\/produncan.cl\\\/wp-content\\\/uploads\\\/2022\\\/05\\\/Parque-Los-Volcanes.webp\",\"contentUrl\":\"https:\\\/\\\/produncan.cl\\\/wp-content\\\/uploads\\\/2022\\\/05\\\/Parque-Los-Volcanes.webp\",\"width\":600,\"height\":450,\"caption\":\"Los Volcanes Park\"},{\"@type\":\"BreadcrumbList\",\"@id\":\"https:\\\/\\\/produncan.cl\\\/de\\\/produkt\\\/parque-los-volcanes\\\/#breadcrumb\",\"itemListElement\":[{\"@type\":\"ListItem\",\"position\":1,\"name\":\"Inicio\",\"item\":\"https:\\\/\\\/produncan.cl\\\/de\\\/\"},{\"@type\":\"ListItem\",\"position\":2,\"name\":\"Eigenschaften\",\"item\":\"https:\\\/\\\/produncan.cl\\\/propiedades\\\/\"},{\"@type\":\"ListItem\",\"position\":3,\"name\":\"Grundst\u00fccke\",\"item\":\"https:\\\/\\\/produncan.cl\\\/de\\\/kategorie\\\/grundstuecke\\\/\"},{\"@type\":\"ListItem\",\"position\":4,\"name\":\"Los Volcanes Park &#8211; Ensenada &#8211; Puerto Varas\"}]},{\"@type\":\"WebSite\",\"@id\":\"https:\\\/\\\/produncan.cl\\\/de\\\/#website\",\"url\":\"https:\\\/\\\/produncan.cl\\\/de\\\/\",\"name\":\"Produncan\",\"description\":\"Wir begleiten Sie bei Ihrem Lebensprojekt!\",\"publisher\":{\"@id\":\"https:\\\/\\\/produncan.cl\\\/de\\\/#organization\"},\"potentialAction\":[{\"@type\":\"SearchAction\",\"target\":{\"@type\":\"EntryPoint\",\"urlTemplate\":\"https:\\\/\\\/produncan.cl\\\/de\\\/?s={search_term_string}\"},\"query-input\":{\"@type\":\"PropertyValueSpecification\",\"valueRequired\":true,\"valueName\":\"search_term_string\"}}],\"inLanguage\":\"de-DE\"},{\"@type\":\"Organization\",\"@id\":\"https:\\\/\\\/produncan.cl\\\/de\\\/#organization\",\"name\":\"Produncan\",\"url\":\"https:\\\/\\\/produncan.cl\\\/de\\\/\",\"logo\":{\"@type\":\"ImageObject\",\"inLanguage\":\"de-DE\",\"@id\":\"https:\\\/\\\/produncan.cl\\\/de\\\/#\\\/schema\\\/logo\\\/image\\\/\",\"url\":\"https:\\\/\\\/produncan.cl\\\/wp-content\\\/uploads\\\/2021\\\/03\\\/LOGO.jpeg\",\"contentUrl\":\"https:\\\/\\\/produncan.cl\\\/wp-content\\\/uploads\\\/2021\\\/03\\\/LOGO.jpeg\",\"width\":1280,\"height\":903,\"caption\":\"Produncan\"},\"image\":{\"@id\":\"https:\\\/\\\/produncan.cl\\\/de\\\/#\\\/schema\\\/logo\\\/image\\\/\"},\"sameAs\":[\"https:\\\/\\\/web.facebook.com\\\/produncanland\",\"https:\\\/\\\/www.instagram.com\\\/pro_duncan\\\/\",\"https:\\\/\\\/www.linkedin.com\\\/company\\\/produncan-lands\\\/\",\"https:\\\/\\\/www.youtube.com\\\/channel\\\/UCu7N-f3x0svkazD-Eew1-QQ\"],\"description\":\"En Produncan somos especialistas en la venta de terrenos en el sur de Chile. Proveemos estancias, campos, parcelas y hoteles.\",\"email\":\"info@produncan.cl\"}]}<\/script>\n<meta property=\"og:video\" content=\"https:\/\/www.youtube.com\/embed\/0NvDjiAqYyY\" \/>\n<meta property=\"og:video:type\" content=\"text\/html\" \/>\n<meta property=\"og:video:duration\" content=\"58\" \/>\n<meta property=\"og:video:width\" content=\"480\" \/>\n<meta property=\"og:video:height\" content=\"360\" \/>\n<meta property=\"ya:ovs:adult\" content=\"false\" \/>\n<meta property=\"ya:ovs:upload_date\" content=\"2022-09-06T16:16:59+00:00\" \/>\n<meta property=\"ya:ovs:allow_embed\" content=\"true\" \/>\n<meta property=\"product:price:amount\" content=\"59800.00\" \/>\n<meta property=\"product:price:currency\" content=\"USD\" \/>\n<meta property=\"og:availability\" content=\"instock\" \/>\n<meta property=\"product:availability\" content=\"instock\" \/>\n<meta property=\"product:condition\" content=\"new\" \/>\n<!-- \/ Yoast SEO Premium plugin. -->","yoast_head_json":{"title":"Grundst\u00fccke Parque Los Volcanes - Ensenada - Puerto Varas","description":"Grundst\u00fccke in Ensenada, einem Ort mit den eindrucksvollsten Landschaften des Seengebiets. Es gibt Strom, Wasser, Gemeinschaftsr\u00e4ume und einen Flugplatz.","robots":{"index":"index","follow":"follow","max-snippet":"max-snippet:-1","max-image-preview":"max-image-preview:large","max-video-preview":"max-video-preview:-1"},"canonical":"https:\/\/produncan.cl\/de\/produkt\/parque-los-volcanes\/","og_locale":"de_DE","og_type":"article","og_title":"Los Volcanes Park - Ensenada - Puerto Varas","og_description":"Grundst\u00fccke in Ensenada, einem Ort mit den eindrucksvollsten Landschaften des Seengebiets. Es gibt Strom, Wasser, Gemeinschaftsr\u00e4ume und einen Flugplatz.","og_url":"https:\/\/produncan.cl\/de\/produkt\/parque-los-volcanes\/","og_site_name":"Produncan","article_publisher":"https:\/\/web.facebook.com\/produncanland","article_modified_time":"2025-08-14T15:43:24+00:00","og_image":[{"width":600,"height":450,"url":"https:\/\/produncan.cl\/wp-content\/uploads\/2022\/05\/Parque-Los-Volcanes.webp","type":"image\/webp"}],"twitter_card":"summary_large_image","twitter_misc":{"Price":"USD59.800,00","Availability":"In stock"},"schema":{"@context":"https:\/\/schema.org","@graph":[{"@type":"WebPage","@id":"https:\/\/produncan.cl\/de\/produkt\/parque-los-volcanes\/","url":"https:\/\/produncan.cl\/de\/produkt\/parque-los-volcanes\/","name":"Grundst\u00fccke Parque Los Volcanes - Ensenada - Puerto Varas","isPartOf":{"@id":"https:\/\/produncan.cl\/de\/#website"},"primaryImageOfPage":{"@id":"https:\/\/produncan.cl\/de\/produkt\/parque-los-volcanes\/#primaryimage"},"image":{"@id":"https:\/\/produncan.cl\/de\/produkt\/parque-los-volcanes\/#primaryimage"},"thumbnailUrl":"https:\/\/produncan.cl\/wp-content\/uploads\/2022\/05\/Parque-Los-Volcanes.webp","datePublished":"2022-09-06T16:16:59+00:00","dateModified":"2025-08-14T15:43:24+00:00","description":"Grundst\u00fccke in Ensenada, einem Ort mit den eindrucksvollsten Landschaften des Seengebiets. Es gibt Strom, Wasser, Gemeinschaftsr\u00e4ume und einen Flugplatz.","breadcrumb":{"@id":"https:\/\/produncan.cl\/de\/produkt\/parque-los-volcanes\/#breadcrumb"},"inLanguage":"de-DE","potentialAction":[{"@type":"ReadAction","target":["https:\/\/produncan.cl\/de\/produkt\/parque-los-volcanes\/"]}]},{"@type":"ImageObject","inLanguage":"de-DE","@id":"https:\/\/produncan.cl\/de\/produkt\/parque-los-volcanes\/#primaryimage","url":"https:\/\/produncan.cl\/wp-content\/uploads\/2022\/05\/Parque-Los-Volcanes.webp","contentUrl":"https:\/\/produncan.cl\/wp-content\/uploads\/2022\/05\/Parque-Los-Volcanes.webp","width":600,"height":450,"caption":"Los Volcanes Park"},{"@type":"BreadcrumbList","@id":"https:\/\/produncan.cl\/de\/produkt\/parque-los-volcanes\/#breadcrumb","itemListElement":[{"@type":"ListItem","position":1,"name":"Inicio","item":"https:\/\/produncan.cl\/de\/"},{"@type":"ListItem","position":2,"name":"Eigenschaften","item":"https:\/\/produncan.cl\/propiedades\/"},{"@type":"ListItem","position":3,"name":"Grundst\u00fccke","item":"https:\/\/produncan.cl\/de\/kategorie\/grundstuecke\/"},{"@type":"ListItem","position":4,"name":"Los Volcanes Park &#8211; Ensenada &#8211; Puerto Varas"}]},{"@type":"WebSite","@id":"https:\/\/produncan.cl\/de\/#website","url":"https:\/\/produncan.cl\/de\/","name":"Produncan","description":"Wir begleiten Sie bei Ihrem Lebensprojekt!","publisher":{"@id":"https:\/\/produncan.cl\/de\/#organization"},"potentialAction":[{"@type":"SearchAction","target":{"@type":"EntryPoint","urlTemplate":"https:\/\/produncan.cl\/de\/?s={search_term_string}"},"query-input":{"@type":"PropertyValueSpecification","valueRequired":true,"valueName":"search_term_string"}}],"inLanguage":"de-DE"},{"@type":"Organization","@id":"https:\/\/produncan.cl\/de\/#organization","name":"Produncan","url":"https:\/\/produncan.cl\/de\/","logo":{"@type":"ImageObject","inLanguage":"de-DE","@id":"https:\/\/produncan.cl\/de\/#\/schema\/logo\/image\/","url":"https:\/\/produncan.cl\/wp-content\/uploads\/2021\/03\/LOGO.jpeg","contentUrl":"https:\/\/produncan.cl\/wp-content\/uploads\/2021\/03\/LOGO.jpeg","width":1280,"height":903,"caption":"Produncan"},"image":{"@id":"https:\/\/produncan.cl\/de\/#\/schema\/logo\/image\/"},"sameAs":["https:\/\/web.facebook.com\/produncanland","https:\/\/www.instagram.com\/pro_duncan\/","https:\/\/www.linkedin.com\/company\/produncan-lands\/","https:\/\/www.youtube.com\/channel\/UCu7N-f3x0svkazD-Eew1-QQ"],"description":"En Produncan somos especialistas en la venta de terrenos en el sur de Chile. Proveemos estancias, campos, parcelas y hoteles.","email":"info@produncan.cl"}]},"og_video":"https:\/\/www.youtube.com\/embed\/0NvDjiAqYyY","og_video_type":"text\/html","og_video_duration":"58","og_video_width":"480","og_video_height":"360","ya_ovs_adult":"false","ya_ovs_upload_date":"2022-09-06T16:16:59+00:00","ya_ovs_allow_embed":"true","product_price_amount":"59800.00","product_price_currency":"USD","og_availability":"instock","product_availability":"instock","product_condition":"new"},"_links":{"self":[{"href":"https:\/\/produncan.cl\/de\/wp-json\/wp\/v2\/product\/7501","targetHints":{"allow":["GET"]}}],"collection":[{"href":"https:\/\/produncan.cl\/de\/wp-json\/wp\/v2\/product"}],"about":[{"href":"https:\/\/produncan.cl\/de\/wp-json\/wp\/v2\/types\/product"}],"version-history":[{"count":0,"href":"https:\/\/produncan.cl\/de\/wp-json\/wp\/v2\/product\/7501\/revisions"}],"wp:featuredmedia":[{"embeddable":true,"href":"https:\/\/produncan.cl\/de\/wp-json\/wp\/v2\/media\/5610"}],"wp:attachment":[{"href":"https:\/\/produncan.cl\/de\/wp-json\/wp\/v2\/media?parent=7501"}],"wp:term":[{"taxonomy":"product_brand","embeddable":true,"href":"https:\/\/produncan.cl\/de\/wp-json\/wp\/v2\/product_brand?post=7501"},{"taxonomy":"product_cat","embeddable":true,"href":"https:\/\/produncan.cl\/de\/wp-json\/wp\/v2\/product_cat?post=7501"},{"taxonomy":"product_tag","embeddable":true,"href":"https:\/\/produncan.cl\/de\/wp-json\/wp\/v2\/product_tag?post=7501"},{"taxonomy":"regiones","embeddable":true,"href":"https:\/\/produncan.cl\/de\/wp-json\/wp\/v2\/regiones?post=7501"},{"taxonomy":"ciudades","embeddable":true,"href":"https:\/\/produncan.cl\/de\/wp-json\/wp\/v2\/ciudades?post=7501"}],"curies":[{"name":"wp","href":"https:\/\/api.w.org\/{rel}","templated":true}]}}