{"id":7505,"date":"2024-05-07T12:44:03","date_gmt":"2024-05-07T16:44:03","guid":{"rendered":"https:\/\/produncan.cl\/producto\/bahia-rupanco-grundstuecke\/"},"modified":"2025-12-26T17:19:55","modified_gmt":"2025-12-26T20:19:55","slug":"bahia-rupanco-grundstuecke","status":"publish","type":"product","link":"https:\/\/produncan.cl\/de\/produkt\/bahia-rupanco-grundstuecke\/","title":{"rendered":"Grundst\u00fccke am Rupanco-See, Rupanco-Bucht &#8211; Osorno &#8211; Seengebiet"},"content":{"rendered":"\t\t<div data-elementor-type=\"product-post\" data-elementor-id=\"7505\" class=\"elementor elementor-7505 elementor-1601\" data-elementor-post-type=\"product\">\n\t\t\t\t\t\t<section class=\"elementor-section elementor-top-section elementor-element elementor-element-167e39ab elementor-section-boxed elementor-section-height-default elementor-section-height-default\" data-id=\"167e39ab\" data-element_type=\"section\" data-e-type=\"section\" data-settings=\"{&quot;jet_parallax_layout_list&quot;:[]}\">\n\t\t\t\t\t\t<div class=\"elementor-container elementor-column-gap-default\">\n\t\t\t\t\t<div class=\"elementor-column elementor-col-100 elementor-top-column elementor-element elementor-element-3bba0c98\" data-id=\"3bba0c98\" data-element_type=\"column\" data-e-type=\"column\">\n\t\t\t<div class=\"elementor-widget-wrap elementor-element-populated\">\n\t\t\t\t\t\t<div class=\"elementor-element elementor-element-dec0302 elementor-widget elementor-widget-text-editor\" data-id=\"dec0302\" data-element_type=\"widget\" data-e-type=\"widget\" data-widget_type=\"text-editor.default\">\n\t\t\t\t\t\t\t\t\t<h2>Telearbeit von einem TOP-Platz im S\u00fcden, lernen Sie die Grundst\u00fccke von Bah\u00eda Rupanco kennen<\/h2>\n<p>Diese Grundst\u00fccke in Lago Rupanco, Osorno, befinden sich in einem Projekt in einem Sektor, der die N\u00e4he zur Stadt, den besten Panoramablick auf den Ort, mit allen grundlegenden Dienstleistungen und ausgezeichnete Verbindungen erm\u00f6glicht.<\/p>\n<p>In der N\u00e4he befinden sich Entre Lagos, Puerto Octay und der Flughafen von Osorno Ca\u00f1al Bajo, die die Voraussetzungen f\u00fcr eine abgelegene und sehr gut angebundene Lage bieten.<\/p>\n<p>Das exklusive Projekt mit nur 7 Parzellen liegt in einer Umgebung mit sch\u00f6nen einheimischen B\u00e4umen und perfekten Wiesen, einer erhabenen Landschaft mit Blick auf die Vulkane Osorno und Puntiagudo und Zugang zum See, um mit der Familie zu genie\u00dfen und ein eigenes Boot zu haben.<\/p>\n<p>Es ist nur wenige Stunden von Villa la Angostura und Bariloche in Argentinien entfernt. In der N\u00e4he befinden sich u. a. die hei\u00dfen Quellen von Puyehue und Puerto Octay.<\/p>\n<p>Zum Verkauf stehen nur 7 Grundst\u00fccke mit einer Fl\u00e4che zwischen 5092 m\u00b2 und 6565 m\u00b2.<\/p>\n<p>Alle haben einen Wasseranschluss am Eingang. Es gibt auch Wasser aus einem Tiefbrunnen, der vom Grundst\u00fcck zur Verf\u00fcgung gestellt wird, falls Sie mehr Wasser ben\u00f6tigen, um einen Swimmingpool zu f\u00fcllen, usw.<\/p>\n<p><span style=\"color: var( --e-global-color-text ); font-family: var( --e-global-typography-text-font-family ), Sans-serif; font-weight: var( --e-global-typography-text-font-weight );\">Es gibt einen Zugang zum Seeufer, die an den See angrenzende Gemeinschaftsfl\u00e4che entspricht einer Fl\u00e4che von 1596,21m\u00b2 und 47,02mts Seeufer und Steg. Die Stra\u00dfen sind 8 Meter breit.<\/span><\/p>\n<ul>\n<li>2% Rabatt, wenn der K\u00e4ufer sich verpflichtet, innerhalb der ersten zwei Jahre zu bauen.<\/li>\n<li>Es besteht die M\u00f6glichkeit, 50 % in bar und den Restbetrag in 12 Raten zu zahlen. In jedem Fall ist es m\u00f6glich, ein Hypothekendarlehen zu beantragen.<\/li>\n<li>&nbsp;<\/li>\n<\/ul>\n<div>Der Preis in UF betr\u00e4gt UF5450 x 6466m\u00b2.<\/div>\n<div>&nbsp;<\/div>\n<p>Verpassen Sie diese Gelegenheit nicht!<\/p>\t\t\t\t\t\t\t\t<\/div>\n\t\t\t\t\t<\/div>\n\t\t<\/div>\n\t\t\t\t\t<\/div>\n\t\t<\/section>\n\t\t\t\t<\/div>\n\t\t","protected":false},"excerpt":{"rendered":"<p>7 exklusive Grundst\u00fccke am Rupanco-See. Mit gemeinsamem Zugang zum See, Blick auf die Bergkette, asphaltierter Zufahrt, Stadtn\u00e4he und Dienstleistungen wie l\u00e4ndliches Trinkwasser und Strom.<\/p>\n","protected":false},"featured_media":5498,"template":"","meta":{"_acf_changed":false},"product_brand":[],"product_cat":[104],"product_tag":[232],"regiones":[226],"ciudades":[517,217],"class_list":{"0":"post-7505","1":"product","2":"type-product","3":"status-publish","4":"has-post-thumbnail","6":"product_cat-ohiggins-los-lagos","7":"product_tag-grundstuecke","8":"regiones-nuble-los_lagos","9":"ciudades-entre-lagos","10":"ciudades-osorno","12":"first","13":"instock","14":"sold-individually","15":"shipping-taxable","16":"purchasable","17":"product-type-simple"},"acf":[],"yoast_head":"<!-- This site is optimized with the Yoast SEO Premium plugin v26.0 (Yoast SEO v27.3) - https:\/\/yoast.com\/product\/yoast-seo-premium-wordpress\/ -->\n<title>Grundst\u00fccke am Rupanco-See, Osorno, Region Los Lagos<\/title>\n<meta name=\"description\" content=\"Parcelas Bah\u00eda Rupanco ist ein exklusives Projekt mit nur 7 Parzellen am Rupanco-See. Stadtn\u00e4he und unschlagbarer Panoramablick!\" \/>\n<meta name=\"robots\" content=\"index, follow, max-snippet:-1, max-image-preview:large, max-video-preview:-1\" \/>\n<link rel=\"canonical\" href=\"https:\/\/produncan.cl\/de\/produkt\/bahia-rupanco-grundstuecke\/\" \/>\n<meta property=\"og:locale\" content=\"de_DE\" \/>\n<meta property=\"og:type\" content=\"article\" \/>\n<meta property=\"og:title\" content=\"Grundst\u00fccke am Rupanco-See, Rupanco-Bucht - Osorno - Seengebiet\" \/>\n<meta property=\"og:description\" content=\"Parcelas Bah\u00eda Rupanco ist ein exklusives Projekt mit nur 7 Parzellen am Rupanco-See. Stadtn\u00e4he und unschlagbarer Panoramablick!\" \/>\n<meta property=\"og:url\" content=\"https:\/\/produncan.cl\/de\/produkt\/bahia-rupanco-grundstuecke\/\" \/>\n<meta property=\"og:site_name\" content=\"Produncan\" \/>\n<meta property=\"article:publisher\" content=\"https:\/\/web.facebook.com\/produncanland\" \/>\n<meta property=\"article:modified_time\" content=\"2025-12-26T20:19:55+00:00\" \/>\n<meta property=\"og:image\" content=\"https:\/\/produncan.cl\/wp-content\/uploads\/2022\/05\/Parcelas-Bahia-Rupanco-1.webp\" \/>\n\t<meta property=\"og:image:width\" content=\"600\" \/>\n\t<meta property=\"og:image:height\" content=\"450\" \/>\n\t<meta property=\"og:image:type\" content=\"image\/webp\" \/>\n<meta name=\"twitter:card\" content=\"summary_large_image\" \/>\n<meta name=\"twitter:label1\" content=\"Price\" \/>\n\t<meta name=\"twitter:data1\" content=\"USD274.000,00\" \/>\n\t<meta name=\"twitter:label2\" content=\"Availability\" \/>\n\t<meta name=\"twitter:data2\" content=\"In stock\" \/>\n<script type=\"application\/ld+json\" class=\"yoast-schema-graph\">{\"@context\":\"https:\\\/\\\/schema.org\",\"@graph\":[{\"@type\":\"WebPage\",\"@id\":\"https:\\\/\\\/produncan.cl\\\/de\\\/produkt\\\/bahia-rupanco-grundstuecke\\\/\",\"url\":\"https:\\\/\\\/produncan.cl\\\/de\\\/produkt\\\/bahia-rupanco-grundstuecke\\\/\",\"name\":\"Grundst\u00fccke am Rupanco-See, Osorno, Region Los Lagos\",\"isPartOf\":{\"@id\":\"https:\\\/\\\/produncan.cl\\\/de\\\/#website\"},\"primaryImageOfPage\":{\"@id\":\"https:\\\/\\\/produncan.cl\\\/de\\\/produkt\\\/bahia-rupanco-grundstuecke\\\/#primaryimage\"},\"image\":{\"@id\":\"https:\\\/\\\/produncan.cl\\\/de\\\/produkt\\\/bahia-rupanco-grundstuecke\\\/#primaryimage\"},\"thumbnailUrl\":\"https:\\\/\\\/produncan.cl\\\/wp-content\\\/uploads\\\/2022\\\/05\\\/Parcelas-Bahia-Rupanco-1.webp\",\"datePublished\":\"2024-05-07T16:44:03+00:00\",\"dateModified\":\"2025-12-26T20:19:55+00:00\",\"description\":\"Parcelas Bah\u00eda Rupanco ist ein exklusives Projekt mit nur 7 Parzellen am Rupanco-See. Stadtn\u00e4he und unschlagbarer Panoramablick!\",\"breadcrumb\":{\"@id\":\"https:\\\/\\\/produncan.cl\\\/de\\\/produkt\\\/bahia-rupanco-grundstuecke\\\/#breadcrumb\"},\"inLanguage\":\"de-DE\",\"potentialAction\":[{\"@type\":\"ReadAction\",\"target\":[\"https:\\\/\\\/produncan.cl\\\/de\\\/produkt\\\/bahia-rupanco-grundstuecke\\\/\"]}]},{\"@type\":\"ImageObject\",\"inLanguage\":\"de-DE\",\"@id\":\"https:\\\/\\\/produncan.cl\\\/de\\\/produkt\\\/bahia-rupanco-grundstuecke\\\/#primaryimage\",\"url\":\"https:\\\/\\\/produncan.cl\\\/wp-content\\\/uploads\\\/2022\\\/05\\\/Parcelas-Bahia-Rupanco-1.webp\",\"contentUrl\":\"https:\\\/\\\/produncan.cl\\\/wp-content\\\/uploads\\\/2022\\\/05\\\/Parcelas-Bahia-Rupanco-1.webp\",\"width\":600,\"height\":450,\"caption\":\"Grundst\u00fccke von Rupanco Bay\"},{\"@type\":\"BreadcrumbList\",\"@id\":\"https:\\\/\\\/produncan.cl\\\/de\\\/produkt\\\/bahia-rupanco-grundstuecke\\\/#breadcrumb\",\"itemListElement\":[{\"@type\":\"ListItem\",\"position\":1,\"name\":\"Inicio\",\"item\":\"https:\\\/\\\/produncan.cl\\\/de\\\/\"},{\"@type\":\"ListItem\",\"position\":2,\"name\":\"Eigenschaften\",\"item\":\"https:\\\/\\\/produncan.cl\\\/propiedades\\\/\"},{\"@type\":\"ListItem\",\"position\":3,\"name\":\"Grundst\u00fccke\",\"item\":\"https:\\\/\\\/produncan.cl\\\/de\\\/kategorie\\\/grundstuecke\\\/\"},{\"@type\":\"ListItem\",\"position\":4,\"name\":\"Grundst\u00fccke am Rupanco-See, Rupanco-Bucht &#8211; Osorno &#8211; Seengebiet\"}]},{\"@type\":\"WebSite\",\"@id\":\"https:\\\/\\\/produncan.cl\\\/de\\\/#website\",\"url\":\"https:\\\/\\\/produncan.cl\\\/de\\\/\",\"name\":\"Produncan\",\"description\":\"Wir begleiten Sie bei Ihrem Lebensprojekt!\",\"publisher\":{\"@id\":\"https:\\\/\\\/produncan.cl\\\/de\\\/#organization\"},\"potentialAction\":[{\"@type\":\"SearchAction\",\"target\":{\"@type\":\"EntryPoint\",\"urlTemplate\":\"https:\\\/\\\/produncan.cl\\\/de\\\/?s={search_term_string}\"},\"query-input\":{\"@type\":\"PropertyValueSpecification\",\"valueRequired\":true,\"valueName\":\"search_term_string\"}}],\"inLanguage\":\"de-DE\"},{\"@type\":\"Organization\",\"@id\":\"https:\\\/\\\/produncan.cl\\\/de\\\/#organization\",\"name\":\"Produncan\",\"url\":\"https:\\\/\\\/produncan.cl\\\/de\\\/\",\"logo\":{\"@type\":\"ImageObject\",\"inLanguage\":\"de-DE\",\"@id\":\"https:\\\/\\\/produncan.cl\\\/de\\\/#\\\/schema\\\/logo\\\/image\\\/\",\"url\":\"https:\\\/\\\/produncan.cl\\\/wp-content\\\/uploads\\\/2021\\\/03\\\/LOGO.jpeg\",\"contentUrl\":\"https:\\\/\\\/produncan.cl\\\/wp-content\\\/uploads\\\/2021\\\/03\\\/LOGO.jpeg\",\"width\":1280,\"height\":903,\"caption\":\"Produncan\"},\"image\":{\"@id\":\"https:\\\/\\\/produncan.cl\\\/de\\\/#\\\/schema\\\/logo\\\/image\\\/\"},\"sameAs\":[\"https:\\\/\\\/web.facebook.com\\\/produncanland\",\"https:\\\/\\\/www.instagram.com\\\/pro_duncan\\\/\",\"https:\\\/\\\/www.linkedin.com\\\/company\\\/produncan-lands\\\/\",\"https:\\\/\\\/www.youtube.com\\\/channel\\\/UCu7N-f3x0svkazD-Eew1-QQ\"],\"description\":\"En Produncan somos especialistas en la venta de terrenos en el sur de Chile. Proveemos estancias, campos, parcelas y hoteles.\",\"email\":\"info@produncan.cl\"}]}<\/script>\n<meta property=\"og:video\" content=\"https:\/\/www.youtube.com\/embed\/6ebuE9IU7XU\" \/>\n<meta property=\"og:video:type\" content=\"text\/html\" \/>\n<meta property=\"og:video:duration\" content=\"62\" \/>\n<meta property=\"og:video:width\" content=\"480\" \/>\n<meta property=\"og:video:height\" content=\"360\" \/>\n<meta property=\"ya:ovs:adult\" content=\"false\" \/>\n<meta property=\"ya:ovs:upload_date\" content=\"2024-05-07T16:44:03+00:00\" \/>\n<meta property=\"ya:ovs:allow_embed\" content=\"true\" \/>\n<meta property=\"product:price:amount\" content=\"274000.00\" \/>\n<meta property=\"product:price:currency\" content=\"USD\" \/>\n<meta property=\"og:availability\" content=\"instock\" \/>\n<meta property=\"product:availability\" content=\"instock\" \/>\n<meta property=\"product:condition\" content=\"new\" \/>\n<!-- \/ Yoast SEO Premium plugin. -->","yoast_head_json":{"title":"Grundst\u00fccke am Rupanco-See, Osorno, Region Los Lagos","description":"Parcelas Bah\u00eda Rupanco ist ein exklusives Projekt mit nur 7 Parzellen am Rupanco-See. Stadtn\u00e4he und unschlagbarer Panoramablick!","robots":{"index":"index","follow":"follow","max-snippet":"max-snippet:-1","max-image-preview":"max-image-preview:large","max-video-preview":"max-video-preview:-1"},"canonical":"https:\/\/produncan.cl\/de\/produkt\/bahia-rupanco-grundstuecke\/","og_locale":"de_DE","og_type":"article","og_title":"Grundst\u00fccke am Rupanco-See, Rupanco-Bucht - Osorno - Seengebiet","og_description":"Parcelas Bah\u00eda Rupanco ist ein exklusives Projekt mit nur 7 Parzellen am Rupanco-See. Stadtn\u00e4he und unschlagbarer Panoramablick!","og_url":"https:\/\/produncan.cl\/de\/produkt\/bahia-rupanco-grundstuecke\/","og_site_name":"Produncan","article_publisher":"https:\/\/web.facebook.com\/produncanland","article_modified_time":"2025-12-26T20:19:55+00:00","og_image":[{"width":600,"height":450,"url":"https:\/\/produncan.cl\/wp-content\/uploads\/2022\/05\/Parcelas-Bahia-Rupanco-1.webp","type":"image\/webp"}],"twitter_card":"summary_large_image","twitter_misc":{"Price":"USD274.000,00","Availability":"In stock"},"schema":{"@context":"https:\/\/schema.org","@graph":[{"@type":"WebPage","@id":"https:\/\/produncan.cl\/de\/produkt\/bahia-rupanco-grundstuecke\/","url":"https:\/\/produncan.cl\/de\/produkt\/bahia-rupanco-grundstuecke\/","name":"Grundst\u00fccke am Rupanco-See, Osorno, Region Los Lagos","isPartOf":{"@id":"https:\/\/produncan.cl\/de\/#website"},"primaryImageOfPage":{"@id":"https:\/\/produncan.cl\/de\/produkt\/bahia-rupanco-grundstuecke\/#primaryimage"},"image":{"@id":"https:\/\/produncan.cl\/de\/produkt\/bahia-rupanco-grundstuecke\/#primaryimage"},"thumbnailUrl":"https:\/\/produncan.cl\/wp-content\/uploads\/2022\/05\/Parcelas-Bahia-Rupanco-1.webp","datePublished":"2024-05-07T16:44:03+00:00","dateModified":"2025-12-26T20:19:55+00:00","description":"Parcelas Bah\u00eda Rupanco ist ein exklusives Projekt mit nur 7 Parzellen am Rupanco-See. Stadtn\u00e4he und unschlagbarer Panoramablick!","breadcrumb":{"@id":"https:\/\/produncan.cl\/de\/produkt\/bahia-rupanco-grundstuecke\/#breadcrumb"},"inLanguage":"de-DE","potentialAction":[{"@type":"ReadAction","target":["https:\/\/produncan.cl\/de\/produkt\/bahia-rupanco-grundstuecke\/"]}]},{"@type":"ImageObject","inLanguage":"de-DE","@id":"https:\/\/produncan.cl\/de\/produkt\/bahia-rupanco-grundstuecke\/#primaryimage","url":"https:\/\/produncan.cl\/wp-content\/uploads\/2022\/05\/Parcelas-Bahia-Rupanco-1.webp","contentUrl":"https:\/\/produncan.cl\/wp-content\/uploads\/2022\/05\/Parcelas-Bahia-Rupanco-1.webp","width":600,"height":450,"caption":"Grundst\u00fccke von Rupanco Bay"},{"@type":"BreadcrumbList","@id":"https:\/\/produncan.cl\/de\/produkt\/bahia-rupanco-grundstuecke\/#breadcrumb","itemListElement":[{"@type":"ListItem","position":1,"name":"Inicio","item":"https:\/\/produncan.cl\/de\/"},{"@type":"ListItem","position":2,"name":"Eigenschaften","item":"https:\/\/produncan.cl\/propiedades\/"},{"@type":"ListItem","position":3,"name":"Grundst\u00fccke","item":"https:\/\/produncan.cl\/de\/kategorie\/grundstuecke\/"},{"@type":"ListItem","position":4,"name":"Grundst\u00fccke am Rupanco-See, Rupanco-Bucht &#8211; Osorno &#8211; Seengebiet"}]},{"@type":"WebSite","@id":"https:\/\/produncan.cl\/de\/#website","url":"https:\/\/produncan.cl\/de\/","name":"Produncan","description":"Wir begleiten Sie bei Ihrem Lebensprojekt!","publisher":{"@id":"https:\/\/produncan.cl\/de\/#organization"},"potentialAction":[{"@type":"SearchAction","target":{"@type":"EntryPoint","urlTemplate":"https:\/\/produncan.cl\/de\/?s={search_term_string}"},"query-input":{"@type":"PropertyValueSpecification","valueRequired":true,"valueName":"search_term_string"}}],"inLanguage":"de-DE"},{"@type":"Organization","@id":"https:\/\/produncan.cl\/de\/#organization","name":"Produncan","url":"https:\/\/produncan.cl\/de\/","logo":{"@type":"ImageObject","inLanguage":"de-DE","@id":"https:\/\/produncan.cl\/de\/#\/schema\/logo\/image\/","url":"https:\/\/produncan.cl\/wp-content\/uploads\/2021\/03\/LOGO.jpeg","contentUrl":"https:\/\/produncan.cl\/wp-content\/uploads\/2021\/03\/LOGO.jpeg","width":1280,"height":903,"caption":"Produncan"},"image":{"@id":"https:\/\/produncan.cl\/de\/#\/schema\/logo\/image\/"},"sameAs":["https:\/\/web.facebook.com\/produncanland","https:\/\/www.instagram.com\/pro_duncan\/","https:\/\/www.linkedin.com\/company\/produncan-lands\/","https:\/\/www.youtube.com\/channel\/UCu7N-f3x0svkazD-Eew1-QQ"],"description":"En Produncan somos especialistas en la venta de terrenos en el sur de Chile. Proveemos estancias, campos, parcelas y hoteles.","email":"info@produncan.cl"}]},"og_video":"https:\/\/www.youtube.com\/embed\/6ebuE9IU7XU","og_video_type":"text\/html","og_video_duration":"62","og_video_width":"480","og_video_height":"360","ya_ovs_adult":"false","ya_ovs_upload_date":"2024-05-07T16:44:03+00:00","ya_ovs_allow_embed":"true","product_price_amount":"274000.00","product_price_currency":"USD","og_availability":"instock","product_availability":"instock","product_condition":"new"},"_links":{"self":[{"href":"https:\/\/produncan.cl\/de\/wp-json\/wp\/v2\/product\/7505","targetHints":{"allow":["GET"]}}],"collection":[{"href":"https:\/\/produncan.cl\/de\/wp-json\/wp\/v2\/product"}],"about":[{"href":"https:\/\/produncan.cl\/de\/wp-json\/wp\/v2\/types\/product"}],"version-history":[{"count":1,"href":"https:\/\/produncan.cl\/de\/wp-json\/wp\/v2\/product\/7505\/revisions"}],"predecessor-version":[{"id":54136,"href":"https:\/\/produncan.cl\/de\/wp-json\/wp\/v2\/product\/7505\/revisions\/54136"}],"wp:featuredmedia":[{"embeddable":true,"href":"https:\/\/produncan.cl\/de\/wp-json\/wp\/v2\/media\/5498"}],"wp:attachment":[{"href":"https:\/\/produncan.cl\/de\/wp-json\/wp\/v2\/media?parent=7505"}],"wp:term":[{"taxonomy":"product_brand","embeddable":true,"href":"https:\/\/produncan.cl\/de\/wp-json\/wp\/v2\/product_brand?post=7505"},{"taxonomy":"product_cat","embeddable":true,"href":"https:\/\/produncan.cl\/de\/wp-json\/wp\/v2\/product_cat?post=7505"},{"taxonomy":"product_tag","embeddable":true,"href":"https:\/\/produncan.cl\/de\/wp-json\/wp\/v2\/product_tag?post=7505"},{"taxonomy":"regiones","embeddable":true,"href":"https:\/\/produncan.cl\/de\/wp-json\/wp\/v2\/regiones?post=7505"},{"taxonomy":"ciudades","embeddable":true,"href":"https:\/\/produncan.cl\/de\/wp-json\/wp\/v2\/ciudades?post=7505"}],"curies":[{"name":"wp","href":"https:\/\/api.w.org\/{rel}","templated":true}]}}