{"id":7514,"date":"2021-05-06T12:38:43","date_gmt":"2021-05-06T16:38:43","guid":{"rendered":"https:\/\/produncan.cl\/producto\/terrazas-de-dalcahue-entwicklung\/"},"modified":"2025-08-07T16:52:56","modified_gmt":"2025-08-07T20:52:56","slug":"loteo-terrazas-de-dalcahue","status":"publish","type":"product","link":"https:\/\/produncan.cl\/de\/produkt\/loteo-terrazas-de-dalcahue\/","title":{"rendered":"&#8220;Loteo Terrazas de Dalcahue &#8211; Chilo\u00e9&#8221;"},"content":{"rendered":"<p><span style=\"color: #fb1212;\"><a style=\"color: #fb1212;\" href=\"https:\/\/www.instagram.com\/tv\/CPOo1huncRL\/?hl=es-la\">VIDEO AUF INSTAGRAM ANSEHEN<\/a><\/span><\/p>\n<h2>M\u00f6chten Sie in der N\u00e4he des Flughafens und der Route 5 in Chiloe wohnen? Terrazas de Dalcahue ist f\u00fcr Sie!<\/h2>\n<p>Das Projekt liegt am Ufer des Lengu\u00e9-Flusses, inmitten von B\u00e4chen und Quellen, einheimischer Vegetation und einheimischem Wald mit einer reichen Tierwelt (Pud\u00fa, Chinchilla, Chilote-Fuchs, Spechte, Chucaos, Eisv\u00f6gel u.a.). Es liegt 37 Minuten vom Zentrum von Castro, 15 Minuten vom Flughafen und nur einen Steinwurf von der Route 5 entfernt, in einer strategischen Lage inmitten eines wahren Naturparks. Das Projekt umfasst die Bereitstellung von Stromanschl\u00fcssen f\u00fcr jedes Grundst\u00fcck, ein gemeinsames Erholungsgebiet mit einem Park am Flussufer, ausgezeichnete innere Stra\u00dfen mit Solarbeleuchtung und eine Erschlie\u00dfungszeit von 36 Monaten. Die Preise pro Grundst\u00fcck sind nach Grundst\u00fcckstyp, Gr\u00f6\u00dfe und Beschreibung aufgeteilt: Mindestwert $7.900.000, Durchschnittswert pro Grundst\u00fcck $12.500.000 und H\u00f6chstwert $21.500.000. Es ist auch das 1. Immobilienprojekt in Chile, das \u20bf Kryptow\u00e4hrungen als Zahlungsmittel akzeptiert!<\/p>\n","protected":false},"excerpt":{"rendered":"<p>&#8220;Perfektes Projekt in Chilo\u00e9. 15 Minuten vom Flughafen und in der N\u00e4he der Ruta5.&#8221;<\/p>\n","protected":false},"featured_media":6006,"template":"","meta":{"_acf_changed":false},"product_brand":[],"product_cat":[104],"product_tag":[],"regiones":[226],"ciudades":[],"class_list":{"0":"post-7514","1":"product","2":"type-product","3":"status-publish","4":"has-post-thumbnail","6":"product_cat-ohiggins-los-lagos","7":"regiones-nuble-los_lagos","9":"first","10":"outofstock","11":"sold-individually","12":"shipping-taxable","13":"purchasable","14":"product-type-simple"},"acf":[],"yoast_head":"<!-- This site is optimized with the Yoast SEO Premium plugin v26.0 (Yoast SEO v27.4) - https:\/\/yoast.com\/product\/yoast-seo-premium-wordpress\/ -->\n<title>&quot;Loteo Terrazas de Dalcahue - Chilo\u00e9&quot; - Produncan<\/title>\n<meta name=\"description\" content=\"&quot;Dieses strategisch g\u00fcnstig gelegene Projekt ist ideal f\u00fcr diejenigen, die in Chilo\u00e9 leben m\u00f6chten und gleichzeitig hervorragend angebunden sein wollen.&quot;\" \/>\n<meta name=\"robots\" content=\"index, follow, max-snippet:-1, max-image-preview:large, max-video-preview:-1\" \/>\n<link rel=\"canonical\" href=\"https:\/\/produncan.cl\/de\/produkt\/loteo-terrazas-de-dalcahue\/\" \/>\n<meta property=\"og:locale\" content=\"de_DE\" \/>\n<meta property=\"og:type\" content=\"article\" \/>\n<meta property=\"og:title\" content=\"&quot;Loteo Terrazas de Dalcahue - Chilo\u00e9&quot;\" \/>\n<meta property=\"og:description\" content=\"&quot;Dieses strategisch g\u00fcnstig gelegene Projekt ist ideal f\u00fcr diejenigen, die in Chilo\u00e9 leben m\u00f6chten und gleichzeitig hervorragend angebunden sein wollen.&quot;\" \/>\n<meta property=\"og:url\" content=\"https:\/\/produncan.cl\/de\/produkt\/loteo-terrazas-de-dalcahue\/\" \/>\n<meta property=\"og:site_name\" content=\"Produncan\" \/>\n<meta property=\"article:publisher\" content=\"https:\/\/web.facebook.com\/produncanland\" \/>\n<meta property=\"article:modified_time\" content=\"2025-08-07T20:52:56+00:00\" \/>\n<meta property=\"og:image\" content=\"https:\/\/produncan.cl\/wp-content\/uploads\/2022\/05\/Terrazas-de-Dalcahue-vendido.webp\" \/>\n\t<meta property=\"og:image:width\" content=\"600\" \/>\n\t<meta property=\"og:image:height\" content=\"450\" \/>\n\t<meta property=\"og:image:type\" content=\"image\/webp\" \/>\n<meta name=\"twitter:card\" content=\"summary_large_image\" \/>\n<meta name=\"twitter:label1\" content=\"Price\" \/>\n\t<meta name=\"twitter:data1\" content=\"USD14.200,00\" \/>\n\t<meta name=\"twitter:label2\" content=\"Availability\" \/>\n\t<meta name=\"twitter:data2\" content=\"Out of stock\" \/>\n<script type=\"application\/ld+json\" class=\"yoast-schema-graph\">{\"@context\":\"https:\\\/\\\/schema.org\",\"@graph\":[{\"@type\":\"WebPage\",\"@id\":\"https:\\\/\\\/produncan.cl\\\/de\\\/produkt\\\/loteo-terrazas-de-dalcahue\\\/\",\"url\":\"https:\\\/\\\/produncan.cl\\\/de\\\/produkt\\\/loteo-terrazas-de-dalcahue\\\/\",\"name\":\"\\\"Loteo Terrazas de Dalcahue - Chilo\u00e9\\\" - Produncan\",\"isPartOf\":{\"@id\":\"https:\\\/\\\/produncan.cl\\\/de\\\/#website\"},\"primaryImageOfPage\":{\"@id\":\"https:\\\/\\\/produncan.cl\\\/de\\\/produkt\\\/loteo-terrazas-de-dalcahue\\\/#primaryimage\"},\"image\":{\"@id\":\"https:\\\/\\\/produncan.cl\\\/de\\\/produkt\\\/loteo-terrazas-de-dalcahue\\\/#primaryimage\"},\"thumbnailUrl\":\"https:\\\/\\\/produncan.cl\\\/wp-content\\\/uploads\\\/2022\\\/05\\\/Terrazas-de-Dalcahue-vendido.webp\",\"datePublished\":\"2021-05-06T16:38:43+00:00\",\"dateModified\":\"2025-08-07T20:52:56+00:00\",\"description\":\"\\\"Dieses strategisch g\u00fcnstig gelegene Projekt ist ideal f\u00fcr diejenigen, die in Chilo\u00e9 leben m\u00f6chten und gleichzeitig hervorragend angebunden sein wollen.\\\"\",\"breadcrumb\":{\"@id\":\"https:\\\/\\\/produncan.cl\\\/de\\\/produkt\\\/loteo-terrazas-de-dalcahue\\\/#breadcrumb\"},\"inLanguage\":\"de-DE\",\"potentialAction\":[{\"@type\":\"ReadAction\",\"target\":[\"https:\\\/\\\/produncan.cl\\\/de\\\/produkt\\\/loteo-terrazas-de-dalcahue\\\/\"]}]},{\"@type\":\"ImageObject\",\"inLanguage\":\"de-DE\",\"@id\":\"https:\\\/\\\/produncan.cl\\\/de\\\/produkt\\\/loteo-terrazas-de-dalcahue\\\/#primaryimage\",\"url\":\"https:\\\/\\\/produncan.cl\\\/wp-content\\\/uploads\\\/2022\\\/05\\\/Terrazas-de-Dalcahue-vendido.webp\",\"contentUrl\":\"https:\\\/\\\/produncan.cl\\\/wp-content\\\/uploads\\\/2022\\\/05\\\/Terrazas-de-Dalcahue-vendido.webp\",\"width\":600,\"height\":450,\"caption\":\"Terrazas-de-Dalcahue-Verkauf\"},{\"@type\":\"BreadcrumbList\",\"@id\":\"https:\\\/\\\/produncan.cl\\\/de\\\/produkt\\\/loteo-terrazas-de-dalcahue\\\/#breadcrumb\",\"itemListElement\":[{\"@type\":\"ListItem\",\"position\":1,\"name\":\"Inicio\",\"item\":\"https:\\\/\\\/produncan.cl\\\/de\\\/\"},{\"@type\":\"ListItem\",\"position\":2,\"name\":\"Eigenschaften\",\"item\":\"https:\\\/\\\/produncan.cl\\\/propiedades\\\/\"},{\"@type\":\"ListItem\",\"position\":3,\"name\":\"&#8220;Loteo Terrazas de Dalcahue &#8211; Chilo\u00e9&#8221;\"}]},{\"@type\":\"WebSite\",\"@id\":\"https:\\\/\\\/produncan.cl\\\/de\\\/#website\",\"url\":\"https:\\\/\\\/produncan.cl\\\/de\\\/\",\"name\":\"Produncan\",\"description\":\"Wir begleiten Sie bei Ihrem Lebensprojekt!\",\"publisher\":{\"@id\":\"https:\\\/\\\/produncan.cl\\\/de\\\/#organization\"},\"potentialAction\":[{\"@type\":\"SearchAction\",\"target\":{\"@type\":\"EntryPoint\",\"urlTemplate\":\"https:\\\/\\\/produncan.cl\\\/de\\\/?s={search_term_string}\"},\"query-input\":{\"@type\":\"PropertyValueSpecification\",\"valueRequired\":true,\"valueName\":\"search_term_string\"}}],\"inLanguage\":\"de-DE\"},{\"@type\":\"Organization\",\"@id\":\"https:\\\/\\\/produncan.cl\\\/de\\\/#organization\",\"name\":\"Produncan\",\"url\":\"https:\\\/\\\/produncan.cl\\\/de\\\/\",\"logo\":{\"@type\":\"ImageObject\",\"inLanguage\":\"de-DE\",\"@id\":\"https:\\\/\\\/produncan.cl\\\/de\\\/#\\\/schema\\\/logo\\\/image\\\/\",\"url\":\"https:\\\/\\\/produncan.cl\\\/wp-content\\\/uploads\\\/2021\\\/03\\\/LOGO.jpeg\",\"contentUrl\":\"https:\\\/\\\/produncan.cl\\\/wp-content\\\/uploads\\\/2021\\\/03\\\/LOGO.jpeg\",\"width\":1280,\"height\":903,\"caption\":\"Produncan\"},\"image\":{\"@id\":\"https:\\\/\\\/produncan.cl\\\/de\\\/#\\\/schema\\\/logo\\\/image\\\/\"},\"sameAs\":[\"https:\\\/\\\/web.facebook.com\\\/produncanland\",\"https:\\\/\\\/www.instagram.com\\\/pro_duncan\\\/\",\"https:\\\/\\\/www.linkedin.com\\\/company\\\/produncan-lands\\\/\",\"https:\\\/\\\/www.youtube.com\\\/channel\\\/UCu7N-f3x0svkazD-Eew1-QQ\"],\"description\":\"En Produncan somos especialistas en la venta de terrenos en el sur de Chile. Proveemos estancias, campos, parcelas y hoteles.\",\"email\":\"info@produncan.cl\"}]}<\/script>\n<meta property=\"og:video\" content=\"https:\/\/www.youtube.com\/embed\/4SZAEusQqv8\" \/>\n<meta property=\"og:video:type\" content=\"text\/html\" \/>\n<meta property=\"og:video:duration\" content=\"61\" \/>\n<meta property=\"og:video:width\" content=\"480\" \/>\n<meta property=\"og:video:height\" content=\"360\" \/>\n<meta property=\"ya:ovs:adult\" content=\"false\" \/>\n<meta property=\"ya:ovs:upload_date\" content=\"2021-05-06T16:38:43+00:00\" \/>\n<meta property=\"ya:ovs:allow_embed\" content=\"true\" \/>\n<meta property=\"product:price:amount\" content=\"14200.00\" \/>\n<meta property=\"product:price:currency\" content=\"USD\" \/>\n<meta property=\"og:availability\" content=\"out of stock\" \/>\n<meta property=\"product:availability\" content=\"out of stock\" \/>\n<meta property=\"product:condition\" content=\"new\" \/>\n<!-- \/ Yoast SEO Premium plugin. -->","yoast_head_json":{"title":"\"Loteo Terrazas de Dalcahue - Chilo\u00e9\" - Produncan","description":"\"Dieses strategisch g\u00fcnstig gelegene Projekt ist ideal f\u00fcr diejenigen, die in Chilo\u00e9 leben m\u00f6chten und gleichzeitig hervorragend angebunden sein wollen.\"","robots":{"index":"index","follow":"follow","max-snippet":"max-snippet:-1","max-image-preview":"max-image-preview:large","max-video-preview":"max-video-preview:-1"},"canonical":"https:\/\/produncan.cl\/de\/produkt\/loteo-terrazas-de-dalcahue\/","og_locale":"de_DE","og_type":"article","og_title":"\"Loteo Terrazas de Dalcahue - Chilo\u00e9\"","og_description":"\"Dieses strategisch g\u00fcnstig gelegene Projekt ist ideal f\u00fcr diejenigen, die in Chilo\u00e9 leben m\u00f6chten und gleichzeitig hervorragend angebunden sein wollen.\"","og_url":"https:\/\/produncan.cl\/de\/produkt\/loteo-terrazas-de-dalcahue\/","og_site_name":"Produncan","article_publisher":"https:\/\/web.facebook.com\/produncanland","article_modified_time":"2025-08-07T20:52:56+00:00","og_image":[{"width":600,"height":450,"url":"https:\/\/produncan.cl\/wp-content\/uploads\/2022\/05\/Terrazas-de-Dalcahue-vendido.webp","type":"image\/webp"}],"twitter_card":"summary_large_image","twitter_misc":{"Price":"USD14.200,00","Availability":"Out of stock"},"schema":{"@context":"https:\/\/schema.org","@graph":[{"@type":"WebPage","@id":"https:\/\/produncan.cl\/de\/produkt\/loteo-terrazas-de-dalcahue\/","url":"https:\/\/produncan.cl\/de\/produkt\/loteo-terrazas-de-dalcahue\/","name":"\"Loteo Terrazas de Dalcahue - Chilo\u00e9\" - Produncan","isPartOf":{"@id":"https:\/\/produncan.cl\/de\/#website"},"primaryImageOfPage":{"@id":"https:\/\/produncan.cl\/de\/produkt\/loteo-terrazas-de-dalcahue\/#primaryimage"},"image":{"@id":"https:\/\/produncan.cl\/de\/produkt\/loteo-terrazas-de-dalcahue\/#primaryimage"},"thumbnailUrl":"https:\/\/produncan.cl\/wp-content\/uploads\/2022\/05\/Terrazas-de-Dalcahue-vendido.webp","datePublished":"2021-05-06T16:38:43+00:00","dateModified":"2025-08-07T20:52:56+00:00","description":"\"Dieses strategisch g\u00fcnstig gelegene Projekt ist ideal f\u00fcr diejenigen, die in Chilo\u00e9 leben m\u00f6chten und gleichzeitig hervorragend angebunden sein wollen.\"","breadcrumb":{"@id":"https:\/\/produncan.cl\/de\/produkt\/loteo-terrazas-de-dalcahue\/#breadcrumb"},"inLanguage":"de-DE","potentialAction":[{"@type":"ReadAction","target":["https:\/\/produncan.cl\/de\/produkt\/loteo-terrazas-de-dalcahue\/"]}]},{"@type":"ImageObject","inLanguage":"de-DE","@id":"https:\/\/produncan.cl\/de\/produkt\/loteo-terrazas-de-dalcahue\/#primaryimage","url":"https:\/\/produncan.cl\/wp-content\/uploads\/2022\/05\/Terrazas-de-Dalcahue-vendido.webp","contentUrl":"https:\/\/produncan.cl\/wp-content\/uploads\/2022\/05\/Terrazas-de-Dalcahue-vendido.webp","width":600,"height":450,"caption":"Terrazas-de-Dalcahue-Verkauf"},{"@type":"BreadcrumbList","@id":"https:\/\/produncan.cl\/de\/produkt\/loteo-terrazas-de-dalcahue\/#breadcrumb","itemListElement":[{"@type":"ListItem","position":1,"name":"Inicio","item":"https:\/\/produncan.cl\/de\/"},{"@type":"ListItem","position":2,"name":"Eigenschaften","item":"https:\/\/produncan.cl\/propiedades\/"},{"@type":"ListItem","position":3,"name":"&#8220;Loteo Terrazas de Dalcahue &#8211; Chilo\u00e9&#8221;"}]},{"@type":"WebSite","@id":"https:\/\/produncan.cl\/de\/#website","url":"https:\/\/produncan.cl\/de\/","name":"Produncan","description":"Wir begleiten Sie bei Ihrem Lebensprojekt!","publisher":{"@id":"https:\/\/produncan.cl\/de\/#organization"},"potentialAction":[{"@type":"SearchAction","target":{"@type":"EntryPoint","urlTemplate":"https:\/\/produncan.cl\/de\/?s={search_term_string}"},"query-input":{"@type":"PropertyValueSpecification","valueRequired":true,"valueName":"search_term_string"}}],"inLanguage":"de-DE"},{"@type":"Organization","@id":"https:\/\/produncan.cl\/de\/#organization","name":"Produncan","url":"https:\/\/produncan.cl\/de\/","logo":{"@type":"ImageObject","inLanguage":"de-DE","@id":"https:\/\/produncan.cl\/de\/#\/schema\/logo\/image\/","url":"https:\/\/produncan.cl\/wp-content\/uploads\/2021\/03\/LOGO.jpeg","contentUrl":"https:\/\/produncan.cl\/wp-content\/uploads\/2021\/03\/LOGO.jpeg","width":1280,"height":903,"caption":"Produncan"},"image":{"@id":"https:\/\/produncan.cl\/de\/#\/schema\/logo\/image\/"},"sameAs":["https:\/\/web.facebook.com\/produncanland","https:\/\/www.instagram.com\/pro_duncan\/","https:\/\/www.linkedin.com\/company\/produncan-lands\/","https:\/\/www.youtube.com\/channel\/UCu7N-f3x0svkazD-Eew1-QQ"],"description":"En Produncan somos especialistas en la venta de terrenos en el sur de Chile. Proveemos estancias, campos, parcelas y hoteles.","email":"info@produncan.cl"}]},"og_video":"https:\/\/www.youtube.com\/embed\/4SZAEusQqv8","og_video_type":"text\/html","og_video_duration":"61","og_video_width":"480","og_video_height":"360","ya_ovs_adult":"false","ya_ovs_upload_date":"2021-05-06T16:38:43+00:00","ya_ovs_allow_embed":"true","product_price_amount":"14200.00","product_price_currency":"USD","og_availability":"out of stock","product_availability":"out of stock","product_condition":"new"},"_links":{"self":[{"href":"https:\/\/produncan.cl\/de\/wp-json\/wp\/v2\/product\/7514","targetHints":{"allow":["GET"]}}],"collection":[{"href":"https:\/\/produncan.cl\/de\/wp-json\/wp\/v2\/product"}],"about":[{"href":"https:\/\/produncan.cl\/de\/wp-json\/wp\/v2\/types\/product"}],"version-history":[{"count":0,"href":"https:\/\/produncan.cl\/de\/wp-json\/wp\/v2\/product\/7514\/revisions"}],"wp:featuredmedia":[{"embeddable":true,"href":"https:\/\/produncan.cl\/de\/wp-json\/wp\/v2\/media\/6006"}],"wp:attachment":[{"href":"https:\/\/produncan.cl\/de\/wp-json\/wp\/v2\/media?parent=7514"}],"wp:term":[{"taxonomy":"product_brand","embeddable":true,"href":"https:\/\/produncan.cl\/de\/wp-json\/wp\/v2\/product_brand?post=7514"},{"taxonomy":"product_cat","embeddable":true,"href":"https:\/\/produncan.cl\/de\/wp-json\/wp\/v2\/product_cat?post=7514"},{"taxonomy":"product_tag","embeddable":true,"href":"https:\/\/produncan.cl\/de\/wp-json\/wp\/v2\/product_tag?post=7514"},{"taxonomy":"regiones","embeddable":true,"href":"https:\/\/produncan.cl\/de\/wp-json\/wp\/v2\/regiones?post=7514"},{"taxonomy":"ciudades","embeddable":true,"href":"https:\/\/produncan.cl\/de\/wp-json\/wp\/v2\/ciudades?post=7514"}],"curies":[{"name":"wp","href":"https:\/\/api.w.org\/{rel}","templated":true}]}}