{"id":7563,"date":"2021-05-06T12:24:44","date_gmt":"2021-05-06T16:24:44","guid":{"rendered":"https:\/\/produncan.cl\/producto\/lager-el-manio-fresia\/"},"modified":"2025-08-07T16:52:59","modified_gmt":"2025-08-07T20:52:59","slug":"campo-el-manio-fresia","status":"publish","type":"product","link":"https:\/\/produncan.cl\/de\/produkt\/campo-el-manio-fresia\/","title":{"rendered":"&#8220;Feld 40ha El Ma\u00f1io Fresia &#8211; Region der Seen&#8221;"},"content":{"rendered":"<p><span style=\"color: #fb1212;\"><a style=\"color: #fb1212;\" href=\"https:\/\/www.instagram.com\/tv\/COqtxp-nJJW\/?hl=es-la\" target=\"_blank\" rel=\"noopener\">VIDEO AUF INSTAGRAM ANSEHEN<\/a><\/span><\/p>\n<h2>Dieser 40 ha gro\u00dfe Bauernhof ist so ausgestattet, dass Sie sofort einziehen k\u00f6nnen!<\/h2>\n<p>Es liegt 1 Stunde westlich von Puerto Varas und kann von Estaci\u00f3n R\u00edo Frio, Los Muermos oder Fresia \u00fcber eine asphaltierte Stra\u00dfe erreicht werden, die bis zu 5 km vom Standort entfernt ist. Dann geht es weiter auf einer Schotterstra\u00dfe in gutem Zustand, die bald gr\u00f6\u00dftenteils asphaltiert wird.<\/p>\n<p>Der Bauernhof verf\u00fcgt \u00fcber ein 66 m2 gro\u00dfes Haus mit L\u00e4rchenschindeln, eine 42 m2 gro\u00dfe H\u00fctte, zwei Schuppen von 105 m2 bzw. 48 m2, einen 24 m2 gro\u00dfen Weinkeller, einen kleinen Stall und ein Gew\u00e4chshaus.<\/p>\n<p>Es gibt Strom bis zum Haus, Quellwasser, eine M\u00fcndung in \u00be der Umgebung, Obstb\u00e4ume: Apfel-, Pflaumen-, Kirsch- und Sauerkirschb\u00e4ume und einen Anteil von 50 % bis 50 % an einheimischen B\u00e4umen, mit herrlichem Blick auf die Estaci\u00f3n R\u00edo Frio und Los Muermos.<br \/>\nIm Wald gibt es Canelo, Ciruelillo, Rodal, Ulmo, Array\u00e1n, Luma, Meli, Lingue, Tepa und Ma\u00f1\u00edo.<\/p>\n<p>In der N\u00e4he gibt es ein Postamt, einen Minimarkt, eine Schule und eine Kirche. An seiner K\u00fcste k\u00f6nnen Sie paradiesische Orte wie den Strand Llico bajo, Puerto Godoy, Quenir und Caleta Estaquilla erreichen.<br \/>\nEIN FANTASTISCHER ORT F\u00dcR EIN GROSSARTIGES PROJEKT!<\/p>\n","protected":false},"excerpt":{"rendered":"<p>&#8220;Feld in der N\u00e4he von Bahnhof R\u00edo Frio. Voll ausgestattet. Panoramablick.&#8221;<\/p>\n","protected":false},"featured_media":4006,"template":"","meta":{"_acf_changed":false},"product_brand":[],"product_cat":[104],"product_tag":[],"regiones":[226],"ciudades":[],"class_list":{"0":"post-7563","1":"product","2":"type-product","3":"status-publish","4":"has-post-thumbnail","6":"product_cat-ohiggins-los-lagos","7":"regiones-nuble-los_lagos","9":"first","10":"outofstock","11":"sold-individually","12":"shipping-taxable","13":"purchasable","14":"product-type-simple"},"acf":[],"yoast_head":"<!-- This site is optimized with the Yoast SEO Premium plugin v26.0 (Yoast SEO v27.4) - https:\/\/yoast.com\/product\/yoast-seo-premium-wordpress\/ -->\n<title>&quot;Campo El Ma\u00f1\u00edo Fresia - Region Los Lagos - Produncan&quot;<\/title>\n<meta name=\"description\" content=\"&quot;Dieses 40 Hektar gro\u00dfe Feld in der N\u00e4he von Estaci\u00f3n R\u00edo Frio, Los Lagos, ist vollst\u00e4ndig ausgestattet, damit du dich sofort niederlassen kannst.&quot;\" \/>\n<meta name=\"robots\" content=\"index, follow, max-snippet:-1, max-image-preview:large, max-video-preview:-1\" \/>\n<link rel=\"canonical\" href=\"https:\/\/produncan.cl\/de\/produkt\/campo-el-manio-fresia\/\" \/>\n<meta property=\"og:locale\" content=\"de_DE\" \/>\n<meta property=\"og:type\" content=\"article\" \/>\n<meta property=\"og:title\" content=\"&quot;Feld 40ha El Ma\u00f1io Fresia - Region der Seen&quot;\" \/>\n<meta property=\"og:description\" content=\"&quot;Dieses 40 Hektar gro\u00dfe Feld in der N\u00e4he von Estaci\u00f3n R\u00edo Frio, Los Lagos, ist vollst\u00e4ndig ausgestattet, damit du dich sofort niederlassen kannst.&quot;\" \/>\n<meta property=\"og:url\" content=\"https:\/\/produncan.cl\/de\/produkt\/campo-el-manio-fresia\/\" \/>\n<meta property=\"og:site_name\" content=\"Produncan\" \/>\n<meta property=\"article:publisher\" content=\"https:\/\/web.facebook.com\/produncanland\" \/>\n<meta property=\"article:modified_time\" content=\"2025-08-07T20:52:59+00:00\" \/>\n<meta property=\"og:image\" content=\"https:\/\/produncan.cl\/wp-content\/uploads\/2022\/02\/Campo-El-Manio-Fresia-Vendido.webp\" \/>\n\t<meta property=\"og:image:width\" content=\"300\" \/>\n\t<meta property=\"og:image:height\" content=\"225\" \/>\n\t<meta property=\"og:image:type\" content=\"image\/webp\" \/>\n<meta name=\"twitter:card\" content=\"summary_large_image\" \/>\n<meta name=\"twitter:label1\" content=\"Price\" \/>\n\t<meta name=\"twitter:data1\" content=\"USD315.600,00\" \/>\n\t<meta name=\"twitter:label2\" content=\"Availability\" \/>\n\t<meta name=\"twitter:data2\" content=\"Out of stock\" \/>\n<script type=\"application\/ld+json\" class=\"yoast-schema-graph\">{\"@context\":\"https:\\\/\\\/schema.org\",\"@graph\":[{\"@type\":\"WebPage\",\"@id\":\"https:\\\/\\\/produncan.cl\\\/de\\\/produkt\\\/campo-el-manio-fresia\\\/\",\"url\":\"https:\\\/\\\/produncan.cl\\\/de\\\/produkt\\\/campo-el-manio-fresia\\\/\",\"name\":\"\\\"Campo El Ma\u00f1\u00edo Fresia - Region Los Lagos - Produncan\\\"\",\"isPartOf\":{\"@id\":\"https:\\\/\\\/produncan.cl\\\/de\\\/#website\"},\"primaryImageOfPage\":{\"@id\":\"https:\\\/\\\/produncan.cl\\\/de\\\/produkt\\\/campo-el-manio-fresia\\\/#primaryimage\"},\"image\":{\"@id\":\"https:\\\/\\\/produncan.cl\\\/de\\\/produkt\\\/campo-el-manio-fresia\\\/#primaryimage\"},\"thumbnailUrl\":\"https:\\\/\\\/produncan.cl\\\/wp-content\\\/uploads\\\/2022\\\/02\\\/Campo-El-Manio-Fresia-Vendido.webp\",\"datePublished\":\"2021-05-06T16:24:44+00:00\",\"dateModified\":\"2025-08-07T20:52:59+00:00\",\"description\":\"\\\"Dieses 40 Hektar gro\u00dfe Feld in der N\u00e4he von Estaci\u00f3n R\u00edo Frio, Los Lagos, ist vollst\u00e4ndig ausgestattet, damit du dich sofort niederlassen kannst.\\\"\",\"breadcrumb\":{\"@id\":\"https:\\\/\\\/produncan.cl\\\/de\\\/produkt\\\/campo-el-manio-fresia\\\/#breadcrumb\"},\"inLanguage\":\"de-DE\",\"potentialAction\":[{\"@type\":\"ReadAction\",\"target\":[\"https:\\\/\\\/produncan.cl\\\/de\\\/produkt\\\/campo-el-manio-fresia\\\/\"]}]},{\"@type\":\"ImageObject\",\"inLanguage\":\"de-DE\",\"@id\":\"https:\\\/\\\/produncan.cl\\\/de\\\/produkt\\\/campo-el-manio-fresia\\\/#primaryimage\",\"url\":\"https:\\\/\\\/produncan.cl\\\/wp-content\\\/uploads\\\/2022\\\/02\\\/Campo-El-Manio-Fresia-Vendido.webp\",\"contentUrl\":\"https:\\\/\\\/produncan.cl\\\/wp-content\\\/uploads\\\/2022\\\/02\\\/Campo-El-Manio-Fresia-Vendido.webp\",\"width\":300,\"height\":225,\"caption\":\"Feld El Ma\u00f1\u00edo Verkauft\"},{\"@type\":\"BreadcrumbList\",\"@id\":\"https:\\\/\\\/produncan.cl\\\/de\\\/produkt\\\/campo-el-manio-fresia\\\/#breadcrumb\",\"itemListElement\":[{\"@type\":\"ListItem\",\"position\":1,\"name\":\"Inicio\",\"item\":\"https:\\\/\\\/produncan.cl\\\/de\\\/\"},{\"@type\":\"ListItem\",\"position\":2,\"name\":\"Eigenschaften\",\"item\":\"https:\\\/\\\/produncan.cl\\\/propiedades\\\/\"},{\"@type\":\"ListItem\",\"position\":3,\"name\":\"&#8220;Feld 40ha El Ma\u00f1io Fresia &#8211; Region der Seen&#8221;\"}]},{\"@type\":\"WebSite\",\"@id\":\"https:\\\/\\\/produncan.cl\\\/de\\\/#website\",\"url\":\"https:\\\/\\\/produncan.cl\\\/de\\\/\",\"name\":\"Produncan\",\"description\":\"Wir begleiten Sie bei Ihrem Lebensprojekt!\",\"publisher\":{\"@id\":\"https:\\\/\\\/produncan.cl\\\/de\\\/#organization\"},\"potentialAction\":[{\"@type\":\"SearchAction\",\"target\":{\"@type\":\"EntryPoint\",\"urlTemplate\":\"https:\\\/\\\/produncan.cl\\\/de\\\/?s={search_term_string}\"},\"query-input\":{\"@type\":\"PropertyValueSpecification\",\"valueRequired\":true,\"valueName\":\"search_term_string\"}}],\"inLanguage\":\"de-DE\"},{\"@type\":\"Organization\",\"@id\":\"https:\\\/\\\/produncan.cl\\\/de\\\/#organization\",\"name\":\"Produncan\",\"url\":\"https:\\\/\\\/produncan.cl\\\/de\\\/\",\"logo\":{\"@type\":\"ImageObject\",\"inLanguage\":\"de-DE\",\"@id\":\"https:\\\/\\\/produncan.cl\\\/de\\\/#\\\/schema\\\/logo\\\/image\\\/\",\"url\":\"https:\\\/\\\/produncan.cl\\\/wp-content\\\/uploads\\\/2021\\\/03\\\/LOGO.jpeg\",\"contentUrl\":\"https:\\\/\\\/produncan.cl\\\/wp-content\\\/uploads\\\/2021\\\/03\\\/LOGO.jpeg\",\"width\":1280,\"height\":903,\"caption\":\"Produncan\"},\"image\":{\"@id\":\"https:\\\/\\\/produncan.cl\\\/de\\\/#\\\/schema\\\/logo\\\/image\\\/\"},\"sameAs\":[\"https:\\\/\\\/web.facebook.com\\\/produncanland\",\"https:\\\/\\\/www.instagram.com\\\/pro_duncan\\\/\",\"https:\\\/\\\/www.linkedin.com\\\/company\\\/produncan-lands\\\/\",\"https:\\\/\\\/www.youtube.com\\\/channel\\\/UCu7N-f3x0svkazD-Eew1-QQ\"],\"description\":\"En Produncan somos especialistas en la venta de terrenos en el sur de Chile. Proveemos estancias, campos, parcelas y hoteles.\",\"email\":\"info@produncan.cl\"}]}<\/script>\n<meta property=\"og:video\" content=\"https:\/\/www.youtube.com\/embed\/oxvIcb8a2lw\" \/>\n<meta property=\"og:video:type\" content=\"text\/html\" \/>\n<meta property=\"og:video:duration\" content=\"60\" \/>\n<meta property=\"og:video:width\" content=\"480\" \/>\n<meta property=\"og:video:height\" content=\"360\" \/>\n<meta property=\"ya:ovs:adult\" content=\"false\" \/>\n<meta property=\"ya:ovs:upload_date\" content=\"2021-05-06T16:24:44+00:00\" \/>\n<meta property=\"ya:ovs:allow_embed\" content=\"true\" \/>\n<meta property=\"product:price:amount\" content=\"315600.00\" \/>\n<meta property=\"product:price:currency\" content=\"USD\" \/>\n<meta property=\"og:availability\" content=\"out of stock\" \/>\n<meta property=\"product:availability\" content=\"out of stock\" \/>\n<meta property=\"product:condition\" content=\"new\" \/>\n<!-- \/ Yoast SEO Premium plugin. -->","yoast_head_json":{"title":"\"Campo El Ma\u00f1\u00edo Fresia - Region Los Lagos - Produncan\"","description":"\"Dieses 40 Hektar gro\u00dfe Feld in der N\u00e4he von Estaci\u00f3n R\u00edo Frio, Los Lagos, ist vollst\u00e4ndig ausgestattet, damit du dich sofort niederlassen kannst.\"","robots":{"index":"index","follow":"follow","max-snippet":"max-snippet:-1","max-image-preview":"max-image-preview:large","max-video-preview":"max-video-preview:-1"},"canonical":"https:\/\/produncan.cl\/de\/produkt\/campo-el-manio-fresia\/","og_locale":"de_DE","og_type":"article","og_title":"\"Feld 40ha El Ma\u00f1io Fresia - Region der Seen\"","og_description":"\"Dieses 40 Hektar gro\u00dfe Feld in der N\u00e4he von Estaci\u00f3n R\u00edo Frio, Los Lagos, ist vollst\u00e4ndig ausgestattet, damit du dich sofort niederlassen kannst.\"","og_url":"https:\/\/produncan.cl\/de\/produkt\/campo-el-manio-fresia\/","og_site_name":"Produncan","article_publisher":"https:\/\/web.facebook.com\/produncanland","article_modified_time":"2025-08-07T20:52:59+00:00","og_image":[{"width":300,"height":225,"url":"https:\/\/produncan.cl\/wp-content\/uploads\/2022\/02\/Campo-El-Manio-Fresia-Vendido.webp","type":"image\/webp"}],"twitter_card":"summary_large_image","twitter_misc":{"Price":"USD315.600,00","Availability":"Out of stock"},"schema":{"@context":"https:\/\/schema.org","@graph":[{"@type":"WebPage","@id":"https:\/\/produncan.cl\/de\/produkt\/campo-el-manio-fresia\/","url":"https:\/\/produncan.cl\/de\/produkt\/campo-el-manio-fresia\/","name":"\"Campo El Ma\u00f1\u00edo Fresia - Region Los Lagos - Produncan\"","isPartOf":{"@id":"https:\/\/produncan.cl\/de\/#website"},"primaryImageOfPage":{"@id":"https:\/\/produncan.cl\/de\/produkt\/campo-el-manio-fresia\/#primaryimage"},"image":{"@id":"https:\/\/produncan.cl\/de\/produkt\/campo-el-manio-fresia\/#primaryimage"},"thumbnailUrl":"https:\/\/produncan.cl\/wp-content\/uploads\/2022\/02\/Campo-El-Manio-Fresia-Vendido.webp","datePublished":"2021-05-06T16:24:44+00:00","dateModified":"2025-08-07T20:52:59+00:00","description":"\"Dieses 40 Hektar gro\u00dfe Feld in der N\u00e4he von Estaci\u00f3n R\u00edo Frio, Los Lagos, ist vollst\u00e4ndig ausgestattet, damit du dich sofort niederlassen kannst.\"","breadcrumb":{"@id":"https:\/\/produncan.cl\/de\/produkt\/campo-el-manio-fresia\/#breadcrumb"},"inLanguage":"de-DE","potentialAction":[{"@type":"ReadAction","target":["https:\/\/produncan.cl\/de\/produkt\/campo-el-manio-fresia\/"]}]},{"@type":"ImageObject","inLanguage":"de-DE","@id":"https:\/\/produncan.cl\/de\/produkt\/campo-el-manio-fresia\/#primaryimage","url":"https:\/\/produncan.cl\/wp-content\/uploads\/2022\/02\/Campo-El-Manio-Fresia-Vendido.webp","contentUrl":"https:\/\/produncan.cl\/wp-content\/uploads\/2022\/02\/Campo-El-Manio-Fresia-Vendido.webp","width":300,"height":225,"caption":"Feld El Ma\u00f1\u00edo Verkauft"},{"@type":"BreadcrumbList","@id":"https:\/\/produncan.cl\/de\/produkt\/campo-el-manio-fresia\/#breadcrumb","itemListElement":[{"@type":"ListItem","position":1,"name":"Inicio","item":"https:\/\/produncan.cl\/de\/"},{"@type":"ListItem","position":2,"name":"Eigenschaften","item":"https:\/\/produncan.cl\/propiedades\/"},{"@type":"ListItem","position":3,"name":"&#8220;Feld 40ha El Ma\u00f1io Fresia &#8211; Region der Seen&#8221;"}]},{"@type":"WebSite","@id":"https:\/\/produncan.cl\/de\/#website","url":"https:\/\/produncan.cl\/de\/","name":"Produncan","description":"Wir begleiten Sie bei Ihrem Lebensprojekt!","publisher":{"@id":"https:\/\/produncan.cl\/de\/#organization"},"potentialAction":[{"@type":"SearchAction","target":{"@type":"EntryPoint","urlTemplate":"https:\/\/produncan.cl\/de\/?s={search_term_string}"},"query-input":{"@type":"PropertyValueSpecification","valueRequired":true,"valueName":"search_term_string"}}],"inLanguage":"de-DE"},{"@type":"Organization","@id":"https:\/\/produncan.cl\/de\/#organization","name":"Produncan","url":"https:\/\/produncan.cl\/de\/","logo":{"@type":"ImageObject","inLanguage":"de-DE","@id":"https:\/\/produncan.cl\/de\/#\/schema\/logo\/image\/","url":"https:\/\/produncan.cl\/wp-content\/uploads\/2021\/03\/LOGO.jpeg","contentUrl":"https:\/\/produncan.cl\/wp-content\/uploads\/2021\/03\/LOGO.jpeg","width":1280,"height":903,"caption":"Produncan"},"image":{"@id":"https:\/\/produncan.cl\/de\/#\/schema\/logo\/image\/"},"sameAs":["https:\/\/web.facebook.com\/produncanland","https:\/\/www.instagram.com\/pro_duncan\/","https:\/\/www.linkedin.com\/company\/produncan-lands\/","https:\/\/www.youtube.com\/channel\/UCu7N-f3x0svkazD-Eew1-QQ"],"description":"En Produncan somos especialistas en la venta de terrenos en el sur de Chile. Proveemos estancias, campos, parcelas y hoteles.","email":"info@produncan.cl"}]},"og_video":"https:\/\/www.youtube.com\/embed\/oxvIcb8a2lw","og_video_type":"text\/html","og_video_duration":"60","og_video_width":"480","og_video_height":"360","ya_ovs_adult":"false","ya_ovs_upload_date":"2021-05-06T16:24:44+00:00","ya_ovs_allow_embed":"true","product_price_amount":"315600.00","product_price_currency":"USD","og_availability":"out of stock","product_availability":"out of stock","product_condition":"new"},"_links":{"self":[{"href":"https:\/\/produncan.cl\/de\/wp-json\/wp\/v2\/product\/7563","targetHints":{"allow":["GET"]}}],"collection":[{"href":"https:\/\/produncan.cl\/de\/wp-json\/wp\/v2\/product"}],"about":[{"href":"https:\/\/produncan.cl\/de\/wp-json\/wp\/v2\/types\/product"}],"version-history":[{"count":0,"href":"https:\/\/produncan.cl\/de\/wp-json\/wp\/v2\/product\/7563\/revisions"}],"wp:featuredmedia":[{"embeddable":true,"href":"https:\/\/produncan.cl\/de\/wp-json\/wp\/v2\/media\/4006"}],"wp:attachment":[{"href":"https:\/\/produncan.cl\/de\/wp-json\/wp\/v2\/media?parent=7563"}],"wp:term":[{"taxonomy":"product_brand","embeddable":true,"href":"https:\/\/produncan.cl\/de\/wp-json\/wp\/v2\/product_brand?post=7563"},{"taxonomy":"product_cat","embeddable":true,"href":"https:\/\/produncan.cl\/de\/wp-json\/wp\/v2\/product_cat?post=7563"},{"taxonomy":"product_tag","embeddable":true,"href":"https:\/\/produncan.cl\/de\/wp-json\/wp\/v2\/product_tag?post=7563"},{"taxonomy":"regiones","embeddable":true,"href":"https:\/\/produncan.cl\/de\/wp-json\/wp\/v2\/regiones?post=7563"},{"taxonomy":"ciudades","embeddable":true,"href":"https:\/\/produncan.cl\/de\/wp-json\/wp\/v2\/ciudades?post=7563"}],"curies":[{"name":"wp","href":"https:\/\/api.w.org\/{rel}","templated":true}]}}