{"id":8029,"date":"2022-11-24T18:57:01","date_gmt":"2022-11-24T21:57:01","guid":{"rendered":"https:\/\/produncan.cl\/producto\/campito-mirador-del-manio-7ha\/"},"modified":"2025-08-19T11:30:42","modified_gmt":"2025-08-19T15:30:42","slug":"campito-mirador-del-manio-2","status":"publish","type":"product","link":"https:\/\/produncan.cl\/de\/produkt\/campito-mirador-del-manio-2\/","title":{"rendered":"Campito 7ha Mirador del Ma\u00f1\u00edo &#8211; Estaci\u00f3n R\u00edo Fr\u00edo, Regi\u00f3n de los Lagos"},"content":{"rendered":"\t\t<div data-elementor-type=\"product-post\" data-elementor-id=\"8029\" class=\"elementor elementor-8029 elementor-7914\" data-elementor-post-type=\"product\">\n\t\t\t\t\t\t<section class=\"elementor-section elementor-top-section elementor-element elementor-element-24555bf8 elementor-section-boxed elementor-section-height-default elementor-section-height-default\" data-id=\"24555bf8\" data-element_type=\"section\" data-e-type=\"section\" data-settings=\"{&quot;jet_parallax_layout_list&quot;:[]}\">\n\t\t\t\t\t\t<div class=\"elementor-container elementor-column-gap-default\">\n\t\t\t\t\t<div class=\"elementor-column elementor-col-100 elementor-top-column elementor-element elementor-element-d7f9a0\" data-id=\"d7f9a0\" data-element_type=\"column\" data-e-type=\"column\">\n\t\t\t<div class=\"elementor-widget-wrap elementor-element-populated\">\n\t\t\t\t\t\t<div class=\"elementor-element elementor-element-2d8a2f8b elementor-widget elementor-widget-text-editor\" data-id=\"2d8a2f8b\" data-element_type=\"widget\" data-e-type=\"widget\" data-widget_type=\"text-editor.default\">\n\t\t\t\t\t\t\t\t\t<h2>7 Hektar Campito mit sch\u00f6ner Aussicht eine Stunde von Puerto Varas entfernt!<\/h2><p>Wir laden Sie ein, dieses 7 Hektar gro\u00dfe Camp mit asphaltierter Zufahrt und herrlicher Aussicht, nur eine Stunde westlich von Puerto Varas, kennen zu lernen.<\/p><p>Der Zugang zum Grundst\u00fcck erfolgt von der Estaci\u00f3n R\u00edo Frio aus in westlicher Richtung \u00fcber eine asphaltierte Stra\u00dfe in ausgezeichnetem Zustand und schlie\u00dflich \u00fcber eine wenige Meter lange Erleichterung, bei der man an einer malerischen Ortskirche vorbeikommt.<\/p><p><span style=\"color: var( --e-global-color-text ); font-family: var( --e-global-typography-text-font-family ), Sans-serif; font-weight: var( --e-global-typography-text-font-weight );\">Das Campito liegt am Anfang der K\u00fcstengebirgskette und ist nach Nordosten ausgerichtet. Von hier aus hat man einen herrlichen Blick auf die Stationen Rio Frio, Puerto Varas und die Vulkane Calbuco, Osorno und Puntiagudo, um nur einige zu nennen.<\/span><\/p><p><span style=\"color: var( --e-global-color-text ); font-family: var( --e-global-typography-text-font-family ), Sans-serif; font-weight: var( --e-global-typography-text-font-weight );\">Das Grundst\u00fcck wird von einer Stromleitung durchquert, hat Wasser aus 3 Quellen und einen Bach, der im Sommer nicht austrocknet. Es gibt auch ein ausgezeichnetes Telefonsignal.<\/span><\/p><p><span style=\"color: var( --e-global-color-text ); font-family: var( --e-global-typography-text-font-family ), Sans-serif; font-weight: var( --e-global-typography-text-font-weight );\">Von der Zufahrtserleichterung am oberen Ende des Campitos beginnt das Grundst\u00fcck sanft anzusteigen, mit perfekten Weiden, die alle von einheimischen Waldformationen geschm\u00fcckt sind, was es zu einem idealen Ort f\u00fcr diejenigen macht, die etwas wirklich Sch\u00f6nes suchen.<\/span><\/p><p><span style=\"color: var( --e-global-color-text ); font-family: var( --e-global-typography-text-font-family ), Sans-serif; font-weight: var( --e-global-typography-text-font-weight );\">Das Grundst\u00fcck besteht zu etwa 80% aus Gr\u00fcnland und zu 20% aus einheimischen B\u00e4umen. Der Wald hat uralte B\u00e4ume und eine gro\u00dfe Artenvielfalt und Fauna, ideal f\u00fcr Naturliebhaber. In der Flora finden Sie Canelo, Ciruelillo, Rodal, Ulmo, Array\u00e1n, Luma, Meli, Lingue, Tepa.<\/span><\/p><p><span style=\"color: var( --e-global-color-text ); font-family: var( --e-global-typography-text-font-family ), Sans-serif; font-weight: var( --e-global-typography-text-font-weight );\">Das Feld ist noch nicht unterteilt, und es besteht die M\u00f6glichkeit, zwischen 7 und 10 Hektar zu 35 Millionen Dollar pro Hektar zu kaufen. Der Preis ist verhandelbar.<\/span><\/p><p><span style=\"color: var( --e-global-color-text ); font-family: var( --e-global-typography-text-font-family ), Sans-serif; font-weight: var( --e-global-typography-text-font-weight );\">In der N\u00e4he gibt es ein Postamt, einen Minimarkt, eine Schule und eine Kirche. Die kleine Stadt Los Muermos ist nur 20 Minuten entfernt, wo Sie sich mit allem Notwendigen eindecken k\u00f6nnen.<\/span><\/p><p><span style=\"color: var( --e-global-color-text ); font-family: var( --e-global-typography-text-font-family ), Sans-serif; font-weight: var( --e-global-typography-text-font-weight );\">Das Grundst\u00fcck liegt auch relativ nah an der K\u00fcste, die sich aufgrund ihrer paradiesischen Orte wie Llico bajo, Puerto Godoy, Quenir und Caleta Estaquilla stark entwickelt.<\/span><\/p><p><span style=\"color: var( --e-global-color-text ); font-family: var( --e-global-typography-text-font-family ), Sans-serif; font-weight: var( --e-global-typography-text-font-weight );\">KONTAKT US<\/span><\/p><p><span style=\"color: var( --e-global-color-text ); font-family: var( --e-global-typography-text-font-family ), Sans-serif; font-weight: var( --e-global-typography-text-font-weight );\">VERPASSEN SIE NICHT DEN PERFEKTEN ORT F\u00dcR EIN GROSSARTIGES LEBENSPROJEKT!<\/span><\/p>\t\t\t\t\t\t\t\t<\/div>\n\t\t\t\t\t<\/div>\n\t\t<\/div>\n\t\t\t\t\t<\/div>\n\t\t<\/section>\n\t\t\t\t<\/div>\n\t\t","protected":false},"excerpt":{"rendered":"<p>Kleines Camp in der N\u00e4he von Los Muermos. Meistens Wiese mit sch\u00f6ner Aussicht. Strom- und Wasseranschluss, guter Empfang und geteerte Zufahrt.<\/p>\n","protected":false},"featured_media":7920,"template":"","meta":{"_acf_changed":false},"product_brand":[],"product_cat":[104],"product_tag":[232,231],"regiones":[226],"ciudades":[214,216],"class_list":{"0":"post-8029","1":"product","2":"type-product","3":"status-publish","4":"has-post-thumbnail","6":"product_cat-ohiggins-los-lagos","7":"product_tag-grundstuecke","8":"product_tag-touristische-immobilien","9":"regiones-nuble-los_lagos","10":"ciudades-fresia","11":"ciudades-los-muermos","13":"first","14":"instock","15":"shipping-taxable","16":"purchasable","17":"product-type-simple"},"acf":[],"yoast_head":"<!-- This site is optimized with the Yoast SEO Premium plugin v26.0 (Yoast SEO v27.3) - https:\/\/yoast.com\/product\/yoast-seo-premium-wordpress\/ -->\n<title>Campito Mirador del Ma\u00f1\u00edo - Estaci\u00f3n R\u00edo Fr\u00edo - Produncan<\/title>\n<meta name=\"description\" content=\"Campito Mirador del Ma\u00f1\u00edo: eine einzigartige Investitionsm\u00f6glichkeit im Seengebiet; 5 Hektar Land mit einer privilegierten Lage, nur 15 Minuten von der Stadt Puerto Varas entfernt;\" \/>\n<meta name=\"robots\" content=\"index, follow, max-snippet:-1, max-image-preview:large, max-video-preview:-1\" \/>\n<link rel=\"canonical\" href=\"https:\/\/produncan.cl\/de\/produkt\/campito-mirador-del-manio-2\/\" \/>\n<meta property=\"og:locale\" content=\"de_DE\" \/>\n<meta property=\"og:type\" content=\"article\" \/>\n<meta property=\"og:title\" content=\"Campito 7ha Mirador del Ma\u00f1\u00edo - Estaci\u00f3n R\u00edo Fr\u00edo, Regi\u00f3n de los Lagos\" \/>\n<meta property=\"og:description\" content=\"Campito Mirador del Ma\u00f1\u00edo: eine einzigartige Investitionsm\u00f6glichkeit im Seengebiet; 5 Hektar Land mit einer privilegierten Lage, nur 15 Minuten von der Stadt Puerto Varas entfernt;\" \/>\n<meta property=\"og:url\" content=\"https:\/\/produncan.cl\/de\/produkt\/campito-mirador-del-manio-2\/\" \/>\n<meta property=\"og:site_name\" content=\"Produncan\" \/>\n<meta property=\"article:publisher\" content=\"https:\/\/web.facebook.com\/produncanland\" \/>\n<meta property=\"article:modified_time\" content=\"2025-08-19T15:30:42+00:00\" \/>\n<meta property=\"og:image\" content=\"https:\/\/produncan.cl\/wp-content\/uploads\/2022\/11\/Campito-Mirador-El-Manio.webp\" \/>\n\t<meta property=\"og:image:width\" content=\"600\" \/>\n\t<meta property=\"og:image:height\" content=\"450\" \/>\n\t<meta property=\"og:image:type\" content=\"image\/webp\" \/>\n<meta name=\"twitter:card\" content=\"summary_large_image\" \/>\n<meta name=\"twitter:label1\" content=\"Price\" \/>\n\t<meta name=\"twitter:data1\" content=\"USD266.400,00\" \/>\n\t<meta name=\"twitter:label2\" content=\"Availability\" \/>\n\t<meta name=\"twitter:data2\" content=\"In stock\" \/>\n<script type=\"application\/ld+json\" class=\"yoast-schema-graph\">{\"@context\":\"https:\\\/\\\/schema.org\",\"@graph\":[{\"@type\":\"WebPage\",\"@id\":\"https:\\\/\\\/produncan.cl\\\/de\\\/produkt\\\/campito-mirador-del-manio-2\\\/\",\"url\":\"https:\\\/\\\/produncan.cl\\\/de\\\/produkt\\\/campito-mirador-del-manio-2\\\/\",\"name\":\"Campito Mirador del Ma\u00f1\u00edo - Estaci\u00f3n R\u00edo Fr\u00edo - Produncan\",\"isPartOf\":{\"@id\":\"https:\\\/\\\/produncan.cl\\\/de\\\/#website\"},\"primaryImageOfPage\":{\"@id\":\"https:\\\/\\\/produncan.cl\\\/de\\\/produkt\\\/campito-mirador-del-manio-2\\\/#primaryimage\"},\"image\":{\"@id\":\"https:\\\/\\\/produncan.cl\\\/de\\\/produkt\\\/campito-mirador-del-manio-2\\\/#primaryimage\"},\"thumbnailUrl\":\"https:\\\/\\\/produncan.cl\\\/wp-content\\\/uploads\\\/2022\\\/11\\\/Campito-Mirador-El-Manio.webp\",\"datePublished\":\"2022-11-24T21:57:01+00:00\",\"dateModified\":\"2025-08-19T15:30:42+00:00\",\"description\":\"Campito Mirador del Ma\u00f1\u00edo: eine einzigartige Investitionsm\u00f6glichkeit im Seengebiet; 5 Hektar Land mit einer privilegierten Lage, nur 15 Minuten von der Stadt Puerto Varas entfernt;\",\"breadcrumb\":{\"@id\":\"https:\\\/\\\/produncan.cl\\\/de\\\/produkt\\\/campito-mirador-del-manio-2\\\/#breadcrumb\"},\"inLanguage\":\"de-DE\",\"potentialAction\":[{\"@type\":\"ReadAction\",\"target\":[\"https:\\\/\\\/produncan.cl\\\/de\\\/produkt\\\/campito-mirador-del-manio-2\\\/\"]}]},{\"@type\":\"ImageObject\",\"inLanguage\":\"de-DE\",\"@id\":\"https:\\\/\\\/produncan.cl\\\/de\\\/produkt\\\/campito-mirador-del-manio-2\\\/#primaryimage\",\"url\":\"https:\\\/\\\/produncan.cl\\\/wp-content\\\/uploads\\\/2022\\\/11\\\/Campito-Mirador-El-Manio.webp\",\"contentUrl\":\"https:\\\/\\\/produncan.cl\\\/wp-content\\\/uploads\\\/2022\\\/11\\\/Campito-Mirador-El-Manio.webp\",\"width\":600,\"height\":450,\"caption\":\"Campito Mirador Del Ma\u00f1io\"},{\"@type\":\"BreadcrumbList\",\"@id\":\"https:\\\/\\\/produncan.cl\\\/de\\\/produkt\\\/campito-mirador-del-manio-2\\\/#breadcrumb\",\"itemListElement\":[{\"@type\":\"ListItem\",\"position\":1,\"name\":\"Inicio\",\"item\":\"https:\\\/\\\/produncan.cl\\\/de\\\/\"},{\"@type\":\"ListItem\",\"position\":2,\"name\":\"Eigenschaften\",\"item\":\"https:\\\/\\\/produncan.cl\\\/propiedades\\\/\"},{\"@type\":\"ListItem\",\"position\":3,\"name\":\"Grundst\u00fccke\",\"item\":\"https:\\\/\\\/produncan.cl\\\/de\\\/kategorie\\\/grundstuecke\\\/\"},{\"@type\":\"ListItem\",\"position\":4,\"name\":\"Campito 7ha Mirador del Ma\u00f1\u00edo &#8211; Estaci\u00f3n R\u00edo Fr\u00edo, Regi\u00f3n de los Lagos\"}]},{\"@type\":\"WebSite\",\"@id\":\"https:\\\/\\\/produncan.cl\\\/de\\\/#website\",\"url\":\"https:\\\/\\\/produncan.cl\\\/de\\\/\",\"name\":\"Produncan\",\"description\":\"Wir begleiten Sie bei Ihrem Lebensprojekt!\",\"publisher\":{\"@id\":\"https:\\\/\\\/produncan.cl\\\/de\\\/#organization\"},\"potentialAction\":[{\"@type\":\"SearchAction\",\"target\":{\"@type\":\"EntryPoint\",\"urlTemplate\":\"https:\\\/\\\/produncan.cl\\\/de\\\/?s={search_term_string}\"},\"query-input\":{\"@type\":\"PropertyValueSpecification\",\"valueRequired\":true,\"valueName\":\"search_term_string\"}}],\"inLanguage\":\"de-DE\"},{\"@type\":\"Organization\",\"@id\":\"https:\\\/\\\/produncan.cl\\\/de\\\/#organization\",\"name\":\"Produncan\",\"url\":\"https:\\\/\\\/produncan.cl\\\/de\\\/\",\"logo\":{\"@type\":\"ImageObject\",\"inLanguage\":\"de-DE\",\"@id\":\"https:\\\/\\\/produncan.cl\\\/de\\\/#\\\/schema\\\/logo\\\/image\\\/\",\"url\":\"https:\\\/\\\/produncan.cl\\\/wp-content\\\/uploads\\\/2021\\\/03\\\/LOGO.jpeg\",\"contentUrl\":\"https:\\\/\\\/produncan.cl\\\/wp-content\\\/uploads\\\/2021\\\/03\\\/LOGO.jpeg\",\"width\":1280,\"height\":903,\"caption\":\"Produncan\"},\"image\":{\"@id\":\"https:\\\/\\\/produncan.cl\\\/de\\\/#\\\/schema\\\/logo\\\/image\\\/\"},\"sameAs\":[\"https:\\\/\\\/web.facebook.com\\\/produncanland\",\"https:\\\/\\\/www.instagram.com\\\/pro_duncan\\\/\",\"https:\\\/\\\/www.linkedin.com\\\/company\\\/produncan-lands\\\/\",\"https:\\\/\\\/www.youtube.com\\\/channel\\\/UCu7N-f3x0svkazD-Eew1-QQ\"],\"description\":\"En Produncan somos especialistas en la venta de terrenos en el sur de Chile. Proveemos estancias, campos, parcelas y hoteles.\",\"email\":\"info@produncan.cl\"}]}<\/script>\n<meta property=\"og:video\" content=\"https:\/\/www.youtube.com\/embed\/h7GOvs2Fv9c\" \/>\n<meta property=\"og:video:type\" content=\"text\/html\" \/>\n<meta property=\"og:video:duration\" content=\"60\" \/>\n<meta property=\"og:video:width\" content=\"480\" \/>\n<meta property=\"og:video:height\" content=\"360\" \/>\n<meta property=\"ya:ovs:adult\" content=\"false\" \/>\n<meta property=\"ya:ovs:upload_date\" content=\"2022-11-24T21:57:01+00:00\" \/>\n<meta property=\"ya:ovs:allow_embed\" content=\"true\" \/>\n<meta property=\"product:price:amount\" content=\"266400.00\" \/>\n<meta property=\"product:price:currency\" content=\"USD\" \/>\n<meta property=\"og:availability\" content=\"instock\" \/>\n<meta property=\"product:availability\" content=\"instock\" \/>\n<meta property=\"product:condition\" content=\"new\" \/>\n<!-- \/ Yoast SEO Premium plugin. -->","yoast_head_json":{"title":"Campito Mirador del Ma\u00f1\u00edo - Estaci\u00f3n R\u00edo Fr\u00edo - Produncan","description":"Campito Mirador del Ma\u00f1\u00edo: eine einzigartige Investitionsm\u00f6glichkeit im Seengebiet; 5 Hektar Land mit einer privilegierten Lage, nur 15 Minuten von der Stadt Puerto Varas entfernt;","robots":{"index":"index","follow":"follow","max-snippet":"max-snippet:-1","max-image-preview":"max-image-preview:large","max-video-preview":"max-video-preview:-1"},"canonical":"https:\/\/produncan.cl\/de\/produkt\/campito-mirador-del-manio-2\/","og_locale":"de_DE","og_type":"article","og_title":"Campito 7ha Mirador del Ma\u00f1\u00edo - Estaci\u00f3n R\u00edo Fr\u00edo, Regi\u00f3n de los Lagos","og_description":"Campito Mirador del Ma\u00f1\u00edo: eine einzigartige Investitionsm\u00f6glichkeit im Seengebiet; 5 Hektar Land mit einer privilegierten Lage, nur 15 Minuten von der Stadt Puerto Varas entfernt;","og_url":"https:\/\/produncan.cl\/de\/produkt\/campito-mirador-del-manio-2\/","og_site_name":"Produncan","article_publisher":"https:\/\/web.facebook.com\/produncanland","article_modified_time":"2025-08-19T15:30:42+00:00","og_image":[{"width":600,"height":450,"url":"https:\/\/produncan.cl\/wp-content\/uploads\/2022\/11\/Campito-Mirador-El-Manio.webp","type":"image\/webp"}],"twitter_card":"summary_large_image","twitter_misc":{"Price":"USD266.400,00","Availability":"In stock"},"schema":{"@context":"https:\/\/schema.org","@graph":[{"@type":"WebPage","@id":"https:\/\/produncan.cl\/de\/produkt\/campito-mirador-del-manio-2\/","url":"https:\/\/produncan.cl\/de\/produkt\/campito-mirador-del-manio-2\/","name":"Campito Mirador del Ma\u00f1\u00edo - Estaci\u00f3n R\u00edo Fr\u00edo - Produncan","isPartOf":{"@id":"https:\/\/produncan.cl\/de\/#website"},"primaryImageOfPage":{"@id":"https:\/\/produncan.cl\/de\/produkt\/campito-mirador-del-manio-2\/#primaryimage"},"image":{"@id":"https:\/\/produncan.cl\/de\/produkt\/campito-mirador-del-manio-2\/#primaryimage"},"thumbnailUrl":"https:\/\/produncan.cl\/wp-content\/uploads\/2022\/11\/Campito-Mirador-El-Manio.webp","datePublished":"2022-11-24T21:57:01+00:00","dateModified":"2025-08-19T15:30:42+00:00","description":"Campito Mirador del Ma\u00f1\u00edo: eine einzigartige Investitionsm\u00f6glichkeit im Seengebiet; 5 Hektar Land mit einer privilegierten Lage, nur 15 Minuten von der Stadt Puerto Varas entfernt;","breadcrumb":{"@id":"https:\/\/produncan.cl\/de\/produkt\/campito-mirador-del-manio-2\/#breadcrumb"},"inLanguage":"de-DE","potentialAction":[{"@type":"ReadAction","target":["https:\/\/produncan.cl\/de\/produkt\/campito-mirador-del-manio-2\/"]}]},{"@type":"ImageObject","inLanguage":"de-DE","@id":"https:\/\/produncan.cl\/de\/produkt\/campito-mirador-del-manio-2\/#primaryimage","url":"https:\/\/produncan.cl\/wp-content\/uploads\/2022\/11\/Campito-Mirador-El-Manio.webp","contentUrl":"https:\/\/produncan.cl\/wp-content\/uploads\/2022\/11\/Campito-Mirador-El-Manio.webp","width":600,"height":450,"caption":"Campito Mirador Del Ma\u00f1io"},{"@type":"BreadcrumbList","@id":"https:\/\/produncan.cl\/de\/produkt\/campito-mirador-del-manio-2\/#breadcrumb","itemListElement":[{"@type":"ListItem","position":1,"name":"Inicio","item":"https:\/\/produncan.cl\/de\/"},{"@type":"ListItem","position":2,"name":"Eigenschaften","item":"https:\/\/produncan.cl\/propiedades\/"},{"@type":"ListItem","position":3,"name":"Grundst\u00fccke","item":"https:\/\/produncan.cl\/de\/kategorie\/grundstuecke\/"},{"@type":"ListItem","position":4,"name":"Campito 7ha Mirador del Ma\u00f1\u00edo &#8211; Estaci\u00f3n R\u00edo Fr\u00edo, Regi\u00f3n de los Lagos"}]},{"@type":"WebSite","@id":"https:\/\/produncan.cl\/de\/#website","url":"https:\/\/produncan.cl\/de\/","name":"Produncan","description":"Wir begleiten Sie bei Ihrem Lebensprojekt!","publisher":{"@id":"https:\/\/produncan.cl\/de\/#organization"},"potentialAction":[{"@type":"SearchAction","target":{"@type":"EntryPoint","urlTemplate":"https:\/\/produncan.cl\/de\/?s={search_term_string}"},"query-input":{"@type":"PropertyValueSpecification","valueRequired":true,"valueName":"search_term_string"}}],"inLanguage":"de-DE"},{"@type":"Organization","@id":"https:\/\/produncan.cl\/de\/#organization","name":"Produncan","url":"https:\/\/produncan.cl\/de\/","logo":{"@type":"ImageObject","inLanguage":"de-DE","@id":"https:\/\/produncan.cl\/de\/#\/schema\/logo\/image\/","url":"https:\/\/produncan.cl\/wp-content\/uploads\/2021\/03\/LOGO.jpeg","contentUrl":"https:\/\/produncan.cl\/wp-content\/uploads\/2021\/03\/LOGO.jpeg","width":1280,"height":903,"caption":"Produncan"},"image":{"@id":"https:\/\/produncan.cl\/de\/#\/schema\/logo\/image\/"},"sameAs":["https:\/\/web.facebook.com\/produncanland","https:\/\/www.instagram.com\/pro_duncan\/","https:\/\/www.linkedin.com\/company\/produncan-lands\/","https:\/\/www.youtube.com\/channel\/UCu7N-f3x0svkazD-Eew1-QQ"],"description":"En Produncan somos especialistas en la venta de terrenos en el sur de Chile. Proveemos estancias, campos, parcelas y hoteles.","email":"info@produncan.cl"}]},"og_video":"https:\/\/www.youtube.com\/embed\/h7GOvs2Fv9c","og_video_type":"text\/html","og_video_duration":"60","og_video_width":"480","og_video_height":"360","ya_ovs_adult":"false","ya_ovs_upload_date":"2022-11-24T21:57:01+00:00","ya_ovs_allow_embed":"true","product_price_amount":"266400.00","product_price_currency":"USD","og_availability":"instock","product_availability":"instock","product_condition":"new"},"_links":{"self":[{"href":"https:\/\/produncan.cl\/de\/wp-json\/wp\/v2\/product\/8029","targetHints":{"allow":["GET"]}}],"collection":[{"href":"https:\/\/produncan.cl\/de\/wp-json\/wp\/v2\/product"}],"about":[{"href":"https:\/\/produncan.cl\/de\/wp-json\/wp\/v2\/types\/product"}],"version-history":[{"count":0,"href":"https:\/\/produncan.cl\/de\/wp-json\/wp\/v2\/product\/8029\/revisions"}],"wp:featuredmedia":[{"embeddable":true,"href":"https:\/\/produncan.cl\/de\/wp-json\/wp\/v2\/media\/7920"}],"wp:attachment":[{"href":"https:\/\/produncan.cl\/de\/wp-json\/wp\/v2\/media?parent=8029"}],"wp:term":[{"taxonomy":"product_brand","embeddable":true,"href":"https:\/\/produncan.cl\/de\/wp-json\/wp\/v2\/product_brand?post=8029"},{"taxonomy":"product_cat","embeddable":true,"href":"https:\/\/produncan.cl\/de\/wp-json\/wp\/v2\/product_cat?post=8029"},{"taxonomy":"product_tag","embeddable":true,"href":"https:\/\/produncan.cl\/de\/wp-json\/wp\/v2\/product_tag?post=8029"},{"taxonomy":"regiones","embeddable":true,"href":"https:\/\/produncan.cl\/de\/wp-json\/wp\/v2\/regiones?post=8029"},{"taxonomy":"ciudades","embeddable":true,"href":"https:\/\/produncan.cl\/de\/wp-json\/wp\/v2\/ciudades?post=8029"}],"curies":[{"name":"wp","href":"https:\/\/api.w.org\/{rel}","templated":true}]}}