{"id":8360,"date":"2023-10-05T13:01:32","date_gmt":"2023-10-05T16:01:32","guid":{"rendered":"https:\/\/produncan.cl\/producto\/entre-pellines-eigenschaften\/"},"modified":"2025-11-24T18:06:09","modified_gmt":"2025-11-24T21:06:09","slug":"entre-pellines-eigenschaften","status":"publish","type":"product","link":"https:\/\/produncan.cl\/de\/produkt\/entre-pellines-eigenschaften\/","title":{"rendered":"Grundst\u00fccke in Osorno, Entre Pellines &#8211; Seengebiet"},"content":{"rendered":"\t\t<div data-elementor-type=\"product-post\" data-elementor-id=\"8360\" class=\"elementor elementor-8360 elementor-8277\" data-elementor-post-type=\"product\">\n\t\t\t\t<div class=\"elementor-element elementor-element-4a36c32 e-flex e-con-boxed e-con e-parent\" data-id=\"4a36c32\" data-element_type=\"container\" data-e-type=\"container\" data-settings=\"{&quot;jet_parallax_layout_list&quot;:[]}\">\n\t\t\t\t\t<div class=\"e-con-inner\">\n\t\t\t\t<div class=\"elementor-element elementor-element-f4f7add elementor-widget elementor-widget-heading\" data-id=\"f4f7add\" data-element_type=\"widget\" data-e-type=\"widget\" data-widget_type=\"heading.default\">\n\t\t\t\t\t<h2 class=\"elementor-heading-title elementor-size-default\">DIE BESTE LAGE ZUM WOHNEN IN OSORNO!\n<\/h2>\t\t\t\t<\/div>\n\t\t\t\t\t<\/div>\n\t\t\t\t<\/div>\n\t\t\t\t<section class=\"elementor-section elementor-top-section elementor-element elementor-element-fa4de17 elementor-section-boxed elementor-section-height-default elementor-section-height-default\" data-id=\"fa4de17\" data-element_type=\"section\" data-e-type=\"section\" data-settings=\"{&quot;jet_parallax_layout_list&quot;:[]}\">\n\t\t\t\t\t\t<div class=\"elementor-container elementor-column-gap-default\">\n\t\t\t\t\t<div class=\"elementor-column elementor-col-100 elementor-top-column elementor-element elementor-element-6a0c7249\" data-id=\"6a0c7249\" data-element_type=\"column\" data-e-type=\"column\">\n\t\t\t<div class=\"elementor-widget-wrap elementor-element-populated\">\n\t\t\t\t\t\t<div class=\"elementor-element elementor-element-6e96883c elementor-widget elementor-widget-text-editor\" data-id=\"6e96883c\" data-element_type=\"widget\" data-e-type=\"widget\" data-widget_type=\"text-editor.default\">\n\t\t\t\t\t\t\t\t\t<p>Diese Grundst\u00fccke in Osorno, Entre Pellines, liegen nur 12 Kilometer von der Plaza de Armas in Osorno entfernt, umgeben von perfekten Wiesen und mit herrlichem Blick auf die Vulkane. Es ist der ideale Ort, um ein gesundes, friedliches und sicheres Leben in einer nat\u00fcrlichen Umgebung zu genie\u00dfen.<\/p>\n<p>Das Erschlie\u00dfungsprojekt mit 60 Parzellen von 5000 m\u00b2 befindet sich im exklusiven Sektor &#8220;Sagllue&#8221;, s\u00fcdlich von Osorno, in der Gemeinde Rio Negro, nur 20 Minuten von der Stadt Osorno entfernt.<\/p>\n<p>Alle Grundst\u00fccke haben flache Wiesen oder sanfte H\u00e4nge, die mit Pellinen und einheimischen B\u00e4umen geschm\u00fcckt sind, und einen Blick auf die Vulkane Osorno, Puntiagudo und Calbuco.<\/p>\n<p>Das Projekt verf\u00fcgt \u00fcber Wasser und Strom. Die Einfahrt ist mit einem ferngesteuerten Tor versehen, die Stra\u00dfen sind innenliegend und die Telefonverbindung zu allen Unternehmen ist ausgezeichnet. Alle Grundst\u00fccke haben ihre eigene Rolle. <\/p>\n<p>Der Ort ist \u00fcber die vollst\u00e4ndig asphaltierte Route U-500 zu erreichen. Man kann ihn auch von R\u00edo Negro und der Ruta 5 Sur aus erreichen. Und dann nur noch 2 Kilometer Schotterstra\u00dfe in ausgezeichnetem Zustand, die mittelfristig komplett asphaltiert werden soll.  <\/p>\n<p>In der N\u00e4he liegen Osorno, R\u00edo Negro, Ca\u00f1al Bajo Flughafen, Puyehue, Frutillar, Llanquihue, und Puerto Varas, &nbsp; de&nbsp;Los&nbsp; Lagos!<\/p>\t\t\t\t\t\t\t\t<\/div>\n\t\t\t\t\t<\/div>\n\t\t<\/div>\n\t\t\t\t\t<\/div>\n\t\t<\/section>\n\t\t\t\t<\/div>\n\t\t","protected":false},"excerpt":{"rendered":"<p>Grundst\u00fccke in Osorno mit gerodeten Wiesen 12 km von Osorno entfernt. Insgesamt 60 Einheiten mit Trinkwasser aus dem Brunnen, unterirdische Elektrizit\u00e4t, Eingangstor, 2 km Schotterstra\u00dfe und Blick auf Vulkane. <\/p>\n","protected":false},"featured_media":8283,"template":"","meta":{"_acf_changed":false},"product_brand":[],"product_cat":[104],"product_tag":[232],"regiones":[226],"ciudades":[217],"class_list":{"0":"post-8360","1":"product","2":"type-product","3":"status-publish","4":"has-post-thumbnail","6":"product_cat-ohiggins-los-lagos","7":"product_tag-grundstuecke","8":"regiones-nuble-los_lagos","9":"ciudades-osorno","11":"first","12":"instock","13":"featured","14":"sold-individually","15":"shipping-taxable","16":"purchasable","17":"product-type-simple"},"acf":[],"yoast_head":"<!-- This site is optimized with the Yoast SEO Premium plugin v26.0 (Yoast SEO v27.3) - https:\/\/yoast.com\/product\/yoast-seo-premium-wordpress\/ -->\n<title>Grundst\u00fccke in Osorno, Entre Pellines - Seengebiet - Produncan<\/title>\n<meta name=\"description\" content=\"Entre Pellines ist ein Projekt, das nur 12 km von der Plaza de Armas in Osorno entfernt liegt. Es ist von perfekten Wiesen umgeben und bietet einen atemberaubenden Blick auf die Vulkane.\" \/>\n<meta name=\"robots\" content=\"index, follow, max-snippet:-1, max-image-preview:large, max-video-preview:-1\" \/>\n<link rel=\"canonical\" href=\"https:\/\/produncan.cl\/de\/produkt\/entre-pellines-eigenschaften\/\" \/>\n<meta property=\"og:locale\" content=\"de_DE\" \/>\n<meta property=\"og:type\" content=\"article\" \/>\n<meta property=\"og:title\" content=\"Grundst\u00fccke in Osorno, Entre Pellines - Seengebiet\" \/>\n<meta property=\"og:description\" content=\"Entre Pellines ist ein Projekt, das nur 12 km von der Plaza de Armas in Osorno entfernt liegt. Es ist von perfekten Wiesen umgeben und bietet einen atemberaubenden Blick auf die Vulkane.\" \/>\n<meta property=\"og:url\" content=\"https:\/\/produncan.cl\/de\/produkt\/entre-pellines-eigenschaften\/\" \/>\n<meta property=\"og:site_name\" content=\"Produncan\" \/>\n<meta property=\"article:publisher\" content=\"https:\/\/web.facebook.com\/produncanland\" \/>\n<meta property=\"article:modified_time\" content=\"2025-11-24T21:06:09+00:00\" \/>\n<meta property=\"og:image\" content=\"https:\/\/produncan.cl\/wp-content\/uploads\/2022\/12\/Parcelas-Entre-Pellines.webp\" \/>\n\t<meta property=\"og:image:width\" content=\"600\" \/>\n\t<meta property=\"og:image:height\" content=\"450\" \/>\n\t<meta property=\"og:image:type\" content=\"image\/webp\" \/>\n<meta name=\"twitter:card\" content=\"summary_large_image\" \/>\n<meta name=\"twitter:label1\" content=\"Price\" \/>\n\t<meta name=\"twitter:data1\" content=\"USD44.600,00\" \/>\n\t<meta name=\"twitter:label2\" content=\"Availability\" \/>\n\t<meta name=\"twitter:data2\" content=\"In stock\" \/>\n<script type=\"application\/ld+json\" class=\"yoast-schema-graph\">{\"@context\":\"https:\\\/\\\/schema.org\",\"@graph\":[{\"@type\":\"WebPage\",\"@id\":\"https:\\\/\\\/produncan.cl\\\/de\\\/produkt\\\/entre-pellines-eigenschaften\\\/\",\"url\":\"https:\\\/\\\/produncan.cl\\\/de\\\/produkt\\\/entre-pellines-eigenschaften\\\/\",\"name\":\"Grundst\u00fccke in Osorno, Entre Pellines - Seengebiet - Produncan\",\"isPartOf\":{\"@id\":\"https:\\\/\\\/produncan.cl\\\/de\\\/#website\"},\"primaryImageOfPage\":{\"@id\":\"https:\\\/\\\/produncan.cl\\\/de\\\/produkt\\\/entre-pellines-eigenschaften\\\/#primaryimage\"},\"image\":{\"@id\":\"https:\\\/\\\/produncan.cl\\\/de\\\/produkt\\\/entre-pellines-eigenschaften\\\/#primaryimage\"},\"thumbnailUrl\":\"https:\\\/\\\/produncan.cl\\\/wp-content\\\/uploads\\\/2022\\\/12\\\/Parcelas-Entre-Pellines.webp\",\"datePublished\":\"2023-10-05T16:01:32+00:00\",\"dateModified\":\"2025-11-24T21:06:09+00:00\",\"description\":\"Entre Pellines ist ein Projekt, das nur 12 km von der Plaza de Armas in Osorno entfernt liegt. Es ist von perfekten Wiesen umgeben und bietet einen atemberaubenden Blick auf die Vulkane.\",\"breadcrumb\":{\"@id\":\"https:\\\/\\\/produncan.cl\\\/de\\\/produkt\\\/entre-pellines-eigenschaften\\\/#breadcrumb\"},\"inLanguage\":\"de-DE\",\"potentialAction\":[{\"@type\":\"ReadAction\",\"target\":[\"https:\\\/\\\/produncan.cl\\\/de\\\/produkt\\\/entre-pellines-eigenschaften\\\/\"]}]},{\"@type\":\"ImageObject\",\"inLanguage\":\"de-DE\",\"@id\":\"https:\\\/\\\/produncan.cl\\\/de\\\/produkt\\\/entre-pellines-eigenschaften\\\/#primaryimage\",\"url\":\"https:\\\/\\\/produncan.cl\\\/wp-content\\\/uploads\\\/2022\\\/12\\\/Parcelas-Entre-Pellines.webp\",\"contentUrl\":\"https:\\\/\\\/produncan.cl\\\/wp-content\\\/uploads\\\/2022\\\/12\\\/Parcelas-Entre-Pellines.webp\",\"width\":600,\"height\":450,\"caption\":\"Grundst\u00fccke zwischen Pellings\"},{\"@type\":\"BreadcrumbList\",\"@id\":\"https:\\\/\\\/produncan.cl\\\/de\\\/produkt\\\/entre-pellines-eigenschaften\\\/#breadcrumb\",\"itemListElement\":[{\"@type\":\"ListItem\",\"position\":1,\"name\":\"Inicio\",\"item\":\"https:\\\/\\\/produncan.cl\\\/de\\\/\"},{\"@type\":\"ListItem\",\"position\":2,\"name\":\"Eigenschaften\",\"item\":\"https:\\\/\\\/produncan.cl\\\/propiedades\\\/\"},{\"@type\":\"ListItem\",\"position\":3,\"name\":\"Grundst\u00fccke\",\"item\":\"https:\\\/\\\/produncan.cl\\\/de\\\/kategorie\\\/grundstuecke\\\/\"},{\"@type\":\"ListItem\",\"position\":4,\"name\":\"Grundst\u00fccke in Osorno, Entre Pellines &#8211; Seengebiet\"}]},{\"@type\":\"WebSite\",\"@id\":\"https:\\\/\\\/produncan.cl\\\/de\\\/#website\",\"url\":\"https:\\\/\\\/produncan.cl\\\/de\\\/\",\"name\":\"Produncan\",\"description\":\"Wir begleiten Sie bei Ihrem Lebensprojekt!\",\"publisher\":{\"@id\":\"https:\\\/\\\/produncan.cl\\\/de\\\/#organization\"},\"potentialAction\":[{\"@type\":\"SearchAction\",\"target\":{\"@type\":\"EntryPoint\",\"urlTemplate\":\"https:\\\/\\\/produncan.cl\\\/de\\\/?s={search_term_string}\"},\"query-input\":{\"@type\":\"PropertyValueSpecification\",\"valueRequired\":true,\"valueName\":\"search_term_string\"}}],\"inLanguage\":\"de-DE\"},{\"@type\":\"Organization\",\"@id\":\"https:\\\/\\\/produncan.cl\\\/de\\\/#organization\",\"name\":\"Produncan\",\"url\":\"https:\\\/\\\/produncan.cl\\\/de\\\/\",\"logo\":{\"@type\":\"ImageObject\",\"inLanguage\":\"de-DE\",\"@id\":\"https:\\\/\\\/produncan.cl\\\/de\\\/#\\\/schema\\\/logo\\\/image\\\/\",\"url\":\"https:\\\/\\\/produncan.cl\\\/wp-content\\\/uploads\\\/2021\\\/03\\\/LOGO.jpeg\",\"contentUrl\":\"https:\\\/\\\/produncan.cl\\\/wp-content\\\/uploads\\\/2021\\\/03\\\/LOGO.jpeg\",\"width\":1280,\"height\":903,\"caption\":\"Produncan\"},\"image\":{\"@id\":\"https:\\\/\\\/produncan.cl\\\/de\\\/#\\\/schema\\\/logo\\\/image\\\/\"},\"sameAs\":[\"https:\\\/\\\/web.facebook.com\\\/produncanland\",\"https:\\\/\\\/www.instagram.com\\\/pro_duncan\\\/\",\"https:\\\/\\\/www.linkedin.com\\\/company\\\/produncan-lands\\\/\",\"https:\\\/\\\/www.youtube.com\\\/channel\\\/UCu7N-f3x0svkazD-Eew1-QQ\"],\"description\":\"En Produncan somos especialistas en la venta de terrenos en el sur de Chile. Proveemos estancias, campos, parcelas y hoteles.\",\"email\":\"info@produncan.cl\"}]}<\/script>\n<meta property=\"og:video\" content=\"https:\/\/www.youtube.com\/embed\/aY_8ellDqRE\" \/>\n<meta property=\"og:video:type\" content=\"text\/html\" \/>\n<meta property=\"og:video:duration\" content=\"60\" \/>\n<meta property=\"og:video:width\" content=\"480\" \/>\n<meta property=\"og:video:height\" content=\"270\" \/>\n<meta property=\"ya:ovs:adult\" content=\"false\" \/>\n<meta property=\"ya:ovs:upload_date\" content=\"2023-10-05T16:01:32+00:00\" \/>\n<meta property=\"ya:ovs:allow_embed\" content=\"true\" \/>\n<meta property=\"product:price:amount\" content=\"44600.00\" \/>\n<meta property=\"product:price:currency\" content=\"USD\" \/>\n<meta property=\"og:availability\" content=\"instock\" \/>\n<meta property=\"product:availability\" content=\"instock\" \/>\n<meta property=\"product:condition\" content=\"new\" \/>\n<!-- \/ Yoast SEO Premium plugin. -->","yoast_head_json":{"title":"Grundst\u00fccke in Osorno, Entre Pellines - Seengebiet - Produncan","description":"Entre Pellines ist ein Projekt, das nur 12 km von der Plaza de Armas in Osorno entfernt liegt. Es ist von perfekten Wiesen umgeben und bietet einen atemberaubenden Blick auf die Vulkane.","robots":{"index":"index","follow":"follow","max-snippet":"max-snippet:-1","max-image-preview":"max-image-preview:large","max-video-preview":"max-video-preview:-1"},"canonical":"https:\/\/produncan.cl\/de\/produkt\/entre-pellines-eigenschaften\/","og_locale":"de_DE","og_type":"article","og_title":"Grundst\u00fccke in Osorno, Entre Pellines - Seengebiet","og_description":"Entre Pellines ist ein Projekt, das nur 12 km von der Plaza de Armas in Osorno entfernt liegt. Es ist von perfekten Wiesen umgeben und bietet einen atemberaubenden Blick auf die Vulkane.","og_url":"https:\/\/produncan.cl\/de\/produkt\/entre-pellines-eigenschaften\/","og_site_name":"Produncan","article_publisher":"https:\/\/web.facebook.com\/produncanland","article_modified_time":"2025-11-24T21:06:09+00:00","og_image":[{"width":600,"height":450,"url":"https:\/\/produncan.cl\/wp-content\/uploads\/2022\/12\/Parcelas-Entre-Pellines.webp","type":"image\/webp"}],"twitter_card":"summary_large_image","twitter_misc":{"Price":"USD44.600,00","Availability":"In stock"},"schema":{"@context":"https:\/\/schema.org","@graph":[{"@type":"WebPage","@id":"https:\/\/produncan.cl\/de\/produkt\/entre-pellines-eigenschaften\/","url":"https:\/\/produncan.cl\/de\/produkt\/entre-pellines-eigenschaften\/","name":"Grundst\u00fccke in Osorno, Entre Pellines - Seengebiet - Produncan","isPartOf":{"@id":"https:\/\/produncan.cl\/de\/#website"},"primaryImageOfPage":{"@id":"https:\/\/produncan.cl\/de\/produkt\/entre-pellines-eigenschaften\/#primaryimage"},"image":{"@id":"https:\/\/produncan.cl\/de\/produkt\/entre-pellines-eigenschaften\/#primaryimage"},"thumbnailUrl":"https:\/\/produncan.cl\/wp-content\/uploads\/2022\/12\/Parcelas-Entre-Pellines.webp","datePublished":"2023-10-05T16:01:32+00:00","dateModified":"2025-11-24T21:06:09+00:00","description":"Entre Pellines ist ein Projekt, das nur 12 km von der Plaza de Armas in Osorno entfernt liegt. Es ist von perfekten Wiesen umgeben und bietet einen atemberaubenden Blick auf die Vulkane.","breadcrumb":{"@id":"https:\/\/produncan.cl\/de\/produkt\/entre-pellines-eigenschaften\/#breadcrumb"},"inLanguage":"de-DE","potentialAction":[{"@type":"ReadAction","target":["https:\/\/produncan.cl\/de\/produkt\/entre-pellines-eigenschaften\/"]}]},{"@type":"ImageObject","inLanguage":"de-DE","@id":"https:\/\/produncan.cl\/de\/produkt\/entre-pellines-eigenschaften\/#primaryimage","url":"https:\/\/produncan.cl\/wp-content\/uploads\/2022\/12\/Parcelas-Entre-Pellines.webp","contentUrl":"https:\/\/produncan.cl\/wp-content\/uploads\/2022\/12\/Parcelas-Entre-Pellines.webp","width":600,"height":450,"caption":"Grundst\u00fccke zwischen Pellings"},{"@type":"BreadcrumbList","@id":"https:\/\/produncan.cl\/de\/produkt\/entre-pellines-eigenschaften\/#breadcrumb","itemListElement":[{"@type":"ListItem","position":1,"name":"Inicio","item":"https:\/\/produncan.cl\/de\/"},{"@type":"ListItem","position":2,"name":"Eigenschaften","item":"https:\/\/produncan.cl\/propiedades\/"},{"@type":"ListItem","position":3,"name":"Grundst\u00fccke","item":"https:\/\/produncan.cl\/de\/kategorie\/grundstuecke\/"},{"@type":"ListItem","position":4,"name":"Grundst\u00fccke in Osorno, Entre Pellines &#8211; Seengebiet"}]},{"@type":"WebSite","@id":"https:\/\/produncan.cl\/de\/#website","url":"https:\/\/produncan.cl\/de\/","name":"Produncan","description":"Wir begleiten Sie bei Ihrem Lebensprojekt!","publisher":{"@id":"https:\/\/produncan.cl\/de\/#organization"},"potentialAction":[{"@type":"SearchAction","target":{"@type":"EntryPoint","urlTemplate":"https:\/\/produncan.cl\/de\/?s={search_term_string}"},"query-input":{"@type":"PropertyValueSpecification","valueRequired":true,"valueName":"search_term_string"}}],"inLanguage":"de-DE"},{"@type":"Organization","@id":"https:\/\/produncan.cl\/de\/#organization","name":"Produncan","url":"https:\/\/produncan.cl\/de\/","logo":{"@type":"ImageObject","inLanguage":"de-DE","@id":"https:\/\/produncan.cl\/de\/#\/schema\/logo\/image\/","url":"https:\/\/produncan.cl\/wp-content\/uploads\/2021\/03\/LOGO.jpeg","contentUrl":"https:\/\/produncan.cl\/wp-content\/uploads\/2021\/03\/LOGO.jpeg","width":1280,"height":903,"caption":"Produncan"},"image":{"@id":"https:\/\/produncan.cl\/de\/#\/schema\/logo\/image\/"},"sameAs":["https:\/\/web.facebook.com\/produncanland","https:\/\/www.instagram.com\/pro_duncan\/","https:\/\/www.linkedin.com\/company\/produncan-lands\/","https:\/\/www.youtube.com\/channel\/UCu7N-f3x0svkazD-Eew1-QQ"],"description":"En Produncan somos especialistas en la venta de terrenos en el sur de Chile. Proveemos estancias, campos, parcelas y hoteles.","email":"info@produncan.cl"}]},"og_video":"https:\/\/www.youtube.com\/embed\/aY_8ellDqRE","og_video_type":"text\/html","og_video_duration":"60","og_video_width":"480","og_video_height":"270","ya_ovs_adult":"false","ya_ovs_upload_date":"2023-10-05T16:01:32+00:00","ya_ovs_allow_embed":"true","product_price_amount":"44600.00","product_price_currency":"USD","og_availability":"instock","product_availability":"instock","product_condition":"new"},"_links":{"self":[{"href":"https:\/\/produncan.cl\/de\/wp-json\/wp\/v2\/product\/8360","targetHints":{"allow":["GET"]}}],"collection":[{"href":"https:\/\/produncan.cl\/de\/wp-json\/wp\/v2\/product"}],"about":[{"href":"https:\/\/produncan.cl\/de\/wp-json\/wp\/v2\/types\/product"}],"version-history":[{"count":2,"href":"https:\/\/produncan.cl\/de\/wp-json\/wp\/v2\/product\/8360\/revisions"}],"predecessor-version":[{"id":52600,"href":"https:\/\/produncan.cl\/de\/wp-json\/wp\/v2\/product\/8360\/revisions\/52600"}],"wp:featuredmedia":[{"embeddable":true,"href":"https:\/\/produncan.cl\/de\/wp-json\/wp\/v2\/media\/8283"}],"wp:attachment":[{"href":"https:\/\/produncan.cl\/de\/wp-json\/wp\/v2\/media?parent=8360"}],"wp:term":[{"taxonomy":"product_brand","embeddable":true,"href":"https:\/\/produncan.cl\/de\/wp-json\/wp\/v2\/product_brand?post=8360"},{"taxonomy":"product_cat","embeddable":true,"href":"https:\/\/produncan.cl\/de\/wp-json\/wp\/v2\/product_cat?post=8360"},{"taxonomy":"product_tag","embeddable":true,"href":"https:\/\/produncan.cl\/de\/wp-json\/wp\/v2\/product_tag?post=8360"},{"taxonomy":"regiones","embeddable":true,"href":"https:\/\/produncan.cl\/de\/wp-json\/wp\/v2\/regiones?post=8360"},{"taxonomy":"ciudades","embeddable":true,"href":"https:\/\/produncan.cl\/de\/wp-json\/wp\/v2\/ciudades?post=8360"}],"curies":[{"name":"wp","href":"https:\/\/api.w.org\/{rel}","templated":true}]}}