{"id":8558,"date":"2023-11-05T10:52:22","date_gmt":"2023-11-05T13:52:22","guid":{"rendered":"https:\/\/produncan.cl\/producto\/grundstuecke-los-alerces-de-lauca\/"},"modified":"2026-01-16T18:16:20","modified_gmt":"2026-01-16T21:16:20","slug":"grundstuecke-los-alerces-de-lauca","status":"publish","type":"product","link":"https:\/\/produncan.cl\/de\/produkt\/grundstuecke-los-alerces-de-lauca\/","title":{"rendered":"Grundst\u00fccke Los Alerces de Lauca &#8211; Puerto Varas, Regi\u00f3n de Los Lagos"},"content":{"rendered":"\t\t<div data-elementor-type=\"product-post\" data-elementor-id=\"8558\" class=\"elementor elementor-8558 elementor-1636\" data-elementor-post-type=\"product\">\n\t\t\t\t<div class=\"elementor-element elementor-element-e52a522 e-flex e-con-boxed e-con e-parent\" data-id=\"e52a522\" data-element_type=\"container\" data-e-type=\"container\" data-settings=\"{&quot;jet_parallax_layout_list&quot;:[]}\">\n\t\t\t\t\t<div class=\"e-con-inner\">\n\t\t<div class=\"elementor-element elementor-element-c78f944 e-con-full e-flex e-con e-child\" data-id=\"c78f944\" data-element_type=\"container\" data-e-type=\"container\" data-settings=\"{&quot;jet_parallax_layout_list&quot;:[]}\">\n\t\t\t\t<div class=\"elementor-element elementor-element-02062e4 elementor-widget elementor-widget-heading\" data-id=\"02062e4\" data-element_type=\"widget\" data-e-type=\"widget\" data-widget_type=\"heading.default\">\n\t\t\t\t\t<h2 class=\"elementor-heading-title elementor-size-default\">Kommen Sie zu einem konsolidierten Projekt 30 Minuten von Puerto Varas entfernt.<\/h2>\t\t\t\t<\/div>\n\t\t\t\t<div class=\"elementor-element elementor-element-f873c07 elementor-widget elementor-widget-text-editor\" data-id=\"f873c07\" data-element_type=\"widget\" data-e-type=\"widget\" data-widget_type=\"text-editor.default\">\n\t\t\t\t\t\t\t\t\t<p>Wir laden Sie ein, an unserem Projekt von Parzellen inmitten eines wundersch\u00f6nen einheimischen Waldes teilzunehmen. Hier finden Sie alle grundlegenden Dienstleistungen in vollem Umfang und eine Vielzahl von Gemeinschaftsr\u00e4umen, alles nur eine halbe Stunde von Puerto Varas und Puerto Montt entfernt.<\/p>\n<p><span style=\"color: var( --e-global-color-text ); font-family: var( --e-global-typography-text-font-family ), Sans-serif; font-weight: var( --e-global-typography-text-font-weight );\">Unser Projekt bietet Annehmlichkeiten wie Strom- und Wasserversorgung, Glasfaseranschl\u00fcsse und ein elektrisches Tor mit Fernzugriff, die alle installiert und betriebsbereit sind. Derzeit haben wir bereits 15 bewohnte H\u00e4user und mehrere im Bau befindliche.<\/span><\/p>\n<p><span style=\"color: var( --e-global-color-text ); font-family: var( --e-global-typography-text-font-family ), Sans-serif; font-weight: var( --e-global-typography-text-font-weight );\">Der Standort ist gut an den \u00f6ffentlichen Nahverkehr angebunden, und die Zufahrt zum Projekt ist gr\u00f6\u00dftenteils asphaltiert, wobei nur ein kleiner Abschnitt bis 2024 fertiggestellt werden soll.<\/span><\/p>\n<p><span style=\"color: var( --e-global-color-text ); font-family: var( --e-global-typography-text-font-family ), Sans-serif; font-weight: var( --e-global-typography-text-font-weight );\">Auf unserem Gel\u00e4nde befindet sich ein wundersch\u00f6ner Naturpark, der von allen Eigent\u00fcmern gemeinsam genutzt wird. Er umfasst 4,2 Hektar mit beschaulichen Wanderwegen entlang zweier Fl\u00fcsse und einer Lagune. Wir verf\u00fcgen auch \u00fcber einen gro\u00dfen Grillplatz und einen Bereich f\u00fcr Freizeit- und Sportaktivit\u00e4ten.<\/span><\/p>\n<p><span style=\"color: var( --e-global-color-text ); font-family: var( --e-global-typography-text-font-family ), Sans-serif; font-weight: var( --e-global-typography-text-font-weight );\">Unsere Preise sind sehr attraktiv, und wir bieten flexible Finanzierungsm\u00f6glichkeiten \u00fcber den Immobilienmakler:<\/span><\/p>\n<ul>\n<li><span style=\"background-color: transparent; color: var( --e-global-color-text ); font-family: var( --e-global-typography-text-font-family ), Sans-serif; font-weight: var( --e-global-typography-text-font-weight );\">Option 1: Sie zahlen 50 % in bar und den Restbetrag in 12 Raten ohne zus\u00e4tzliche Zinsen.<\/span><\/li>\n<li>Option 2: Zahlung von 50 % in bar und Stundung der restlichen 50 % in 24 Raten mit einem Aufschlag von 1 Mio. USD.<\/li>\n<li>Option 3: Zahlung von 50 % in bar und Aufteilung der restlichen 50 % in 36 Raten mit einem Aufschlag von 2 Mio. USD.<\/li>\n<\/ul>\n<div><\/div>\n<p>Das Projekt ist strategisch g\u00fcnstig gelegen f\u00fcr diejenigen, die zwischen Puerto Varas und Puerto Montt pendeln und interessante Orte wie den Llanquihue-See und Ensenada im Norden, Chamiza und den Alerce Andino-Park im S\u00fcden sowie den Chapo-See im Osten erkunden m\u00f6chten.<\/p>\n<p><span style=\"color: var( --e-global-color-text ); font-family: var( --e-global-typography-text-font-family ), Sans-serif; font-weight: var( --e-global-typography-text-font-weight );\">F\u00fcr den t\u00e4glichen Bedarf finden Sie alles, was Sie brauchen, in den D\u00f6rfern Alerce und Chamiza, die beide nur 15 Minuten vom Projekt entfernt sind.<\/span><\/p>\n<p><span style=\"color: var( --e-global-color-text ); font-family: var( --e-global-typography-text-font-family ), Sans-serif; font-weight: var( --e-global-typography-text-font-weight );\">Verpassen Sie nicht die Gelegenheit, Ihr Verm\u00f6gen an einem Ort zu sichern, der ein hohes Potenzial f\u00fcr Kapitalgewinne bietet.<\/span><\/p>\n<p><span style=\"color: var( --e-global-color-text ); font-family: var( --e-global-typography-text-font-family ), Sans-serif; font-weight: var( --e-global-typography-text-font-weight );\">Reservieren Sie Ihr Grundst\u00fcck in Los Alerces de Lauca noch heute!<\/span><\/p>\n\t\t\t\t\t\t\t\t<\/div>\n\t\t\t\t<\/div>\n\t\t\t\t\t<\/div>\n\t\t\t\t<\/div>\n\t\t\t\t<\/div>\n\t\t","protected":false},"excerpt":{"rendered":"<p>Konsolidiertes Projekt mit Grundst\u00fccken, 30 Minuten von Puerto Varas entfernt. Eingebettet in einen einheimischen Wald, mit Wasser, Strom, Glasfaserkabel, Gemeinschaftsr\u00e4umen und elektrischem Tor.<\/p>\n","protected":false},"featured_media":44912,"template":"","meta":{"_acf_changed":false},"product_brand":[],"product_cat":[104],"product_tag":[232],"regiones":[226],"ciudades":[218,219],"class_list":{"0":"post-8558","1":"product","2":"type-product","3":"status-publish","4":"has-post-thumbnail","6":"product_cat-ohiggins-los-lagos","7":"product_tag-grundstuecke","8":"regiones-nuble-los_lagos","9":"ciudades-puerto-montt","10":"ciudades-puerto-varas","12":"first","13":"instock","14":"sold-individually","15":"shipping-taxable","16":"purchasable","17":"product-type-simple"},"acf":[],"yoast_head":"<!-- This site is optimized with the Yoast SEO Premium plugin v26.0 (Yoast SEO v27.4) - https:\/\/yoast.com\/product\/yoast-seo-premium-wordpress\/ -->\n<title>Grundst\u00fccke Los Alerces de Lauca - Puerto Varas - Produncan<\/title>\n<meta name=\"description\" content=\"Lernen Sie Los Alerces de Lauca kennen Grundst\u00fccke mit Strom, Wasser und Glasfaserkabel. Nur 30 Minuten von den St\u00e4dten Puerto Varas und Puerto Mont entfernt.\" \/>\n<meta name=\"robots\" content=\"index, follow, max-snippet:-1, max-image-preview:large, max-video-preview:-1\" \/>\n<link rel=\"canonical\" href=\"https:\/\/produncan.cl\/de\/produkt\/grundstuecke-los-alerces-de-lauca\/\" \/>\n<meta property=\"og:locale\" content=\"de_DE\" \/>\n<meta property=\"og:type\" content=\"article\" \/>\n<meta property=\"og:title\" content=\"Grundst\u00fccke Los Alerces de Lauca - Puerto Varas, Regi\u00f3n de Los Lagos\" \/>\n<meta property=\"og:description\" content=\"Lernen Sie Los Alerces de Lauca kennen Grundst\u00fccke mit Strom, Wasser und Glasfaserkabel. Nur 30 Minuten von den St\u00e4dten Puerto Varas und Puerto Mont entfernt.\" \/>\n<meta property=\"og:url\" content=\"https:\/\/produncan.cl\/de\/produkt\/grundstuecke-los-alerces-de-lauca\/\" \/>\n<meta property=\"og:site_name\" content=\"Produncan\" \/>\n<meta property=\"article:publisher\" content=\"https:\/\/web.facebook.com\/produncanland\" \/>\n<meta property=\"article:modified_time\" content=\"2026-01-16T21:16:20+00:00\" \/>\n<meta property=\"og:image\" content=\"https:\/\/produncan.cl\/wp-content\/uploads\/2023\/03\/PARCELAS-LOS-ALERCES-DE-LAUCA.webp\" \/>\n<meta name=\"twitter:card\" content=\"summary_large_image\" \/>\n<meta name=\"twitter:label1\" content=\"Price\" \/>\n\t<meta name=\"twitter:data1\" content=\"USD30.400,00\" \/>\n\t<meta name=\"twitter:label2\" content=\"Availability\" \/>\n\t<meta name=\"twitter:data2\" content=\"In stock\" \/>\n<script type=\"application\/ld+json\" class=\"yoast-schema-graph\">{\"@context\":\"https:\\\/\\\/schema.org\",\"@graph\":[{\"@type\":\"WebPage\",\"@id\":\"https:\\\/\\\/produncan.cl\\\/de\\\/produkt\\\/grundstuecke-los-alerces-de-lauca\\\/\",\"url\":\"https:\\\/\\\/produncan.cl\\\/de\\\/produkt\\\/grundstuecke-los-alerces-de-lauca\\\/\",\"name\":\"Grundst\u00fccke Los Alerces de Lauca - Puerto Varas - Produncan\",\"isPartOf\":{\"@id\":\"https:\\\/\\\/produncan.cl\\\/de\\\/#website\"},\"primaryImageOfPage\":{\"@id\":\"https:\\\/\\\/produncan.cl\\\/de\\\/produkt\\\/grundstuecke-los-alerces-de-lauca\\\/#primaryimage\"},\"image\":{\"@id\":\"https:\\\/\\\/produncan.cl\\\/de\\\/produkt\\\/grundstuecke-los-alerces-de-lauca\\\/#primaryimage\"},\"thumbnailUrl\":\"https:\\\/\\\/produncan.cl\\\/wp-content\\\/uploads\\\/2023\\\/11\\\/Parcelas-Los-Alerces-de-Lauca-Puerto-Varas.webp\",\"datePublished\":\"2023-11-05T13:52:22+00:00\",\"dateModified\":\"2026-01-16T21:16:20+00:00\",\"description\":\"Lernen Sie Los Alerces de Lauca kennen Grundst\u00fccke mit Strom, Wasser und Glasfaserkabel. Nur 30 Minuten von den St\u00e4dten Puerto Varas und Puerto Mont entfernt.\",\"breadcrumb\":{\"@id\":\"https:\\\/\\\/produncan.cl\\\/de\\\/produkt\\\/grundstuecke-los-alerces-de-lauca\\\/#breadcrumb\"},\"inLanguage\":\"de-DE\",\"potentialAction\":[{\"@type\":\"ReadAction\",\"target\":[\"https:\\\/\\\/produncan.cl\\\/de\\\/produkt\\\/grundstuecke-los-alerces-de-lauca\\\/\"]}]},{\"@type\":\"ImageObject\",\"inLanguage\":\"de-DE\",\"@id\":\"https:\\\/\\\/produncan.cl\\\/de\\\/produkt\\\/grundstuecke-los-alerces-de-lauca\\\/#primaryimage\",\"url\":\"https:\\\/\\\/produncan.cl\\\/wp-content\\\/uploads\\\/2023\\\/11\\\/Parcelas-Los-Alerces-de-Lauca-Puerto-Varas.webp\",\"contentUrl\":\"https:\\\/\\\/produncan.cl\\\/wp-content\\\/uploads\\\/2023\\\/11\\\/Parcelas-Los-Alerces-de-Lauca-Puerto-Varas.webp\",\"width\":800,\"height\":600,\"caption\":\"Grundst\u00fcck The Alerces de Cauca Puerto Varas\"},{\"@type\":\"BreadcrumbList\",\"@id\":\"https:\\\/\\\/produncan.cl\\\/de\\\/produkt\\\/grundstuecke-los-alerces-de-lauca\\\/#breadcrumb\",\"itemListElement\":[{\"@type\":\"ListItem\",\"position\":1,\"name\":\"Inicio\",\"item\":\"https:\\\/\\\/produncan.cl\\\/de\\\/\"},{\"@type\":\"ListItem\",\"position\":2,\"name\":\"Eigenschaften\",\"item\":\"https:\\\/\\\/produncan.cl\\\/propiedades\\\/\"},{\"@type\":\"ListItem\",\"position\":3,\"name\":\"Grundst\u00fccke\",\"item\":\"https:\\\/\\\/produncan.cl\\\/de\\\/kategorie\\\/grundstuecke\\\/\"},{\"@type\":\"ListItem\",\"position\":4,\"name\":\"Grundst\u00fccke Los Alerces de Lauca &#8211; Puerto Varas, Regi\u00f3n de Los Lagos\"}]},{\"@type\":\"WebSite\",\"@id\":\"https:\\\/\\\/produncan.cl\\\/de\\\/#website\",\"url\":\"https:\\\/\\\/produncan.cl\\\/de\\\/\",\"name\":\"Produncan\",\"description\":\"Wir begleiten Sie bei Ihrem Lebensprojekt!\",\"publisher\":{\"@id\":\"https:\\\/\\\/produncan.cl\\\/de\\\/#organization\"},\"potentialAction\":[{\"@type\":\"SearchAction\",\"target\":{\"@type\":\"EntryPoint\",\"urlTemplate\":\"https:\\\/\\\/produncan.cl\\\/de\\\/?s={search_term_string}\"},\"query-input\":{\"@type\":\"PropertyValueSpecification\",\"valueRequired\":true,\"valueName\":\"search_term_string\"}}],\"inLanguage\":\"de-DE\"},{\"@type\":\"Organization\",\"@id\":\"https:\\\/\\\/produncan.cl\\\/de\\\/#organization\",\"name\":\"Produncan\",\"url\":\"https:\\\/\\\/produncan.cl\\\/de\\\/\",\"logo\":{\"@type\":\"ImageObject\",\"inLanguage\":\"de-DE\",\"@id\":\"https:\\\/\\\/produncan.cl\\\/de\\\/#\\\/schema\\\/logo\\\/image\\\/\",\"url\":\"https:\\\/\\\/produncan.cl\\\/wp-content\\\/uploads\\\/2021\\\/03\\\/LOGO.jpeg\",\"contentUrl\":\"https:\\\/\\\/produncan.cl\\\/wp-content\\\/uploads\\\/2021\\\/03\\\/LOGO.jpeg\",\"width\":1280,\"height\":903,\"caption\":\"Produncan\"},\"image\":{\"@id\":\"https:\\\/\\\/produncan.cl\\\/de\\\/#\\\/schema\\\/logo\\\/image\\\/\"},\"sameAs\":[\"https:\\\/\\\/web.facebook.com\\\/produncanland\",\"https:\\\/\\\/www.instagram.com\\\/pro_duncan\\\/\",\"https:\\\/\\\/www.linkedin.com\\\/company\\\/produncan-lands\\\/\",\"https:\\\/\\\/www.youtube.com\\\/channel\\\/UCu7N-f3x0svkazD-Eew1-QQ\"],\"description\":\"En Produncan somos especialistas en la venta de terrenos en el sur de Chile. Proveemos estancias, campos, parcelas y hoteles.\",\"email\":\"info@produncan.cl\"}]}<\/script>\n<meta property=\"og:video\" content=\"https:\/\/www.youtube.com\/embed\/gaIwGxv_-Xs\" \/>\n<meta property=\"og:video:type\" content=\"text\/html\" \/>\n<meta property=\"og:video:duration\" content=\"68\" \/>\n<meta property=\"og:video:width\" content=\"480\" \/>\n<meta property=\"og:video:height\" content=\"270\" \/>\n<meta property=\"ya:ovs:adult\" content=\"false\" \/>\n<meta property=\"ya:ovs:upload_date\" content=\"2023-11-05T13:52:22+00:00\" \/>\n<meta property=\"ya:ovs:allow_embed\" content=\"true\" \/>\n<meta property=\"product:price:amount\" content=\"30400.00\" \/>\n<meta property=\"product:price:currency\" content=\"USD\" \/>\n<meta property=\"og:availability\" content=\"instock\" \/>\n<meta property=\"product:availability\" content=\"instock\" \/>\n<meta property=\"product:condition\" content=\"new\" \/>\n<!-- \/ Yoast SEO Premium plugin. -->","yoast_head_json":{"title":"Grundst\u00fccke Los Alerces de Lauca - Puerto Varas - Produncan","description":"Lernen Sie Los Alerces de Lauca kennen Grundst\u00fccke mit Strom, Wasser und Glasfaserkabel. Nur 30 Minuten von den St\u00e4dten Puerto Varas und Puerto Mont entfernt.","robots":{"index":"index","follow":"follow","max-snippet":"max-snippet:-1","max-image-preview":"max-image-preview:large","max-video-preview":"max-video-preview:-1"},"canonical":"https:\/\/produncan.cl\/de\/produkt\/grundstuecke-los-alerces-de-lauca\/","og_locale":"de_DE","og_type":"article","og_title":"Grundst\u00fccke Los Alerces de Lauca - Puerto Varas, Regi\u00f3n de Los Lagos","og_description":"Lernen Sie Los Alerces de Lauca kennen Grundst\u00fccke mit Strom, Wasser und Glasfaserkabel. Nur 30 Minuten von den St\u00e4dten Puerto Varas und Puerto Mont entfernt.","og_url":"https:\/\/produncan.cl\/de\/produkt\/grundstuecke-los-alerces-de-lauca\/","og_site_name":"Produncan","article_publisher":"https:\/\/web.facebook.com\/produncanland","article_modified_time":"2026-01-16T21:16:20+00:00","og_image":[{"url":"https:\/\/produncan.cl\/wp-content\/uploads\/2023\/03\/PARCELAS-LOS-ALERCES-DE-LAUCA.webp","type":"","width":"","height":""}],"twitter_card":"summary_large_image","twitter_misc":{"Price":"USD30.400,00","Availability":"In stock"},"schema":{"@context":"https:\/\/schema.org","@graph":[{"@type":"WebPage","@id":"https:\/\/produncan.cl\/de\/produkt\/grundstuecke-los-alerces-de-lauca\/","url":"https:\/\/produncan.cl\/de\/produkt\/grundstuecke-los-alerces-de-lauca\/","name":"Grundst\u00fccke Los Alerces de Lauca - Puerto Varas - Produncan","isPartOf":{"@id":"https:\/\/produncan.cl\/de\/#website"},"primaryImageOfPage":{"@id":"https:\/\/produncan.cl\/de\/produkt\/grundstuecke-los-alerces-de-lauca\/#primaryimage"},"image":{"@id":"https:\/\/produncan.cl\/de\/produkt\/grundstuecke-los-alerces-de-lauca\/#primaryimage"},"thumbnailUrl":"https:\/\/produncan.cl\/wp-content\/uploads\/2023\/11\/Parcelas-Los-Alerces-de-Lauca-Puerto-Varas.webp","datePublished":"2023-11-05T13:52:22+00:00","dateModified":"2026-01-16T21:16:20+00:00","description":"Lernen Sie Los Alerces de Lauca kennen Grundst\u00fccke mit Strom, Wasser und Glasfaserkabel. Nur 30 Minuten von den St\u00e4dten Puerto Varas und Puerto Mont entfernt.","breadcrumb":{"@id":"https:\/\/produncan.cl\/de\/produkt\/grundstuecke-los-alerces-de-lauca\/#breadcrumb"},"inLanguage":"de-DE","potentialAction":[{"@type":"ReadAction","target":["https:\/\/produncan.cl\/de\/produkt\/grundstuecke-los-alerces-de-lauca\/"]}]},{"@type":"ImageObject","inLanguage":"de-DE","@id":"https:\/\/produncan.cl\/de\/produkt\/grundstuecke-los-alerces-de-lauca\/#primaryimage","url":"https:\/\/produncan.cl\/wp-content\/uploads\/2023\/11\/Parcelas-Los-Alerces-de-Lauca-Puerto-Varas.webp","contentUrl":"https:\/\/produncan.cl\/wp-content\/uploads\/2023\/11\/Parcelas-Los-Alerces-de-Lauca-Puerto-Varas.webp","width":800,"height":600,"caption":"Grundst\u00fcck The Alerces de Cauca Puerto Varas"},{"@type":"BreadcrumbList","@id":"https:\/\/produncan.cl\/de\/produkt\/grundstuecke-los-alerces-de-lauca\/#breadcrumb","itemListElement":[{"@type":"ListItem","position":1,"name":"Inicio","item":"https:\/\/produncan.cl\/de\/"},{"@type":"ListItem","position":2,"name":"Eigenschaften","item":"https:\/\/produncan.cl\/propiedades\/"},{"@type":"ListItem","position":3,"name":"Grundst\u00fccke","item":"https:\/\/produncan.cl\/de\/kategorie\/grundstuecke\/"},{"@type":"ListItem","position":4,"name":"Grundst\u00fccke Los Alerces de Lauca &#8211; Puerto Varas, Regi\u00f3n de Los Lagos"}]},{"@type":"WebSite","@id":"https:\/\/produncan.cl\/de\/#website","url":"https:\/\/produncan.cl\/de\/","name":"Produncan","description":"Wir begleiten Sie bei Ihrem Lebensprojekt!","publisher":{"@id":"https:\/\/produncan.cl\/de\/#organization"},"potentialAction":[{"@type":"SearchAction","target":{"@type":"EntryPoint","urlTemplate":"https:\/\/produncan.cl\/de\/?s={search_term_string}"},"query-input":{"@type":"PropertyValueSpecification","valueRequired":true,"valueName":"search_term_string"}}],"inLanguage":"de-DE"},{"@type":"Organization","@id":"https:\/\/produncan.cl\/de\/#organization","name":"Produncan","url":"https:\/\/produncan.cl\/de\/","logo":{"@type":"ImageObject","inLanguage":"de-DE","@id":"https:\/\/produncan.cl\/de\/#\/schema\/logo\/image\/","url":"https:\/\/produncan.cl\/wp-content\/uploads\/2021\/03\/LOGO.jpeg","contentUrl":"https:\/\/produncan.cl\/wp-content\/uploads\/2021\/03\/LOGO.jpeg","width":1280,"height":903,"caption":"Produncan"},"image":{"@id":"https:\/\/produncan.cl\/de\/#\/schema\/logo\/image\/"},"sameAs":["https:\/\/web.facebook.com\/produncanland","https:\/\/www.instagram.com\/pro_duncan\/","https:\/\/www.linkedin.com\/company\/produncan-lands\/","https:\/\/www.youtube.com\/channel\/UCu7N-f3x0svkazD-Eew1-QQ"],"description":"En Produncan somos especialistas en la venta de terrenos en el sur de Chile. Proveemos estancias, campos, parcelas y hoteles.","email":"info@produncan.cl"}]},"og_video":"https:\/\/www.youtube.com\/embed\/gaIwGxv_-Xs","og_video_type":"text\/html","og_video_duration":"68","og_video_width":"480","og_video_height":"270","ya_ovs_adult":"false","ya_ovs_upload_date":"2023-11-05T13:52:22+00:00","ya_ovs_allow_embed":"true","product_price_amount":"30400.00","product_price_currency":"USD","og_availability":"instock","product_availability":"instock","product_condition":"new"},"_links":{"self":[{"href":"https:\/\/produncan.cl\/de\/wp-json\/wp\/v2\/product\/8558","targetHints":{"allow":["GET"]}}],"collection":[{"href":"https:\/\/produncan.cl\/de\/wp-json\/wp\/v2\/product"}],"about":[{"href":"https:\/\/produncan.cl\/de\/wp-json\/wp\/v2\/types\/product"}],"version-history":[{"count":4,"href":"https:\/\/produncan.cl\/de\/wp-json\/wp\/v2\/product\/8558\/revisions"}],"predecessor-version":[{"id":54491,"href":"https:\/\/produncan.cl\/de\/wp-json\/wp\/v2\/product\/8558\/revisions\/54491"}],"wp:featuredmedia":[{"embeddable":true,"href":"https:\/\/produncan.cl\/de\/wp-json\/wp\/v2\/media\/44912"}],"wp:attachment":[{"href":"https:\/\/produncan.cl\/de\/wp-json\/wp\/v2\/media?parent=8558"}],"wp:term":[{"taxonomy":"product_brand","embeddable":true,"href":"https:\/\/produncan.cl\/de\/wp-json\/wp\/v2\/product_brand?post=8558"},{"taxonomy":"product_cat","embeddable":true,"href":"https:\/\/produncan.cl\/de\/wp-json\/wp\/v2\/product_cat?post=8558"},{"taxonomy":"product_tag","embeddable":true,"href":"https:\/\/produncan.cl\/de\/wp-json\/wp\/v2\/product_tag?post=8558"},{"taxonomy":"regiones","embeddable":true,"href":"https:\/\/produncan.cl\/de\/wp-json\/wp\/v2\/regiones?post=8558"},{"taxonomy":"ciudades","embeddable":true,"href":"https:\/\/produncan.cl\/de\/wp-json\/wp\/v2\/ciudades?post=8558"}],"curies":[{"name":"wp","href":"https:\/\/api.w.org\/{rel}","templated":true}]}}