{"id":8561,"date":"2022-05-06T13:44:30","date_gmt":"2022-05-06T17:44:30","guid":{"rendered":"https:\/\/produncan.cl\/producto\/rinderfarm-cerro-huelen\/"},"modified":"2025-08-19T12:07:26","modified_gmt":"2025-08-19T16:07:26","slug":"rinderfarm-cerro-huelen","status":"publish","type":"product","link":"https:\/\/produncan.cl\/de\/produkt\/rinderfarm-cerro-huelen\/","title":{"rendered":"Estancia in Puerto Natales 2240 Hektar &#8211; Cerro Huel\u00e9n, Magallanes"},"content":{"rendered":"\t\t<div data-elementor-type=\"product-post\" data-elementor-id=\"8561\" class=\"elementor elementor-8561 elementor-1632\" data-elementor-post-type=\"product\">\n\t\t\t\t\t\t<section class=\"elementor-section elementor-top-section elementor-element elementor-element-6d47d280 elementor-section-boxed elementor-section-height-default elementor-section-height-default\" data-id=\"6d47d280\" data-element_type=\"section\" data-e-type=\"section\" data-settings=\"{&quot;jet_parallax_layout_list&quot;:[]}\">\n\t\t\t\t\t\t<div class=\"elementor-container elementor-column-gap-default\">\n\t\t\t\t\t<div class=\"elementor-column elementor-col-100 elementor-top-column elementor-element elementor-element-7e5824c6\" data-id=\"7e5824c6\" data-element_type=\"column\" data-e-type=\"column\">\n\t\t\t<div class=\"elementor-widget-wrap elementor-element-populated\">\n\t\t\t\t\t\t<div class=\"elementor-element elementor-element-34afead9 elementor-widget elementor-widget-text-editor\" data-id=\"34afead9\" data-element_type=\"widget\" data-e-type=\"widget\" data-widget_type=\"text-editor.default\">\n\t\t\t\t\t\t\t\t\t<h2>Erleben Sie die magellanische Pampa auf einer Estancia bei Puerto Natales<\/h2><p>Willkommen in der Magellan-Pampa und auf einer Estancia nur 25 Minuten von Puerto Natales entfernt, einem der Orte mit dem gr\u00f6\u00dften Entwicklungspotenzial.<\/p><p>Die Estancia Cerro Huel\u00e9n hat eine Fl\u00e4che von 2.240 Hektar und liegt 22 km von Natales entfernt. Es grenzt an Argentinien f\u00fcr ca. 7 km, mit der Route 9 f\u00fcr ca. 3,7 km. Es hat:<\/p><ul><li>Eine riesige Lagune von ca. 77 Hektar.<\/li><li>4,6kms de R\u00edo Tranquilo proveniente de Argentina<\/li><li>Eine riesige Lagune von etwa 77 Hektar.<\/li><li>3 Wasserbrunnen mit einer Tiefe von ca. 50 Metern.<\/li><\/ul><div> <\/div><p>Au\u00dferdem gibt es ein unbewohntes Eichenhaus mit drei Schlafzimmern, einem Badezimmer und einer K\u00fcche in gutem Zustand. Au\u00dferdem gibt es ein kleines Haus, Sonnenkollektoren, Masten, einen Transformator und einen Stall f\u00fcr 300 K\u00fche.<\/p><p>Au\u00dferdem hat die Ranch die Besonderheit, dass sie \u00fcber zwei Grundst\u00fccke auf der gegen\u00fcberliegenden Seite der Stra\u00dfe verf\u00fcgt, was ein interessantes Projekt erm\u00f6glicht, das auf den starken Fluss zwischen Punta Arenas und Puerto Natales abzielt.<\/p><p>Schlie\u00dflich ist die Estancia rundherum eingez\u00e4unt, an der Grenze zu Argentinien mit einem 7-8-Drahtzaun und mit Innenz\u00e4unen f\u00fcr die Tierhaltung.<\/p><p>WAGEN SIE DEN SPRUNG UND INVESTIEREN SIE IN NATALES!<\/p>\t\t\t\t\t\t\t\t<\/div>\n\t\t\t\t\t<\/div>\n\t\t<\/div>\n\t\t\t\t\t<\/div>\n\t\t<\/section>\n\t\t\t\t<\/div>\n\t\t","protected":false},"excerpt":{"rendered":"<p>Aufenthalt in Puerto Natales, nur 25 Minuten von der Stadt mit einer Fl\u00e4che entfernt. Es verf\u00fcgt \u00fcber einen gro\u00dfen See, Fluss, S\u00fcmpfe und 3 Brunnen.  Ideal f\u00fcr Tourismus und Naturschutz.<\/p>\n","protected":false},"featured_media":52810,"template":"","meta":{"_acf_changed":false},"product_brand":[],"product_cat":[116],"product_tag":[235,234],"regiones":[225],"ciudades":[210],"class_list":{"0":"post-8561","1":"product","2":"type-product","3":"status-publish","4":"has-post-thumbnail","6":"product_cat-aysen-magallanes-de","7":"product_tag-felder","8":"product_tag-felder-fuer-den-schutz","9":"regiones-aysen-magallanes","10":"ciudades-puerto-natales","12":"first","13":"instock","14":"sold-individually","15":"shipping-taxable","16":"purchasable","17":"product-type-simple"},"acf":[],"yoast_head":"<!-- This site is optimized with the Yoast SEO Premium plugin v26.0 (Yoast SEO v27.3) - https:\/\/yoast.com\/product\/yoast-seo-premium-wordpress\/ -->\n<title>Aufenthalt in Puerto Natales - Cerro Huel\u00e9n - Produncan<\/title>\n<meta name=\"description\" content=\"2.240 Hektar gro\u00dfe Estancia in Puerto Natales, wo Sie die Magellanische Pampa in ihrer ganzen Pracht mit ihrer riesigen Lagune, dem Fluss und den Flussm\u00fcndungen genie\u00dfen k\u00f6nnen.\" \/>\n<meta name=\"robots\" content=\"index, follow, max-snippet:-1, max-image-preview:large, max-video-preview:-1\" \/>\n<link rel=\"canonical\" href=\"https:\/\/produncan.cl\/de\/produkt\/rinderfarm-cerro-huelen\/\" \/>\n<meta property=\"og:locale\" content=\"de_DE\" \/>\n<meta property=\"og:type\" content=\"article\" \/>\n<meta property=\"og:title\" content=\"Estancia in Puerto Natales 2240 Hektar - Cerro Huel\u00e9n, Magallanes\" \/>\n<meta property=\"og:description\" content=\"2.240 Hektar gro\u00dfe Estancia in Puerto Natales, wo Sie die Magellanische Pampa in ihrer ganzen Pracht mit ihrer riesigen Lagune, dem Fluss und den Flussm\u00fcndungen genie\u00dfen k\u00f6nnen.\" \/>\n<meta property=\"og:url\" content=\"https:\/\/produncan.cl\/de\/produkt\/rinderfarm-cerro-huelen\/\" \/>\n<meta property=\"og:site_name\" content=\"Produncan\" \/>\n<meta property=\"article:publisher\" content=\"https:\/\/web.facebook.com\/produncanland\" \/>\n<meta property=\"article:modified_time\" content=\"2025-08-19T16:07:26+00:00\" \/>\n<meta property=\"og:image\" content=\"https:\/\/produncan.cl\/wp-content\/uploads\/2022\/05\/Estancia-Cerro-Huelen-1.webp\" \/>\n\t<meta property=\"og:image:width\" content=\"600\" \/>\n\t<meta property=\"og:image:height\" content=\"450\" \/>\n\t<meta property=\"og:image:type\" content=\"image\/webp\" \/>\n<meta name=\"twitter:card\" content=\"summary_large_image\" \/>\n<meta name=\"twitter:label1\" content=\"Price\" \/>\n\t<meta name=\"twitter:data1\" content=\"USD2.608.800,00\" \/>\n\t<meta name=\"twitter:label2\" content=\"Availability\" \/>\n\t<meta name=\"twitter:data2\" content=\"In stock\" \/>\n<script type=\"application\/ld+json\" class=\"yoast-schema-graph\">{\"@context\":\"https:\\\/\\\/schema.org\",\"@graph\":[{\"@type\":\"WebPage\",\"@id\":\"https:\\\/\\\/produncan.cl\\\/de\\\/produkt\\\/rinderfarm-cerro-huelen\\\/\",\"url\":\"https:\\\/\\\/produncan.cl\\\/de\\\/produkt\\\/rinderfarm-cerro-huelen\\\/\",\"name\":\"Aufenthalt in Puerto Natales - Cerro Huel\u00e9n - Produncan\",\"isPartOf\":{\"@id\":\"https:\\\/\\\/produncan.cl\\\/de\\\/#website\"},\"primaryImageOfPage\":{\"@id\":\"https:\\\/\\\/produncan.cl\\\/de\\\/produkt\\\/rinderfarm-cerro-huelen\\\/#primaryimage\"},\"image\":{\"@id\":\"https:\\\/\\\/produncan.cl\\\/de\\\/produkt\\\/rinderfarm-cerro-huelen\\\/#primaryimage\"},\"thumbnailUrl\":\"https:\\\/\\\/produncan.cl\\\/wp-content\\\/uploads\\\/2022\\\/05\\\/Cerro-Huelen-vendido.webp\",\"datePublished\":\"2022-05-06T17:44:30+00:00\",\"dateModified\":\"2025-08-19T16:07:26+00:00\",\"description\":\"2.240 Hektar gro\u00dfe Estancia in Puerto Natales, wo Sie die Magellanische Pampa in ihrer ganzen Pracht mit ihrer riesigen Lagune, dem Fluss und den Flussm\u00fcndungen genie\u00dfen k\u00f6nnen.\",\"breadcrumb\":{\"@id\":\"https:\\\/\\\/produncan.cl\\\/de\\\/produkt\\\/rinderfarm-cerro-huelen\\\/#breadcrumb\"},\"inLanguage\":\"de-DE\",\"potentialAction\":[{\"@type\":\"ReadAction\",\"target\":[\"https:\\\/\\\/produncan.cl\\\/de\\\/produkt\\\/rinderfarm-cerro-huelen\\\/\"]}]},{\"@type\":\"ImageObject\",\"inLanguage\":\"de-DE\",\"@id\":\"https:\\\/\\\/produncan.cl\\\/de\\\/produkt\\\/rinderfarm-cerro-huelen\\\/#primaryimage\",\"url\":\"https:\\\/\\\/produncan.cl\\\/wp-content\\\/uploads\\\/2022\\\/05\\\/Cerro-Huelen-vendido.webp\",\"contentUrl\":\"https:\\\/\\\/produncan.cl\\\/wp-content\\\/uploads\\\/2022\\\/05\\\/Cerro-Huelen-vendido.webp\",\"width\":600,\"height\":450,\"caption\":\"Cerro Huel\u00e9n vendido\"},{\"@type\":\"BreadcrumbList\",\"@id\":\"https:\\\/\\\/produncan.cl\\\/de\\\/produkt\\\/rinderfarm-cerro-huelen\\\/#breadcrumb\",\"itemListElement\":[{\"@type\":\"ListItem\",\"position\":1,\"name\":\"Inicio\",\"item\":\"https:\\\/\\\/produncan.cl\\\/de\\\/\"},{\"@type\":\"ListItem\",\"position\":2,\"name\":\"Eigenschaften\",\"item\":\"https:\\\/\\\/produncan.cl\\\/propiedades\\\/\"},{\"@type\":\"ListItem\",\"position\":3,\"name\":\"Felder\",\"item\":\"https:\\\/\\\/produncan.cl\\\/de\\\/kategorie\\\/felder\\\/\"},{\"@type\":\"ListItem\",\"position\":4,\"name\":\"Estancia in Puerto Natales 2240 Hektar &#8211; Cerro Huel\u00e9n, Magallanes\"}]},{\"@type\":\"WebSite\",\"@id\":\"https:\\\/\\\/produncan.cl\\\/de\\\/#website\",\"url\":\"https:\\\/\\\/produncan.cl\\\/de\\\/\",\"name\":\"Produncan\",\"description\":\"Wir begleiten Sie bei Ihrem Lebensprojekt!\",\"publisher\":{\"@id\":\"https:\\\/\\\/produncan.cl\\\/de\\\/#organization\"},\"potentialAction\":[{\"@type\":\"SearchAction\",\"target\":{\"@type\":\"EntryPoint\",\"urlTemplate\":\"https:\\\/\\\/produncan.cl\\\/de\\\/?s={search_term_string}\"},\"query-input\":{\"@type\":\"PropertyValueSpecification\",\"valueRequired\":true,\"valueName\":\"search_term_string\"}}],\"inLanguage\":\"de-DE\"},{\"@type\":\"Organization\",\"@id\":\"https:\\\/\\\/produncan.cl\\\/de\\\/#organization\",\"name\":\"Produncan\",\"url\":\"https:\\\/\\\/produncan.cl\\\/de\\\/\",\"logo\":{\"@type\":\"ImageObject\",\"inLanguage\":\"de-DE\",\"@id\":\"https:\\\/\\\/produncan.cl\\\/de\\\/#\\\/schema\\\/logo\\\/image\\\/\",\"url\":\"https:\\\/\\\/produncan.cl\\\/wp-content\\\/uploads\\\/2021\\\/03\\\/LOGO.jpeg\",\"contentUrl\":\"https:\\\/\\\/produncan.cl\\\/wp-content\\\/uploads\\\/2021\\\/03\\\/LOGO.jpeg\",\"width\":1280,\"height\":903,\"caption\":\"Produncan\"},\"image\":{\"@id\":\"https:\\\/\\\/produncan.cl\\\/de\\\/#\\\/schema\\\/logo\\\/image\\\/\"},\"sameAs\":[\"https:\\\/\\\/web.facebook.com\\\/produncanland\",\"https:\\\/\\\/www.instagram.com\\\/pro_duncan\\\/\",\"https:\\\/\\\/www.linkedin.com\\\/company\\\/produncan-lands\\\/\",\"https:\\\/\\\/www.youtube.com\\\/channel\\\/UCu7N-f3x0svkazD-Eew1-QQ\"],\"description\":\"En Produncan somos especialistas en la venta de terrenos en el sur de Chile. Proveemos estancias, campos, parcelas y hoteles.\",\"email\":\"info@produncan.cl\"}]}<\/script>\n<meta property=\"og:video\" content=\"https:\/\/www.youtube.com\/embed\/C0NPRnqt9WY\" \/>\n<meta property=\"og:video:type\" content=\"text\/html\" \/>\n<meta property=\"og:video:duration\" content=\"61\" \/>\n<meta property=\"og:video:width\" content=\"480\" \/>\n<meta property=\"og:video:height\" content=\"360\" \/>\n<meta property=\"ya:ovs:adult\" content=\"false\" \/>\n<meta property=\"ya:ovs:upload_date\" content=\"2022-05-06T17:44:30+00:00\" \/>\n<meta property=\"ya:ovs:allow_embed\" content=\"true\" \/>\n<meta property=\"product:price:amount\" content=\"2608800.00\" \/>\n<meta property=\"product:price:currency\" content=\"USD\" \/>\n<meta property=\"og:availability\" content=\"instock\" \/>\n<meta property=\"product:availability\" content=\"instock\" \/>\n<meta property=\"product:condition\" content=\"new\" \/>\n<!-- \/ Yoast SEO Premium plugin. -->","yoast_head_json":{"title":"Aufenthalt in Puerto Natales - Cerro Huel\u00e9n - Produncan","description":"2.240 Hektar gro\u00dfe Estancia in Puerto Natales, wo Sie die Magellanische Pampa in ihrer ganzen Pracht mit ihrer riesigen Lagune, dem Fluss und den Flussm\u00fcndungen genie\u00dfen k\u00f6nnen.","robots":{"index":"index","follow":"follow","max-snippet":"max-snippet:-1","max-image-preview":"max-image-preview:large","max-video-preview":"max-video-preview:-1"},"canonical":"https:\/\/produncan.cl\/de\/produkt\/rinderfarm-cerro-huelen\/","og_locale":"de_DE","og_type":"article","og_title":"Estancia in Puerto Natales 2240 Hektar - Cerro Huel\u00e9n, Magallanes","og_description":"2.240 Hektar gro\u00dfe Estancia in Puerto Natales, wo Sie die Magellanische Pampa in ihrer ganzen Pracht mit ihrer riesigen Lagune, dem Fluss und den Flussm\u00fcndungen genie\u00dfen k\u00f6nnen.","og_url":"https:\/\/produncan.cl\/de\/produkt\/rinderfarm-cerro-huelen\/","og_site_name":"Produncan","article_publisher":"https:\/\/web.facebook.com\/produncanland","article_modified_time":"2025-08-19T16:07:26+00:00","og_image":[{"width":600,"height":450,"url":"https:\/\/produncan.cl\/wp-content\/uploads\/2022\/05\/Estancia-Cerro-Huelen-1.webp","type":"image\/webp"}],"twitter_card":"summary_large_image","twitter_misc":{"Price":"USD2.608.800,00","Availability":"In stock"},"schema":{"@context":"https:\/\/schema.org","@graph":[{"@type":"WebPage","@id":"https:\/\/produncan.cl\/de\/produkt\/rinderfarm-cerro-huelen\/","url":"https:\/\/produncan.cl\/de\/produkt\/rinderfarm-cerro-huelen\/","name":"Aufenthalt in Puerto Natales - Cerro Huel\u00e9n - Produncan","isPartOf":{"@id":"https:\/\/produncan.cl\/de\/#website"},"primaryImageOfPage":{"@id":"https:\/\/produncan.cl\/de\/produkt\/rinderfarm-cerro-huelen\/#primaryimage"},"image":{"@id":"https:\/\/produncan.cl\/de\/produkt\/rinderfarm-cerro-huelen\/#primaryimage"},"thumbnailUrl":"https:\/\/produncan.cl\/wp-content\/uploads\/2022\/05\/Cerro-Huelen-vendido.webp","datePublished":"2022-05-06T17:44:30+00:00","dateModified":"2025-08-19T16:07:26+00:00","description":"2.240 Hektar gro\u00dfe Estancia in Puerto Natales, wo Sie die Magellanische Pampa in ihrer ganzen Pracht mit ihrer riesigen Lagune, dem Fluss und den Flussm\u00fcndungen genie\u00dfen k\u00f6nnen.","breadcrumb":{"@id":"https:\/\/produncan.cl\/de\/produkt\/rinderfarm-cerro-huelen\/#breadcrumb"},"inLanguage":"de-DE","potentialAction":[{"@type":"ReadAction","target":["https:\/\/produncan.cl\/de\/produkt\/rinderfarm-cerro-huelen\/"]}]},{"@type":"ImageObject","inLanguage":"de-DE","@id":"https:\/\/produncan.cl\/de\/produkt\/rinderfarm-cerro-huelen\/#primaryimage","url":"https:\/\/produncan.cl\/wp-content\/uploads\/2022\/05\/Cerro-Huelen-vendido.webp","contentUrl":"https:\/\/produncan.cl\/wp-content\/uploads\/2022\/05\/Cerro-Huelen-vendido.webp","width":600,"height":450,"caption":"Cerro Huel\u00e9n vendido"},{"@type":"BreadcrumbList","@id":"https:\/\/produncan.cl\/de\/produkt\/rinderfarm-cerro-huelen\/#breadcrumb","itemListElement":[{"@type":"ListItem","position":1,"name":"Inicio","item":"https:\/\/produncan.cl\/de\/"},{"@type":"ListItem","position":2,"name":"Eigenschaften","item":"https:\/\/produncan.cl\/propiedades\/"},{"@type":"ListItem","position":3,"name":"Felder","item":"https:\/\/produncan.cl\/de\/kategorie\/felder\/"},{"@type":"ListItem","position":4,"name":"Estancia in Puerto Natales 2240 Hektar &#8211; Cerro Huel\u00e9n, Magallanes"}]},{"@type":"WebSite","@id":"https:\/\/produncan.cl\/de\/#website","url":"https:\/\/produncan.cl\/de\/","name":"Produncan","description":"Wir begleiten Sie bei Ihrem Lebensprojekt!","publisher":{"@id":"https:\/\/produncan.cl\/de\/#organization"},"potentialAction":[{"@type":"SearchAction","target":{"@type":"EntryPoint","urlTemplate":"https:\/\/produncan.cl\/de\/?s={search_term_string}"},"query-input":{"@type":"PropertyValueSpecification","valueRequired":true,"valueName":"search_term_string"}}],"inLanguage":"de-DE"},{"@type":"Organization","@id":"https:\/\/produncan.cl\/de\/#organization","name":"Produncan","url":"https:\/\/produncan.cl\/de\/","logo":{"@type":"ImageObject","inLanguage":"de-DE","@id":"https:\/\/produncan.cl\/de\/#\/schema\/logo\/image\/","url":"https:\/\/produncan.cl\/wp-content\/uploads\/2021\/03\/LOGO.jpeg","contentUrl":"https:\/\/produncan.cl\/wp-content\/uploads\/2021\/03\/LOGO.jpeg","width":1280,"height":903,"caption":"Produncan"},"image":{"@id":"https:\/\/produncan.cl\/de\/#\/schema\/logo\/image\/"},"sameAs":["https:\/\/web.facebook.com\/produncanland","https:\/\/www.instagram.com\/pro_duncan\/","https:\/\/www.linkedin.com\/company\/produncan-lands\/","https:\/\/www.youtube.com\/channel\/UCu7N-f3x0svkazD-Eew1-QQ"],"description":"En Produncan somos especialistas en la venta de terrenos en el sur de Chile. Proveemos estancias, campos, parcelas y hoteles.","email":"info@produncan.cl"}]},"og_video":"https:\/\/www.youtube.com\/embed\/C0NPRnqt9WY","og_video_type":"text\/html","og_video_duration":"61","og_video_width":"480","og_video_height":"360","ya_ovs_adult":"false","ya_ovs_upload_date":"2022-05-06T17:44:30+00:00","ya_ovs_allow_embed":"true","product_price_amount":"2608800.00","product_price_currency":"USD","og_availability":"instock","product_availability":"instock","product_condition":"new"},"_links":{"self":[{"href":"https:\/\/produncan.cl\/de\/wp-json\/wp\/v2\/product\/8561","targetHints":{"allow":["GET"]}}],"collection":[{"href":"https:\/\/produncan.cl\/de\/wp-json\/wp\/v2\/product"}],"about":[{"href":"https:\/\/produncan.cl\/de\/wp-json\/wp\/v2\/types\/product"}],"version-history":[{"count":0,"href":"https:\/\/produncan.cl\/de\/wp-json\/wp\/v2\/product\/8561\/revisions"}],"wp:featuredmedia":[{"embeddable":true,"href":"https:\/\/produncan.cl\/de\/wp-json\/wp\/v2\/media\/52810"}],"wp:attachment":[{"href":"https:\/\/produncan.cl\/de\/wp-json\/wp\/v2\/media?parent=8561"}],"wp:term":[{"taxonomy":"product_brand","embeddable":true,"href":"https:\/\/produncan.cl\/de\/wp-json\/wp\/v2\/product_brand?post=8561"},{"taxonomy":"product_cat","embeddable":true,"href":"https:\/\/produncan.cl\/de\/wp-json\/wp\/v2\/product_cat?post=8561"},{"taxonomy":"product_tag","embeddable":true,"href":"https:\/\/produncan.cl\/de\/wp-json\/wp\/v2\/product_tag?post=8561"},{"taxonomy":"regiones","embeddable":true,"href":"https:\/\/produncan.cl\/de\/wp-json\/wp\/v2\/regiones?post=8561"},{"taxonomy":"ciudades","embeddable":true,"href":"https:\/\/produncan.cl\/de\/wp-json\/wp\/v2\/ciudades?post=8561"}],"curies":[{"name":"wp","href":"https:\/\/api.w.org\/{rel}","templated":true}]}}