{"id":8585,"date":"2022-10-24T17:48:53","date_gmt":"2022-10-24T20:48:53","guid":{"rendered":"https:\/\/produncan.cl\/producto\/campito-el-manio-iii-86ha\/"},"modified":"2025-12-04T18:07:58","modified_gmt":"2025-12-04T21:07:58","slug":"campito-el-manio-iii-86ha","status":"publish","type":"product","link":"https:\/\/produncan.cl\/de\/produkt\/campito-el-manio-iii-86ha\/","title":{"rendered":"Campito in R\u00edo Fr\u00edo \u2013 El Ma\u00f1\u00edo III, Los Muermos"},"content":{"rendered":"\t\t<div data-elementor-type=\"product-post\" data-elementor-id=\"8585\" class=\"elementor elementor-8585 elementor-3518\" data-elementor-post-type=\"product\">\n\t\t\t\t\t\t<section class=\"elementor-section elementor-top-section elementor-element elementor-element-211ce535 elementor-section-boxed elementor-section-height-default elementor-section-height-default\" data-id=\"211ce535\" data-element_type=\"section\" data-e-type=\"section\" data-settings=\"{&quot;jet_parallax_layout_list&quot;:[]}\">\n\t\t\t\t\t\t<div class=\"elementor-container elementor-column-gap-default\">\n\t\t\t\t\t<div class=\"elementor-column elementor-col-100 elementor-top-column elementor-element elementor-element-29def38\" data-id=\"29def38\" data-element_type=\"column\" data-e-type=\"column\">\n\t\t\t<div class=\"elementor-widget-wrap elementor-element-populated\">\n\t\t\t\t\t\t<div class=\"elementor-element elementor-element-642f2168 elementor-widget elementor-widget-text-editor\" data-id=\"642f2168\" data-element_type=\"widget\" data-e-type=\"widget\" data-widget_type=\"text-editor.default\">\n\t\t\t\t\t\t\t\t\t<h2>8,6 HEKTAR LAND MIT SCH\u00d6NER AUSSICHT EINE STUNDE VON PUERTO VARAS ENTFERNT!<\/h2><p>Wir laden Sie ein, dieses 8,6 Hektar gro\u00dfe Hochgebirgscamp zu besuchen, das eine Stunde westlich von Puerto Varas liegt und einen wundersch\u00f6nen Blick auf gr\u00fcne Felder und Vulkane bietet.<\/p><p>Der Zugang zum Grundst\u00fcck erfolgt von der Estaci\u00f3n R\u00edo Frio im Westen \u00fcber eine Stra\u00dfe, die derzeit bis 4 km vor dem Grundst\u00fcck asphaltiert ist. Dann geht es weiter auf einer Schotterstra\u00dfe, die gerade asphaltiert wird, und schlie\u00dflich biegen Sie auf einen 1,8 km langen, gut gepflegten Weg ab.<\/p><p>Das Campito liegt am Anfang der K\u00fcstengebirgskette und ist nach Nordosten ausgerichtet. Von hier aus hat man einen herrlichen Blick auf die Stationen Rio Frio, Puerto Varas und die Vulkane Calbuco, Osorno und Puntiagudo, um nur einige zu nennen.<\/p><p>Durch das Grundst\u00fcck verl\u00e4uft eine Stromleitung, es gibt Wasser aus einer Quelle und einen Bach mit reichlich Wasser, der im Sommer nicht austrocknet. Es gibt auch ein ausgezeichnetes Telefonsignal.<\/p><p>Der Bereich des Grundst\u00fccks, der sich in der N\u00e4he der Stra\u00dfe und der Einfahrt befindet, besteht aus einer freien Wiese mit sanften H\u00e4ngen, die sich ideal f\u00fcr den Bau eines Hauses eignen, und dann aus einem Hang, der bis zur Flussm\u00fcndung steil ansteigt und viele Entwicklungsm\u00f6glichkeiten bietet.<\/p><p>Das Grundst\u00fcck besteht zu 40 % aus Gr\u00fcnland und zu 60 % aus einheimischen B\u00e4umen. Der untere Teil des Waldes hat uralte B\u00e4ume und eine gro\u00dfe Artenvielfalt und Fauna, ideal f\u00fcr Naturliebhaber.<\/p><p>In der Flora finden Sie unter anderem Canelo, Ciruelillo, Rodal, Ulmo, Array\u00e1n, Luma, Meli, Lingue, Tepa und Ma\u00f1\u00edo.<\/p><p>In der N\u00e4he gibt es ein Postamt, einen Minimarkt, eine Schule und eine Kirche. Die kleine Stadt Los Muermos ist nur 25 Minuten entfernt, so dass Sie sich mit allem Notwendigen eindecken k\u00f6nnen.<\/p><p>Und schlie\u00dflich liegt das Grundst\u00fcck relativ nahe an der K\u00fcste, von wo aus Sie Zugang zu paradiesischen Orten wie Llico bajo, Puerto Godoy, Quenir und Caleta Estaquilla haben.<\/p><p>VERPASSEN SIE NICHT EINEN FANTASTISCHEN STANDORT F\u00dcR EIN GROSSARTIGES PROJEKT!<\/p>\t\t\t\t\t\t\t\t<\/div>\n\t\t\t\t\t<\/div>\n\t\t<\/div>\n\t\t\t\t\t<\/div>\n\t\t<\/section>\n\t\t\t\t<\/div>\n\t\t","protected":false},"excerpt":{"rendered":"<p>Campingplatz in R\u00edo Fr\u00edo, Los Muermos, 1 Stunde von Puerto Varas entfernt, mit Bach, Wasserquellen, Strom, gutem Empfang und Panoramablick auf die Bergkette. 4 Kilometer Schotterstra\u00dfe, die derzeit asphaltiert wird. Flaches Gel\u00e4nde, \u00fcberwiegend leicht abfallend.  <\/p>\n","protected":false},"featured_media":7142,"template":"","meta":{"_acf_changed":false},"product_brand":[],"product_cat":[104],"product_tag":[232,231],"regiones":[226],"ciudades":[214,216],"class_list":{"0":"post-8585","1":"product","2":"type-product","3":"status-publish","4":"has-post-thumbnail","6":"product_cat-ohiggins-los-lagos","7":"product_tag-grundstuecke","8":"product_tag-touristische-immobilien","9":"regiones-nuble-los_lagos","10":"ciudades-fresia","11":"ciudades-los-muermos","13":"first","14":"instock","15":"sold-individually","16":"shipping-taxable","17":"purchasable","18":"product-type-simple"},"acf":[],"yoast_head":"<!-- This site is optimized with the Yoast SEO Premium plugin v26.0 (Yoast SEO v27.3) - https:\/\/yoast.com\/product\/yoast-seo-premium-wordpress\/ -->\n<title>Campito in R\u00edo Fr\u00edo \u2013 El Ma\u00f1\u00edo III, Los Muermos - Produncan<\/title>\n<meta name=\"description\" content=\"Campito in R\u00edo Fr\u00edo mit sch\u00f6ner Aussicht mit Blick auf gr\u00fcne Felder und Vulkane, nur eine Stunde von Puerto Varas entfernt. Strom, Wasser, Empfang und gute Anbindung.\" \/>\n<meta name=\"robots\" content=\"index, follow, max-snippet:-1, max-image-preview:large, max-video-preview:-1\" \/>\n<link rel=\"canonical\" href=\"https:\/\/produncan.cl\/de\/produkt\/campito-el-manio-iii-86ha\/\" \/>\n<meta property=\"og:locale\" content=\"de_DE\" \/>\n<meta property=\"og:type\" content=\"article\" \/>\n<meta property=\"og:title\" content=\"Campito in R\u00edo Fr\u00edo \u2013 El Ma\u00f1\u00edo III, Los Muermos\" \/>\n<meta property=\"og:description\" content=\"Campito in R\u00edo Fr\u00edo mit sch\u00f6ner Aussicht mit Blick auf gr\u00fcne Felder und Vulkane, nur eine Stunde von Puerto Varas entfernt. Strom, Wasser, Empfang und gute Anbindung.\" \/>\n<meta property=\"og:url\" content=\"https:\/\/produncan.cl\/de\/produkt\/campito-el-manio-iii-86ha\/\" \/>\n<meta property=\"og:site_name\" content=\"Produncan\" \/>\n<meta property=\"article:publisher\" content=\"https:\/\/web.facebook.com\/produncanland\" \/>\n<meta property=\"article:modified_time\" content=\"2025-12-04T21:07:58+00:00\" \/>\n<meta property=\"og:image\" content=\"https:\/\/produncan.cl\/wp-content\/uploads\/2022\/10\/Campito-El-Manio-III.webp\" \/>\n\t<meta property=\"og:image:width\" content=\"600\" \/>\n\t<meta property=\"og:image:height\" content=\"450\" \/>\n\t<meta property=\"og:image:type\" content=\"image\/webp\" \/>\n<meta name=\"twitter:card\" content=\"summary_large_image\" \/>\n<meta name=\"twitter:label1\" content=\"Price\" \/>\n\t<meta name=\"twitter:data1\" content=\"USD92.400,00\" \/>\n\t<meta name=\"twitter:label2\" content=\"Availability\" \/>\n\t<meta name=\"twitter:data2\" content=\"In stock\" \/>\n<script type=\"application\/ld+json\" class=\"yoast-schema-graph\">{\"@context\":\"https:\\\/\\\/schema.org\",\"@graph\":[{\"@type\":\"WebPage\",\"@id\":\"https:\\\/\\\/produncan.cl\\\/de\\\/produkt\\\/campito-el-manio-iii-86ha\\\/\",\"url\":\"https:\\\/\\\/produncan.cl\\\/de\\\/produkt\\\/campito-el-manio-iii-86ha\\\/\",\"name\":\"Campito in R\u00edo Fr\u00edo \u2013 El Ma\u00f1\u00edo III, Los Muermos - Produncan\",\"isPartOf\":{\"@id\":\"https:\\\/\\\/produncan.cl\\\/de\\\/#website\"},\"primaryImageOfPage\":{\"@id\":\"https:\\\/\\\/produncan.cl\\\/de\\\/produkt\\\/campito-el-manio-iii-86ha\\\/#primaryimage\"},\"image\":{\"@id\":\"https:\\\/\\\/produncan.cl\\\/de\\\/produkt\\\/campito-el-manio-iii-86ha\\\/#primaryimage\"},\"thumbnailUrl\":\"https:\\\/\\\/produncan.cl\\\/wp-content\\\/uploads\\\/2022\\\/10\\\/Campito-El-Manio-III.webp\",\"datePublished\":\"2022-10-24T20:48:53+00:00\",\"dateModified\":\"2025-12-04T21:07:58+00:00\",\"description\":\"Campito in R\u00edo Fr\u00edo mit sch\u00f6ner Aussicht mit Blick auf gr\u00fcne Felder und Vulkane, nur eine Stunde von Puerto Varas entfernt. Strom, Wasser, Empfang und gute Anbindung.\",\"breadcrumb\":{\"@id\":\"https:\\\/\\\/produncan.cl\\\/de\\\/produkt\\\/campito-el-manio-iii-86ha\\\/#breadcrumb\"},\"inLanguage\":\"de-DE\",\"potentialAction\":[{\"@type\":\"ReadAction\",\"target\":[\"https:\\\/\\\/produncan.cl\\\/de\\\/produkt\\\/campito-el-manio-iii-86ha\\\/\"]}]},{\"@type\":\"ImageObject\",\"inLanguage\":\"de-DE\",\"@id\":\"https:\\\/\\\/produncan.cl\\\/de\\\/produkt\\\/campito-el-manio-iii-86ha\\\/#primaryimage\",\"url\":\"https:\\\/\\\/produncan.cl\\\/wp-content\\\/uploads\\\/2022\\\/10\\\/Campito-El-Manio-III.webp\",\"contentUrl\":\"https:\\\/\\\/produncan.cl\\\/wp-content\\\/uploads\\\/2022\\\/10\\\/Campito-El-Manio-III.webp\",\"width\":600,\"height\":450},{\"@type\":\"BreadcrumbList\",\"@id\":\"https:\\\/\\\/produncan.cl\\\/de\\\/produkt\\\/campito-el-manio-iii-86ha\\\/#breadcrumb\",\"itemListElement\":[{\"@type\":\"ListItem\",\"position\":1,\"name\":\"Inicio\",\"item\":\"https:\\\/\\\/produncan.cl\\\/de\\\/\"},{\"@type\":\"ListItem\",\"position\":2,\"name\":\"Eigenschaften\",\"item\":\"https:\\\/\\\/produncan.cl\\\/propiedades\\\/\"},{\"@type\":\"ListItem\",\"position\":3,\"name\":\"Grundst\u00fccke\",\"item\":\"https:\\\/\\\/produncan.cl\\\/de\\\/kategorie\\\/grundstuecke\\\/\"},{\"@type\":\"ListItem\",\"position\":4,\"name\":\"Campito in R\u00edo Fr\u00edo \u2013 El Ma\u00f1\u00edo III, Los Muermos\"}]},{\"@type\":\"WebSite\",\"@id\":\"https:\\\/\\\/produncan.cl\\\/de\\\/#website\",\"url\":\"https:\\\/\\\/produncan.cl\\\/de\\\/\",\"name\":\"Produncan\",\"description\":\"Wir begleiten Sie bei Ihrem Lebensprojekt!\",\"publisher\":{\"@id\":\"https:\\\/\\\/produncan.cl\\\/de\\\/#organization\"},\"potentialAction\":[{\"@type\":\"SearchAction\",\"target\":{\"@type\":\"EntryPoint\",\"urlTemplate\":\"https:\\\/\\\/produncan.cl\\\/de\\\/?s={search_term_string}\"},\"query-input\":{\"@type\":\"PropertyValueSpecification\",\"valueRequired\":true,\"valueName\":\"search_term_string\"}}],\"inLanguage\":\"de-DE\"},{\"@type\":\"Organization\",\"@id\":\"https:\\\/\\\/produncan.cl\\\/de\\\/#organization\",\"name\":\"Produncan\",\"url\":\"https:\\\/\\\/produncan.cl\\\/de\\\/\",\"logo\":{\"@type\":\"ImageObject\",\"inLanguage\":\"de-DE\",\"@id\":\"https:\\\/\\\/produncan.cl\\\/de\\\/#\\\/schema\\\/logo\\\/image\\\/\",\"url\":\"https:\\\/\\\/produncan.cl\\\/wp-content\\\/uploads\\\/2021\\\/03\\\/LOGO.jpeg\",\"contentUrl\":\"https:\\\/\\\/produncan.cl\\\/wp-content\\\/uploads\\\/2021\\\/03\\\/LOGO.jpeg\",\"width\":1280,\"height\":903,\"caption\":\"Produncan\"},\"image\":{\"@id\":\"https:\\\/\\\/produncan.cl\\\/de\\\/#\\\/schema\\\/logo\\\/image\\\/\"},\"sameAs\":[\"https:\\\/\\\/web.facebook.com\\\/produncanland\",\"https:\\\/\\\/www.instagram.com\\\/pro_duncan\\\/\",\"https:\\\/\\\/www.linkedin.com\\\/company\\\/produncan-lands\\\/\",\"https:\\\/\\\/www.youtube.com\\\/channel\\\/UCu7N-f3x0svkazD-Eew1-QQ\"],\"description\":\"En Produncan somos especialistas en la venta de terrenos en el sur de Chile. Proveemos estancias, campos, parcelas y hoteles.\",\"email\":\"info@produncan.cl\"}]}<\/script>\n<meta property=\"og:video\" content=\"https:\/\/www.youtube.com\/embed\/nXUbpGADup0\" \/>\n<meta property=\"og:video:type\" content=\"text\/html\" \/>\n<meta property=\"og:video:duration\" content=\"60\" \/>\n<meta property=\"og:video:width\" content=\"480\" \/>\n<meta property=\"og:video:height\" content=\"360\" \/>\n<meta property=\"ya:ovs:adult\" content=\"false\" \/>\n<meta property=\"ya:ovs:upload_date\" content=\"2022-10-24T20:48:53+00:00\" \/>\n<meta property=\"ya:ovs:allow_embed\" content=\"true\" \/>\n<meta property=\"product:price:amount\" content=\"92400.00\" \/>\n<meta property=\"product:price:currency\" content=\"USD\" \/>\n<meta property=\"og:availability\" content=\"instock\" \/>\n<meta property=\"product:availability\" content=\"instock\" \/>\n<meta property=\"product:condition\" content=\"new\" \/>\n<!-- \/ Yoast SEO Premium plugin. -->","yoast_head_json":{"title":"Campito in R\u00edo Fr\u00edo \u2013 El Ma\u00f1\u00edo III, Los Muermos - Produncan","description":"Campito in R\u00edo Fr\u00edo mit sch\u00f6ner Aussicht mit Blick auf gr\u00fcne Felder und Vulkane, nur eine Stunde von Puerto Varas entfernt. Strom, Wasser, Empfang und gute Anbindung.","robots":{"index":"index","follow":"follow","max-snippet":"max-snippet:-1","max-image-preview":"max-image-preview:large","max-video-preview":"max-video-preview:-1"},"canonical":"https:\/\/produncan.cl\/de\/produkt\/campito-el-manio-iii-86ha\/","og_locale":"de_DE","og_type":"article","og_title":"Campito in R\u00edo Fr\u00edo \u2013 El Ma\u00f1\u00edo III, Los Muermos","og_description":"Campito in R\u00edo Fr\u00edo mit sch\u00f6ner Aussicht mit Blick auf gr\u00fcne Felder und Vulkane, nur eine Stunde von Puerto Varas entfernt. Strom, Wasser, Empfang und gute Anbindung.","og_url":"https:\/\/produncan.cl\/de\/produkt\/campito-el-manio-iii-86ha\/","og_site_name":"Produncan","article_publisher":"https:\/\/web.facebook.com\/produncanland","article_modified_time":"2025-12-04T21:07:58+00:00","og_image":[{"width":600,"height":450,"url":"https:\/\/produncan.cl\/wp-content\/uploads\/2022\/10\/Campito-El-Manio-III.webp","type":"image\/webp"}],"twitter_card":"summary_large_image","twitter_misc":{"Price":"USD92.400,00","Availability":"In stock"},"schema":{"@context":"https:\/\/schema.org","@graph":[{"@type":"WebPage","@id":"https:\/\/produncan.cl\/de\/produkt\/campito-el-manio-iii-86ha\/","url":"https:\/\/produncan.cl\/de\/produkt\/campito-el-manio-iii-86ha\/","name":"Campito in R\u00edo Fr\u00edo \u2013 El Ma\u00f1\u00edo III, Los Muermos - Produncan","isPartOf":{"@id":"https:\/\/produncan.cl\/de\/#website"},"primaryImageOfPage":{"@id":"https:\/\/produncan.cl\/de\/produkt\/campito-el-manio-iii-86ha\/#primaryimage"},"image":{"@id":"https:\/\/produncan.cl\/de\/produkt\/campito-el-manio-iii-86ha\/#primaryimage"},"thumbnailUrl":"https:\/\/produncan.cl\/wp-content\/uploads\/2022\/10\/Campito-El-Manio-III.webp","datePublished":"2022-10-24T20:48:53+00:00","dateModified":"2025-12-04T21:07:58+00:00","description":"Campito in R\u00edo Fr\u00edo mit sch\u00f6ner Aussicht mit Blick auf gr\u00fcne Felder und Vulkane, nur eine Stunde von Puerto Varas entfernt. Strom, Wasser, Empfang und gute Anbindung.","breadcrumb":{"@id":"https:\/\/produncan.cl\/de\/produkt\/campito-el-manio-iii-86ha\/#breadcrumb"},"inLanguage":"de-DE","potentialAction":[{"@type":"ReadAction","target":["https:\/\/produncan.cl\/de\/produkt\/campito-el-manio-iii-86ha\/"]}]},{"@type":"ImageObject","inLanguage":"de-DE","@id":"https:\/\/produncan.cl\/de\/produkt\/campito-el-manio-iii-86ha\/#primaryimage","url":"https:\/\/produncan.cl\/wp-content\/uploads\/2022\/10\/Campito-El-Manio-III.webp","contentUrl":"https:\/\/produncan.cl\/wp-content\/uploads\/2022\/10\/Campito-El-Manio-III.webp","width":600,"height":450},{"@type":"BreadcrumbList","@id":"https:\/\/produncan.cl\/de\/produkt\/campito-el-manio-iii-86ha\/#breadcrumb","itemListElement":[{"@type":"ListItem","position":1,"name":"Inicio","item":"https:\/\/produncan.cl\/de\/"},{"@type":"ListItem","position":2,"name":"Eigenschaften","item":"https:\/\/produncan.cl\/propiedades\/"},{"@type":"ListItem","position":3,"name":"Grundst\u00fccke","item":"https:\/\/produncan.cl\/de\/kategorie\/grundstuecke\/"},{"@type":"ListItem","position":4,"name":"Campito in R\u00edo Fr\u00edo \u2013 El Ma\u00f1\u00edo III, Los Muermos"}]},{"@type":"WebSite","@id":"https:\/\/produncan.cl\/de\/#website","url":"https:\/\/produncan.cl\/de\/","name":"Produncan","description":"Wir begleiten Sie bei Ihrem Lebensprojekt!","publisher":{"@id":"https:\/\/produncan.cl\/de\/#organization"},"potentialAction":[{"@type":"SearchAction","target":{"@type":"EntryPoint","urlTemplate":"https:\/\/produncan.cl\/de\/?s={search_term_string}"},"query-input":{"@type":"PropertyValueSpecification","valueRequired":true,"valueName":"search_term_string"}}],"inLanguage":"de-DE"},{"@type":"Organization","@id":"https:\/\/produncan.cl\/de\/#organization","name":"Produncan","url":"https:\/\/produncan.cl\/de\/","logo":{"@type":"ImageObject","inLanguage":"de-DE","@id":"https:\/\/produncan.cl\/de\/#\/schema\/logo\/image\/","url":"https:\/\/produncan.cl\/wp-content\/uploads\/2021\/03\/LOGO.jpeg","contentUrl":"https:\/\/produncan.cl\/wp-content\/uploads\/2021\/03\/LOGO.jpeg","width":1280,"height":903,"caption":"Produncan"},"image":{"@id":"https:\/\/produncan.cl\/de\/#\/schema\/logo\/image\/"},"sameAs":["https:\/\/web.facebook.com\/produncanland","https:\/\/www.instagram.com\/pro_duncan\/","https:\/\/www.linkedin.com\/company\/produncan-lands\/","https:\/\/www.youtube.com\/channel\/UCu7N-f3x0svkazD-Eew1-QQ"],"description":"En Produncan somos especialistas en la venta de terrenos en el sur de Chile. Proveemos estancias, campos, parcelas y hoteles.","email":"info@produncan.cl"}]},"og_video":"https:\/\/www.youtube.com\/embed\/nXUbpGADup0","og_video_type":"text\/html","og_video_duration":"60","og_video_width":"480","og_video_height":"360","ya_ovs_adult":"false","ya_ovs_upload_date":"2022-10-24T20:48:53+00:00","ya_ovs_allow_embed":"true","product_price_amount":"92400.00","product_price_currency":"USD","og_availability":"instock","product_availability":"instock","product_condition":"new"},"_links":{"self":[{"href":"https:\/\/produncan.cl\/de\/wp-json\/wp\/v2\/product\/8585","targetHints":{"allow":["GET"]}}],"collection":[{"href":"https:\/\/produncan.cl\/de\/wp-json\/wp\/v2\/product"}],"about":[{"href":"https:\/\/produncan.cl\/de\/wp-json\/wp\/v2\/types\/product"}],"version-history":[{"count":1,"href":"https:\/\/produncan.cl\/de\/wp-json\/wp\/v2\/product\/8585\/revisions"}],"predecessor-version":[{"id":52930,"href":"https:\/\/produncan.cl\/de\/wp-json\/wp\/v2\/product\/8585\/revisions\/52930"}],"wp:featuredmedia":[{"embeddable":true,"href":"https:\/\/produncan.cl\/de\/wp-json\/wp\/v2\/media\/7142"}],"wp:attachment":[{"href":"https:\/\/produncan.cl\/de\/wp-json\/wp\/v2\/media?parent=8585"}],"wp:term":[{"taxonomy":"product_brand","embeddable":true,"href":"https:\/\/produncan.cl\/de\/wp-json\/wp\/v2\/product_brand?post=8585"},{"taxonomy":"product_cat","embeddable":true,"href":"https:\/\/produncan.cl\/de\/wp-json\/wp\/v2\/product_cat?post=8585"},{"taxonomy":"product_tag","embeddable":true,"href":"https:\/\/produncan.cl\/de\/wp-json\/wp\/v2\/product_tag?post=8585"},{"taxonomy":"regiones","embeddable":true,"href":"https:\/\/produncan.cl\/de\/wp-json\/wp\/v2\/regiones?post=8585"},{"taxonomy":"ciudades","embeddable":true,"href":"https:\/\/produncan.cl\/de\/wp-json\/wp\/v2\/ciudades?post=8585"}],"curies":[{"name":"wp","href":"https:\/\/api.w.org\/{rel}","templated":true}]}}