{"id":8591,"date":"2022-02-18T18:30:05","date_gmt":"2022-02-18T21:30:05","guid":{"rendered":"https:\/\/produncan.cl\/producto\/santa-rosa-feld-274-ha\/"},"modified":"2025-08-19T12:08:05","modified_gmt":"2025-08-19T16:08:05","slug":"santa-rosa-feld-274-ha","status":"publish","type":"product","link":"https:\/\/produncan.cl\/de\/produkt\/santa-rosa-feld-274-ha\/","title":{"rendered":"Farm in La Uni\u00f3n, Santa Rosa &#8211; Los R\u00edos Region"},"content":{"rendered":"\t\t<div data-elementor-type=\"product-post\" data-elementor-id=\"8591\" class=\"elementor elementor-8591 elementor-3495\" data-elementor-post-type=\"product\">\n\t\t\t\t\t\t<section class=\"elementor-section elementor-top-section elementor-element elementor-element-41d140bf elementor-section-boxed elementor-section-height-default elementor-section-height-default\" data-id=\"41d140bf\" data-element_type=\"section\" data-e-type=\"section\" data-settings=\"{&quot;jet_parallax_layout_list&quot;:[]}\">\n\t\t\t\t\t\t<div class=\"elementor-container elementor-column-gap-default\">\n\t\t\t\t\t<div class=\"elementor-column elementor-col-100 elementor-top-column elementor-element elementor-element-597fb03f\" data-id=\"597fb03f\" data-element_type=\"column\" data-e-type=\"column\">\n\t\t\t<div class=\"elementor-widget-wrap elementor-element-populated\">\n\t\t\t\t\t\t<div class=\"elementor-element elementor-element-4f50d805 elementor-widget elementor-widget-text-editor\" data-id=\"4f50d805\" data-element_type=\"widget\" data-e-type=\"widget\" data-widget_type=\"text-editor.default\">\n\t\t\t\t\t\t\t\t\t<h2>HABEN SIE IHR FELD IN LA UNI\u00d3N IN DER N\u00c4HE DES SEES RANCO!<\/h2><p>Wir laden Sie ein, das 27,4 Hektar gro\u00dfe, gr\u00f6\u00dftenteils ebene Gel\u00e4nde mit einer wundersch\u00f6nen Aussicht auf die Berge zu besuchen.<\/p><p>Die Zufahrt zum Grundst\u00fcck erfolgt von La Uni\u00f3n oder R\u00edo Bueno auf der Stra\u00dfe nach Futrono \u00fcber eine asphaltierte Stra\u00dfe und dann \u00fcber eine Schotterstra\u00dfe von nur 1,3 km L\u00e4nge in ausgezeichnetem Zustand.<\/p><h3>Merkmale und Lage von Camp Santa Rosa<\/h3><p>Die Santa Rosa Farm besteht zu 50 % aus einheimischen B\u00e4umen, zu 50 % aus Grasland, einem M\u00fcndungsgebiet, einem Fluss, Quellen, 40 % Z\u00e4unen und keinen Geb\u00e4uden. Die Stromleitungen reichen bis zum Lager und es gibt ein Signal.<\/p><p>In der Vergangenheit wurden Hafer, Kartoffeln und Weizen angebaut.<\/p><p>Die Farm liegt 42 km von La Uni\u00f3n und 33 km von Futrono und nur wenige Minuten vom Ranco-See entfernt, der heute zu den exklusivsten und wertvollsten Gebieten Chiles z\u00e4hlt.<\/p><h3>Flora und Fauna<\/h3><ul><li>Die Fauna wird von der Gui\u00f1a, dem Pud\u00fa, dem Graufuchs, dem S\u00fcdlichen Nasenb\u00e4r und der Wildkatze beherrscht, aber auch von anderen eingef\u00fchrten Arten wie dem Hasen.<\/li><li>Bei den V\u00f6geln stechen unter anderem der chucao, der hued hued, der torcaza, der choroy, der gro\u00dfe Specht und das s\u00fcdliche Rebhuhn hervor.<\/li><li>Die Flora wird von Coigue, Hualle, Canelo, Myrte und Ulmo dominiert.<\/li><\/ul><div> <\/div><p>Das Klima reicht von 3 bis 20 \u00b0C. In diesem Sektor gibt es keine trockenen Monate, aber der Februar ist der am meisten betroffene Monat.<\/p><p>VERPASSEN SIE NICHT DIE GELEGENHEIT, EIN FELD MIT EINER IDEALEN OBERFL\u00c4CHE F\u00dcR IHR PROJEKT IN DER N\u00c4HE DES RANCOSEES ZU BESITZEN!<\/p>\t\t\t\t\t\t\t\t<\/div>\n\t\t\t\t\t<\/div>\n\t\t<\/div>\n\t\t\t\t\t<\/div>\n\t\t<\/section>\n\t\t\t\t<\/div>\n\t\t","protected":false},"excerpt":{"rendered":"<p>Bauernhof in La Union, in der N\u00e4he des Ranco-Sees, \u00fcberwiegend flach mit sch\u00f6ner Aussicht auf die Berge. Es gibt Strom, Signale, eine Flussm\u00fcndung, Quellen und einen Fluss.<\/p>\n","protected":false},"featured_media":7090,"template":"","meta":{"_acf_changed":false},"product_brand":[],"product_cat":[104],"product_tag":[235],"regiones":[226],"ciudades":[215],"class_list":{"0":"post-8591","1":"product","2":"type-product","3":"status-publish","4":"has-post-thumbnail","6":"product_cat-ohiggins-los-lagos","7":"product_tag-felder","8":"regiones-nuble-los_lagos","9":"ciudades-la-union","11":"first","12":"instock","13":"shipping-taxable","14":"purchasable","15":"product-type-simple"},"acf":[],"yoast_head":"<!-- This site is optimized with the Yoast SEO Premium plugin v26.0 (Yoast SEO v27.3) - https:\/\/yoast.com\/product\/yoast-seo-premium-wordpress\/ -->\n<title>Farm in La Uni\u00f3n, Santa Rosa - Los R\u00edos Region - Produncan<\/title>\n<meta name=\"description\" content=\"Feld Santa Rosa 27,4 ha, in der N\u00e4he des Ranco-Sees, \u00fcberwiegend flach mit sch\u00f6nem Blick auf die Bergkette. Es gibt Strom, Signale, eine Flussm\u00fcndung, Quellen und einen Fluss.\" \/>\n<meta name=\"robots\" content=\"index, follow, max-snippet:-1, max-image-preview:large, max-video-preview:-1\" \/>\n<link rel=\"canonical\" href=\"https:\/\/produncan.cl\/de\/produkt\/santa-rosa-feld-274-ha\/\" \/>\n<meta property=\"og:locale\" content=\"de_DE\" \/>\n<meta property=\"og:type\" content=\"article\" \/>\n<meta property=\"og:title\" content=\"Farm in La Uni\u00f3n, Santa Rosa - Los R\u00edos Region\" \/>\n<meta property=\"og:description\" content=\"Feld Santa Rosa 27,4 ha, in der N\u00e4he des Ranco-Sees, \u00fcberwiegend flach mit sch\u00f6nem Blick auf die Bergkette. Es gibt Strom, Signale, eine Flussm\u00fcndung, Quellen und einen Fluss.\" \/>\n<meta property=\"og:url\" content=\"https:\/\/produncan.cl\/de\/produkt\/santa-rosa-feld-274-ha\/\" \/>\n<meta property=\"og:site_name\" content=\"Produncan\" \/>\n<meta property=\"article:publisher\" content=\"https:\/\/web.facebook.com\/produncanland\" \/>\n<meta property=\"article:modified_time\" content=\"2025-08-19T16:08:05+00:00\" \/>\n<meta property=\"og:image\" content=\"https:\/\/produncan.cl\/wp-content\/uploads\/2022\/10\/1Campo-Santa-Rosa.webp\" \/>\n\t<meta property=\"og:image:width\" content=\"600\" \/>\n\t<meta property=\"og:image:height\" content=\"450\" \/>\n\t<meta property=\"og:image:type\" content=\"image\/webp\" \/>\n<meta name=\"twitter:card\" content=\"summary_large_image\" \/>\n<meta name=\"twitter:label1\" content=\"Price\" \/>\n\t<meta name=\"twitter:data1\" content=\"USD652.200,00\" \/>\n\t<meta name=\"twitter:label2\" content=\"Availability\" \/>\n\t<meta name=\"twitter:data2\" content=\"In stock\" \/>\n<script type=\"application\/ld+json\" class=\"yoast-schema-graph\">{\"@context\":\"https:\\\/\\\/schema.org\",\"@graph\":[{\"@type\":\"WebPage\",\"@id\":\"https:\\\/\\\/produncan.cl\\\/de\\\/produkt\\\/santa-rosa-feld-274-ha\\\/\",\"url\":\"https:\\\/\\\/produncan.cl\\\/de\\\/produkt\\\/santa-rosa-feld-274-ha\\\/\",\"name\":\"Farm in La Uni\u00f3n, Santa Rosa - Los R\u00edos Region - Produncan\",\"isPartOf\":{\"@id\":\"https:\\\/\\\/produncan.cl\\\/de\\\/#website\"},\"primaryImageOfPage\":{\"@id\":\"https:\\\/\\\/produncan.cl\\\/de\\\/produkt\\\/santa-rosa-feld-274-ha\\\/#primaryimage\"},\"image\":{\"@id\":\"https:\\\/\\\/produncan.cl\\\/de\\\/produkt\\\/santa-rosa-feld-274-ha\\\/#primaryimage\"},\"thumbnailUrl\":\"https:\\\/\\\/produncan.cl\\\/wp-content\\\/uploads\\\/2022\\\/10\\\/1Campo-Santa-Rosa.webp\",\"datePublished\":\"2022-02-18T21:30:05+00:00\",\"dateModified\":\"2025-08-19T16:08:05+00:00\",\"description\":\"Feld Santa Rosa 27,4 ha, in der N\u00e4he des Ranco-Sees, \u00fcberwiegend flach mit sch\u00f6nem Blick auf die Bergkette. Es gibt Strom, Signale, eine Flussm\u00fcndung, Quellen und einen Fluss.\",\"breadcrumb\":{\"@id\":\"https:\\\/\\\/produncan.cl\\\/de\\\/produkt\\\/santa-rosa-feld-274-ha\\\/#breadcrumb\"},\"inLanguage\":\"de-DE\",\"potentialAction\":[{\"@type\":\"ReadAction\",\"target\":[\"https:\\\/\\\/produncan.cl\\\/de\\\/produkt\\\/santa-rosa-feld-274-ha\\\/\"]}]},{\"@type\":\"ImageObject\",\"inLanguage\":\"de-DE\",\"@id\":\"https:\\\/\\\/produncan.cl\\\/de\\\/produkt\\\/santa-rosa-feld-274-ha\\\/#primaryimage\",\"url\":\"https:\\\/\\\/produncan.cl\\\/wp-content\\\/uploads\\\/2022\\\/10\\\/1Campo-Santa-Rosa.webp\",\"contentUrl\":\"https:\\\/\\\/produncan.cl\\\/wp-content\\\/uploads\\\/2022\\\/10\\\/1Campo-Santa-Rosa.webp\",\"width\":600,\"height\":450},{\"@type\":\"BreadcrumbList\",\"@id\":\"https:\\\/\\\/produncan.cl\\\/de\\\/produkt\\\/santa-rosa-feld-274-ha\\\/#breadcrumb\",\"itemListElement\":[{\"@type\":\"ListItem\",\"position\":1,\"name\":\"Inicio\",\"item\":\"https:\\\/\\\/produncan.cl\\\/de\\\/\"},{\"@type\":\"ListItem\",\"position\":2,\"name\":\"Eigenschaften\",\"item\":\"https:\\\/\\\/produncan.cl\\\/propiedades\\\/\"},{\"@type\":\"ListItem\",\"position\":3,\"name\":\"Felder\",\"item\":\"https:\\\/\\\/produncan.cl\\\/de\\\/kategorie\\\/felder\\\/\"},{\"@type\":\"ListItem\",\"position\":4,\"name\":\"Farm in La Uni\u00f3n, Santa Rosa &#8211; Los R\u00edos Region\"}]},{\"@type\":\"WebSite\",\"@id\":\"https:\\\/\\\/produncan.cl\\\/de\\\/#website\",\"url\":\"https:\\\/\\\/produncan.cl\\\/de\\\/\",\"name\":\"Produncan\",\"description\":\"Wir begleiten Sie bei Ihrem Lebensprojekt!\",\"publisher\":{\"@id\":\"https:\\\/\\\/produncan.cl\\\/de\\\/#organization\"},\"potentialAction\":[{\"@type\":\"SearchAction\",\"target\":{\"@type\":\"EntryPoint\",\"urlTemplate\":\"https:\\\/\\\/produncan.cl\\\/de\\\/?s={search_term_string}\"},\"query-input\":{\"@type\":\"PropertyValueSpecification\",\"valueRequired\":true,\"valueName\":\"search_term_string\"}}],\"inLanguage\":\"de-DE\"},{\"@type\":\"Organization\",\"@id\":\"https:\\\/\\\/produncan.cl\\\/de\\\/#organization\",\"name\":\"Produncan\",\"url\":\"https:\\\/\\\/produncan.cl\\\/de\\\/\",\"logo\":{\"@type\":\"ImageObject\",\"inLanguage\":\"de-DE\",\"@id\":\"https:\\\/\\\/produncan.cl\\\/de\\\/#\\\/schema\\\/logo\\\/image\\\/\",\"url\":\"https:\\\/\\\/produncan.cl\\\/wp-content\\\/uploads\\\/2021\\\/03\\\/LOGO.jpeg\",\"contentUrl\":\"https:\\\/\\\/produncan.cl\\\/wp-content\\\/uploads\\\/2021\\\/03\\\/LOGO.jpeg\",\"width\":1280,\"height\":903,\"caption\":\"Produncan\"},\"image\":{\"@id\":\"https:\\\/\\\/produncan.cl\\\/de\\\/#\\\/schema\\\/logo\\\/image\\\/\"},\"sameAs\":[\"https:\\\/\\\/web.facebook.com\\\/produncanland\",\"https:\\\/\\\/www.instagram.com\\\/pro_duncan\\\/\",\"https:\\\/\\\/www.linkedin.com\\\/company\\\/produncan-lands\\\/\",\"https:\\\/\\\/www.youtube.com\\\/channel\\\/UCu7N-f3x0svkazD-Eew1-QQ\"],\"description\":\"En Produncan somos especialistas en la venta de terrenos en el sur de Chile. Proveemos estancias, campos, parcelas y hoteles.\",\"email\":\"info@produncan.cl\"}]}<\/script>\n<meta property=\"og:video\" content=\"https:\/\/www.youtube.com\/embed\/lD1HS4g6I6Q\" \/>\n<meta property=\"og:video:type\" content=\"text\/html\" \/>\n<meta property=\"og:video:duration\" content=\"61\" \/>\n<meta property=\"og:video:width\" content=\"480\" \/>\n<meta property=\"og:video:height\" content=\"360\" \/>\n<meta property=\"ya:ovs:adult\" content=\"false\" \/>\n<meta property=\"ya:ovs:upload_date\" content=\"2022-02-18T21:30:05+00:00\" \/>\n<meta property=\"ya:ovs:allow_embed\" content=\"true\" \/>\n<meta property=\"product:price:amount\" content=\"652200.00\" \/>\n<meta property=\"product:price:currency\" content=\"USD\" \/>\n<meta property=\"og:availability\" content=\"instock\" \/>\n<meta property=\"product:availability\" content=\"instock\" \/>\n<meta property=\"product:condition\" content=\"new\" \/>\n<!-- \/ Yoast SEO Premium plugin. -->","yoast_head_json":{"title":"Farm in La Uni\u00f3n, Santa Rosa - Los R\u00edos Region - Produncan","description":"Feld Santa Rosa 27,4 ha, in der N\u00e4he des Ranco-Sees, \u00fcberwiegend flach mit sch\u00f6nem Blick auf die Bergkette. Es gibt Strom, Signale, eine Flussm\u00fcndung, Quellen und einen Fluss.","robots":{"index":"index","follow":"follow","max-snippet":"max-snippet:-1","max-image-preview":"max-image-preview:large","max-video-preview":"max-video-preview:-1"},"canonical":"https:\/\/produncan.cl\/de\/produkt\/santa-rosa-feld-274-ha\/","og_locale":"de_DE","og_type":"article","og_title":"Farm in La Uni\u00f3n, Santa Rosa - Los R\u00edos Region","og_description":"Feld Santa Rosa 27,4 ha, in der N\u00e4he des Ranco-Sees, \u00fcberwiegend flach mit sch\u00f6nem Blick auf die Bergkette. Es gibt Strom, Signale, eine Flussm\u00fcndung, Quellen und einen Fluss.","og_url":"https:\/\/produncan.cl\/de\/produkt\/santa-rosa-feld-274-ha\/","og_site_name":"Produncan","article_publisher":"https:\/\/web.facebook.com\/produncanland","article_modified_time":"2025-08-19T16:08:05+00:00","og_image":[{"width":600,"height":450,"url":"https:\/\/produncan.cl\/wp-content\/uploads\/2022\/10\/1Campo-Santa-Rosa.webp","type":"image\/webp"}],"twitter_card":"summary_large_image","twitter_misc":{"Price":"USD652.200,00","Availability":"In stock"},"schema":{"@context":"https:\/\/schema.org","@graph":[{"@type":"WebPage","@id":"https:\/\/produncan.cl\/de\/produkt\/santa-rosa-feld-274-ha\/","url":"https:\/\/produncan.cl\/de\/produkt\/santa-rosa-feld-274-ha\/","name":"Farm in La Uni\u00f3n, Santa Rosa - Los R\u00edos Region - Produncan","isPartOf":{"@id":"https:\/\/produncan.cl\/de\/#website"},"primaryImageOfPage":{"@id":"https:\/\/produncan.cl\/de\/produkt\/santa-rosa-feld-274-ha\/#primaryimage"},"image":{"@id":"https:\/\/produncan.cl\/de\/produkt\/santa-rosa-feld-274-ha\/#primaryimage"},"thumbnailUrl":"https:\/\/produncan.cl\/wp-content\/uploads\/2022\/10\/1Campo-Santa-Rosa.webp","datePublished":"2022-02-18T21:30:05+00:00","dateModified":"2025-08-19T16:08:05+00:00","description":"Feld Santa Rosa 27,4 ha, in der N\u00e4he des Ranco-Sees, \u00fcberwiegend flach mit sch\u00f6nem Blick auf die Bergkette. Es gibt Strom, Signale, eine Flussm\u00fcndung, Quellen und einen Fluss.","breadcrumb":{"@id":"https:\/\/produncan.cl\/de\/produkt\/santa-rosa-feld-274-ha\/#breadcrumb"},"inLanguage":"de-DE","potentialAction":[{"@type":"ReadAction","target":["https:\/\/produncan.cl\/de\/produkt\/santa-rosa-feld-274-ha\/"]}]},{"@type":"ImageObject","inLanguage":"de-DE","@id":"https:\/\/produncan.cl\/de\/produkt\/santa-rosa-feld-274-ha\/#primaryimage","url":"https:\/\/produncan.cl\/wp-content\/uploads\/2022\/10\/1Campo-Santa-Rosa.webp","contentUrl":"https:\/\/produncan.cl\/wp-content\/uploads\/2022\/10\/1Campo-Santa-Rosa.webp","width":600,"height":450},{"@type":"BreadcrumbList","@id":"https:\/\/produncan.cl\/de\/produkt\/santa-rosa-feld-274-ha\/#breadcrumb","itemListElement":[{"@type":"ListItem","position":1,"name":"Inicio","item":"https:\/\/produncan.cl\/de\/"},{"@type":"ListItem","position":2,"name":"Eigenschaften","item":"https:\/\/produncan.cl\/propiedades\/"},{"@type":"ListItem","position":3,"name":"Felder","item":"https:\/\/produncan.cl\/de\/kategorie\/felder\/"},{"@type":"ListItem","position":4,"name":"Farm in La Uni\u00f3n, Santa Rosa &#8211; Los R\u00edos Region"}]},{"@type":"WebSite","@id":"https:\/\/produncan.cl\/de\/#website","url":"https:\/\/produncan.cl\/de\/","name":"Produncan","description":"Wir begleiten Sie bei Ihrem Lebensprojekt!","publisher":{"@id":"https:\/\/produncan.cl\/de\/#organization"},"potentialAction":[{"@type":"SearchAction","target":{"@type":"EntryPoint","urlTemplate":"https:\/\/produncan.cl\/de\/?s={search_term_string}"},"query-input":{"@type":"PropertyValueSpecification","valueRequired":true,"valueName":"search_term_string"}}],"inLanguage":"de-DE"},{"@type":"Organization","@id":"https:\/\/produncan.cl\/de\/#organization","name":"Produncan","url":"https:\/\/produncan.cl\/de\/","logo":{"@type":"ImageObject","inLanguage":"de-DE","@id":"https:\/\/produncan.cl\/de\/#\/schema\/logo\/image\/","url":"https:\/\/produncan.cl\/wp-content\/uploads\/2021\/03\/LOGO.jpeg","contentUrl":"https:\/\/produncan.cl\/wp-content\/uploads\/2021\/03\/LOGO.jpeg","width":1280,"height":903,"caption":"Produncan"},"image":{"@id":"https:\/\/produncan.cl\/de\/#\/schema\/logo\/image\/"},"sameAs":["https:\/\/web.facebook.com\/produncanland","https:\/\/www.instagram.com\/pro_duncan\/","https:\/\/www.linkedin.com\/company\/produncan-lands\/","https:\/\/www.youtube.com\/channel\/UCu7N-f3x0svkazD-Eew1-QQ"],"description":"En Produncan somos especialistas en la venta de terrenos en el sur de Chile. Proveemos estancias, campos, parcelas y hoteles.","email":"info@produncan.cl"}]},"og_video":"https:\/\/www.youtube.com\/embed\/lD1HS4g6I6Q","og_video_type":"text\/html","og_video_duration":"61","og_video_width":"480","og_video_height":"360","ya_ovs_adult":"false","ya_ovs_upload_date":"2022-02-18T21:30:05+00:00","ya_ovs_allow_embed":"true","product_price_amount":"652200.00","product_price_currency":"USD","og_availability":"instock","product_availability":"instock","product_condition":"new"},"_links":{"self":[{"href":"https:\/\/produncan.cl\/de\/wp-json\/wp\/v2\/product\/8591","targetHints":{"allow":["GET"]}}],"collection":[{"href":"https:\/\/produncan.cl\/de\/wp-json\/wp\/v2\/product"}],"about":[{"href":"https:\/\/produncan.cl\/de\/wp-json\/wp\/v2\/types\/product"}],"version-history":[{"count":0,"href":"https:\/\/produncan.cl\/de\/wp-json\/wp\/v2\/product\/8591\/revisions"}],"wp:featuredmedia":[{"embeddable":true,"href":"https:\/\/produncan.cl\/de\/wp-json\/wp\/v2\/media\/7090"}],"wp:attachment":[{"href":"https:\/\/produncan.cl\/de\/wp-json\/wp\/v2\/media?parent=8591"}],"wp:term":[{"taxonomy":"product_brand","embeddable":true,"href":"https:\/\/produncan.cl\/de\/wp-json\/wp\/v2\/product_brand?post=8591"},{"taxonomy":"product_cat","embeddable":true,"href":"https:\/\/produncan.cl\/de\/wp-json\/wp\/v2\/product_cat?post=8591"},{"taxonomy":"product_tag","embeddable":true,"href":"https:\/\/produncan.cl\/de\/wp-json\/wp\/v2\/product_tag?post=8591"},{"taxonomy":"regiones","embeddable":true,"href":"https:\/\/produncan.cl\/de\/wp-json\/wp\/v2\/regiones?post=8591"},{"taxonomy":"ciudades","embeddable":true,"href":"https:\/\/produncan.cl\/de\/wp-json\/wp\/v2\/ciudades?post=8591"}],"curies":[{"name":"wp","href":"https:\/\/api.w.org\/{rel}","templated":true}]}}