{"id":8595,"date":"2021-10-04T12:24:10","date_gmt":"2021-10-04T15:24:10","guid":{"rendered":"https:\/\/produncan.cl\/producto\/standort-llanquihue\/"},"modified":"2025-12-26T17:29:21","modified_gmt":"2025-12-26T20:29:21","slug":"standort-llanquihue","status":"publish","type":"product","link":"https:\/\/produncan.cl\/de\/produkt\/standort-llanquihue\/","title":{"rendered":"Standort Llanquihue 2222m\u00b2 &#8211; Seengebiet"},"content":{"rendered":"\t\t<div data-elementor-type=\"product-post\" data-elementor-id=\"8595\" class=\"elementor elementor-8595 elementor-3371\" data-elementor-post-type=\"product\">\n\t\t\t\t\t\t<section class=\"elementor-section elementor-top-section elementor-element elementor-element-5ef9db5b elementor-section-boxed elementor-section-height-default elementor-section-height-default\" data-id=\"5ef9db5b\" data-element_type=\"section\" data-e-type=\"section\" data-settings=\"{&quot;jet_parallax_layout_list&quot;:[]}\">\n\t\t\t\t\t\t<div class=\"elementor-container elementor-column-gap-default\">\n\t\t\t\t\t<div class=\"elementor-column elementor-col-100 elementor-top-column elementor-element elementor-element-7fb16f07\" data-id=\"7fb16f07\" data-element_type=\"column\" data-e-type=\"column\">\n\t\t\t<div class=\"elementor-widget-wrap elementor-element-populated\">\n\t\t\t\t\t\t<div class=\"elementor-element elementor-element-4e3eba4c elementor-widget elementor-widget-text-editor\" data-id=\"4e3eba4c\" data-element_type=\"widget\" data-e-type=\"widget\" data-widget_type=\"text-editor.default\">\n\t\t\t\t\t\t\t\t\t<h2>EIN IDEALER ORT IN LLANQUIHUE ZUR REALISIERUNG IHRES WOHN- UND GESCH\u00c4FTSPROJEKTS!<\/h2>\n<p>F\u00fchren Sie Ihr Projekt auf einem 2222 m\u00b2 gro\u00dfen Grundst\u00fcck durch, das strategisch g\u00fcnstig im Stadtzentrum von Llanquihue liegt. Zwei Blocks vom Rathaus und dem Seeufer entfernt.<\/p>\n<p>Die Stadt Llanquihue ist bekannt f\u00fcr ihre Geschichte, die bis ins Jahr 1852 zur\u00fcckreicht, f\u00fcr den besten Blick auf die Vulkane des Sees und f\u00fcr den Ursprung des ber\u00fchmten Flusses Maull\u00edn. Es liegt nur wenige Minuten n\u00f6rdlich von Puerto Varas und verspricht, sich zu einem Zentrum mit starker Entwicklung zu entwickeln.<\/p>\n<p>Das zum Verkauf stehende Grundst\u00fcck mit einer Gesamtfl\u00e4che von 2222 m\u00b2 besteht aus zwei angrenzenden Grundst\u00fccken, eines mit 972 m\u00b2 und das andere mit 1250 m\u00b2. Beide mit Certificate of Previous Reports (CIP) Zone C und H-2, wobei die erste Zone eine H\u00f6he von 15,6 m und eine Bebaubarkeit von 2,5 erlaubt und die zweite eine H\u00f6he von 6 m und eine Bebaubarkeit von 1 angibt, Verh\u00e4ltnisse, die durch Fusion verbessert werden sollten.<\/p>\n<p>Dar\u00fcber hinaus haben beide Standorte:<\/p>\n<ul>\n<li>Ein gro\u00dfes Haus<\/li>\n<li>Schuppen,<\/li>\n<li>Obstb\u00e4ume<\/li>\n<li>Eing\u00e4nge f\u00fcr Fahrzeuge.<\/li>\n<\/ul>\n<div> <\/div>\n<p>Beide Standorte liegen direkt an zwei wichtigen Stra\u00dfen im Stadtzentrum. Au\u00dferdem befinden sie sich gegen\u00fcber von Covepa, einen halben H\u00e4userblock von Modinger (Llanquihue jerky) und nur wenige Schritte vom Stadtzentrum und dem Seeufer entfernt.<\/p>\n<h3>Llanquihue Schwerpunkt des Wachstums<\/h3>\n<p>Llanquihue erlebt derzeit den nat\u00fcrlichen \u00dcberlauf aus den St\u00e4dten Puerto Varas und Frutillar, wo die Preise ein Rekordniveau erreicht haben. Die beste Alternative, um zu vern\u00fcnftigen Preisen einzukaufen, ist heute Llanquihue, eine Stadt, die verspricht, der neue Wachstumsschwerpunkt zu werden.<\/p>\n<p>Der Ort grenzt an die Ruta 5 im S\u00fcden, hat 4 Zufahrten und in Zukunft eine 5. Zufahrt von der geplanten Uferpromenade, die von Puerto Varas kommen wird. Dar\u00fcber hinaus verf\u00fcgt sie bereits \u00fcber hochkar\u00e4tige Viertel, Gesch\u00e4fte, H\u00e4user und Wohnungen, wobei sie die alte \u00c4sthetik ihrer deutschen Urspr\u00fcnge beibeh\u00e4lt.<\/p>\n<p>Llanquihue wurde 1852 von deutschen Siedlern gegr\u00fcndet und erhielt 1907 durch den Bau der Eisenbahnlinie Auftrieb, was die Entwicklung der ersten agroindustriellen Betriebe und sp\u00e4ter die Ansiedlung gro\u00dfer Unternehmen wie Cecinas Llanquihue, Proagar, Nestl\u00e9, Aurora Wind Farm und R\u00eda Austral erm\u00f6glichte.<\/p>\n<p>Der Preis betr\u00e4gt UF15 x m\u00b2.<\/p>\n<p>WARTEN SIE NICHT L\u00c4NGER UND INVESTIEREN SIE IN EIN GRUNDST\u00dcCK MIT EINEM SEHR HOHEN KAPITALGEWINN!<\/p>\n\t\t\t\t\t\t\t\t<\/div>\n\t\t\t\t\t<\/div>\n\t\t<\/div>\n\t\t\t\t\t<\/div>\n\t\t<\/section>\n\t\t\t\t<\/div>\n\t\t","protected":false},"excerpt":{"rendered":"<p>Grundst\u00fcck von 2222m\u00b2 im Zentrum von Llanquihue mit gro\u00dfem Haus, Schuppen, Obstb\u00e4umen.<\/p>\n","protected":false},"featured_media":51081,"template":"","meta":{"_acf_changed":false},"product_brand":[],"product_cat":[104],"product_tag":[443],"regiones":[226],"ciudades":[229],"class_list":{"0":"post-8595","1":"product","2":"type-product","3":"status-publish","4":"has-post-thumbnail","6":"product_cat-ohiggins-los-lagos","7":"product_tag-stadtische-immobilien","8":"regiones-nuble-los_lagos","9":"ciudades-llanquihue","11":"first","12":"instock","13":"sold-individually","14":"shipping-taxable","15":"purchasable","16":"product-type-simple"},"acf":[],"yoast_head":"<!-- This site is optimized with the Yoast SEO Premium plugin v26.0 (Yoast SEO v27.3) - https:\/\/yoast.com\/product\/yoast-seo-premium-wordpress\/ -->\n<title>Standort Llanquihue 2222m\u00b2 - Seengebiet - Produncan<\/title>\n<meta name=\"description\" content=\"Ein Grundst\u00fcck von 2222 m\u00b2 in strategischer Lage im Zentrum von Llanquihue und zwei Blocks von der Gemeinde und dem Seeufer entfernt.\" \/>\n<meta name=\"robots\" content=\"index, follow, max-snippet:-1, max-image-preview:large, max-video-preview:-1\" \/>\n<link rel=\"canonical\" href=\"https:\/\/produncan.cl\/de\/produkt\/standort-llanquihue\/\" \/>\n<meta property=\"og:locale\" content=\"de_DE\" \/>\n<meta property=\"og:type\" content=\"article\" \/>\n<meta property=\"og:title\" content=\"Standort Llanquihue 2222m\u00b2 - Seengebiet\" \/>\n<meta property=\"og:description\" content=\"Ein Grundst\u00fcck von 2222 m\u00b2 in strategischer Lage im Zentrum von Llanquihue und zwei Blocks von der Gemeinde und dem Seeufer entfernt.\" \/>\n<meta property=\"og:url\" content=\"https:\/\/produncan.cl\/de\/produkt\/standort-llanquihue\/\" \/>\n<meta property=\"og:site_name\" content=\"Produncan\" \/>\n<meta property=\"article:publisher\" content=\"https:\/\/web.facebook.com\/produncanland\" \/>\n<meta property=\"article:modified_time\" content=\"2025-12-26T20:29:21+00:00\" \/>\n<meta property=\"og:image\" content=\"https:\/\/produncan.cl\/wp-content\/uploads\/2021\/10\/Sitio-En-venta-en-Llanquihue.webp\" \/>\n\t<meta property=\"og:image:width\" content=\"800\" \/>\n\t<meta property=\"og:image:height\" content=\"600\" \/>\n\t<meta property=\"og:image:type\" content=\"image\/webp\" \/>\n<meta name=\"twitter:card\" content=\"summary_large_image\" \/>\n<meta name=\"twitter:label1\" content=\"Price\" \/>\n\t<meta name=\"twitter:data1\" content=\"USD527.000,00\" \/>\n\t<meta name=\"twitter:label2\" content=\"Availability\" \/>\n\t<meta name=\"twitter:data2\" content=\"In stock\" \/>\n<script type=\"application\/ld+json\" class=\"yoast-schema-graph\">{\"@context\":\"https:\\\/\\\/schema.org\",\"@graph\":[{\"@type\":\"WebPage\",\"@id\":\"https:\\\/\\\/produncan.cl\\\/de\\\/produkt\\\/standort-llanquihue\\\/\",\"url\":\"https:\\\/\\\/produncan.cl\\\/de\\\/produkt\\\/standort-llanquihue\\\/\",\"name\":\"Standort Llanquihue 2222m\u00b2 - Seengebiet - Produncan\",\"isPartOf\":{\"@id\":\"https:\\\/\\\/produncan.cl\\\/de\\\/#website\"},\"primaryImageOfPage\":{\"@id\":\"https:\\\/\\\/produncan.cl\\\/de\\\/produkt\\\/standort-llanquihue\\\/#primaryimage\"},\"image\":{\"@id\":\"https:\\\/\\\/produncan.cl\\\/de\\\/produkt\\\/standort-llanquihue\\\/#primaryimage\"},\"thumbnailUrl\":\"https:\\\/\\\/produncan.cl\\\/wp-content\\\/uploads\\\/2021\\\/10\\\/Sitio-En-venta-en-Llanquihue.webp\",\"datePublished\":\"2021-10-04T15:24:10+00:00\",\"dateModified\":\"2025-12-26T20:29:21+00:00\",\"description\":\"Ein Grundst\u00fcck von 2222 m\u00b2 in strategischer Lage im Zentrum von Llanquihue und zwei Blocks von der Gemeinde und dem Seeufer entfernt.\",\"breadcrumb\":{\"@id\":\"https:\\\/\\\/produncan.cl\\\/de\\\/produkt\\\/standort-llanquihue\\\/#breadcrumb\"},\"inLanguage\":\"de-DE\",\"potentialAction\":[{\"@type\":\"ReadAction\",\"target\":[\"https:\\\/\\\/produncan.cl\\\/de\\\/produkt\\\/standort-llanquihue\\\/\"]}]},{\"@type\":\"ImageObject\",\"inLanguage\":\"de-DE\",\"@id\":\"https:\\\/\\\/produncan.cl\\\/de\\\/produkt\\\/standort-llanquihue\\\/#primaryimage\",\"url\":\"https:\\\/\\\/produncan.cl\\\/wp-content\\\/uploads\\\/2021\\\/10\\\/Sitio-En-venta-en-Llanquihue.webp\",\"contentUrl\":\"https:\\\/\\\/produncan.cl\\\/wp-content\\\/uploads\\\/2021\\\/10\\\/Sitio-En-venta-en-Llanquihue.webp\",\"width\":800,\"height\":600,\"caption\":\"Sitio En venta en Llanquihue\"},{\"@type\":\"BreadcrumbList\",\"@id\":\"https:\\\/\\\/produncan.cl\\\/de\\\/produkt\\\/standort-llanquihue\\\/#breadcrumb\",\"itemListElement\":[{\"@type\":\"ListItem\",\"position\":1,\"name\":\"Inicio\",\"item\":\"https:\\\/\\\/produncan.cl\\\/de\\\/\"},{\"@type\":\"ListItem\",\"position\":2,\"name\":\"Eigenschaften\",\"item\":\"https:\\\/\\\/produncan.cl\\\/propiedades\\\/\"},{\"@type\":\"ListItem\",\"position\":3,\"name\":\"St\u00e4dtische Immobilien\",\"item\":\"https:\\\/\\\/produncan.cl\\\/de\\\/kategorie\\\/stadtische-immobilien\\\/\"},{\"@type\":\"ListItem\",\"position\":4,\"name\":\"Standort Llanquihue 2222m\u00b2 &#8211; Seengebiet\"}]},{\"@type\":\"WebSite\",\"@id\":\"https:\\\/\\\/produncan.cl\\\/de\\\/#website\",\"url\":\"https:\\\/\\\/produncan.cl\\\/de\\\/\",\"name\":\"Produncan\",\"description\":\"Wir begleiten Sie bei Ihrem Lebensprojekt!\",\"publisher\":{\"@id\":\"https:\\\/\\\/produncan.cl\\\/de\\\/#organization\"},\"potentialAction\":[{\"@type\":\"SearchAction\",\"target\":{\"@type\":\"EntryPoint\",\"urlTemplate\":\"https:\\\/\\\/produncan.cl\\\/de\\\/?s={search_term_string}\"},\"query-input\":{\"@type\":\"PropertyValueSpecification\",\"valueRequired\":true,\"valueName\":\"search_term_string\"}}],\"inLanguage\":\"de-DE\"},{\"@type\":\"Organization\",\"@id\":\"https:\\\/\\\/produncan.cl\\\/de\\\/#organization\",\"name\":\"Produncan\",\"url\":\"https:\\\/\\\/produncan.cl\\\/de\\\/\",\"logo\":{\"@type\":\"ImageObject\",\"inLanguage\":\"de-DE\",\"@id\":\"https:\\\/\\\/produncan.cl\\\/de\\\/#\\\/schema\\\/logo\\\/image\\\/\",\"url\":\"https:\\\/\\\/produncan.cl\\\/wp-content\\\/uploads\\\/2021\\\/03\\\/LOGO.jpeg\",\"contentUrl\":\"https:\\\/\\\/produncan.cl\\\/wp-content\\\/uploads\\\/2021\\\/03\\\/LOGO.jpeg\",\"width\":1280,\"height\":903,\"caption\":\"Produncan\"},\"image\":{\"@id\":\"https:\\\/\\\/produncan.cl\\\/de\\\/#\\\/schema\\\/logo\\\/image\\\/\"},\"sameAs\":[\"https:\\\/\\\/web.facebook.com\\\/produncanland\",\"https:\\\/\\\/www.instagram.com\\\/pro_duncan\\\/\",\"https:\\\/\\\/www.linkedin.com\\\/company\\\/produncan-lands\\\/\",\"https:\\\/\\\/www.youtube.com\\\/channel\\\/UCu7N-f3x0svkazD-Eew1-QQ\"],\"description\":\"En Produncan somos especialistas en la venta de terrenos en el sur de Chile. Proveemos estancias, campos, parcelas y hoteles.\",\"email\":\"info@produncan.cl\"}]}<\/script>\n<meta property=\"og:video\" content=\"https:\/\/www.youtube.com\/embed\/mIDnnwm88rM\" \/>\n<meta property=\"og:video:type\" content=\"text\/html\" \/>\n<meta property=\"og:video:duration\" content=\"56\" \/>\n<meta property=\"og:video:width\" content=\"480\" \/>\n<meta property=\"og:video:height\" content=\"270\" \/>\n<meta property=\"ya:ovs:adult\" content=\"false\" \/>\n<meta property=\"ya:ovs:upload_date\" content=\"2021-10-04T15:24:10+00:00\" \/>\n<meta property=\"ya:ovs:allow_embed\" content=\"true\" \/>\n<meta property=\"product:price:amount\" content=\"527000.00\" \/>\n<meta property=\"product:price:currency\" content=\"USD\" \/>\n<meta property=\"og:availability\" content=\"instock\" \/>\n<meta property=\"product:availability\" content=\"instock\" \/>\n<meta property=\"product:condition\" content=\"new\" \/>\n<!-- \/ Yoast SEO Premium plugin. -->","yoast_head_json":{"title":"Standort Llanquihue 2222m\u00b2 - Seengebiet - Produncan","description":"Ein Grundst\u00fcck von 2222 m\u00b2 in strategischer Lage im Zentrum von Llanquihue und zwei Blocks von der Gemeinde und dem Seeufer entfernt.","robots":{"index":"index","follow":"follow","max-snippet":"max-snippet:-1","max-image-preview":"max-image-preview:large","max-video-preview":"max-video-preview:-1"},"canonical":"https:\/\/produncan.cl\/de\/produkt\/standort-llanquihue\/","og_locale":"de_DE","og_type":"article","og_title":"Standort Llanquihue 2222m\u00b2 - Seengebiet","og_description":"Ein Grundst\u00fcck von 2222 m\u00b2 in strategischer Lage im Zentrum von Llanquihue und zwei Blocks von der Gemeinde und dem Seeufer entfernt.","og_url":"https:\/\/produncan.cl\/de\/produkt\/standort-llanquihue\/","og_site_name":"Produncan","article_publisher":"https:\/\/web.facebook.com\/produncanland","article_modified_time":"2025-12-26T20:29:21+00:00","og_image":[{"width":800,"height":600,"url":"https:\/\/produncan.cl\/wp-content\/uploads\/2021\/10\/Sitio-En-venta-en-Llanquihue.webp","type":"image\/webp"}],"twitter_card":"summary_large_image","twitter_misc":{"Price":"USD527.000,00","Availability":"In stock"},"schema":{"@context":"https:\/\/schema.org","@graph":[{"@type":"WebPage","@id":"https:\/\/produncan.cl\/de\/produkt\/standort-llanquihue\/","url":"https:\/\/produncan.cl\/de\/produkt\/standort-llanquihue\/","name":"Standort Llanquihue 2222m\u00b2 - Seengebiet - Produncan","isPartOf":{"@id":"https:\/\/produncan.cl\/de\/#website"},"primaryImageOfPage":{"@id":"https:\/\/produncan.cl\/de\/produkt\/standort-llanquihue\/#primaryimage"},"image":{"@id":"https:\/\/produncan.cl\/de\/produkt\/standort-llanquihue\/#primaryimage"},"thumbnailUrl":"https:\/\/produncan.cl\/wp-content\/uploads\/2021\/10\/Sitio-En-venta-en-Llanquihue.webp","datePublished":"2021-10-04T15:24:10+00:00","dateModified":"2025-12-26T20:29:21+00:00","description":"Ein Grundst\u00fcck von 2222 m\u00b2 in strategischer Lage im Zentrum von Llanquihue und zwei Blocks von der Gemeinde und dem Seeufer entfernt.","breadcrumb":{"@id":"https:\/\/produncan.cl\/de\/produkt\/standort-llanquihue\/#breadcrumb"},"inLanguage":"de-DE","potentialAction":[{"@type":"ReadAction","target":["https:\/\/produncan.cl\/de\/produkt\/standort-llanquihue\/"]}]},{"@type":"ImageObject","inLanguage":"de-DE","@id":"https:\/\/produncan.cl\/de\/produkt\/standort-llanquihue\/#primaryimage","url":"https:\/\/produncan.cl\/wp-content\/uploads\/2021\/10\/Sitio-En-venta-en-Llanquihue.webp","contentUrl":"https:\/\/produncan.cl\/wp-content\/uploads\/2021\/10\/Sitio-En-venta-en-Llanquihue.webp","width":800,"height":600,"caption":"Sitio En venta en Llanquihue"},{"@type":"BreadcrumbList","@id":"https:\/\/produncan.cl\/de\/produkt\/standort-llanquihue\/#breadcrumb","itemListElement":[{"@type":"ListItem","position":1,"name":"Inicio","item":"https:\/\/produncan.cl\/de\/"},{"@type":"ListItem","position":2,"name":"Eigenschaften","item":"https:\/\/produncan.cl\/propiedades\/"},{"@type":"ListItem","position":3,"name":"St\u00e4dtische Immobilien","item":"https:\/\/produncan.cl\/de\/kategorie\/stadtische-immobilien\/"},{"@type":"ListItem","position":4,"name":"Standort Llanquihue 2222m\u00b2 &#8211; Seengebiet"}]},{"@type":"WebSite","@id":"https:\/\/produncan.cl\/de\/#website","url":"https:\/\/produncan.cl\/de\/","name":"Produncan","description":"Wir begleiten Sie bei Ihrem Lebensprojekt!","publisher":{"@id":"https:\/\/produncan.cl\/de\/#organization"},"potentialAction":[{"@type":"SearchAction","target":{"@type":"EntryPoint","urlTemplate":"https:\/\/produncan.cl\/de\/?s={search_term_string}"},"query-input":{"@type":"PropertyValueSpecification","valueRequired":true,"valueName":"search_term_string"}}],"inLanguage":"de-DE"},{"@type":"Organization","@id":"https:\/\/produncan.cl\/de\/#organization","name":"Produncan","url":"https:\/\/produncan.cl\/de\/","logo":{"@type":"ImageObject","inLanguage":"de-DE","@id":"https:\/\/produncan.cl\/de\/#\/schema\/logo\/image\/","url":"https:\/\/produncan.cl\/wp-content\/uploads\/2021\/03\/LOGO.jpeg","contentUrl":"https:\/\/produncan.cl\/wp-content\/uploads\/2021\/03\/LOGO.jpeg","width":1280,"height":903,"caption":"Produncan"},"image":{"@id":"https:\/\/produncan.cl\/de\/#\/schema\/logo\/image\/"},"sameAs":["https:\/\/web.facebook.com\/produncanland","https:\/\/www.instagram.com\/pro_duncan\/","https:\/\/www.linkedin.com\/company\/produncan-lands\/","https:\/\/www.youtube.com\/channel\/UCu7N-f3x0svkazD-Eew1-QQ"],"description":"En Produncan somos especialistas en la venta de terrenos en el sur de Chile. Proveemos estancias, campos, parcelas y hoteles.","email":"info@produncan.cl"}]},"og_video":"https:\/\/www.youtube.com\/embed\/mIDnnwm88rM","og_video_type":"text\/html","og_video_duration":"56","og_video_width":"480","og_video_height":"270","ya_ovs_adult":"false","ya_ovs_upload_date":"2021-10-04T15:24:10+00:00","ya_ovs_allow_embed":"true","product_price_amount":"527000.00","product_price_currency":"USD","og_availability":"instock","product_availability":"instock","product_condition":"new"},"_links":{"self":[{"href":"https:\/\/produncan.cl\/de\/wp-json\/wp\/v2\/product\/8595","targetHints":{"allow":["GET"]}}],"collection":[{"href":"https:\/\/produncan.cl\/de\/wp-json\/wp\/v2\/product"}],"about":[{"href":"https:\/\/produncan.cl\/de\/wp-json\/wp\/v2\/types\/product"}],"version-history":[{"count":3,"href":"https:\/\/produncan.cl\/de\/wp-json\/wp\/v2\/product\/8595\/revisions"}],"predecessor-version":[{"id":54243,"href":"https:\/\/produncan.cl\/de\/wp-json\/wp\/v2\/product\/8595\/revisions\/54243"}],"wp:featuredmedia":[{"embeddable":true,"href":"https:\/\/produncan.cl\/de\/wp-json\/wp\/v2\/media\/51081"}],"wp:attachment":[{"href":"https:\/\/produncan.cl\/de\/wp-json\/wp\/v2\/media?parent=8595"}],"wp:term":[{"taxonomy":"product_brand","embeddable":true,"href":"https:\/\/produncan.cl\/de\/wp-json\/wp\/v2\/product_brand?post=8595"},{"taxonomy":"product_cat","embeddable":true,"href":"https:\/\/produncan.cl\/de\/wp-json\/wp\/v2\/product_cat?post=8595"},{"taxonomy":"product_tag","embeddable":true,"href":"https:\/\/produncan.cl\/de\/wp-json\/wp\/v2\/product_tag?post=8595"},{"taxonomy":"regiones","embeddable":true,"href":"https:\/\/produncan.cl\/de\/wp-json\/wp\/v2\/regiones?post=8595"},{"taxonomy":"ciudades","embeddable":true,"href":"https:\/\/produncan.cl\/de\/wp-json\/wp\/v2\/ciudades?post=8595"}],"curies":[{"name":"wp","href":"https:\/\/api.w.org\/{rel}","templated":true}]}}