{"id":8597,"date":"2022-09-28T13:02:51","date_gmt":"2022-09-28T16:02:51","guid":{"rendered":"https:\/\/produncan.cl\/producto\/kruegerinsel\/"},"modified":"2025-08-20T17:44:24","modified_gmt":"2025-08-20T21:44:24","slug":"kruegerinsel","status":"publish","type":"product","link":"https:\/\/produncan.cl\/de\/produkt\/kruegerinsel\/","title":{"rendered":"Isla Kruger &#8211; Fiordo Eberhard, Natales"},"content":{"rendered":"\t\t<div data-elementor-type=\"product-post\" data-elementor-id=\"8597\" class=\"elementor elementor-8597 elementor-1611\" data-elementor-post-type=\"product\">\n\t\t\t\t<div class=\"elementor-element elementor-element-e785f86 e-flex e-con-boxed e-con e-parent\" data-id=\"e785f86\" data-element_type=\"container\" data-e-type=\"container\" data-settings=\"{&quot;jet_parallax_layout_list&quot;:[]}\">\n\t\t\t\t\t<div class=\"e-con-inner\">\n\t\t\t\t<div class=\"elementor-element elementor-element-6ce3609 elementor-widget elementor-widget-heading\" data-id=\"6ce3609\" data-element_type=\"widget\" data-e-type=\"widget\" data-widget_type=\"heading.default\">\n\t\t\t\t\t<h2 class=\"elementor-heading-title elementor-size-default\">Investieren Sie, wo Geschichte und Natur in Patagonien umarmen<\/h2>\t\t\t\t<\/div>\n\t\t\t\t\t<\/div>\n\t\t\t\t<\/div>\n\t\t<div class=\"elementor-element elementor-element-9d99f18 e-flex e-con-boxed e-con e-parent\" data-id=\"9d99f18\" data-element_type=\"container\" data-e-type=\"container\" data-settings=\"{&quot;jet_parallax_layout_list&quot;:[]}\">\n\t\t\t\t\t<div class=\"e-con-inner\">\n\t\t\t\t<div class=\"elementor-element elementor-element-91c69a7 elementor-widget elementor-widget-text-editor\" data-id=\"91c69a7\" data-element_type=\"widget\" data-e-type=\"widget\" data-widget_type=\"text-editor.default\">\n\t\t\t\t\t\t\t\t\t<p>Am s\u00fcdlichen Ende der Welt, wo die Zeit still zu stehen scheint und die Natur noch ihre urspr\u00fcngliche Reinheit bewahrt hat, gibt es einen Ort, der wie aus einem Traum entsprungen scheint: Isla Kruger. Ein 14,55 Hektar gro\u00dfes Paradies, das ruhig im Eberhard-Fjord liegt, nur 500 Meter vom Festland und wenige Minuten von Puerto Natales entfernt, dem Tor zum Nationalpark Torres del Paine. <\/p><p>Diese Insel ist nicht nur ein St\u00fcck Land, sondern eine Einladung zum Tr\u00e4umen. Mit majest\u00e4tischem Blick auf die Torres del Paine und umgeben von ruhigen, gesch\u00fctzten Gew\u00e4ssern ist die Isla Kruger perfekt f\u00fcr die Entwicklung eines touristischen Projekts mit hohem Standard, wie beispielsweise einer Boutique-Lodge, einem exklusiven Yachtclub oder einem Luxus-Yachthafen. Die Umgebung ist sicher, inspirierend und tief mit der Geschichte der Kolonisierung von \u00daltima Esperanza Ende des 19. Jahrhunderts verbunden.  <\/p><p>Das Anwesen verf\u00fcgt \u00fcber bereits bestehende Geb\u00e4ude, ein 190 m\u00b2 gro\u00dfes Haupthaus und Nebengeb\u00e4ude, eine autonome Grundversorgung und einen registrierten Bootsanleger, der einen schnellen Zugang von Puerto Natales oder sogar per Hubschrauber oder Wasserflugzeug erm\u00f6glicht.<\/p><p>\u00dcber ihre beeindruckende nat\u00fcrliche Sch\u00f6nheit und strategische Lage hinaus ist die Isla Kruger auch ein historisches Symbol: Sie ist eng mit den ersten Erkundungs- und Besiedlungsprozessen in der Region verbunden und Zeuge der Migration aus den urspr\u00fcnglichen Siedlungen von Puerto Prat in das heutige Puerto Natales. Die Insel ist nach Ricardo Kruger Lei benannt, einem deutschen Pionier, der eine Schl\u00fcsselrolle bei der Durchsetzung der chilenischen Souver\u00e4nit\u00e4t in Patagonien spielte. Sein Verm\u00e4chtnis ist noch immer in dieser stillen Gegend zu sp\u00fcren, wo Klippen, V\u00f6gel, Wind und Geschichte in Harmonie miteinander existieren.  <\/p><p>Eine au\u00dfergew\u00f6hnliche Gelegenheit<\/p><ul><li>Verkaufspreis: 850.000.000 CLP<\/li><li>Bewertung TINSA (Aug. 2025): UF 25.505,42 (CLP 1.000.052.858)<\/li><li>Fl\u00e4che: 14,55 Hektar laut Satellitenvermessung<\/li><li>Art der Immobilie: L\u00e4ndliches Grundst\u00fcck f\u00fcr landwirtschaftliche Nutzung mit touristischem und Wohnpotenzial<\/li><li>Lage: Eberhard-Fjord, Puerto Natales, Region Magallanes und chilenische Antarktis<br><br><\/li><\/ul><p>Die Insel Kruger in Puerto Natales ist nicht nur eine Investition, sondern eine Liebeserkl\u00e4rung an die Natur, die Geschichte und das authentische Leben. Es ist der ideale Ort f\u00fcr alle, die davon tr\u00e4umen, einen einzigartigen R\u00fcckzugsort in Patagonien zu schaffen, wo die Ruhe und die Gro\u00dfartigkeit der Landschaft Teil des Alltags werden. <br>Kontaktieren Sie uns, um diese einzigartige Ecke der Welt zu entdecken. Die Zukunft Patagoniens k\u00f6nnte hier beginnen.  <\/p>\t\t\t\t\t\t\t\t<\/div>\n\t\t\t\t\t<\/div>\n\t\t\t\t<\/div>\n\t\t\t\t<\/div>\n\t\t","protected":false},"excerpt":{"rendered":"<p>Insel im Fjord Eberhard Hafen Natales. Mit Haus des Eigent\u00fcmers, Einrichtungen und N\u00e4he zum Festland und Flughafen. Ideal f\u00fcr die Entwicklung einer Lodge und einer Marina. Hier begann die Geschichte Geschichte der ersten Siedler begann, die nach Puerto Natales kamen.    <\/p>\n","protected":false},"featured_media":47432,"template":"","meta":{"_acf_changed":false},"product_brand":[],"product_cat":[116],"product_tag":[235,231],"regiones":[225],"ciudades":[210],"class_list":{"0":"post-8597","1":"product","2":"type-product","3":"status-publish","4":"has-post-thumbnail","6":"product_cat-aysen-magallanes-de","7":"product_tag-felder","8":"product_tag-touristische-immobilien","9":"regiones-aysen-magallanes","10":"ciudades-puerto-natales","12":"first","13":"instock","14":"sold-individually","15":"shipping-taxable","16":"purchasable","17":"product-type-simple"},"acf":[],"yoast_head":"<!-- This site is optimized with the Yoast SEO Premium plugin v26.0 (Yoast SEO v27.3) - https:\/\/yoast.com\/product\/yoast-seo-premium-wordpress\/ -->\n<title>Isla Kruger - Fiordo Eberhard, Natales - Produncan<\/title>\n<meta name=\"description\" content=\"Insel im Eberhard-Fjord, die Teil der Kolonisierung von \u00daltima Esperanza ist. Sie ist 15 Hektar gro\u00df und liegt nur 300 Meter vom Festland entfernt.\" \/>\n<meta name=\"robots\" content=\"index, follow, max-snippet:-1, max-image-preview:large, max-video-preview:-1\" \/>\n<link rel=\"canonical\" href=\"https:\/\/produncan.cl\/de\/produkt\/kruegerinsel\/\" \/>\n<meta property=\"og:locale\" content=\"de_DE\" \/>\n<meta property=\"og:type\" content=\"article\" \/>\n<meta property=\"og:title\" content=\"Isla Kruger - Fiordo Eberhard, Natales\" \/>\n<meta property=\"og:description\" content=\"Insel im Eberhard-Fjord, die Teil der Kolonisierung von \u00daltima Esperanza ist. Sie ist 15 Hektar gro\u00df und liegt nur 300 Meter vom Festland entfernt.\" \/>\n<meta property=\"og:url\" content=\"https:\/\/produncan.cl\/de\/produkt\/kruegerinsel\/\" \/>\n<meta property=\"og:site_name\" content=\"Produncan\" \/>\n<meta property=\"article:publisher\" content=\"https:\/\/web.facebook.com\/produncanland\" \/>\n<meta property=\"article:modified_time\" content=\"2025-08-20T21:44:24+00:00\" \/>\n<meta property=\"og:image\" content=\"https:\/\/produncan.cl\/wp-content\/uploads\/2022\/09\/ISLA-KRUGER.webp\" \/>\n\t<meta property=\"og:image:width\" content=\"800\" \/>\n\t<meta property=\"og:image:height\" content=\"600\" \/>\n\t<meta property=\"og:image:type\" content=\"image\/webp\" \/>\n<meta name=\"twitter:card\" content=\"summary_large_image\" \/>\n<meta name=\"twitter:label1\" content=\"Price\" \/>\n\t<meta name=\"twitter:data1\" content=\"USD924.000,00\" \/>\n\t<meta name=\"twitter:label2\" content=\"Availability\" \/>\n\t<meta name=\"twitter:data2\" content=\"In stock\" \/>\n<script type=\"application\/ld+json\" class=\"yoast-schema-graph\">{\"@context\":\"https:\\\/\\\/schema.org\",\"@graph\":[{\"@type\":\"WebPage\",\"@id\":\"https:\\\/\\\/produncan.cl\\\/de\\\/produkt\\\/kruegerinsel\\\/\",\"url\":\"https:\\\/\\\/produncan.cl\\\/de\\\/produkt\\\/kruegerinsel\\\/\",\"name\":\"Isla Kruger - Fiordo Eberhard, Natales - Produncan\",\"isPartOf\":{\"@id\":\"https:\\\/\\\/produncan.cl\\\/de\\\/#website\"},\"primaryImageOfPage\":{\"@id\":\"https:\\\/\\\/produncan.cl\\\/de\\\/produkt\\\/kruegerinsel\\\/#primaryimage\"},\"image\":{\"@id\":\"https:\\\/\\\/produncan.cl\\\/de\\\/produkt\\\/kruegerinsel\\\/#primaryimage\"},\"thumbnailUrl\":\"https:\\\/\\\/produncan.cl\\\/wp-content\\\/uploads\\\/2022\\\/09\\\/ISLA-KRUGER.webp\",\"datePublished\":\"2022-09-28T16:02:51+00:00\",\"dateModified\":\"2025-08-20T21:44:24+00:00\",\"description\":\"Insel im Eberhard-Fjord, die Teil der Kolonisierung von \u00daltima Esperanza ist. Sie ist 15 Hektar gro\u00df und liegt nur 300 Meter vom Festland entfernt.\",\"breadcrumb\":{\"@id\":\"https:\\\/\\\/produncan.cl\\\/de\\\/produkt\\\/kruegerinsel\\\/#breadcrumb\"},\"inLanguage\":\"de-DE\",\"potentialAction\":[{\"@type\":\"ReadAction\",\"target\":[\"https:\\\/\\\/produncan.cl\\\/de\\\/produkt\\\/kruegerinsel\\\/\"]}]},{\"@type\":\"ImageObject\",\"inLanguage\":\"de-DE\",\"@id\":\"https:\\\/\\\/produncan.cl\\\/de\\\/produkt\\\/kruegerinsel\\\/#primaryimage\",\"url\":\"https:\\\/\\\/produncan.cl\\\/wp-content\\\/uploads\\\/2022\\\/09\\\/ISLA-KRUGER.webp\",\"contentUrl\":\"https:\\\/\\\/produncan.cl\\\/wp-content\\\/uploads\\\/2022\\\/09\\\/ISLA-KRUGER.webp\",\"width\":800,\"height\":600},{\"@type\":\"BreadcrumbList\",\"@id\":\"https:\\\/\\\/produncan.cl\\\/de\\\/produkt\\\/kruegerinsel\\\/#breadcrumb\",\"itemListElement\":[{\"@type\":\"ListItem\",\"position\":1,\"name\":\"Inicio\",\"item\":\"https:\\\/\\\/produncan.cl\\\/de\\\/\"},{\"@type\":\"ListItem\",\"position\":2,\"name\":\"Eigenschaften\",\"item\":\"https:\\\/\\\/produncan.cl\\\/propiedades\\\/\"},{\"@type\":\"ListItem\",\"position\":3,\"name\":\"Felder\",\"item\":\"https:\\\/\\\/produncan.cl\\\/de\\\/kategorie\\\/felder\\\/\"},{\"@type\":\"ListItem\",\"position\":4,\"name\":\"Isla Kruger &#8211; Fiordo Eberhard, Natales\"}]},{\"@type\":\"WebSite\",\"@id\":\"https:\\\/\\\/produncan.cl\\\/de\\\/#website\",\"url\":\"https:\\\/\\\/produncan.cl\\\/de\\\/\",\"name\":\"Produncan\",\"description\":\"Wir begleiten Sie bei Ihrem Lebensprojekt!\",\"publisher\":{\"@id\":\"https:\\\/\\\/produncan.cl\\\/de\\\/#organization\"},\"potentialAction\":[{\"@type\":\"SearchAction\",\"target\":{\"@type\":\"EntryPoint\",\"urlTemplate\":\"https:\\\/\\\/produncan.cl\\\/de\\\/?s={search_term_string}\"},\"query-input\":{\"@type\":\"PropertyValueSpecification\",\"valueRequired\":true,\"valueName\":\"search_term_string\"}}],\"inLanguage\":\"de-DE\"},{\"@type\":\"Organization\",\"@id\":\"https:\\\/\\\/produncan.cl\\\/de\\\/#organization\",\"name\":\"Produncan\",\"url\":\"https:\\\/\\\/produncan.cl\\\/de\\\/\",\"logo\":{\"@type\":\"ImageObject\",\"inLanguage\":\"de-DE\",\"@id\":\"https:\\\/\\\/produncan.cl\\\/de\\\/#\\\/schema\\\/logo\\\/image\\\/\",\"url\":\"https:\\\/\\\/produncan.cl\\\/wp-content\\\/uploads\\\/2021\\\/03\\\/LOGO.jpeg\",\"contentUrl\":\"https:\\\/\\\/produncan.cl\\\/wp-content\\\/uploads\\\/2021\\\/03\\\/LOGO.jpeg\",\"width\":1280,\"height\":903,\"caption\":\"Produncan\"},\"image\":{\"@id\":\"https:\\\/\\\/produncan.cl\\\/de\\\/#\\\/schema\\\/logo\\\/image\\\/\"},\"sameAs\":[\"https:\\\/\\\/web.facebook.com\\\/produncanland\",\"https:\\\/\\\/www.instagram.com\\\/pro_duncan\\\/\",\"https:\\\/\\\/www.linkedin.com\\\/company\\\/produncan-lands\\\/\",\"https:\\\/\\\/www.youtube.com\\\/channel\\\/UCu7N-f3x0svkazD-Eew1-QQ\"],\"description\":\"En Produncan somos especialistas en la venta de terrenos en el sur de Chile. Proveemos estancias, campos, parcelas y hoteles.\",\"email\":\"info@produncan.cl\"}]}<\/script>\n<meta property=\"og:video\" content=\"https:\/\/www.youtube.com\/embed\/1ZYAeB_B7OY\" \/>\n<meta property=\"og:video:type\" content=\"text\/html\" \/>\n<meta property=\"og:video:duration\" content=\"90\" \/>\n<meta property=\"og:video:width\" content=\"480\" \/>\n<meta property=\"og:video:height\" content=\"270\" \/>\n<meta property=\"ya:ovs:adult\" content=\"false\" \/>\n<meta property=\"ya:ovs:upload_date\" content=\"2022-09-28T16:02:51+00:00\" \/>\n<meta property=\"ya:ovs:allow_embed\" content=\"true\" \/>\n<meta property=\"product:price:amount\" content=\"924000.00\" \/>\n<meta property=\"product:price:currency\" content=\"USD\" \/>\n<meta property=\"og:availability\" content=\"instock\" \/>\n<meta property=\"product:availability\" content=\"instock\" \/>\n<meta property=\"product:condition\" content=\"new\" \/>\n<!-- \/ Yoast SEO Premium plugin. -->","yoast_head_json":{"title":"Isla Kruger - Fiordo Eberhard, Natales - Produncan","description":"Insel im Eberhard-Fjord, die Teil der Kolonisierung von \u00daltima Esperanza ist. Sie ist 15 Hektar gro\u00df und liegt nur 300 Meter vom Festland entfernt.","robots":{"index":"index","follow":"follow","max-snippet":"max-snippet:-1","max-image-preview":"max-image-preview:large","max-video-preview":"max-video-preview:-1"},"canonical":"https:\/\/produncan.cl\/de\/produkt\/kruegerinsel\/","og_locale":"de_DE","og_type":"article","og_title":"Isla Kruger - Fiordo Eberhard, Natales","og_description":"Insel im Eberhard-Fjord, die Teil der Kolonisierung von \u00daltima Esperanza ist. Sie ist 15 Hektar gro\u00df und liegt nur 300 Meter vom Festland entfernt.","og_url":"https:\/\/produncan.cl\/de\/produkt\/kruegerinsel\/","og_site_name":"Produncan","article_publisher":"https:\/\/web.facebook.com\/produncanland","article_modified_time":"2025-08-20T21:44:24+00:00","og_image":[{"width":800,"height":600,"url":"https:\/\/produncan.cl\/wp-content\/uploads\/2022\/09\/ISLA-KRUGER.webp","type":"image\/webp"}],"twitter_card":"summary_large_image","twitter_misc":{"Price":"USD924.000,00","Availability":"In stock"},"schema":{"@context":"https:\/\/schema.org","@graph":[{"@type":"WebPage","@id":"https:\/\/produncan.cl\/de\/produkt\/kruegerinsel\/","url":"https:\/\/produncan.cl\/de\/produkt\/kruegerinsel\/","name":"Isla Kruger - Fiordo Eberhard, Natales - Produncan","isPartOf":{"@id":"https:\/\/produncan.cl\/de\/#website"},"primaryImageOfPage":{"@id":"https:\/\/produncan.cl\/de\/produkt\/kruegerinsel\/#primaryimage"},"image":{"@id":"https:\/\/produncan.cl\/de\/produkt\/kruegerinsel\/#primaryimage"},"thumbnailUrl":"https:\/\/produncan.cl\/wp-content\/uploads\/2022\/09\/ISLA-KRUGER.webp","datePublished":"2022-09-28T16:02:51+00:00","dateModified":"2025-08-20T21:44:24+00:00","description":"Insel im Eberhard-Fjord, die Teil der Kolonisierung von \u00daltima Esperanza ist. Sie ist 15 Hektar gro\u00df und liegt nur 300 Meter vom Festland entfernt.","breadcrumb":{"@id":"https:\/\/produncan.cl\/de\/produkt\/kruegerinsel\/#breadcrumb"},"inLanguage":"de-DE","potentialAction":[{"@type":"ReadAction","target":["https:\/\/produncan.cl\/de\/produkt\/kruegerinsel\/"]}]},{"@type":"ImageObject","inLanguage":"de-DE","@id":"https:\/\/produncan.cl\/de\/produkt\/kruegerinsel\/#primaryimage","url":"https:\/\/produncan.cl\/wp-content\/uploads\/2022\/09\/ISLA-KRUGER.webp","contentUrl":"https:\/\/produncan.cl\/wp-content\/uploads\/2022\/09\/ISLA-KRUGER.webp","width":800,"height":600},{"@type":"BreadcrumbList","@id":"https:\/\/produncan.cl\/de\/produkt\/kruegerinsel\/#breadcrumb","itemListElement":[{"@type":"ListItem","position":1,"name":"Inicio","item":"https:\/\/produncan.cl\/de\/"},{"@type":"ListItem","position":2,"name":"Eigenschaften","item":"https:\/\/produncan.cl\/propiedades\/"},{"@type":"ListItem","position":3,"name":"Felder","item":"https:\/\/produncan.cl\/de\/kategorie\/felder\/"},{"@type":"ListItem","position":4,"name":"Isla Kruger &#8211; Fiordo Eberhard, Natales"}]},{"@type":"WebSite","@id":"https:\/\/produncan.cl\/de\/#website","url":"https:\/\/produncan.cl\/de\/","name":"Produncan","description":"Wir begleiten Sie bei Ihrem Lebensprojekt!","publisher":{"@id":"https:\/\/produncan.cl\/de\/#organization"},"potentialAction":[{"@type":"SearchAction","target":{"@type":"EntryPoint","urlTemplate":"https:\/\/produncan.cl\/de\/?s={search_term_string}"},"query-input":{"@type":"PropertyValueSpecification","valueRequired":true,"valueName":"search_term_string"}}],"inLanguage":"de-DE"},{"@type":"Organization","@id":"https:\/\/produncan.cl\/de\/#organization","name":"Produncan","url":"https:\/\/produncan.cl\/de\/","logo":{"@type":"ImageObject","inLanguage":"de-DE","@id":"https:\/\/produncan.cl\/de\/#\/schema\/logo\/image\/","url":"https:\/\/produncan.cl\/wp-content\/uploads\/2021\/03\/LOGO.jpeg","contentUrl":"https:\/\/produncan.cl\/wp-content\/uploads\/2021\/03\/LOGO.jpeg","width":1280,"height":903,"caption":"Produncan"},"image":{"@id":"https:\/\/produncan.cl\/de\/#\/schema\/logo\/image\/"},"sameAs":["https:\/\/web.facebook.com\/produncanland","https:\/\/www.instagram.com\/pro_duncan\/","https:\/\/www.linkedin.com\/company\/produncan-lands\/","https:\/\/www.youtube.com\/channel\/UCu7N-f3x0svkazD-Eew1-QQ"],"description":"En Produncan somos especialistas en la venta de terrenos en el sur de Chile. Proveemos estancias, campos, parcelas y hoteles.","email":"info@produncan.cl"}]},"og_video":"https:\/\/www.youtube.com\/embed\/1ZYAeB_B7OY","og_video_type":"text\/html","og_video_duration":"90","og_video_width":"480","og_video_height":"270","ya_ovs_adult":"false","ya_ovs_upload_date":"2022-09-28T16:02:51+00:00","ya_ovs_allow_embed":"true","product_price_amount":"924000.00","product_price_currency":"USD","og_availability":"instock","product_availability":"instock","product_condition":"new"},"_links":{"self":[{"href":"https:\/\/produncan.cl\/de\/wp-json\/wp\/v2\/product\/8597","targetHints":{"allow":["GET"]}}],"collection":[{"href":"https:\/\/produncan.cl\/de\/wp-json\/wp\/v2\/product"}],"about":[{"href":"https:\/\/produncan.cl\/de\/wp-json\/wp\/v2\/types\/product"}],"version-history":[{"count":0,"href":"https:\/\/produncan.cl\/de\/wp-json\/wp\/v2\/product\/8597\/revisions"}],"wp:featuredmedia":[{"embeddable":true,"href":"https:\/\/produncan.cl\/de\/wp-json\/wp\/v2\/media\/47432"}],"wp:attachment":[{"href":"https:\/\/produncan.cl\/de\/wp-json\/wp\/v2\/media?parent=8597"}],"wp:term":[{"taxonomy":"product_brand","embeddable":true,"href":"https:\/\/produncan.cl\/de\/wp-json\/wp\/v2\/product_brand?post=8597"},{"taxonomy":"product_cat","embeddable":true,"href":"https:\/\/produncan.cl\/de\/wp-json\/wp\/v2\/product_cat?post=8597"},{"taxonomy":"product_tag","embeddable":true,"href":"https:\/\/produncan.cl\/de\/wp-json\/wp\/v2\/product_tag?post=8597"},{"taxonomy":"regiones","embeddable":true,"href":"https:\/\/produncan.cl\/de\/wp-json\/wp\/v2\/regiones?post=8597"},{"taxonomy":"ciudades","embeddable":true,"href":"https:\/\/produncan.cl\/de\/wp-json\/wp\/v2\/ciudades?post=8597"}],"curies":[{"name":"wp","href":"https:\/\/api.w.org\/{rel}","templated":true}]}}