{"id":8602,"date":"2022-09-27T18:45:44","date_gmt":"2022-09-27T21:45:44","guid":{"rendered":"https:\/\/produncan.cl\/producto\/bauernhof-las-golondrinas-245ha\/"},"modified":"2025-08-19T12:05:19","modified_gmt":"2025-08-19T16:05:19","slug":"bauernhof-las-golondrinas-245ha","status":"publish","type":"product","link":"https:\/\/produncan.cl\/de\/produkt\/bauernhof-las-golondrinas-245ha\/","title":{"rendered":"Feld 245ha Las Golondrinas &#8211; Los Muermos, Regi\u00f3n de los Lagos"},"content":{"rendered":"\t\t<div data-elementor-type=\"product-post\" data-elementor-id=\"8602\" class=\"elementor elementor-8602 elementor-3318\" data-elementor-post-type=\"product\">\n\t\t\t\t<div class=\"elementor-element elementor-element-b0cec0d e-flex e-con-boxed e-con e-parent\" data-id=\"b0cec0d\" data-element_type=\"container\" data-e-type=\"container\" data-settings=\"{&quot;jet_parallax_layout_list&quot;:[]}\">\n\t\t\t\t\t<div class=\"e-con-inner\">\n\t\t\t\t<div class=\"elementor-element elementor-element-61a5fb7 elementor-widget elementor-widget-heading\" data-id=\"61a5fb7\" data-element_type=\"widget\" data-e-type=\"widget\" data-widget_type=\"heading.default\">\n\t\t\t\t\t<h2 class=\"elementor-heading-title elementor-size-default\"><h2 style=\"font-family: Roboto, sans-serif\">EIN IDEALES FELD F\u00dcR LANDWIRTSCHAFT UND VIEHZUCHT!<\/h2><\/h2>\t\t\t\t<\/div>\n\t\t\t\t\t<\/div>\n\t\t\t\t<\/div>\n\t\t\t\t<section class=\"elementor-section elementor-top-section elementor-element elementor-element-1ff8f554 elementor-section-boxed elementor-section-height-default elementor-section-height-default\" data-id=\"1ff8f554\" data-element_type=\"section\" data-e-type=\"section\" data-settings=\"{&quot;jet_parallax_layout_list&quot;:[]}\">\n\t\t\t\t\t\t<div class=\"elementor-container elementor-column-gap-default\">\n\t\t\t\t\t<div class=\"elementor-column elementor-col-100 elementor-top-column elementor-element elementor-element-2942e9d9\" data-id=\"2942e9d9\" data-element_type=\"column\" data-e-type=\"column\">\n\t\t\t<div class=\"elementor-widget-wrap elementor-element-populated\">\n\t\t\t\t\t\t<div class=\"elementor-element elementor-element-52c81d25 elementor-widget elementor-widget-text-editor\" data-id=\"52c81d25\" data-element_type=\"widget\" data-e-type=\"widget\" data-widget_type=\"text-editor.default\">\n\t\t\t\t\t\t\t\t\t<p> Wir laden Sie ein, dieses 245 Hektar gro\u00dfe, gr\u00f6\u00dftenteils flache und erh\u00f6hte Grundst\u00fcck zu besichtigen, von dem aus man einen herrlichen Blick auf die Vulkane Osorno und Calbuco sowie auf gr\u00fcne Wiesen in Richtung K\u00fcste hat, von denen aus eine Meeresbrise weht, <span style=\"color: var( --e-global-color-text ); font-family: var( --e-global-typography-text-font-family ), Sans-serif; font-weight: var( --e-global-typography-text-font-weight );\">die eine nat\u00fcrliche Bew\u00e4sserung erm\u00f6glicht.<\/span><\/p><p><span style=\"color: var( --e-global-color-text ); font-family: var( --e-global-typography-text-font-family ), Sans-serif; font-weight: var( --e-global-typography-text-font-weight );\">Der Zugang zum Grundst\u00fcck erfolgt von Los Muermos aus in Richtung Estaquilla \u00fcber eine asphaltierte Stra\u00dfe und dann \u00fcber eine Schotterstra\u00dfe von nur 1,8 km in ausgezeichnetem Zustand.<\/span><\/p><p><span style=\"color: var( --e-global-color-text ); font-family: var( --e-global-typography-text-font-family ), Sans-serif; font-weight: var( --e-global-typography-text-font-weight );\">Der Betrieb verf\u00fcgt \u00fcber 43 % einheimische B\u00e4ume, 57 % Gr\u00fcnland, 4 B\u00e4che, 6 Quellen, Obstb\u00e4ume, Umz\u00e4unung und Tierhaltung.<\/span><\/p><p><span style=\"color: var( --e-global-color-text ); font-family: var( --e-global-typography-text-font-family ), Sans-serif; font-weight: var( --e-global-typography-text-font-weight );\">Das Feld ist an das Stromnetz angeschlossen, es gibt ein gutes Signal und Wasser aus mehreren Quellen: 6 Quellen und 2 Wasserr\u00e4der. Dar\u00fcber hinaus befinden sich auf dem Grundst\u00fcck drei reparaturbed\u00fcrftige H\u00e4user, ein gro\u00dfer Schuppen und ein Schotterbrunnen. <\/span><\/p><p>I<span style=\"color: var( --e-global-color-text ); font-family: var( --e-global-typography-text-font-family ), Sans-serif; font-weight: var( --e-global-typography-text-font-weight );\">n der Vergangenheit wurde in der<\/span> <span style=\"color: var( --e-global-color-text ); font-family: var( --e-global-typography-text-font-family ), Sans-serif; font-weight: var( --e-global-typography-text-font-weight );\">Viehzucht und Milchwirtschaft gearbeitet.<\/span><\/p><p><span style=\"color: var( --e-global-color-text ); font-family: var( --e-global-typography-text-font-family ), Sans-serif; font-weight: var( --e-global-typography-text-font-weight );\">Die 6 km langen inneren Stra\u00dfen sind in der SII-Karte als Alleen eingetragen.<\/span><\/p><ul><li><span style=\"background-color: transparent; color: var( --e-global-color-text ); font-family: var( --e-global-typography-text-font-family ), Sans-serif; font-weight: var( --e-global-typography-text-font-weight );\">65 km von Puerto Varas entfernt<\/span><\/li><li><span style=\"background-color: transparent; color: var( --e-global-color-text ); font-family: var( --e-global-typography-text-font-family ), Sans-serif; font-weight: var( --e-global-typography-text-font-weight );\">48 km vom Flughafen El Tepual in Puerto Montt entfernt<\/span><\/li><li><span style=\"background-color: transparent; color: var( --e-global-color-text ); font-family: var( --e-global-typography-text-font-family ), Sans-serif; font-weight: var( --e-global-typography-text-font-weight );\">20 km von Los Muermos entfernt, wo Sie alle Dienstleistungen finden.<\/span><\/li><\/ul><div> <\/div><p>In der N\u00e4he befinden sich die atemberaubenden Landschaften der K\u00fcste in den Sektoren Hua-Huar, Estaquilla, Quenuir, Puerto Godoy und Maull\u00edn, die einen touristischen Entwicklungsschwerpunkt darstellen, der einen starken Kapitalzuwachs bewirkt.<\/p><p><span style=\"color: var( --e-global-color-text ); font-family: var( --e-global-typography-text-font-family ), Sans-serif; font-weight: var( --e-global-typography-text-font-weight );\">NUTZEN SIE DIE GELEGENHEIT, EINES DER BESTEN GRUNDST\u00dcCKE IM SEENGEBIET ZU BESITZEN!<\/span><\/p>\t\t\t\t\t\t\t\t<\/div>\n\t\t\t\t\t<\/div>\n\t\t<\/div>\n\t\t\t\t\t<\/div>\n\t\t<\/section>\n\t\t\t\t<\/div>\n\t\t","protected":false},"excerpt":{"rendered":"<p>Landwirtschafts- und Viehzuchtbetrieb in der N\u00e4he von Los Muermos, asphaltierter Zugang, B\u00e4che, Quellen, Strom.<\/p>\n","protected":false},"featured_media":54006,"template":"","meta":{"_acf_changed":false},"product_brand":[],"product_cat":[104],"product_tag":[235],"regiones":[226],"ciudades":[216],"class_list":{"0":"post-8602","1":"product","2":"type-product","3":"status-publish","4":"has-post-thumbnail","6":"product_cat-ohiggins-los-lagos","7":"product_tag-felder","8":"regiones-nuble-los_lagos","9":"ciudades-los-muermos","11":"first","12":"outofstock","13":"sold-individually","14":"shipping-taxable","15":"product-type-simple"},"acf":[],"yoast_head":"<!-- This site is optimized with the Yoast SEO Premium plugin v26.0 (Yoast SEO v27.3) - https:\/\/yoast.com\/product\/yoast-seo-premium-wordpress\/ -->\n<title>Feld 245ha Las Golondrinas - Los Muermos, Regi\u00f3n de los Lagos - Produncan<\/title>\n<meta name=\"robots\" content=\"index, follow, max-snippet:-1, max-image-preview:large, max-video-preview:-1\" \/>\n<link rel=\"canonical\" href=\"https:\/\/produncan.cl\/de\/produkt\/bauernhof-las-golondrinas-245ha\/\" \/>\n<meta property=\"og:locale\" content=\"de_DE\" \/>\n<meta property=\"og:type\" content=\"article\" \/>\n<meta property=\"og:title\" content=\"Feld 245ha Las Golondrinas - Los Muermos, Regi\u00f3n de los Lagos\" \/>\n<meta property=\"og:description\" content=\"Landwirtschafts- und Viehzuchtbetrieb in der N\u00e4he von Los Muermos, asphaltierter Zugang, B\u00e4che, Quellen, Strom.\" \/>\n<meta property=\"og:url\" content=\"https:\/\/produncan.cl\/de\/produkt\/bauernhof-las-golondrinas-245ha\/\" \/>\n<meta property=\"og:site_name\" content=\"Produncan\" \/>\n<meta property=\"article:publisher\" content=\"https:\/\/web.facebook.com\/produncanland\" \/>\n<meta property=\"article:modified_time\" content=\"2025-08-19T16:05:19+00:00\" \/>\n<meta property=\"og:image\" content=\"https:\/\/produncan.cl\/wp-content\/uploads\/2022\/09\/Las-Golondrinas-vendido.webp\" \/>\n\t<meta property=\"og:image:width\" content=\"600\" \/>\n\t<meta property=\"og:image:height\" content=\"450\" \/>\n\t<meta property=\"og:image:type\" content=\"image\/webp\" \/>\n<meta name=\"twitter:card\" content=\"summary_large_image\" \/>\n<meta name=\"twitter:label1\" content=\"Price\" \/>\n\t<meta name=\"twitter:data1\" content=\"\" \/>\n\t<meta name=\"twitter:label2\" content=\"Availability\" \/>\n\t<meta name=\"twitter:data2\" content=\"Out of stock\" \/>\n<script type=\"application\/ld+json\" class=\"yoast-schema-graph\">{\"@context\":\"https:\\\/\\\/schema.org\",\"@graph\":[{\"@type\":\"WebPage\",\"@id\":\"https:\\\/\\\/produncan.cl\\\/de\\\/produkt\\\/bauernhof-las-golondrinas-245ha\\\/\",\"url\":\"https:\\\/\\\/produncan.cl\\\/de\\\/produkt\\\/bauernhof-las-golondrinas-245ha\\\/\",\"name\":\"Feld 245ha Las Golondrinas - Los Muermos, Regi\u00f3n de los Lagos - Produncan\",\"isPartOf\":{\"@id\":\"https:\\\/\\\/produncan.cl\\\/de\\\/#website\"},\"primaryImageOfPage\":{\"@id\":\"https:\\\/\\\/produncan.cl\\\/de\\\/produkt\\\/bauernhof-las-golondrinas-245ha\\\/#primaryimage\"},\"image\":{\"@id\":\"https:\\\/\\\/produncan.cl\\\/de\\\/produkt\\\/bauernhof-las-golondrinas-245ha\\\/#primaryimage\"},\"thumbnailUrl\":\"https:\\\/\\\/produncan.cl\\\/wp-content\\\/uploads\\\/2022\\\/09\\\/Las-Golondrinas-vendido.webp\",\"datePublished\":\"2022-09-27T21:45:44+00:00\",\"dateModified\":\"2025-08-19T16:05:19+00:00\",\"breadcrumb\":{\"@id\":\"https:\\\/\\\/produncan.cl\\\/de\\\/produkt\\\/bauernhof-las-golondrinas-245ha\\\/#breadcrumb\"},\"inLanguage\":\"de-DE\",\"potentialAction\":[{\"@type\":\"ReadAction\",\"target\":[\"https:\\\/\\\/produncan.cl\\\/de\\\/produkt\\\/bauernhof-las-golondrinas-245ha\\\/\"]}]},{\"@type\":\"ImageObject\",\"inLanguage\":\"de-DE\",\"@id\":\"https:\\\/\\\/produncan.cl\\\/de\\\/produkt\\\/bauernhof-las-golondrinas-245ha\\\/#primaryimage\",\"url\":\"https:\\\/\\\/produncan.cl\\\/wp-content\\\/uploads\\\/2022\\\/09\\\/Las-Golondrinas-vendido.webp\",\"contentUrl\":\"https:\\\/\\\/produncan.cl\\\/wp-content\\\/uploads\\\/2022\\\/09\\\/Las-Golondrinas-vendido.webp\",\"width\":600,\"height\":450,\"caption\":\"Las Golondrinas vendido\"},{\"@type\":\"BreadcrumbList\",\"@id\":\"https:\\\/\\\/produncan.cl\\\/de\\\/produkt\\\/bauernhof-las-golondrinas-245ha\\\/#breadcrumb\",\"itemListElement\":[{\"@type\":\"ListItem\",\"position\":1,\"name\":\"Inicio\",\"item\":\"https:\\\/\\\/produncan.cl\\\/de\\\/\"},{\"@type\":\"ListItem\",\"position\":2,\"name\":\"Eigenschaften\",\"item\":\"https:\\\/\\\/produncan.cl\\\/propiedades\\\/\"},{\"@type\":\"ListItem\",\"position\":3,\"name\":\"Felder\",\"item\":\"https:\\\/\\\/produncan.cl\\\/de\\\/kategorie\\\/felder\\\/\"},{\"@type\":\"ListItem\",\"position\":4,\"name\":\"Feld 245ha Las Golondrinas &#8211; Los Muermos, Regi\u00f3n de los Lagos\"}]},{\"@type\":\"WebSite\",\"@id\":\"https:\\\/\\\/produncan.cl\\\/de\\\/#website\",\"url\":\"https:\\\/\\\/produncan.cl\\\/de\\\/\",\"name\":\"Produncan\",\"description\":\"Wir begleiten Sie bei Ihrem Lebensprojekt!\",\"publisher\":{\"@id\":\"https:\\\/\\\/produncan.cl\\\/de\\\/#organization\"},\"potentialAction\":[{\"@type\":\"SearchAction\",\"target\":{\"@type\":\"EntryPoint\",\"urlTemplate\":\"https:\\\/\\\/produncan.cl\\\/de\\\/?s={search_term_string}\"},\"query-input\":{\"@type\":\"PropertyValueSpecification\",\"valueRequired\":true,\"valueName\":\"search_term_string\"}}],\"inLanguage\":\"de-DE\"},{\"@type\":\"Organization\",\"@id\":\"https:\\\/\\\/produncan.cl\\\/de\\\/#organization\",\"name\":\"Produncan\",\"url\":\"https:\\\/\\\/produncan.cl\\\/de\\\/\",\"logo\":{\"@type\":\"ImageObject\",\"inLanguage\":\"de-DE\",\"@id\":\"https:\\\/\\\/produncan.cl\\\/de\\\/#\\\/schema\\\/logo\\\/image\\\/\",\"url\":\"https:\\\/\\\/produncan.cl\\\/wp-content\\\/uploads\\\/2021\\\/03\\\/LOGO.jpeg\",\"contentUrl\":\"https:\\\/\\\/produncan.cl\\\/wp-content\\\/uploads\\\/2021\\\/03\\\/LOGO.jpeg\",\"width\":1280,\"height\":903,\"caption\":\"Produncan\"},\"image\":{\"@id\":\"https:\\\/\\\/produncan.cl\\\/de\\\/#\\\/schema\\\/logo\\\/image\\\/\"},\"sameAs\":[\"https:\\\/\\\/web.facebook.com\\\/produncanland\",\"https:\\\/\\\/www.instagram.com\\\/pro_duncan\\\/\",\"https:\\\/\\\/www.linkedin.com\\\/company\\\/produncan-lands\\\/\",\"https:\\\/\\\/www.youtube.com\\\/channel\\\/UCu7N-f3x0svkazD-Eew1-QQ\"],\"description\":\"En Produncan somos especialistas en la venta de terrenos en el sur de Chile. Proveemos estancias, campos, parcelas y hoteles.\",\"email\":\"info@produncan.cl\"}]}<\/script>\n<meta property=\"og:video\" content=\"https:\/\/www.youtube.com\/embed\/iU5Ka4j_hOo\" \/>\n<meta property=\"og:video:type\" content=\"text\/html\" \/>\n<meta property=\"og:video:duration\" content=\"61\" \/>\n<meta property=\"og:video:width\" content=\"480\" \/>\n<meta property=\"og:video:height\" content=\"360\" \/>\n<meta property=\"ya:ovs:adult\" content=\"false\" \/>\n<meta property=\"ya:ovs:upload_date\" content=\"2022-09-27T21:45:44+00:00\" \/>\n<meta property=\"ya:ovs:allow_embed\" content=\"true\" \/>\n<meta property=\"product:price:currency\" content=\"USD\" \/>\n<meta property=\"og:availability\" content=\"out of stock\" \/>\n<meta property=\"product:availability\" content=\"out of stock\" \/>\n<meta property=\"product:condition\" content=\"new\" \/>\n<!-- \/ Yoast SEO Premium plugin. -->","yoast_head_json":{"title":"Feld 245ha Las Golondrinas - Los Muermos, Regi\u00f3n de los Lagos - Produncan","robots":{"index":"index","follow":"follow","max-snippet":"max-snippet:-1","max-image-preview":"max-image-preview:large","max-video-preview":"max-video-preview:-1"},"canonical":"https:\/\/produncan.cl\/de\/produkt\/bauernhof-las-golondrinas-245ha\/","og_locale":"de_DE","og_type":"article","og_title":"Feld 245ha Las Golondrinas - Los Muermos, Regi\u00f3n de los Lagos","og_description":"Landwirtschafts- und Viehzuchtbetrieb in der N\u00e4he von Los Muermos, asphaltierter Zugang, B\u00e4che, Quellen, Strom.","og_url":"https:\/\/produncan.cl\/de\/produkt\/bauernhof-las-golondrinas-245ha\/","og_site_name":"Produncan","article_publisher":"https:\/\/web.facebook.com\/produncanland","article_modified_time":"2025-08-19T16:05:19+00:00","og_image":[{"width":600,"height":450,"url":"https:\/\/produncan.cl\/wp-content\/uploads\/2022\/09\/Las-Golondrinas-vendido.webp","type":"image\/webp"}],"twitter_card":"summary_large_image","twitter_misc":{"Price":"","Availability":"Out of stock"},"schema":{"@context":"https:\/\/schema.org","@graph":[{"@type":"WebPage","@id":"https:\/\/produncan.cl\/de\/produkt\/bauernhof-las-golondrinas-245ha\/","url":"https:\/\/produncan.cl\/de\/produkt\/bauernhof-las-golondrinas-245ha\/","name":"Feld 245ha Las Golondrinas - Los Muermos, Regi\u00f3n de los Lagos - Produncan","isPartOf":{"@id":"https:\/\/produncan.cl\/de\/#website"},"primaryImageOfPage":{"@id":"https:\/\/produncan.cl\/de\/produkt\/bauernhof-las-golondrinas-245ha\/#primaryimage"},"image":{"@id":"https:\/\/produncan.cl\/de\/produkt\/bauernhof-las-golondrinas-245ha\/#primaryimage"},"thumbnailUrl":"https:\/\/produncan.cl\/wp-content\/uploads\/2022\/09\/Las-Golondrinas-vendido.webp","datePublished":"2022-09-27T21:45:44+00:00","dateModified":"2025-08-19T16:05:19+00:00","breadcrumb":{"@id":"https:\/\/produncan.cl\/de\/produkt\/bauernhof-las-golondrinas-245ha\/#breadcrumb"},"inLanguage":"de-DE","potentialAction":[{"@type":"ReadAction","target":["https:\/\/produncan.cl\/de\/produkt\/bauernhof-las-golondrinas-245ha\/"]}]},{"@type":"ImageObject","inLanguage":"de-DE","@id":"https:\/\/produncan.cl\/de\/produkt\/bauernhof-las-golondrinas-245ha\/#primaryimage","url":"https:\/\/produncan.cl\/wp-content\/uploads\/2022\/09\/Las-Golondrinas-vendido.webp","contentUrl":"https:\/\/produncan.cl\/wp-content\/uploads\/2022\/09\/Las-Golondrinas-vendido.webp","width":600,"height":450,"caption":"Las Golondrinas vendido"},{"@type":"BreadcrumbList","@id":"https:\/\/produncan.cl\/de\/produkt\/bauernhof-las-golondrinas-245ha\/#breadcrumb","itemListElement":[{"@type":"ListItem","position":1,"name":"Inicio","item":"https:\/\/produncan.cl\/de\/"},{"@type":"ListItem","position":2,"name":"Eigenschaften","item":"https:\/\/produncan.cl\/propiedades\/"},{"@type":"ListItem","position":3,"name":"Felder","item":"https:\/\/produncan.cl\/de\/kategorie\/felder\/"},{"@type":"ListItem","position":4,"name":"Feld 245ha Las Golondrinas &#8211; Los Muermos, Regi\u00f3n de los Lagos"}]},{"@type":"WebSite","@id":"https:\/\/produncan.cl\/de\/#website","url":"https:\/\/produncan.cl\/de\/","name":"Produncan","description":"Wir begleiten Sie bei Ihrem Lebensprojekt!","publisher":{"@id":"https:\/\/produncan.cl\/de\/#organization"},"potentialAction":[{"@type":"SearchAction","target":{"@type":"EntryPoint","urlTemplate":"https:\/\/produncan.cl\/de\/?s={search_term_string}"},"query-input":{"@type":"PropertyValueSpecification","valueRequired":true,"valueName":"search_term_string"}}],"inLanguage":"de-DE"},{"@type":"Organization","@id":"https:\/\/produncan.cl\/de\/#organization","name":"Produncan","url":"https:\/\/produncan.cl\/de\/","logo":{"@type":"ImageObject","inLanguage":"de-DE","@id":"https:\/\/produncan.cl\/de\/#\/schema\/logo\/image\/","url":"https:\/\/produncan.cl\/wp-content\/uploads\/2021\/03\/LOGO.jpeg","contentUrl":"https:\/\/produncan.cl\/wp-content\/uploads\/2021\/03\/LOGO.jpeg","width":1280,"height":903,"caption":"Produncan"},"image":{"@id":"https:\/\/produncan.cl\/de\/#\/schema\/logo\/image\/"},"sameAs":["https:\/\/web.facebook.com\/produncanland","https:\/\/www.instagram.com\/pro_duncan\/","https:\/\/www.linkedin.com\/company\/produncan-lands\/","https:\/\/www.youtube.com\/channel\/UCu7N-f3x0svkazD-Eew1-QQ"],"description":"En Produncan somos especialistas en la venta de terrenos en el sur de Chile. Proveemos estancias, campos, parcelas y hoteles.","email":"info@produncan.cl"}]},"og_video":"https:\/\/www.youtube.com\/embed\/iU5Ka4j_hOo","og_video_type":"text\/html","og_video_duration":"61","og_video_width":"480","og_video_height":"360","ya_ovs_adult":"false","ya_ovs_upload_date":"2022-09-27T21:45:44+00:00","ya_ovs_allow_embed":"true","product_price_currency":"USD","og_availability":"out of stock","product_availability":"out of stock","product_condition":"new"},"_links":{"self":[{"href":"https:\/\/produncan.cl\/de\/wp-json\/wp\/v2\/product\/8602","targetHints":{"allow":["GET"]}}],"collection":[{"href":"https:\/\/produncan.cl\/de\/wp-json\/wp\/v2\/product"}],"about":[{"href":"https:\/\/produncan.cl\/de\/wp-json\/wp\/v2\/types\/product"}],"version-history":[{"count":0,"href":"https:\/\/produncan.cl\/de\/wp-json\/wp\/v2\/product\/8602\/revisions"}],"wp:featuredmedia":[{"embeddable":true,"href":"https:\/\/produncan.cl\/de\/wp-json\/wp\/v2\/media\/54006"}],"wp:attachment":[{"href":"https:\/\/produncan.cl\/de\/wp-json\/wp\/v2\/media?parent=8602"}],"wp:term":[{"taxonomy":"product_brand","embeddable":true,"href":"https:\/\/produncan.cl\/de\/wp-json\/wp\/v2\/product_brand?post=8602"},{"taxonomy":"product_cat","embeddable":true,"href":"https:\/\/produncan.cl\/de\/wp-json\/wp\/v2\/product_cat?post=8602"},{"taxonomy":"product_tag","embeddable":true,"href":"https:\/\/produncan.cl\/de\/wp-json\/wp\/v2\/product_tag?post=8602"},{"taxonomy":"regiones","embeddable":true,"href":"https:\/\/produncan.cl\/de\/wp-json\/wp\/v2\/regiones?post=8602"},{"taxonomy":"ciudades","embeddable":true,"href":"https:\/\/produncan.cl\/de\/wp-json\/wp\/v2\/ciudades?post=8602"}],"curies":[{"name":"wp","href":"https:\/\/api.w.org\/{rel}","templated":true}]}}