{"id":8610,"date":"2022-01-22T17:32:20","date_gmt":"2022-01-22T20:32:20","guid":{"rendered":"https:\/\/produncan.cl\/producto\/bauernhof-potrerillo\/"},"modified":"2025-08-14T12:34:31","modified_gmt":"2025-08-14T16:34:31","slug":"bauernhof-potrerillo","status":"publish","type":"product","link":"https:\/\/produncan.cl\/de\/produkt\/bauernhof-potrerillo\/","title":{"rendered":"&#8220;Feld 42ha Fundo Potrerillo &#8211; Estaquilla, Regi\u00f3n de los Lagos&#8221;"},"content":{"rendered":"\t\t<div data-elementor-type=\"product-post\" data-elementor-id=\"8610\" class=\"elementor elementor-8610 elementor-3041\" data-elementor-post-type=\"product\">\n\t\t\t\t\t\t<section class=\"elementor-section elementor-top-section elementor-element elementor-element-c930c5d elementor-section-boxed elementor-section-height-default elementor-section-height-default\" data-id=\"c930c5d\" data-element_type=\"section\" data-e-type=\"section\" data-settings=\"{&quot;jet_parallax_layout_list&quot;:[]}\">\n\t\t\t\t\t\t<div class=\"elementor-container elementor-column-gap-default\">\n\t\t\t\t\t<div class=\"elementor-column elementor-col-100 elementor-top-column elementor-element elementor-element-94adf78\" data-id=\"94adf78\" data-element_type=\"column\" data-e-type=\"column\">\n\t\t\t<div class=\"elementor-widget-wrap elementor-element-populated\">\n\t\t\t\t\t\t<div class=\"elementor-element elementor-element-49c07846 elementor-widget elementor-widget-text-editor\" data-id=\"49c07846\" data-element_type=\"widget\" data-e-type=\"widget\" data-widget_type=\"text-editor.default\">\n\t\t\t\t\t\t\t\t\t&#8220;`html\n<h2>Fundo Potrerillo, mit sch\u00f6ner Aussicht und in der N\u00e4he des Meeres!<\/h2><p>Willkommen auf einem 42 Hektar gro\u00dfen Grundst\u00fcck, das nur wenige Meter von der Stra\u00dfe entfernt liegt, mit Fluss und B\u00e4chen und einem sch\u00f6nen Blick nach Norden im Bereich von Estaquilla, in der N\u00e4he von Los Muermos, Region der Seen.<\/p><p>Das Grundst\u00fcck verf\u00fcgt \u00fcber Strom in 100 Metern Entfernung vom Eingang, das Wasser stammt aus Quellen, es gibt mehrere B\u00e4che und eine gute Telekommunikationsverbindung.<\/p><p>Das Grundst\u00fcck hat verschiedene Formationen, die viele M\u00f6glichkeiten f\u00fcr seine Entwicklung bieten:<\/p><ul><li>Im oberen Bereich gibt es einen Berg mit einheimischen B\u00e4umen, im mittleren Bereich Wiesen, und im unteren Bereich gibt es ein flaches Gebiet mit Zugang zu 200 Metern Fluss. Das Grundst\u00fcck ist zu etwa 70 % mit einheimischem Wald bedeckt, mit Arten wie L\u00e4rchen, Ulmo, Tepa, Canelo und Luma, unter anderem.<\/li><li>Der Zugang zum Grundst\u00fcck erfolgt von der Stra\u00dfe aus \u00fcber zwei Schotterzufahrten, eine 600 m und die andere 1,3 km lang. Die internen Wege des Grundst\u00fccks dienen auch als Dienstbarkeiten, um den Zugang zu benachbarten Grundst\u00fccken zu erm\u00f6glichen.<\/li><li>Vom Standort aus ben\u00f6tigt man 7 Minuten zum Strand von Estaquilla und 30 Minuten nach Los Muermos. In einem Kilometer Entfernung gibt es einen Sportverein, eine Kirche und eine Schule, und in 3 Kilometern eine Krankenstation.<\/li><\/ul><div>\u00a0<\/div><p>Das Gebiet weist aufgrund seiner Sch\u00f6nheit, der hochkar\u00e4tigen touristischen Entwicklung in der N\u00e4he von Estaquilla und Puerto Godoy und als Option f\u00fcr diejenigen, die in die N\u00e4he von Puerto Varas ziehen m\u00f6chten, eine hohe Wertsteigerung auf.<\/p><p><span style=\"color: var( --e-global-color-text ); font-family: var( --e-global-typography-text-font-family ), Sans-serif; font-weight: var( --e-global-typography-text-font-weight );\">WARTEN SIE NICHT L\u00c4NGER, ENTWICKELN SIE IHR PROJEKT IN EINER WUNDERSCH\u00d6NEN UMGEBUNG UND MIT HERVORRAGENDER AUSSICHT!<\/span><\/p>\n&#8220;`\t\t\t\t\t\t\t\t<\/div>\n\t\t\t\t\t<\/div>\n\t\t<\/div>\n\t\t\t\t\t<\/div>\n\t\t<\/section>\n\t\t\t\t<\/div>\n\t\t","protected":false},"excerpt":{"rendered":"<p>&#8220;Feld 33 km von Los Muermos entfernt. Strom, Wasser, Quellen, B\u00e4che, Fluss.&#8221;<\/p>\n","protected":false},"featured_media":30780,"template":"","meta":{"_acf_changed":false},"product_brand":[],"product_cat":[104],"product_tag":[235],"regiones":[226],"ciudades":[216],"class_list":{"0":"post-8610","1":"product","2":"type-product","3":"status-publish","4":"has-post-thumbnail","6":"product_cat-ohiggins-los-lagos","7":"product_tag-felder","8":"regiones-nuble-los_lagos","9":"ciudades-los-muermos","11":"first","12":"outofstock","13":"sold-individually","14":"shipping-taxable","15":"product-type-simple"},"acf":[],"yoast_head":"<!-- This site is optimized with the Yoast SEO Premium plugin v26.0 (Yoast SEO v27.3) - https:\/\/yoast.com\/product\/yoast-seo-premium-wordpress\/ -->\n<title>&quot;Feld 42ha Fundo Potrerillo - Estaquilla, Regi\u00f3n de los Lagos&quot; - Produncan<\/title>\n<meta name=\"description\" content=\"&quot;Campo Fundo Potrerillo 42ha, 7 km von dem Strand Estaquilla entfernt. 600 m von der Stra\u00dfe, Strom, gutes Signal, Quellen, B\u00e4che und Fluss&quot;\" \/>\n<meta name=\"robots\" content=\"index, follow, max-snippet:-1, max-image-preview:large, max-video-preview:-1\" \/>\n<link rel=\"canonical\" href=\"https:\/\/produncan.cl\/de\/produkt\/bauernhof-potrerillo\/\" \/>\n<meta property=\"og:locale\" content=\"de_DE\" \/>\n<meta property=\"og:type\" content=\"article\" \/>\n<meta property=\"og:title\" content=\"&quot;Feld 42ha Fundo Potrerillo - Estaquilla, Regi\u00f3n de los Lagos&quot;\" \/>\n<meta property=\"og:description\" content=\"&quot;Campo Fundo Potrerillo 42ha, 7 km von dem Strand Estaquilla entfernt. 600 m von der Stra\u00dfe, Strom, gutes Signal, Quellen, B\u00e4che und Fluss&quot;\" \/>\n<meta property=\"og:url\" content=\"https:\/\/produncan.cl\/de\/produkt\/bauernhof-potrerillo\/\" \/>\n<meta property=\"og:site_name\" content=\"Produncan\" \/>\n<meta property=\"article:publisher\" content=\"https:\/\/web.facebook.com\/produncanland\" \/>\n<meta property=\"article:modified_time\" content=\"2025-08-14T16:34:31+00:00\" \/>\n<meta property=\"og:image\" content=\"https:\/\/produncan.cl\/wp-content\/uploads\/2022\/02\/Fundo-Potrerillo-Vendido.webp\" \/>\n\t<meta property=\"og:image:width\" content=\"800\" \/>\n\t<meta property=\"og:image:height\" content=\"600\" \/>\n\t<meta property=\"og:image:type\" content=\"image\/webp\" \/>\n<meta name=\"twitter:card\" content=\"summary_large_image\" \/>\n<meta name=\"twitter:label1\" content=\"Price\" \/>\n\t<meta name=\"twitter:data1\" content=\"\" \/>\n\t<meta name=\"twitter:label2\" content=\"Availability\" \/>\n\t<meta name=\"twitter:data2\" content=\"Out of stock\" \/>\n<script type=\"application\/ld+json\" class=\"yoast-schema-graph\">{\"@context\":\"https:\\\/\\\/schema.org\",\"@graph\":[{\"@type\":\"WebPage\",\"@id\":\"https:\\\/\\\/produncan.cl\\\/de\\\/produkt\\\/bauernhof-potrerillo\\\/\",\"url\":\"https:\\\/\\\/produncan.cl\\\/de\\\/produkt\\\/bauernhof-potrerillo\\\/\",\"name\":\"\\\"Feld 42ha Fundo Potrerillo - Estaquilla, Regi\u00f3n de los Lagos\\\" - Produncan\",\"isPartOf\":{\"@id\":\"https:\\\/\\\/produncan.cl\\\/de\\\/#website\"},\"primaryImageOfPage\":{\"@id\":\"https:\\\/\\\/produncan.cl\\\/de\\\/produkt\\\/bauernhof-potrerillo\\\/#primaryimage\"},\"image\":{\"@id\":\"https:\\\/\\\/produncan.cl\\\/de\\\/produkt\\\/bauernhof-potrerillo\\\/#primaryimage\"},\"thumbnailUrl\":\"https:\\\/\\\/produncan.cl\\\/wp-content\\\/uploads\\\/2022\\\/02\\\/Fundo-Potrerillo-Vendido.webp\",\"datePublished\":\"2022-01-22T20:32:20+00:00\",\"dateModified\":\"2025-08-14T16:34:31+00:00\",\"description\":\"\\\"Campo Fundo Potrerillo 42ha, 7 km von dem Strand Estaquilla entfernt. 600 m von der Stra\u00dfe, Strom, gutes Signal, Quellen, B\u00e4che und Fluss\\\"\",\"breadcrumb\":{\"@id\":\"https:\\\/\\\/produncan.cl\\\/de\\\/produkt\\\/bauernhof-potrerillo\\\/#breadcrumb\"},\"inLanguage\":\"de-DE\",\"potentialAction\":[{\"@type\":\"ReadAction\",\"target\":[\"https:\\\/\\\/produncan.cl\\\/de\\\/produkt\\\/bauernhof-potrerillo\\\/\"]}]},{\"@type\":\"ImageObject\",\"inLanguage\":\"de-DE\",\"@id\":\"https:\\\/\\\/produncan.cl\\\/de\\\/produkt\\\/bauernhof-potrerillo\\\/#primaryimage\",\"url\":\"https:\\\/\\\/produncan.cl\\\/wp-content\\\/uploads\\\/2022\\\/02\\\/Fundo-Potrerillo-Vendido.webp\",\"contentUrl\":\"https:\\\/\\\/produncan.cl\\\/wp-content\\\/uploads\\\/2022\\\/02\\\/Fundo-Potrerillo-Vendido.webp\",\"width\":800,\"height\":600},{\"@type\":\"BreadcrumbList\",\"@id\":\"https:\\\/\\\/produncan.cl\\\/de\\\/produkt\\\/bauernhof-potrerillo\\\/#breadcrumb\",\"itemListElement\":[{\"@type\":\"ListItem\",\"position\":1,\"name\":\"Inicio\",\"item\":\"https:\\\/\\\/produncan.cl\\\/de\\\/\"},{\"@type\":\"ListItem\",\"position\":2,\"name\":\"Eigenschaften\",\"item\":\"https:\\\/\\\/produncan.cl\\\/propiedades\\\/\"},{\"@type\":\"ListItem\",\"position\":3,\"name\":\"Felder\",\"item\":\"https:\\\/\\\/produncan.cl\\\/de\\\/kategorie\\\/felder\\\/\"},{\"@type\":\"ListItem\",\"position\":4,\"name\":\"&#8220;Feld 42ha Fundo Potrerillo &#8211; Estaquilla, Regi\u00f3n de los Lagos&#8221;\"}]},{\"@type\":\"WebSite\",\"@id\":\"https:\\\/\\\/produncan.cl\\\/de\\\/#website\",\"url\":\"https:\\\/\\\/produncan.cl\\\/de\\\/\",\"name\":\"Produncan\",\"description\":\"Wir begleiten Sie bei Ihrem Lebensprojekt!\",\"publisher\":{\"@id\":\"https:\\\/\\\/produncan.cl\\\/de\\\/#organization\"},\"potentialAction\":[{\"@type\":\"SearchAction\",\"target\":{\"@type\":\"EntryPoint\",\"urlTemplate\":\"https:\\\/\\\/produncan.cl\\\/de\\\/?s={search_term_string}\"},\"query-input\":{\"@type\":\"PropertyValueSpecification\",\"valueRequired\":true,\"valueName\":\"search_term_string\"}}],\"inLanguage\":\"de-DE\"},{\"@type\":\"Organization\",\"@id\":\"https:\\\/\\\/produncan.cl\\\/de\\\/#organization\",\"name\":\"Produncan\",\"url\":\"https:\\\/\\\/produncan.cl\\\/de\\\/\",\"logo\":{\"@type\":\"ImageObject\",\"inLanguage\":\"de-DE\",\"@id\":\"https:\\\/\\\/produncan.cl\\\/de\\\/#\\\/schema\\\/logo\\\/image\\\/\",\"url\":\"https:\\\/\\\/produncan.cl\\\/wp-content\\\/uploads\\\/2021\\\/03\\\/LOGO.jpeg\",\"contentUrl\":\"https:\\\/\\\/produncan.cl\\\/wp-content\\\/uploads\\\/2021\\\/03\\\/LOGO.jpeg\",\"width\":1280,\"height\":903,\"caption\":\"Produncan\"},\"image\":{\"@id\":\"https:\\\/\\\/produncan.cl\\\/de\\\/#\\\/schema\\\/logo\\\/image\\\/\"},\"sameAs\":[\"https:\\\/\\\/web.facebook.com\\\/produncanland\",\"https:\\\/\\\/www.instagram.com\\\/pro_duncan\\\/\",\"https:\\\/\\\/www.linkedin.com\\\/company\\\/produncan-lands\\\/\",\"https:\\\/\\\/www.youtube.com\\\/channel\\\/UCu7N-f3x0svkazD-Eew1-QQ\"],\"description\":\"En Produncan somos especialistas en la venta de terrenos en el sur de Chile. Proveemos estancias, campos, parcelas y hoteles.\",\"email\":\"info@produncan.cl\"}]}<\/script>\n<meta property=\"og:video\" content=\"https:\/\/www.youtube.com\/embed\/mBW2K69TSWA\" \/>\n<meta property=\"og:video:type\" content=\"text\/html\" \/>\n<meta property=\"og:video:duration\" content=\"61\" \/>\n<meta property=\"og:video:width\" content=\"480\" \/>\n<meta property=\"og:video:height\" content=\"360\" \/>\n<meta property=\"ya:ovs:adult\" content=\"false\" \/>\n<meta property=\"ya:ovs:upload_date\" content=\"2022-01-22T20:32:20+00:00\" \/>\n<meta property=\"ya:ovs:allow_embed\" content=\"true\" \/>\n<meta property=\"product:price:currency\" content=\"USD\" \/>\n<meta property=\"og:availability\" content=\"out of stock\" \/>\n<meta property=\"product:availability\" content=\"out of stock\" \/>\n<meta property=\"product:condition\" content=\"new\" \/>\n<!-- \/ Yoast SEO Premium plugin. -->","yoast_head_json":{"title":"\"Feld 42ha Fundo Potrerillo - Estaquilla, Regi\u00f3n de los Lagos\" - Produncan","description":"\"Campo Fundo Potrerillo 42ha, 7 km von dem Strand Estaquilla entfernt. 600 m von der Stra\u00dfe, Strom, gutes Signal, Quellen, B\u00e4che und Fluss\"","robots":{"index":"index","follow":"follow","max-snippet":"max-snippet:-1","max-image-preview":"max-image-preview:large","max-video-preview":"max-video-preview:-1"},"canonical":"https:\/\/produncan.cl\/de\/produkt\/bauernhof-potrerillo\/","og_locale":"de_DE","og_type":"article","og_title":"\"Feld 42ha Fundo Potrerillo - Estaquilla, Regi\u00f3n de los Lagos\"","og_description":"\"Campo Fundo Potrerillo 42ha, 7 km von dem Strand Estaquilla entfernt. 600 m von der Stra\u00dfe, Strom, gutes Signal, Quellen, B\u00e4che und Fluss\"","og_url":"https:\/\/produncan.cl\/de\/produkt\/bauernhof-potrerillo\/","og_site_name":"Produncan","article_publisher":"https:\/\/web.facebook.com\/produncanland","article_modified_time":"2025-08-14T16:34:31+00:00","og_image":[{"width":800,"height":600,"url":"https:\/\/produncan.cl\/wp-content\/uploads\/2022\/02\/Fundo-Potrerillo-Vendido.webp","type":"image\/webp"}],"twitter_card":"summary_large_image","twitter_misc":{"Price":"","Availability":"Out of stock"},"schema":{"@context":"https:\/\/schema.org","@graph":[{"@type":"WebPage","@id":"https:\/\/produncan.cl\/de\/produkt\/bauernhof-potrerillo\/","url":"https:\/\/produncan.cl\/de\/produkt\/bauernhof-potrerillo\/","name":"\"Feld 42ha Fundo Potrerillo - Estaquilla, Regi\u00f3n de los Lagos\" - Produncan","isPartOf":{"@id":"https:\/\/produncan.cl\/de\/#website"},"primaryImageOfPage":{"@id":"https:\/\/produncan.cl\/de\/produkt\/bauernhof-potrerillo\/#primaryimage"},"image":{"@id":"https:\/\/produncan.cl\/de\/produkt\/bauernhof-potrerillo\/#primaryimage"},"thumbnailUrl":"https:\/\/produncan.cl\/wp-content\/uploads\/2022\/02\/Fundo-Potrerillo-Vendido.webp","datePublished":"2022-01-22T20:32:20+00:00","dateModified":"2025-08-14T16:34:31+00:00","description":"\"Campo Fundo Potrerillo 42ha, 7 km von dem Strand Estaquilla entfernt. 600 m von der Stra\u00dfe, Strom, gutes Signal, Quellen, B\u00e4che und Fluss\"","breadcrumb":{"@id":"https:\/\/produncan.cl\/de\/produkt\/bauernhof-potrerillo\/#breadcrumb"},"inLanguage":"de-DE","potentialAction":[{"@type":"ReadAction","target":["https:\/\/produncan.cl\/de\/produkt\/bauernhof-potrerillo\/"]}]},{"@type":"ImageObject","inLanguage":"de-DE","@id":"https:\/\/produncan.cl\/de\/produkt\/bauernhof-potrerillo\/#primaryimage","url":"https:\/\/produncan.cl\/wp-content\/uploads\/2022\/02\/Fundo-Potrerillo-Vendido.webp","contentUrl":"https:\/\/produncan.cl\/wp-content\/uploads\/2022\/02\/Fundo-Potrerillo-Vendido.webp","width":800,"height":600},{"@type":"BreadcrumbList","@id":"https:\/\/produncan.cl\/de\/produkt\/bauernhof-potrerillo\/#breadcrumb","itemListElement":[{"@type":"ListItem","position":1,"name":"Inicio","item":"https:\/\/produncan.cl\/de\/"},{"@type":"ListItem","position":2,"name":"Eigenschaften","item":"https:\/\/produncan.cl\/propiedades\/"},{"@type":"ListItem","position":3,"name":"Felder","item":"https:\/\/produncan.cl\/de\/kategorie\/felder\/"},{"@type":"ListItem","position":4,"name":"&#8220;Feld 42ha Fundo Potrerillo &#8211; Estaquilla, Regi\u00f3n de los Lagos&#8221;"}]},{"@type":"WebSite","@id":"https:\/\/produncan.cl\/de\/#website","url":"https:\/\/produncan.cl\/de\/","name":"Produncan","description":"Wir begleiten Sie bei Ihrem Lebensprojekt!","publisher":{"@id":"https:\/\/produncan.cl\/de\/#organization"},"potentialAction":[{"@type":"SearchAction","target":{"@type":"EntryPoint","urlTemplate":"https:\/\/produncan.cl\/de\/?s={search_term_string}"},"query-input":{"@type":"PropertyValueSpecification","valueRequired":true,"valueName":"search_term_string"}}],"inLanguage":"de-DE"},{"@type":"Organization","@id":"https:\/\/produncan.cl\/de\/#organization","name":"Produncan","url":"https:\/\/produncan.cl\/de\/","logo":{"@type":"ImageObject","inLanguage":"de-DE","@id":"https:\/\/produncan.cl\/de\/#\/schema\/logo\/image\/","url":"https:\/\/produncan.cl\/wp-content\/uploads\/2021\/03\/LOGO.jpeg","contentUrl":"https:\/\/produncan.cl\/wp-content\/uploads\/2021\/03\/LOGO.jpeg","width":1280,"height":903,"caption":"Produncan"},"image":{"@id":"https:\/\/produncan.cl\/de\/#\/schema\/logo\/image\/"},"sameAs":["https:\/\/web.facebook.com\/produncanland","https:\/\/www.instagram.com\/pro_duncan\/","https:\/\/www.linkedin.com\/company\/produncan-lands\/","https:\/\/www.youtube.com\/channel\/UCu7N-f3x0svkazD-Eew1-QQ"],"description":"En Produncan somos especialistas en la venta de terrenos en el sur de Chile. Proveemos estancias, campos, parcelas y hoteles.","email":"info@produncan.cl"}]},"og_video":"https:\/\/www.youtube.com\/embed\/mBW2K69TSWA","og_video_type":"text\/html","og_video_duration":"61","og_video_width":"480","og_video_height":"360","ya_ovs_adult":"false","ya_ovs_upload_date":"2022-01-22T20:32:20+00:00","ya_ovs_allow_embed":"true","product_price_currency":"USD","og_availability":"out of stock","product_availability":"out of stock","product_condition":"new"},"_links":{"self":[{"href":"https:\/\/produncan.cl\/de\/wp-json\/wp\/v2\/product\/8610","targetHints":{"allow":["GET"]}}],"collection":[{"href":"https:\/\/produncan.cl\/de\/wp-json\/wp\/v2\/product"}],"about":[{"href":"https:\/\/produncan.cl\/de\/wp-json\/wp\/v2\/types\/product"}],"version-history":[{"count":0,"href":"https:\/\/produncan.cl\/de\/wp-json\/wp\/v2\/product\/8610\/revisions"}],"wp:featuredmedia":[{"embeddable":true,"href":"https:\/\/produncan.cl\/de\/wp-json\/wp\/v2\/media\/30780"}],"wp:attachment":[{"href":"https:\/\/produncan.cl\/de\/wp-json\/wp\/v2\/media?parent=8610"}],"wp:term":[{"taxonomy":"product_brand","embeddable":true,"href":"https:\/\/produncan.cl\/de\/wp-json\/wp\/v2\/product_brand?post=8610"},{"taxonomy":"product_cat","embeddable":true,"href":"https:\/\/produncan.cl\/de\/wp-json\/wp\/v2\/product_cat?post=8610"},{"taxonomy":"product_tag","embeddable":true,"href":"https:\/\/produncan.cl\/de\/wp-json\/wp\/v2\/product_tag?post=8610"},{"taxonomy":"regiones","embeddable":true,"href":"https:\/\/produncan.cl\/de\/wp-json\/wp\/v2\/regiones?post=8610"},{"taxonomy":"ciudades","embeddable":true,"href":"https:\/\/produncan.cl\/de\/wp-json\/wp\/v2\/ciudades?post=8610"}],"curies":[{"name":"wp","href":"https:\/\/api.w.org\/{rel}","templated":true}]}}