{"id":8614,"date":"2022-08-16T17:32:02","date_gmt":"2022-08-16T21:32:02","guid":{"rendered":"https:\/\/produncan.cl\/producto\/campito-cerro-plato-135ha\/"},"modified":"2025-12-04T17:05:22","modified_gmt":"2025-12-04T20:05:22","slug":"campito-cerro-plato-135ha","status":"publish","type":"product","link":"https:\/\/produncan.cl\/de\/produkt\/campito-cerro-plato-135ha\/","title":{"rendered":"Landschaft in Coyhaique, Cerro Plato \u2013 Region Ays\u00e9n"},"content":{"rendered":"\t\t<div data-elementor-type=\"product-post\" data-elementor-id=\"8614\" class=\"elementor elementor-8614 elementor-2833\" data-elementor-post-type=\"product\">\n\t\t\t\t\t\t<section class=\"elementor-section elementor-top-section elementor-element elementor-element-4224726f elementor-section-boxed elementor-section-height-default elementor-section-height-default\" data-id=\"4224726f\" data-element_type=\"section\" data-e-type=\"section\" data-settings=\"{&quot;jet_parallax_layout_list&quot;:[]}\">\n\t\t\t\t\t\t<div class=\"elementor-container elementor-column-gap-default\">\n\t\t\t\t\t<div class=\"elementor-column elementor-col-100 elementor-top-column elementor-element elementor-element-4fa2c174\" data-id=\"4fa2c174\" data-element_type=\"column\" data-e-type=\"column\">\n\t\t\t<div class=\"elementor-widget-wrap elementor-element-populated\">\n\t\t\t\t\t\t<div class=\"elementor-element elementor-element-343c588c elementor-widget elementor-widget-text-editor\" data-id=\"343c588c\" data-element_type=\"widget\" data-e-type=\"widget\" data-widget_type=\"text-editor.default\">\n\t\t\t\t\t\t\t\t\t<h2>Ein Campito mit den idealen Voraussetzungen f\u00fcr Ihr Tourismusprojekt!<\/h2>\nWillkommen auf dem kleinen Campingplatz Cerro Plato, 13,5 Hektar mit 700 Metern Flusslauf. Sie liegt 87 km n\u00f6rdlich von Coyhaique und 27 km \u00f6stlich von Villa Ma\u00f1ihuales in der Region Ays\u00e9n.\n\nVom Grundst\u00fcck aus hat man einen sch\u00f6nen Blick auf die patagonische Bergkette. Die Sedimentgesteine und die \u00fcppigen einheimischen W\u00e4lder der Gebirgsz\u00fcge weisen zahlreiche faszinierende Formationen auf und sind eine Freude f\u00fcr Geologen und Naturliebhaber.\n<h3>Zugang und Umgebung von Campito Cerro Plato<\/h3>\n<ul>\n \t<li>Man erreicht sie von Villa Ortega oder von der Carretera Austral bei Villa Ma\u00f1ihuales. Der Weg f\u00fchrt \u00fcber eine gut ausgebaute Schotterstra\u00dfe mit spektakul\u00e4rer Landschaft.<\/li>\n \t<li>Es liegt auch in der N\u00e4he der internationalen Route nach Alto Rio Senguer in Argentinien, was viele M\u00f6glichkeiten er\u00f6ffnet.<\/li>\n \t<li>In der N\u00e4he gibt es Seen und Lagunen, Jagd- und Fischerh\u00fctten, Trekking- und Reitwege.<\/li>\n<\/ul>\n<h3>Dienstleistungen<\/h3>\nDas Grundst\u00fcck verf\u00fcgt \u00fcber einen Stromanschluss am Eingang, einen guten Telefonanschluss, eine Umz\u00e4unung und einen Fluss, der mitten durch das Grundst\u00fcck flie\u00dft.\n\nWARTEN SIE NICHT L\u00c4NGER UND BEGINNEN SIE IHR PROJEKT IN CAMPITO CERRO PLATO, EINEM ORT MIT HOHEM TOURISMUSAUFKOMMEN!\t\t\t\t\t\t\t\t<\/div>\n\t\t\t\t\t<\/div>\n\t\t<\/div>\n\t\t\t\t\t<\/div>\n\t\t<\/section>\n\t\t\t\t<\/div>\n\t\t","protected":false},"excerpt":{"rendered":"<p>Grundst\u00fcck in Ays\u00e9n, Sektor El Gato, \u00f6stlich von Villa Ma\u00f1ihuales, an der Stra\u00dfe nach R\u00edo Norte. Mit ausgezeichneter Anbindung, 700 Meter Flussufer und einem privilegierten Blick auf die imposante patagonische Bergkette. Ideal f\u00fcr Tourismusprojekte.  <\/p>\n","protected":false},"featured_media":6254,"template":"","meta":{"_acf_changed":false},"product_brand":[],"product_cat":[116],"product_tag":[235,231],"regiones":[225],"ciudades":[209],"class_list":{"0":"post-8614","1":"product","2":"type-product","3":"status-publish","4":"has-post-thumbnail","6":"product_cat-aysen-magallanes-de","7":"product_tag-felder","8":"product_tag-touristische-immobilien","9":"regiones-aysen-magallanes","10":"ciudades-coyhaique","12":"first","13":"instock","14":"sold-individually","15":"shipping-taxable","16":"purchasable","17":"product-type-simple"},"acf":[],"yoast_head":"<!-- This site is optimized with the Yoast SEO Premium plugin v26.0 (Yoast SEO v27.3) - https:\/\/yoast.com\/product\/yoast-seo-premium-wordpress\/ -->\n<title>Campito 13,5ha Cerro Plato - Coyhaique, Ays\u00e9n - Produncan<\/title>\n<meta name=\"description\" content=\"Campito in Coyhaique, 13,5 ha mit 700 m Flussufer 87 km n\u00f6rdlich von Coyhaique, 27 km von der s\u00fcdlichen Autobahn entfernt, wundersch\u00f6ne Aussicht auf die patagonische Bergkette zu genie\u00dfen.\" \/>\n<meta name=\"robots\" content=\"index, follow, max-snippet:-1, max-image-preview:large, max-video-preview:-1\" \/>\n<link rel=\"canonical\" href=\"https:\/\/produncan.cl\/de\/produkt\/campito-cerro-plato-135ha\/\" \/>\n<meta property=\"og:locale\" content=\"de_DE\" \/>\n<meta property=\"og:type\" content=\"article\" \/>\n<meta property=\"og:title\" content=\"Landschaft in Coyhaique, Cerro Plato \u2013 Region Ays\u00e9n\" \/>\n<meta property=\"og:description\" content=\"Campito in Coyhaique, 13,5 ha mit 700 m Flussufer 87 km n\u00f6rdlich von Coyhaique, 27 km von der s\u00fcdlichen Autobahn entfernt, wundersch\u00f6ne Aussicht auf die patagonische Bergkette zu genie\u00dfen.\" \/>\n<meta property=\"og:url\" content=\"https:\/\/produncan.cl\/de\/produkt\/campito-cerro-plato-135ha\/\" \/>\n<meta property=\"og:site_name\" content=\"Produncan\" \/>\n<meta property=\"article:publisher\" content=\"https:\/\/web.facebook.com\/produncanland\" \/>\n<meta property=\"article:modified_time\" content=\"2025-12-04T20:05:22+00:00\" \/>\n<meta property=\"og:image\" content=\"https:\/\/produncan.cl\/wp-content\/uploads\/2022\/08\/Campito-cerro-plato.webp\" \/>\n\t<meta property=\"og:image:width\" content=\"600\" \/>\n\t<meta property=\"og:image:height\" content=\"450\" \/>\n\t<meta property=\"og:image:type\" content=\"image\/webp\" \/>\n<meta name=\"twitter:card\" content=\"summary_large_image\" \/>\n<meta name=\"twitter:label1\" content=\"Price\" \/>\n\t<meta name=\"twitter:data1\" content=\"USD199.000,00\" \/>\n\t<meta name=\"twitter:label2\" content=\"Availability\" \/>\n\t<meta name=\"twitter:data2\" content=\"In stock\" \/>\n<script type=\"application\/ld+json\" class=\"yoast-schema-graph\">{\"@context\":\"https:\\\/\\\/schema.org\",\"@graph\":[{\"@type\":\"WebPage\",\"@id\":\"https:\\\/\\\/produncan.cl\\\/de\\\/produkt\\\/campito-cerro-plato-135ha\\\/\",\"url\":\"https:\\\/\\\/produncan.cl\\\/de\\\/produkt\\\/campito-cerro-plato-135ha\\\/\",\"name\":\"Campito 13,5ha Cerro Plato - Coyhaique, Ays\u00e9n - Produncan\",\"isPartOf\":{\"@id\":\"https:\\\/\\\/produncan.cl\\\/de\\\/#website\"},\"primaryImageOfPage\":{\"@id\":\"https:\\\/\\\/produncan.cl\\\/de\\\/produkt\\\/campito-cerro-plato-135ha\\\/#primaryimage\"},\"image\":{\"@id\":\"https:\\\/\\\/produncan.cl\\\/de\\\/produkt\\\/campito-cerro-plato-135ha\\\/#primaryimage\"},\"thumbnailUrl\":\"https:\\\/\\\/produncan.cl\\\/wp-content\\\/uploads\\\/2022\\\/08\\\/Campito-cerro-plato.webp\",\"datePublished\":\"2022-08-16T21:32:02+00:00\",\"dateModified\":\"2025-12-04T20:05:22+00:00\",\"description\":\"Campito in Coyhaique, 13,5 ha mit 700 m Flussufer 87 km n\u00f6rdlich von Coyhaique, 27 km von der s\u00fcdlichen Autobahn entfernt, wundersch\u00f6ne Aussicht auf die patagonische Bergkette zu genie\u00dfen.\",\"breadcrumb\":{\"@id\":\"https:\\\/\\\/produncan.cl\\\/de\\\/produkt\\\/campito-cerro-plato-135ha\\\/#breadcrumb\"},\"inLanguage\":\"de-DE\",\"potentialAction\":[{\"@type\":\"ReadAction\",\"target\":[\"https:\\\/\\\/produncan.cl\\\/de\\\/produkt\\\/campito-cerro-plato-135ha\\\/\"]}]},{\"@type\":\"ImageObject\",\"inLanguage\":\"de-DE\",\"@id\":\"https:\\\/\\\/produncan.cl\\\/de\\\/produkt\\\/campito-cerro-plato-135ha\\\/#primaryimage\",\"url\":\"https:\\\/\\\/produncan.cl\\\/wp-content\\\/uploads\\\/2022\\\/08\\\/Campito-cerro-plato.webp\",\"contentUrl\":\"https:\\\/\\\/produncan.cl\\\/wp-content\\\/uploads\\\/2022\\\/08\\\/Campito-cerro-plato.webp\",\"width\":600,\"height\":450},{\"@type\":\"BreadcrumbList\",\"@id\":\"https:\\\/\\\/produncan.cl\\\/de\\\/produkt\\\/campito-cerro-plato-135ha\\\/#breadcrumb\",\"itemListElement\":[{\"@type\":\"ListItem\",\"position\":1,\"name\":\"Inicio\",\"item\":\"https:\\\/\\\/produncan.cl\\\/de\\\/\"},{\"@type\":\"ListItem\",\"position\":2,\"name\":\"Eigenschaften\",\"item\":\"https:\\\/\\\/produncan.cl\\\/propiedades\\\/\"},{\"@type\":\"ListItem\",\"position\":3,\"name\":\"Felder\",\"item\":\"https:\\\/\\\/produncan.cl\\\/de\\\/kategorie\\\/felder\\\/\"},{\"@type\":\"ListItem\",\"position\":4,\"name\":\"Landschaft in Coyhaique, Cerro Plato \u2013 Region Ays\u00e9n\"}]},{\"@type\":\"WebSite\",\"@id\":\"https:\\\/\\\/produncan.cl\\\/de\\\/#website\",\"url\":\"https:\\\/\\\/produncan.cl\\\/de\\\/\",\"name\":\"Produncan\",\"description\":\"Wir begleiten Sie bei Ihrem Lebensprojekt!\",\"publisher\":{\"@id\":\"https:\\\/\\\/produncan.cl\\\/de\\\/#organization\"},\"potentialAction\":[{\"@type\":\"SearchAction\",\"target\":{\"@type\":\"EntryPoint\",\"urlTemplate\":\"https:\\\/\\\/produncan.cl\\\/de\\\/?s={search_term_string}\"},\"query-input\":{\"@type\":\"PropertyValueSpecification\",\"valueRequired\":true,\"valueName\":\"search_term_string\"}}],\"inLanguage\":\"de-DE\"},{\"@type\":\"Organization\",\"@id\":\"https:\\\/\\\/produncan.cl\\\/de\\\/#organization\",\"name\":\"Produncan\",\"url\":\"https:\\\/\\\/produncan.cl\\\/de\\\/\",\"logo\":{\"@type\":\"ImageObject\",\"inLanguage\":\"de-DE\",\"@id\":\"https:\\\/\\\/produncan.cl\\\/de\\\/#\\\/schema\\\/logo\\\/image\\\/\",\"url\":\"https:\\\/\\\/produncan.cl\\\/wp-content\\\/uploads\\\/2021\\\/03\\\/LOGO.jpeg\",\"contentUrl\":\"https:\\\/\\\/produncan.cl\\\/wp-content\\\/uploads\\\/2021\\\/03\\\/LOGO.jpeg\",\"width\":1280,\"height\":903,\"caption\":\"Produncan\"},\"image\":{\"@id\":\"https:\\\/\\\/produncan.cl\\\/de\\\/#\\\/schema\\\/logo\\\/image\\\/\"},\"sameAs\":[\"https:\\\/\\\/web.facebook.com\\\/produncanland\",\"https:\\\/\\\/www.instagram.com\\\/pro_duncan\\\/\",\"https:\\\/\\\/www.linkedin.com\\\/company\\\/produncan-lands\\\/\",\"https:\\\/\\\/www.youtube.com\\\/channel\\\/UCu7N-f3x0svkazD-Eew1-QQ\"],\"description\":\"En Produncan somos especialistas en la venta de terrenos en el sur de Chile. Proveemos estancias, campos, parcelas y hoteles.\",\"email\":\"info@produncan.cl\"}]}<\/script>\n<meta property=\"og:video\" content=\"https:\/\/www.youtube.com\/embed\/Lh_XmtSQKhc\" \/>\n<meta property=\"og:video:type\" content=\"text\/html\" \/>\n<meta property=\"og:video:duration\" content=\"61\" \/>\n<meta property=\"og:video:width\" content=\"480\" \/>\n<meta property=\"og:video:height\" content=\"360\" \/>\n<meta property=\"ya:ovs:adult\" content=\"false\" \/>\n<meta property=\"ya:ovs:upload_date\" content=\"2022-08-16T21:32:02+00:00\" \/>\n<meta property=\"ya:ovs:allow_embed\" content=\"true\" \/>\n<meta property=\"product:price:amount\" content=\"199000.00\" \/>\n<meta property=\"product:price:currency\" content=\"USD\" \/>\n<meta property=\"og:availability\" content=\"instock\" \/>\n<meta property=\"product:availability\" content=\"instock\" \/>\n<meta property=\"product:condition\" content=\"new\" \/>\n<!-- \/ Yoast SEO Premium plugin. -->","yoast_head_json":{"title":"Campito 13,5ha Cerro Plato - Coyhaique, Ays\u00e9n - Produncan","description":"Campito in Coyhaique, 13,5 ha mit 700 m Flussufer 87 km n\u00f6rdlich von Coyhaique, 27 km von der s\u00fcdlichen Autobahn entfernt, wundersch\u00f6ne Aussicht auf die patagonische Bergkette zu genie\u00dfen.","robots":{"index":"index","follow":"follow","max-snippet":"max-snippet:-1","max-image-preview":"max-image-preview:large","max-video-preview":"max-video-preview:-1"},"canonical":"https:\/\/produncan.cl\/de\/produkt\/campito-cerro-plato-135ha\/","og_locale":"de_DE","og_type":"article","og_title":"Landschaft in Coyhaique, Cerro Plato \u2013 Region Ays\u00e9n","og_description":"Campito in Coyhaique, 13,5 ha mit 700 m Flussufer 87 km n\u00f6rdlich von Coyhaique, 27 km von der s\u00fcdlichen Autobahn entfernt, wundersch\u00f6ne Aussicht auf die patagonische Bergkette zu genie\u00dfen.","og_url":"https:\/\/produncan.cl\/de\/produkt\/campito-cerro-plato-135ha\/","og_site_name":"Produncan","article_publisher":"https:\/\/web.facebook.com\/produncanland","article_modified_time":"2025-12-04T20:05:22+00:00","og_image":[{"width":600,"height":450,"url":"https:\/\/produncan.cl\/wp-content\/uploads\/2022\/08\/Campito-cerro-plato.webp","type":"image\/webp"}],"twitter_card":"summary_large_image","twitter_misc":{"Price":"USD199.000,00","Availability":"In stock"},"schema":{"@context":"https:\/\/schema.org","@graph":[{"@type":"WebPage","@id":"https:\/\/produncan.cl\/de\/produkt\/campito-cerro-plato-135ha\/","url":"https:\/\/produncan.cl\/de\/produkt\/campito-cerro-plato-135ha\/","name":"Campito 13,5ha Cerro Plato - Coyhaique, Ays\u00e9n - Produncan","isPartOf":{"@id":"https:\/\/produncan.cl\/de\/#website"},"primaryImageOfPage":{"@id":"https:\/\/produncan.cl\/de\/produkt\/campito-cerro-plato-135ha\/#primaryimage"},"image":{"@id":"https:\/\/produncan.cl\/de\/produkt\/campito-cerro-plato-135ha\/#primaryimage"},"thumbnailUrl":"https:\/\/produncan.cl\/wp-content\/uploads\/2022\/08\/Campito-cerro-plato.webp","datePublished":"2022-08-16T21:32:02+00:00","dateModified":"2025-12-04T20:05:22+00:00","description":"Campito in Coyhaique, 13,5 ha mit 700 m Flussufer 87 km n\u00f6rdlich von Coyhaique, 27 km von der s\u00fcdlichen Autobahn entfernt, wundersch\u00f6ne Aussicht auf die patagonische Bergkette zu genie\u00dfen.","breadcrumb":{"@id":"https:\/\/produncan.cl\/de\/produkt\/campito-cerro-plato-135ha\/#breadcrumb"},"inLanguage":"de-DE","potentialAction":[{"@type":"ReadAction","target":["https:\/\/produncan.cl\/de\/produkt\/campito-cerro-plato-135ha\/"]}]},{"@type":"ImageObject","inLanguage":"de-DE","@id":"https:\/\/produncan.cl\/de\/produkt\/campito-cerro-plato-135ha\/#primaryimage","url":"https:\/\/produncan.cl\/wp-content\/uploads\/2022\/08\/Campito-cerro-plato.webp","contentUrl":"https:\/\/produncan.cl\/wp-content\/uploads\/2022\/08\/Campito-cerro-plato.webp","width":600,"height":450},{"@type":"BreadcrumbList","@id":"https:\/\/produncan.cl\/de\/produkt\/campito-cerro-plato-135ha\/#breadcrumb","itemListElement":[{"@type":"ListItem","position":1,"name":"Inicio","item":"https:\/\/produncan.cl\/de\/"},{"@type":"ListItem","position":2,"name":"Eigenschaften","item":"https:\/\/produncan.cl\/propiedades\/"},{"@type":"ListItem","position":3,"name":"Felder","item":"https:\/\/produncan.cl\/de\/kategorie\/felder\/"},{"@type":"ListItem","position":4,"name":"Landschaft in Coyhaique, Cerro Plato \u2013 Region Ays\u00e9n"}]},{"@type":"WebSite","@id":"https:\/\/produncan.cl\/de\/#website","url":"https:\/\/produncan.cl\/de\/","name":"Produncan","description":"Wir begleiten Sie bei Ihrem Lebensprojekt!","publisher":{"@id":"https:\/\/produncan.cl\/de\/#organization"},"potentialAction":[{"@type":"SearchAction","target":{"@type":"EntryPoint","urlTemplate":"https:\/\/produncan.cl\/de\/?s={search_term_string}"},"query-input":{"@type":"PropertyValueSpecification","valueRequired":true,"valueName":"search_term_string"}}],"inLanguage":"de-DE"},{"@type":"Organization","@id":"https:\/\/produncan.cl\/de\/#organization","name":"Produncan","url":"https:\/\/produncan.cl\/de\/","logo":{"@type":"ImageObject","inLanguage":"de-DE","@id":"https:\/\/produncan.cl\/de\/#\/schema\/logo\/image\/","url":"https:\/\/produncan.cl\/wp-content\/uploads\/2021\/03\/LOGO.jpeg","contentUrl":"https:\/\/produncan.cl\/wp-content\/uploads\/2021\/03\/LOGO.jpeg","width":1280,"height":903,"caption":"Produncan"},"image":{"@id":"https:\/\/produncan.cl\/de\/#\/schema\/logo\/image\/"},"sameAs":["https:\/\/web.facebook.com\/produncanland","https:\/\/www.instagram.com\/pro_duncan\/","https:\/\/www.linkedin.com\/company\/produncan-lands\/","https:\/\/www.youtube.com\/channel\/UCu7N-f3x0svkazD-Eew1-QQ"],"description":"En Produncan somos especialistas en la venta de terrenos en el sur de Chile. Proveemos estancias, campos, parcelas y hoteles.","email":"info@produncan.cl"}]},"og_video":"https:\/\/www.youtube.com\/embed\/Lh_XmtSQKhc","og_video_type":"text\/html","og_video_duration":"61","og_video_width":"480","og_video_height":"360","ya_ovs_adult":"false","ya_ovs_upload_date":"2022-08-16T21:32:02+00:00","ya_ovs_allow_embed":"true","product_price_amount":"199000.00","product_price_currency":"USD","og_availability":"instock","product_availability":"instock","product_condition":"new"},"_links":{"self":[{"href":"https:\/\/produncan.cl\/de\/wp-json\/wp\/v2\/product\/8614","targetHints":{"allow":["GET"]}}],"collection":[{"href":"https:\/\/produncan.cl\/de\/wp-json\/wp\/v2\/product"}],"about":[{"href":"https:\/\/produncan.cl\/de\/wp-json\/wp\/v2\/types\/product"}],"version-history":[{"count":1,"href":"https:\/\/produncan.cl\/de\/wp-json\/wp\/v2\/product\/8614\/revisions"}],"predecessor-version":[{"id":51162,"href":"https:\/\/produncan.cl\/de\/wp-json\/wp\/v2\/product\/8614\/revisions\/51162"}],"wp:featuredmedia":[{"embeddable":true,"href":"https:\/\/produncan.cl\/de\/wp-json\/wp\/v2\/media\/6254"}],"wp:attachment":[{"href":"https:\/\/produncan.cl\/de\/wp-json\/wp\/v2\/media?parent=8614"}],"wp:term":[{"taxonomy":"product_brand","embeddable":true,"href":"https:\/\/produncan.cl\/de\/wp-json\/wp\/v2\/product_brand?post=8614"},{"taxonomy":"product_cat","embeddable":true,"href":"https:\/\/produncan.cl\/de\/wp-json\/wp\/v2\/product_cat?post=8614"},{"taxonomy":"product_tag","embeddable":true,"href":"https:\/\/produncan.cl\/de\/wp-json\/wp\/v2\/product_tag?post=8614"},{"taxonomy":"regiones","embeddable":true,"href":"https:\/\/produncan.cl\/de\/wp-json\/wp\/v2\/regiones?post=8614"},{"taxonomy":"ciudades","embeddable":true,"href":"https:\/\/produncan.cl\/de\/wp-json\/wp\/v2\/ciudades?post=8614"}],"curies":[{"name":"wp","href":"https:\/\/api.w.org\/{rel}","templated":true}]}}