{"id":8616,"date":"2024-05-08T17:27:41","date_gmt":"2024-05-08T21:27:41","guid":{"rendered":"https:\/\/produncan.cl\/producto\/feld-el-manio-406-ha\/"},"modified":"2025-11-24T17:55:34","modified_gmt":"2025-11-24T20:55:34","slug":"feld-el-manio-406-ha","status":"publish","type":"product","link":"https:\/\/produncan.cl\/de\/produkt\/feld-el-manio-406-ha\/","title":{"rendered":"Feld in R\u00edo Fr\u00edo &#8211; El Ma\u00f1\u00edo II, Los Muermos"},"content":{"rendered":"\t\t<div data-elementor-type=\"product-post\" data-elementor-id=\"8616\" class=\"elementor elementor-8616 elementor-2761\" data-elementor-post-type=\"product\">\n\t\t\t\t<div class=\"elementor-element elementor-element-faa1921 e-flex e-con-boxed e-con e-parent\" data-id=\"faa1921\" data-element_type=\"container\" data-e-type=\"container\" data-settings=\"{&quot;jet_parallax_layout_list&quot;:[]}\">\n\t\t\t\t\t<div class=\"e-con-inner\">\n\t\t<div class=\"elementor-element elementor-element-7bc89d8 e-con-full e-flex e-con e-child\" data-id=\"7bc89d8\" data-element_type=\"container\" data-e-type=\"container\" data-settings=\"{&quot;jet_parallax_layout_list&quot;:[]}\">\n\t\t\t\t<div class=\"elementor-element elementor-element-f9b3748 elementor-widget elementor-widget-heading\" data-id=\"f9b3748\" data-element_type=\"widget\" data-e-type=\"widget\" data-widget_type=\"heading.default\">\n\t\t\t\t\t<h2 class=\"elementor-heading-title elementor-size-default\">Campo El Ma\u00f1\u00edo: Natur, Wasser und Konnektivit\u00e4t in Fresia<\/h2>\t\t\t\t<\/div>\n\t\t\t\t<\/div>\n\t\t\t\t\t<\/div>\n\t\t\t\t<\/div>\n\t\t<div class=\"elementor-element elementor-element-0a1fc0b e-flex e-con-boxed e-con e-parent\" data-id=\"0a1fc0b\" data-element_type=\"container\" data-e-type=\"container\" data-settings=\"{&quot;jet_parallax_layout_list&quot;:[]}\">\n\t\t\t\t\t<div class=\"e-con-inner\">\n\t\t\t\t<div class=\"elementor-element elementor-element-074d44d elementor-widget elementor-widget-text-editor\" data-id=\"074d44d\" data-element_type=\"widget\" data-e-type=\"widget\" data-widget_type=\"text-editor.default\">\n\t\t\t\t\t\t\t\t\t<p>Entdecken Sie dieses Gebiet von 40,66 Hektar in der Gemeinde Fresia, Region Los Lagos, einem Ort, an dem sich die s\u00fcdliche Landschaft zwischen einheimischen W\u00e4ldern, weichen Wiesen und dauerhaften Wasserl\u00e4ufen entfaltet. Ein ideales Umfeld f\u00fcr landwirtschaftliche und touristische Projekte und f\u00fcr diejenigen, die einen Abschaltraum suchen, mit hervorragendem Zugang und Dienstleistungen bereits vorhanden.<\/p><p>Seine Topographie kombiniert flache Fl\u00e4chen und weiche Lomagen, die einen offenen Blick auf Vulkane und T\u00e4ler geben. Das Anwesen ist mit konstanten Flie\u00dfmatten das ganze Jahr \u00fcber und mit dem Fluss Llico gef\u00fcllt, wodurch Bodenfruchtbarkeit und nat\u00fcrliche Wasserversorgung gew\u00e4hrleistet werden.<\/p><p>Nur eine Stunde von Puerto Varas entfernt, liegt es in der N\u00e4he von Estaci\u00f3n R\u00edo Frio und Los Muermos. Es ist von einer gepflasterten Strecke bis zu etwa 4 km der Landschaft zu erreichen, die auf einer l\u00e4ndlichen Stra\u00dfe in gutem Zustand, derzeit im Prozess der Pflasterung in Richtung der K\u00fcste.<\/p><p>Das Feld besteht aus zwei zusammenh\u00e4ngenden Windeln, Lot A von 23,16 Hektar und Lot B von 17,50 Hektar, in der gleichen Rolle vereint und nur durch eine benachbarte Stra\u00dfe getrennt.<\/p><p>Es hat ein h\u00f6lzernes Bauernhaus in sehr gutem Zustand von 8 x 7 Metern, mit drei Schlafzimmern, Bad mit septischen Grube, Wohnzimmer, Esszimmer und K\u00fcche. Es hat auch Korallen f\u00fcr die Verwaltung von Tieren und Z\u00e4unen in seinem gesamten Umfang, au\u00dfer den nat\u00fcrlichen R\u00e4ndern mit Fl\u00fcssen und Matten.<\/p><p>Es verf\u00fcgt \u00fcber Strom, der mit dem \u00f6ffentlichen Netz \u00fcber eine nat\u00fcrliche Wasserversorgung und -versorgung verbunden ist. Die digitale Vernetzung wird auch durch ein gutes Telefon- und Internetsignal gew\u00e4hrleistet.<\/p><p>Seine Vegetation ist eine der gr\u00f6\u00dften Attraktionen: ein ausgedehnter einheimischer Wald, der Arten wie Canelo, Ciruelillo, Rodal, Ulmo, Array\u00e1n, Luma, Meli, Lingue, Tepa und Ma\u00f1\u00edo umfasst, die Identit\u00e4t und Biodiversit\u00e4t auf dem Boden geben.<\/p><p>Das Anwesen verf\u00fcgt \u00fcber alle Unterlagen pro Tag, bereit zu \u00fcbertragen. In der Umgebung gibt es wesentliche Dienstleistungen wie l\u00e4ndliche Posta, Minimarkt, Schule und Kirche. Dar\u00fcber hinaus bietet Ihnen die N\u00e4he zur K\u00fcste Spa und Kalets wie Llico Bajo, Puerto Godoy, Quenir und Estakilla, wahre Landschaften der n\u00f6rdlichen Patagonien.<\/p><p>Ein vielseitiges und charmantes Feld, in dem Land, Wasser und Ruhe gefunden werden, um ein Projekt mit Sinn zu leben.<\/p>\t\t\t\t\t\t\t\t<\/div>\n\t\t\t\t\t<\/div>\n\t\t\t\t<\/div>\n\t\t\t\t<\/div>\n\t\t","protected":false},"excerpt":{"rendered":"<p>Campo in Los Muermos, 1 Stunde von Puerto Varas entfernt, mit gro\u00dfartiger Aussicht auf die Bergkette. Haus, Strom und guter Empfang.  Es gibt einen Fluss, eine Quelle und eine Flussm\u00fcndung. 4 Kilometer Schotterstra\u00dfe werden asphaltiert. Sehr guter Verkaufspreis. <\/p>\n","protected":false},"featured_media":6206,"template":"","meta":{"_acf_changed":false},"product_brand":[],"product_cat":[104],"product_tag":[235],"regiones":[226],"ciudades":[214,216],"class_list":{"0":"post-8616","1":"product","2":"type-product","3":"status-publish","4":"has-post-thumbnail","6":"product_cat-ohiggins-los-lagos","7":"product_tag-felder","8":"regiones-nuble-los_lagos","9":"ciudades-fresia","10":"ciudades-los-muermos","12":"first","13":"instock","14":"sold-individually","15":"shipping-taxable","16":"purchasable","17":"product-type-simple"},"acf":[],"yoast_head":"<!-- This site is optimized with the Yoast SEO Premium plugin v26.0 (Yoast SEO v27.3) - https:\/\/yoast.com\/product\/yoast-seo-premium-wordpress\/ -->\n<title>Campo El Ma\u00f1\u00edo - Rio Frio, Los Muermos - Produncan<\/title>\n<meta name=\"description\" content=\"Bauernhof El Ma\u00f1\u00edo mit 40,6 ha, 1 Stunde von Puerto Varas entfernt, erreichbar vom Bahnhof R\u00edo Fr\u00edo. Haus von 66m\u00b2, Schuppen, Keller, Teich und Obstb\u00e4ume.\" \/>\n<meta name=\"robots\" content=\"index, follow, max-snippet:-1, max-image-preview:large, max-video-preview:-1\" \/>\n<link rel=\"canonical\" href=\"https:\/\/produncan.cl\/de\/produkt\/feld-el-manio-406-ha\/\" \/>\n<meta property=\"og:locale\" content=\"de_DE\" \/>\n<meta property=\"og:type\" content=\"article\" \/>\n<meta property=\"og:title\" content=\"Feld in R\u00edo Fr\u00edo - El Ma\u00f1\u00edo II, Los Muermos\" \/>\n<meta property=\"og:description\" content=\"Bauernhof El Ma\u00f1\u00edo mit 40,6 ha, 1 Stunde von Puerto Varas entfernt, erreichbar vom Bahnhof R\u00edo Fr\u00edo. Haus von 66m\u00b2, Schuppen, Keller, Teich und Obstb\u00e4ume.\" \/>\n<meta property=\"og:url\" content=\"https:\/\/produncan.cl\/de\/produkt\/feld-el-manio-406-ha\/\" \/>\n<meta property=\"og:site_name\" content=\"Produncan\" \/>\n<meta property=\"article:publisher\" content=\"https:\/\/web.facebook.com\/produncanland\" \/>\n<meta property=\"article:modified_time\" content=\"2025-11-24T20:55:34+00:00\" \/>\n<meta property=\"og:image\" content=\"https:\/\/produncan.cl\/wp-content\/uploads\/2022\/08\/Campo-El-Manio-II.webp\" \/>\n\t<meta property=\"og:image:width\" content=\"600\" \/>\n\t<meta property=\"og:image:height\" content=\"450\" \/>\n\t<meta property=\"og:image:type\" content=\"image\/webp\" \/>\n<meta name=\"twitter:card\" content=\"summary_large_image\" \/>\n<meta name=\"twitter:label1\" content=\"Price\" \/>\n\t<meta name=\"twitter:data1\" content=\"USD250.100,00\" \/>\n\t<meta name=\"twitter:label2\" content=\"Availability\" \/>\n\t<meta name=\"twitter:data2\" content=\"In stock\" \/>\n<script type=\"application\/ld+json\" class=\"yoast-schema-graph\">{\"@context\":\"https:\\\/\\\/schema.org\",\"@graph\":[{\"@type\":\"WebPage\",\"@id\":\"https:\\\/\\\/produncan.cl\\\/de\\\/produkt\\\/feld-el-manio-406-ha\\\/\",\"url\":\"https:\\\/\\\/produncan.cl\\\/de\\\/produkt\\\/feld-el-manio-406-ha\\\/\",\"name\":\"Campo El Ma\u00f1\u00edo - Rio Frio, Los Muermos - Produncan\",\"isPartOf\":{\"@id\":\"https:\\\/\\\/produncan.cl\\\/de\\\/#website\"},\"primaryImageOfPage\":{\"@id\":\"https:\\\/\\\/produncan.cl\\\/de\\\/produkt\\\/feld-el-manio-406-ha\\\/#primaryimage\"},\"image\":{\"@id\":\"https:\\\/\\\/produncan.cl\\\/de\\\/produkt\\\/feld-el-manio-406-ha\\\/#primaryimage\"},\"thumbnailUrl\":\"https:\\\/\\\/produncan.cl\\\/wp-content\\\/uploads\\\/2022\\\/08\\\/Campo-El-Manio-II.webp\",\"datePublished\":\"2024-05-08T21:27:41+00:00\",\"dateModified\":\"2025-11-24T20:55:34+00:00\",\"description\":\"Bauernhof El Ma\u00f1\u00edo mit 40,6 ha, 1 Stunde von Puerto Varas entfernt, erreichbar vom Bahnhof R\u00edo Fr\u00edo. Haus von 66m\u00b2, Schuppen, Keller, Teich und Obstb\u00e4ume.\",\"breadcrumb\":{\"@id\":\"https:\\\/\\\/produncan.cl\\\/de\\\/produkt\\\/feld-el-manio-406-ha\\\/#breadcrumb\"},\"inLanguage\":\"de-DE\",\"potentialAction\":[{\"@type\":\"ReadAction\",\"target\":[\"https:\\\/\\\/produncan.cl\\\/de\\\/produkt\\\/feld-el-manio-406-ha\\\/\"]}]},{\"@type\":\"ImageObject\",\"inLanguage\":\"de-DE\",\"@id\":\"https:\\\/\\\/produncan.cl\\\/de\\\/produkt\\\/feld-el-manio-406-ha\\\/#primaryimage\",\"url\":\"https:\\\/\\\/produncan.cl\\\/wp-content\\\/uploads\\\/2022\\\/08\\\/Campo-El-Manio-II.webp\",\"contentUrl\":\"https:\\\/\\\/produncan.cl\\\/wp-content\\\/uploads\\\/2022\\\/08\\\/Campo-El-Manio-II.webp\",\"width\":600,\"height\":450,\"caption\":\"Campo El Ma\u00f1io II\"},{\"@type\":\"BreadcrumbList\",\"@id\":\"https:\\\/\\\/produncan.cl\\\/de\\\/produkt\\\/feld-el-manio-406-ha\\\/#breadcrumb\",\"itemListElement\":[{\"@type\":\"ListItem\",\"position\":1,\"name\":\"Inicio\",\"item\":\"https:\\\/\\\/produncan.cl\\\/de\\\/\"},{\"@type\":\"ListItem\",\"position\":2,\"name\":\"Eigenschaften\",\"item\":\"https:\\\/\\\/produncan.cl\\\/propiedades\\\/\"},{\"@type\":\"ListItem\",\"position\":3,\"name\":\"Felder\",\"item\":\"https:\\\/\\\/produncan.cl\\\/de\\\/kategorie\\\/felder\\\/\"},{\"@type\":\"ListItem\",\"position\":4,\"name\":\"Feld in R\u00edo Fr\u00edo &#8211; El Ma\u00f1\u00edo II, Los Muermos\"}]},{\"@type\":\"WebSite\",\"@id\":\"https:\\\/\\\/produncan.cl\\\/de\\\/#website\",\"url\":\"https:\\\/\\\/produncan.cl\\\/de\\\/\",\"name\":\"Produncan\",\"description\":\"Wir begleiten Sie bei Ihrem Lebensprojekt!\",\"publisher\":{\"@id\":\"https:\\\/\\\/produncan.cl\\\/de\\\/#organization\"},\"potentialAction\":[{\"@type\":\"SearchAction\",\"target\":{\"@type\":\"EntryPoint\",\"urlTemplate\":\"https:\\\/\\\/produncan.cl\\\/de\\\/?s={search_term_string}\"},\"query-input\":{\"@type\":\"PropertyValueSpecification\",\"valueRequired\":true,\"valueName\":\"search_term_string\"}}],\"inLanguage\":\"de-DE\"},{\"@type\":\"Organization\",\"@id\":\"https:\\\/\\\/produncan.cl\\\/de\\\/#organization\",\"name\":\"Produncan\",\"url\":\"https:\\\/\\\/produncan.cl\\\/de\\\/\",\"logo\":{\"@type\":\"ImageObject\",\"inLanguage\":\"de-DE\",\"@id\":\"https:\\\/\\\/produncan.cl\\\/de\\\/#\\\/schema\\\/logo\\\/image\\\/\",\"url\":\"https:\\\/\\\/produncan.cl\\\/wp-content\\\/uploads\\\/2021\\\/03\\\/LOGO.jpeg\",\"contentUrl\":\"https:\\\/\\\/produncan.cl\\\/wp-content\\\/uploads\\\/2021\\\/03\\\/LOGO.jpeg\",\"width\":1280,\"height\":903,\"caption\":\"Produncan\"},\"image\":{\"@id\":\"https:\\\/\\\/produncan.cl\\\/de\\\/#\\\/schema\\\/logo\\\/image\\\/\"},\"sameAs\":[\"https:\\\/\\\/web.facebook.com\\\/produncanland\",\"https:\\\/\\\/www.instagram.com\\\/pro_duncan\\\/\",\"https:\\\/\\\/www.linkedin.com\\\/company\\\/produncan-lands\\\/\",\"https:\\\/\\\/www.youtube.com\\\/channel\\\/UCu7N-f3x0svkazD-Eew1-QQ\"],\"description\":\"En Produncan somos especialistas en la venta de terrenos en el sur de Chile. Proveemos estancias, campos, parcelas y hoteles.\",\"email\":\"info@produncan.cl\"}]}<\/script>\n<meta property=\"og:video\" content=\"https:\/\/www.youtube.com\/embed\/hyquJS8Rd7o\" \/>\n<meta property=\"og:video:type\" content=\"text\/html\" \/>\n<meta property=\"og:video:duration\" content=\"57\" \/>\n<meta property=\"og:video:width\" content=\"480\" \/>\n<meta property=\"og:video:height\" content=\"270\" \/>\n<meta property=\"ya:ovs:adult\" content=\"false\" \/>\n<meta property=\"ya:ovs:upload_date\" content=\"2024-05-08T21:27:41+00:00\" \/>\n<meta property=\"ya:ovs:allow_embed\" content=\"true\" \/>\n<meta property=\"product:price:amount\" content=\"250100.00\" \/>\n<meta property=\"product:price:currency\" content=\"USD\" \/>\n<meta property=\"og:availability\" content=\"instock\" \/>\n<meta property=\"product:availability\" content=\"instock\" \/>\n<meta property=\"product:condition\" content=\"new\" \/>\n<!-- \/ Yoast SEO Premium plugin. -->","yoast_head_json":{"title":"Campo El Ma\u00f1\u00edo - Rio Frio, Los Muermos - Produncan","description":"Bauernhof El Ma\u00f1\u00edo mit 40,6 ha, 1 Stunde von Puerto Varas entfernt, erreichbar vom Bahnhof R\u00edo Fr\u00edo. Haus von 66m\u00b2, Schuppen, Keller, Teich und Obstb\u00e4ume.","robots":{"index":"index","follow":"follow","max-snippet":"max-snippet:-1","max-image-preview":"max-image-preview:large","max-video-preview":"max-video-preview:-1"},"canonical":"https:\/\/produncan.cl\/de\/produkt\/feld-el-manio-406-ha\/","og_locale":"de_DE","og_type":"article","og_title":"Feld in R\u00edo Fr\u00edo - El Ma\u00f1\u00edo II, Los Muermos","og_description":"Bauernhof El Ma\u00f1\u00edo mit 40,6 ha, 1 Stunde von Puerto Varas entfernt, erreichbar vom Bahnhof R\u00edo Fr\u00edo. Haus von 66m\u00b2, Schuppen, Keller, Teich und Obstb\u00e4ume.","og_url":"https:\/\/produncan.cl\/de\/produkt\/feld-el-manio-406-ha\/","og_site_name":"Produncan","article_publisher":"https:\/\/web.facebook.com\/produncanland","article_modified_time":"2025-11-24T20:55:34+00:00","og_image":[{"width":600,"height":450,"url":"https:\/\/produncan.cl\/wp-content\/uploads\/2022\/08\/Campo-El-Manio-II.webp","type":"image\/webp"}],"twitter_card":"summary_large_image","twitter_misc":{"Price":"USD250.100,00","Availability":"In stock"},"schema":{"@context":"https:\/\/schema.org","@graph":[{"@type":"WebPage","@id":"https:\/\/produncan.cl\/de\/produkt\/feld-el-manio-406-ha\/","url":"https:\/\/produncan.cl\/de\/produkt\/feld-el-manio-406-ha\/","name":"Campo El Ma\u00f1\u00edo - Rio Frio, Los Muermos - Produncan","isPartOf":{"@id":"https:\/\/produncan.cl\/de\/#website"},"primaryImageOfPage":{"@id":"https:\/\/produncan.cl\/de\/produkt\/feld-el-manio-406-ha\/#primaryimage"},"image":{"@id":"https:\/\/produncan.cl\/de\/produkt\/feld-el-manio-406-ha\/#primaryimage"},"thumbnailUrl":"https:\/\/produncan.cl\/wp-content\/uploads\/2022\/08\/Campo-El-Manio-II.webp","datePublished":"2024-05-08T21:27:41+00:00","dateModified":"2025-11-24T20:55:34+00:00","description":"Bauernhof El Ma\u00f1\u00edo mit 40,6 ha, 1 Stunde von Puerto Varas entfernt, erreichbar vom Bahnhof R\u00edo Fr\u00edo. Haus von 66m\u00b2, Schuppen, Keller, Teich und Obstb\u00e4ume.","breadcrumb":{"@id":"https:\/\/produncan.cl\/de\/produkt\/feld-el-manio-406-ha\/#breadcrumb"},"inLanguage":"de-DE","potentialAction":[{"@type":"ReadAction","target":["https:\/\/produncan.cl\/de\/produkt\/feld-el-manio-406-ha\/"]}]},{"@type":"ImageObject","inLanguage":"de-DE","@id":"https:\/\/produncan.cl\/de\/produkt\/feld-el-manio-406-ha\/#primaryimage","url":"https:\/\/produncan.cl\/wp-content\/uploads\/2022\/08\/Campo-El-Manio-II.webp","contentUrl":"https:\/\/produncan.cl\/wp-content\/uploads\/2022\/08\/Campo-El-Manio-II.webp","width":600,"height":450,"caption":"Campo El Ma\u00f1io II"},{"@type":"BreadcrumbList","@id":"https:\/\/produncan.cl\/de\/produkt\/feld-el-manio-406-ha\/#breadcrumb","itemListElement":[{"@type":"ListItem","position":1,"name":"Inicio","item":"https:\/\/produncan.cl\/de\/"},{"@type":"ListItem","position":2,"name":"Eigenschaften","item":"https:\/\/produncan.cl\/propiedades\/"},{"@type":"ListItem","position":3,"name":"Felder","item":"https:\/\/produncan.cl\/de\/kategorie\/felder\/"},{"@type":"ListItem","position":4,"name":"Feld in R\u00edo Fr\u00edo &#8211; El Ma\u00f1\u00edo II, Los Muermos"}]},{"@type":"WebSite","@id":"https:\/\/produncan.cl\/de\/#website","url":"https:\/\/produncan.cl\/de\/","name":"Produncan","description":"Wir begleiten Sie bei Ihrem Lebensprojekt!","publisher":{"@id":"https:\/\/produncan.cl\/de\/#organization"},"potentialAction":[{"@type":"SearchAction","target":{"@type":"EntryPoint","urlTemplate":"https:\/\/produncan.cl\/de\/?s={search_term_string}"},"query-input":{"@type":"PropertyValueSpecification","valueRequired":true,"valueName":"search_term_string"}}],"inLanguage":"de-DE"},{"@type":"Organization","@id":"https:\/\/produncan.cl\/de\/#organization","name":"Produncan","url":"https:\/\/produncan.cl\/de\/","logo":{"@type":"ImageObject","inLanguage":"de-DE","@id":"https:\/\/produncan.cl\/de\/#\/schema\/logo\/image\/","url":"https:\/\/produncan.cl\/wp-content\/uploads\/2021\/03\/LOGO.jpeg","contentUrl":"https:\/\/produncan.cl\/wp-content\/uploads\/2021\/03\/LOGO.jpeg","width":1280,"height":903,"caption":"Produncan"},"image":{"@id":"https:\/\/produncan.cl\/de\/#\/schema\/logo\/image\/"},"sameAs":["https:\/\/web.facebook.com\/produncanland","https:\/\/www.instagram.com\/pro_duncan\/","https:\/\/www.linkedin.com\/company\/produncan-lands\/","https:\/\/www.youtube.com\/channel\/UCu7N-f3x0svkazD-Eew1-QQ"],"description":"En Produncan somos especialistas en la venta de terrenos en el sur de Chile. Proveemos estancias, campos, parcelas y hoteles.","email":"info@produncan.cl"}]},"og_video":"https:\/\/www.youtube.com\/embed\/hyquJS8Rd7o","og_video_type":"text\/html","og_video_duration":"57","og_video_width":"480","og_video_height":"270","ya_ovs_adult":"false","ya_ovs_upload_date":"2024-05-08T21:27:41+00:00","ya_ovs_allow_embed":"true","product_price_amount":"250100.00","product_price_currency":"USD","og_availability":"instock","product_availability":"instock","product_condition":"new"},"_links":{"self":[{"href":"https:\/\/produncan.cl\/de\/wp-json\/wp\/v2\/product\/8616","targetHints":{"allow":["GET"]}}],"collection":[{"href":"https:\/\/produncan.cl\/de\/wp-json\/wp\/v2\/product"}],"about":[{"href":"https:\/\/produncan.cl\/de\/wp-json\/wp\/v2\/types\/product"}],"version-history":[{"count":2,"href":"https:\/\/produncan.cl\/de\/wp-json\/wp\/v2\/product\/8616\/revisions"}],"predecessor-version":[{"id":52516,"href":"https:\/\/produncan.cl\/de\/wp-json\/wp\/v2\/product\/8616\/revisions\/52516"}],"wp:featuredmedia":[{"embeddable":true,"href":"https:\/\/produncan.cl\/de\/wp-json\/wp\/v2\/media\/6206"}],"wp:attachment":[{"href":"https:\/\/produncan.cl\/de\/wp-json\/wp\/v2\/media?parent=8616"}],"wp:term":[{"taxonomy":"product_brand","embeddable":true,"href":"https:\/\/produncan.cl\/de\/wp-json\/wp\/v2\/product_brand?post=8616"},{"taxonomy":"product_cat","embeddable":true,"href":"https:\/\/produncan.cl\/de\/wp-json\/wp\/v2\/product_cat?post=8616"},{"taxonomy":"product_tag","embeddable":true,"href":"https:\/\/produncan.cl\/de\/wp-json\/wp\/v2\/product_tag?post=8616"},{"taxonomy":"regiones","embeddable":true,"href":"https:\/\/produncan.cl\/de\/wp-json\/wp\/v2\/regiones?post=8616"},{"taxonomy":"ciudades","embeddable":true,"href":"https:\/\/produncan.cl\/de\/wp-json\/wp\/v2\/ciudades?post=8616"}],"curies":[{"name":"wp","href":"https:\/\/api.w.org\/{rel}","templated":true}]}}