{"id":8618,"date":"2022-08-03T16:44:54","date_gmt":"2022-08-03T20:44:54","guid":{"rendered":"https:\/\/produncan.cl\/producto\/bauernhof-villa-ortega-93ha\/"},"modified":"2025-12-26T17:29:22","modified_gmt":"2025-12-26T20:29:22","slug":"bauernhof-villa-ortega-93ha","status":"publish","type":"product","link":"https:\/\/produncan.cl\/de\/produkt\/bauernhof-villa-ortega-93ha\/","title":{"rendered":"Feld in Villa Ortega \u2013 Region Ays\u00e9n"},"content":{"rendered":"\t\t<div data-elementor-type=\"product-post\" data-elementor-id=\"8618\" class=\"elementor elementor-8618 elementor-2712\" data-elementor-post-type=\"product\">\n\t\t\t\t\t\t<section class=\"elementor-section elementor-top-section elementor-element elementor-element-1809ffa5 elementor-section-boxed elementor-section-height-default elementor-section-height-default\" data-id=\"1809ffa5\" data-element_type=\"section\" data-e-type=\"section\" data-settings=\"{&quot;jet_parallax_layout_list&quot;:[]}\">\n\t\t\t\t\t\t<div class=\"elementor-container elementor-column-gap-default\">\n\t\t\t\t\t<div class=\"elementor-column elementor-col-100 elementor-top-column elementor-element elementor-element-824ff73\" data-id=\"824ff73\" data-element_type=\"column\" data-e-type=\"column\">\n\t\t\t<div class=\"elementor-widget-wrap elementor-element-populated\">\n\t\t\t\t\t\t<div class=\"elementor-element elementor-element-7fa947a7 elementor-widget elementor-widget-text-editor\" data-id=\"7fa947a7\" data-element_type=\"widget\" data-e-type=\"widget\" data-widget_type=\"text-editor.default\">\n\t\t\t\t\t\t\t\t\t<h2>EIN FELD IN VILLA ORTEGA MIT FANTASTISCHEM BLICK AUF DIE PATAGONISCHE BERGKETTE!<\/h2>\n<p>Kommen Sie zu einem 93 Hektar gro\u00dfen Feld 43 km n\u00f6rdlich von Coyhaique und 18 km von der Carretera Austral entfernt, in der N\u00e4he von Villa Ortega.<\/p>\n<p><span style=\"color: var( --e-global-color-text ); font-family: var( --e-global-typography-text-font-family ), Sans-serif; font-weight: var( --e-global-typography-text-font-weight );\">Das Anwesen ist von besonderer Physiognomie und beeindruckender Sch\u00f6nheit und bietet einen einzigartigen Blick auf die patagonische Bergkette. Es ist ideal f\u00fcr diejenigen, die das \u00d6kosystem erhalten und ein neues Projekt in Angriff nehmen wollen.<\/span><\/p>\n<ul>\n<li><span style=\"background-color: transparent; color: var( --e-global-color-text ); font-family: var( --e-global-typography-text-font-family ), Sans-serif; font-weight: var( --e-global-typography-text-font-weight );\">Es gibt ein genehmigtes Projekt zur Elektrifizierung des l\u00e4ndlichen Raums, das noch in diesem Jahr den Anschluss an das l\u00e4ndliche Gebiet erm\u00f6glichen wird. Die Wasserversorgung erfolgt \u00fcber B\u00e4che und Quellen auf dem Grundst\u00fcck. In einigen Gebieten gibt es einen guten Handyempfang und ein Teil des Gel\u00e4ndes ist umz\u00e4unt.<\/span><\/li>\n<li>Die Zufahrt zum Camp erfolgt von der Route 7 (Carretera Austral) auf der H\u00f6he von Villa Ortega \u00fcber eine 18 km lange Schotterstra\u00dfe in gutem Zustand. Von Villa Ortega aus kann man auf asphaltierten Stra\u00dfen Richtung Norden nach Villa Ma\u00f1ihuales oder Richtung S\u00fcden nach Coyhaique fahren.<\/li>\n<li>Das Grundst\u00fcck liegt 5 km von der internationalen Stra\u00dfe entfernt, die zum Alto R\u00edo Senguer und anderen Sch\u00f6nheiten des benachbarten Argentiniens f\u00fchrt.<\/li>\n<\/ul>\n<h3>Umgebung und Attraktionen der Villa Ortega<\/h3>\n<p>In der N\u00e4he des Camps gibt es Fl\u00fcsse, die sich zum Fliegenfischen eignen, wie die Fl\u00fcsse Emperador Guillermo und \u00d1irehuao. In einem Umkreis von 30 km um den Ort gibt es mehrere Seen: Los Juntos, Lago Norte, Lago Misterioso und Lago Zapato. Und nur 5 km entfernt gibt es eine Lagune namens Los Arados, und ganz in der N\u00e4he des Camps befindet sich eine sehr interessante Lagune auf fiskalischem Grund.<\/p>\n<p>Es gibt Jagd- und Fischerh\u00fctten, Trekking, Reiten und andere Aktivit\u00e4ten.<\/p>\n<h3>Flora und Fauna<\/h3>\n<p>Die Landschaft weist eine wundersch\u00f6ne Flora auf, die haupts\u00e4chlich aus Lenga, Calafate, Strauchgras, schwarzem Busch und Klee besteht. Was die Tierwelt betrifft, so k\u00f6nnen wir F\u00fcchse, Hirsche, Pumas, Wildschweine, Kondore, Spechte, Pitios, Coliparados, Huet Huet und Chucao sehen.<\/p>\n<p>Die Sedimentgesteine und die \u00fcppigen einheimischen W\u00e4lder der Gebirgsketten weisen zahlreiche faszinierende Formationen auf, die Geologen und Naturliebhaber begeistern.<\/p>\n<p>KONTAKTIEREN SIE UNS UND LERNEN SIE DIESE SCH\u00d6NE LANDSCHAFT KENNEN!<\/p>\n\t\t\t\t\t\t\t\t<\/div>\n\t\t\t\t\t<\/div>\n\t\t<\/div>\n\t\t\t\t\t<\/div>\n\t\t<\/section>\n\t\t\t\t<\/div>\n\t\t","protected":false},"excerpt":{"rendered":"<p>Feld mit Blick auf die patagonische Vorgebirge. 43 km n\u00f6rdlich von Coyhaique. In der N\u00e4he von Fl\u00fcssen und 18 Kilometer von der Carretera Austral und Villa Ortega entfernt.<\/p>\n","protected":false},"featured_media":6154,"template":"","meta":{"_acf_changed":false},"product_brand":[],"product_cat":[116],"product_tag":[234],"regiones":[225],"ciudades":[209,512],"class_list":{"0":"post-8618","1":"product","2":"type-product","3":"status-publish","4":"has-post-thumbnail","6":"product_cat-aysen-magallanes-de","7":"product_tag-felder-fuer-den-schutz","8":"regiones-aysen-magallanes","9":"ciudades-coyhaique","10":"ciudades-villa-manihuales","12":"first","13":"instock","14":"sold-individually","15":"shipping-taxable","16":"purchasable","17":"product-type-simple"},"acf":[],"yoast_head":"<!-- This site is optimized with the Yoast SEO Premium plugin v26.0 (Yoast SEO v27.3) - https:\/\/yoast.com\/product\/yoast-seo-premium-wordpress\/ -->\n<title>Feld in Villa Ortega \u2013 Region Ays\u00e9n - Produncan<\/title>\n<meta name=\"description\" content=\"93 ha Land mit einzigartiger Aussicht auf die patagonischen Ausl\u00e4ufer, 43 km n\u00f6rdlich von Coyhaique und 18 km von der Carretera Austral und Villa Ortega entfernt.\" \/>\n<meta name=\"robots\" content=\"index, follow, max-snippet:-1, max-image-preview:large, max-video-preview:-1\" \/>\n<link rel=\"canonical\" href=\"https:\/\/produncan.cl\/de\/produkt\/bauernhof-villa-ortega-93ha\/\" \/>\n<meta property=\"og:locale\" content=\"de_DE\" \/>\n<meta property=\"og:type\" content=\"article\" \/>\n<meta property=\"og:title\" content=\"Feld in Villa Ortega \u2013 Region Ays\u00e9n\" \/>\n<meta property=\"og:description\" content=\"93 ha Land mit einzigartiger Aussicht auf die patagonischen Ausl\u00e4ufer, 43 km n\u00f6rdlich von Coyhaique und 18 km von der Carretera Austral und Villa Ortega entfernt.\" \/>\n<meta property=\"og:url\" content=\"https:\/\/produncan.cl\/de\/produkt\/bauernhof-villa-ortega-93ha\/\" \/>\n<meta property=\"og:site_name\" content=\"Produncan\" \/>\n<meta property=\"article:publisher\" content=\"https:\/\/web.facebook.com\/produncanland\" \/>\n<meta property=\"article:modified_time\" content=\"2025-12-26T20:29:22+00:00\" \/>\n<meta property=\"og:image\" content=\"https:\/\/produncan.cl\/wp-content\/uploads\/2022\/08\/Campo-Villa-Ortega-Coyhaique.webp\" \/>\n\t<meta property=\"og:image:width\" content=\"600\" \/>\n\t<meta property=\"og:image:height\" content=\"450\" \/>\n\t<meta property=\"og:image:type\" content=\"image\/webp\" \/>\n<meta name=\"twitter:card\" content=\"summary_large_image\" \/>\n<meta name=\"twitter:label1\" content=\"Price\" \/>\n\t<meta name=\"twitter:data1\" content=\"USD543.500,00\" \/>\n\t<meta name=\"twitter:label2\" content=\"Availability\" \/>\n\t<meta name=\"twitter:data2\" content=\"In stock\" \/>\n<script type=\"application\/ld+json\" class=\"yoast-schema-graph\">{\"@context\":\"https:\\\/\\\/schema.org\",\"@graph\":[{\"@type\":\"WebPage\",\"@id\":\"https:\\\/\\\/produncan.cl\\\/de\\\/produkt\\\/bauernhof-villa-ortega-93ha\\\/\",\"url\":\"https:\\\/\\\/produncan.cl\\\/de\\\/produkt\\\/bauernhof-villa-ortega-93ha\\\/\",\"name\":\"Feld in Villa Ortega \u2013 Region Ays\u00e9n - Produncan\",\"isPartOf\":{\"@id\":\"https:\\\/\\\/produncan.cl\\\/de\\\/#website\"},\"primaryImageOfPage\":{\"@id\":\"https:\\\/\\\/produncan.cl\\\/de\\\/produkt\\\/bauernhof-villa-ortega-93ha\\\/#primaryimage\"},\"image\":{\"@id\":\"https:\\\/\\\/produncan.cl\\\/de\\\/produkt\\\/bauernhof-villa-ortega-93ha\\\/#primaryimage\"},\"thumbnailUrl\":\"https:\\\/\\\/produncan.cl\\\/wp-content\\\/uploads\\\/2022\\\/08\\\/Campo-Villa-Ortega-Coyhaique.webp\",\"datePublished\":\"2022-08-03T20:44:54+00:00\",\"dateModified\":\"2025-12-26T20:29:22+00:00\",\"description\":\"93 ha Land mit einzigartiger Aussicht auf die patagonischen Ausl\u00e4ufer, 43 km n\u00f6rdlich von Coyhaique und 18 km von der Carretera Austral und Villa Ortega entfernt.\",\"breadcrumb\":{\"@id\":\"https:\\\/\\\/produncan.cl\\\/de\\\/produkt\\\/bauernhof-villa-ortega-93ha\\\/#breadcrumb\"},\"inLanguage\":\"de-DE\",\"potentialAction\":[{\"@type\":\"ReadAction\",\"target\":[\"https:\\\/\\\/produncan.cl\\\/de\\\/produkt\\\/bauernhof-villa-ortega-93ha\\\/\"]}]},{\"@type\":\"ImageObject\",\"inLanguage\":\"de-DE\",\"@id\":\"https:\\\/\\\/produncan.cl\\\/de\\\/produkt\\\/bauernhof-villa-ortega-93ha\\\/#primaryimage\",\"url\":\"https:\\\/\\\/produncan.cl\\\/wp-content\\\/uploads\\\/2022\\\/08\\\/Campo-Villa-Ortega-Coyhaique.webp\",\"contentUrl\":\"https:\\\/\\\/produncan.cl\\\/wp-content\\\/uploads\\\/2022\\\/08\\\/Campo-Villa-Ortega-Coyhaique.webp\",\"width\":600,\"height\":450},{\"@type\":\"BreadcrumbList\",\"@id\":\"https:\\\/\\\/produncan.cl\\\/de\\\/produkt\\\/bauernhof-villa-ortega-93ha\\\/#breadcrumb\",\"itemListElement\":[{\"@type\":\"ListItem\",\"position\":1,\"name\":\"Inicio\",\"item\":\"https:\\\/\\\/produncan.cl\\\/de\\\/\"},{\"@type\":\"ListItem\",\"position\":2,\"name\":\"Eigenschaften\",\"item\":\"https:\\\/\\\/produncan.cl\\\/propiedades\\\/\"},{\"@type\":\"ListItem\",\"position\":3,\"name\":\"Felder f\u00fcr die Erhaltung\",\"item\":\"https:\\\/\\\/produncan.cl\\\/de\\\/kategorie\\\/felder-fuer-den-schutz\\\/\"},{\"@type\":\"ListItem\",\"position\":4,\"name\":\"Feld in Villa Ortega \u2013 Region Ays\u00e9n\"}]},{\"@type\":\"WebSite\",\"@id\":\"https:\\\/\\\/produncan.cl\\\/de\\\/#website\",\"url\":\"https:\\\/\\\/produncan.cl\\\/de\\\/\",\"name\":\"Produncan\",\"description\":\"Wir begleiten Sie bei Ihrem Lebensprojekt!\",\"publisher\":{\"@id\":\"https:\\\/\\\/produncan.cl\\\/de\\\/#organization\"},\"potentialAction\":[{\"@type\":\"SearchAction\",\"target\":{\"@type\":\"EntryPoint\",\"urlTemplate\":\"https:\\\/\\\/produncan.cl\\\/de\\\/?s={search_term_string}\"},\"query-input\":{\"@type\":\"PropertyValueSpecification\",\"valueRequired\":true,\"valueName\":\"search_term_string\"}}],\"inLanguage\":\"de-DE\"},{\"@type\":\"Organization\",\"@id\":\"https:\\\/\\\/produncan.cl\\\/de\\\/#organization\",\"name\":\"Produncan\",\"url\":\"https:\\\/\\\/produncan.cl\\\/de\\\/\",\"logo\":{\"@type\":\"ImageObject\",\"inLanguage\":\"de-DE\",\"@id\":\"https:\\\/\\\/produncan.cl\\\/de\\\/#\\\/schema\\\/logo\\\/image\\\/\",\"url\":\"https:\\\/\\\/produncan.cl\\\/wp-content\\\/uploads\\\/2021\\\/03\\\/LOGO.jpeg\",\"contentUrl\":\"https:\\\/\\\/produncan.cl\\\/wp-content\\\/uploads\\\/2021\\\/03\\\/LOGO.jpeg\",\"width\":1280,\"height\":903,\"caption\":\"Produncan\"},\"image\":{\"@id\":\"https:\\\/\\\/produncan.cl\\\/de\\\/#\\\/schema\\\/logo\\\/image\\\/\"},\"sameAs\":[\"https:\\\/\\\/web.facebook.com\\\/produncanland\",\"https:\\\/\\\/www.instagram.com\\\/pro_duncan\\\/\",\"https:\\\/\\\/www.linkedin.com\\\/company\\\/produncan-lands\\\/\",\"https:\\\/\\\/www.youtube.com\\\/channel\\\/UCu7N-f3x0svkazD-Eew1-QQ\"],\"description\":\"En Produncan somos especialistas en la venta de terrenos en el sur de Chile. Proveemos estancias, campos, parcelas y hoteles.\",\"email\":\"info@produncan.cl\"}]}<\/script>\n<meta property=\"og:video\" content=\"https:\/\/www.youtube.com\/embed\/fpPN2K5YvKo\" \/>\n<meta property=\"og:video:type\" content=\"text\/html\" \/>\n<meta property=\"og:video:duration\" content=\"62\" \/>\n<meta property=\"og:video:width\" content=\"480\" \/>\n<meta property=\"og:video:height\" content=\"360\" \/>\n<meta property=\"ya:ovs:adult\" content=\"false\" \/>\n<meta property=\"ya:ovs:upload_date\" content=\"2022-08-03T20:44:54+00:00\" \/>\n<meta property=\"ya:ovs:allow_embed\" content=\"true\" \/>\n<meta property=\"product:price:amount\" content=\"543500.00\" \/>\n<meta property=\"product:price:currency\" content=\"USD\" \/>\n<meta property=\"og:availability\" content=\"instock\" \/>\n<meta property=\"product:availability\" content=\"instock\" \/>\n<meta property=\"product:condition\" content=\"new\" \/>\n<!-- \/ Yoast SEO Premium plugin. -->","yoast_head_json":{"title":"Feld in Villa Ortega \u2013 Region Ays\u00e9n - Produncan","description":"93 ha Land mit einzigartiger Aussicht auf die patagonischen Ausl\u00e4ufer, 43 km n\u00f6rdlich von Coyhaique und 18 km von der Carretera Austral und Villa Ortega entfernt.","robots":{"index":"index","follow":"follow","max-snippet":"max-snippet:-1","max-image-preview":"max-image-preview:large","max-video-preview":"max-video-preview:-1"},"canonical":"https:\/\/produncan.cl\/de\/produkt\/bauernhof-villa-ortega-93ha\/","og_locale":"de_DE","og_type":"article","og_title":"Feld in Villa Ortega \u2013 Region Ays\u00e9n","og_description":"93 ha Land mit einzigartiger Aussicht auf die patagonischen Ausl\u00e4ufer, 43 km n\u00f6rdlich von Coyhaique und 18 km von der Carretera Austral und Villa Ortega entfernt.","og_url":"https:\/\/produncan.cl\/de\/produkt\/bauernhof-villa-ortega-93ha\/","og_site_name":"Produncan","article_publisher":"https:\/\/web.facebook.com\/produncanland","article_modified_time":"2025-12-26T20:29:22+00:00","og_image":[{"width":600,"height":450,"url":"https:\/\/produncan.cl\/wp-content\/uploads\/2022\/08\/Campo-Villa-Ortega-Coyhaique.webp","type":"image\/webp"}],"twitter_card":"summary_large_image","twitter_misc":{"Price":"USD543.500,00","Availability":"In stock"},"schema":{"@context":"https:\/\/schema.org","@graph":[{"@type":"WebPage","@id":"https:\/\/produncan.cl\/de\/produkt\/bauernhof-villa-ortega-93ha\/","url":"https:\/\/produncan.cl\/de\/produkt\/bauernhof-villa-ortega-93ha\/","name":"Feld in Villa Ortega \u2013 Region Ays\u00e9n - Produncan","isPartOf":{"@id":"https:\/\/produncan.cl\/de\/#website"},"primaryImageOfPage":{"@id":"https:\/\/produncan.cl\/de\/produkt\/bauernhof-villa-ortega-93ha\/#primaryimage"},"image":{"@id":"https:\/\/produncan.cl\/de\/produkt\/bauernhof-villa-ortega-93ha\/#primaryimage"},"thumbnailUrl":"https:\/\/produncan.cl\/wp-content\/uploads\/2022\/08\/Campo-Villa-Ortega-Coyhaique.webp","datePublished":"2022-08-03T20:44:54+00:00","dateModified":"2025-12-26T20:29:22+00:00","description":"93 ha Land mit einzigartiger Aussicht auf die patagonischen Ausl\u00e4ufer, 43 km n\u00f6rdlich von Coyhaique und 18 km von der Carretera Austral und Villa Ortega entfernt.","breadcrumb":{"@id":"https:\/\/produncan.cl\/de\/produkt\/bauernhof-villa-ortega-93ha\/#breadcrumb"},"inLanguage":"de-DE","potentialAction":[{"@type":"ReadAction","target":["https:\/\/produncan.cl\/de\/produkt\/bauernhof-villa-ortega-93ha\/"]}]},{"@type":"ImageObject","inLanguage":"de-DE","@id":"https:\/\/produncan.cl\/de\/produkt\/bauernhof-villa-ortega-93ha\/#primaryimage","url":"https:\/\/produncan.cl\/wp-content\/uploads\/2022\/08\/Campo-Villa-Ortega-Coyhaique.webp","contentUrl":"https:\/\/produncan.cl\/wp-content\/uploads\/2022\/08\/Campo-Villa-Ortega-Coyhaique.webp","width":600,"height":450},{"@type":"BreadcrumbList","@id":"https:\/\/produncan.cl\/de\/produkt\/bauernhof-villa-ortega-93ha\/#breadcrumb","itemListElement":[{"@type":"ListItem","position":1,"name":"Inicio","item":"https:\/\/produncan.cl\/de\/"},{"@type":"ListItem","position":2,"name":"Eigenschaften","item":"https:\/\/produncan.cl\/propiedades\/"},{"@type":"ListItem","position":3,"name":"Felder f\u00fcr die Erhaltung","item":"https:\/\/produncan.cl\/de\/kategorie\/felder-fuer-den-schutz\/"},{"@type":"ListItem","position":4,"name":"Feld in Villa Ortega \u2013 Region Ays\u00e9n"}]},{"@type":"WebSite","@id":"https:\/\/produncan.cl\/de\/#website","url":"https:\/\/produncan.cl\/de\/","name":"Produncan","description":"Wir begleiten Sie bei Ihrem Lebensprojekt!","publisher":{"@id":"https:\/\/produncan.cl\/de\/#organization"},"potentialAction":[{"@type":"SearchAction","target":{"@type":"EntryPoint","urlTemplate":"https:\/\/produncan.cl\/de\/?s={search_term_string}"},"query-input":{"@type":"PropertyValueSpecification","valueRequired":true,"valueName":"search_term_string"}}],"inLanguage":"de-DE"},{"@type":"Organization","@id":"https:\/\/produncan.cl\/de\/#organization","name":"Produncan","url":"https:\/\/produncan.cl\/de\/","logo":{"@type":"ImageObject","inLanguage":"de-DE","@id":"https:\/\/produncan.cl\/de\/#\/schema\/logo\/image\/","url":"https:\/\/produncan.cl\/wp-content\/uploads\/2021\/03\/LOGO.jpeg","contentUrl":"https:\/\/produncan.cl\/wp-content\/uploads\/2021\/03\/LOGO.jpeg","width":1280,"height":903,"caption":"Produncan"},"image":{"@id":"https:\/\/produncan.cl\/de\/#\/schema\/logo\/image\/"},"sameAs":["https:\/\/web.facebook.com\/produncanland","https:\/\/www.instagram.com\/pro_duncan\/","https:\/\/www.linkedin.com\/company\/produncan-lands\/","https:\/\/www.youtube.com\/channel\/UCu7N-f3x0svkazD-Eew1-QQ"],"description":"En Produncan somos especialistas en la venta de terrenos en el sur de Chile. Proveemos estancias, campos, parcelas y hoteles.","email":"info@produncan.cl"}]},"og_video":"https:\/\/www.youtube.com\/embed\/fpPN2K5YvKo","og_video_type":"text\/html","og_video_duration":"62","og_video_width":"480","og_video_height":"360","ya_ovs_adult":"false","ya_ovs_upload_date":"2022-08-03T20:44:54+00:00","ya_ovs_allow_embed":"true","product_price_amount":"543500.00","product_price_currency":"USD","og_availability":"instock","product_availability":"instock","product_condition":"new"},"_links":{"self":[{"href":"https:\/\/produncan.cl\/de\/wp-json\/wp\/v2\/product\/8618","targetHints":{"allow":["GET"]}}],"collection":[{"href":"https:\/\/produncan.cl\/de\/wp-json\/wp\/v2\/product"}],"about":[{"href":"https:\/\/produncan.cl\/de\/wp-json\/wp\/v2\/types\/product"}],"version-history":[{"count":2,"href":"https:\/\/produncan.cl\/de\/wp-json\/wp\/v2\/product\/8618\/revisions"}],"predecessor-version":[{"id":54265,"href":"https:\/\/produncan.cl\/de\/wp-json\/wp\/v2\/product\/8618\/revisions\/54265"}],"wp:featuredmedia":[{"embeddable":true,"href":"https:\/\/produncan.cl\/de\/wp-json\/wp\/v2\/media\/6154"}],"wp:attachment":[{"href":"https:\/\/produncan.cl\/de\/wp-json\/wp\/v2\/media?parent=8618"}],"wp:term":[{"taxonomy":"product_brand","embeddable":true,"href":"https:\/\/produncan.cl\/de\/wp-json\/wp\/v2\/product_brand?post=8618"},{"taxonomy":"product_cat","embeddable":true,"href":"https:\/\/produncan.cl\/de\/wp-json\/wp\/v2\/product_cat?post=8618"},{"taxonomy":"product_tag","embeddable":true,"href":"https:\/\/produncan.cl\/de\/wp-json\/wp\/v2\/product_tag?post=8618"},{"taxonomy":"regiones","embeddable":true,"href":"https:\/\/produncan.cl\/de\/wp-json\/wp\/v2\/regiones?post=8618"},{"taxonomy":"ciudades","embeddable":true,"href":"https:\/\/produncan.cl\/de\/wp-json\/wp\/v2\/ciudades?post=8618"}],"curies":[{"name":"wp","href":"https:\/\/api.w.org\/{rel}","templated":true}]}}