{"id":8621,"date":"2024-05-05T17:23:53","date_gmt":"2024-05-05T21:23:53","guid":{"rendered":"https:\/\/produncan.cl\/producto\/tipaume-feld-9ha\/"},"modified":"2025-08-18T16:57:00","modified_gmt":"2025-08-18T20:57:00","slug":"tipaume-feld-9ha","status":"publish","type":"product","link":"https:\/\/produncan.cl\/de\/produkt\/tipaume-feld-9ha\/","title":{"rendered":"Landleben in Rengo &#8211; Tipaume, Region O&#8217;Higgins"},"content":{"rendered":"\t\t<div data-elementor-type=\"product-post\" data-elementor-id=\"8621\" class=\"elementor elementor-8621 elementor-2574\" data-elementor-post-type=\"product\">\n\t\t\t\t<div class=\"elementor-element elementor-element-fec7696 e-flex e-con-boxed e-con e-parent\" data-id=\"fec7696\" data-element_type=\"container\" data-e-type=\"container\" data-settings=\"{&quot;jet_parallax_layout_list&quot;:[]}\">\n\t\t\t\t\t<div class=\"e-con-inner\">\n\t\t\t\t<div class=\"elementor-element elementor-element-53d7b79 elementor-widget elementor-widget-heading\" data-id=\"53d7b79\" data-element_type=\"widget\" data-e-type=\"widget\" data-widget_type=\"heading.default\">\n\t\t\t\t\t<h2 class=\"elementor-heading-title elementor-size-default\">Ein Feld in Rengo Ideal f\u00fcr Ihre besten Jahre!<\/h2>\t\t\t\t<\/div>\n\t\t\t\t\t<\/div>\n\t\t\t\t<\/div>\n\t\t<div class=\"elementor-element elementor-element-edf5eb0 e-flex e-con-boxed e-con e-parent\" data-id=\"edf5eb0\" data-element_type=\"container\" data-e-type=\"container\" data-settings=\"{&quot;jet_parallax_layout_list&quot;:[]}\">\n\t\t\t\t\t<div class=\"e-con-inner\">\n\t\t<div class=\"elementor-element elementor-element-fd2f2a7 e-con-full e-flex e-con e-child\" data-id=\"fd2f2a7\" data-element_type=\"container\" data-e-type=\"container\" data-settings=\"{&quot;jet_parallax_layout_list&quot;:[]}\">\n\t\t\t\t<div class=\"elementor-element elementor-element-14b4560 elementor-widget elementor-widget-text-editor\" data-id=\"14b4560\" data-element_type=\"widget\" data-e-type=\"widget\" data-widget_type=\"text-editor.default\">\n\t\t\t\t\t\t\t\t\t<p>Wir laden Sie in ein wundersch\u00f6nes Herrenhaus ein, das in einem gro\u00dfen Park liegt. Auf diesem Feld in Rengo werden auf einer Fl\u00e4che von 9 Hektar Mandelb\u00e4ume gepflanzt. Der Standort ist ideal f\u00fcr ein thematisches Tourismusprojekt, f\u00fcr Freizeit, Erholung oder Wohnen.<\/p>\n<p><span style=\"text-align: var(--text-align);\">Das Camp in Rengo, Sektor Tipaume ist 1:30 Stunden von Santiago entfernt.<\/span><span style=\"color: var( --e-global-color-text ); font-family: var( --e-global-typography-text-font-family ), Sans-serif; font-weight: var( --e-global-typography-text-font-weight ); text-align: var(--text-align);\">Es hat ein gro\u00dfes Haus von etwa 600m\u00b2. Es befindet sich in einem 1,5 Hektar gro\u00dfen Park.<\/span><\/p>\n<p><strong style=\"color: var( --e-global-color-text ); text-align: var(--text-align);\">Beschreibung des Hauses<\/strong><\/p>\n<p>Das Haus ist in zwei unabh\u00e4ngige Wohntrakte (oder Abschnitte), eine Au\u00dfenwohnung und einen Keller unterteilt. Sie teilen sich die K\u00fcche, das Esszimmer, das Hauptwohnzimmer und eine gro\u00dfe Eingangsgalerie mit einem sch\u00f6nen Buntglasfenster.<\/p>\n<p><span style=\"color: var( --e-global-color-text ); font-family: var( --e-global-typography-text-font-family ), Sans-serif; font-weight: var( --e-global-typography-text-font-weight ); text-align: var(--text-align);\">Der erste Fl\u00fcgel hat ein Wohnzimmer mit Kamin, ein Schlafzimmer mit eigenem Bad, zwei Schlafzimmer und ein Badezimmer. Der zweite Fl\u00fcgel hat eine Eingangsgalerie mit Kamin, zwei Schlafzimmer mit eigenem Bad, zwei Schlafzimmer und ein Badezimmer. Die Au\u00dfenwohnung verf\u00fcgt \u00fcber zwei Schlafzimmer, ein Badezimmer, einen Abstellraum im Freien und einen Waschraum.<\/span><\/p>\n<p><span style=\"color: var( --e-global-color-text ); font-family: var( --e-global-typography-text-font-family ), Sans-serif; font-weight: var( --e-global-typography-text-font-weight ); text-align: var(--text-align);\">Das Haus verf\u00fcgt \u00fcber vier \u00fcberdachte Flure, eine gro\u00dfe Terrasse mit Sichtbalken und Panoramablick auf den Park und eine weitere Terrasse f\u00fcr den Sommer mit Zugang zum Schwimmbad.<\/span><\/p>\n<p><strong style=\"color: var( --e-global-color-text ); text-align: var(--text-align);\">Feld und Ausr\u00fcstung<\/strong><\/p>\n<p>Der Hof verf\u00fcgt au\u00dferdem \u00fcber ein Hausmeisterhaus von ca. 60 m\u00b2, drei Pferdest\u00e4lle und einen geschlossenen H\u00fchnerstall von ca. 9 m\u00b2.<\/p>\n<p><span style=\"color: var( --e-global-color-text ); font-family: var( --e-global-typography-text-font-family ), Sans-serif; font-weight: var( --e-global-typography-text-font-weight ); text-align: var(--text-align);\">Der Bauernhof wird hinter verschlossenen T\u00fcren verkauft, das Haus wird m\u00f6bliert verkauft mit Betten, Wohnzimmerm\u00f6beln, Esszimmer f\u00fcr 20 Personen, St\u00fchlen, K\u00fcche, Holzherd, K\u00fchlschrank, Waschmaschine, langsamer Verbrennungsherd, usw. Ein Teil der Dekoration und einige Erinnerungsst\u00fccke der Familie sind nicht enthalten.<\/span><\/p>\n<p><span style=\"color: var( --e-global-color-text ); font-family: var( --e-global-typography-text-font-family ), Sans-serif; font-weight: var( --e-global-typography-text-font-weight ); text-align: var(--text-align);\">Der Verkauf umfasst einen 20-Fu\u00df-Container, der als Lager genutzt wird, sowie alle f\u00fcr die landwirtschaftliche Bewirtschaftung erforderlichen Maschinen:<\/span><\/p>\n<ul>\n<li>Trolley<\/li>\n<li>Traktor<\/li>\n<li>Egge<\/li>\n<li>Sprayer<\/li>\n<li>Vernebler<\/li>\n<li>Furchenwalze<\/li>\n<li>Ein Frosch, usw.<\/li>\n<\/ul>\n<div>&nbsp;<\/div>\n<p>Au\u00dferdem werden alle kleineren Maschinen f\u00fcr die Gartenpflege (Rasentraktor, R\u00fcckentraktoren, Gebl\u00e4se, Unkrautschneider, Schaufeln, Unkrautstecher usw.) zur\u00fcckgelassen.<\/p>\n<p><span style=\"color: var( --e-global-color-text ); font-family: var( --e-global-typography-text-font-family ), Sans-serif; font-weight: var( --e-global-typography-text-font-weight ); text-align: var(--text-align);\">Der landwirtschaftliche Bereich, der an den Naturpark und das Herrenhaus<\/span> <span style=\"color: var( --e-global-color-text ); font-family: var( --e-global-typography-text-font-family ), Sans-serif; font-weight: var( --e-global-typography-text-font-weight ); text-align: var(--text-align);\">angrenzt, besteht aus einer 7,5 Hektar gro\u00dfen Mandelbaumplantage, die sich in voller Produktion befindet und sehr gut bewirtschaftet wird.<\/span><\/p>\n<p><span style=\"color: var( --e-global-color-text ); font-family: var( --e-global-typography-text-font-family ), Sans-serif; font-weight: var( --e-global-typography-text-font-weight ); text-align: var(--text-align);\">Das Bew\u00e4sserungssystem ist eine Furchenbew\u00e4sserung. Der Verkauf des Grundst\u00fccks umfasst die eingetragenen Wasserrechte von drei Kan\u00e4len, die f\u00fcr die Bew\u00e4sserung des gesamten Obstgartens ausreichen.<\/span><\/p>\n<p><span style=\"color: var( --e-global-color-text ); font-family: var( --e-global-typography-text-font-family ), Sans-serif; font-weight: var( --e-global-typography-text-font-weight ); text-align: var(--text-align);\">Das Grundst\u00fcck verf\u00fcgt \u00fcber einen Brunnen zur Trinkwasserversorgung der H\u00e4user und einen 43 Meter tiefen Brunnen.<\/span><\/p>\n<p><strong style=\"color: var( --e-global-color-text ); text-align: var(--text-align);\">Zugang, Verbindung und N\u00e4he<\/strong><\/p>\n<p>Der Bauernhof in Rengo ist von der Route 5 (ca. km 106) \u00fcber eine asphaltierte Stra\u00dfe und eine ca. 900 m lange Schotterstra\u00dfe in gutem Zustand gut erreichbar. Es gibt ein gutes Telekommunikationssignal und einphasigen Strom, der von CGE bereitgestellt wird.<\/p>\n<p><span style=\"color: var( --e-global-color-text ); font-family: var( --e-global-typography-text-font-family ), Sans-serif; font-weight: var( --e-global-typography-text-font-weight ); text-align: var(--text-align);\">In der N\u00e4he des Camps befindet sich das Tipaume-Reservat, ein gro\u00dfer \u00f6kologischer Schutzpark, in dem man Trekking und Mountainbiking betreiben kann. Im Naturschutzgebiet gibt es einen Olivenhain und eine alte Oliven\u00f6lfabrik.<\/span><\/p>\n<p><span style=\"color: var( --e-global-color-text ); font-family: var( --e-global-typography-text-font-family ), Sans-serif; font-weight: var( --e-global-typography-text-font-weight ); text-align: var(--text-align);\">Sein Preis betr\u00e4gt UF33.000<\/span><\/p>\n<p><span style=\"color: var( --e-global-color-text ); font-family: var( --e-global-typography-text-font-family ), Sans-serif; font-weight: var( --e-global-typography-text-font-weight ); text-align: var(--text-align);\">WENN SIE IHR LEBEN VER\u00c4NDERN UND EINEN EIGENEN GEM\u00dcSEGARTEN HABEN WOLLEN, DANN VERSCHWENDEN SIE KEINE ZEIT UND KONTAKTIEREN SIE UNS, UM DIESES SCH\u00d6NE GRUNDST\u00dcCK KENNENZULERNEN!<\/span><\/p>\t\t\t\t\t\t\t\t<\/div>\n\t\t\t\t<\/div>\n\t\t\t\t\t<\/div>\n\t\t\t\t<\/div>\n\t\t\t\t<\/div>\n\t\t","protected":false},"excerpt":{"rendered":"<p>Feld in Rengo von 9 Hektar. 600 m\u00b2 gro\u00dfes Herrenhaus in einem Naturpark von 1,5 ha. 7,5 Hektar Mandelb\u00e4ume, alle Dienstleistungen und guten Zugang.<\/p>\n","protected":false},"featured_media":45062,"template":"","meta":{"_acf_changed":false},"product_brand":[],"product_cat":[163],"product_tag":[235,232,231],"regiones":[227],"ciudades":[224],"class_list":{"0":"post-8621","1":"product","2":"type-product","3":"status-publish","4":"has-post-thumbnail","6":"product_cat-valparaiso-maule-de","7":"product_tag-felder","8":"product_tag-grundstuecke","9":"product_tag-touristische-immobilien","10":"regiones-valparaiso-maule","11":"ciudades-rengo","13":"first","14":"outofstock","15":"shipping-taxable","16":"purchasable","17":"product-type-simple"},"acf":[],"yoast_head":"<!-- This site is optimized with the Yoast SEO Premium plugin v26.0 (Yoast SEO v27.3) - https:\/\/yoast.com\/product\/yoast-seo-premium-wordpress\/ -->\n<title>Feld in Rengo - Tipaume - O&#039;Higgins Region - Produncan<\/title>\n<meta name=\"description\" content=\"Bauernhof in Rengo mit einem Landhaus in einem Naturpark, angrenzend an eine Mandelplantage, alles auf einem Grundst\u00fcck von 9 ha.\" \/>\n<meta name=\"robots\" content=\"index, follow, max-snippet:-1, max-image-preview:large, max-video-preview:-1\" \/>\n<link rel=\"canonical\" href=\"https:\/\/produncan.cl\/de\/produkt\/tipaume-feld-9ha\/\" \/>\n<meta property=\"og:locale\" content=\"de_DE\" \/>\n<meta property=\"og:type\" content=\"article\" \/>\n<meta property=\"og:title\" content=\"Landleben in Rengo - Tipaume, Region O&#039;Higgins\" \/>\n<meta property=\"og:description\" content=\"Bauernhof in Rengo mit einem Landhaus in einem Naturpark, angrenzend an eine Mandelplantage, alles auf einem Grundst\u00fcck von 9 ha.\" \/>\n<meta property=\"og:url\" content=\"https:\/\/produncan.cl\/de\/produkt\/tipaume-feld-9ha\/\" \/>\n<meta property=\"og:site_name\" content=\"Produncan\" \/>\n<meta property=\"article:publisher\" content=\"https:\/\/web.facebook.com\/produncanland\" \/>\n<meta property=\"article:modified_time\" content=\"2025-08-18T20:57:00+00:00\" \/>\n<meta property=\"og:image\" content=\"https:\/\/produncan.cl\/wp-content\/uploads\/2024\/05\/campito-tipaume-vendido.webp\" \/>\n\t<meta property=\"og:image:width\" content=\"600\" \/>\n\t<meta property=\"og:image:height\" content=\"450\" \/>\n\t<meta property=\"og:image:type\" content=\"image\/webp\" \/>\n<meta name=\"twitter:card\" content=\"summary_large_image\" \/>\n<meta name=\"twitter:label1\" content=\"Price\" \/>\n\t<meta name=\"twitter:data1\" content=\"USD1.364.200,00\" \/>\n\t<meta name=\"twitter:label2\" content=\"Availability\" \/>\n\t<meta name=\"twitter:data2\" content=\"Out of stock\" \/>\n<script type=\"application\/ld+json\" class=\"yoast-schema-graph\">{\"@context\":\"https:\\\/\\\/schema.org\",\"@graph\":[{\"@type\":\"WebPage\",\"@id\":\"https:\\\/\\\/produncan.cl\\\/de\\\/produkt\\\/tipaume-feld-9ha\\\/\",\"url\":\"https:\\\/\\\/produncan.cl\\\/de\\\/produkt\\\/tipaume-feld-9ha\\\/\",\"name\":\"Feld in Rengo - Tipaume - O'Higgins Region - Produncan\",\"isPartOf\":{\"@id\":\"https:\\\/\\\/produncan.cl\\\/de\\\/#website\"},\"primaryImageOfPage\":{\"@id\":\"https:\\\/\\\/produncan.cl\\\/de\\\/produkt\\\/tipaume-feld-9ha\\\/#primaryimage\"},\"image\":{\"@id\":\"https:\\\/\\\/produncan.cl\\\/de\\\/produkt\\\/tipaume-feld-9ha\\\/#primaryimage\"},\"thumbnailUrl\":\"https:\\\/\\\/produncan.cl\\\/wp-content\\\/uploads\\\/2024\\\/05\\\/campito-tipaume-vendido.webp\",\"datePublished\":\"2024-05-05T21:23:53+00:00\",\"dateModified\":\"2025-08-18T20:57:00+00:00\",\"description\":\"Bauernhof in Rengo mit einem Landhaus in einem Naturpark, angrenzend an eine Mandelplantage, alles auf einem Grundst\u00fcck von 9 ha.\",\"breadcrumb\":{\"@id\":\"https:\\\/\\\/produncan.cl\\\/de\\\/produkt\\\/tipaume-feld-9ha\\\/#breadcrumb\"},\"inLanguage\":\"de-DE\",\"potentialAction\":[{\"@type\":\"ReadAction\",\"target\":[\"https:\\\/\\\/produncan.cl\\\/de\\\/produkt\\\/tipaume-feld-9ha\\\/\"]}]},{\"@type\":\"ImageObject\",\"inLanguage\":\"de-DE\",\"@id\":\"https:\\\/\\\/produncan.cl\\\/de\\\/produkt\\\/tipaume-feld-9ha\\\/#primaryimage\",\"url\":\"https:\\\/\\\/produncan.cl\\\/wp-content\\\/uploads\\\/2024\\\/05\\\/campito-tipaume-vendido.webp\",\"contentUrl\":\"https:\\\/\\\/produncan.cl\\\/wp-content\\\/uploads\\\/2024\\\/05\\\/campito-tipaume-vendido.webp\",\"width\":600,\"height\":450},{\"@type\":\"BreadcrumbList\",\"@id\":\"https:\\\/\\\/produncan.cl\\\/de\\\/produkt\\\/tipaume-feld-9ha\\\/#breadcrumb\",\"itemListElement\":[{\"@type\":\"ListItem\",\"position\":1,\"name\":\"Inicio\",\"item\":\"https:\\\/\\\/produncan.cl\\\/de\\\/\"},{\"@type\":\"ListItem\",\"position\":2,\"name\":\"Eigenschaften\",\"item\":\"https:\\\/\\\/produncan.cl\\\/propiedades\\\/\"},{\"@type\":\"ListItem\",\"position\":3,\"name\":\"Felder\",\"item\":\"https:\\\/\\\/produncan.cl\\\/de\\\/kategorie\\\/felder\\\/\"},{\"@type\":\"ListItem\",\"position\":4,\"name\":\"Landleben in Rengo &#8211; Tipaume, Region O&#8217;Higgins\"}]},{\"@type\":\"WebSite\",\"@id\":\"https:\\\/\\\/produncan.cl\\\/de\\\/#website\",\"url\":\"https:\\\/\\\/produncan.cl\\\/de\\\/\",\"name\":\"Produncan\",\"description\":\"Wir begleiten Sie bei Ihrem Lebensprojekt!\",\"publisher\":{\"@id\":\"https:\\\/\\\/produncan.cl\\\/de\\\/#organization\"},\"potentialAction\":[{\"@type\":\"SearchAction\",\"target\":{\"@type\":\"EntryPoint\",\"urlTemplate\":\"https:\\\/\\\/produncan.cl\\\/de\\\/?s={search_term_string}\"},\"query-input\":{\"@type\":\"PropertyValueSpecification\",\"valueRequired\":true,\"valueName\":\"search_term_string\"}}],\"inLanguage\":\"de-DE\"},{\"@type\":\"Organization\",\"@id\":\"https:\\\/\\\/produncan.cl\\\/de\\\/#organization\",\"name\":\"Produncan\",\"url\":\"https:\\\/\\\/produncan.cl\\\/de\\\/\",\"logo\":{\"@type\":\"ImageObject\",\"inLanguage\":\"de-DE\",\"@id\":\"https:\\\/\\\/produncan.cl\\\/de\\\/#\\\/schema\\\/logo\\\/image\\\/\",\"url\":\"https:\\\/\\\/produncan.cl\\\/wp-content\\\/uploads\\\/2021\\\/03\\\/LOGO.jpeg\",\"contentUrl\":\"https:\\\/\\\/produncan.cl\\\/wp-content\\\/uploads\\\/2021\\\/03\\\/LOGO.jpeg\",\"width\":1280,\"height\":903,\"caption\":\"Produncan\"},\"image\":{\"@id\":\"https:\\\/\\\/produncan.cl\\\/de\\\/#\\\/schema\\\/logo\\\/image\\\/\"},\"sameAs\":[\"https:\\\/\\\/web.facebook.com\\\/produncanland\",\"https:\\\/\\\/www.instagram.com\\\/pro_duncan\\\/\",\"https:\\\/\\\/www.linkedin.com\\\/company\\\/produncan-lands\\\/\",\"https:\\\/\\\/www.youtube.com\\\/channel\\\/UCu7N-f3x0svkazD-Eew1-QQ\"],\"description\":\"En Produncan somos especialistas en la venta de terrenos en el sur de Chile. Proveemos estancias, campos, parcelas y hoteles.\",\"email\":\"info@produncan.cl\"}]}<\/script>\n<meta property=\"og:video\" content=\"https:\/\/www.youtube.com\/embed\/cu9iSXFTfI0\" \/>\n<meta property=\"og:video:type\" content=\"text\/html\" \/>\n<meta property=\"og:video:duration\" content=\"61\" \/>\n<meta property=\"og:video:width\" content=\"480\" \/>\n<meta property=\"og:video:height\" content=\"360\" \/>\n<meta property=\"ya:ovs:adult\" content=\"false\" \/>\n<meta property=\"ya:ovs:upload_date\" content=\"2024-05-05T21:23:53+00:00\" \/>\n<meta property=\"ya:ovs:allow_embed\" content=\"true\" \/>\n<meta property=\"product:price:amount\" content=\"1364200.00\" \/>\n<meta property=\"product:price:currency\" content=\"USD\" \/>\n<meta property=\"og:availability\" content=\"out of stock\" \/>\n<meta property=\"product:availability\" content=\"out of stock\" \/>\n<meta property=\"product:condition\" content=\"new\" \/>\n<!-- \/ Yoast SEO Premium plugin. -->","yoast_head_json":{"title":"Feld in Rengo - Tipaume - O'Higgins Region - Produncan","description":"Bauernhof in Rengo mit einem Landhaus in einem Naturpark, angrenzend an eine Mandelplantage, alles auf einem Grundst\u00fcck von 9 ha.","robots":{"index":"index","follow":"follow","max-snippet":"max-snippet:-1","max-image-preview":"max-image-preview:large","max-video-preview":"max-video-preview:-1"},"canonical":"https:\/\/produncan.cl\/de\/produkt\/tipaume-feld-9ha\/","og_locale":"de_DE","og_type":"article","og_title":"Landleben in Rengo - Tipaume, Region O'Higgins","og_description":"Bauernhof in Rengo mit einem Landhaus in einem Naturpark, angrenzend an eine Mandelplantage, alles auf einem Grundst\u00fcck von 9 ha.","og_url":"https:\/\/produncan.cl\/de\/produkt\/tipaume-feld-9ha\/","og_site_name":"Produncan","article_publisher":"https:\/\/web.facebook.com\/produncanland","article_modified_time":"2025-08-18T20:57:00+00:00","og_image":[{"width":600,"height":450,"url":"https:\/\/produncan.cl\/wp-content\/uploads\/2024\/05\/campito-tipaume-vendido.webp","type":"image\/webp"}],"twitter_card":"summary_large_image","twitter_misc":{"Price":"USD1.364.200,00","Availability":"Out of stock"},"schema":{"@context":"https:\/\/schema.org","@graph":[{"@type":"WebPage","@id":"https:\/\/produncan.cl\/de\/produkt\/tipaume-feld-9ha\/","url":"https:\/\/produncan.cl\/de\/produkt\/tipaume-feld-9ha\/","name":"Feld in Rengo - Tipaume - O'Higgins Region - Produncan","isPartOf":{"@id":"https:\/\/produncan.cl\/de\/#website"},"primaryImageOfPage":{"@id":"https:\/\/produncan.cl\/de\/produkt\/tipaume-feld-9ha\/#primaryimage"},"image":{"@id":"https:\/\/produncan.cl\/de\/produkt\/tipaume-feld-9ha\/#primaryimage"},"thumbnailUrl":"https:\/\/produncan.cl\/wp-content\/uploads\/2024\/05\/campito-tipaume-vendido.webp","datePublished":"2024-05-05T21:23:53+00:00","dateModified":"2025-08-18T20:57:00+00:00","description":"Bauernhof in Rengo mit einem Landhaus in einem Naturpark, angrenzend an eine Mandelplantage, alles auf einem Grundst\u00fcck von 9 ha.","breadcrumb":{"@id":"https:\/\/produncan.cl\/de\/produkt\/tipaume-feld-9ha\/#breadcrumb"},"inLanguage":"de-DE","potentialAction":[{"@type":"ReadAction","target":["https:\/\/produncan.cl\/de\/produkt\/tipaume-feld-9ha\/"]}]},{"@type":"ImageObject","inLanguage":"de-DE","@id":"https:\/\/produncan.cl\/de\/produkt\/tipaume-feld-9ha\/#primaryimage","url":"https:\/\/produncan.cl\/wp-content\/uploads\/2024\/05\/campito-tipaume-vendido.webp","contentUrl":"https:\/\/produncan.cl\/wp-content\/uploads\/2024\/05\/campito-tipaume-vendido.webp","width":600,"height":450},{"@type":"BreadcrumbList","@id":"https:\/\/produncan.cl\/de\/produkt\/tipaume-feld-9ha\/#breadcrumb","itemListElement":[{"@type":"ListItem","position":1,"name":"Inicio","item":"https:\/\/produncan.cl\/de\/"},{"@type":"ListItem","position":2,"name":"Eigenschaften","item":"https:\/\/produncan.cl\/propiedades\/"},{"@type":"ListItem","position":3,"name":"Felder","item":"https:\/\/produncan.cl\/de\/kategorie\/felder\/"},{"@type":"ListItem","position":4,"name":"Landleben in Rengo &#8211; Tipaume, Region O&#8217;Higgins"}]},{"@type":"WebSite","@id":"https:\/\/produncan.cl\/de\/#website","url":"https:\/\/produncan.cl\/de\/","name":"Produncan","description":"Wir begleiten Sie bei Ihrem Lebensprojekt!","publisher":{"@id":"https:\/\/produncan.cl\/de\/#organization"},"potentialAction":[{"@type":"SearchAction","target":{"@type":"EntryPoint","urlTemplate":"https:\/\/produncan.cl\/de\/?s={search_term_string}"},"query-input":{"@type":"PropertyValueSpecification","valueRequired":true,"valueName":"search_term_string"}}],"inLanguage":"de-DE"},{"@type":"Organization","@id":"https:\/\/produncan.cl\/de\/#organization","name":"Produncan","url":"https:\/\/produncan.cl\/de\/","logo":{"@type":"ImageObject","inLanguage":"de-DE","@id":"https:\/\/produncan.cl\/de\/#\/schema\/logo\/image\/","url":"https:\/\/produncan.cl\/wp-content\/uploads\/2021\/03\/LOGO.jpeg","contentUrl":"https:\/\/produncan.cl\/wp-content\/uploads\/2021\/03\/LOGO.jpeg","width":1280,"height":903,"caption":"Produncan"},"image":{"@id":"https:\/\/produncan.cl\/de\/#\/schema\/logo\/image\/"},"sameAs":["https:\/\/web.facebook.com\/produncanland","https:\/\/www.instagram.com\/pro_duncan\/","https:\/\/www.linkedin.com\/company\/produncan-lands\/","https:\/\/www.youtube.com\/channel\/UCu7N-f3x0svkazD-Eew1-QQ"],"description":"En Produncan somos especialistas en la venta de terrenos en el sur de Chile. Proveemos estancias, campos, parcelas y hoteles.","email":"info@produncan.cl"}]},"og_video":"https:\/\/www.youtube.com\/embed\/cu9iSXFTfI0","og_video_type":"text\/html","og_video_duration":"61","og_video_width":"480","og_video_height":"360","ya_ovs_adult":"false","ya_ovs_upload_date":"2024-05-05T21:23:53+00:00","ya_ovs_allow_embed":"true","product_price_amount":"1364200.00","product_price_currency":"USD","og_availability":"out of stock","product_availability":"out of stock","product_condition":"new"},"_links":{"self":[{"href":"https:\/\/produncan.cl\/de\/wp-json\/wp\/v2\/product\/8621","targetHints":{"allow":["GET"]}}],"collection":[{"href":"https:\/\/produncan.cl\/de\/wp-json\/wp\/v2\/product"}],"about":[{"href":"https:\/\/produncan.cl\/de\/wp-json\/wp\/v2\/types\/product"}],"version-history":[{"count":0,"href":"https:\/\/produncan.cl\/de\/wp-json\/wp\/v2\/product\/8621\/revisions"}],"wp:featuredmedia":[{"embeddable":true,"href":"https:\/\/produncan.cl\/de\/wp-json\/wp\/v2\/media\/45062"}],"wp:attachment":[{"href":"https:\/\/produncan.cl\/de\/wp-json\/wp\/v2\/media?parent=8621"}],"wp:term":[{"taxonomy":"product_brand","embeddable":true,"href":"https:\/\/produncan.cl\/de\/wp-json\/wp\/v2\/product_brand?post=8621"},{"taxonomy":"product_cat","embeddable":true,"href":"https:\/\/produncan.cl\/de\/wp-json\/wp\/v2\/product_cat?post=8621"},{"taxonomy":"product_tag","embeddable":true,"href":"https:\/\/produncan.cl\/de\/wp-json\/wp\/v2\/product_tag?post=8621"},{"taxonomy":"regiones","embeddable":true,"href":"https:\/\/produncan.cl\/de\/wp-json\/wp\/v2\/regiones?post=8621"},{"taxonomy":"ciudades","embeddable":true,"href":"https:\/\/produncan.cl\/de\/wp-json\/wp\/v2\/ciudades?post=8621"}],"curies":[{"name":"wp","href":"https:\/\/api.w.org\/{rel}","templated":true}]}}