{"id":8627,"date":"2022-05-27T12:44:41","date_gmt":"2022-05-27T16:44:41","guid":{"rendered":"https:\/\/produncan.cl\/producto\/feld-el-gato-219ha\/"},"modified":"2025-12-26T17:30:19","modified_gmt":"2025-12-26T20:30:19","slug":"feld-el-gato-219ha","status":"publish","type":"product","link":"https:\/\/produncan.cl\/de\/produkt\/feld-el-gato-219ha\/","title":{"rendered":"Feld 219ha El Gato &#8211; Coyhaique, Ays\u00e9n"},"content":{"rendered":"\t\t<div data-elementor-type=\"product-post\" data-elementor-id=\"8627\" class=\"elementor elementor-8627 elementor-2318\" data-elementor-post-type=\"product\">\n\t\t\t\t\t\t<section class=\"elementor-section elementor-top-section elementor-element elementor-element-1fd2005 elementor-section-boxed elementor-section-height-default elementor-section-height-default\" data-id=\"1fd2005\" data-element_type=\"section\" data-e-type=\"section\" data-settings=\"{&quot;jet_parallax_layout_list&quot;:[]}\">\n\t\t\t\t\t\t<div class=\"elementor-container elementor-column-gap-default\">\n\t\t\t\t\t<div class=\"elementor-column elementor-col-100 elementor-top-column elementor-element elementor-element-24b68bf6\" data-id=\"24b68bf6\" data-element_type=\"column\" data-e-type=\"column\">\n\t\t\t<div class=\"elementor-widget-wrap elementor-element-populated\">\n\t\t\t\t\t\t<div class=\"elementor-element elementor-element-dba7d25 elementor-widget elementor-widget-text-editor\" data-id=\"dba7d25\" data-element_type=\"widget\" data-e-type=\"widget\" data-widget_type=\"text-editor.default\">\n\t\t\t\t\t\t\t\t\t<h2>Ein Feld in der N\u00e4he von Coyhaique mit faszinierenden Formationen, die Naturliebhaber erfreuen!<\/h2>\n<p>Willkommen auf einem 218,75 Hektar gro\u00dfen Feld mit 2 km Flussufer. 90 km n\u00f6rdlich von Coyhaique, 30 km von der Ruta 7 entfernt, zwischen den Sektoren Villa Ortega und Villa Ma\u00f1ihuales gelegen.<\/p>\n<h3>Merkmale der Immobilie<\/h3>\n<ul>\n<li>Landschaft in der N\u00e4he der Stadt Coyhaique<\/li>\n<li>Er grenzt auf einer L\u00e4nge von etwa 2 Kilometern an den Arroyo El Gato.<\/li>\n<li>Mehrere B\u00e4che und Quellen<\/li>\n<li>Entlang der Landstra\u00dfe, 300 Meter vom Eingang des Camps entfernt, befinden sich Strommasten.<\/li>\n<li>Gewinnung von Wasser aus Quellen auf dem Grundst\u00fcck<\/li>\n<li>In einigen Teilen des Gebiets gibt es Telefonempfang.<\/li>\n<li>Es ist rundherum eingez\u00e4unt.<\/li>\n<\/ul>\n<div> <\/div>\n<p>Der Zugang zum Feld ist \u00fcber eine Schotterstra\u00dfe in gutem Zustand und dann eine Dienstbarkeit von 300mts. Dar\u00fcber hinaus gibt es eine interne Stra\u00dfe, die den Zugang zum oberen Teil des Feldes erm\u00f6glicht.<\/p>\n<p>Die Flora besteht haupts\u00e4chlich aus Lenga, Calafate, Strauchgras, Schwarzbusch und Klee. Was die Tierwelt betrifft, so k\u00f6nnen wir F\u00fcchse, Hirsche, Pumas, Wildschweine, Kondore, Spechte, Pitios, Coliparados, Huet Huet und Chucao sehen.<\/p>\n<h3>Attraktionen in der N\u00e4he<\/h3>\n<p>Ganz in der N\u00e4he der Grenze des oberen Teils des Feldes befindet sich eine sch\u00f6ne Lagune auf \u00f6ffentlichem Grund. Au\u00dferdem befinden sich in der N\u00e4he des Anwesens die Laguna Brava, der Nordsee, der Cerro Catedral und der Fluss \u00d1irehuao, wo man Lachse und Forellen angeln kann.<\/p>\n<p>Fr\u00fcher wurde das Feld f\u00fcr die Rindermast und sporadische Brennholzgewinnung genutzt. Und in einigen B\u00e4chen wurde eine Menge Erz gefunden.<\/p>\n<p>Die Sedimentgesteine und die \u00fcppigen einheimischen W\u00e4lder der Gebirgsz\u00fcge weisen zahlreiche faszinierende Formationen auf und sind eine Freude f\u00fcr Geologen und Naturliebhaber.<\/p>\n<p><span style=\"color: var( --e-global-color-text ); font-family: var( --e-global-typography-text-font-family ), Sans-serif; font-weight: var( --e-global-typography-text-font-weight );\">KONTAKTIEREN SIE UNS UND LERNEN SIE DIESE WUNDERSCH\u00d6NE LANDSCHAFT IN DER N\u00c4HE VON COYHAIQUE KENNEN!<\/span><\/p>\n\t\t\t\t\t\t\t\t<\/div>\n\t\t\t\t\t<\/div>\n\t\t<\/div>\n\t\t\t\t\t<\/div>\n\t\t<\/section>\n\t\t\t\t<\/div>\n\t\t","protected":false},"excerpt":{"rendered":"<p>Feld mit 2 km Flussufer, 90 km von Coyhaique entfernt. Elektrizit\u00e4ts- und Wasserversorgung.<\/p>\n","protected":false},"featured_media":5734,"template":"","meta":{"_acf_changed":false},"product_brand":[],"product_cat":[116],"product_tag":[235,234],"regiones":[225],"ciudades":[209],"class_list":{"0":"post-8627","1":"product","2":"type-product","3":"status-publish","4":"has-post-thumbnail","6":"product_cat-aysen-magallanes-de","7":"product_tag-felder","8":"product_tag-felder-fuer-den-schutz","9":"regiones-aysen-magallanes","10":"ciudades-coyhaique","12":"first","13":"instock","14":"sold-individually","15":"shipping-taxable","16":"purchasable","17":"product-type-simple"},"acf":[],"yoast_head":"<!-- This site is optimized with the Yoast SEO Premium plugin v26.0 (Yoast SEO v27.3) - https:\/\/yoast.com\/product\/yoast-seo-premium-wordpress\/ -->\n<title>Feld von 218,75 ha mit 2 km Flussufer 90 km n\u00f6rdlich von Coyhaiqu - Produncan<\/title>\n<meta name=\"description\" content=\"Feld von 218,75 ha mit 2 km Flussufer 90 km n\u00f6rdlich von Coyhaique, 30 km von der Route 7 entfernt. Durchf\u00fchrbarkeit von Strom und Wasser\" \/>\n<meta name=\"robots\" content=\"index, follow, max-snippet:-1, max-image-preview:large, max-video-preview:-1\" \/>\n<link rel=\"canonical\" href=\"https:\/\/produncan.cl\/de\/produkt\/feld-el-gato-219ha\/\" \/>\n<meta property=\"og:locale\" content=\"de_DE\" \/>\n<meta property=\"og:type\" content=\"article\" \/>\n<meta property=\"og:title\" content=\"Feld 219ha El Gato - Coyhaique, Ays\u00e9n\" \/>\n<meta property=\"og:description\" content=\"Feld von 218,75 ha mit 2 km Flussufer 90 km n\u00f6rdlich von Coyhaique, 30 km von der Route 7 entfernt. Durchf\u00fchrbarkeit von Strom und Wasser\" \/>\n<meta property=\"og:url\" content=\"https:\/\/produncan.cl\/de\/produkt\/feld-el-gato-219ha\/\" \/>\n<meta property=\"og:site_name\" content=\"Produncan\" \/>\n<meta property=\"article:publisher\" content=\"https:\/\/web.facebook.com\/produncanland\" \/>\n<meta property=\"article:modified_time\" content=\"2025-12-26T20:30:19+00:00\" \/>\n<meta property=\"og:image\" content=\"https:\/\/produncan.cl\/wp-content\/uploads\/2022\/05\/Campo-El-Gato-1.webp\" \/>\n\t<meta property=\"og:image:width\" content=\"600\" \/>\n\t<meta property=\"og:image:height\" content=\"450\" \/>\n\t<meta property=\"og:image:type\" content=\"image\/webp\" \/>\n<meta name=\"twitter:card\" content=\"summary_large_image\" \/>\n<meta name=\"twitter:label1\" content=\"Price\" \/>\n\t<meta name=\"twitter:data1\" content=\"USD594.600,00\" \/>\n\t<meta name=\"twitter:label2\" content=\"Availability\" \/>\n\t<meta name=\"twitter:data2\" content=\"In stock\" \/>\n<script type=\"application\/ld+json\" class=\"yoast-schema-graph\">{\"@context\":\"https:\\\/\\\/schema.org\",\"@graph\":[{\"@type\":\"WebPage\",\"@id\":\"https:\\\/\\\/produncan.cl\\\/de\\\/produkt\\\/feld-el-gato-219ha\\\/\",\"url\":\"https:\\\/\\\/produncan.cl\\\/de\\\/produkt\\\/feld-el-gato-219ha\\\/\",\"name\":\"Feld von 218,75 ha mit 2 km Flussufer 90 km n\u00f6rdlich von Coyhaiqu - Produncan\",\"isPartOf\":{\"@id\":\"https:\\\/\\\/produncan.cl\\\/de\\\/#website\"},\"primaryImageOfPage\":{\"@id\":\"https:\\\/\\\/produncan.cl\\\/de\\\/produkt\\\/feld-el-gato-219ha\\\/#primaryimage\"},\"image\":{\"@id\":\"https:\\\/\\\/produncan.cl\\\/de\\\/produkt\\\/feld-el-gato-219ha\\\/#primaryimage\"},\"thumbnailUrl\":\"https:\\\/\\\/produncan.cl\\\/wp-content\\\/uploads\\\/2022\\\/05\\\/Campo-El-Gato-1.webp\",\"datePublished\":\"2022-05-27T16:44:41+00:00\",\"dateModified\":\"2025-12-26T20:30:19+00:00\",\"description\":\"Feld von 218,75 ha mit 2 km Flussufer 90 km n\u00f6rdlich von Coyhaique, 30 km von der Route 7 entfernt. Durchf\u00fchrbarkeit von Strom und Wasser\",\"breadcrumb\":{\"@id\":\"https:\\\/\\\/produncan.cl\\\/de\\\/produkt\\\/feld-el-gato-219ha\\\/#breadcrumb\"},\"inLanguage\":\"de-DE\",\"potentialAction\":[{\"@type\":\"ReadAction\",\"target\":[\"https:\\\/\\\/produncan.cl\\\/de\\\/produkt\\\/feld-el-gato-219ha\\\/\"]}]},{\"@type\":\"ImageObject\",\"inLanguage\":\"de-DE\",\"@id\":\"https:\\\/\\\/produncan.cl\\\/de\\\/produkt\\\/feld-el-gato-219ha\\\/#primaryimage\",\"url\":\"https:\\\/\\\/produncan.cl\\\/wp-content\\\/uploads\\\/2022\\\/05\\\/Campo-El-Gato-1.webp\",\"contentUrl\":\"https:\\\/\\\/produncan.cl\\\/wp-content\\\/uploads\\\/2022\\\/05\\\/Campo-El-Gato-1.webp\",\"width\":600,\"height\":450},{\"@type\":\"BreadcrumbList\",\"@id\":\"https:\\\/\\\/produncan.cl\\\/de\\\/produkt\\\/feld-el-gato-219ha\\\/#breadcrumb\",\"itemListElement\":[{\"@type\":\"ListItem\",\"position\":1,\"name\":\"Inicio\",\"item\":\"https:\\\/\\\/produncan.cl\\\/de\\\/\"},{\"@type\":\"ListItem\",\"position\":2,\"name\":\"Eigenschaften\",\"item\":\"https:\\\/\\\/produncan.cl\\\/propiedades\\\/\"},{\"@type\":\"ListItem\",\"position\":3,\"name\":\"Felder\",\"item\":\"https:\\\/\\\/produncan.cl\\\/de\\\/kategorie\\\/felder\\\/\"},{\"@type\":\"ListItem\",\"position\":4,\"name\":\"Feld 219ha El Gato &#8211; Coyhaique, Ays\u00e9n\"}]},{\"@type\":\"WebSite\",\"@id\":\"https:\\\/\\\/produncan.cl\\\/de\\\/#website\",\"url\":\"https:\\\/\\\/produncan.cl\\\/de\\\/\",\"name\":\"Produncan\",\"description\":\"Wir begleiten Sie bei Ihrem Lebensprojekt!\",\"publisher\":{\"@id\":\"https:\\\/\\\/produncan.cl\\\/de\\\/#organization\"},\"potentialAction\":[{\"@type\":\"SearchAction\",\"target\":{\"@type\":\"EntryPoint\",\"urlTemplate\":\"https:\\\/\\\/produncan.cl\\\/de\\\/?s={search_term_string}\"},\"query-input\":{\"@type\":\"PropertyValueSpecification\",\"valueRequired\":true,\"valueName\":\"search_term_string\"}}],\"inLanguage\":\"de-DE\"},{\"@type\":\"Organization\",\"@id\":\"https:\\\/\\\/produncan.cl\\\/de\\\/#organization\",\"name\":\"Produncan\",\"url\":\"https:\\\/\\\/produncan.cl\\\/de\\\/\",\"logo\":{\"@type\":\"ImageObject\",\"inLanguage\":\"de-DE\",\"@id\":\"https:\\\/\\\/produncan.cl\\\/de\\\/#\\\/schema\\\/logo\\\/image\\\/\",\"url\":\"https:\\\/\\\/produncan.cl\\\/wp-content\\\/uploads\\\/2021\\\/03\\\/LOGO.jpeg\",\"contentUrl\":\"https:\\\/\\\/produncan.cl\\\/wp-content\\\/uploads\\\/2021\\\/03\\\/LOGO.jpeg\",\"width\":1280,\"height\":903,\"caption\":\"Produncan\"},\"image\":{\"@id\":\"https:\\\/\\\/produncan.cl\\\/de\\\/#\\\/schema\\\/logo\\\/image\\\/\"},\"sameAs\":[\"https:\\\/\\\/web.facebook.com\\\/produncanland\",\"https:\\\/\\\/www.instagram.com\\\/pro_duncan\\\/\",\"https:\\\/\\\/www.linkedin.com\\\/company\\\/produncan-lands\\\/\",\"https:\\\/\\\/www.youtube.com\\\/channel\\\/UCu7N-f3x0svkazD-Eew1-QQ\"],\"description\":\"En Produncan somos especialistas en la venta de terrenos en el sur de Chile. Proveemos estancias, campos, parcelas y hoteles.\",\"email\":\"info@produncan.cl\"}]}<\/script>\n<meta property=\"og:video\" content=\"https:\/\/www.youtube.com\/embed\/2XlUZfI6kdM\" \/>\n<meta property=\"og:video:type\" content=\"text\/html\" \/>\n<meta property=\"og:video:duration\" content=\"61\" \/>\n<meta property=\"og:video:width\" content=\"480\" \/>\n<meta property=\"og:video:height\" content=\"360\" \/>\n<meta property=\"ya:ovs:adult\" content=\"false\" \/>\n<meta property=\"ya:ovs:upload_date\" content=\"2022-05-27T16:44:41+00:00\" \/>\n<meta property=\"ya:ovs:allow_embed\" content=\"true\" \/>\n<meta property=\"product:price:amount\" content=\"594600.00\" \/>\n<meta property=\"product:price:currency\" content=\"USD\" \/>\n<meta property=\"og:availability\" content=\"instock\" \/>\n<meta property=\"product:availability\" content=\"instock\" \/>\n<meta property=\"product:condition\" content=\"new\" \/>\n<!-- \/ Yoast SEO Premium plugin. -->","yoast_head_json":{"title":"Feld von 218,75 ha mit 2 km Flussufer 90 km n\u00f6rdlich von Coyhaiqu - Produncan","description":"Feld von 218,75 ha mit 2 km Flussufer 90 km n\u00f6rdlich von Coyhaique, 30 km von der Route 7 entfernt. Durchf\u00fchrbarkeit von Strom und Wasser","robots":{"index":"index","follow":"follow","max-snippet":"max-snippet:-1","max-image-preview":"max-image-preview:large","max-video-preview":"max-video-preview:-1"},"canonical":"https:\/\/produncan.cl\/de\/produkt\/feld-el-gato-219ha\/","og_locale":"de_DE","og_type":"article","og_title":"Feld 219ha El Gato - Coyhaique, Ays\u00e9n","og_description":"Feld von 218,75 ha mit 2 km Flussufer 90 km n\u00f6rdlich von Coyhaique, 30 km von der Route 7 entfernt. Durchf\u00fchrbarkeit von Strom und Wasser","og_url":"https:\/\/produncan.cl\/de\/produkt\/feld-el-gato-219ha\/","og_site_name":"Produncan","article_publisher":"https:\/\/web.facebook.com\/produncanland","article_modified_time":"2025-12-26T20:30:19+00:00","og_image":[{"width":600,"height":450,"url":"https:\/\/produncan.cl\/wp-content\/uploads\/2022\/05\/Campo-El-Gato-1.webp","type":"image\/webp"}],"twitter_card":"summary_large_image","twitter_misc":{"Price":"USD594.600,00","Availability":"In stock"},"schema":{"@context":"https:\/\/schema.org","@graph":[{"@type":"WebPage","@id":"https:\/\/produncan.cl\/de\/produkt\/feld-el-gato-219ha\/","url":"https:\/\/produncan.cl\/de\/produkt\/feld-el-gato-219ha\/","name":"Feld von 218,75 ha mit 2 km Flussufer 90 km n\u00f6rdlich von Coyhaiqu - Produncan","isPartOf":{"@id":"https:\/\/produncan.cl\/de\/#website"},"primaryImageOfPage":{"@id":"https:\/\/produncan.cl\/de\/produkt\/feld-el-gato-219ha\/#primaryimage"},"image":{"@id":"https:\/\/produncan.cl\/de\/produkt\/feld-el-gato-219ha\/#primaryimage"},"thumbnailUrl":"https:\/\/produncan.cl\/wp-content\/uploads\/2022\/05\/Campo-El-Gato-1.webp","datePublished":"2022-05-27T16:44:41+00:00","dateModified":"2025-12-26T20:30:19+00:00","description":"Feld von 218,75 ha mit 2 km Flussufer 90 km n\u00f6rdlich von Coyhaique, 30 km von der Route 7 entfernt. Durchf\u00fchrbarkeit von Strom und Wasser","breadcrumb":{"@id":"https:\/\/produncan.cl\/de\/produkt\/feld-el-gato-219ha\/#breadcrumb"},"inLanguage":"de-DE","potentialAction":[{"@type":"ReadAction","target":["https:\/\/produncan.cl\/de\/produkt\/feld-el-gato-219ha\/"]}]},{"@type":"ImageObject","inLanguage":"de-DE","@id":"https:\/\/produncan.cl\/de\/produkt\/feld-el-gato-219ha\/#primaryimage","url":"https:\/\/produncan.cl\/wp-content\/uploads\/2022\/05\/Campo-El-Gato-1.webp","contentUrl":"https:\/\/produncan.cl\/wp-content\/uploads\/2022\/05\/Campo-El-Gato-1.webp","width":600,"height":450},{"@type":"BreadcrumbList","@id":"https:\/\/produncan.cl\/de\/produkt\/feld-el-gato-219ha\/#breadcrumb","itemListElement":[{"@type":"ListItem","position":1,"name":"Inicio","item":"https:\/\/produncan.cl\/de\/"},{"@type":"ListItem","position":2,"name":"Eigenschaften","item":"https:\/\/produncan.cl\/propiedades\/"},{"@type":"ListItem","position":3,"name":"Felder","item":"https:\/\/produncan.cl\/de\/kategorie\/felder\/"},{"@type":"ListItem","position":4,"name":"Feld 219ha El Gato &#8211; Coyhaique, Ays\u00e9n"}]},{"@type":"WebSite","@id":"https:\/\/produncan.cl\/de\/#website","url":"https:\/\/produncan.cl\/de\/","name":"Produncan","description":"Wir begleiten Sie bei Ihrem Lebensprojekt!","publisher":{"@id":"https:\/\/produncan.cl\/de\/#organization"},"potentialAction":[{"@type":"SearchAction","target":{"@type":"EntryPoint","urlTemplate":"https:\/\/produncan.cl\/de\/?s={search_term_string}"},"query-input":{"@type":"PropertyValueSpecification","valueRequired":true,"valueName":"search_term_string"}}],"inLanguage":"de-DE"},{"@type":"Organization","@id":"https:\/\/produncan.cl\/de\/#organization","name":"Produncan","url":"https:\/\/produncan.cl\/de\/","logo":{"@type":"ImageObject","inLanguage":"de-DE","@id":"https:\/\/produncan.cl\/de\/#\/schema\/logo\/image\/","url":"https:\/\/produncan.cl\/wp-content\/uploads\/2021\/03\/LOGO.jpeg","contentUrl":"https:\/\/produncan.cl\/wp-content\/uploads\/2021\/03\/LOGO.jpeg","width":1280,"height":903,"caption":"Produncan"},"image":{"@id":"https:\/\/produncan.cl\/de\/#\/schema\/logo\/image\/"},"sameAs":["https:\/\/web.facebook.com\/produncanland","https:\/\/www.instagram.com\/pro_duncan\/","https:\/\/www.linkedin.com\/company\/produncan-lands\/","https:\/\/www.youtube.com\/channel\/UCu7N-f3x0svkazD-Eew1-QQ"],"description":"En Produncan somos especialistas en la venta de terrenos en el sur de Chile. Proveemos estancias, campos, parcelas y hoteles.","email":"info@produncan.cl"}]},"og_video":"https:\/\/www.youtube.com\/embed\/2XlUZfI6kdM","og_video_type":"text\/html","og_video_duration":"61","og_video_width":"480","og_video_height":"360","ya_ovs_adult":"false","ya_ovs_upload_date":"2022-05-27T16:44:41+00:00","ya_ovs_allow_embed":"true","product_price_amount":"594600.00","product_price_currency":"USD","og_availability":"instock","product_availability":"instock","product_condition":"new"},"_links":{"self":[{"href":"https:\/\/produncan.cl\/de\/wp-json\/wp\/v2\/product\/8627","targetHints":{"allow":["GET"]}}],"collection":[{"href":"https:\/\/produncan.cl\/de\/wp-json\/wp\/v2\/product"}],"about":[{"href":"https:\/\/produncan.cl\/de\/wp-json\/wp\/v2\/types\/product"}],"version-history":[{"count":2,"href":"https:\/\/produncan.cl\/de\/wp-json\/wp\/v2\/product\/8627\/revisions"}],"predecessor-version":[{"id":54313,"href":"https:\/\/produncan.cl\/de\/wp-json\/wp\/v2\/product\/8627\/revisions\/54313"}],"wp:featuredmedia":[{"embeddable":true,"href":"https:\/\/produncan.cl\/de\/wp-json\/wp\/v2\/media\/5734"}],"wp:attachment":[{"href":"https:\/\/produncan.cl\/de\/wp-json\/wp\/v2\/media?parent=8627"}],"wp:term":[{"taxonomy":"product_brand","embeddable":true,"href":"https:\/\/produncan.cl\/de\/wp-json\/wp\/v2\/product_brand?post=8627"},{"taxonomy":"product_cat","embeddable":true,"href":"https:\/\/produncan.cl\/de\/wp-json\/wp\/v2\/product_cat?post=8627"},{"taxonomy":"product_tag","embeddable":true,"href":"https:\/\/produncan.cl\/de\/wp-json\/wp\/v2\/product_tag?post=8627"},{"taxonomy":"regiones","embeddable":true,"href":"https:\/\/produncan.cl\/de\/wp-json\/wp\/v2\/regiones?post=8627"},{"taxonomy":"ciudades","embeddable":true,"href":"https:\/\/produncan.cl\/de\/wp-json\/wp\/v2\/ciudades?post=8627"}],"curies":[{"name":"wp","href":"https:\/\/api.w.org\/{rel}","templated":true}]}}