{"id":8629,"date":"2021-05-12T13:29:22","date_gmt":"2021-05-12T17:29:22","guid":{"rendered":"https:\/\/produncan.cl\/producto\/feld-25ha-quenuir-fluss\/"},"modified":"2025-08-07T17:52:32","modified_gmt":"2025-08-07T21:52:32","slug":"campo-rio-quenuir-palihue","status":"publish","type":"product","link":"https:\/\/produncan.cl\/de\/produkt\/campo-rio-quenuir-palihue\/","title":{"rendered":"Feld 25ha Rio Quenuir &#8211; Palihue, Los Muermos"},"content":{"rendered":"<h2>Starten Sie eine Farm in Palihu\u00e9 mit Blick auf das Meer!<\/h2>\n<p>Wir laden Sie ein, ein 25 Hektar gro\u00dfes Feld in Palihu\u00e9 zu besuchen, von dem aus Sie einen herrlichen Blick auf die Bucht des Flusses Quenuir haben. Das Grundst\u00fcck verf\u00fcgt \u00fcber Strom- und Wasserversorgung und ein gutes Telekommunikationssignal. Geografisch gesehen liegt sie in einem hochgelegenen Gebiet, das von zwei Fl\u00fcssen und Flussm\u00fcndungen umgeben ist, die sich praktisch um den gesamten Umfang der Stadt erstrecken.<\/p>\n<p>In seinem Inneren gibt es Quellen, 40 % Grasland (Pampa) und 60 % einheimische B\u00e4ume, unter anderem Lingues, Luma, Tepa, Myrte, Zimt, Hagebutte, Cauchao, Murta, Maqui, Ciruelillo, Brombeere und Chancho Gordo. Das Feld ist mit Grenzz\u00e4unen und Innenz\u00e4unen f\u00fcr die Tierhaltung versehen.<\/p>\n<p>Das Anwesen besteht aus einem alten Haus und einem Weinkeller, umgeben von einem Hain mit 20 Apfel- und Pflaumenb\u00e4umen und einem sch\u00f6nen Park mit einheimischen und nicht einheimischen Arten. Der Ort ist \u00fcber eine l\u00e4ndliche Schotterstra\u00dfe in gutem Zustand zu erreichen, 3,5 km von der Asphaltstra\u00dfe entfernt. Vom Camp aus sind es 25 Minuten zum Strand von Estaquilla und 25 Minuten nach Los Muermos.<\/p>\n<p>Der Sektor hat aufgrund seiner Sch\u00f6nheit und der hochkar\u00e4tigen touristischen Entwicklung in der N\u00e4he von Estaquilla und Puerto Godoy einen hohen Mehrwert. Es ist auch eine ausgezeichnete Option f\u00fcr diejenigen, die in die N\u00e4he von Puerto Varas pendeln m\u00f6chten.<\/p>\n<p>WARTEN SIE NICHT L\u00c4NGER, LEBEN SIE IHRE BESTEN JAHRE IN EINER WUNDERSCH\u00d6NEN UMGEBUNG UND MIT DER BESTEN AUSSICHT!<\/p>\n","protected":false},"excerpt":{"rendered":"<p>Feld mit Blick auf die Quenuir River Bay. Elektrizit\u00e4t und guter Empfang. Umgeben von Fl\u00fcssen und Flussm\u00fcndungen.<\/p>\n","protected":false},"featured_media":6478,"template":"","meta":{"_acf_changed":false},"product_brand":[],"product_cat":[104],"product_tag":[],"regiones":[226],"ciudades":[216],"class_list":{"0":"post-8629","1":"product","2":"type-product","3":"status-publish","4":"has-post-thumbnail","6":"product_cat-ohiggins-los-lagos","7":"regiones-nuble-los_lagos","8":"ciudades-los-muermos","10":"first","11":"outofstock","12":"sold-individually","13":"shipping-taxable","14":"product-type-simple"},"acf":[],"yoast_head":"<!-- This site is optimized with the Yoast SEO Premium plugin v26.0 (Yoast SEO v27.4) - https:\/\/yoast.com\/product\/yoast-seo-premium-wordpress\/ -->\n<title>Feld 25ha Rio Quenuir - Palihue, Los Muermos - Produncan<\/title>\n<meta name=\"description\" content=\"Feld von 25ha mit sch\u00f6nem Blick auf den Fluss Quenuir, das Grundst\u00fcck hat Strom, Quellwasser und gutes Telefonsignal.\" \/>\n<meta name=\"robots\" content=\"index, follow, max-snippet:-1, max-image-preview:large, max-video-preview:-1\" \/>\n<link rel=\"canonical\" href=\"https:\/\/produncan.cl\/de\/produkt\/campo-rio-quenuir-palihue\/\" \/>\n<meta property=\"og:locale\" content=\"de_DE\" \/>\n<meta property=\"og:type\" content=\"article\" \/>\n<meta property=\"og:title\" content=\"Feld 25ha Rio Quenuir - Palihue, Los Muermos\" \/>\n<meta property=\"og:description\" content=\"Feld von 25ha mit sch\u00f6nem Blick auf den Fluss Quenuir, das Grundst\u00fcck hat Strom, Quellwasser und gutes Telefonsignal.\" \/>\n<meta property=\"og:url\" content=\"https:\/\/produncan.cl\/de\/produkt\/campo-rio-quenuir-palihue\/\" \/>\n<meta property=\"og:site_name\" content=\"Produncan\" \/>\n<meta property=\"article:publisher\" content=\"https:\/\/web.facebook.com\/produncanland\" \/>\n<meta property=\"article:modified_time\" content=\"2025-08-07T21:52:32+00:00\" \/>\n<meta property=\"og:image\" content=\"https:\/\/produncan.cl\/wp-content\/uploads\/2022\/05\/Rio-Quenuir-Vendido.webp\" \/>\n\t<meta property=\"og:image:width\" content=\"600\" \/>\n\t<meta property=\"og:image:height\" content=\"450\" \/>\n\t<meta property=\"og:image:type\" content=\"image\/webp\" \/>\n<meta name=\"twitter:card\" content=\"summary_large_image\" \/>\n<meta name=\"twitter:label1\" content=\"Price\" \/>\n\t<meta name=\"twitter:data1\" content=\"\" \/>\n\t<meta name=\"twitter:label2\" content=\"Availability\" \/>\n\t<meta name=\"twitter:data2\" content=\"Out of stock\" \/>\n<script type=\"application\/ld+json\" class=\"yoast-schema-graph\">{\"@context\":\"https:\\\/\\\/schema.org\",\"@graph\":[{\"@type\":\"WebPage\",\"@id\":\"https:\\\/\\\/produncan.cl\\\/de\\\/produkt\\\/campo-rio-quenuir-palihue\\\/\",\"url\":\"https:\\\/\\\/produncan.cl\\\/de\\\/produkt\\\/campo-rio-quenuir-palihue\\\/\",\"name\":\"Feld 25ha Rio Quenuir - Palihue, Los Muermos - Produncan\",\"isPartOf\":{\"@id\":\"https:\\\/\\\/produncan.cl\\\/de\\\/#website\"},\"primaryImageOfPage\":{\"@id\":\"https:\\\/\\\/produncan.cl\\\/de\\\/produkt\\\/campo-rio-quenuir-palihue\\\/#primaryimage\"},\"image\":{\"@id\":\"https:\\\/\\\/produncan.cl\\\/de\\\/produkt\\\/campo-rio-quenuir-palihue\\\/#primaryimage\"},\"thumbnailUrl\":\"https:\\\/\\\/produncan.cl\\\/wp-content\\\/uploads\\\/2022\\\/05\\\/Rio-Quenuir-Vendido.webp\",\"datePublished\":\"2021-05-12T17:29:22+00:00\",\"dateModified\":\"2025-08-07T21:52:32+00:00\",\"description\":\"Feld von 25ha mit sch\u00f6nem Blick auf den Fluss Quenuir, das Grundst\u00fcck hat Strom, Quellwasser und gutes Telefonsignal.\",\"breadcrumb\":{\"@id\":\"https:\\\/\\\/produncan.cl\\\/de\\\/produkt\\\/campo-rio-quenuir-palihue\\\/#breadcrumb\"},\"inLanguage\":\"de-DE\",\"potentialAction\":[{\"@type\":\"ReadAction\",\"target\":[\"https:\\\/\\\/produncan.cl\\\/de\\\/produkt\\\/campo-rio-quenuir-palihue\\\/\"]}]},{\"@type\":\"ImageObject\",\"inLanguage\":\"de-DE\",\"@id\":\"https:\\\/\\\/produncan.cl\\\/de\\\/produkt\\\/campo-rio-quenuir-palihue\\\/#primaryimage\",\"url\":\"https:\\\/\\\/produncan.cl\\\/wp-content\\\/uploads\\\/2022\\\/05\\\/Rio-Quenuir-Vendido.webp\",\"contentUrl\":\"https:\\\/\\\/produncan.cl\\\/wp-content\\\/uploads\\\/2022\\\/05\\\/Rio-Quenuir-Vendido.webp\",\"width\":600,\"height\":450},{\"@type\":\"BreadcrumbList\",\"@id\":\"https:\\\/\\\/produncan.cl\\\/de\\\/produkt\\\/campo-rio-quenuir-palihue\\\/#breadcrumb\",\"itemListElement\":[{\"@type\":\"ListItem\",\"position\":1,\"name\":\"Inicio\",\"item\":\"https:\\\/\\\/produncan.cl\\\/de\\\/\"},{\"@type\":\"ListItem\",\"position\":2,\"name\":\"Eigenschaften\",\"item\":\"https:\\\/\\\/produncan.cl\\\/propiedades\\\/\"},{\"@type\":\"ListItem\",\"position\":3,\"name\":\"Feld 25ha Rio Quenuir &#8211; Palihue, Los Muermos\"}]},{\"@type\":\"WebSite\",\"@id\":\"https:\\\/\\\/produncan.cl\\\/de\\\/#website\",\"url\":\"https:\\\/\\\/produncan.cl\\\/de\\\/\",\"name\":\"Produncan\",\"description\":\"Wir begleiten Sie bei Ihrem Lebensprojekt!\",\"publisher\":{\"@id\":\"https:\\\/\\\/produncan.cl\\\/de\\\/#organization\"},\"potentialAction\":[{\"@type\":\"SearchAction\",\"target\":{\"@type\":\"EntryPoint\",\"urlTemplate\":\"https:\\\/\\\/produncan.cl\\\/de\\\/?s={search_term_string}\"},\"query-input\":{\"@type\":\"PropertyValueSpecification\",\"valueRequired\":true,\"valueName\":\"search_term_string\"}}],\"inLanguage\":\"de-DE\"},{\"@type\":\"Organization\",\"@id\":\"https:\\\/\\\/produncan.cl\\\/de\\\/#organization\",\"name\":\"Produncan\",\"url\":\"https:\\\/\\\/produncan.cl\\\/de\\\/\",\"logo\":{\"@type\":\"ImageObject\",\"inLanguage\":\"de-DE\",\"@id\":\"https:\\\/\\\/produncan.cl\\\/de\\\/#\\\/schema\\\/logo\\\/image\\\/\",\"url\":\"https:\\\/\\\/produncan.cl\\\/wp-content\\\/uploads\\\/2021\\\/03\\\/LOGO.jpeg\",\"contentUrl\":\"https:\\\/\\\/produncan.cl\\\/wp-content\\\/uploads\\\/2021\\\/03\\\/LOGO.jpeg\",\"width\":1280,\"height\":903,\"caption\":\"Produncan\"},\"image\":{\"@id\":\"https:\\\/\\\/produncan.cl\\\/de\\\/#\\\/schema\\\/logo\\\/image\\\/\"},\"sameAs\":[\"https:\\\/\\\/web.facebook.com\\\/produncanland\",\"https:\\\/\\\/www.instagram.com\\\/pro_duncan\\\/\",\"https:\\\/\\\/www.linkedin.com\\\/company\\\/produncan-lands\\\/\",\"https:\\\/\\\/www.youtube.com\\\/channel\\\/UCu7N-f3x0svkazD-Eew1-QQ\"],\"description\":\"En Produncan somos especialistas en la venta de terrenos en el sur de Chile. Proveemos estancias, campos, parcelas y hoteles.\",\"email\":\"info@produncan.cl\"}]}<\/script>\n<meta property=\"og:video\" content=\"https:\/\/www.youtube.com\/embed\/9ne-BKpRihc\" \/>\n<meta property=\"og:video:type\" content=\"text\/html\" \/>\n<meta property=\"og:video:duration\" content=\"60\" \/>\n<meta property=\"og:video:width\" content=\"480\" \/>\n<meta property=\"og:video:height\" content=\"360\" \/>\n<meta property=\"ya:ovs:adult\" content=\"false\" \/>\n<meta property=\"ya:ovs:upload_date\" content=\"2021-05-12T17:29:22+00:00\" \/>\n<meta property=\"ya:ovs:allow_embed\" content=\"true\" \/>\n<meta property=\"product:price:currency\" content=\"USD\" \/>\n<meta property=\"og:availability\" content=\"out of stock\" \/>\n<meta property=\"product:availability\" content=\"out of stock\" \/>\n<meta property=\"product:condition\" content=\"new\" \/>\n<!-- \/ Yoast SEO Premium plugin. -->","yoast_head_json":{"title":"Feld 25ha Rio Quenuir - Palihue, Los Muermos - Produncan","description":"Feld von 25ha mit sch\u00f6nem Blick auf den Fluss Quenuir, das Grundst\u00fcck hat Strom, Quellwasser und gutes Telefonsignal.","robots":{"index":"index","follow":"follow","max-snippet":"max-snippet:-1","max-image-preview":"max-image-preview:large","max-video-preview":"max-video-preview:-1"},"canonical":"https:\/\/produncan.cl\/de\/produkt\/campo-rio-quenuir-palihue\/","og_locale":"de_DE","og_type":"article","og_title":"Feld 25ha Rio Quenuir - Palihue, Los Muermos","og_description":"Feld von 25ha mit sch\u00f6nem Blick auf den Fluss Quenuir, das Grundst\u00fcck hat Strom, Quellwasser und gutes Telefonsignal.","og_url":"https:\/\/produncan.cl\/de\/produkt\/campo-rio-quenuir-palihue\/","og_site_name":"Produncan","article_publisher":"https:\/\/web.facebook.com\/produncanland","article_modified_time":"2025-08-07T21:52:32+00:00","og_image":[{"width":600,"height":450,"url":"https:\/\/produncan.cl\/wp-content\/uploads\/2022\/05\/Rio-Quenuir-Vendido.webp","type":"image\/webp"}],"twitter_card":"summary_large_image","twitter_misc":{"Price":"","Availability":"Out of stock"},"schema":{"@context":"https:\/\/schema.org","@graph":[{"@type":"WebPage","@id":"https:\/\/produncan.cl\/de\/produkt\/campo-rio-quenuir-palihue\/","url":"https:\/\/produncan.cl\/de\/produkt\/campo-rio-quenuir-palihue\/","name":"Feld 25ha Rio Quenuir - Palihue, Los Muermos - Produncan","isPartOf":{"@id":"https:\/\/produncan.cl\/de\/#website"},"primaryImageOfPage":{"@id":"https:\/\/produncan.cl\/de\/produkt\/campo-rio-quenuir-palihue\/#primaryimage"},"image":{"@id":"https:\/\/produncan.cl\/de\/produkt\/campo-rio-quenuir-palihue\/#primaryimage"},"thumbnailUrl":"https:\/\/produncan.cl\/wp-content\/uploads\/2022\/05\/Rio-Quenuir-Vendido.webp","datePublished":"2021-05-12T17:29:22+00:00","dateModified":"2025-08-07T21:52:32+00:00","description":"Feld von 25ha mit sch\u00f6nem Blick auf den Fluss Quenuir, das Grundst\u00fcck hat Strom, Quellwasser und gutes Telefonsignal.","breadcrumb":{"@id":"https:\/\/produncan.cl\/de\/produkt\/campo-rio-quenuir-palihue\/#breadcrumb"},"inLanguage":"de-DE","potentialAction":[{"@type":"ReadAction","target":["https:\/\/produncan.cl\/de\/produkt\/campo-rio-quenuir-palihue\/"]}]},{"@type":"ImageObject","inLanguage":"de-DE","@id":"https:\/\/produncan.cl\/de\/produkt\/campo-rio-quenuir-palihue\/#primaryimage","url":"https:\/\/produncan.cl\/wp-content\/uploads\/2022\/05\/Rio-Quenuir-Vendido.webp","contentUrl":"https:\/\/produncan.cl\/wp-content\/uploads\/2022\/05\/Rio-Quenuir-Vendido.webp","width":600,"height":450},{"@type":"BreadcrumbList","@id":"https:\/\/produncan.cl\/de\/produkt\/campo-rio-quenuir-palihue\/#breadcrumb","itemListElement":[{"@type":"ListItem","position":1,"name":"Inicio","item":"https:\/\/produncan.cl\/de\/"},{"@type":"ListItem","position":2,"name":"Eigenschaften","item":"https:\/\/produncan.cl\/propiedades\/"},{"@type":"ListItem","position":3,"name":"Feld 25ha Rio Quenuir &#8211; Palihue, Los Muermos"}]},{"@type":"WebSite","@id":"https:\/\/produncan.cl\/de\/#website","url":"https:\/\/produncan.cl\/de\/","name":"Produncan","description":"Wir begleiten Sie bei Ihrem Lebensprojekt!","publisher":{"@id":"https:\/\/produncan.cl\/de\/#organization"},"potentialAction":[{"@type":"SearchAction","target":{"@type":"EntryPoint","urlTemplate":"https:\/\/produncan.cl\/de\/?s={search_term_string}"},"query-input":{"@type":"PropertyValueSpecification","valueRequired":true,"valueName":"search_term_string"}}],"inLanguage":"de-DE"},{"@type":"Organization","@id":"https:\/\/produncan.cl\/de\/#organization","name":"Produncan","url":"https:\/\/produncan.cl\/de\/","logo":{"@type":"ImageObject","inLanguage":"de-DE","@id":"https:\/\/produncan.cl\/de\/#\/schema\/logo\/image\/","url":"https:\/\/produncan.cl\/wp-content\/uploads\/2021\/03\/LOGO.jpeg","contentUrl":"https:\/\/produncan.cl\/wp-content\/uploads\/2021\/03\/LOGO.jpeg","width":1280,"height":903,"caption":"Produncan"},"image":{"@id":"https:\/\/produncan.cl\/de\/#\/schema\/logo\/image\/"},"sameAs":["https:\/\/web.facebook.com\/produncanland","https:\/\/www.instagram.com\/pro_duncan\/","https:\/\/www.linkedin.com\/company\/produncan-lands\/","https:\/\/www.youtube.com\/channel\/UCu7N-f3x0svkazD-Eew1-QQ"],"description":"En Produncan somos especialistas en la venta de terrenos en el sur de Chile. Proveemos estancias, campos, parcelas y hoteles.","email":"info@produncan.cl"}]},"og_video":"https:\/\/www.youtube.com\/embed\/9ne-BKpRihc","og_video_type":"text\/html","og_video_duration":"60","og_video_width":"480","og_video_height":"360","ya_ovs_adult":"false","ya_ovs_upload_date":"2021-05-12T17:29:22+00:00","ya_ovs_allow_embed":"true","product_price_currency":"USD","og_availability":"out of stock","product_availability":"out of stock","product_condition":"new"},"_links":{"self":[{"href":"https:\/\/produncan.cl\/de\/wp-json\/wp\/v2\/product\/8629","targetHints":{"allow":["GET"]}}],"collection":[{"href":"https:\/\/produncan.cl\/de\/wp-json\/wp\/v2\/product"}],"about":[{"href":"https:\/\/produncan.cl\/de\/wp-json\/wp\/v2\/types\/product"}],"version-history":[{"count":0,"href":"https:\/\/produncan.cl\/de\/wp-json\/wp\/v2\/product\/8629\/revisions"}],"wp:featuredmedia":[{"embeddable":true,"href":"https:\/\/produncan.cl\/de\/wp-json\/wp\/v2\/media\/6478"}],"wp:attachment":[{"href":"https:\/\/produncan.cl\/de\/wp-json\/wp\/v2\/media?parent=8629"}],"wp:term":[{"taxonomy":"product_brand","embeddable":true,"href":"https:\/\/produncan.cl\/de\/wp-json\/wp\/v2\/product_brand?post=8629"},{"taxonomy":"product_cat","embeddable":true,"href":"https:\/\/produncan.cl\/de\/wp-json\/wp\/v2\/product_cat?post=8629"},{"taxonomy":"product_tag","embeddable":true,"href":"https:\/\/produncan.cl\/de\/wp-json\/wp\/v2\/product_tag?post=8629"},{"taxonomy":"regiones","embeddable":true,"href":"https:\/\/produncan.cl\/de\/wp-json\/wp\/v2\/regiones?post=8629"},{"taxonomy":"ciudades","embeddable":true,"href":"https:\/\/produncan.cl\/de\/wp-json\/wp\/v2\/ciudades?post=8629"}],"curies":[{"name":"wp","href":"https:\/\/api.w.org\/{rel}","templated":true}]}}