{"id":8630,"date":"2021-02-10T13:42:53","date_gmt":"2021-02-10T16:42:53","guid":{"rendered":"https:\/\/produncan.cl\/producto\/boutique-hotel-el-muelle\/"},"modified":"2025-08-07T16:54:06","modified_gmt":"2025-08-07T20:54:06","slug":"boutique-hotel-el-muelle","status":"publish","type":"product","link":"https:\/\/produncan.cl\/de\/produkt\/boutique-hotel-el-muelle\/","title":{"rendered":"&#8220;Hotel Boutique El Muelle &#8211; Puerto Natales, Magallanes&#8221;"},"content":{"rendered":"\t\t<div data-elementor-type=\"product-post\" data-elementor-id=\"8630\" class=\"elementor elementor-8630 elementor-1630\" data-elementor-post-type=\"product\">\n\t\t\t\t\t\t<section class=\"elementor-section elementor-top-section elementor-element elementor-element-4c3abe2d elementor-section-boxed elementor-section-height-default elementor-section-height-default\" data-id=\"4c3abe2d\" data-element_type=\"section\" data-e-type=\"section\" data-settings=\"{&quot;jet_parallax_layout_list&quot;:[]}\">\n\t\t\t\t\t\t<div class=\"elementor-container elementor-column-gap-default\">\n\t\t\t\t\t<div class=\"elementor-column elementor-col-100 elementor-top-column elementor-element elementor-element-47cc8ff3\" data-id=\"47cc8ff3\" data-element_type=\"column\" data-e-type=\"column\">\n\t\t\t<div class=\"elementor-widget-wrap elementor-element-populated\">\n\t\t\t\t\t\t<div class=\"elementor-element elementor-element-6c64fa45 elementor-widget elementor-widget-text-editor\" data-id=\"6c64fa45\" data-element_type=\"widget\" data-e-type=\"widget\" data-widget_type=\"text-editor.default\">\n\t\t\t\t\t\t\t\t\t<p>&#8220;`html<\/p>\n<h2>Starten Sie Ihr Tourismusgesch\u00e4ft mit einem Boutique-Hotel an einem Ort mit hohem Wachstumspotenzial!<\/h2>\n<p>El Muelle ist ein Boutique-Hotel, das im Jahr 2015 erbaut wurde und nur wenige Schritte von der Uferpromenade von Puerto Natales und dem historischen Pier Braun und Blanchard entfernt liegt.<\/p>\n<p>\u00a0<\/p>\n<p>Das Hotel mit 350m\u00b2 Nutzfl\u00e4che auf 2 Etagen und einer Gesamtfl\u00e4che von 620m\u00b2 verf\u00fcgt \u00fcber:<\/p>\n<p>\u00a0<\/p>\n<p>\u00a0<\/p>\n<ul>\n<li>9 Zimmer<\/li>\n<li>11 Badezimmer<\/li>\n<li>Rezeption<\/li>\n<li>Speisesaal<\/li>\n<li>Wohnzimmer<\/li>\n<li>Schuppen mit 91m\u00b2<\/li>\n<li>Sch\u00f6ne Holzfassade<\/li>\n<li>Vorgarten mit Platz f\u00fcr 4 Fahrzeuge.<\/li>\n<\/ul>\n<p>Das Hotel, das sich in ausgezeichnetem Zustand befindet, wurde mit Metalcon gebaut, mit OSB-Platten verkleidet, die mit Gipskartonplatten \u00fcberzogen sind, die B\u00f6den sind mit hochbelastbarem Laminat und in den B\u00e4dern mit Feinsteinzeug verkleidet, und alle Fenster sind mit Thermopaneel ausgestattet.<\/p>\n<p>\u00a0<\/p>\n<p>Die Heizung wird von einer Zentrale mit einer umweltfreundlichen Gaskesselanlage bereitgestellt, der Strom ist einphasig und die W\u00e4scherei befindet sich im Schuppen.<\/p>\n<p>\u00a0<\/p>\n<p>Au\u00dferdem verf\u00fcgt das Hotel \u00fcber eine Alkohollizenz und ist von Sernatur zertifiziert. Verkaufspreis 28000UF.<\/p>\n<p>\u00a0<\/p>\n<p>In Puerto Natales gibt es eine hohe Hotelauslastung aufgrund von Attraktionen wie Torres del Paine. Der Preis f\u00fcr ein Standardzimmer in diesem Hotel betr\u00e4gt $90.000 pro Nacht.<\/p>\n<p>\u00a0<\/p>\n<p>WARTEN SIE NICHT L\u00c4NGER UND STARTEN SIE IN PUERTO NATALES, DEM ZUGANG ZUM TORRES DEL PAINE PARK!<\/p>\n<p>\u00a0<\/p>\n<p>Puerto Natales ist ein magischer Ort, die Basis von Torres del Paine, ein Top-Tourismusziel! Dies ist Ihre ideale Gelegenheit, um zu arbeiten und Ihre besten Jahre zu verbringen!<\/p>\n<p>&#8220;`<\/p>\n\t\t\t\t\t\t\t\t<\/div>\n\t\t\t\t\t<\/div>\n\t\t<\/div>\n\t\t\t\t\t<\/div>\n\t\t<\/section>\n\t\t\t\t<\/div>\n\t\t","protected":false},"excerpt":{"rendered":"<p>&#8220;9-Zimmer-Boutique-Hotel in Natales. Ideal f\u00fcr Tourismusgesch\u00e4ft.&#8221;<\/p>\n","protected":false},"featured_media":26741,"template":"","meta":{"_acf_changed":false},"product_brand":[],"product_cat":[116],"product_tag":[],"regiones":[225],"ciudades":[],"class_list":{"0":"post-8630","1":"product","2":"type-product","3":"status-publish","4":"has-post-thumbnail","6":"product_cat-aysen-magallanes-de","7":"regiones-aysen-magallanes","9":"first","10":"outofstock","11":"sold-individually","12":"shipping-taxable","13":"purchasable","14":"product-type-simple"},"acf":[],"yoast_head":"<!-- This site is optimized with the Yoast SEO Premium plugin v26.0 (Yoast SEO v27.5) - https:\/\/yoast.com\/product\/yoast-seo-premium-wordpress\/ -->\n<title>&quot;Hotel Boutique El Muelle - Puerto Natales, Magallanes&quot; - Produncan<\/title>\n<meta name=\"description\" content=\"&quot;Das Boutique-Hotel mit 9 Zimmern, El Muelle, befindet sich nur wenige Schritte von der Uferpromenade von Natales und dem historischen Pier Braun und Blanchard entfernt.&quot;\" \/>\n<meta name=\"robots\" content=\"index, follow, max-snippet:-1, max-image-preview:large, max-video-preview:-1\" \/>\n<link rel=\"canonical\" href=\"https:\/\/produncan.cl\/de\/produkt\/boutique-hotel-el-muelle\/\" \/>\n<meta property=\"og:locale\" content=\"de_DE\" \/>\n<meta property=\"og:type\" content=\"article\" \/>\n<meta property=\"og:title\" content=\"&quot;Hotel Boutique El Muelle - Puerto Natales, Magallanes&quot;\" \/>\n<meta property=\"og:description\" content=\"&quot;Das Boutique-Hotel mit 9 Zimmern, El Muelle, befindet sich nur wenige Schritte von der Uferpromenade von Natales und dem historischen Pier Braun und Blanchard entfernt.&quot;\" \/>\n<meta property=\"og:url\" content=\"https:\/\/produncan.cl\/de\/produkt\/boutique-hotel-el-muelle\/\" \/>\n<meta property=\"og:site_name\" content=\"Produncan\" \/>\n<meta property=\"article:publisher\" content=\"https:\/\/web.facebook.com\/produncanland\" \/>\n<meta property=\"article:modified_time\" content=\"2025-08-07T20:54:06+00:00\" \/>\n<meta property=\"og:image\" content=\"https:\/\/produncan.cl\/wp-content\/uploads\/2022\/02\/Hotel-El-Muelle-Vendido.webp\" \/>\n\t<meta property=\"og:image:width\" content=\"600\" \/>\n\t<meta property=\"og:image:height\" content=\"450\" \/>\n\t<meta property=\"og:image:type\" content=\"image\/webp\" \/>\n<meta name=\"twitter:card\" content=\"summary_large_image\" \/>\n<meta name=\"twitter:label1\" content=\"Price\" \/>\n\t<meta name=\"twitter:data1\" content=\"USD1.110.500,00\" \/>\n\t<meta name=\"twitter:label2\" content=\"Availability\" \/>\n\t<meta name=\"twitter:data2\" content=\"Out of stock\" \/>\n<script type=\"application\/ld+json\" class=\"yoast-schema-graph\">{\"@context\":\"https:\\\/\\\/schema.org\",\"@graph\":[{\"@type\":\"WebPage\",\"@id\":\"https:\\\/\\\/produncan.cl\\\/de\\\/produkt\\\/boutique-hotel-el-muelle\\\/\",\"url\":\"https:\\\/\\\/produncan.cl\\\/de\\\/produkt\\\/boutique-hotel-el-muelle\\\/\",\"name\":\"\\\"Hotel Boutique El Muelle - Puerto Natales, Magallanes\\\" - Produncan\",\"isPartOf\":{\"@id\":\"https:\\\/\\\/produncan.cl\\\/de\\\/#website\"},\"primaryImageOfPage\":{\"@id\":\"https:\\\/\\\/produncan.cl\\\/de\\\/produkt\\\/boutique-hotel-el-muelle\\\/#primaryimage\"},\"image\":{\"@id\":\"https:\\\/\\\/produncan.cl\\\/de\\\/produkt\\\/boutique-hotel-el-muelle\\\/#primaryimage\"},\"thumbnailUrl\":\"https:\\\/\\\/produncan.cl\\\/wp-content\\\/uploads\\\/2022\\\/02\\\/Hotel-El-Muelle-Vendido.webp\",\"datePublished\":\"2021-02-10T16:42:53+00:00\",\"dateModified\":\"2025-08-07T20:54:06+00:00\",\"description\":\"\\\"Das Boutique-Hotel mit 9 Zimmern, El Muelle, befindet sich nur wenige Schritte von der Uferpromenade von Natales und dem historischen Pier Braun und Blanchard entfernt.\\\"\",\"breadcrumb\":{\"@id\":\"https:\\\/\\\/produncan.cl\\\/de\\\/produkt\\\/boutique-hotel-el-muelle\\\/#breadcrumb\"},\"inLanguage\":\"de-DE\",\"potentialAction\":[{\"@type\":\"ReadAction\",\"target\":[\"https:\\\/\\\/produncan.cl\\\/de\\\/produkt\\\/boutique-hotel-el-muelle\\\/\"]}]},{\"@type\":\"ImageObject\",\"inLanguage\":\"de-DE\",\"@id\":\"https:\\\/\\\/produncan.cl\\\/de\\\/produkt\\\/boutique-hotel-el-muelle\\\/#primaryimage\",\"url\":\"https:\\\/\\\/produncan.cl\\\/wp-content\\\/uploads\\\/2022\\\/02\\\/Hotel-El-Muelle-Vendido.webp\",\"contentUrl\":\"https:\\\/\\\/produncan.cl\\\/wp-content\\\/uploads\\\/2022\\\/02\\\/Hotel-El-Muelle-Vendido.webp\",\"width\":600,\"height\":450},{\"@type\":\"BreadcrumbList\",\"@id\":\"https:\\\/\\\/produncan.cl\\\/de\\\/produkt\\\/boutique-hotel-el-muelle\\\/#breadcrumb\",\"itemListElement\":[{\"@type\":\"ListItem\",\"position\":1,\"name\":\"Inicio\",\"item\":\"https:\\\/\\\/produncan.cl\\\/de\\\/\"},{\"@type\":\"ListItem\",\"position\":2,\"name\":\"Eigenschaften\",\"item\":\"https:\\\/\\\/produncan.cl\\\/propiedades\\\/\"},{\"@type\":\"ListItem\",\"position\":3,\"name\":\"&#8220;Hotel Boutique El Muelle &#8211; Puerto Natales, Magallanes&#8221;\"}]},{\"@type\":\"WebSite\",\"@id\":\"https:\\\/\\\/produncan.cl\\\/de\\\/#website\",\"url\":\"https:\\\/\\\/produncan.cl\\\/de\\\/\",\"name\":\"Produncan\",\"description\":\"Wir begleiten Sie bei Ihrem Lebensprojekt!\",\"publisher\":{\"@id\":\"https:\\\/\\\/produncan.cl\\\/de\\\/#organization\"},\"potentialAction\":[{\"@type\":\"SearchAction\",\"target\":{\"@type\":\"EntryPoint\",\"urlTemplate\":\"https:\\\/\\\/produncan.cl\\\/de\\\/?s={search_term_string}\"},\"query-input\":{\"@type\":\"PropertyValueSpecification\",\"valueRequired\":true,\"valueName\":\"search_term_string\"}}],\"inLanguage\":\"de-DE\"},{\"@type\":\"Organization\",\"@id\":\"https:\\\/\\\/produncan.cl\\\/de\\\/#organization\",\"name\":\"Produncan\",\"url\":\"https:\\\/\\\/produncan.cl\\\/de\\\/\",\"logo\":{\"@type\":\"ImageObject\",\"inLanguage\":\"de-DE\",\"@id\":\"https:\\\/\\\/produncan.cl\\\/de\\\/#\\\/schema\\\/logo\\\/image\\\/\",\"url\":\"https:\\\/\\\/produncan.cl\\\/wp-content\\\/uploads\\\/2021\\\/03\\\/LOGO.jpeg\",\"contentUrl\":\"https:\\\/\\\/produncan.cl\\\/wp-content\\\/uploads\\\/2021\\\/03\\\/LOGO.jpeg\",\"width\":1280,\"height\":903,\"caption\":\"Produncan\"},\"image\":{\"@id\":\"https:\\\/\\\/produncan.cl\\\/de\\\/#\\\/schema\\\/logo\\\/image\\\/\"},\"sameAs\":[\"https:\\\/\\\/web.facebook.com\\\/produncanland\",\"https:\\\/\\\/www.instagram.com\\\/pro_duncan\\\/\",\"https:\\\/\\\/www.linkedin.com\\\/company\\\/produncan-lands\\\/\",\"https:\\\/\\\/www.youtube.com\\\/channel\\\/UCu7N-f3x0svkazD-Eew1-QQ\"],\"description\":\"En Produncan somos especialistas en la venta de terrenos en el sur de Chile. Proveemos estancias, campos, parcelas y hoteles.\",\"email\":\"info@produncan.cl\"}]}<\/script>\n<meta property=\"og:video\" content=\"https:\/\/www.youtube.com\/embed\/1ZFkpCUz4zc\" \/>\n<meta property=\"og:video:type\" content=\"text\/html\" \/>\n<meta property=\"og:video:duration\" content=\"213\" \/>\n<meta property=\"og:video:width\" content=\"480\" \/>\n<meta property=\"og:video:height\" content=\"360\" \/>\n<meta property=\"ya:ovs:adult\" content=\"false\" \/>\n<meta property=\"ya:ovs:upload_date\" content=\"2021-02-10T16:42:53+00:00\" \/>\n<meta property=\"ya:ovs:allow_embed\" content=\"true\" \/>\n<meta property=\"product:price:amount\" content=\"1110500.00\" \/>\n<meta property=\"product:price:currency\" content=\"USD\" \/>\n<meta property=\"og:availability\" content=\"out of stock\" \/>\n<meta property=\"product:availability\" content=\"out of stock\" \/>\n<meta property=\"product:condition\" content=\"new\" \/>\n<!-- \/ Yoast SEO Premium plugin. -->","yoast_head_json":{"title":"\"Hotel Boutique El Muelle - Puerto Natales, Magallanes\" - Produncan","description":"\"Das Boutique-Hotel mit 9 Zimmern, El Muelle, befindet sich nur wenige Schritte von der Uferpromenade von Natales und dem historischen Pier Braun und Blanchard entfernt.\"","robots":{"index":"index","follow":"follow","max-snippet":"max-snippet:-1","max-image-preview":"max-image-preview:large","max-video-preview":"max-video-preview:-1"},"canonical":"https:\/\/produncan.cl\/de\/produkt\/boutique-hotel-el-muelle\/","og_locale":"de_DE","og_type":"article","og_title":"\"Hotel Boutique El Muelle - Puerto Natales, Magallanes\"","og_description":"\"Das Boutique-Hotel mit 9 Zimmern, El Muelle, befindet sich nur wenige Schritte von der Uferpromenade von Natales und dem historischen Pier Braun und Blanchard entfernt.\"","og_url":"https:\/\/produncan.cl\/de\/produkt\/boutique-hotel-el-muelle\/","og_site_name":"Produncan","article_publisher":"https:\/\/web.facebook.com\/produncanland","article_modified_time":"2025-08-07T20:54:06+00:00","og_image":[{"width":600,"height":450,"url":"https:\/\/produncan.cl\/wp-content\/uploads\/2022\/02\/Hotel-El-Muelle-Vendido.webp","type":"image\/webp"}],"twitter_card":"summary_large_image","twitter_misc":{"Price":"USD1.110.500,00","Availability":"Out of stock"},"schema":{"@context":"https:\/\/schema.org","@graph":[{"@type":"WebPage","@id":"https:\/\/produncan.cl\/de\/produkt\/boutique-hotel-el-muelle\/","url":"https:\/\/produncan.cl\/de\/produkt\/boutique-hotel-el-muelle\/","name":"\"Hotel Boutique El Muelle - Puerto Natales, Magallanes\" - Produncan","isPartOf":{"@id":"https:\/\/produncan.cl\/de\/#website"},"primaryImageOfPage":{"@id":"https:\/\/produncan.cl\/de\/produkt\/boutique-hotel-el-muelle\/#primaryimage"},"image":{"@id":"https:\/\/produncan.cl\/de\/produkt\/boutique-hotel-el-muelle\/#primaryimage"},"thumbnailUrl":"https:\/\/produncan.cl\/wp-content\/uploads\/2022\/02\/Hotel-El-Muelle-Vendido.webp","datePublished":"2021-02-10T16:42:53+00:00","dateModified":"2025-08-07T20:54:06+00:00","description":"\"Das Boutique-Hotel mit 9 Zimmern, El Muelle, befindet sich nur wenige Schritte von der Uferpromenade von Natales und dem historischen Pier Braun und Blanchard entfernt.\"","breadcrumb":{"@id":"https:\/\/produncan.cl\/de\/produkt\/boutique-hotel-el-muelle\/#breadcrumb"},"inLanguage":"de-DE","potentialAction":[{"@type":"ReadAction","target":["https:\/\/produncan.cl\/de\/produkt\/boutique-hotel-el-muelle\/"]}]},{"@type":"ImageObject","inLanguage":"de-DE","@id":"https:\/\/produncan.cl\/de\/produkt\/boutique-hotel-el-muelle\/#primaryimage","url":"https:\/\/produncan.cl\/wp-content\/uploads\/2022\/02\/Hotel-El-Muelle-Vendido.webp","contentUrl":"https:\/\/produncan.cl\/wp-content\/uploads\/2022\/02\/Hotel-El-Muelle-Vendido.webp","width":600,"height":450},{"@type":"BreadcrumbList","@id":"https:\/\/produncan.cl\/de\/produkt\/boutique-hotel-el-muelle\/#breadcrumb","itemListElement":[{"@type":"ListItem","position":1,"name":"Inicio","item":"https:\/\/produncan.cl\/de\/"},{"@type":"ListItem","position":2,"name":"Eigenschaften","item":"https:\/\/produncan.cl\/propiedades\/"},{"@type":"ListItem","position":3,"name":"&#8220;Hotel Boutique El Muelle &#8211; Puerto Natales, Magallanes&#8221;"}]},{"@type":"WebSite","@id":"https:\/\/produncan.cl\/de\/#website","url":"https:\/\/produncan.cl\/de\/","name":"Produncan","description":"Wir begleiten Sie bei Ihrem Lebensprojekt!","publisher":{"@id":"https:\/\/produncan.cl\/de\/#organization"},"potentialAction":[{"@type":"SearchAction","target":{"@type":"EntryPoint","urlTemplate":"https:\/\/produncan.cl\/de\/?s={search_term_string}"},"query-input":{"@type":"PropertyValueSpecification","valueRequired":true,"valueName":"search_term_string"}}],"inLanguage":"de-DE"},{"@type":"Organization","@id":"https:\/\/produncan.cl\/de\/#organization","name":"Produncan","url":"https:\/\/produncan.cl\/de\/","logo":{"@type":"ImageObject","inLanguage":"de-DE","@id":"https:\/\/produncan.cl\/de\/#\/schema\/logo\/image\/","url":"https:\/\/produncan.cl\/wp-content\/uploads\/2021\/03\/LOGO.jpeg","contentUrl":"https:\/\/produncan.cl\/wp-content\/uploads\/2021\/03\/LOGO.jpeg","width":1280,"height":903,"caption":"Produncan"},"image":{"@id":"https:\/\/produncan.cl\/de\/#\/schema\/logo\/image\/"},"sameAs":["https:\/\/web.facebook.com\/produncanland","https:\/\/www.instagram.com\/pro_duncan\/","https:\/\/www.linkedin.com\/company\/produncan-lands\/","https:\/\/www.youtube.com\/channel\/UCu7N-f3x0svkazD-Eew1-QQ"],"description":"En Produncan somos especialistas en la venta de terrenos en el sur de Chile. Proveemos estancias, campos, parcelas y hoteles.","email":"info@produncan.cl"}]},"og_video":"https:\/\/www.youtube.com\/embed\/1ZFkpCUz4zc","og_video_type":"text\/html","og_video_duration":"213","og_video_width":"480","og_video_height":"360","ya_ovs_adult":"false","ya_ovs_upload_date":"2021-02-10T16:42:53+00:00","ya_ovs_allow_embed":"true","product_price_amount":"1110500.00","product_price_currency":"USD","og_availability":"out of stock","product_availability":"out of stock","product_condition":"new"},"_links":{"self":[{"href":"https:\/\/produncan.cl\/de\/wp-json\/wp\/v2\/product\/8630","targetHints":{"allow":["GET"]}}],"collection":[{"href":"https:\/\/produncan.cl\/de\/wp-json\/wp\/v2\/product"}],"about":[{"href":"https:\/\/produncan.cl\/de\/wp-json\/wp\/v2\/types\/product"}],"version-history":[{"count":0,"href":"https:\/\/produncan.cl\/de\/wp-json\/wp\/v2\/product\/8630\/revisions"}],"wp:featuredmedia":[{"embeddable":true,"href":"https:\/\/produncan.cl\/de\/wp-json\/wp\/v2\/media\/26741"}],"wp:attachment":[{"href":"https:\/\/produncan.cl\/de\/wp-json\/wp\/v2\/media?parent=8630"}],"wp:term":[{"taxonomy":"product_brand","embeddable":true,"href":"https:\/\/produncan.cl\/de\/wp-json\/wp\/v2\/product_brand?post=8630"},{"taxonomy":"product_cat","embeddable":true,"href":"https:\/\/produncan.cl\/de\/wp-json\/wp\/v2\/product_cat?post=8630"},{"taxonomy":"product_tag","embeddable":true,"href":"https:\/\/produncan.cl\/de\/wp-json\/wp\/v2\/product_tag?post=8630"},{"taxonomy":"regiones","embeddable":true,"href":"https:\/\/produncan.cl\/de\/wp-json\/wp\/v2\/regiones?post=8630"},{"taxonomy":"ciudades","embeddable":true,"href":"https:\/\/produncan.cl\/de\/wp-json\/wp\/v2\/ciudades?post=8630"}],"curies":[{"name":"wp","href":"https:\/\/api.w.org\/{rel}","templated":true}]}}