{"id":8632,"date":"2021-05-06T13:40:46","date_gmt":"2021-05-06T17:40:46","guid":{"rendered":"https:\/\/produncan.cl\/producto\/rio-blanco-camp\/"},"modified":"2025-08-07T16:52:41","modified_gmt":"2025-08-07T20:52:41","slug":"campo-rio-rio-blanco","status":"publish","type":"product","link":"https:\/\/produncan.cl\/de\/produkt\/campo-rio-rio-blanco\/","title":{"rendered":"&#8220;Feld 45ha R\u00edo Blanco &#8211; Lago Chapo, Puerto Montt&#8221;"},"content":{"rendered":"<p>&#8220;`html<br \/>\n<span style=\"color: #fb1212;\"><a style=\"color: #fb1212;\" href=\"https:\/\/www.instagram.com\/tv\/CZsQhK6Frco\/?hl=es-la\">VIDEO AUF INSTAGRAM ANSEHEN<\/a><\/span><\/p>\n<h2>WILLKOMMEN AUF EINEM WUNDERSCH\u00d6NEN FELD, DAS SIE EINL\u00c4DT, EIN PROJEKT ZU ENTWICKELN!<\/h2>\n<p>Entdecken Sie dieses wundersch\u00f6ne 45 Hektar gro\u00dfe Feld in der Gemeinde Puerto Montt, Provinz Llanquihue, Region Los Lagos.<\/p>\n<p>Zum Gel\u00e4nde gelangen Sie \u00fcber eine asphaltierte Stra\u00dfe in ausgezeichnetem Zustand und nur einen Kilometer Schotterweg. Es liegt eingebettet zwischen majest\u00e4tischen Bergen, einheimischen B\u00e4umen, nur 7 Minuten vom Chapo-See entfernt und in der N\u00e4he von Chamiza, einem Ort, an dem hochkar\u00e4tige Immobilienprojekte entwickelt werden. Au\u00dferdem ist es 40 Minuten von Puerto Montt und eine Stunde von Puerto Varas entfernt.<\/p>\n<p>Das Feld verf\u00fcgt \u00fcber 1050 Meter Flussufer, es gibt keine vorherigen Bauten, es gibt Telefonempfang, der Gro\u00dfteil des Gel\u00e4ndes ist eingez\u00e4unt und es gibt keine Wasserrechte, obwohl diese beantragt werden k\u00f6nnten.<\/p>\n<p>Dar\u00fcber hinaus verf\u00fcgt es \u00fcber eine wundersch\u00f6ne Flora, darunter Tepa, Ma\u00f1\u00edo, Ulmo, Tiaca, Luma, Canelo und Zypresse, Nalcas und andere. Und seine Fauna besteht aus Puma, Gui\u00f1a, Pud\u00fa, Wildkatze, Chilla-Fuchs, Anden-Viscacha, Kondor, Falke, Peuco, Caiqu\u00e9n, Huet Huet, Ente, Chucao, Monito del Monte und einer Vielzahl von Fr\u00f6schen, unter anderem.<\/p>\n<p>Angrenzend an das Gel\u00e4nde wurde eine Parzellierung entwickelt, die derzeit vollst\u00e4ndig verkauft ist, mit Preisen ab 25 Millionen $. Wir sch\u00e4tzen, dass Sie an diesem Ort die M\u00f6glichkeit haben werden, eine \u00d6ko-Parzellierung mit einer verkaufbaren Fl\u00e4che von 41 Hektar zu entwickeln, insgesamt 82 Einheiten ab 15 Millionen $, mit einer Verkaufsrate, die nicht mehr als zwei Jahre betragen sollte.<\/p>\n<p>Kommen Sie und entdecken Sie diesen wundersch\u00f6nen Ort, an dem Sie die Gelegenheit haben, Ihr Projekt zu entwickeln und Ihren Traum zu leben!<br \/>\n&#8220;`<\/p>\n","protected":false},"excerpt":{"rendered":"<p>&#8220;Feld in der N\u00e4he von Chamiza und dem Chapo-See. Ideal f\u00fcr ein Projekt. Strom, Zugang.&#8221;<\/p>\n","protected":false},"featured_media":5934,"template":"","meta":{"_acf_changed":false},"product_brand":[],"product_cat":[104],"product_tag":[],"regiones":[226],"ciudades":[],"class_list":{"0":"post-8632","1":"product","2":"type-product","3":"status-publish","4":"has-post-thumbnail","6":"product_cat-ohiggins-los-lagos","7":"regiones-nuble-los_lagos","9":"first","10":"outofstock","11":"sold-individually","12":"shipping-taxable","13":"product-type-simple"},"acf":[],"yoast_head":"<!-- This site is optimized with the Yoast SEO Premium plugin v26.0 (Yoast SEO v27.3) - https:\/\/yoast.com\/product\/yoast-seo-premium-wordpress\/ -->\n<title>&quot;Feld 45ha R\u00edo Blanco - Lago Chapo, Puerto Montt&quot; - Produncan<\/title>\n<meta name=\"description\" content=\"&quot;Feld von 45ha in der N\u00e4he von Chamiza und dem Chapo-See, Puerto Montt. Verf\u00fcgt \u00fcber 1050 Meter Fluss, Telefonempfang, Stromanschlussm\u00f6glichkeit und asphaltierte Zufahrt&quot;\" \/>\n<meta name=\"robots\" content=\"index, follow, max-snippet:-1, max-image-preview:large, max-video-preview:-1\" \/>\n<link rel=\"canonical\" href=\"https:\/\/produncan.cl\/de\/produkt\/campo-rio-rio-blanco\/\" \/>\n<meta property=\"og:locale\" content=\"de_DE\" \/>\n<meta property=\"og:type\" content=\"article\" \/>\n<meta property=\"og:title\" content=\"&quot;Feld 45ha R\u00edo Blanco - Lago Chapo, Puerto Montt&quot;\" \/>\n<meta property=\"og:description\" content=\"&quot;Feld von 45ha in der N\u00e4he von Chamiza und dem Chapo-See, Puerto Montt. Verf\u00fcgt \u00fcber 1050 Meter Fluss, Telefonempfang, Stromanschlussm\u00f6glichkeit und asphaltierte Zufahrt&quot;\" \/>\n<meta property=\"og:url\" content=\"https:\/\/produncan.cl\/de\/produkt\/campo-rio-rio-blanco\/\" \/>\n<meta property=\"og:site_name\" content=\"Produncan\" \/>\n<meta property=\"article:publisher\" content=\"https:\/\/web.facebook.com\/produncanland\" \/>\n<meta property=\"article:modified_time\" content=\"2025-08-07T20:52:41+00:00\" \/>\n<meta property=\"og:image\" content=\"https:\/\/produncan.cl\/wp-content\/uploads\/2022\/05\/Campo-Rio-Blanco-Vendido.webp\" \/>\n\t<meta property=\"og:image:width\" content=\"600\" \/>\n\t<meta property=\"og:image:height\" content=\"450\" \/>\n\t<meta property=\"og:image:type\" content=\"image\/webp\" \/>\n<meta name=\"twitter:card\" content=\"summary_large_image\" \/>\n<meta name=\"twitter:label1\" content=\"Price\" \/>\n\t<meta name=\"twitter:data1\" content=\"\" \/>\n\t<meta name=\"twitter:label2\" content=\"Availability\" \/>\n\t<meta name=\"twitter:data2\" content=\"Out of stock\" \/>\n<script type=\"application\/ld+json\" class=\"yoast-schema-graph\">{\"@context\":\"https:\\\/\\\/schema.org\",\"@graph\":[{\"@type\":\"WebPage\",\"@id\":\"https:\\\/\\\/produncan.cl\\\/de\\\/produkt\\\/campo-rio-rio-blanco\\\/\",\"url\":\"https:\\\/\\\/produncan.cl\\\/de\\\/produkt\\\/campo-rio-rio-blanco\\\/\",\"name\":\"\\\"Feld 45ha R\u00edo Blanco - Lago Chapo, Puerto Montt\\\" - Produncan\",\"isPartOf\":{\"@id\":\"https:\\\/\\\/produncan.cl\\\/de\\\/#website\"},\"primaryImageOfPage\":{\"@id\":\"https:\\\/\\\/produncan.cl\\\/de\\\/produkt\\\/campo-rio-rio-blanco\\\/#primaryimage\"},\"image\":{\"@id\":\"https:\\\/\\\/produncan.cl\\\/de\\\/produkt\\\/campo-rio-rio-blanco\\\/#primaryimage\"},\"thumbnailUrl\":\"https:\\\/\\\/produncan.cl\\\/wp-content\\\/uploads\\\/2022\\\/05\\\/Campo-Rio-Blanco-Vendido.webp\",\"datePublished\":\"2021-05-06T17:40:46+00:00\",\"dateModified\":\"2025-08-07T20:52:41+00:00\",\"description\":\"\\\"Feld von 45ha in der N\u00e4he von Chamiza und dem Chapo-See, Puerto Montt. Verf\u00fcgt \u00fcber 1050 Meter Fluss, Telefonempfang, Stromanschlussm\u00f6glichkeit und asphaltierte Zufahrt\\\"\",\"breadcrumb\":{\"@id\":\"https:\\\/\\\/produncan.cl\\\/de\\\/produkt\\\/campo-rio-rio-blanco\\\/#breadcrumb\"},\"inLanguage\":\"de-DE\",\"potentialAction\":[{\"@type\":\"ReadAction\",\"target\":[\"https:\\\/\\\/produncan.cl\\\/de\\\/produkt\\\/campo-rio-rio-blanco\\\/\"]}]},{\"@type\":\"ImageObject\",\"inLanguage\":\"de-DE\",\"@id\":\"https:\\\/\\\/produncan.cl\\\/de\\\/produkt\\\/campo-rio-rio-blanco\\\/#primaryimage\",\"url\":\"https:\\\/\\\/produncan.cl\\\/wp-content\\\/uploads\\\/2022\\\/05\\\/Campo-Rio-Blanco-Vendido.webp\",\"contentUrl\":\"https:\\\/\\\/produncan.cl\\\/wp-content\\\/uploads\\\/2022\\\/05\\\/Campo-Rio-Blanco-Vendido.webp\",\"width\":600,\"height\":450},{\"@type\":\"BreadcrumbList\",\"@id\":\"https:\\\/\\\/produncan.cl\\\/de\\\/produkt\\\/campo-rio-rio-blanco\\\/#breadcrumb\",\"itemListElement\":[{\"@type\":\"ListItem\",\"position\":1,\"name\":\"Inicio\",\"item\":\"https:\\\/\\\/produncan.cl\\\/de\\\/\"},{\"@type\":\"ListItem\",\"position\":2,\"name\":\"Eigenschaften\",\"item\":\"https:\\\/\\\/produncan.cl\\\/propiedades\\\/\"},{\"@type\":\"ListItem\",\"position\":3,\"name\":\"&#8220;Feld 45ha R\u00edo Blanco &#8211; Lago Chapo, Puerto Montt&#8221;\"}]},{\"@type\":\"WebSite\",\"@id\":\"https:\\\/\\\/produncan.cl\\\/de\\\/#website\",\"url\":\"https:\\\/\\\/produncan.cl\\\/de\\\/\",\"name\":\"Produncan\",\"description\":\"Wir begleiten Sie bei Ihrem Lebensprojekt!\",\"publisher\":{\"@id\":\"https:\\\/\\\/produncan.cl\\\/de\\\/#organization\"},\"potentialAction\":[{\"@type\":\"SearchAction\",\"target\":{\"@type\":\"EntryPoint\",\"urlTemplate\":\"https:\\\/\\\/produncan.cl\\\/de\\\/?s={search_term_string}\"},\"query-input\":{\"@type\":\"PropertyValueSpecification\",\"valueRequired\":true,\"valueName\":\"search_term_string\"}}],\"inLanguage\":\"de-DE\"},{\"@type\":\"Organization\",\"@id\":\"https:\\\/\\\/produncan.cl\\\/de\\\/#organization\",\"name\":\"Produncan\",\"url\":\"https:\\\/\\\/produncan.cl\\\/de\\\/\",\"logo\":{\"@type\":\"ImageObject\",\"inLanguage\":\"de-DE\",\"@id\":\"https:\\\/\\\/produncan.cl\\\/de\\\/#\\\/schema\\\/logo\\\/image\\\/\",\"url\":\"https:\\\/\\\/produncan.cl\\\/wp-content\\\/uploads\\\/2021\\\/03\\\/LOGO.jpeg\",\"contentUrl\":\"https:\\\/\\\/produncan.cl\\\/wp-content\\\/uploads\\\/2021\\\/03\\\/LOGO.jpeg\",\"width\":1280,\"height\":903,\"caption\":\"Produncan\"},\"image\":{\"@id\":\"https:\\\/\\\/produncan.cl\\\/de\\\/#\\\/schema\\\/logo\\\/image\\\/\"},\"sameAs\":[\"https:\\\/\\\/web.facebook.com\\\/produncanland\",\"https:\\\/\\\/www.instagram.com\\\/pro_duncan\\\/\",\"https:\\\/\\\/www.linkedin.com\\\/company\\\/produncan-lands\\\/\",\"https:\\\/\\\/www.youtube.com\\\/channel\\\/UCu7N-f3x0svkazD-Eew1-QQ\"],\"description\":\"En Produncan somos especialistas en la venta de terrenos en el sur de Chile. Proveemos estancias, campos, parcelas y hoteles.\",\"email\":\"info@produncan.cl\"}]}<\/script>\n<meta property=\"og:video\" content=\"https:\/\/www.youtube.com\/embed\/-glYWvCkntI\" \/>\n<meta property=\"og:video:type\" content=\"text\/html\" \/>\n<meta property=\"og:video:duration\" content=\"61\" \/>\n<meta property=\"og:video:width\" content=\"480\" \/>\n<meta property=\"og:video:height\" content=\"360\" \/>\n<meta property=\"ya:ovs:adult\" content=\"false\" \/>\n<meta property=\"ya:ovs:upload_date\" content=\"2021-05-06T17:40:46+00:00\" \/>\n<meta property=\"ya:ovs:allow_embed\" content=\"true\" \/>\n<meta property=\"product:price:currency\" content=\"USD\" \/>\n<meta property=\"og:availability\" content=\"out of stock\" \/>\n<meta property=\"product:availability\" content=\"out of stock\" \/>\n<meta property=\"product:condition\" content=\"new\" \/>\n<!-- \/ Yoast SEO Premium plugin. -->","yoast_head_json":{"title":"\"Feld 45ha R\u00edo Blanco - Lago Chapo, Puerto Montt\" - Produncan","description":"\"Feld von 45ha in der N\u00e4he von Chamiza und dem Chapo-See, Puerto Montt. Verf\u00fcgt \u00fcber 1050 Meter Fluss, Telefonempfang, Stromanschlussm\u00f6glichkeit und asphaltierte Zufahrt\"","robots":{"index":"index","follow":"follow","max-snippet":"max-snippet:-1","max-image-preview":"max-image-preview:large","max-video-preview":"max-video-preview:-1"},"canonical":"https:\/\/produncan.cl\/de\/produkt\/campo-rio-rio-blanco\/","og_locale":"de_DE","og_type":"article","og_title":"\"Feld 45ha R\u00edo Blanco - Lago Chapo, Puerto Montt\"","og_description":"\"Feld von 45ha in der N\u00e4he von Chamiza und dem Chapo-See, Puerto Montt. Verf\u00fcgt \u00fcber 1050 Meter Fluss, Telefonempfang, Stromanschlussm\u00f6glichkeit und asphaltierte Zufahrt\"","og_url":"https:\/\/produncan.cl\/de\/produkt\/campo-rio-rio-blanco\/","og_site_name":"Produncan","article_publisher":"https:\/\/web.facebook.com\/produncanland","article_modified_time":"2025-08-07T20:52:41+00:00","og_image":[{"width":600,"height":450,"url":"https:\/\/produncan.cl\/wp-content\/uploads\/2022\/05\/Campo-Rio-Blanco-Vendido.webp","type":"image\/webp"}],"twitter_card":"summary_large_image","twitter_misc":{"Price":"","Availability":"Out of stock"},"schema":{"@context":"https:\/\/schema.org","@graph":[{"@type":"WebPage","@id":"https:\/\/produncan.cl\/de\/produkt\/campo-rio-rio-blanco\/","url":"https:\/\/produncan.cl\/de\/produkt\/campo-rio-rio-blanco\/","name":"\"Feld 45ha R\u00edo Blanco - Lago Chapo, Puerto Montt\" - Produncan","isPartOf":{"@id":"https:\/\/produncan.cl\/de\/#website"},"primaryImageOfPage":{"@id":"https:\/\/produncan.cl\/de\/produkt\/campo-rio-rio-blanco\/#primaryimage"},"image":{"@id":"https:\/\/produncan.cl\/de\/produkt\/campo-rio-rio-blanco\/#primaryimage"},"thumbnailUrl":"https:\/\/produncan.cl\/wp-content\/uploads\/2022\/05\/Campo-Rio-Blanco-Vendido.webp","datePublished":"2021-05-06T17:40:46+00:00","dateModified":"2025-08-07T20:52:41+00:00","description":"\"Feld von 45ha in der N\u00e4he von Chamiza und dem Chapo-See, Puerto Montt. Verf\u00fcgt \u00fcber 1050 Meter Fluss, Telefonempfang, Stromanschlussm\u00f6glichkeit und asphaltierte Zufahrt\"","breadcrumb":{"@id":"https:\/\/produncan.cl\/de\/produkt\/campo-rio-rio-blanco\/#breadcrumb"},"inLanguage":"de-DE","potentialAction":[{"@type":"ReadAction","target":["https:\/\/produncan.cl\/de\/produkt\/campo-rio-rio-blanco\/"]}]},{"@type":"ImageObject","inLanguage":"de-DE","@id":"https:\/\/produncan.cl\/de\/produkt\/campo-rio-rio-blanco\/#primaryimage","url":"https:\/\/produncan.cl\/wp-content\/uploads\/2022\/05\/Campo-Rio-Blanco-Vendido.webp","contentUrl":"https:\/\/produncan.cl\/wp-content\/uploads\/2022\/05\/Campo-Rio-Blanco-Vendido.webp","width":600,"height":450},{"@type":"BreadcrumbList","@id":"https:\/\/produncan.cl\/de\/produkt\/campo-rio-rio-blanco\/#breadcrumb","itemListElement":[{"@type":"ListItem","position":1,"name":"Inicio","item":"https:\/\/produncan.cl\/de\/"},{"@type":"ListItem","position":2,"name":"Eigenschaften","item":"https:\/\/produncan.cl\/propiedades\/"},{"@type":"ListItem","position":3,"name":"&#8220;Feld 45ha R\u00edo Blanco &#8211; Lago Chapo, Puerto Montt&#8221;"}]},{"@type":"WebSite","@id":"https:\/\/produncan.cl\/de\/#website","url":"https:\/\/produncan.cl\/de\/","name":"Produncan","description":"Wir begleiten Sie bei Ihrem Lebensprojekt!","publisher":{"@id":"https:\/\/produncan.cl\/de\/#organization"},"potentialAction":[{"@type":"SearchAction","target":{"@type":"EntryPoint","urlTemplate":"https:\/\/produncan.cl\/de\/?s={search_term_string}"},"query-input":{"@type":"PropertyValueSpecification","valueRequired":true,"valueName":"search_term_string"}}],"inLanguage":"de-DE"},{"@type":"Organization","@id":"https:\/\/produncan.cl\/de\/#organization","name":"Produncan","url":"https:\/\/produncan.cl\/de\/","logo":{"@type":"ImageObject","inLanguage":"de-DE","@id":"https:\/\/produncan.cl\/de\/#\/schema\/logo\/image\/","url":"https:\/\/produncan.cl\/wp-content\/uploads\/2021\/03\/LOGO.jpeg","contentUrl":"https:\/\/produncan.cl\/wp-content\/uploads\/2021\/03\/LOGO.jpeg","width":1280,"height":903,"caption":"Produncan"},"image":{"@id":"https:\/\/produncan.cl\/de\/#\/schema\/logo\/image\/"},"sameAs":["https:\/\/web.facebook.com\/produncanland","https:\/\/www.instagram.com\/pro_duncan\/","https:\/\/www.linkedin.com\/company\/produncan-lands\/","https:\/\/www.youtube.com\/channel\/UCu7N-f3x0svkazD-Eew1-QQ"],"description":"En Produncan somos especialistas en la venta de terrenos en el sur de Chile. Proveemos estancias, campos, parcelas y hoteles.","email":"info@produncan.cl"}]},"og_video":"https:\/\/www.youtube.com\/embed\/-glYWvCkntI","og_video_type":"text\/html","og_video_duration":"61","og_video_width":"480","og_video_height":"360","ya_ovs_adult":"false","ya_ovs_upload_date":"2021-05-06T17:40:46+00:00","ya_ovs_allow_embed":"true","product_price_currency":"USD","og_availability":"out of stock","product_availability":"out of stock","product_condition":"new"},"_links":{"self":[{"href":"https:\/\/produncan.cl\/de\/wp-json\/wp\/v2\/product\/8632","targetHints":{"allow":["GET"]}}],"collection":[{"href":"https:\/\/produncan.cl\/de\/wp-json\/wp\/v2\/product"}],"about":[{"href":"https:\/\/produncan.cl\/de\/wp-json\/wp\/v2\/types\/product"}],"version-history":[{"count":0,"href":"https:\/\/produncan.cl\/de\/wp-json\/wp\/v2\/product\/8632\/revisions"}],"wp:featuredmedia":[{"embeddable":true,"href":"https:\/\/produncan.cl\/de\/wp-json\/wp\/v2\/media\/5934"}],"wp:attachment":[{"href":"https:\/\/produncan.cl\/de\/wp-json\/wp\/v2\/media?parent=8632"}],"wp:term":[{"taxonomy":"product_brand","embeddable":true,"href":"https:\/\/produncan.cl\/de\/wp-json\/wp\/v2\/product_brand?post=8632"},{"taxonomy":"product_cat","embeddable":true,"href":"https:\/\/produncan.cl\/de\/wp-json\/wp\/v2\/product_cat?post=8632"},{"taxonomy":"product_tag","embeddable":true,"href":"https:\/\/produncan.cl\/de\/wp-json\/wp\/v2\/product_tag?post=8632"},{"taxonomy":"regiones","embeddable":true,"href":"https:\/\/produncan.cl\/de\/wp-json\/wp\/v2\/regiones?post=8632"},{"taxonomy":"ciudades","embeddable":true,"href":"https:\/\/produncan.cl\/de\/wp-json\/wp\/v2\/ciudades?post=8632"}],"curies":[{"name":"wp","href":"https:\/\/api.w.org\/{rel}","templated":true}]}}