{"id":8635,"date":"2021-05-06T13:34:07","date_gmt":"2021-05-06T17:34:07","guid":{"rendered":"https:\/\/produncan.cl\/producto\/bellavista-camp\/"},"modified":"2025-08-07T16:52:42","modified_gmt":"2025-08-07T20:52:42","slug":"campo-bellavista","status":"publish","type":"product","link":"https:\/\/produncan.cl\/de\/produkt\/campo-bellavista\/","title":{"rendered":"&#8220;Feld 16,5ha Bellavista &#8211; Region Los Lagos&#8221;"},"content":{"rendered":"<p>&#8220;<span style=\"color: #fb1212;\"><a style=\"color: #fb1212;\" href=\"https:\/\/www.instagram.com\/tv\/CYWtRIhlKLx\/?hl=es-la\">VIDEO AUF INSTAGRAM ANSEHEN<\/a><\/span><\/p>\n<h2>Kommen Sie zu einem wundersch\u00f6nen Feld in Osorno mit 16,5 ha und zahlreichen Entwicklungsm\u00f6glichkeiten!<\/h2>\n<p>Das Bellavista-Feld liegt nur 20 Minuten n\u00f6rdlich von Osorno, auf dem Weg in den wundersch\u00f6nen Bereich von Trumao, Rio Bueno. Es verf\u00fcgt \u00fcber Strom, Brunnenwasser, sehr gutes Signal und Zugang mit nur 6 km Schotterstra\u00dfe in sehr gutem Zustand, die im Sommer 2022 vollst\u00e4ndig asphaltiert sein sollte.<\/p>\n<p>Das Anwesen verf\u00fcgt \u00fcber ein 80 m\u00b2 gro\u00dfes Haus auf zwei Etagen, ein Wohnzimmer, eine offene K\u00fcche, 4 Schlafzimmer, ein Badezimmer, eine 48 m\u00b2 gro\u00dfe Scheune und einen 45 m\u00b2 gro\u00dfen Obstgarten, alles in Betrieb.<\/p>\n<p>Der obere Teil des Feldes, der etwa 6,1 Hektar umfasst und k\u00fcrzlich mit Gras bepflanzt wurde, ist flach und ideal f\u00fcr die Landwirtschaft. Der Bereich grenzt auf 500 Metern an die Landstra\u00dfe, getrennt durch eine Reihe von Oregon-Kiefern.<\/p>\n<p>Anschlie\u00dfend besitzt der mittlere Teil des Feldes, etwa 7,7 Hektar, eine Wiese mit leichtem Gef\u00e4lle, die einen wundersch\u00f6nen Blick auf das Tal erm\u00f6glicht.<\/p>\n<p>Dieser Bereich verf\u00fcgt \u00fcber:<\/p>\n<ul>\n<li>Einheimische B\u00e4ume (Lorbeer, Kastanie, Hualle und Weide)<\/li>\n<li>Einen Obstgarten (Kirsch-, Apfel- und Pflaumenb\u00e4ume)<\/li>\n<li>Einen Bach und einen kleinen Kiesbrunnen zur Gewinnung von Schotter und Maicillo<\/li>\n<\/ul>\n<p>Der Ort w\u00fcrde die Entwicklung von H\u00e4usern mit wundersch\u00f6ner Aussicht erm\u00f6glichen.<\/p>\n<p>Schlie\u00dflich grenzt der untere Teil des Feldes, etwa 2,7 Hektar, auf 86 Metern an einen Fluss, wo Sie Garnelen ernten und Lachse und Forellen angeln k\u00f6nnen. Das Gel\u00e4nde des Bereichs ist flach und wird im Juni zu einer Wiese, die im Laufe des Jahres ein spektakul\u00e4res \u00d6kosystem und Futter f\u00fcr Viehzucht und Pferdezucht bietet, mit viel Weidelgras, Polei und Klee.<\/p>\n<p>Das Feld zahlt alle zwei Monate etwa 65.000 Pesos an Beitr\u00e4ge.<br \/>\nDas Haus hat au\u00dfen Kiefernholz, innen Pell\u00edn und Kiefernb\u00f6den. Die Scheune hat einen Schafstall.<\/p>\n<p>ENTDECKEN SIE ALLE ENTWICKLUNGSM\u00d6GLICHKEITEN DES PUTRIHUE-FELDES IN DER N\u00c4HE VON OSORNO! KONTAKTIEREN SIE UNS, WIR ERWARTEN SIE!&#8221;<\/p>\n","protected":false},"excerpt":{"rendered":"<p>&#8220;Feld 20 Minuten n\u00f6rdlich von Osorno. Haus, Schuppen, Flussufer, Einheimische.&#8221;<\/p>\n","protected":false},"featured_media":7078,"template":"","meta":{"_acf_changed":false},"product_brand":[],"product_cat":[104],"product_tag":[],"regiones":[226],"ciudades":[],"class_list":{"0":"post-8635","1":"product","2":"type-product","3":"status-publish","4":"has-post-thumbnail","6":"product_cat-ohiggins-los-lagos","7":"regiones-nuble-los_lagos","9":"first","10":"outofstock","11":"sold-individually","12":"shipping-taxable","13":"product-type-simple"},"acf":[],"yoast_head":"<!-- This site is optimized with the Yoast SEO Premium plugin v26.0 (Yoast SEO v27.4) - https:\/\/yoast.com\/product\/yoast-seo-premium-wordpress\/ -->\n<title>&quot;Campo Bellavista - Region Los Lagos - Produncan&quot;<\/title>\n<meta name=\"description\" content=\"&quot;Campo Bellavista, 16,5ha 20 Minuten n\u00f6rdlich von Osorno mit vielf\u00e4ltigen Entwicklungsm\u00f6glichkeiten. Mit Haus, Schuppen, Obstgarten und Flussufer&quot;\" \/>\n<meta name=\"robots\" content=\"index, follow, max-snippet:-1, max-image-preview:large, max-video-preview:-1\" \/>\n<link rel=\"canonical\" href=\"https:\/\/produncan.cl\/de\/produkt\/campo-bellavista\/\" \/>\n<meta property=\"og:locale\" content=\"de_DE\" \/>\n<meta property=\"og:type\" content=\"article\" \/>\n<meta property=\"og:title\" content=\"&quot;Feld 16,5ha Bellavista - Region Los Lagos&quot;\" \/>\n<meta property=\"og:description\" content=\"&quot;Campo Bellavista, 16,5ha 20 Minuten n\u00f6rdlich von Osorno mit vielf\u00e4ltigen Entwicklungsm\u00f6glichkeiten. Mit Haus, Schuppen, Obstgarten und Flussufer&quot;\" \/>\n<meta property=\"og:url\" content=\"https:\/\/produncan.cl\/de\/produkt\/campo-bellavista\/\" \/>\n<meta property=\"og:site_name\" content=\"Produncan\" \/>\n<meta property=\"article:publisher\" content=\"https:\/\/web.facebook.com\/produncanland\" \/>\n<meta property=\"article:modified_time\" content=\"2025-08-07T20:52:42+00:00\" \/>\n<meta property=\"og:image\" content=\"https:\/\/produncan.cl\/wp-content\/uploads\/2022\/05\/Bellavista-Vendido.webp\" \/>\n\t<meta property=\"og:image:width\" content=\"600\" \/>\n\t<meta property=\"og:image:height\" content=\"450\" \/>\n\t<meta property=\"og:image:type\" content=\"image\/webp\" \/>\n<meta name=\"twitter:card\" content=\"summary_large_image\" \/>\n<meta name=\"twitter:label1\" content=\"Price\" \/>\n\t<meta name=\"twitter:data1\" content=\"\" \/>\n\t<meta name=\"twitter:label2\" content=\"Availability\" \/>\n\t<meta name=\"twitter:data2\" content=\"Out of stock\" \/>\n<script type=\"application\/ld+json\" class=\"yoast-schema-graph\">{\"@context\":\"https:\\\/\\\/schema.org\",\"@graph\":[{\"@type\":\"WebPage\",\"@id\":\"https:\\\/\\\/produncan.cl\\\/de\\\/produkt\\\/campo-bellavista\\\/\",\"url\":\"https:\\\/\\\/produncan.cl\\\/de\\\/produkt\\\/campo-bellavista\\\/\",\"name\":\"\\\"Campo Bellavista - Region Los Lagos - Produncan\\\"\",\"isPartOf\":{\"@id\":\"https:\\\/\\\/produncan.cl\\\/de\\\/#website\"},\"primaryImageOfPage\":{\"@id\":\"https:\\\/\\\/produncan.cl\\\/de\\\/produkt\\\/campo-bellavista\\\/#primaryimage\"},\"image\":{\"@id\":\"https:\\\/\\\/produncan.cl\\\/de\\\/produkt\\\/campo-bellavista\\\/#primaryimage\"},\"thumbnailUrl\":\"https:\\\/\\\/produncan.cl\\\/wp-content\\\/uploads\\\/2022\\\/05\\\/Bellavista-Vendido.webp\",\"datePublished\":\"2021-05-06T17:34:07+00:00\",\"dateModified\":\"2025-08-07T20:52:42+00:00\",\"description\":\"\\\"Campo Bellavista, 16,5ha 20 Minuten n\u00f6rdlich von Osorno mit vielf\u00e4ltigen Entwicklungsm\u00f6glichkeiten. Mit Haus, Schuppen, Obstgarten und Flussufer\\\"\",\"breadcrumb\":{\"@id\":\"https:\\\/\\\/produncan.cl\\\/de\\\/produkt\\\/campo-bellavista\\\/#breadcrumb\"},\"inLanguage\":\"de-DE\",\"potentialAction\":[{\"@type\":\"ReadAction\",\"target\":[\"https:\\\/\\\/produncan.cl\\\/de\\\/produkt\\\/campo-bellavista\\\/\"]}]},{\"@type\":\"ImageObject\",\"inLanguage\":\"de-DE\",\"@id\":\"https:\\\/\\\/produncan.cl\\\/de\\\/produkt\\\/campo-bellavista\\\/#primaryimage\",\"url\":\"https:\\\/\\\/produncan.cl\\\/wp-content\\\/uploads\\\/2022\\\/05\\\/Bellavista-Vendido.webp\",\"contentUrl\":\"https:\\\/\\\/produncan.cl\\\/wp-content\\\/uploads\\\/2022\\\/05\\\/Bellavista-Vendido.webp\",\"width\":600,\"height\":450},{\"@type\":\"BreadcrumbList\",\"@id\":\"https:\\\/\\\/produncan.cl\\\/de\\\/produkt\\\/campo-bellavista\\\/#breadcrumb\",\"itemListElement\":[{\"@type\":\"ListItem\",\"position\":1,\"name\":\"Inicio\",\"item\":\"https:\\\/\\\/produncan.cl\\\/de\\\/\"},{\"@type\":\"ListItem\",\"position\":2,\"name\":\"Eigenschaften\",\"item\":\"https:\\\/\\\/produncan.cl\\\/propiedades\\\/\"},{\"@type\":\"ListItem\",\"position\":3,\"name\":\"&#8220;Feld 16,5ha Bellavista &#8211; Region Los Lagos&#8221;\"}]},{\"@type\":\"WebSite\",\"@id\":\"https:\\\/\\\/produncan.cl\\\/de\\\/#website\",\"url\":\"https:\\\/\\\/produncan.cl\\\/de\\\/\",\"name\":\"Produncan\",\"description\":\"Wir begleiten Sie bei Ihrem Lebensprojekt!\",\"publisher\":{\"@id\":\"https:\\\/\\\/produncan.cl\\\/de\\\/#organization\"},\"potentialAction\":[{\"@type\":\"SearchAction\",\"target\":{\"@type\":\"EntryPoint\",\"urlTemplate\":\"https:\\\/\\\/produncan.cl\\\/de\\\/?s={search_term_string}\"},\"query-input\":{\"@type\":\"PropertyValueSpecification\",\"valueRequired\":true,\"valueName\":\"search_term_string\"}}],\"inLanguage\":\"de-DE\"},{\"@type\":\"Organization\",\"@id\":\"https:\\\/\\\/produncan.cl\\\/de\\\/#organization\",\"name\":\"Produncan\",\"url\":\"https:\\\/\\\/produncan.cl\\\/de\\\/\",\"logo\":{\"@type\":\"ImageObject\",\"inLanguage\":\"de-DE\",\"@id\":\"https:\\\/\\\/produncan.cl\\\/de\\\/#\\\/schema\\\/logo\\\/image\\\/\",\"url\":\"https:\\\/\\\/produncan.cl\\\/wp-content\\\/uploads\\\/2021\\\/03\\\/LOGO.jpeg\",\"contentUrl\":\"https:\\\/\\\/produncan.cl\\\/wp-content\\\/uploads\\\/2021\\\/03\\\/LOGO.jpeg\",\"width\":1280,\"height\":903,\"caption\":\"Produncan\"},\"image\":{\"@id\":\"https:\\\/\\\/produncan.cl\\\/de\\\/#\\\/schema\\\/logo\\\/image\\\/\"},\"sameAs\":[\"https:\\\/\\\/web.facebook.com\\\/produncanland\",\"https:\\\/\\\/www.instagram.com\\\/pro_duncan\\\/\",\"https:\\\/\\\/www.linkedin.com\\\/company\\\/produncan-lands\\\/\",\"https:\\\/\\\/www.youtube.com\\\/channel\\\/UCu7N-f3x0svkazD-Eew1-QQ\"],\"description\":\"En Produncan somos especialistas en la venta de terrenos en el sur de Chile. Proveemos estancias, campos, parcelas y hoteles.\",\"email\":\"info@produncan.cl\"}]}<\/script>\n<meta property=\"og:video\" content=\"https:\/\/www.youtube.com\/embed\/UaDTG4qF13c\" \/>\n<meta property=\"og:video:type\" content=\"text\/html\" \/>\n<meta property=\"og:video:duration\" content=\"292\" \/>\n<meta property=\"og:video:width\" content=\"480\" \/>\n<meta property=\"og:video:height\" content=\"360\" \/>\n<meta property=\"ya:ovs:adult\" content=\"false\" \/>\n<meta property=\"ya:ovs:upload_date\" content=\"2021-05-06T17:34:07+00:00\" \/>\n<meta property=\"ya:ovs:allow_embed\" content=\"true\" \/>\n<meta property=\"product:price:currency\" content=\"USD\" \/>\n<meta property=\"og:availability\" content=\"out of stock\" \/>\n<meta property=\"product:availability\" content=\"out of stock\" \/>\n<meta property=\"product:condition\" content=\"new\" \/>\n<!-- \/ Yoast SEO Premium plugin. -->","yoast_head_json":{"title":"\"Campo Bellavista - Region Los Lagos - Produncan\"","description":"\"Campo Bellavista, 16,5ha 20 Minuten n\u00f6rdlich von Osorno mit vielf\u00e4ltigen Entwicklungsm\u00f6glichkeiten. Mit Haus, Schuppen, Obstgarten und Flussufer\"","robots":{"index":"index","follow":"follow","max-snippet":"max-snippet:-1","max-image-preview":"max-image-preview:large","max-video-preview":"max-video-preview:-1"},"canonical":"https:\/\/produncan.cl\/de\/produkt\/campo-bellavista\/","og_locale":"de_DE","og_type":"article","og_title":"\"Feld 16,5ha Bellavista - Region Los Lagos\"","og_description":"\"Campo Bellavista, 16,5ha 20 Minuten n\u00f6rdlich von Osorno mit vielf\u00e4ltigen Entwicklungsm\u00f6glichkeiten. Mit Haus, Schuppen, Obstgarten und Flussufer\"","og_url":"https:\/\/produncan.cl\/de\/produkt\/campo-bellavista\/","og_site_name":"Produncan","article_publisher":"https:\/\/web.facebook.com\/produncanland","article_modified_time":"2025-08-07T20:52:42+00:00","og_image":[{"width":600,"height":450,"url":"https:\/\/produncan.cl\/wp-content\/uploads\/2022\/05\/Bellavista-Vendido.webp","type":"image\/webp"}],"twitter_card":"summary_large_image","twitter_misc":{"Price":"","Availability":"Out of stock"},"schema":{"@context":"https:\/\/schema.org","@graph":[{"@type":"WebPage","@id":"https:\/\/produncan.cl\/de\/produkt\/campo-bellavista\/","url":"https:\/\/produncan.cl\/de\/produkt\/campo-bellavista\/","name":"\"Campo Bellavista - Region Los Lagos - Produncan\"","isPartOf":{"@id":"https:\/\/produncan.cl\/de\/#website"},"primaryImageOfPage":{"@id":"https:\/\/produncan.cl\/de\/produkt\/campo-bellavista\/#primaryimage"},"image":{"@id":"https:\/\/produncan.cl\/de\/produkt\/campo-bellavista\/#primaryimage"},"thumbnailUrl":"https:\/\/produncan.cl\/wp-content\/uploads\/2022\/05\/Bellavista-Vendido.webp","datePublished":"2021-05-06T17:34:07+00:00","dateModified":"2025-08-07T20:52:42+00:00","description":"\"Campo Bellavista, 16,5ha 20 Minuten n\u00f6rdlich von Osorno mit vielf\u00e4ltigen Entwicklungsm\u00f6glichkeiten. Mit Haus, Schuppen, Obstgarten und Flussufer\"","breadcrumb":{"@id":"https:\/\/produncan.cl\/de\/produkt\/campo-bellavista\/#breadcrumb"},"inLanguage":"de-DE","potentialAction":[{"@type":"ReadAction","target":["https:\/\/produncan.cl\/de\/produkt\/campo-bellavista\/"]}]},{"@type":"ImageObject","inLanguage":"de-DE","@id":"https:\/\/produncan.cl\/de\/produkt\/campo-bellavista\/#primaryimage","url":"https:\/\/produncan.cl\/wp-content\/uploads\/2022\/05\/Bellavista-Vendido.webp","contentUrl":"https:\/\/produncan.cl\/wp-content\/uploads\/2022\/05\/Bellavista-Vendido.webp","width":600,"height":450},{"@type":"BreadcrumbList","@id":"https:\/\/produncan.cl\/de\/produkt\/campo-bellavista\/#breadcrumb","itemListElement":[{"@type":"ListItem","position":1,"name":"Inicio","item":"https:\/\/produncan.cl\/de\/"},{"@type":"ListItem","position":2,"name":"Eigenschaften","item":"https:\/\/produncan.cl\/propiedades\/"},{"@type":"ListItem","position":3,"name":"&#8220;Feld 16,5ha Bellavista &#8211; Region Los Lagos&#8221;"}]},{"@type":"WebSite","@id":"https:\/\/produncan.cl\/de\/#website","url":"https:\/\/produncan.cl\/de\/","name":"Produncan","description":"Wir begleiten Sie bei Ihrem Lebensprojekt!","publisher":{"@id":"https:\/\/produncan.cl\/de\/#organization"},"potentialAction":[{"@type":"SearchAction","target":{"@type":"EntryPoint","urlTemplate":"https:\/\/produncan.cl\/de\/?s={search_term_string}"},"query-input":{"@type":"PropertyValueSpecification","valueRequired":true,"valueName":"search_term_string"}}],"inLanguage":"de-DE"},{"@type":"Organization","@id":"https:\/\/produncan.cl\/de\/#organization","name":"Produncan","url":"https:\/\/produncan.cl\/de\/","logo":{"@type":"ImageObject","inLanguage":"de-DE","@id":"https:\/\/produncan.cl\/de\/#\/schema\/logo\/image\/","url":"https:\/\/produncan.cl\/wp-content\/uploads\/2021\/03\/LOGO.jpeg","contentUrl":"https:\/\/produncan.cl\/wp-content\/uploads\/2021\/03\/LOGO.jpeg","width":1280,"height":903,"caption":"Produncan"},"image":{"@id":"https:\/\/produncan.cl\/de\/#\/schema\/logo\/image\/"},"sameAs":["https:\/\/web.facebook.com\/produncanland","https:\/\/www.instagram.com\/pro_duncan\/","https:\/\/www.linkedin.com\/company\/produncan-lands\/","https:\/\/www.youtube.com\/channel\/UCu7N-f3x0svkazD-Eew1-QQ"],"description":"En Produncan somos especialistas en la venta de terrenos en el sur de Chile. Proveemos estancias, campos, parcelas y hoteles.","email":"info@produncan.cl"}]},"og_video":"https:\/\/www.youtube.com\/embed\/UaDTG4qF13c","og_video_type":"text\/html","og_video_duration":"292","og_video_width":"480","og_video_height":"360","ya_ovs_adult":"false","ya_ovs_upload_date":"2021-05-06T17:34:07+00:00","ya_ovs_allow_embed":"true","product_price_currency":"USD","og_availability":"out of stock","product_availability":"out of stock","product_condition":"new"},"_links":{"self":[{"href":"https:\/\/produncan.cl\/de\/wp-json\/wp\/v2\/product\/8635","targetHints":{"allow":["GET"]}}],"collection":[{"href":"https:\/\/produncan.cl\/de\/wp-json\/wp\/v2\/product"}],"about":[{"href":"https:\/\/produncan.cl\/de\/wp-json\/wp\/v2\/types\/product"}],"version-history":[{"count":0,"href":"https:\/\/produncan.cl\/de\/wp-json\/wp\/v2\/product\/8635\/revisions"}],"wp:featuredmedia":[{"embeddable":true,"href":"https:\/\/produncan.cl\/de\/wp-json\/wp\/v2\/media\/7078"}],"wp:attachment":[{"href":"https:\/\/produncan.cl\/de\/wp-json\/wp\/v2\/media?parent=8635"}],"wp:term":[{"taxonomy":"product_brand","embeddable":true,"href":"https:\/\/produncan.cl\/de\/wp-json\/wp\/v2\/product_brand?post=8635"},{"taxonomy":"product_cat","embeddable":true,"href":"https:\/\/produncan.cl\/de\/wp-json\/wp\/v2\/product_cat?post=8635"},{"taxonomy":"product_tag","embeddable":true,"href":"https:\/\/produncan.cl\/de\/wp-json\/wp\/v2\/product_tag?post=8635"},{"taxonomy":"regiones","embeddable":true,"href":"https:\/\/produncan.cl\/de\/wp-json\/wp\/v2\/regiones?post=8635"},{"taxonomy":"ciudades","embeddable":true,"href":"https:\/\/produncan.cl\/de\/wp-json\/wp\/v2\/ciudades?post=8635"}],"curies":[{"name":"wp","href":"https:\/\/api.w.org\/{rel}","templated":true}]}}