{"id":8636,"date":"2021-05-06T13:32:46","date_gmt":"2021-05-06T17:32:46","guid":{"rendered":"https:\/\/produncan.cl\/producto\/parzelle-los-rulos\/"},"modified":"2025-07-24T12:31:26","modified_gmt":"2025-07-24T16:31:26","slug":"parzelliert-them-rulos","status":"publish","type":"product","link":"https:\/\/produncan.cl\/de\/produkt\/parzelliert-them-rulos\/","title":{"rendered":"Parzelle Los Rulos &#8211; Calbuco, Los Lagos"},"content":{"rendered":"<p><span style=\"color: #fb1212;\"><a style=\"color: #fb1212;\" href=\"https:\/\/www.instagram.com\/tv\/CXzGB3alNNQ\/?hl=es-la\">VIDEO AUF INSTAGRAM ANSEHEN<\/a><\/span><\/p>\n<h2>Verbringen Sie Ihre besten Jahre mit der besten Aussicht auf diesem Grundst\u00fcck in Calbuco!<\/h2>\n<p>Dies ist eine ausgezeichnete Gelegenheit, ein Grundst\u00fcck in Calbuco mit gutem Zugang, sch\u00f6ner Aussicht, einem halbfertigen Haus und zu einem guten Preis zu erwerben!<\/p>\n<p>Das Grundst\u00fcck liegt in der Gegend von Los Rulos in der Provinz Llanquihue, 40 Minuten von der Stadt Puerto Montt entfernt, auf dem Weg nach Chilo\u00e9.<\/p>\n<p>Der Ort verf\u00fcgt \u00fcber einphasigen Strom, ist an das l\u00e4ndliche Trinkwassersystem angeschlossen, hat ein gutes Telekommunikationssignal und ist mit Calbuco und Puerto Montt verbunden.<\/p>\n<p>Das Gel\u00e4nde ist gr\u00f6\u00dftenteils offen, mit leicht abfallenden Wiesen und einem eingez\u00e4unten Bereich.<\/p>\n<p>Das 55 m2 gro\u00dfe, nach Osten ausgerichtete und halbfertige Haus hat eine moderne Architektur, eine Au\u00dfenverkleidung aus vorgestrichenem schwarzem Blech, eine Struktur aus Kiefernholz, einen Boden aus Sperrholz, Eisenpfeiler und Betonst\u00fctzen. Eine Investition von etwa 10 bis 15 Mio. $ sollte ins Auge gefasst werden, um es makellos zu machen.<\/p>\n<p>Der Zugang zum Grundst\u00fcck ist gepflastert und dann eine Dienstbarkeit von 600mts mit zwei Nachbarn geteilt. Andererseits zeigt der Plan des Konservators eine noch nicht realisierte Erleichterung von 340 m in Richtung des K\u00fcstenweges der Bucht.<br \/>\nVor Ihrem Haus k\u00f6nnen Sie angeln, Muscheln, Miesmuscheln und Schwarzhalsschw\u00e4ne sowie eine vielf\u00e4ltige Fauna beobachten!<\/p>\n<p>In der N\u00e4he gibt es eine Post, eine Schule, eine Kirche und die Stadt Calbuco, eine mit dem Festland verbundene Insel, auf der Sie unter anderem das Museum, den Schlammturm, die Sonnenaufgangsterrassen und die beste Auswahl an Meeresfr\u00fcchten besuchen k\u00f6nnen.<\/p>\n<p>Das Grundst\u00fcck hat eine Fl\u00e4che von 6881 m2 und wird zu einem Preis von 85 Mio. USD verkauft, wobei ein sehr guter Direktkredit von 50 Mio. USD in bar und der Restbetrag in 12 Raten gew\u00e4hrt wird.<\/p>\n<p>LEBEN SIE IN LOS RULOS MIT EINEM WUNDERSCH\u00d6NEN MEERBLICK DIE BESTEN JAHRE IHRES LEBENS!<\/p>\n","protected":false},"excerpt":{"rendered":"<p>Wiese mit Blick auf die Bucht von Calbuco. 40 Minuten von Puerto Montt entfernt. Haus im Bau.<\/p>\n","protected":false},"featured_media":6086,"template":"","meta":{"_acf_changed":false},"product_brand":[],"product_cat":[104],"product_tag":[],"regiones":[226],"ciudades":[],"class_list":{"0":"post-8636","1":"product","2":"type-product","3":"status-publish","4":"has-post-thumbnail","6":"product_cat-ohiggins-los-lagos","7":"regiones-nuble-los_lagos","9":"first","10":"outofstock","11":"sold-individually","12":"shipping-taxable","13":"product-type-simple"},"acf":[],"yoast_head":"<!-- This site is optimized with the Yoast SEO Premium plugin v26.0 (Yoast SEO v27.4) - https:\/\/yoast.com\/product\/yoast-seo-premium-wordpress\/ -->\n<title>Parzelle Los Rulos - Calbuco, Los Lagos -% Calbuco - % % % % %% Calbuco<\/title>\n<meta name=\"description\" content=\"Offene Wiese mit sanften H\u00fcgeln von 6681m2 mit Panoramablick auf die Bucht des Meeres, 40min von Puerto Montt, auf dem Weg nach Chilo\u00e9 und in der N\u00e4he von Calbuco.\" \/>\n<meta name=\"robots\" content=\"index, follow, max-snippet:-1, max-image-preview:large, max-video-preview:-1\" \/>\n<link rel=\"canonical\" href=\"https:\/\/produncan.cl\/de\/produkt\/parzelliert-them-rulos\/\" \/>\n<meta property=\"og:locale\" content=\"de_DE\" \/>\n<meta property=\"og:type\" content=\"article\" \/>\n<meta property=\"og:title\" content=\"Parzelle Los Rulos - Calbuco, Los Lagos\" \/>\n<meta property=\"og:description\" content=\"Offene Wiese mit sanften H\u00fcgeln von 6681m2 mit Panoramablick auf die Bucht des Meeres, 40min von Puerto Montt, auf dem Weg nach Chilo\u00e9 und in der N\u00e4he von Calbuco.\" \/>\n<meta property=\"og:url\" content=\"https:\/\/produncan.cl\/de\/produkt\/parzelliert-them-rulos\/\" \/>\n<meta property=\"og:site_name\" content=\"Produncan\" \/>\n<meta property=\"article:publisher\" content=\"https:\/\/web.facebook.com\/produncanland\" \/>\n<meta property=\"article:modified_time\" content=\"2025-07-24T16:31:26+00:00\" \/>\n<meta property=\"og:image\" content=\"https:\/\/produncan.cl\/wp-content\/uploads\/2022\/05\/Parcela-Los-Rulos-vendida.webp\" \/>\n\t<meta property=\"og:image:width\" content=\"600\" \/>\n\t<meta property=\"og:image:height\" content=\"450\" \/>\n\t<meta property=\"og:image:type\" content=\"image\/webp\" \/>\n<meta name=\"twitter:card\" content=\"summary_large_image\" \/>\n<meta name=\"twitter:label1\" content=\"Price\" \/>\n\t<meta name=\"twitter:data1\" content=\"\" \/>\n\t<meta name=\"twitter:label2\" content=\"Availability\" \/>\n\t<meta name=\"twitter:data2\" content=\"Out of stock\" \/>\n<script type=\"application\/ld+json\" class=\"yoast-schema-graph\">{\"@context\":\"https:\\\/\\\/schema.org\",\"@graph\":[{\"@type\":\"WebPage\",\"@id\":\"https:\\\/\\\/produncan.cl\\\/de\\\/produkt\\\/parzelliert-them-rulos\\\/\",\"url\":\"https:\\\/\\\/produncan.cl\\\/de\\\/produkt\\\/parzelliert-them-rulos\\\/\",\"name\":\"Parzelle Los Rulos - Calbuco, Los Lagos -% Calbuco - % % % % %% Calbuco\",\"isPartOf\":{\"@id\":\"https:\\\/\\\/produncan.cl\\\/de\\\/#website\"},\"primaryImageOfPage\":{\"@id\":\"https:\\\/\\\/produncan.cl\\\/de\\\/produkt\\\/parzelliert-them-rulos\\\/#primaryimage\"},\"image\":{\"@id\":\"https:\\\/\\\/produncan.cl\\\/de\\\/produkt\\\/parzelliert-them-rulos\\\/#primaryimage\"},\"thumbnailUrl\":\"https:\\\/\\\/produncan.cl\\\/wp-content\\\/uploads\\\/2022\\\/05\\\/Parcela-Los-Rulos-vendida.webp\",\"datePublished\":\"2021-05-06T17:32:46+00:00\",\"dateModified\":\"2025-07-24T16:31:26+00:00\",\"description\":\"Offene Wiese mit sanften H\u00fcgeln von 6681m2 mit Panoramablick auf die Bucht des Meeres, 40min von Puerto Montt, auf dem Weg nach Chilo\u00e9 und in der N\u00e4he von Calbuco.\",\"breadcrumb\":{\"@id\":\"https:\\\/\\\/produncan.cl\\\/de\\\/produkt\\\/parzelliert-them-rulos\\\/#breadcrumb\"},\"inLanguage\":\"de-DE\",\"potentialAction\":[{\"@type\":\"ReadAction\",\"target\":[\"https:\\\/\\\/produncan.cl\\\/de\\\/produkt\\\/parzelliert-them-rulos\\\/\"]}]},{\"@type\":\"ImageObject\",\"inLanguage\":\"de-DE\",\"@id\":\"https:\\\/\\\/produncan.cl\\\/de\\\/produkt\\\/parzelliert-them-rulos\\\/#primaryimage\",\"url\":\"https:\\\/\\\/produncan.cl\\\/wp-content\\\/uploads\\\/2022\\\/05\\\/Parcela-Los-Rulos-vendida.webp\",\"contentUrl\":\"https:\\\/\\\/produncan.cl\\\/wp-content\\\/uploads\\\/2022\\\/05\\\/Parcela-Los-Rulos-vendida.webp\",\"width\":600,\"height\":450},{\"@type\":\"BreadcrumbList\",\"@id\":\"https:\\\/\\\/produncan.cl\\\/de\\\/produkt\\\/parzelliert-them-rulos\\\/#breadcrumb\",\"itemListElement\":[{\"@type\":\"ListItem\",\"position\":1,\"name\":\"Inicio\",\"item\":\"https:\\\/\\\/produncan.cl\\\/de\\\/\"},{\"@type\":\"ListItem\",\"position\":2,\"name\":\"Eigenschaften\",\"item\":\"https:\\\/\\\/produncan.cl\\\/propiedades\\\/\"},{\"@type\":\"ListItem\",\"position\":3,\"name\":\"Parzelle Los Rulos &#8211; Calbuco, Los Lagos\"}]},{\"@type\":\"WebSite\",\"@id\":\"https:\\\/\\\/produncan.cl\\\/de\\\/#website\",\"url\":\"https:\\\/\\\/produncan.cl\\\/de\\\/\",\"name\":\"Produncan\",\"description\":\"Wir begleiten Sie bei Ihrem Lebensprojekt!\",\"publisher\":{\"@id\":\"https:\\\/\\\/produncan.cl\\\/de\\\/#organization\"},\"potentialAction\":[{\"@type\":\"SearchAction\",\"target\":{\"@type\":\"EntryPoint\",\"urlTemplate\":\"https:\\\/\\\/produncan.cl\\\/de\\\/?s={search_term_string}\"},\"query-input\":{\"@type\":\"PropertyValueSpecification\",\"valueRequired\":true,\"valueName\":\"search_term_string\"}}],\"inLanguage\":\"de-DE\"},{\"@type\":\"Organization\",\"@id\":\"https:\\\/\\\/produncan.cl\\\/de\\\/#organization\",\"name\":\"Produncan\",\"url\":\"https:\\\/\\\/produncan.cl\\\/de\\\/\",\"logo\":{\"@type\":\"ImageObject\",\"inLanguage\":\"de-DE\",\"@id\":\"https:\\\/\\\/produncan.cl\\\/de\\\/#\\\/schema\\\/logo\\\/image\\\/\",\"url\":\"https:\\\/\\\/produncan.cl\\\/wp-content\\\/uploads\\\/2021\\\/03\\\/LOGO.jpeg\",\"contentUrl\":\"https:\\\/\\\/produncan.cl\\\/wp-content\\\/uploads\\\/2021\\\/03\\\/LOGO.jpeg\",\"width\":1280,\"height\":903,\"caption\":\"Produncan\"},\"image\":{\"@id\":\"https:\\\/\\\/produncan.cl\\\/de\\\/#\\\/schema\\\/logo\\\/image\\\/\"},\"sameAs\":[\"https:\\\/\\\/web.facebook.com\\\/produncanland\",\"https:\\\/\\\/www.instagram.com\\\/pro_duncan\\\/\",\"https:\\\/\\\/www.linkedin.com\\\/company\\\/produncan-lands\\\/\",\"https:\\\/\\\/www.youtube.com\\\/channel\\\/UCu7N-f3x0svkazD-Eew1-QQ\"],\"description\":\"En Produncan somos especialistas en la venta de terrenos en el sur de Chile. Proveemos estancias, campos, parcelas y hoteles.\",\"email\":\"info@produncan.cl\"}]}<\/script>\n<meta property=\"og:video\" content=\"https:\/\/www.youtube.com\/embed\/WMDT4NfvEgk\" \/>\n<meta property=\"og:video:type\" content=\"text\/html\" \/>\n<meta property=\"og:video:duration\" content=\"61\" \/>\n<meta property=\"og:video:width\" content=\"480\" \/>\n<meta property=\"og:video:height\" content=\"360\" \/>\n<meta property=\"ya:ovs:adult\" content=\"false\" \/>\n<meta property=\"ya:ovs:upload_date\" content=\"2021-05-06T17:32:46+00:00\" \/>\n<meta property=\"ya:ovs:allow_embed\" content=\"true\" \/>\n<meta property=\"product:price:currency\" content=\"USD\" \/>\n<meta property=\"og:availability\" content=\"out of stock\" \/>\n<meta property=\"product:availability\" content=\"out of stock\" \/>\n<meta property=\"product:condition\" content=\"new\" \/>\n<!-- \/ Yoast SEO Premium plugin. -->","yoast_head_json":{"title":"Parzelle Los Rulos - Calbuco, Los Lagos -% Calbuco - % % % % %% Calbuco","description":"Offene Wiese mit sanften H\u00fcgeln von 6681m2 mit Panoramablick auf die Bucht des Meeres, 40min von Puerto Montt, auf dem Weg nach Chilo\u00e9 und in der N\u00e4he von Calbuco.","robots":{"index":"index","follow":"follow","max-snippet":"max-snippet:-1","max-image-preview":"max-image-preview:large","max-video-preview":"max-video-preview:-1"},"canonical":"https:\/\/produncan.cl\/de\/produkt\/parzelliert-them-rulos\/","og_locale":"de_DE","og_type":"article","og_title":"Parzelle Los Rulos - Calbuco, Los Lagos","og_description":"Offene Wiese mit sanften H\u00fcgeln von 6681m2 mit Panoramablick auf die Bucht des Meeres, 40min von Puerto Montt, auf dem Weg nach Chilo\u00e9 und in der N\u00e4he von Calbuco.","og_url":"https:\/\/produncan.cl\/de\/produkt\/parzelliert-them-rulos\/","og_site_name":"Produncan","article_publisher":"https:\/\/web.facebook.com\/produncanland","article_modified_time":"2025-07-24T16:31:26+00:00","og_image":[{"width":600,"height":450,"url":"https:\/\/produncan.cl\/wp-content\/uploads\/2022\/05\/Parcela-Los-Rulos-vendida.webp","type":"image\/webp"}],"twitter_card":"summary_large_image","twitter_misc":{"Price":"","Availability":"Out of stock"},"schema":{"@context":"https:\/\/schema.org","@graph":[{"@type":"WebPage","@id":"https:\/\/produncan.cl\/de\/produkt\/parzelliert-them-rulos\/","url":"https:\/\/produncan.cl\/de\/produkt\/parzelliert-them-rulos\/","name":"Parzelle Los Rulos - Calbuco, Los Lagos -% Calbuco - % % % % %% Calbuco","isPartOf":{"@id":"https:\/\/produncan.cl\/de\/#website"},"primaryImageOfPage":{"@id":"https:\/\/produncan.cl\/de\/produkt\/parzelliert-them-rulos\/#primaryimage"},"image":{"@id":"https:\/\/produncan.cl\/de\/produkt\/parzelliert-them-rulos\/#primaryimage"},"thumbnailUrl":"https:\/\/produncan.cl\/wp-content\/uploads\/2022\/05\/Parcela-Los-Rulos-vendida.webp","datePublished":"2021-05-06T17:32:46+00:00","dateModified":"2025-07-24T16:31:26+00:00","description":"Offene Wiese mit sanften H\u00fcgeln von 6681m2 mit Panoramablick auf die Bucht des Meeres, 40min von Puerto Montt, auf dem Weg nach Chilo\u00e9 und in der N\u00e4he von Calbuco.","breadcrumb":{"@id":"https:\/\/produncan.cl\/de\/produkt\/parzelliert-them-rulos\/#breadcrumb"},"inLanguage":"de-DE","potentialAction":[{"@type":"ReadAction","target":["https:\/\/produncan.cl\/de\/produkt\/parzelliert-them-rulos\/"]}]},{"@type":"ImageObject","inLanguage":"de-DE","@id":"https:\/\/produncan.cl\/de\/produkt\/parzelliert-them-rulos\/#primaryimage","url":"https:\/\/produncan.cl\/wp-content\/uploads\/2022\/05\/Parcela-Los-Rulos-vendida.webp","contentUrl":"https:\/\/produncan.cl\/wp-content\/uploads\/2022\/05\/Parcela-Los-Rulos-vendida.webp","width":600,"height":450},{"@type":"BreadcrumbList","@id":"https:\/\/produncan.cl\/de\/produkt\/parzelliert-them-rulos\/#breadcrumb","itemListElement":[{"@type":"ListItem","position":1,"name":"Inicio","item":"https:\/\/produncan.cl\/de\/"},{"@type":"ListItem","position":2,"name":"Eigenschaften","item":"https:\/\/produncan.cl\/propiedades\/"},{"@type":"ListItem","position":3,"name":"Parzelle Los Rulos &#8211; Calbuco, Los Lagos"}]},{"@type":"WebSite","@id":"https:\/\/produncan.cl\/de\/#website","url":"https:\/\/produncan.cl\/de\/","name":"Produncan","description":"Wir begleiten Sie bei Ihrem Lebensprojekt!","publisher":{"@id":"https:\/\/produncan.cl\/de\/#organization"},"potentialAction":[{"@type":"SearchAction","target":{"@type":"EntryPoint","urlTemplate":"https:\/\/produncan.cl\/de\/?s={search_term_string}"},"query-input":{"@type":"PropertyValueSpecification","valueRequired":true,"valueName":"search_term_string"}}],"inLanguage":"de-DE"},{"@type":"Organization","@id":"https:\/\/produncan.cl\/de\/#organization","name":"Produncan","url":"https:\/\/produncan.cl\/de\/","logo":{"@type":"ImageObject","inLanguage":"de-DE","@id":"https:\/\/produncan.cl\/de\/#\/schema\/logo\/image\/","url":"https:\/\/produncan.cl\/wp-content\/uploads\/2021\/03\/LOGO.jpeg","contentUrl":"https:\/\/produncan.cl\/wp-content\/uploads\/2021\/03\/LOGO.jpeg","width":1280,"height":903,"caption":"Produncan"},"image":{"@id":"https:\/\/produncan.cl\/de\/#\/schema\/logo\/image\/"},"sameAs":["https:\/\/web.facebook.com\/produncanland","https:\/\/www.instagram.com\/pro_duncan\/","https:\/\/www.linkedin.com\/company\/produncan-lands\/","https:\/\/www.youtube.com\/channel\/UCu7N-f3x0svkazD-Eew1-QQ"],"description":"En Produncan somos especialistas en la venta de terrenos en el sur de Chile. Proveemos estancias, campos, parcelas y hoteles.","email":"info@produncan.cl"}]},"og_video":"https:\/\/www.youtube.com\/embed\/WMDT4NfvEgk","og_video_type":"text\/html","og_video_duration":"61","og_video_width":"480","og_video_height":"360","ya_ovs_adult":"false","ya_ovs_upload_date":"2021-05-06T17:32:46+00:00","ya_ovs_allow_embed":"true","product_price_currency":"USD","og_availability":"out of stock","product_availability":"out of stock","product_condition":"new"},"_links":{"self":[{"href":"https:\/\/produncan.cl\/de\/wp-json\/wp\/v2\/product\/8636","targetHints":{"allow":["GET"]}}],"collection":[{"href":"https:\/\/produncan.cl\/de\/wp-json\/wp\/v2\/product"}],"about":[{"href":"https:\/\/produncan.cl\/de\/wp-json\/wp\/v2\/types\/product"}],"version-history":[{"count":0,"href":"https:\/\/produncan.cl\/de\/wp-json\/wp\/v2\/product\/8636\/revisions"}],"wp:featuredmedia":[{"embeddable":true,"href":"https:\/\/produncan.cl\/de\/wp-json\/wp\/v2\/media\/6086"}],"wp:attachment":[{"href":"https:\/\/produncan.cl\/de\/wp-json\/wp\/v2\/media?parent=8636"}],"wp:term":[{"taxonomy":"product_brand","embeddable":true,"href":"https:\/\/produncan.cl\/de\/wp-json\/wp\/v2\/product_brand?post=8636"},{"taxonomy":"product_cat","embeddable":true,"href":"https:\/\/produncan.cl\/de\/wp-json\/wp\/v2\/product_cat?post=8636"},{"taxonomy":"product_tag","embeddable":true,"href":"https:\/\/produncan.cl\/de\/wp-json\/wp\/v2\/product_tag?post=8636"},{"taxonomy":"regiones","embeddable":true,"href":"https:\/\/produncan.cl\/de\/wp-json\/wp\/v2\/regiones?post=8636"},{"taxonomy":"ciudades","embeddable":true,"href":"https:\/\/produncan.cl\/de\/wp-json\/wp\/v2\/ciudades?post=8636"}],"curies":[{"name":"wp","href":"https:\/\/api.w.org\/{rel}","templated":true}]}}