{"id":8638,"date":"2021-05-06T13:31:25","date_gmt":"2021-05-06T17:31:25","guid":{"rendered":"https:\/\/produncan.cl\/producto\/campito-llico-alto\/"},"modified":"2025-08-07T16:52:43","modified_gmt":"2025-08-07T20:52:43","slug":"campito-llico-hoch","status":"publish","type":"product","link":"https:\/\/produncan.cl\/de\/produkt\/campito-llico-hoch\/","title":{"rendered":"&#8220;Campito 8,66 Llico Alto &#8211; Parga, Region der Seen&#8221;"},"content":{"rendered":"<p><span style=\"color: #fb1212;\"><a style=\"color: #fb1212;\" href=\"https:\/\/www.instagram.com\/reel\/CXjY2YjJkUT\/\" target=\"_blank\" rel=\"noopener\">VIDEO AUF INSTAGRAM ANSEHEN<\/a><\/span><\/p>\n<h2>LEBEN SIE IN EINEM KLEINEN HOCHGEBIRGSCAMP MIT AUSGEZEICHNETER AUSSICHT AUF DIE BERGKETTE!<\/h2>\n<p>Dieses Feld hat eine Fl\u00e4che von 8,66 Hektar und liegt am Anfang der K\u00fcstengebirgskette, in einem Sektor namens Llico Alto, der einen sch\u00f6nen Blick auf Frutillar, Puerto Varas und die Vulkane bietet.<br \/>\nDas Land hat 60% Wiese mit sanften H\u00e4ngen, einheimischen Wald (Ulmo, Myrte, Lingue, Maqui, Luma, Radal, Meli und Linde), drei B\u00e4che, die im Sommer nicht austrocknen und einen Hain mit vielen Bio-Obstb\u00e4umen: Kirsche, Apfel und Pflaume.<br \/>\nDie Zufahrt erfolgt \u00fcber eine nur 2 km lange Schotterstra\u00dfe in ausgezeichnetem Zustand und wird zweimal t\u00e4glich von \u00f6ffentlichen Verkehrsmitteln nach Parga und Fresia bedient.<br \/>\nDas Campito verf\u00fcgt au\u00dferdem \u00fcber Quellwasser, bald auch \u00fcber APR-Trinkwasser, einphasigen Strom, interne Z\u00e4une f\u00fcr die Tierhaltung, ein ausgezeichnetes Telekommunikationssignal, ein vor 20 Jahren erbautes Haus von 48 m2 (zu reparieren) mit K\u00fcche, Esszimmer, 2 Schlafzimmern, Bad, Kl\u00e4rgrube, Keller und Holzschuppen, und in der N\u00e4he befindet sich ein Conaf-Feuerwachturm.<br \/>\nNeben dem Eingang befindet sich eine kleine, architektonisch sehr sch\u00f6ne Grundschule, deren Grundst\u00fcck von den Eigent\u00fcmern gestiftet wurde. Die Nachbarn ihrerseits sind erstklassig!<br \/>\nDer Standort liegt in der N\u00e4he von Parga, Fresia, Ca\u00f1itas, Estaquilla, Llico bajo, Rio Blanco, Rio Pato und Los Muermos.<br \/>\nAu\u00dferdem gibt es in nur 2 km Entfernung ein Postamt, eine Schule, eine Kirche, eine Gemeindeverwaltung und einen Tourismusbetrieb mit Reitm\u00f6glichkeiten, Grillpl\u00e4tzen, Schwimmbad und H\u00fctten. Die Preisvorstellung liegt bei 98 Mio. Euro.<\/p>\n<p>VERGEUDEN SIE KEINE ZEIT MEHR UND VERBRINGEN SIE IHRE BESTEN JAHRE AUF DEM LANDE!<\/p>\n","protected":false},"excerpt":{"rendered":"<p>&#8220;Campito 1 Stunde von Puerto Varas entfernt. Strom, Wasser, B\u00e4che.&#8221;<\/p>\n","protected":false},"featured_media":4398,"template":"","meta":{"_acf_changed":false},"product_brand":[],"product_cat":[104],"product_tag":[],"regiones":[226],"ciudades":[],"class_list":{"0":"post-8638","1":"product","2":"type-product","3":"status-publish","4":"has-post-thumbnail","6":"product_cat-ohiggins-los-lagos","7":"regiones-nuble-los_lagos","9":"first","10":"outofstock","11":"sold-individually","12":"shipping-taxable","13":"product-type-simple"},"acf":[],"yoast_head":"<!-- This site is optimized with the Yoast SEO Premium plugin v26.0 (Yoast SEO v27.4) - https:\/\/yoast.com\/product\/yoast-seo-premium-wordpress\/ -->\n<title>&quot;Campito 8,66 Llico Alto - Parga, Region der Seen&quot; - Produncan<\/title>\n<meta name=\"description\" content=\"Kommen Sie zu diesem kleinen Feld von 8,66 Hektar mit sanften H\u00fcgeln, einheimischen B\u00e4umen und wundersch\u00f6nem Blick auf Frutillar und Puerto Montt.\" \/>\n<meta name=\"robots\" content=\"index, follow, max-snippet:-1, max-image-preview:large, max-video-preview:-1\" \/>\n<link rel=\"canonical\" href=\"https:\/\/produncan.cl\/de\/produkt\/campito-llico-hoch\/\" \/>\n<meta property=\"og:locale\" content=\"de_DE\" \/>\n<meta property=\"og:type\" content=\"article\" \/>\n<meta property=\"og:title\" content=\"&quot;Campito 8,66 Llico Alto - Parga, Region der Seen&quot;\" \/>\n<meta property=\"og:description\" content=\"Kommen Sie zu diesem kleinen Feld von 8,66 Hektar mit sanften H\u00fcgeln, einheimischen B\u00e4umen und wundersch\u00f6nem Blick auf Frutillar und Puerto Montt.\" \/>\n<meta property=\"og:url\" content=\"https:\/\/produncan.cl\/de\/produkt\/campito-llico-hoch\/\" \/>\n<meta property=\"og:site_name\" content=\"Produncan\" \/>\n<meta property=\"article:publisher\" content=\"https:\/\/web.facebook.com\/produncanland\" \/>\n<meta property=\"article:modified_time\" content=\"2025-08-07T20:52:43+00:00\" \/>\n<meta property=\"og:image\" content=\"https:\/\/produncan.cl\/wp-content\/uploads\/2022\/04\/Llico-Alto-Vendido.webp\" \/>\n\t<meta property=\"og:image:width\" content=\"300\" \/>\n\t<meta property=\"og:image:height\" content=\"225\" \/>\n\t<meta property=\"og:image:type\" content=\"image\/webp\" \/>\n<meta name=\"twitter:card\" content=\"summary_large_image\" \/>\n<meta name=\"twitter:label1\" content=\"Price\" \/>\n\t<meta name=\"twitter:data1\" content=\"\" \/>\n\t<meta name=\"twitter:label2\" content=\"Availability\" \/>\n\t<meta name=\"twitter:data2\" content=\"Out of stock\" \/>\n<script type=\"application\/ld+json\" class=\"yoast-schema-graph\">{\"@context\":\"https:\\\/\\\/schema.org\",\"@graph\":[{\"@type\":\"WebPage\",\"@id\":\"https:\\\/\\\/produncan.cl\\\/de\\\/produkt\\\/campito-llico-hoch\\\/\",\"url\":\"https:\\\/\\\/produncan.cl\\\/de\\\/produkt\\\/campito-llico-hoch\\\/\",\"name\":\"\\\"Campito 8,66 Llico Alto - Parga, Region der Seen\\\" - Produncan\",\"isPartOf\":{\"@id\":\"https:\\\/\\\/produncan.cl\\\/de\\\/#website\"},\"primaryImageOfPage\":{\"@id\":\"https:\\\/\\\/produncan.cl\\\/de\\\/produkt\\\/campito-llico-hoch\\\/#primaryimage\"},\"image\":{\"@id\":\"https:\\\/\\\/produncan.cl\\\/de\\\/produkt\\\/campito-llico-hoch\\\/#primaryimage\"},\"thumbnailUrl\":\"https:\\\/\\\/produncan.cl\\\/wp-content\\\/uploads\\\/2022\\\/04\\\/Llico-Alto-Vendido.webp\",\"datePublished\":\"2021-05-06T17:31:25+00:00\",\"dateModified\":\"2025-08-07T20:52:43+00:00\",\"description\":\"Kommen Sie zu diesem kleinen Feld von 8,66 Hektar mit sanften H\u00fcgeln, einheimischen B\u00e4umen und wundersch\u00f6nem Blick auf Frutillar und Puerto Montt.\",\"breadcrumb\":{\"@id\":\"https:\\\/\\\/produncan.cl\\\/de\\\/produkt\\\/campito-llico-hoch\\\/#breadcrumb\"},\"inLanguage\":\"de-DE\",\"potentialAction\":[{\"@type\":\"ReadAction\",\"target\":[\"https:\\\/\\\/produncan.cl\\\/de\\\/produkt\\\/campito-llico-hoch\\\/\"]}]},{\"@type\":\"ImageObject\",\"inLanguage\":\"de-DE\",\"@id\":\"https:\\\/\\\/produncan.cl\\\/de\\\/produkt\\\/campito-llico-hoch\\\/#primaryimage\",\"url\":\"https:\\\/\\\/produncan.cl\\\/wp-content\\\/uploads\\\/2022\\\/04\\\/Llico-Alto-Vendido.webp\",\"contentUrl\":\"https:\\\/\\\/produncan.cl\\\/wp-content\\\/uploads\\\/2022\\\/04\\\/Llico-Alto-Vendido.webp\",\"width\":300,\"height\":225},{\"@type\":\"BreadcrumbList\",\"@id\":\"https:\\\/\\\/produncan.cl\\\/de\\\/produkt\\\/campito-llico-hoch\\\/#breadcrumb\",\"itemListElement\":[{\"@type\":\"ListItem\",\"position\":1,\"name\":\"Inicio\",\"item\":\"https:\\\/\\\/produncan.cl\\\/de\\\/\"},{\"@type\":\"ListItem\",\"position\":2,\"name\":\"Eigenschaften\",\"item\":\"https:\\\/\\\/produncan.cl\\\/propiedades\\\/\"},{\"@type\":\"ListItem\",\"position\":3,\"name\":\"&#8220;Campito 8,66 Llico Alto &#8211; Parga, Region der Seen&#8221;\"}]},{\"@type\":\"WebSite\",\"@id\":\"https:\\\/\\\/produncan.cl\\\/de\\\/#website\",\"url\":\"https:\\\/\\\/produncan.cl\\\/de\\\/\",\"name\":\"Produncan\",\"description\":\"Wir begleiten Sie bei Ihrem Lebensprojekt!\",\"publisher\":{\"@id\":\"https:\\\/\\\/produncan.cl\\\/de\\\/#organization\"},\"potentialAction\":[{\"@type\":\"SearchAction\",\"target\":{\"@type\":\"EntryPoint\",\"urlTemplate\":\"https:\\\/\\\/produncan.cl\\\/de\\\/?s={search_term_string}\"},\"query-input\":{\"@type\":\"PropertyValueSpecification\",\"valueRequired\":true,\"valueName\":\"search_term_string\"}}],\"inLanguage\":\"de-DE\"},{\"@type\":\"Organization\",\"@id\":\"https:\\\/\\\/produncan.cl\\\/de\\\/#organization\",\"name\":\"Produncan\",\"url\":\"https:\\\/\\\/produncan.cl\\\/de\\\/\",\"logo\":{\"@type\":\"ImageObject\",\"inLanguage\":\"de-DE\",\"@id\":\"https:\\\/\\\/produncan.cl\\\/de\\\/#\\\/schema\\\/logo\\\/image\\\/\",\"url\":\"https:\\\/\\\/produncan.cl\\\/wp-content\\\/uploads\\\/2021\\\/03\\\/LOGO.jpeg\",\"contentUrl\":\"https:\\\/\\\/produncan.cl\\\/wp-content\\\/uploads\\\/2021\\\/03\\\/LOGO.jpeg\",\"width\":1280,\"height\":903,\"caption\":\"Produncan\"},\"image\":{\"@id\":\"https:\\\/\\\/produncan.cl\\\/de\\\/#\\\/schema\\\/logo\\\/image\\\/\"},\"sameAs\":[\"https:\\\/\\\/web.facebook.com\\\/produncanland\",\"https:\\\/\\\/www.instagram.com\\\/pro_duncan\\\/\",\"https:\\\/\\\/www.linkedin.com\\\/company\\\/produncan-lands\\\/\",\"https:\\\/\\\/www.youtube.com\\\/channel\\\/UCu7N-f3x0svkazD-Eew1-QQ\"],\"description\":\"En Produncan somos especialistas en la venta de terrenos en el sur de Chile. Proveemos estancias, campos, parcelas y hoteles.\",\"email\":\"info@produncan.cl\"}]}<\/script>\n<meta property=\"og:video\" content=\"https:\/\/www.youtube.com\/embed\/SB5MTrkdzwQ\" \/>\n<meta property=\"og:video:type\" content=\"text\/html\" \/>\n<meta property=\"og:video:duration\" content=\"60\" \/>\n<meta property=\"og:video:width\" content=\"480\" \/>\n<meta property=\"og:video:height\" content=\"360\" \/>\n<meta property=\"ya:ovs:adult\" content=\"false\" \/>\n<meta property=\"ya:ovs:upload_date\" content=\"2021-05-06T17:31:25+00:00\" \/>\n<meta property=\"ya:ovs:allow_embed\" content=\"true\" \/>\n<meta property=\"product:price:currency\" content=\"USD\" \/>\n<meta property=\"og:availability\" content=\"out of stock\" \/>\n<meta property=\"product:availability\" content=\"out of stock\" \/>\n<meta property=\"product:condition\" content=\"new\" \/>\n<!-- \/ Yoast SEO Premium plugin. -->","yoast_head_json":{"title":"\"Campito 8,66 Llico Alto - Parga, Region der Seen\" - Produncan","description":"Kommen Sie zu diesem kleinen Feld von 8,66 Hektar mit sanften H\u00fcgeln, einheimischen B\u00e4umen und wundersch\u00f6nem Blick auf Frutillar und Puerto Montt.","robots":{"index":"index","follow":"follow","max-snippet":"max-snippet:-1","max-image-preview":"max-image-preview:large","max-video-preview":"max-video-preview:-1"},"canonical":"https:\/\/produncan.cl\/de\/produkt\/campito-llico-hoch\/","og_locale":"de_DE","og_type":"article","og_title":"\"Campito 8,66 Llico Alto - Parga, Region der Seen\"","og_description":"Kommen Sie zu diesem kleinen Feld von 8,66 Hektar mit sanften H\u00fcgeln, einheimischen B\u00e4umen und wundersch\u00f6nem Blick auf Frutillar und Puerto Montt.","og_url":"https:\/\/produncan.cl\/de\/produkt\/campito-llico-hoch\/","og_site_name":"Produncan","article_publisher":"https:\/\/web.facebook.com\/produncanland","article_modified_time":"2025-08-07T20:52:43+00:00","og_image":[{"width":300,"height":225,"url":"https:\/\/produncan.cl\/wp-content\/uploads\/2022\/04\/Llico-Alto-Vendido.webp","type":"image\/webp"}],"twitter_card":"summary_large_image","twitter_misc":{"Price":"","Availability":"Out of stock"},"schema":{"@context":"https:\/\/schema.org","@graph":[{"@type":"WebPage","@id":"https:\/\/produncan.cl\/de\/produkt\/campito-llico-hoch\/","url":"https:\/\/produncan.cl\/de\/produkt\/campito-llico-hoch\/","name":"\"Campito 8,66 Llico Alto - Parga, Region der Seen\" - Produncan","isPartOf":{"@id":"https:\/\/produncan.cl\/de\/#website"},"primaryImageOfPage":{"@id":"https:\/\/produncan.cl\/de\/produkt\/campito-llico-hoch\/#primaryimage"},"image":{"@id":"https:\/\/produncan.cl\/de\/produkt\/campito-llico-hoch\/#primaryimage"},"thumbnailUrl":"https:\/\/produncan.cl\/wp-content\/uploads\/2022\/04\/Llico-Alto-Vendido.webp","datePublished":"2021-05-06T17:31:25+00:00","dateModified":"2025-08-07T20:52:43+00:00","description":"Kommen Sie zu diesem kleinen Feld von 8,66 Hektar mit sanften H\u00fcgeln, einheimischen B\u00e4umen und wundersch\u00f6nem Blick auf Frutillar und Puerto Montt.","breadcrumb":{"@id":"https:\/\/produncan.cl\/de\/produkt\/campito-llico-hoch\/#breadcrumb"},"inLanguage":"de-DE","potentialAction":[{"@type":"ReadAction","target":["https:\/\/produncan.cl\/de\/produkt\/campito-llico-hoch\/"]}]},{"@type":"ImageObject","inLanguage":"de-DE","@id":"https:\/\/produncan.cl\/de\/produkt\/campito-llico-hoch\/#primaryimage","url":"https:\/\/produncan.cl\/wp-content\/uploads\/2022\/04\/Llico-Alto-Vendido.webp","contentUrl":"https:\/\/produncan.cl\/wp-content\/uploads\/2022\/04\/Llico-Alto-Vendido.webp","width":300,"height":225},{"@type":"BreadcrumbList","@id":"https:\/\/produncan.cl\/de\/produkt\/campito-llico-hoch\/#breadcrumb","itemListElement":[{"@type":"ListItem","position":1,"name":"Inicio","item":"https:\/\/produncan.cl\/de\/"},{"@type":"ListItem","position":2,"name":"Eigenschaften","item":"https:\/\/produncan.cl\/propiedades\/"},{"@type":"ListItem","position":3,"name":"&#8220;Campito 8,66 Llico Alto &#8211; Parga, Region der Seen&#8221;"}]},{"@type":"WebSite","@id":"https:\/\/produncan.cl\/de\/#website","url":"https:\/\/produncan.cl\/de\/","name":"Produncan","description":"Wir begleiten Sie bei Ihrem Lebensprojekt!","publisher":{"@id":"https:\/\/produncan.cl\/de\/#organization"},"potentialAction":[{"@type":"SearchAction","target":{"@type":"EntryPoint","urlTemplate":"https:\/\/produncan.cl\/de\/?s={search_term_string}"},"query-input":{"@type":"PropertyValueSpecification","valueRequired":true,"valueName":"search_term_string"}}],"inLanguage":"de-DE"},{"@type":"Organization","@id":"https:\/\/produncan.cl\/de\/#organization","name":"Produncan","url":"https:\/\/produncan.cl\/de\/","logo":{"@type":"ImageObject","inLanguage":"de-DE","@id":"https:\/\/produncan.cl\/de\/#\/schema\/logo\/image\/","url":"https:\/\/produncan.cl\/wp-content\/uploads\/2021\/03\/LOGO.jpeg","contentUrl":"https:\/\/produncan.cl\/wp-content\/uploads\/2021\/03\/LOGO.jpeg","width":1280,"height":903,"caption":"Produncan"},"image":{"@id":"https:\/\/produncan.cl\/de\/#\/schema\/logo\/image\/"},"sameAs":["https:\/\/web.facebook.com\/produncanland","https:\/\/www.instagram.com\/pro_duncan\/","https:\/\/www.linkedin.com\/company\/produncan-lands\/","https:\/\/www.youtube.com\/channel\/UCu7N-f3x0svkazD-Eew1-QQ"],"description":"En Produncan somos especialistas en la venta de terrenos en el sur de Chile. Proveemos estancias, campos, parcelas y hoteles.","email":"info@produncan.cl"}]},"og_video":"https:\/\/www.youtube.com\/embed\/SB5MTrkdzwQ","og_video_type":"text\/html","og_video_duration":"60","og_video_width":"480","og_video_height":"360","ya_ovs_adult":"false","ya_ovs_upload_date":"2021-05-06T17:31:25+00:00","ya_ovs_allow_embed":"true","product_price_currency":"USD","og_availability":"out of stock","product_availability":"out of stock","product_condition":"new"},"_links":{"self":[{"href":"https:\/\/produncan.cl\/de\/wp-json\/wp\/v2\/product\/8638","targetHints":{"allow":["GET"]}}],"collection":[{"href":"https:\/\/produncan.cl\/de\/wp-json\/wp\/v2\/product"}],"about":[{"href":"https:\/\/produncan.cl\/de\/wp-json\/wp\/v2\/types\/product"}],"version-history":[{"count":0,"href":"https:\/\/produncan.cl\/de\/wp-json\/wp\/v2\/product\/8638\/revisions"}],"wp:featuredmedia":[{"embeddable":true,"href":"https:\/\/produncan.cl\/de\/wp-json\/wp\/v2\/media\/4398"}],"wp:attachment":[{"href":"https:\/\/produncan.cl\/de\/wp-json\/wp\/v2\/media?parent=8638"}],"wp:term":[{"taxonomy":"product_brand","embeddable":true,"href":"https:\/\/produncan.cl\/de\/wp-json\/wp\/v2\/product_brand?post=8638"},{"taxonomy":"product_cat","embeddable":true,"href":"https:\/\/produncan.cl\/de\/wp-json\/wp\/v2\/product_cat?post=8638"},{"taxonomy":"product_tag","embeddable":true,"href":"https:\/\/produncan.cl\/de\/wp-json\/wp\/v2\/product_tag?post=8638"},{"taxonomy":"regiones","embeddable":true,"href":"https:\/\/produncan.cl\/de\/wp-json\/wp\/v2\/regiones?post=8638"},{"taxonomy":"ciudades","embeddable":true,"href":"https:\/\/produncan.cl\/de\/wp-json\/wp\/v2\/ciudades?post=8638"}],"curies":[{"name":"wp","href":"https:\/\/api.w.org\/{rel}","templated":true}]}}