{"id":8640,"date":"2021-05-06T13:09:51","date_gmt":"2021-05-06T17:09:51","guid":{"rendered":"https:\/\/produncan.cl\/producto\/standort-in-vicuna\/"},"modified":"2025-07-09T11:50:48","modified_gmt":"2025-07-09T15:50:48","slug":"standort-in-vicuna","status":"publish","type":"product","link":"https:\/\/produncan.cl\/de\/produkt\/standort-in-vicuna\/","title":{"rendered":"Standort in Vicu\u00f1a &#8211; Route der Sterne"},"content":{"rendered":"<h2>Entwickeln Sie Ihr Tourismusprojekt im Elqui-Tal!<\/h2>\n<p>Wir laden Sie ein, einen attraktiven Standort in Vicu\u00f1a zu besuchen. Nur einen H\u00e4userblock von der Plaza de Armas entfernt, dem Tor zum Elqui-Tal, einem der wichtigsten touristischen Ziele in Chile!<br \/>\nDas Grundst\u00fcck hat eine privilegierte Lage. Es hat eine Gesamtfl\u00e4che von 595m\u00b2, mit 17,5mts auf der Vorderseite und 30mts auf der R\u00fcckseite, 3 gro\u00dfe Zimmer, 1 Badezimmer und einen Kanal mit Wasserrechten mit konstanter Str\u00f6mung das ganze Jahr \u00fcber.<\/p>\n<ul>\n<li>Die Fassade der Immobilie ist in gutem Zustand und es wird vorgeschlagen, den Stil, der die Bauten der Stadt charakterisiert, zu erhalten.<\/li>\n<li>Im Innenbereich k\u00f6nnen einige der Nebengeb\u00e4ude als Sockel wiederverwendet werden.<\/li>\n<li>Es verf\u00fcgt derzeit \u00fcber ein funktionierendes Badezimmer.<\/li>\n<li>Es verf\u00fcgt \u00fcber eine aktuelle Elektroinstallation und drei Eing\u00e4nge von der Stra\u00dfe aus.<\/li>\n<li>Auch die Vegetation ist \u00fcppig: Oliven, \u00c4pfel, Avocados, Zitronen, Mandarinen, ein gro\u00dfer Lorbeer und Palmen.<\/li>\n<\/ul>\n<p>Der Standort ist stark frequentiert, da er eine obligatorische Haltestelle f\u00fcr diejenigen ist, die in die Stadt Vicu\u00f1a einfahren und direkt zur Plaza de Armas fahren.<br \/>\nDas Grundst\u00fcck bietet vielf\u00e4ltige Entwicklungsm\u00f6glichkeiten. Obwohl es sich ideal f\u00fcr ein G\u00e4stehaus eignet, in dem man einen Glampingplatz mit Panoramablick auf das Tal und ein Restaurant im ersten Stock einrichten k\u00f6nnte, ein Gesch\u00e4ft, das an einem so belebten Ort Fr\u00fcchte tragen sollte.<br \/>\nBei Produncan unterst\u00fctzen wir Sie Schritt f\u00fcr Schritt dabei, ein solches Unternehmen zu f\u00fchren.<\/p>\n<p>Der Preis f\u00fcr den Verkauf des Gel\u00e4ndes in Vicu\u00f1a betr\u00e4gt 180 Millionen Dollar.<br \/>\nKONTAKTIEREN SIE UNS F\u00dcR WEITERE DETAILS ZU DIESER SPANNENDEN GELEGENHEIT!<\/p>\n","protected":false},"excerpt":{"rendered":"<p>Grundst\u00fcck in Vicu\u00f1a, ideal f\u00fcr Herberge und Restaurant. Schritt f\u00fcr Schritt mit Unterst\u00fctzung von Produncan.<\/p>\n","protected":false},"featured_media":25187,"template":"","meta":{"_acf_changed":false},"product_brand":[],"product_cat":[139],"product_tag":[],"regiones":[],"ciudades":[],"class_list":{"0":"post-8640","1":"product","2":"type-product","3":"status-publish","4":"has-post-thumbnail","6":"product_cat-nicht-kategorisiert","8":"first","9":"outofstock","10":"sold-individually","11":"shipping-taxable","12":"product-type-simple"},"acf":[],"yoast_head":"<!-- This site is optimized with the Yoast SEO Premium plugin v26.0 (Yoast SEO v27.3) - https:\/\/yoast.com\/product\/yoast-seo-premium-wordpress\/ -->\n<title>Standort in Vicu\u00f1a - Route der Sterne - Produncan<\/title>\n<meta name=\"description\" content=\"Dieses Grundst\u00fcck in Vicu\u00f1a, dem Tor zum Elqui-Tal, hat eine Fl\u00e4che von 595 m2 und befindet sich einen Block von der Plaza de Armas entfernt.\" \/>\n<meta name=\"robots\" content=\"index, follow, max-snippet:-1, max-image-preview:large, max-video-preview:-1\" \/>\n<link rel=\"canonical\" href=\"https:\/\/produncan.cl\/de\/produkt\/standort-in-vicuna\/\" \/>\n<meta property=\"og:locale\" content=\"de_DE\" \/>\n<meta property=\"og:type\" content=\"article\" \/>\n<meta property=\"og:title\" content=\"Standort in Vicu\u00f1a - Route der Sterne\" \/>\n<meta property=\"og:description\" content=\"Dieses Grundst\u00fcck in Vicu\u00f1a, dem Tor zum Elqui-Tal, hat eine Fl\u00e4che von 595 m2 und befindet sich einen Block von der Plaza de Armas entfernt.\" \/>\n<meta property=\"og:url\" content=\"https:\/\/produncan.cl\/de\/produkt\/standort-in-vicuna\/\" \/>\n<meta property=\"og:site_name\" content=\"Produncan\" \/>\n<meta property=\"article:publisher\" content=\"https:\/\/web.facebook.com\/produncanland\" \/>\n<meta property=\"article:modified_time\" content=\"2025-07-09T15:50:48+00:00\" \/>\n<meta property=\"og:image\" content=\"https:\/\/produncan.cl\/wp-content\/uploads\/2022\/05\/Sitio-en-Vicuna-Vendido.webp\" \/>\n\t<meta property=\"og:image:width\" content=\"600\" \/>\n\t<meta property=\"og:image:height\" content=\"450\" \/>\n\t<meta property=\"og:image:type\" content=\"image\/webp\" \/>\n<meta name=\"twitter:card\" content=\"summary_large_image\" \/>\n<meta name=\"twitter:label1\" content=\"Price\" \/>\n\t<meta name=\"twitter:data1\" content=\"\" \/>\n\t<meta name=\"twitter:label2\" content=\"Availability\" \/>\n\t<meta name=\"twitter:data2\" content=\"Out of stock\" \/>\n<script type=\"application\/ld+json\" class=\"yoast-schema-graph\">{\"@context\":\"https:\\\/\\\/schema.org\",\"@graph\":[{\"@type\":\"WebPage\",\"@id\":\"https:\\\/\\\/produncan.cl\\\/de\\\/produkt\\\/standort-in-vicuna\\\/\",\"url\":\"https:\\\/\\\/produncan.cl\\\/de\\\/produkt\\\/standort-in-vicuna\\\/\",\"name\":\"Standort in Vicu\u00f1a - Route der Sterne - Produncan\",\"isPartOf\":{\"@id\":\"https:\\\/\\\/produncan.cl\\\/de\\\/#website\"},\"primaryImageOfPage\":{\"@id\":\"https:\\\/\\\/produncan.cl\\\/de\\\/produkt\\\/standort-in-vicuna\\\/#primaryimage\"},\"image\":{\"@id\":\"https:\\\/\\\/produncan.cl\\\/de\\\/produkt\\\/standort-in-vicuna\\\/#primaryimage\"},\"thumbnailUrl\":\"https:\\\/\\\/produncan.cl\\\/wp-content\\\/uploads\\\/2022\\\/05\\\/Sitio-en-Vicuna-Vendido.webp\",\"datePublished\":\"2021-05-06T17:09:51+00:00\",\"dateModified\":\"2025-07-09T15:50:48+00:00\",\"description\":\"Dieses Grundst\u00fcck in Vicu\u00f1a, dem Tor zum Elqui-Tal, hat eine Fl\u00e4che von 595 m2 und befindet sich einen Block von der Plaza de Armas entfernt.\",\"breadcrumb\":{\"@id\":\"https:\\\/\\\/produncan.cl\\\/de\\\/produkt\\\/standort-in-vicuna\\\/#breadcrumb\"},\"inLanguage\":\"de-DE\",\"potentialAction\":[{\"@type\":\"ReadAction\",\"target\":[\"https:\\\/\\\/produncan.cl\\\/de\\\/produkt\\\/standort-in-vicuna\\\/\"]}]},{\"@type\":\"ImageObject\",\"inLanguage\":\"de-DE\",\"@id\":\"https:\\\/\\\/produncan.cl\\\/de\\\/produkt\\\/standort-in-vicuna\\\/#primaryimage\",\"url\":\"https:\\\/\\\/produncan.cl\\\/wp-content\\\/uploads\\\/2022\\\/05\\\/Sitio-en-Vicuna-Vendido.webp\",\"contentUrl\":\"https:\\\/\\\/produncan.cl\\\/wp-content\\\/uploads\\\/2022\\\/05\\\/Sitio-en-Vicuna-Vendido.webp\",\"width\":600,\"height\":450},{\"@type\":\"BreadcrumbList\",\"@id\":\"https:\\\/\\\/produncan.cl\\\/de\\\/produkt\\\/standort-in-vicuna\\\/#breadcrumb\",\"itemListElement\":[{\"@type\":\"ListItem\",\"position\":1,\"name\":\"Inicio\",\"item\":\"https:\\\/\\\/produncan.cl\\\/de\\\/\"},{\"@type\":\"ListItem\",\"position\":2,\"name\":\"Eigenschaften\",\"item\":\"https:\\\/\\\/produncan.cl\\\/propiedades\\\/\"},{\"@type\":\"ListItem\",\"position\":3,\"name\":\"Standort in Vicu\u00f1a &#8211; Route der Sterne\"}]},{\"@type\":\"WebSite\",\"@id\":\"https:\\\/\\\/produncan.cl\\\/de\\\/#website\",\"url\":\"https:\\\/\\\/produncan.cl\\\/de\\\/\",\"name\":\"Produncan\",\"description\":\"Wir begleiten Sie bei Ihrem Lebensprojekt!\",\"publisher\":{\"@id\":\"https:\\\/\\\/produncan.cl\\\/de\\\/#organization\"},\"potentialAction\":[{\"@type\":\"SearchAction\",\"target\":{\"@type\":\"EntryPoint\",\"urlTemplate\":\"https:\\\/\\\/produncan.cl\\\/de\\\/?s={search_term_string}\"},\"query-input\":{\"@type\":\"PropertyValueSpecification\",\"valueRequired\":true,\"valueName\":\"search_term_string\"}}],\"inLanguage\":\"de-DE\"},{\"@type\":\"Organization\",\"@id\":\"https:\\\/\\\/produncan.cl\\\/de\\\/#organization\",\"name\":\"Produncan\",\"url\":\"https:\\\/\\\/produncan.cl\\\/de\\\/\",\"logo\":{\"@type\":\"ImageObject\",\"inLanguage\":\"de-DE\",\"@id\":\"https:\\\/\\\/produncan.cl\\\/de\\\/#\\\/schema\\\/logo\\\/image\\\/\",\"url\":\"https:\\\/\\\/produncan.cl\\\/wp-content\\\/uploads\\\/2021\\\/03\\\/LOGO.jpeg\",\"contentUrl\":\"https:\\\/\\\/produncan.cl\\\/wp-content\\\/uploads\\\/2021\\\/03\\\/LOGO.jpeg\",\"width\":1280,\"height\":903,\"caption\":\"Produncan\"},\"image\":{\"@id\":\"https:\\\/\\\/produncan.cl\\\/de\\\/#\\\/schema\\\/logo\\\/image\\\/\"},\"sameAs\":[\"https:\\\/\\\/web.facebook.com\\\/produncanland\",\"https:\\\/\\\/www.instagram.com\\\/pro_duncan\\\/\",\"https:\\\/\\\/www.linkedin.com\\\/company\\\/produncan-lands\\\/\",\"https:\\\/\\\/www.youtube.com\\\/channel\\\/UCu7N-f3x0svkazD-Eew1-QQ\"],\"description\":\"En Produncan somos especialistas en la venta de terrenos en el sur de Chile. Proveemos estancias, campos, parcelas y hoteles.\",\"email\":\"info@produncan.cl\"}]}<\/script>\n<meta property=\"og:video\" content=\"https:\/\/www.youtube.com\/embed\/nDHrgw59H3c\" \/>\n<meta property=\"og:video:type\" content=\"text\/html\" \/>\n<meta property=\"og:video:duration\" content=\"61\" \/>\n<meta property=\"og:video:width\" content=\"480\" \/>\n<meta property=\"og:video:height\" content=\"360\" \/>\n<meta property=\"ya:ovs:adult\" content=\"false\" \/>\n<meta property=\"ya:ovs:upload_date\" content=\"2021-05-06T17:09:51+00:00\" \/>\n<meta property=\"ya:ovs:allow_embed\" content=\"true\" \/>\n<meta property=\"product:price:currency\" content=\"USD\" \/>\n<meta property=\"og:availability\" content=\"out of stock\" \/>\n<meta property=\"product:availability\" content=\"out of stock\" \/>\n<meta property=\"product:condition\" content=\"new\" \/>\n<!-- \/ Yoast SEO Premium plugin. -->","yoast_head_json":{"title":"Standort in Vicu\u00f1a - Route der Sterne - Produncan","description":"Dieses Grundst\u00fcck in Vicu\u00f1a, dem Tor zum Elqui-Tal, hat eine Fl\u00e4che von 595 m2 und befindet sich einen Block von der Plaza de Armas entfernt.","robots":{"index":"index","follow":"follow","max-snippet":"max-snippet:-1","max-image-preview":"max-image-preview:large","max-video-preview":"max-video-preview:-1"},"canonical":"https:\/\/produncan.cl\/de\/produkt\/standort-in-vicuna\/","og_locale":"de_DE","og_type":"article","og_title":"Standort in Vicu\u00f1a - Route der Sterne","og_description":"Dieses Grundst\u00fcck in Vicu\u00f1a, dem Tor zum Elqui-Tal, hat eine Fl\u00e4che von 595 m2 und befindet sich einen Block von der Plaza de Armas entfernt.","og_url":"https:\/\/produncan.cl\/de\/produkt\/standort-in-vicuna\/","og_site_name":"Produncan","article_publisher":"https:\/\/web.facebook.com\/produncanland","article_modified_time":"2025-07-09T15:50:48+00:00","og_image":[{"width":600,"height":450,"url":"https:\/\/produncan.cl\/wp-content\/uploads\/2022\/05\/Sitio-en-Vicuna-Vendido.webp","type":"image\/webp"}],"twitter_card":"summary_large_image","twitter_misc":{"Price":"","Availability":"Out of stock"},"schema":{"@context":"https:\/\/schema.org","@graph":[{"@type":"WebPage","@id":"https:\/\/produncan.cl\/de\/produkt\/standort-in-vicuna\/","url":"https:\/\/produncan.cl\/de\/produkt\/standort-in-vicuna\/","name":"Standort in Vicu\u00f1a - Route der Sterne - Produncan","isPartOf":{"@id":"https:\/\/produncan.cl\/de\/#website"},"primaryImageOfPage":{"@id":"https:\/\/produncan.cl\/de\/produkt\/standort-in-vicuna\/#primaryimage"},"image":{"@id":"https:\/\/produncan.cl\/de\/produkt\/standort-in-vicuna\/#primaryimage"},"thumbnailUrl":"https:\/\/produncan.cl\/wp-content\/uploads\/2022\/05\/Sitio-en-Vicuna-Vendido.webp","datePublished":"2021-05-06T17:09:51+00:00","dateModified":"2025-07-09T15:50:48+00:00","description":"Dieses Grundst\u00fcck in Vicu\u00f1a, dem Tor zum Elqui-Tal, hat eine Fl\u00e4che von 595 m2 und befindet sich einen Block von der Plaza de Armas entfernt.","breadcrumb":{"@id":"https:\/\/produncan.cl\/de\/produkt\/standort-in-vicuna\/#breadcrumb"},"inLanguage":"de-DE","potentialAction":[{"@type":"ReadAction","target":["https:\/\/produncan.cl\/de\/produkt\/standort-in-vicuna\/"]}]},{"@type":"ImageObject","inLanguage":"de-DE","@id":"https:\/\/produncan.cl\/de\/produkt\/standort-in-vicuna\/#primaryimage","url":"https:\/\/produncan.cl\/wp-content\/uploads\/2022\/05\/Sitio-en-Vicuna-Vendido.webp","contentUrl":"https:\/\/produncan.cl\/wp-content\/uploads\/2022\/05\/Sitio-en-Vicuna-Vendido.webp","width":600,"height":450},{"@type":"BreadcrumbList","@id":"https:\/\/produncan.cl\/de\/produkt\/standort-in-vicuna\/#breadcrumb","itemListElement":[{"@type":"ListItem","position":1,"name":"Inicio","item":"https:\/\/produncan.cl\/de\/"},{"@type":"ListItem","position":2,"name":"Eigenschaften","item":"https:\/\/produncan.cl\/propiedades\/"},{"@type":"ListItem","position":3,"name":"Standort in Vicu\u00f1a &#8211; Route der Sterne"}]},{"@type":"WebSite","@id":"https:\/\/produncan.cl\/de\/#website","url":"https:\/\/produncan.cl\/de\/","name":"Produncan","description":"Wir begleiten Sie bei Ihrem Lebensprojekt!","publisher":{"@id":"https:\/\/produncan.cl\/de\/#organization"},"potentialAction":[{"@type":"SearchAction","target":{"@type":"EntryPoint","urlTemplate":"https:\/\/produncan.cl\/de\/?s={search_term_string}"},"query-input":{"@type":"PropertyValueSpecification","valueRequired":true,"valueName":"search_term_string"}}],"inLanguage":"de-DE"},{"@type":"Organization","@id":"https:\/\/produncan.cl\/de\/#organization","name":"Produncan","url":"https:\/\/produncan.cl\/de\/","logo":{"@type":"ImageObject","inLanguage":"de-DE","@id":"https:\/\/produncan.cl\/de\/#\/schema\/logo\/image\/","url":"https:\/\/produncan.cl\/wp-content\/uploads\/2021\/03\/LOGO.jpeg","contentUrl":"https:\/\/produncan.cl\/wp-content\/uploads\/2021\/03\/LOGO.jpeg","width":1280,"height":903,"caption":"Produncan"},"image":{"@id":"https:\/\/produncan.cl\/de\/#\/schema\/logo\/image\/"},"sameAs":["https:\/\/web.facebook.com\/produncanland","https:\/\/www.instagram.com\/pro_duncan\/","https:\/\/www.linkedin.com\/company\/produncan-lands\/","https:\/\/www.youtube.com\/channel\/UCu7N-f3x0svkazD-Eew1-QQ"],"description":"En Produncan somos especialistas en la venta de terrenos en el sur de Chile. Proveemos estancias, campos, parcelas y hoteles.","email":"info@produncan.cl"}]},"og_video":"https:\/\/www.youtube.com\/embed\/nDHrgw59H3c","og_video_type":"text\/html","og_video_duration":"61","og_video_width":"480","og_video_height":"360","ya_ovs_adult":"false","ya_ovs_upload_date":"2021-05-06T17:09:51+00:00","ya_ovs_allow_embed":"true","product_price_currency":"USD","og_availability":"out of stock","product_availability":"out of stock","product_condition":"new"},"_links":{"self":[{"href":"https:\/\/produncan.cl\/de\/wp-json\/wp\/v2\/product\/8640","targetHints":{"allow":["GET"]}}],"collection":[{"href":"https:\/\/produncan.cl\/de\/wp-json\/wp\/v2\/product"}],"about":[{"href":"https:\/\/produncan.cl\/de\/wp-json\/wp\/v2\/types\/product"}],"version-history":[{"count":0,"href":"https:\/\/produncan.cl\/de\/wp-json\/wp\/v2\/product\/8640\/revisions"}],"wp:featuredmedia":[{"embeddable":true,"href":"https:\/\/produncan.cl\/de\/wp-json\/wp\/v2\/media\/25187"}],"wp:attachment":[{"href":"https:\/\/produncan.cl\/de\/wp-json\/wp\/v2\/media?parent=8640"}],"wp:term":[{"taxonomy":"product_brand","embeddable":true,"href":"https:\/\/produncan.cl\/de\/wp-json\/wp\/v2\/product_brand?post=8640"},{"taxonomy":"product_cat","embeddable":true,"href":"https:\/\/produncan.cl\/de\/wp-json\/wp\/v2\/product_cat?post=8640"},{"taxonomy":"product_tag","embeddable":true,"href":"https:\/\/produncan.cl\/de\/wp-json\/wp\/v2\/product_tag?post=8640"},{"taxonomy":"regiones","embeddable":true,"href":"https:\/\/produncan.cl\/de\/wp-json\/wp\/v2\/regiones?post=8640"},{"taxonomy":"ciudades","embeddable":true,"href":"https:\/\/produncan.cl\/de\/wp-json\/wp\/v2\/ciudades?post=8640"}],"curies":[{"name":"wp","href":"https:\/\/api.w.org\/{rel}","templated":true}]}}