{"id":8641,"date":"2022-05-06T13:05:50","date_gmt":"2022-05-06T17:05:50","guid":{"rendered":"https:\/\/produncan.cl\/producto\/lodge-encantado\/"},"modified":"2025-10-13T18:37:17","modified_gmt":"2025-10-13T21:37:17","slug":"lodge-encantado","status":"publish","type":"product","link":"https:\/\/produncan.cl\/de\/produkt\/lodge-encantado\/","title":{"rendered":"Lodge Encantado &#8211; Seengebiet"},"content":{"rendered":"\t\t<div data-elementor-type=\"product-post\" data-elementor-id=\"8641\" class=\"elementor elementor-8641 elementor-1613\" data-elementor-post-type=\"product\">\n\t\t\t\t<div class=\"elementor-element elementor-element-498a367 e-flex e-con-boxed e-con e-parent\" data-id=\"498a367\" data-element_type=\"container\" data-e-type=\"container\" data-settings=\"{&quot;jet_parallax_layout_list&quot;:[]}\">\n\t\t\t\t\t<div class=\"e-con-inner\">\n\t\t<div class=\"elementor-element elementor-element-09524b0 e-con-full e-flex e-con e-child\" data-id=\"09524b0\" data-element_type=\"container\" data-e-type=\"container\" data-settings=\"{&quot;jet_parallax_layout_list&quot;:[]}\">\n\t\t\t\t<div class=\"elementor-element elementor-element-41808e0 elementor-widget elementor-widget-text-editor\" data-id=\"41808e0\" data-element_type=\"widget\" data-e-type=\"widget\" data-widget_type=\"text-editor.default\">\n\t\t\t\t\t\t\t\t\t<h2>Wir laden Sie ein, in einer renommierten Lodge im Lake District zu leben und zu wirtschaften!<\/h2><p>Sein bekanntes Restaurant, seine sch\u00f6ne Architektur und seine hervorragende Auslastung machen es zu einem perfekten Ort, um in der Welt des Tourismus zu wachsen!<\/p><p><span style=\"color: var( --e-global-color-text ); font-family: var( --e-global-typography-text-font-family ), Sans-serif; font-weight: var( --e-global-typography-text-font-weight ); text-align: var(--text-align);\">Der Komplex besteht aus einem 428 m\u00b2 gro\u00dfen Hotel mit 8 Schlafzimmern und 11 Badezimmern, einem 106 m\u00b2 gro\u00dfen Eigent\u00fcmerhaus mit zwei Schlafzimmern und zwei Badezimmern, drei 55 m\u00b2 gro\u00dfen H\u00fctten mit zwei Schlafzimmern und einem Badezimmer, einem Personalhaus und einem Hausmeisterhaus, die sich alle auf einem 4 Hektar gro\u00dfen Grundst\u00fcck befinden, das eine bessere Infrastruktur und zuk\u00fcnftige Rentabilit\u00e4t erm\u00f6glicht.<\/span><\/p><p>Die Lodge befindet sich nicht nur in der N\u00e4he von touristischen Attraktionen, sondern verf\u00fcgt auch \u00fcber alle Vereinbarungen mit lokalen und internationalen Veranstaltern, hat die besten Bewertungen bei Booking und Trip Advisor und wird im Lonely Planet als &#8220;Must-See&#8221; bezeichnet.<\/p><p>Der Komplex hat j\u00e4hrliche Unterhaltskosten von 2 Millionen, Betriebskosten von 2,65 Millionen pro Monat und einen Umsatz von 11,7 Millionen pro Monat.<\/p><p>Sein Verkaufspreis betr\u00e4gt UF30.000.<\/p><p>Wenn Sie sich in der Tourismusbranche weiterentwickeln oder einfach ein neues Unternehmen gr\u00fcnden m\u00f6chten, schreiben Sie uns, damit wir Ihnen alle Informationen \u00fcber diesen gro\u00dfartigen Ort zusenden k\u00f6nnen!<\/p>\t\t\t\t\t\t\t\t<\/div>\n\t\t\t\t<\/div>\n\t\t\t\t\t<\/div>\n\t\t\t\t<\/div>\n\t\t\t\t<\/div>\n\t\t","protected":false},"excerpt":{"rendered":"<p>Lodge Encantado mit Hotel, H\u00fctten und Haus. Gelegenheit f\u00fcr touristische Aktivit\u00e4ten.<\/p>\n","protected":false},"featured_media":5350,"template":"","meta":{"_acf_changed":false},"product_brand":[],"product_cat":[104],"product_tag":[231],"regiones":[226],"ciudades":[],"class_list":{"0":"post-8641","1":"product","2":"type-product","3":"status-publish","4":"has-post-thumbnail","6":"product_cat-ohiggins-los-lagos","7":"product_tag-touristische-immobilien","8":"regiones-nuble-los_lagos","10":"first","11":"instock","12":"sold-individually","13":"shipping-taxable","14":"purchasable","15":"product-type-simple"},"acf":[],"yoast_head":"<!-- This site is optimized with the Yoast SEO Premium plugin v26.0 (Yoast SEO v27.3) - https:\/\/yoast.com\/product\/yoast-seo-premium-wordpress\/ -->\n<title>Lodge Encantado - Seengebiet - Produncan<\/title>\n<meta name=\"description\" content=\"Die Encantado Lodge ist ein 4 Hektar gro\u00dfes Gel\u00e4nde, das ein Hotel, ein Haus des Eigent\u00fcmers, drei H\u00fctten und ein Haus f\u00fcr Personal und Hausmeister umfasst.\" \/>\n<meta name=\"robots\" content=\"index, follow, max-snippet:-1, max-image-preview:large, max-video-preview:-1\" \/>\n<link rel=\"canonical\" href=\"https:\/\/produncan.cl\/de\/produkt\/lodge-encantado\/\" \/>\n<meta property=\"og:locale\" content=\"de_DE\" \/>\n<meta property=\"og:type\" content=\"article\" \/>\n<meta property=\"og:title\" content=\"Lodge Encantado - Seengebiet\" \/>\n<meta property=\"og:description\" content=\"Die Encantado Lodge ist ein 4 Hektar gro\u00dfes Gel\u00e4nde, das ein Hotel, ein Haus des Eigent\u00fcmers, drei H\u00fctten und ein Haus f\u00fcr Personal und Hausmeister umfasst.\" \/>\n<meta property=\"og:url\" content=\"https:\/\/produncan.cl\/de\/produkt\/lodge-encantado\/\" \/>\n<meta property=\"og:site_name\" content=\"Produncan\" \/>\n<meta property=\"article:publisher\" content=\"https:\/\/web.facebook.com\/produncanland\" \/>\n<meta property=\"article:modified_time\" content=\"2025-10-13T21:37:17+00:00\" \/>\n<meta property=\"og:image\" content=\"https:\/\/produncan.cl\/wp-content\/uploads\/2022\/05\/Lodge-Encantado.webp\" \/>\n\t<meta property=\"og:image:width\" content=\"600\" \/>\n\t<meta property=\"og:image:height\" content=\"450\" \/>\n\t<meta property=\"og:image:type\" content=\"image\/webp\" \/>\n<meta name=\"twitter:card\" content=\"summary_large_image\" \/>\n<meta name=\"twitter:label1\" content=\"Price\" \/>\n\t<meta name=\"twitter:data1\" content=\"USD1.255.500,00\" \/>\n\t<meta name=\"twitter:label2\" content=\"Availability\" \/>\n\t<meta name=\"twitter:data2\" content=\"In stock\" \/>\n<script type=\"application\/ld+json\" class=\"yoast-schema-graph\">{\"@context\":\"https:\\\/\\\/schema.org\",\"@graph\":[{\"@type\":\"WebPage\",\"@id\":\"https:\\\/\\\/produncan.cl\\\/de\\\/produkt\\\/lodge-encantado\\\/\",\"url\":\"https:\\\/\\\/produncan.cl\\\/de\\\/produkt\\\/lodge-encantado\\\/\",\"name\":\"Lodge Encantado - Seengebiet - Produncan\",\"isPartOf\":{\"@id\":\"https:\\\/\\\/produncan.cl\\\/de\\\/#website\"},\"primaryImageOfPage\":{\"@id\":\"https:\\\/\\\/produncan.cl\\\/de\\\/produkt\\\/lodge-encantado\\\/#primaryimage\"},\"image\":{\"@id\":\"https:\\\/\\\/produncan.cl\\\/de\\\/produkt\\\/lodge-encantado\\\/#primaryimage\"},\"thumbnailUrl\":\"https:\\\/\\\/produncan.cl\\\/wp-content\\\/uploads\\\/2022\\\/05\\\/Lodge-Encantado.webp\",\"datePublished\":\"2022-05-06T17:05:50+00:00\",\"dateModified\":\"2025-10-13T21:37:17+00:00\",\"description\":\"Die Encantado Lodge ist ein 4 Hektar gro\u00dfes Gel\u00e4nde, das ein Hotel, ein Haus des Eigent\u00fcmers, drei H\u00fctten und ein Haus f\u00fcr Personal und Hausmeister umfasst.\",\"breadcrumb\":{\"@id\":\"https:\\\/\\\/produncan.cl\\\/de\\\/produkt\\\/lodge-encantado\\\/#breadcrumb\"},\"inLanguage\":\"de-DE\",\"potentialAction\":[{\"@type\":\"ReadAction\",\"target\":[\"https:\\\/\\\/produncan.cl\\\/de\\\/produkt\\\/lodge-encantado\\\/\"]}]},{\"@type\":\"ImageObject\",\"inLanguage\":\"de-DE\",\"@id\":\"https:\\\/\\\/produncan.cl\\\/de\\\/produkt\\\/lodge-encantado\\\/#primaryimage\",\"url\":\"https:\\\/\\\/produncan.cl\\\/wp-content\\\/uploads\\\/2022\\\/05\\\/Lodge-Encantado.webp\",\"contentUrl\":\"https:\\\/\\\/produncan.cl\\\/wp-content\\\/uploads\\\/2022\\\/05\\\/Lodge-Encantado.webp\",\"width\":600,\"height\":450},{\"@type\":\"BreadcrumbList\",\"@id\":\"https:\\\/\\\/produncan.cl\\\/de\\\/produkt\\\/lodge-encantado\\\/#breadcrumb\",\"itemListElement\":[{\"@type\":\"ListItem\",\"position\":1,\"name\":\"Inicio\",\"item\":\"https:\\\/\\\/produncan.cl\\\/de\\\/\"},{\"@type\":\"ListItem\",\"position\":2,\"name\":\"Eigenschaften\",\"item\":\"https:\\\/\\\/produncan.cl\\\/propiedades\\\/\"},{\"@type\":\"ListItem\",\"position\":3,\"name\":\"Touristische Immobilien\",\"item\":\"https:\\\/\\\/produncan.cl\\\/de\\\/kategorie\\\/touristische-immobilien\\\/\"},{\"@type\":\"ListItem\",\"position\":4,\"name\":\"Lodge Encantado &#8211; Seengebiet\"}]},{\"@type\":\"WebSite\",\"@id\":\"https:\\\/\\\/produncan.cl\\\/de\\\/#website\",\"url\":\"https:\\\/\\\/produncan.cl\\\/de\\\/\",\"name\":\"Produncan\",\"description\":\"Wir begleiten Sie bei Ihrem Lebensprojekt!\",\"publisher\":{\"@id\":\"https:\\\/\\\/produncan.cl\\\/de\\\/#organization\"},\"potentialAction\":[{\"@type\":\"SearchAction\",\"target\":{\"@type\":\"EntryPoint\",\"urlTemplate\":\"https:\\\/\\\/produncan.cl\\\/de\\\/?s={search_term_string}\"},\"query-input\":{\"@type\":\"PropertyValueSpecification\",\"valueRequired\":true,\"valueName\":\"search_term_string\"}}],\"inLanguage\":\"de-DE\"},{\"@type\":\"Organization\",\"@id\":\"https:\\\/\\\/produncan.cl\\\/de\\\/#organization\",\"name\":\"Produncan\",\"url\":\"https:\\\/\\\/produncan.cl\\\/de\\\/\",\"logo\":{\"@type\":\"ImageObject\",\"inLanguage\":\"de-DE\",\"@id\":\"https:\\\/\\\/produncan.cl\\\/de\\\/#\\\/schema\\\/logo\\\/image\\\/\",\"url\":\"https:\\\/\\\/produncan.cl\\\/wp-content\\\/uploads\\\/2021\\\/03\\\/LOGO.jpeg\",\"contentUrl\":\"https:\\\/\\\/produncan.cl\\\/wp-content\\\/uploads\\\/2021\\\/03\\\/LOGO.jpeg\",\"width\":1280,\"height\":903,\"caption\":\"Produncan\"},\"image\":{\"@id\":\"https:\\\/\\\/produncan.cl\\\/de\\\/#\\\/schema\\\/logo\\\/image\\\/\"},\"sameAs\":[\"https:\\\/\\\/web.facebook.com\\\/produncanland\",\"https:\\\/\\\/www.instagram.com\\\/pro_duncan\\\/\",\"https:\\\/\\\/www.linkedin.com\\\/company\\\/produncan-lands\\\/\",\"https:\\\/\\\/www.youtube.com\\\/channel\\\/UCu7N-f3x0svkazD-Eew1-QQ\"],\"description\":\"En Produncan somos especialistas en la venta de terrenos en el sur de Chile. Proveemos estancias, campos, parcelas y hoteles.\",\"email\":\"info@produncan.cl\"}]}<\/script>\n<meta property=\"og:video\" content=\"https:\/\/www.youtube.com\/embed\/igG1wA9PClw\" \/>\n<meta property=\"og:video:type\" content=\"text\/html\" \/>\n<meta property=\"og:video:duration\" content=\"61\" \/>\n<meta property=\"og:video:width\" content=\"480\" \/>\n<meta property=\"og:video:height\" content=\"360\" \/>\n<meta property=\"ya:ovs:adult\" content=\"false\" \/>\n<meta property=\"ya:ovs:upload_date\" content=\"2022-05-06T17:05:50+00:00\" \/>\n<meta property=\"ya:ovs:allow_embed\" content=\"true\" \/>\n<meta property=\"product:price:amount\" content=\"1255500.00\" \/>\n<meta property=\"product:price:currency\" content=\"USD\" \/>\n<meta property=\"og:availability\" content=\"instock\" \/>\n<meta property=\"product:availability\" content=\"instock\" \/>\n<meta property=\"product:condition\" content=\"new\" \/>\n<!-- \/ Yoast SEO Premium plugin. -->","yoast_head_json":{"title":"Lodge Encantado - Seengebiet - Produncan","description":"Die Encantado Lodge ist ein 4 Hektar gro\u00dfes Gel\u00e4nde, das ein Hotel, ein Haus des Eigent\u00fcmers, drei H\u00fctten und ein Haus f\u00fcr Personal und Hausmeister umfasst.","robots":{"index":"index","follow":"follow","max-snippet":"max-snippet:-1","max-image-preview":"max-image-preview:large","max-video-preview":"max-video-preview:-1"},"canonical":"https:\/\/produncan.cl\/de\/produkt\/lodge-encantado\/","og_locale":"de_DE","og_type":"article","og_title":"Lodge Encantado - Seengebiet","og_description":"Die Encantado Lodge ist ein 4 Hektar gro\u00dfes Gel\u00e4nde, das ein Hotel, ein Haus des Eigent\u00fcmers, drei H\u00fctten und ein Haus f\u00fcr Personal und Hausmeister umfasst.","og_url":"https:\/\/produncan.cl\/de\/produkt\/lodge-encantado\/","og_site_name":"Produncan","article_publisher":"https:\/\/web.facebook.com\/produncanland","article_modified_time":"2025-10-13T21:37:17+00:00","og_image":[{"width":600,"height":450,"url":"https:\/\/produncan.cl\/wp-content\/uploads\/2022\/05\/Lodge-Encantado.webp","type":"image\/webp"}],"twitter_card":"summary_large_image","twitter_misc":{"Price":"USD1.255.500,00","Availability":"In stock"},"schema":{"@context":"https:\/\/schema.org","@graph":[{"@type":"WebPage","@id":"https:\/\/produncan.cl\/de\/produkt\/lodge-encantado\/","url":"https:\/\/produncan.cl\/de\/produkt\/lodge-encantado\/","name":"Lodge Encantado - Seengebiet - Produncan","isPartOf":{"@id":"https:\/\/produncan.cl\/de\/#website"},"primaryImageOfPage":{"@id":"https:\/\/produncan.cl\/de\/produkt\/lodge-encantado\/#primaryimage"},"image":{"@id":"https:\/\/produncan.cl\/de\/produkt\/lodge-encantado\/#primaryimage"},"thumbnailUrl":"https:\/\/produncan.cl\/wp-content\/uploads\/2022\/05\/Lodge-Encantado.webp","datePublished":"2022-05-06T17:05:50+00:00","dateModified":"2025-10-13T21:37:17+00:00","description":"Die Encantado Lodge ist ein 4 Hektar gro\u00dfes Gel\u00e4nde, das ein Hotel, ein Haus des Eigent\u00fcmers, drei H\u00fctten und ein Haus f\u00fcr Personal und Hausmeister umfasst.","breadcrumb":{"@id":"https:\/\/produncan.cl\/de\/produkt\/lodge-encantado\/#breadcrumb"},"inLanguage":"de-DE","potentialAction":[{"@type":"ReadAction","target":["https:\/\/produncan.cl\/de\/produkt\/lodge-encantado\/"]}]},{"@type":"ImageObject","inLanguage":"de-DE","@id":"https:\/\/produncan.cl\/de\/produkt\/lodge-encantado\/#primaryimage","url":"https:\/\/produncan.cl\/wp-content\/uploads\/2022\/05\/Lodge-Encantado.webp","contentUrl":"https:\/\/produncan.cl\/wp-content\/uploads\/2022\/05\/Lodge-Encantado.webp","width":600,"height":450},{"@type":"BreadcrumbList","@id":"https:\/\/produncan.cl\/de\/produkt\/lodge-encantado\/#breadcrumb","itemListElement":[{"@type":"ListItem","position":1,"name":"Inicio","item":"https:\/\/produncan.cl\/de\/"},{"@type":"ListItem","position":2,"name":"Eigenschaften","item":"https:\/\/produncan.cl\/propiedades\/"},{"@type":"ListItem","position":3,"name":"Touristische Immobilien","item":"https:\/\/produncan.cl\/de\/kategorie\/touristische-immobilien\/"},{"@type":"ListItem","position":4,"name":"Lodge Encantado &#8211; Seengebiet"}]},{"@type":"WebSite","@id":"https:\/\/produncan.cl\/de\/#website","url":"https:\/\/produncan.cl\/de\/","name":"Produncan","description":"Wir begleiten Sie bei Ihrem Lebensprojekt!","publisher":{"@id":"https:\/\/produncan.cl\/de\/#organization"},"potentialAction":[{"@type":"SearchAction","target":{"@type":"EntryPoint","urlTemplate":"https:\/\/produncan.cl\/de\/?s={search_term_string}"},"query-input":{"@type":"PropertyValueSpecification","valueRequired":true,"valueName":"search_term_string"}}],"inLanguage":"de-DE"},{"@type":"Organization","@id":"https:\/\/produncan.cl\/de\/#organization","name":"Produncan","url":"https:\/\/produncan.cl\/de\/","logo":{"@type":"ImageObject","inLanguage":"de-DE","@id":"https:\/\/produncan.cl\/de\/#\/schema\/logo\/image\/","url":"https:\/\/produncan.cl\/wp-content\/uploads\/2021\/03\/LOGO.jpeg","contentUrl":"https:\/\/produncan.cl\/wp-content\/uploads\/2021\/03\/LOGO.jpeg","width":1280,"height":903,"caption":"Produncan"},"image":{"@id":"https:\/\/produncan.cl\/de\/#\/schema\/logo\/image\/"},"sameAs":["https:\/\/web.facebook.com\/produncanland","https:\/\/www.instagram.com\/pro_duncan\/","https:\/\/www.linkedin.com\/company\/produncan-lands\/","https:\/\/www.youtube.com\/channel\/UCu7N-f3x0svkazD-Eew1-QQ"],"description":"En Produncan somos especialistas en la venta de terrenos en el sur de Chile. Proveemos estancias, campos, parcelas y hoteles.","email":"info@produncan.cl"}]},"og_video":"https:\/\/www.youtube.com\/embed\/igG1wA9PClw","og_video_type":"text\/html","og_video_duration":"61","og_video_width":"480","og_video_height":"360","ya_ovs_adult":"false","ya_ovs_upload_date":"2022-05-06T17:05:50+00:00","ya_ovs_allow_embed":"true","product_price_amount":"1255500.00","product_price_currency":"USD","og_availability":"instock","product_availability":"instock","product_condition":"new"},"_links":{"self":[{"href":"https:\/\/produncan.cl\/de\/wp-json\/wp\/v2\/product\/8641","targetHints":{"allow":["GET"]}}],"collection":[{"href":"https:\/\/produncan.cl\/de\/wp-json\/wp\/v2\/product"}],"about":[{"href":"https:\/\/produncan.cl\/de\/wp-json\/wp\/v2\/types\/product"}],"version-history":[{"count":1,"href":"https:\/\/produncan.cl\/de\/wp-json\/wp\/v2\/product\/8641\/revisions"}],"predecessor-version":[{"id":51199,"href":"https:\/\/produncan.cl\/de\/wp-json\/wp\/v2\/product\/8641\/revisions\/51199"}],"wp:featuredmedia":[{"embeddable":true,"href":"https:\/\/produncan.cl\/de\/wp-json\/wp\/v2\/media\/5350"}],"wp:attachment":[{"href":"https:\/\/produncan.cl\/de\/wp-json\/wp\/v2\/media?parent=8641"}],"wp:term":[{"taxonomy":"product_brand","embeddable":true,"href":"https:\/\/produncan.cl\/de\/wp-json\/wp\/v2\/product_brand?post=8641"},{"taxonomy":"product_cat","embeddable":true,"href":"https:\/\/produncan.cl\/de\/wp-json\/wp\/v2\/product_cat?post=8641"},{"taxonomy":"product_tag","embeddable":true,"href":"https:\/\/produncan.cl\/de\/wp-json\/wp\/v2\/product_tag?post=8641"},{"taxonomy":"regiones","embeddable":true,"href":"https:\/\/produncan.cl\/de\/wp-json\/wp\/v2\/regiones?post=8641"},{"taxonomy":"ciudades","embeddable":true,"href":"https:\/\/produncan.cl\/de\/wp-json\/wp\/v2\/ciudades?post=8641"}],"curies":[{"name":"wp","href":"https:\/\/api.w.org\/{rel}","templated":true}]}}