{"id":9351,"date":"2024-05-10T13:29:49","date_gmt":"2024-05-10T17:29:49","guid":{"rendered":"https:\/\/produncan.cl\/producto\/feld-657ha-tres-lagunas-coyhaique-aysen\/"},"modified":"2025-12-26T17:20:43","modified_gmt":"2025-12-26T20:20:43","slug":"feld-657ha-tres-lagunas-coyhaique-aysen","status":"publish","type":"product","link":"https:\/\/produncan.cl\/de\/produkt\/feld-657ha-tres-lagunas-coyhaique-aysen\/","title":{"rendered":"Landleben in Coyhaique, Tres Lagunas &#8211; Region Ays\u00e9n"},"content":{"rendered":"\t\t<div data-elementor-type=\"product-post\" data-elementor-id=\"9351\" class=\"elementor elementor-9351 elementor-9236\" data-elementor-post-type=\"product\">\n\t\t\t\t<div class=\"elementor-element elementor-element-2ef3637 e-flex e-con-boxed e-con e-parent\" data-id=\"2ef3637\" data-element_type=\"container\" data-e-type=\"container\" data-settings=\"{&quot;jet_parallax_layout_list&quot;:[]}\">\n\t\t\t\t\t<div class=\"e-con-inner\">\n\t\t\t\t<div class=\"elementor-element elementor-element-920c6ee elementor-widget elementor-widget-heading\" data-id=\"920c6ee\" data-element_type=\"widget\" data-e-type=\"widget\" data-widget_type=\"heading.default\">\n\t\t\t\t\t<h2 class=\"elementor-heading-title elementor-size-default\">Entdecken Sie ein Camp in Coyhaique mit faszinierenden Formationen und fantastischen Aussichten!<\/h2>\t\t\t\t<\/div>\n\t\t\t\t\t<\/div>\n\t\t\t\t<\/div>\n\t\t\t\t<section class=\"elementor-section elementor-top-section elementor-element elementor-element-152f868e elementor-section-boxed elementor-section-height-default elementor-section-height-default\" data-id=\"152f868e\" data-element_type=\"section\" data-e-type=\"section\" data-settings=\"{&quot;jet_parallax_layout_list&quot;:[]}\">\n\t\t\t\t\t\t<div class=\"elementor-container elementor-column-gap-default\">\n\t\t\t\t\t<div class=\"elementor-column elementor-col-100 elementor-top-column elementor-element elementor-element-bde7b88\" data-id=\"bde7b88\" data-element_type=\"column\" data-e-type=\"column\">\n\t\t\t<div class=\"elementor-widget-wrap elementor-element-populated\">\n\t\t\t\t\t\t<div class=\"elementor-element elementor-element-d5084c0 elementor-widget elementor-widget-text-editor\" data-id=\"d5084c0\" data-element_type=\"widget\" data-e-type=\"widget\" data-widget_type=\"text-editor.default\">\n\t\t\t\t\t\t\t\t\t<p>Willkommen auf einem 65,7 Hektar gro\u00dfen Feld mit 800 Metern Flussufer im Sektor Rio Norte, nord\u00f6stlich von Coyhaique, \u00f6stlich von Villa Ma\u00f1ihuales und in der N\u00e4he des bekannten Mondtals.<\/p>\n<p>Das Grundst\u00fcck grenzt auf einer L\u00e4nge von etwa 800 Metern an den Fluss Nord, wo man angeln kann und wo es einen gro\u00dfen Wasserfall gibt. Im oberen Teil befindet sich eine wundersch\u00f6ne Lagune, von der aus man einen majest\u00e4tischen Blick auf Bergketten mit Felsen und Kondorb\u00e4umen hat.<\/p>\n<p>Au\u00dferdem gibt es im Inneren des Feldes B\u00e4che und Quellen. Strom gibt es auf der Landstra\u00dfe, die 750 Meter vom Eingang des Camps entfernt vorbeif\u00fchrt, Wasser wird aus Quellen gewonnen, ein Teil des Gel\u00e4ndes ist eingez\u00e4unt und dient der Tierhaltung, und es gibt kaum Telefonempfang.<\/p>\n<p>Der Zugang zum Camp erfolgt \u00fcber eine Schotterstra\u00dfe in gutem Zustand und eine Br\u00fccke, die bald durch eine mechanische Br\u00fccke ersetzt werden soll. Der Zugang erfolgt schlie\u00dflich \u00fcber eine eingeschriebene Dienstbarkeit von ca. 1,2 km L\u00e4nge. das halb fertig ist.<\/p>\n<p>In der Flora finden sich vor allem Lenga, \u00f1irre, Calafate, Strau\u00dfgras, schwarzer Busch und Klee. Was die Tierwelt betrifft, so k\u00f6nnen wir F\u00fcchse, Hirsche, Pumas, Wildschweine, Kondore, Spechte, Pitios, Coliparados, Huet Huet und Chucao sehen.<\/p>\n<p>Fr\u00fcher wurde das Feld f\u00fcr die Schafsmast und sporadische Brennholzgewinnung genutzt.<\/p>\n<p>Das 65,7 Hektar gro\u00dfe Feld in Coyhaique, das der Parzelle G entspricht, ist Teil der durch Erbfolge entstandenen Aufteilung. Angrenzend an Los G stehen weitere Felder zum Verkauf: Los H mit 65,7 ha und 500 m Fluss, Los C mit 65,7 ha und 820 m Fluss und Los E mit 55,7 ha ohne Fluss, alle mit Grunddienstbarkeit, die alle zum gleichen Preis pro Hektar wie Los G verkauft werden und die M\u00f6glichkeit er\u00f6ffnen, an diesem unglaublichen Ort anzubauen.<\/p>\n<p>In der N\u00e4he gibt es ein Postamt, eine Kirche, eine Schule, ein Lebensmittelgesch\u00e4ft und eine benachbarte Kasse. Au\u00dferdem gibt es das Valle de la Luna, die Laguna Brava, den Lago Norte, den Cerro Catedral, den Rio \u00d1irehuao, Los Juntos, den Lago Norte, den Lago Misterioso, den Lago Zapato und den Lago Arados, Orte, an denen Sie Fischerh\u00fctten, Jagdh\u00fctten, Reitm\u00f6glichkeiten, Trekking, Lachs- und Forellenfischen finden.<\/p>\n<p>Das Camp befindet sich in der N\u00e4he der internationalen Route nach Alto R\u00edo Senguer und anderen Sch\u00f6nheiten des benachbarten Argentiniens.<\/p>\n<p>Die Sedimentgesteine und die \u00fcppigen einheimischen W\u00e4lder der Gebirgsz\u00fcge weisen zahlreiche faszinierende Formationen auf, die Geologen und Naturliebhaber begeistern.<\/p>\n<p>KONTAKTIEREN SIE UNS UND LERNEN SIE DIESE SCH\u00d6NE LANDSCHAFT KENNEN!<\/p>\t\t\t\t\t\t\t\t<\/div>\n\t\t\t\t\t<\/div>\n\t\t<\/div>\n\t\t\t\t\t<\/div>\n\t\t<\/section>\n\t\t\t\t<\/div>\n\t\t","protected":false},"excerpt":{"rendered":"<p>Feld in Coyhaique, Rio Norte, Fl\u00e4che von 65,7 Hektar, 600 Meter Flussufer, Teil einer sch\u00f6nen Lagune, Zugang durch Dienstbarkeit und Stromleitung in 750 Metern.<\/p>\n","protected":false},"featured_media":9333,"template":"","meta":{"_acf_changed":false},"product_brand":[],"product_cat":[116],"product_tag":[235,231],"regiones":[225],"ciudades":[209,512],"class_list":{"0":"post-9351","1":"product","2":"type-product","3":"status-publish","4":"has-post-thumbnail","6":"product_cat-aysen-magallanes-de","7":"product_tag-felder","8":"product_tag-touristische-immobilien","9":"regiones-aysen-magallanes","10":"ciudades-coyhaique","11":"ciudades-villa-manihuales","13":"first","14":"instock","15":"featured","16":"sold-individually","17":"shipping-taxable","18":"purchasable","19":"product-type-simple"},"acf":[],"yoast_head":"<!-- This site is optimized with the Yoast SEO Premium plugin v26.0 (Yoast SEO v27.3) - https:\/\/yoast.com\/product\/yoast-seo-premium-wordpress\/ -->\n<title>%<\/title>\n<meta name=\"description\" content=\"Feld in Coyhaique, Region Ays\u00e9n, mit einer Fl\u00e4che von 65,7 Hektar mit 800 Metern Flussufer und einem Teil der Lagune, gelegen im Sektor R\u00edo Norte.\" \/>\n<meta name=\"robots\" content=\"index, follow, max-snippet:-1, max-image-preview:large, max-video-preview:-1\" \/>\n<link rel=\"canonical\" href=\"https:\/\/produncan.cl\/de\/produkt\/feld-657ha-tres-lagunas-coyhaique-aysen\/\" \/>\n<meta property=\"og:locale\" content=\"de_DE\" \/>\n<meta property=\"og:type\" content=\"article\" \/>\n<meta property=\"og:title\" content=\"Landleben in Coyhaique, Tres Lagunas - Region Ays\u00e9n\" \/>\n<meta property=\"og:description\" content=\"Feld in Coyhaique, Region Ays\u00e9n, mit einer Fl\u00e4che von 65,7 Hektar mit 800 Metern Flussufer und einem Teil der Lagune, gelegen im Sektor R\u00edo Norte.\" \/>\n<meta property=\"og:url\" content=\"https:\/\/produncan.cl\/de\/produkt\/feld-657ha-tres-lagunas-coyhaique-aysen\/\" \/>\n<meta property=\"og:site_name\" content=\"Produncan\" \/>\n<meta property=\"article:publisher\" content=\"https:\/\/web.facebook.com\/produncanland\" \/>\n<meta property=\"article:modified_time\" content=\"2025-12-26T20:20:43+00:00\" \/>\n<meta property=\"og:image\" content=\"https:\/\/produncan.cl\/wp-content\/uploads\/2022\/12\/Campo-Tres-Lagunas.webp\" \/>\n\t<meta property=\"og:image:width\" content=\"600\" \/>\n\t<meta property=\"og:image:height\" content=\"450\" \/>\n\t<meta property=\"og:image:type\" content=\"image\/webp\" \/>\n<meta name=\"twitter:card\" content=\"summary_large_image\" \/>\n<meta name=\"twitter:label1\" content=\"Price\" \/>\n\t<meta name=\"twitter:data1\" content=\"USD358.800,00\" \/>\n\t<meta name=\"twitter:label2\" content=\"Availability\" \/>\n\t<meta name=\"twitter:data2\" content=\"In stock\" \/>\n<script type=\"application\/ld+json\" class=\"yoast-schema-graph\">{\"@context\":\"https:\\\/\\\/schema.org\",\"@graph\":[{\"@type\":\"WebPage\",\"@id\":\"https:\\\/\\\/produncan.cl\\\/de\\\/produkt\\\/feld-657ha-tres-lagunas-coyhaique-aysen\\\/\",\"url\":\"https:\\\/\\\/produncan.cl\\\/de\\\/produkt\\\/feld-657ha-tres-lagunas-coyhaique-aysen\\\/\",\"name\":\"%\",\"isPartOf\":{\"@id\":\"https:\\\/\\\/produncan.cl\\\/de\\\/#website\"},\"primaryImageOfPage\":{\"@id\":\"https:\\\/\\\/produncan.cl\\\/de\\\/produkt\\\/feld-657ha-tres-lagunas-coyhaique-aysen\\\/#primaryimage\"},\"image\":{\"@id\":\"https:\\\/\\\/produncan.cl\\\/de\\\/produkt\\\/feld-657ha-tres-lagunas-coyhaique-aysen\\\/#primaryimage\"},\"thumbnailUrl\":\"https:\\\/\\\/produncan.cl\\\/wp-content\\\/uploads\\\/2022\\\/12\\\/Campo-Tres-Lagunas.webp\",\"datePublished\":\"2024-05-10T17:29:49+00:00\",\"dateModified\":\"2025-12-26T20:20:43+00:00\",\"description\":\"Feld in Coyhaique, Region Ays\u00e9n, mit einer Fl\u00e4che von 65,7 Hektar mit 800 Metern Flussufer und einem Teil der Lagune, gelegen im Sektor R\u00edo Norte.\",\"breadcrumb\":{\"@id\":\"https:\\\/\\\/produncan.cl\\\/de\\\/produkt\\\/feld-657ha-tres-lagunas-coyhaique-aysen\\\/#breadcrumb\"},\"inLanguage\":\"de-DE\",\"potentialAction\":[{\"@type\":\"ReadAction\",\"target\":[\"https:\\\/\\\/produncan.cl\\\/de\\\/produkt\\\/feld-657ha-tres-lagunas-coyhaique-aysen\\\/\"]}]},{\"@type\":\"ImageObject\",\"inLanguage\":\"de-DE\",\"@id\":\"https:\\\/\\\/produncan.cl\\\/de\\\/produkt\\\/feld-657ha-tres-lagunas-coyhaique-aysen\\\/#primaryimage\",\"url\":\"https:\\\/\\\/produncan.cl\\\/wp-content\\\/uploads\\\/2022\\\/12\\\/Campo-Tres-Lagunas.webp\",\"contentUrl\":\"https:\\\/\\\/produncan.cl\\\/wp-content\\\/uploads\\\/2022\\\/12\\\/Campo-Tres-Lagunas.webp\",\"width\":600,\"height\":450,\"caption\":\"Feld drei Lagunas\"},{\"@type\":\"BreadcrumbList\",\"@id\":\"https:\\\/\\\/produncan.cl\\\/de\\\/produkt\\\/feld-657ha-tres-lagunas-coyhaique-aysen\\\/#breadcrumb\",\"itemListElement\":[{\"@type\":\"ListItem\",\"position\":1,\"name\":\"Inicio\",\"item\":\"https:\\\/\\\/produncan.cl\\\/de\\\/\"},{\"@type\":\"ListItem\",\"position\":2,\"name\":\"Eigenschaften\",\"item\":\"https:\\\/\\\/produncan.cl\\\/propiedades\\\/\"},{\"@type\":\"ListItem\",\"position\":3,\"name\":\"Felder\",\"item\":\"https:\\\/\\\/produncan.cl\\\/de\\\/kategorie\\\/felder\\\/\"},{\"@type\":\"ListItem\",\"position\":4,\"name\":\"Landleben in Coyhaique, Tres Lagunas &#8211; Region Ays\u00e9n\"}]},{\"@type\":\"WebSite\",\"@id\":\"https:\\\/\\\/produncan.cl\\\/de\\\/#website\",\"url\":\"https:\\\/\\\/produncan.cl\\\/de\\\/\",\"name\":\"Produncan\",\"description\":\"Wir begleiten Sie bei Ihrem Lebensprojekt!\",\"publisher\":{\"@id\":\"https:\\\/\\\/produncan.cl\\\/de\\\/#organization\"},\"potentialAction\":[{\"@type\":\"SearchAction\",\"target\":{\"@type\":\"EntryPoint\",\"urlTemplate\":\"https:\\\/\\\/produncan.cl\\\/de\\\/?s={search_term_string}\"},\"query-input\":{\"@type\":\"PropertyValueSpecification\",\"valueRequired\":true,\"valueName\":\"search_term_string\"}}],\"inLanguage\":\"de-DE\"},{\"@type\":\"Organization\",\"@id\":\"https:\\\/\\\/produncan.cl\\\/de\\\/#organization\",\"name\":\"Produncan\",\"url\":\"https:\\\/\\\/produncan.cl\\\/de\\\/\",\"logo\":{\"@type\":\"ImageObject\",\"inLanguage\":\"de-DE\",\"@id\":\"https:\\\/\\\/produncan.cl\\\/de\\\/#\\\/schema\\\/logo\\\/image\\\/\",\"url\":\"https:\\\/\\\/produncan.cl\\\/wp-content\\\/uploads\\\/2021\\\/03\\\/LOGO.jpeg\",\"contentUrl\":\"https:\\\/\\\/produncan.cl\\\/wp-content\\\/uploads\\\/2021\\\/03\\\/LOGO.jpeg\",\"width\":1280,\"height\":903,\"caption\":\"Produncan\"},\"image\":{\"@id\":\"https:\\\/\\\/produncan.cl\\\/de\\\/#\\\/schema\\\/logo\\\/image\\\/\"},\"sameAs\":[\"https:\\\/\\\/web.facebook.com\\\/produncanland\",\"https:\\\/\\\/www.instagram.com\\\/pro_duncan\\\/\",\"https:\\\/\\\/www.linkedin.com\\\/company\\\/produncan-lands\\\/\",\"https:\\\/\\\/www.youtube.com\\\/channel\\\/UCu7N-f3x0svkazD-Eew1-QQ\"],\"description\":\"En Produncan somos especialistas en la venta de terrenos en el sur de Chile. Proveemos estancias, campos, parcelas y hoteles.\",\"email\":\"info@produncan.cl\"}]}<\/script>\n<meta property=\"og:video\" content=\"https:\/\/www.youtube.com\/embed\/JDidFGaI5k8\" \/>\n<meta property=\"og:video:type\" content=\"text\/html\" \/>\n<meta property=\"og:video:duration\" content=\"298\" \/>\n<meta property=\"og:video:width\" content=\"480\" \/>\n<meta property=\"og:video:height\" content=\"360\" \/>\n<meta property=\"ya:ovs:adult\" content=\"false\" \/>\n<meta property=\"ya:ovs:upload_date\" content=\"2024-05-10T17:29:49+00:00\" \/>\n<meta property=\"ya:ovs:allow_embed\" content=\"true\" \/>\n<meta property=\"product:price:amount\" content=\"358800.00\" \/>\n<meta property=\"product:price:currency\" content=\"USD\" \/>\n<meta property=\"og:availability\" content=\"instock\" \/>\n<meta property=\"product:availability\" content=\"instock\" \/>\n<meta property=\"product:condition\" content=\"new\" \/>\n<!-- \/ Yoast SEO Premium plugin. -->","yoast_head_json":{"title":"%","description":"Feld in Coyhaique, Region Ays\u00e9n, mit einer Fl\u00e4che von 65,7 Hektar mit 800 Metern Flussufer und einem Teil der Lagune, gelegen im Sektor R\u00edo Norte.","robots":{"index":"index","follow":"follow","max-snippet":"max-snippet:-1","max-image-preview":"max-image-preview:large","max-video-preview":"max-video-preview:-1"},"canonical":"https:\/\/produncan.cl\/de\/produkt\/feld-657ha-tres-lagunas-coyhaique-aysen\/","og_locale":"de_DE","og_type":"article","og_title":"Landleben in Coyhaique, Tres Lagunas - Region Ays\u00e9n","og_description":"Feld in Coyhaique, Region Ays\u00e9n, mit einer Fl\u00e4che von 65,7 Hektar mit 800 Metern Flussufer und einem Teil der Lagune, gelegen im Sektor R\u00edo Norte.","og_url":"https:\/\/produncan.cl\/de\/produkt\/feld-657ha-tres-lagunas-coyhaique-aysen\/","og_site_name":"Produncan","article_publisher":"https:\/\/web.facebook.com\/produncanland","article_modified_time":"2025-12-26T20:20:43+00:00","og_image":[{"width":600,"height":450,"url":"https:\/\/produncan.cl\/wp-content\/uploads\/2022\/12\/Campo-Tres-Lagunas.webp","type":"image\/webp"}],"twitter_card":"summary_large_image","twitter_misc":{"Price":"USD358.800,00","Availability":"In stock"},"schema":{"@context":"https:\/\/schema.org","@graph":[{"@type":"WebPage","@id":"https:\/\/produncan.cl\/de\/produkt\/feld-657ha-tres-lagunas-coyhaique-aysen\/","url":"https:\/\/produncan.cl\/de\/produkt\/feld-657ha-tres-lagunas-coyhaique-aysen\/","name":"%","isPartOf":{"@id":"https:\/\/produncan.cl\/de\/#website"},"primaryImageOfPage":{"@id":"https:\/\/produncan.cl\/de\/produkt\/feld-657ha-tres-lagunas-coyhaique-aysen\/#primaryimage"},"image":{"@id":"https:\/\/produncan.cl\/de\/produkt\/feld-657ha-tres-lagunas-coyhaique-aysen\/#primaryimage"},"thumbnailUrl":"https:\/\/produncan.cl\/wp-content\/uploads\/2022\/12\/Campo-Tres-Lagunas.webp","datePublished":"2024-05-10T17:29:49+00:00","dateModified":"2025-12-26T20:20:43+00:00","description":"Feld in Coyhaique, Region Ays\u00e9n, mit einer Fl\u00e4che von 65,7 Hektar mit 800 Metern Flussufer und einem Teil der Lagune, gelegen im Sektor R\u00edo Norte.","breadcrumb":{"@id":"https:\/\/produncan.cl\/de\/produkt\/feld-657ha-tres-lagunas-coyhaique-aysen\/#breadcrumb"},"inLanguage":"de-DE","potentialAction":[{"@type":"ReadAction","target":["https:\/\/produncan.cl\/de\/produkt\/feld-657ha-tres-lagunas-coyhaique-aysen\/"]}]},{"@type":"ImageObject","inLanguage":"de-DE","@id":"https:\/\/produncan.cl\/de\/produkt\/feld-657ha-tres-lagunas-coyhaique-aysen\/#primaryimage","url":"https:\/\/produncan.cl\/wp-content\/uploads\/2022\/12\/Campo-Tres-Lagunas.webp","contentUrl":"https:\/\/produncan.cl\/wp-content\/uploads\/2022\/12\/Campo-Tres-Lagunas.webp","width":600,"height":450,"caption":"Feld drei Lagunas"},{"@type":"BreadcrumbList","@id":"https:\/\/produncan.cl\/de\/produkt\/feld-657ha-tres-lagunas-coyhaique-aysen\/#breadcrumb","itemListElement":[{"@type":"ListItem","position":1,"name":"Inicio","item":"https:\/\/produncan.cl\/de\/"},{"@type":"ListItem","position":2,"name":"Eigenschaften","item":"https:\/\/produncan.cl\/propiedades\/"},{"@type":"ListItem","position":3,"name":"Felder","item":"https:\/\/produncan.cl\/de\/kategorie\/felder\/"},{"@type":"ListItem","position":4,"name":"Landleben in Coyhaique, Tres Lagunas &#8211; Region Ays\u00e9n"}]},{"@type":"WebSite","@id":"https:\/\/produncan.cl\/de\/#website","url":"https:\/\/produncan.cl\/de\/","name":"Produncan","description":"Wir begleiten Sie bei Ihrem Lebensprojekt!","publisher":{"@id":"https:\/\/produncan.cl\/de\/#organization"},"potentialAction":[{"@type":"SearchAction","target":{"@type":"EntryPoint","urlTemplate":"https:\/\/produncan.cl\/de\/?s={search_term_string}"},"query-input":{"@type":"PropertyValueSpecification","valueRequired":true,"valueName":"search_term_string"}}],"inLanguage":"de-DE"},{"@type":"Organization","@id":"https:\/\/produncan.cl\/de\/#organization","name":"Produncan","url":"https:\/\/produncan.cl\/de\/","logo":{"@type":"ImageObject","inLanguage":"de-DE","@id":"https:\/\/produncan.cl\/de\/#\/schema\/logo\/image\/","url":"https:\/\/produncan.cl\/wp-content\/uploads\/2021\/03\/LOGO.jpeg","contentUrl":"https:\/\/produncan.cl\/wp-content\/uploads\/2021\/03\/LOGO.jpeg","width":1280,"height":903,"caption":"Produncan"},"image":{"@id":"https:\/\/produncan.cl\/de\/#\/schema\/logo\/image\/"},"sameAs":["https:\/\/web.facebook.com\/produncanland","https:\/\/www.instagram.com\/pro_duncan\/","https:\/\/www.linkedin.com\/company\/produncan-lands\/","https:\/\/www.youtube.com\/channel\/UCu7N-f3x0svkazD-Eew1-QQ"],"description":"En Produncan somos especialistas en la venta de terrenos en el sur de Chile. Proveemos estancias, campos, parcelas y hoteles.","email":"info@produncan.cl"}]},"og_video":"https:\/\/www.youtube.com\/embed\/JDidFGaI5k8","og_video_type":"text\/html","og_video_duration":"298","og_video_width":"480","og_video_height":"360","ya_ovs_adult":"false","ya_ovs_upload_date":"2024-05-10T17:29:49+00:00","ya_ovs_allow_embed":"true","product_price_amount":"358800.00","product_price_currency":"USD","og_availability":"instock","product_availability":"instock","product_condition":"new"},"_links":{"self":[{"href":"https:\/\/produncan.cl\/de\/wp-json\/wp\/v2\/product\/9351","targetHints":{"allow":["GET"]}}],"collection":[{"href":"https:\/\/produncan.cl\/de\/wp-json\/wp\/v2\/product"}],"about":[{"href":"https:\/\/produncan.cl\/de\/wp-json\/wp\/v2\/types\/product"}],"version-history":[{"count":2,"href":"https:\/\/produncan.cl\/de\/wp-json\/wp\/v2\/product\/9351\/revisions"}],"predecessor-version":[{"id":54144,"href":"https:\/\/produncan.cl\/de\/wp-json\/wp\/v2\/product\/9351\/revisions\/54144"}],"wp:featuredmedia":[{"embeddable":true,"href":"https:\/\/produncan.cl\/de\/wp-json\/wp\/v2\/media\/9333"}],"wp:attachment":[{"href":"https:\/\/produncan.cl\/de\/wp-json\/wp\/v2\/media?parent=9351"}],"wp:term":[{"taxonomy":"product_brand","embeddable":true,"href":"https:\/\/produncan.cl\/de\/wp-json\/wp\/v2\/product_brand?post=9351"},{"taxonomy":"product_cat","embeddable":true,"href":"https:\/\/produncan.cl\/de\/wp-json\/wp\/v2\/product_cat?post=9351"},{"taxonomy":"product_tag","embeddable":true,"href":"https:\/\/produncan.cl\/de\/wp-json\/wp\/v2\/product_tag?post=9351"},{"taxonomy":"regiones","embeddable":true,"href":"https:\/\/produncan.cl\/de\/wp-json\/wp\/v2\/regiones?post=9351"},{"taxonomy":"ciudades","embeddable":true,"href":"https:\/\/produncan.cl\/de\/wp-json\/wp\/v2\/ciudades?post=9351"}],"curies":[{"name":"wp","href":"https:\/\/api.w.org\/{rel}","templated":true}]}}