{"id":49568,"date":"2024-11-22T10:19:29","date_gmt":"2024-11-22T13:19:29","guid":{"rendered":"https:\/\/produncan.cl\/trends-and-current-developments\/"},"modified":"2025-12-17T17:38:18","modified_gmt":"2025-12-17T20:38:18","slug":"trends-and-current-developments","status":"publish","type":"page","link":"https:\/\/produncan.cl\/en\/trends-and-current-developments\/","title":{"rendered":"Trends and current developments"},"content":{"rendered":"\t\t<div data-elementor-type=\"wp-page\" data-elementor-id=\"49568\" class=\"elementor elementor-49568 elementor-36207\" data-elementor-post-type=\"page\">\n\t\t\t\t<div class=\"elementor-element elementor-element-4fcd912 e-con-full e-flex e-con e-parent\" data-id=\"4fcd912\" data-element_type=\"container\" data-e-type=\"container\" data-settings=\"{&quot;jet_parallax_layout_list&quot;:[]}\">\n\t\t\t\t<div class=\"elementor-element elementor-element-848d05d elementor-widget elementor-widget-jet-posts\" data-id=\"848d05d\" data-element_type=\"widget\" data-e-type=\"widget\" data-settings=\"{&quot;columns&quot;:&quot;1&quot;}\" data-widget_type=\"jet-posts.default\">\n\t\t\t\t<div class=\"elementor-widget-container\">\n\t\t\t\t\t<div class=\"elementor-jet-posts jet-elements\"><div class=\"jet-posts col-row  jet-equal-cols\"><div class=\"jet-posts__item\">\n\t<div class=\"jet-posts__inner-box\"><div class=\"jet-posts__inner-content\"><h4 class=\"entry-title\"><a href=\"https:\/\/produncan.cl\/en\/economy-and-market-real-estate-september-2025\/\" target=\"_blank\">Economy and Market Real Estate September 2025<\/a><\/h4><div class=\"post-meta\"><span class=\"post__date post-meta__item\"><a href=\"https:\/\/produncan.cl\/en\/2025\/10\/09\/\"  class=\"post__date-link\" ><time datetime=\"2025-10-09T17:37:25-03:00\" title=\"2025-10-09T17:37:25-03:00\">9 de October de 2025<\/time><\/a><\/span><span class=\"post__comments post-meta__item\">Comments: <a href=\"https:\/\/produncan.cl\/en\/economy-and-market-real-estate-september-2025\/#respond\"  class=\"post__comments-link\">0<\/a><\/span><\/div><div class=\"entry-excerpt\">\n<p>The Chilean economic situation remains marked by multiple areas of tension that limit sectoral performance. At the political level, the ongoing debate on structural reforms fuels caution between investors and consumers, generating greater risk premium in expectations. On the economic front, the picture shows moderate growth, accompanied by persistent inflation and upward pressures. In the face of this scenario, central banks choose to act with caution in their monetary policy decisions, prioritizing the goal of price stability.<\/p>\n\n<p>At the external level, a number of factors exacerbate uncertainty: US trade policy, the Russian-Ukraine conflict, the stagnation of activity in Europe and financial tensions in China represent latent threats. Chile's high exposure to external shocks accentuates the risk of adverse impacts on domestic inflation.<\/p>\n\n<p>At the local financial level, interest rates for credit have been significantly higher since 2021 in response to the tightening of monetary policy. These increases raised the cost of housing financing to levels not seen since 2009 and led to the reduction of credit periods, from up to 30 years to 20- 25 years. However, a slight relaxation in long-term rates has been observed in late 2025 and early 2025, allowing the mortgage market to operate under somewhat more favourable conditions. The Central Bank's Banking Credit Survey confirms that, in the second quarter of 2025, banks do not report significant changes in credit standards for companies, while for consumption some openness is observed.<\/p>\n\n<p>The labour market also has consequences: during the health crisis, about 2 million jobs were lost, and although the recovery has been gradual and the occupation now exceeds the pre-pandemic figures in some segments, the unemployment rate is still high, estimated at around 8.7% at the end of the second quarter. (Information based on sector reports).<\/p>\n\n<p>For its part, consumer-business confidence remains low, despite some specific improvements. The Monthly Business Trust Indicator (IMCE), developed by ICARE and the UAI, reflects a persistent perception of pessimism in sectors such as construction, while mining and trade show more optimism. These levels of confidence make investment conditional, as many strategic decisions are postponed until there is greater macroeconomic clarity.<\/p>\n\n<p>As for the real estate sector, the results of the second quarter of 2025 show mixed signs. Housing sales recorded a modest advance of 1 per cent per year, while demand increased by 23 per cent over the previous quarter. The apartment type houses increased their sales by 2%, while the houses recorded a 3% fall. In parallel, the supply of housing grew 4%, reaching about 108,000 available units (89% departments, 11% houses). The sales speed, however, worsened: it is estimated that it would be necessary about 30 months to exhaust the existing supply, a figure that exceeds the ranges considered to be of balance.<\/p>\n\n<p>In short, the Chilean economy goes through a period of adjustments and causations. The combination of high rates, political uncertainty, weak expectations and a challenging real estate market puts the actors in waiting mode. Under these conditions, projects capable of tolerating risk and anticipating recovery could capture value.<\/p>\n<\/div><\/div><\/div>\n<\/div>\n<\/div>\n<\/div>\t\t\t\t<\/div>\n\t\t\t\t<\/div>\n\t\t\t\t<\/div>\n\t\t\t\t<\/div>\n\t\t","protected":false},"excerpt":{"rendered":"<p>Econom\u00eda y Mercado Inmobiliario octubre 2025 9 de octubre de 2025Comments: 0 La coyuntura econ\u00f3mica chilena sigue marcada por m\u00faltiples focos de tensi\u00f3n que limitan el desempe\u00f1o sectorial. En el plano pol\u00edtico, el constante debate sobre reformas estructurales alimenta la cautela entre inversionistas y consumidores, generando mayor prima por riesgo en las expectativas. En el [&hellip;]<\/p>\n","protected":false},"author":1,"featured_media":0,"parent":0,"menu_order":0,"comment_status":"closed","ping_status":"closed","template":"","meta":{"_acf_changed":false,"footnotes":""},"class_list":["post-49568","page","type-page","status-publish","hentry"],"acf":[],"yoast_head":"<!-- This site is optimized with the Yoast SEO Premium plugin v26.0 (Yoast SEO v27.4) - https:\/\/yoast.com\/product\/yoast-seo-premium-wordpress\/ -->\n<title>Trends and current developments - Produncan<\/title>\n<meta name=\"description\" content=\"Trend and current: latest news affecting the real estate market\" \/>\n<meta name=\"robots\" content=\"index, follow, max-snippet:-1, max-image-preview:large, max-video-preview:-1\" \/>\n<link rel=\"canonical\" href=\"https:\/\/produncan.cl\/en\/trends-and-current-developments\/\" \/>\n<meta property=\"og:locale\" content=\"en_US\" \/>\n<meta property=\"og:type\" content=\"article\" \/>\n<meta property=\"og:title\" content=\"Trends and current developments\" \/>\n<meta property=\"og:description\" content=\"Trend and current: latest news affecting the real estate market\" \/>\n<meta property=\"og:url\" content=\"https:\/\/produncan.cl\/en\/trends-and-current-developments\/\" \/>\n<meta property=\"og:site_name\" content=\"Produncan\" \/>\n<meta property=\"article:publisher\" content=\"https:\/\/web.facebook.com\/produncanland\" \/>\n<meta property=\"article:modified_time\" content=\"2025-12-17T20:38:18+00:00\" \/>\n<meta name=\"twitter:card\" content=\"summary_large_image\" \/>\n<meta name=\"twitter:label1\" content=\"Est. reading time\" \/>\n\t<meta name=\"twitter:data1\" content=\"33 minutes\" \/>\n<script type=\"application\/ld+json\" class=\"yoast-schema-graph\">{\"@context\":\"https:\\\/\\\/schema.org\",\"@graph\":[{\"@type\":[\"Article\",\"BlogPosting\"],\"@id\":\"https:\\\/\\\/produncan.cl\\\/en\\\/trends-and-current-developments\\\/#article\",\"isPartOf\":{\"@id\":\"https:\\\/\\\/produncan.cl\\\/en\\\/trends-and-current-developments\\\/\"},\"author\":{\"name\":\"Giovanni Alarc\u00f3n\",\"@id\":\"https:\\\/\\\/produncan.cl\\\/en\\\/#\\\/schema\\\/person\\\/3224dc0b09a83a61e116e35b282c8744\"},\"headline\":\"Trends and current developments\",\"datePublished\":\"2024-11-22T13:19:29+00:00\",\"dateModified\":\"2025-12-17T20:38:18+00:00\",\"mainEntityOfPage\":{\"@id\":\"https:\\\/\\\/produncan.cl\\\/en\\\/trends-and-current-developments\\\/\"},\"wordCount\":6665,\"publisher\":{\"@id\":\"https:\\\/\\\/produncan.cl\\\/en\\\/#organization\"},\"inLanguage\":\"en-US\"},{\"@type\":\"WebPage\",\"@id\":\"https:\\\/\\\/produncan.cl\\\/en\\\/trends-and-current-developments\\\/\",\"url\":\"https:\\\/\\\/produncan.cl\\\/en\\\/trends-and-current-developments\\\/\",\"name\":\"Trends and current developments - Produncan\",\"isPartOf\":{\"@id\":\"https:\\\/\\\/produncan.cl\\\/en\\\/#website\"},\"datePublished\":\"2024-11-22T13:19:29+00:00\",\"dateModified\":\"2025-12-17T20:38:18+00:00\",\"description\":\"Trend and current: latest news affecting the real estate market\",\"breadcrumb\":{\"@id\":\"https:\\\/\\\/produncan.cl\\\/en\\\/trends-and-current-developments\\\/#breadcrumb\"},\"inLanguage\":\"en-US\",\"potentialAction\":[{\"@type\":\"ReadAction\",\"target\":[\"https:\\\/\\\/produncan.cl\\\/en\\\/trends-and-current-developments\\\/\"]}]},{\"@type\":\"BreadcrumbList\",\"@id\":\"https:\\\/\\\/produncan.cl\\\/en\\\/trends-and-current-developments\\\/#breadcrumb\",\"itemListElement\":[{\"@type\":\"ListItem\",\"position\":1,\"name\":\"Inicio\",\"item\":\"https:\\\/\\\/produncan.cl\\\/en\\\/\"},{\"@type\":\"ListItem\",\"position\":2,\"name\":\"Trends and current developments\"}]},{\"@type\":\"WebSite\",\"@id\":\"https:\\\/\\\/produncan.cl\\\/en\\\/#website\",\"url\":\"https:\\\/\\\/produncan.cl\\\/en\\\/\",\"name\":\"Produncan\",\"description\":\"We accompany you in your life project!\",\"publisher\":{\"@id\":\"https:\\\/\\\/produncan.cl\\\/en\\\/#organization\"},\"potentialAction\":[{\"@type\":\"SearchAction\",\"target\":{\"@type\":\"EntryPoint\",\"urlTemplate\":\"https:\\\/\\\/produncan.cl\\\/en\\\/?s={search_term_string}\"},\"query-input\":{\"@type\":\"PropertyValueSpecification\",\"valueRequired\":true,\"valueName\":\"search_term_string\"}}],\"inLanguage\":\"en-US\"},{\"@type\":\"Organization\",\"@id\":\"https:\\\/\\\/produncan.cl\\\/en\\\/#organization\",\"name\":\"Produncan\",\"url\":\"https:\\\/\\\/produncan.cl\\\/en\\\/\",\"logo\":{\"@type\":\"ImageObject\",\"inLanguage\":\"en-US\",\"@id\":\"https:\\\/\\\/produncan.cl\\\/en\\\/#\\\/schema\\\/logo\\\/image\\\/\",\"url\":\"https:\\\/\\\/produncan.cl\\\/wp-content\\\/uploads\\\/2021\\\/03\\\/LOGO.jpeg\",\"contentUrl\":\"https:\\\/\\\/produncan.cl\\\/wp-content\\\/uploads\\\/2021\\\/03\\\/LOGO.jpeg\",\"width\":1280,\"height\":903,\"caption\":\"Produncan\"},\"image\":{\"@id\":\"https:\\\/\\\/produncan.cl\\\/en\\\/#\\\/schema\\\/logo\\\/image\\\/\"},\"sameAs\":[\"https:\\\/\\\/web.facebook.com\\\/produncanland\",\"https:\\\/\\\/www.instagram.com\\\/pro_duncan\\\/\",\"https:\\\/\\\/www.linkedin.com\\\/company\\\/produncan-lands\\\/\",\"https:\\\/\\\/www.youtube.com\\\/channel\\\/UCu7N-f3x0svkazD-Eew1-QQ\"],\"description\":\"En Produncan somos especialistas en la venta de terrenos en el sur de Chile. Proveemos estancias, campos, parcelas y hoteles.\",\"email\":\"info@produncan.cl\"},{\"@type\":\"Person\",\"@id\":\"https:\\\/\\\/produncan.cl\\\/en\\\/#\\\/schema\\\/person\\\/3224dc0b09a83a61e116e35b282c8744\",\"name\":\"Giovanni Alarc\u00f3n\",\"image\":{\"@type\":\"ImageObject\",\"inLanguage\":\"en-US\",\"@id\":\"https:\\\/\\\/secure.gravatar.com\\\/avatar\\\/64c465439fe8f4eee2cf6200c349a39727bdd86c547e989e30b1edae44dac264?s=96&d=mm&r=g\",\"url\":\"https:\\\/\\\/secure.gravatar.com\\\/avatar\\\/64c465439fe8f4eee2cf6200c349a39727bdd86c547e989e30b1edae44dac264?s=96&d=mm&r=g\",\"contentUrl\":\"https:\\\/\\\/secure.gravatar.com\\\/avatar\\\/64c465439fe8f4eee2cf6200c349a39727bdd86c547e989e30b1edae44dac264?s=96&d=mm&r=g\",\"caption\":\"Giovanni Alarc\u00f3n\"},\"sameAs\":[\"https:\\\/\\\/produncan.cl\"]}]}<\/script>\n<!-- \/ Yoast SEO Premium plugin. -->","yoast_head_json":{"title":"Trends and current developments - Produncan","description":"Trend and current: latest news affecting the real estate market","robots":{"index":"index","follow":"follow","max-snippet":"max-snippet:-1","max-image-preview":"max-image-preview:large","max-video-preview":"max-video-preview:-1"},"canonical":"https:\/\/produncan.cl\/en\/trends-and-current-developments\/","og_locale":"en_US","og_type":"article","og_title":"Trends and current developments","og_description":"Trend and current: latest news affecting the real estate market","og_url":"https:\/\/produncan.cl\/en\/trends-and-current-developments\/","og_site_name":"Produncan","article_publisher":"https:\/\/web.facebook.com\/produncanland","article_modified_time":"2025-12-17T20:38:18+00:00","twitter_card":"summary_large_image","twitter_misc":{"Est. reading time":"33 minutes"},"schema":{"@context":"https:\/\/schema.org","@graph":[{"@type":["Article","BlogPosting"],"@id":"https:\/\/produncan.cl\/en\/trends-and-current-developments\/#article","isPartOf":{"@id":"https:\/\/produncan.cl\/en\/trends-and-current-developments\/"},"author":{"name":"Giovanni Alarc\u00f3n","@id":"https:\/\/produncan.cl\/en\/#\/schema\/person\/3224dc0b09a83a61e116e35b282c8744"},"headline":"Trends and current developments","datePublished":"2024-11-22T13:19:29+00:00","dateModified":"2025-12-17T20:38:18+00:00","mainEntityOfPage":{"@id":"https:\/\/produncan.cl\/en\/trends-and-current-developments\/"},"wordCount":6665,"publisher":{"@id":"https:\/\/produncan.cl\/en\/#organization"},"inLanguage":"en-US"},{"@type":"WebPage","@id":"https:\/\/produncan.cl\/en\/trends-and-current-developments\/","url":"https:\/\/produncan.cl\/en\/trends-and-current-developments\/","name":"Trends and current developments - Produncan","isPartOf":{"@id":"https:\/\/produncan.cl\/en\/#website"},"datePublished":"2024-11-22T13:19:29+00:00","dateModified":"2025-12-17T20:38:18+00:00","description":"Trend and current: latest news affecting the real estate market","breadcrumb":{"@id":"https:\/\/produncan.cl\/en\/trends-and-current-developments\/#breadcrumb"},"inLanguage":"en-US","potentialAction":[{"@type":"ReadAction","target":["https:\/\/produncan.cl\/en\/trends-and-current-developments\/"]}]},{"@type":"BreadcrumbList","@id":"https:\/\/produncan.cl\/en\/trends-and-current-developments\/#breadcrumb","itemListElement":[{"@type":"ListItem","position":1,"name":"Inicio","item":"https:\/\/produncan.cl\/en\/"},{"@type":"ListItem","position":2,"name":"Trends and current developments"}]},{"@type":"WebSite","@id":"https:\/\/produncan.cl\/en\/#website","url":"https:\/\/produncan.cl\/en\/","name":"Produncan","description":"We accompany you in your life project!","publisher":{"@id":"https:\/\/produncan.cl\/en\/#organization"},"potentialAction":[{"@type":"SearchAction","target":{"@type":"EntryPoint","urlTemplate":"https:\/\/produncan.cl\/en\/?s={search_term_string}"},"query-input":{"@type":"PropertyValueSpecification","valueRequired":true,"valueName":"search_term_string"}}],"inLanguage":"en-US"},{"@type":"Organization","@id":"https:\/\/produncan.cl\/en\/#organization","name":"Produncan","url":"https:\/\/produncan.cl\/en\/","logo":{"@type":"ImageObject","inLanguage":"en-US","@id":"https:\/\/produncan.cl\/en\/#\/schema\/logo\/image\/","url":"https:\/\/produncan.cl\/wp-content\/uploads\/2021\/03\/LOGO.jpeg","contentUrl":"https:\/\/produncan.cl\/wp-content\/uploads\/2021\/03\/LOGO.jpeg","width":1280,"height":903,"caption":"Produncan"},"image":{"@id":"https:\/\/produncan.cl\/en\/#\/schema\/logo\/image\/"},"sameAs":["https:\/\/web.facebook.com\/produncanland","https:\/\/www.instagram.com\/pro_duncan\/","https:\/\/www.linkedin.com\/company\/produncan-lands\/","https:\/\/www.youtube.com\/channel\/UCu7N-f3x0svkazD-Eew1-QQ"],"description":"En Produncan somos especialistas en la venta de terrenos en el sur de Chile. Proveemos estancias, campos, parcelas y hoteles.","email":"info@produncan.cl"},{"@type":"Person","@id":"https:\/\/produncan.cl\/en\/#\/schema\/person\/3224dc0b09a83a61e116e35b282c8744","name":"Giovanni Alarc\u00f3n","image":{"@type":"ImageObject","inLanguage":"en-US","@id":"https:\/\/secure.gravatar.com\/avatar\/64c465439fe8f4eee2cf6200c349a39727bdd86c547e989e30b1edae44dac264?s=96&d=mm&r=g","url":"https:\/\/secure.gravatar.com\/avatar\/64c465439fe8f4eee2cf6200c349a39727bdd86c547e989e30b1edae44dac264?s=96&d=mm&r=g","contentUrl":"https:\/\/secure.gravatar.com\/avatar\/64c465439fe8f4eee2cf6200c349a39727bdd86c547e989e30b1edae44dac264?s=96&d=mm&r=g","caption":"Giovanni Alarc\u00f3n"},"sameAs":["https:\/\/produncan.cl"]}]}},"_links":{"self":[{"href":"https:\/\/produncan.cl\/en\/wp-json\/wp\/v2\/pages\/49568","targetHints":{"allow":["GET"]}}],"collection":[{"href":"https:\/\/produncan.cl\/en\/wp-json\/wp\/v2\/pages"}],"about":[{"href":"https:\/\/produncan.cl\/en\/wp-json\/wp\/v2\/types\/page"}],"author":[{"embeddable":true,"href":"https:\/\/produncan.cl\/en\/wp-json\/wp\/v2\/users\/1"}],"replies":[{"embeddable":true,"href":"https:\/\/produncan.cl\/en\/wp-json\/wp\/v2\/comments?post=49568"}],"version-history":[{"count":42,"href":"https:\/\/produncan.cl\/en\/wp-json\/wp\/v2\/pages\/49568\/revisions"}],"predecessor-version":[{"id":53839,"href":"https:\/\/produncan.cl\/en\/wp-json\/wp\/v2\/pages\/49568\/revisions\/53839"}],"wp:attachment":[{"href":"https:\/\/produncan.cl\/en\/wp-json\/wp\/v2\/media?parent=49568"}],"curies":[{"name":"wp","href":"https:\/\/api.w.org\/{rel}","templated":true}]}}