{"id":12522,"date":"2021-12-18T18:20:54","date_gmt":"2021-12-18T21:20:54","guid":{"rendered":"https:\/\/produncan.cl\/producto\/parcela-rio-petrohue-puerto-varas-lakes-region\/"},"modified":"2025-12-26T17:17:19","modified_gmt":"2025-12-26T20:17:19","slug":"parcela-rio-petrohue-puerto-varas-lakes-region","status":"publish","type":"product","link":"https:\/\/produncan.cl\/en\/property\/parcela-rio-petrohue-puerto-varas-lakes-region\/","title":{"rendered":"Petrohu\u00e9 River Plot &#8211; Puerto Varas, Lakes Region"},"content":{"rendered":"\t\t<div data-elementor-type=\"product-post\" data-elementor-id=\"12522\" class=\"elementor elementor-12522 elementor-12336\" data-elementor-post-type=\"product\">\n\t\t\t\t<div class=\"elementor-element elementor-element-3a16324 e-flex e-con-boxed e-con e-parent\" data-id=\"3a16324\" data-element_type=\"container\" data-e-type=\"container\" data-settings=\"{&quot;jet_parallax_layout_list&quot;:[]}\">\n\t\t\t\t\t<div class=\"e-con-inner\">\n\t\t\t\t<div class=\"elementor-element elementor-element-87daa91 elementor-widget elementor-widget-heading\" data-id=\"87daa91\" data-element_type=\"widget\" data-e-type=\"widget\" data-widget_type=\"heading.default\">\n\t\t\t\t\t<h2 class=\"elementor-heading-title elementor-size-default\">A Dreamed Parcel with 35mts of Petrohu\u00e9 River Shore!<\/h2>\t\t\t\t<\/div>\n\t\t\t\t\t<\/div>\n\t\t\t\t<\/div>\n\t\t<div class=\"elementor-element elementor-element-19b4cb5 e-flex e-con-boxed e-con e-parent\" data-id=\"19b4cb5\" data-element_type=\"container\" data-e-type=\"container\" data-settings=\"{&quot;jet_parallax_layout_list&quot;:[]}\">\n\t\t\t\t\t<div class=\"e-con-inner\">\n\t\t\t\t<div class=\"elementor-element elementor-element-d80632f elementor-widget elementor-widget-text-editor\" data-id=\"d80632f\" data-element_type=\"widget\" data-e-type=\"widget\" data-widget_type=\"text-editor.default\">\n\t\t\t\t\t\t\t\t\t<p>We invite you to visit this spectacular 6143m\u00b2 lot with 35mts of Petrohu\u00e9 River shore, one of the most popular places for sport fishing and kayaking in the world.<span style=\"color: var( --e-global-color-text ); font-family: var( --e-global-typography-text-font-family ), Sans-serif; font-weight: var( --e-global-typography-text-font-weight ); text-align: var(--text-align); font-size: 1rem;\"> <\/span><\/p>\n<p>The property is set in a majestic native forest, surrounded by mountains, sublime views and located only 59 km from <a href=\"https:\/\/produncan.cl\/ciudades\/puerto-varas\/\" target=\"_blank\" rel=\"noopener\"><span style=\"color: #ff0000;\"><strong>Puerto Varas<\/strong><\/span><\/a>.<span style=\"color: var( --e-global-color-text ); font-family: var( --e-global-typography-text-font-family ), Sans-serif; font-weight: var( --e-global-typography-text-font-weight ); text-align: var(--text-align); font-size: 1rem;\"> <\/span><\/p>\n<p>The site has electric gate access, and is located within a unique project equipped with a barbecue area, hiking trails, viewpoints, picnic area, boat launch and children&#8217;s playground.<span style=\"color: var( --e-global-color-text ); font-family: var( --e-global-typography-text-font-family ), Sans-serif; font-weight: var( --e-global-typography-text-font-weight ); text-align: var(--text-align); font-size: 1rem;\"> <\/span><\/p>\n<p>The place is reached by a 59-kilometer paved road from Puerto Varas through Ensenada and towards Ral\u00fan. Access is then gained through a 1.4 km gravel road.<\/p>\n<p>The plot does not have electricity, but it can be powered by solar panels. For its part, a well will be built to distribute water to the plots when a committee is formed with the neighbors.<span style=\"color: var( --e-global-color-text ); font-family: var( --e-global-typography-text-font-family ), Sans-serif; font-weight: var( --e-global-typography-text-font-weight ); text-align: var(--text-align); font-size: 1rem;\"> <\/span><\/p>\n<p>However, in the short term, you will be able to accumulate rainwater in your own ponds to supply yourself without problems.<\/p>\n<p>Nearby you can visit Ensenada, Ral\u00fan Hot Springs, Petrohu\u00e9 Waterfalls, Osorno Volcano Ski Center, Reloncav\u00ed Estuary and Termas del Sol, among others.<\/p>\n<p>CONTACT US AND ASK FOR MORE INFO TO LEARN MORE ABOUT THIS TREMENDOUS OPPORTUNITY!<\/p>\n\t\t\t\t\t\t\t\t<\/div>\n\t\t\t\t\t<\/div>\n\t\t\t\t<\/div>\n\t\t\t\t<\/div>\n\t\t","protected":false},"excerpt":{"rendered":"<p>The riverside property in Puerto Vallarta boasts 35 meters of Petrohue River frontage. Nestled within native forest, it features an electric gate, communal areas, barbecue facilities, a boat launch ramp, and a vibrant community environment. Access is via a paved road.   <\/p>\n","protected":false},"featured_media":26091,"template":"","meta":{"_acf_changed":false},"product_brand":[],"product_cat":[110],"product_tag":[188,189],"regiones":[226],"ciudades":[213,219],"class_list":{"0":"post-12522","1":"product","2":"type-product","3":"status-publish","4":"has-post-thumbnail","6":"product_cat-nuble-los_lagos-en","7":"product_tag-plots","8":"product_tag-touristic-properties","9":"regiones-nuble-los_lagos","10":"ciudades-ensenada","11":"ciudades-puerto-varas","13":"first","14":"instock","15":"sold-individually","16":"shipping-taxable","17":"purchasable","18":"product-type-simple"},"acf":[],"yoast_head":"<!-- This site is optimized with the Yoast SEO Premium plugin v26.0 (Yoast SEO v27.3) - https:\/\/yoast.com\/product\/yoast-seo-premium-wordpress\/ -->\n<title>Farm in Tierra del Fuego, Estancia Indiana - Magallanes Region<\/title>\n<meta name=\"description\" content=\"We invite you to visit a 6143m\u00b2 plot of land with 35mts of shore of the Petrohu\u00e9 River, one of the most popular for sport fishing and kayaking in the world.\" \/>\n<meta name=\"robots\" content=\"index, follow, max-snippet:-1, max-image-preview:large, max-video-preview:-1\" \/>\n<link rel=\"canonical\" href=\"https:\/\/produncan.cl\/en\/property\/parcela-rio-petrohue-puerto-varas-lakes-region\/\" \/>\n<meta property=\"og:locale\" content=\"en_US\" \/>\n<meta property=\"og:type\" content=\"article\" \/>\n<meta property=\"og:title\" content=\"Petrohu\u00e9 River Plot - Puerto Varas, Lakes Region\" \/>\n<meta property=\"og:description\" content=\"We invite you to visit a 6143m\u00b2 plot of land with 35mts of shore of the Petrohu\u00e9 River, one of the most popular for sport fishing and kayaking in the world.\" \/>\n<meta property=\"og:url\" content=\"https:\/\/produncan.cl\/en\/property\/parcela-rio-petrohue-puerto-varas-lakes-region\/\" \/>\n<meta property=\"og:site_name\" content=\"Produncan\" \/>\n<meta property=\"article:publisher\" content=\"https:\/\/web.facebook.com\/produncanland\" \/>\n<meta property=\"article:modified_time\" content=\"2025-12-26T20:17:19+00:00\" \/>\n<meta property=\"og:image\" content=\"https:\/\/produncan.cl\/wp-content\/uploads\/2023\/04\/Presentacion-Parcela-Rio-Petrohue-Puerto-Varas.webp\" \/>\n\t<meta property=\"og:image:width\" content=\"600\" \/>\n\t<meta property=\"og:image:height\" content=\"450\" \/>\n\t<meta property=\"og:image:type\" content=\"image\/webp\" \/>\n<meta name=\"twitter:card\" content=\"summary_large_image\" \/>\n<meta name=\"twitter:label1\" content=\"Price\" \/>\n\t<meta name=\"twitter:data1\" content=\"USD74.000,00\" \/>\n\t<meta name=\"twitter:label2\" content=\"Availability\" \/>\n\t<meta name=\"twitter:data2\" content=\"In stock\" \/>\n<script type=\"application\/ld+json\" class=\"yoast-schema-graph\">{\"@context\":\"https:\\\/\\\/schema.org\",\"@graph\":[{\"@type\":\"WebPage\",\"@id\":\"https:\\\/\\\/produncan.cl\\\/en\\\/property\\\/parcela-rio-petrohue-puerto-varas-lakes-region\\\/\",\"url\":\"https:\\\/\\\/produncan.cl\\\/en\\\/property\\\/parcela-rio-petrohue-puerto-varas-lakes-region\\\/\",\"name\":\"Farm in Tierra del Fuego, Estancia Indiana - Magallanes Region\",\"isPartOf\":{\"@id\":\"https:\\\/\\\/produncan.cl\\\/en\\\/#website\"},\"primaryImageOfPage\":{\"@id\":\"https:\\\/\\\/produncan.cl\\\/en\\\/property\\\/parcela-rio-petrohue-puerto-varas-lakes-region\\\/#primaryimage\"},\"image\":{\"@id\":\"https:\\\/\\\/produncan.cl\\\/en\\\/property\\\/parcela-rio-petrohue-puerto-varas-lakes-region\\\/#primaryimage\"},\"thumbnailUrl\":\"https:\\\/\\\/produncan.cl\\\/wp-content\\\/uploads\\\/2023\\\/04\\\/Presentacion-Parcela-Rio-Petrohue-Puerto-Varas.webp\",\"datePublished\":\"2021-12-18T21:20:54+00:00\",\"dateModified\":\"2025-12-26T20:17:19+00:00\",\"description\":\"We invite you to visit a 6143m\u00b2 plot of land with 35mts of shore of the Petrohu\u00e9 River, one of the most popular for sport fishing and kayaking in the world.\",\"breadcrumb\":{\"@id\":\"https:\\\/\\\/produncan.cl\\\/en\\\/property\\\/parcela-rio-petrohue-puerto-varas-lakes-region\\\/#breadcrumb\"},\"inLanguage\":\"en-US\",\"potentialAction\":[{\"@type\":\"ReadAction\",\"target\":[\"https:\\\/\\\/produncan.cl\\\/en\\\/property\\\/parcela-rio-petrohue-puerto-varas-lakes-region\\\/\"]}]},{\"@type\":\"ImageObject\",\"inLanguage\":\"en-US\",\"@id\":\"https:\\\/\\\/produncan.cl\\\/en\\\/property\\\/parcela-rio-petrohue-puerto-varas-lakes-region\\\/#primaryimage\",\"url\":\"https:\\\/\\\/produncan.cl\\\/wp-content\\\/uploads\\\/2023\\\/04\\\/Presentacion-Parcela-Rio-Petrohue-Puerto-Varas.webp\",\"contentUrl\":\"https:\\\/\\\/produncan.cl\\\/wp-content\\\/uploads\\\/2023\\\/04\\\/Presentacion-Parcela-Rio-Petrohue-Puerto-Varas.webp\",\"width\":600,\"height\":450,\"caption\":\"Presentation Plot Rio Petrohu\u00e9 Puerto Varas\"},{\"@type\":\"BreadcrumbList\",\"@id\":\"https:\\\/\\\/produncan.cl\\\/en\\\/property\\\/parcela-rio-petrohue-puerto-varas-lakes-region\\\/#breadcrumb\",\"itemListElement\":[{\"@type\":\"ListItem\",\"position\":1,\"name\":\"Inicio\",\"item\":\"https:\\\/\\\/produncan.cl\\\/en\\\/\"},{\"@type\":\"ListItem\",\"position\":2,\"name\":\"Properties\",\"item\":\"https:\\\/\\\/produncan.cl\\\/propiedades\\\/\"},{\"@type\":\"ListItem\",\"position\":3,\"name\":\"plots\",\"item\":\"https:\\\/\\\/produncan.cl\\\/en\\\/property-type\\\/plots\\\/\"},{\"@type\":\"ListItem\",\"position\":4,\"name\":\"Petrohu\u00e9 River Plot &#8211; Puerto Varas, Lakes Region\"}]},{\"@type\":\"WebSite\",\"@id\":\"https:\\\/\\\/produncan.cl\\\/en\\\/#website\",\"url\":\"https:\\\/\\\/produncan.cl\\\/en\\\/\",\"name\":\"Produncan\",\"description\":\"We accompany you in your life project!\",\"publisher\":{\"@id\":\"https:\\\/\\\/produncan.cl\\\/en\\\/#organization\"},\"potentialAction\":[{\"@type\":\"SearchAction\",\"target\":{\"@type\":\"EntryPoint\",\"urlTemplate\":\"https:\\\/\\\/produncan.cl\\\/en\\\/?s={search_term_string}\"},\"query-input\":{\"@type\":\"PropertyValueSpecification\",\"valueRequired\":true,\"valueName\":\"search_term_string\"}}],\"inLanguage\":\"en-US\"},{\"@type\":\"Organization\",\"@id\":\"https:\\\/\\\/produncan.cl\\\/en\\\/#organization\",\"name\":\"Produncan\",\"url\":\"https:\\\/\\\/produncan.cl\\\/en\\\/\",\"logo\":{\"@type\":\"ImageObject\",\"inLanguage\":\"en-US\",\"@id\":\"https:\\\/\\\/produncan.cl\\\/en\\\/#\\\/schema\\\/logo\\\/image\\\/\",\"url\":\"https:\\\/\\\/produncan.cl\\\/wp-content\\\/uploads\\\/2021\\\/03\\\/LOGO.jpeg\",\"contentUrl\":\"https:\\\/\\\/produncan.cl\\\/wp-content\\\/uploads\\\/2021\\\/03\\\/LOGO.jpeg\",\"width\":1280,\"height\":903,\"caption\":\"Produncan\"},\"image\":{\"@id\":\"https:\\\/\\\/produncan.cl\\\/en\\\/#\\\/schema\\\/logo\\\/image\\\/\"},\"sameAs\":[\"https:\\\/\\\/web.facebook.com\\\/produncanland\",\"https:\\\/\\\/www.instagram.com\\\/pro_duncan\\\/\",\"https:\\\/\\\/www.linkedin.com\\\/company\\\/produncan-lands\\\/\",\"https:\\\/\\\/www.youtube.com\\\/channel\\\/UCu7N-f3x0svkazD-Eew1-QQ\"],\"description\":\"En Produncan somos especialistas en la venta de terrenos en el sur de Chile. Proveemos estancias, campos, parcelas y hoteles.\",\"email\":\"info@produncan.cl\"}]}<\/script>\n<meta property=\"og:video\" content=\"https:\/\/www.youtube.com\/embed\/icKsXs8Kdf4\" \/>\n<meta property=\"og:video:type\" content=\"text\/html\" \/>\n<meta property=\"og:video:duration\" content=\"55\" \/>\n<meta property=\"og:video:width\" content=\"480\" \/>\n<meta property=\"og:video:height\" content=\"360\" \/>\n<meta property=\"ya:ovs:adult\" content=\"false\" \/>\n<meta property=\"ya:ovs:upload_date\" content=\"2021-12-18T21:20:54+00:00\" \/>\n<meta property=\"ya:ovs:allow_embed\" content=\"true\" \/>\n<meta property=\"product:price:amount\" content=\"74000.00\" \/>\n<meta property=\"product:price:currency\" content=\"USD\" \/>\n<meta property=\"og:availability\" content=\"instock\" \/>\n<meta property=\"product:availability\" content=\"instock\" \/>\n<meta property=\"product:condition\" content=\"new\" \/>\n<!-- \/ Yoast SEO Premium plugin. -->","yoast_head_json":{"title":"Farm in Tierra del Fuego, Estancia Indiana - Magallanes Region","description":"We invite you to visit a 6143m\u00b2 plot of land with 35mts of shore of the Petrohu\u00e9 River, one of the most popular for sport fishing and kayaking in the world.","robots":{"index":"index","follow":"follow","max-snippet":"max-snippet:-1","max-image-preview":"max-image-preview:large","max-video-preview":"max-video-preview:-1"},"canonical":"https:\/\/produncan.cl\/en\/property\/parcela-rio-petrohue-puerto-varas-lakes-region\/","og_locale":"en_US","og_type":"article","og_title":"Petrohu\u00e9 River Plot - Puerto Varas, Lakes Region","og_description":"We invite you to visit a 6143m\u00b2 plot of land with 35mts of shore of the Petrohu\u00e9 River, one of the most popular for sport fishing and kayaking in the world.","og_url":"https:\/\/produncan.cl\/en\/property\/parcela-rio-petrohue-puerto-varas-lakes-region\/","og_site_name":"Produncan","article_publisher":"https:\/\/web.facebook.com\/produncanland","article_modified_time":"2025-12-26T20:17:19+00:00","og_image":[{"width":600,"height":450,"url":"https:\/\/produncan.cl\/wp-content\/uploads\/2023\/04\/Presentacion-Parcela-Rio-Petrohue-Puerto-Varas.webp","type":"image\/webp"}],"twitter_card":"summary_large_image","twitter_misc":{"Price":"USD74.000,00","Availability":"In stock"},"schema":{"@context":"https:\/\/schema.org","@graph":[{"@type":"WebPage","@id":"https:\/\/produncan.cl\/en\/property\/parcela-rio-petrohue-puerto-varas-lakes-region\/","url":"https:\/\/produncan.cl\/en\/property\/parcela-rio-petrohue-puerto-varas-lakes-region\/","name":"Farm in Tierra del Fuego, Estancia Indiana - Magallanes Region","isPartOf":{"@id":"https:\/\/produncan.cl\/en\/#website"},"primaryImageOfPage":{"@id":"https:\/\/produncan.cl\/en\/property\/parcela-rio-petrohue-puerto-varas-lakes-region\/#primaryimage"},"image":{"@id":"https:\/\/produncan.cl\/en\/property\/parcela-rio-petrohue-puerto-varas-lakes-region\/#primaryimage"},"thumbnailUrl":"https:\/\/produncan.cl\/wp-content\/uploads\/2023\/04\/Presentacion-Parcela-Rio-Petrohue-Puerto-Varas.webp","datePublished":"2021-12-18T21:20:54+00:00","dateModified":"2025-12-26T20:17:19+00:00","description":"We invite you to visit a 6143m\u00b2 plot of land with 35mts of shore of the Petrohu\u00e9 River, one of the most popular for sport fishing and kayaking in the world.","breadcrumb":{"@id":"https:\/\/produncan.cl\/en\/property\/parcela-rio-petrohue-puerto-varas-lakes-region\/#breadcrumb"},"inLanguage":"en-US","potentialAction":[{"@type":"ReadAction","target":["https:\/\/produncan.cl\/en\/property\/parcela-rio-petrohue-puerto-varas-lakes-region\/"]}]},{"@type":"ImageObject","inLanguage":"en-US","@id":"https:\/\/produncan.cl\/en\/property\/parcela-rio-petrohue-puerto-varas-lakes-region\/#primaryimage","url":"https:\/\/produncan.cl\/wp-content\/uploads\/2023\/04\/Presentacion-Parcela-Rio-Petrohue-Puerto-Varas.webp","contentUrl":"https:\/\/produncan.cl\/wp-content\/uploads\/2023\/04\/Presentacion-Parcela-Rio-Petrohue-Puerto-Varas.webp","width":600,"height":450,"caption":"Presentation Plot Rio Petrohu\u00e9 Puerto Varas"},{"@type":"BreadcrumbList","@id":"https:\/\/produncan.cl\/en\/property\/parcela-rio-petrohue-puerto-varas-lakes-region\/#breadcrumb","itemListElement":[{"@type":"ListItem","position":1,"name":"Inicio","item":"https:\/\/produncan.cl\/en\/"},{"@type":"ListItem","position":2,"name":"Properties","item":"https:\/\/produncan.cl\/propiedades\/"},{"@type":"ListItem","position":3,"name":"plots","item":"https:\/\/produncan.cl\/en\/property-type\/plots\/"},{"@type":"ListItem","position":4,"name":"Petrohu\u00e9 River Plot &#8211; Puerto Varas, Lakes Region"}]},{"@type":"WebSite","@id":"https:\/\/produncan.cl\/en\/#website","url":"https:\/\/produncan.cl\/en\/","name":"Produncan","description":"We accompany you in your life project!","publisher":{"@id":"https:\/\/produncan.cl\/en\/#organization"},"potentialAction":[{"@type":"SearchAction","target":{"@type":"EntryPoint","urlTemplate":"https:\/\/produncan.cl\/en\/?s={search_term_string}"},"query-input":{"@type":"PropertyValueSpecification","valueRequired":true,"valueName":"search_term_string"}}],"inLanguage":"en-US"},{"@type":"Organization","@id":"https:\/\/produncan.cl\/en\/#organization","name":"Produncan","url":"https:\/\/produncan.cl\/en\/","logo":{"@type":"ImageObject","inLanguage":"en-US","@id":"https:\/\/produncan.cl\/en\/#\/schema\/logo\/image\/","url":"https:\/\/produncan.cl\/wp-content\/uploads\/2021\/03\/LOGO.jpeg","contentUrl":"https:\/\/produncan.cl\/wp-content\/uploads\/2021\/03\/LOGO.jpeg","width":1280,"height":903,"caption":"Produncan"},"image":{"@id":"https:\/\/produncan.cl\/en\/#\/schema\/logo\/image\/"},"sameAs":["https:\/\/web.facebook.com\/produncanland","https:\/\/www.instagram.com\/pro_duncan\/","https:\/\/www.linkedin.com\/company\/produncan-lands\/","https:\/\/www.youtube.com\/channel\/UCu7N-f3x0svkazD-Eew1-QQ"],"description":"En Produncan somos especialistas en la venta de terrenos en el sur de Chile. Proveemos estancias, campos, parcelas y hoteles.","email":"info@produncan.cl"}]},"og_video":"https:\/\/www.youtube.com\/embed\/icKsXs8Kdf4","og_video_type":"text\/html","og_video_duration":"55","og_video_width":"480","og_video_height":"360","ya_ovs_adult":"false","ya_ovs_upload_date":"2021-12-18T21:20:54+00:00","ya_ovs_allow_embed":"true","product_price_amount":"74000.00","product_price_currency":"USD","og_availability":"instock","product_availability":"instock","product_condition":"new"},"_links":{"self":[{"href":"https:\/\/produncan.cl\/en\/wp-json\/wp\/v2\/product\/12522","targetHints":{"allow":["GET"]}}],"collection":[{"href":"https:\/\/produncan.cl\/en\/wp-json\/wp\/v2\/product"}],"about":[{"href":"https:\/\/produncan.cl\/en\/wp-json\/wp\/v2\/types\/product"}],"version-history":[{"count":4,"href":"https:\/\/produncan.cl\/en\/wp-json\/wp\/v2\/product\/12522\/revisions"}],"predecessor-version":[{"id":54060,"href":"https:\/\/produncan.cl\/en\/wp-json\/wp\/v2\/product\/12522\/revisions\/54060"}],"wp:featuredmedia":[{"embeddable":true,"href":"https:\/\/produncan.cl\/en\/wp-json\/wp\/v2\/media\/26091"}],"wp:attachment":[{"href":"https:\/\/produncan.cl\/en\/wp-json\/wp\/v2\/media?parent=12522"}],"wp:term":[{"taxonomy":"product_brand","embeddable":true,"href":"https:\/\/produncan.cl\/en\/wp-json\/wp\/v2\/product_brand?post=12522"},{"taxonomy":"product_cat","embeddable":true,"href":"https:\/\/produncan.cl\/en\/wp-json\/wp\/v2\/product_cat?post=12522"},{"taxonomy":"product_tag","embeddable":true,"href":"https:\/\/produncan.cl\/en\/wp-json\/wp\/v2\/product_tag?post=12522"},{"taxonomy":"regiones","embeddable":true,"href":"https:\/\/produncan.cl\/en\/wp-json\/wp\/v2\/regiones?post=12522"},{"taxonomy":"ciudades","embeddable":true,"href":"https:\/\/produncan.cl\/en\/wp-json\/wp\/v2\/ciudades?post=12522"}],"curies":[{"name":"wp","href":"https:\/\/api.w.org\/{rel}","templated":true}]}}