{"id":15944,"date":"2021-09-06T18:26:36","date_gmt":"2021-09-06T21:26:36","guid":{"rendered":"https:\/\/produncan.cl\/producto\/la-perdiz-farm-la-union-r-de-los-rios\/"},"modified":"2025-08-14T12:34:32","modified_gmt":"2025-08-14T16:34:32","slug":"la-perdiz-farm-la-union-r-de-los-rios","status":"publish","type":"product","link":"https:\/\/produncan.cl\/en\/property\/la-perdiz-farm-la-union-r-de-los-rios\/","title":{"rendered":"&#8220;Campito La Perdiz &#8211; La Uni\u00f3n, Regi\u00f3n de los R\u00edos&#8221;"},"content":{"rendered":"\t\t<div data-elementor-type=\"product-post\" data-elementor-id=\"15944\" class=\"elementor elementor-15944 elementor-15731\" data-elementor-post-type=\"product\">\n\t\t\t\t<div class=\"elementor-element elementor-element-611e819 e-flex e-con-boxed e-con e-parent\" data-id=\"611e819\" data-element_type=\"container\" data-e-type=\"container\" data-settings=\"{&quot;jet_parallax_layout_list&quot;:[]}\">\n\t\t\t\t\t<div class=\"e-con-inner\">\n\t\t\t\t<div class=\"elementor-element elementor-element-109d8d2 elementor-widget elementor-widget-heading\" data-id=\"109d8d2\" data-element_type=\"widget\" data-e-type=\"widget\" data-widget_type=\"heading.default\">\n\t\t\t\t\t<h2 class=\"elementor-heading-title elementor-size-default\">\"Discover Your Oasis in the Heart of Nature at Campito La Perdiz, Near La Uni\u00f3n, Los R\u00edos Region!\"<\/h2>\t\t\t\t<\/div>\n\t\t\t\t\t<\/div>\n\t\t\t\t<\/div>\n\t\t<div class=\"elementor-element elementor-element-6178d6f e-flex e-con-boxed e-con e-parent\" data-id=\"6178d6f\" data-element_type=\"container\" data-e-type=\"container\" data-settings=\"{&quot;jet_parallax_layout_list&quot;:[]}\">\n\t\t\t\t\t<div class=\"e-con-inner\">\n\t\t\t\t<div class=\"elementor-element elementor-element-1c43be5 elementor-widget elementor-widget-text-editor\" data-id=\"1c43be5\" data-element_type=\"widget\" data-e-type=\"widget\" data-widget_type=\"text-editor.default\">\n\t\t\t\t\t\t\t\t\t&#8220;`html\n<p>Discover your oasis in the heart of nature at Campito La Perdiz, near La Uni\u00f3n, Regi\u00f3n de Los R\u00edos!<\/p><p>This lovely little farm of 6.86 hectares awaits you with all the possibilities.<\/p><p>In a 5000m\u00b2 space within the farm, it features a wooden house with three bedrooms, a large bathroom, and a living-dining room. Additionally, within that same space, it has a barn, two greenhouses, an irrigation system, electric fence, woodshed, and pigsty.<\/p><p>With a sale price of $155,000,000, this land is a true gem. Moreover, it has its own role and is intended for agricultural use, providing you with a wide range of opportunities to develop your projects.<\/p><p>In a 5000m\u00b2 space within the farm, it features a wooden house with three bedrooms, a large bathroom, and a living-dining room. Additionally, within that same space, it has a barn, two greenhouses, an irrigation system, electric fence, woodshed, and pigsty.<\/p><p>The little farm boasts a beautiful view and offers you plenty of space to unleash your creativity. There are no existing constructions on the site, giving you the freedom to design and build to your liking.<\/p><p>It has electricity and water through a well, which will facilitate your daily activities.<\/p><p>The topography of the field is mostly flat with gentle slopes, allowing you to make the most of every corner of this wonderful land. And if you seek privacy and security, don&#8217;t worry, as it has a perimeter wooden fence with wire and borders other properties on all sides.<\/p><p>As for the location, you will be just 300 meters from the asphalt, providing you with easy access and connectivity to La Uni\u00f3n and the nearby city of Rio Bueno. Additionally, you will be only 40 minutes from the Osorno airport, allowing you to quickly reach your new refuge.<\/p><p>The little farm is accessed from the public road through a 70-meter-long easement.<\/p><p>Even though you are immersed in a rural environment, you will have telecommunications signal to maintain connectivity. And if you seek to relax and enjoy tranquility, you will be surrounded by beautiful native trees such as Hualles, Coihues, and Boldos, providing you with a natural and serene environment.<\/p><p>In the vicinity, you can access La Uni\u00f3n, Trumao, Alerce Costero, Hueicolla beaches, Lago Ranco, and R\u00edo Bueno, among others.<\/p><p>The climate in the area is predominantly temperate rainy with precipitation throughout the year, with a drier period in the summer. Winters are cool and humid, with average temperatures ranging between 7\u00b0C and 11\u00b0C. Summers are milder, with average temperatures ranging between 14\u00b0C and 25\u00b0C.<\/p><p>Don&#8217;t miss the opportunity to have your own paradise at Campito La Perdiz, La Uni\u00f3n.<\/p><p>This field is waiting for you to make your dreams come true in the midst of nature!<\/p><p>Contact us right now and secure your place in this incredible corner of the world.<\/p>\n&#8220;`\t\t\t\t\t\t\t\t<\/div>\n\t\t\t\t\t<\/div>\n\t\t\t\t<\/div>\n\t\t\t\t<\/div>\n\t\t","protected":false},"excerpt":{"rendered":"<p>&#8220;Small field near La Uni\u00f3n. Mostly meadows, with house, shed, stable, electricity, spring water, stream, and paved access.&#8221;<\/p>\n","protected":false},"featured_media":36276,"template":"","meta":{"_acf_changed":false},"product_brand":[],"product_cat":[110],"product_tag":[188],"regiones":[226],"ciudades":[215],"class_list":{"0":"post-15944","1":"product","2":"type-product","3":"status-publish","4":"has-post-thumbnail","6":"product_cat-nuble-los_lagos-en","7":"product_tag-plots","8":"regiones-nuble-los_lagos","9":"ciudades-la-union","11":"first","12":"outofstock","13":"sold-individually","14":"shipping-taxable","15":"purchasable","16":"product-type-simple"},"acf":[],"yoast_head":"<!-- This site is optimized with the Yoast SEO Premium plugin v26.0 (Yoast SEO v27.3) - https:\/\/yoast.com\/product\/yoast-seo-premium-wordpress\/ -->\n<title>&quot;Campito La Perdiz - La Uni\u00f3n, Regi\u00f3n de los R\u00edos&quot; - Produncan<\/title>\n<meta name=\"description\" content=\"&quot;Beautiful small field of 6.86 hectares mostly of meadow and gentle slope near La Uni\u00f3n. It has paved access, stream, and very nice view&quot;\" \/>\n<meta name=\"robots\" content=\"index, follow, max-snippet:-1, max-image-preview:large, max-video-preview:-1\" \/>\n<link rel=\"canonical\" href=\"https:\/\/produncan.cl\/en\/property\/la-perdiz-farm-la-union-r-de-los-rios\/\" \/>\n<meta property=\"og:locale\" content=\"en_US\" \/>\n<meta property=\"og:type\" content=\"article\" \/>\n<meta property=\"og:title\" content=\"&quot;Campito La Perdiz - La Uni\u00f3n, Regi\u00f3n de los R\u00edos&quot;\" \/>\n<meta property=\"og:description\" content=\"&quot;Beautiful small field of 6.86 hectares mostly of meadow and gentle slope near La Uni\u00f3n. It has paved access, stream, and very nice view&quot;\" \/>\n<meta property=\"og:url\" content=\"https:\/\/produncan.cl\/en\/property\/la-perdiz-farm-la-union-r-de-los-rios\/\" \/>\n<meta property=\"og:site_name\" content=\"Produncan\" \/>\n<meta property=\"article:publisher\" content=\"https:\/\/web.facebook.com\/produncanland\" \/>\n<meta property=\"article:modified_time\" content=\"2025-08-14T16:34:32+00:00\" \/>\n<meta property=\"og:image\" content=\"https:\/\/produncan.cl\/wp-content\/uploads\/2023\/09\/Campito-La-Perdiz-Vendido.webp\" \/>\n\t<meta property=\"og:image:width\" content=\"600\" \/>\n\t<meta property=\"og:image:height\" content=\"450\" \/>\n\t<meta property=\"og:image:type\" content=\"image\/webp\" \/>\n<meta name=\"twitter:card\" content=\"summary_large_image\" \/>\n<meta name=\"twitter:label1\" content=\"Price\" \/>\n\t<meta name=\"twitter:data1\" content=\"USD168.500,00\" \/>\n\t<meta name=\"twitter:label2\" content=\"Availability\" \/>\n\t<meta name=\"twitter:data2\" content=\"Out of stock\" \/>\n<script type=\"application\/ld+json\" class=\"yoast-schema-graph\">{\"@context\":\"https:\\\/\\\/schema.org\",\"@graph\":[{\"@type\":\"WebPage\",\"@id\":\"https:\\\/\\\/produncan.cl\\\/en\\\/property\\\/la-perdiz-farm-la-union-r-de-los-rios\\\/\",\"url\":\"https:\\\/\\\/produncan.cl\\\/en\\\/property\\\/la-perdiz-farm-la-union-r-de-los-rios\\\/\",\"name\":\"\\\"Campito La Perdiz - La Uni\u00f3n, Regi\u00f3n de los R\u00edos\\\" - Produncan\",\"isPartOf\":{\"@id\":\"https:\\\/\\\/produncan.cl\\\/en\\\/#website\"},\"primaryImageOfPage\":{\"@id\":\"https:\\\/\\\/produncan.cl\\\/en\\\/property\\\/la-perdiz-farm-la-union-r-de-los-rios\\\/#primaryimage\"},\"image\":{\"@id\":\"https:\\\/\\\/produncan.cl\\\/en\\\/property\\\/la-perdiz-farm-la-union-r-de-los-rios\\\/#primaryimage\"},\"thumbnailUrl\":\"https:\\\/\\\/produncan.cl\\\/wp-content\\\/uploads\\\/2023\\\/09\\\/Campito-La-Perdiz-Vendido.webp\",\"datePublished\":\"2021-09-06T21:26:36+00:00\",\"dateModified\":\"2025-08-14T16:34:32+00:00\",\"description\":\"\\\"Beautiful small field of 6.86 hectares mostly of meadow and gentle slope near La Uni\u00f3n. It has paved access, stream, and very nice view\\\"\",\"breadcrumb\":{\"@id\":\"https:\\\/\\\/produncan.cl\\\/en\\\/property\\\/la-perdiz-farm-la-union-r-de-los-rios\\\/#breadcrumb\"},\"inLanguage\":\"en-US\",\"potentialAction\":[{\"@type\":\"ReadAction\",\"target\":[\"https:\\\/\\\/produncan.cl\\\/en\\\/property\\\/la-perdiz-farm-la-union-r-de-los-rios\\\/\"]}]},{\"@type\":\"ImageObject\",\"inLanguage\":\"en-US\",\"@id\":\"https:\\\/\\\/produncan.cl\\\/en\\\/property\\\/la-perdiz-farm-la-union-r-de-los-rios\\\/#primaryimage\",\"url\":\"https:\\\/\\\/produncan.cl\\\/wp-content\\\/uploads\\\/2023\\\/09\\\/Campito-La-Perdiz-Vendido.webp\",\"contentUrl\":\"https:\\\/\\\/produncan.cl\\\/wp-content\\\/uploads\\\/2023\\\/09\\\/Campito-La-Perdiz-Vendido.webp\",\"width\":600,\"height\":450},{\"@type\":\"BreadcrumbList\",\"@id\":\"https:\\\/\\\/produncan.cl\\\/en\\\/property\\\/la-perdiz-farm-la-union-r-de-los-rios\\\/#breadcrumb\",\"itemListElement\":[{\"@type\":\"ListItem\",\"position\":1,\"name\":\"Inicio\",\"item\":\"https:\\\/\\\/produncan.cl\\\/en\\\/\"},{\"@type\":\"ListItem\",\"position\":2,\"name\":\"Properties\",\"item\":\"https:\\\/\\\/produncan.cl\\\/propiedades\\\/\"},{\"@type\":\"ListItem\",\"position\":3,\"name\":\"plots\",\"item\":\"https:\\\/\\\/produncan.cl\\\/en\\\/property-type\\\/plots\\\/\"},{\"@type\":\"ListItem\",\"position\":4,\"name\":\"&#8220;Campito La Perdiz &#8211; La Uni\u00f3n, Regi\u00f3n de los R\u00edos&#8221;\"}]},{\"@type\":\"WebSite\",\"@id\":\"https:\\\/\\\/produncan.cl\\\/en\\\/#website\",\"url\":\"https:\\\/\\\/produncan.cl\\\/en\\\/\",\"name\":\"Produncan\",\"description\":\"We accompany you in your life project!\",\"publisher\":{\"@id\":\"https:\\\/\\\/produncan.cl\\\/en\\\/#organization\"},\"potentialAction\":[{\"@type\":\"SearchAction\",\"target\":{\"@type\":\"EntryPoint\",\"urlTemplate\":\"https:\\\/\\\/produncan.cl\\\/en\\\/?s={search_term_string}\"},\"query-input\":{\"@type\":\"PropertyValueSpecification\",\"valueRequired\":true,\"valueName\":\"search_term_string\"}}],\"inLanguage\":\"en-US\"},{\"@type\":\"Organization\",\"@id\":\"https:\\\/\\\/produncan.cl\\\/en\\\/#organization\",\"name\":\"Produncan\",\"url\":\"https:\\\/\\\/produncan.cl\\\/en\\\/\",\"logo\":{\"@type\":\"ImageObject\",\"inLanguage\":\"en-US\",\"@id\":\"https:\\\/\\\/produncan.cl\\\/en\\\/#\\\/schema\\\/logo\\\/image\\\/\",\"url\":\"https:\\\/\\\/produncan.cl\\\/wp-content\\\/uploads\\\/2021\\\/03\\\/LOGO.jpeg\",\"contentUrl\":\"https:\\\/\\\/produncan.cl\\\/wp-content\\\/uploads\\\/2021\\\/03\\\/LOGO.jpeg\",\"width\":1280,\"height\":903,\"caption\":\"Produncan\"},\"image\":{\"@id\":\"https:\\\/\\\/produncan.cl\\\/en\\\/#\\\/schema\\\/logo\\\/image\\\/\"},\"sameAs\":[\"https:\\\/\\\/web.facebook.com\\\/produncanland\",\"https:\\\/\\\/www.instagram.com\\\/pro_duncan\\\/\",\"https:\\\/\\\/www.linkedin.com\\\/company\\\/produncan-lands\\\/\",\"https:\\\/\\\/www.youtube.com\\\/channel\\\/UCu7N-f3x0svkazD-Eew1-QQ\"],\"description\":\"En Produncan somos especialistas en la venta de terrenos en el sur de Chile. Proveemos estancias, campos, parcelas y hoteles.\",\"email\":\"info@produncan.cl\"}]}<\/script>\n<meta property=\"og:video\" content=\"https:\/\/www.youtube.com\/embed\/T3wQozu0Tb0\" \/>\n<meta property=\"og:video:type\" content=\"text\/html\" \/>\n<meta property=\"og:video:duration\" content=\"82\" \/>\n<meta property=\"og:video:width\" content=\"480\" \/>\n<meta property=\"og:video:height\" content=\"360\" \/>\n<meta property=\"ya:ovs:adult\" content=\"false\" \/>\n<meta property=\"ya:ovs:upload_date\" content=\"2021-09-06T21:26:36+00:00\" \/>\n<meta property=\"ya:ovs:allow_embed\" content=\"true\" \/>\n<meta property=\"product:price:amount\" content=\"168500.00\" \/>\n<meta property=\"product:price:currency\" content=\"USD\" \/>\n<meta property=\"og:availability\" content=\"out of stock\" \/>\n<meta property=\"product:availability\" content=\"out of stock\" \/>\n<meta property=\"product:condition\" content=\"new\" \/>\n<!-- \/ Yoast SEO Premium plugin. -->","yoast_head_json":{"title":"\"Campito La Perdiz - La Uni\u00f3n, Regi\u00f3n de los R\u00edos\" - Produncan","description":"\"Beautiful small field of 6.86 hectares mostly of meadow and gentle slope near La Uni\u00f3n. It has paved access, stream, and very nice view\"","robots":{"index":"index","follow":"follow","max-snippet":"max-snippet:-1","max-image-preview":"max-image-preview:large","max-video-preview":"max-video-preview:-1"},"canonical":"https:\/\/produncan.cl\/en\/property\/la-perdiz-farm-la-union-r-de-los-rios\/","og_locale":"en_US","og_type":"article","og_title":"\"Campito La Perdiz - La Uni\u00f3n, Regi\u00f3n de los R\u00edos\"","og_description":"\"Beautiful small field of 6.86 hectares mostly of meadow and gentle slope near La Uni\u00f3n. It has paved access, stream, and very nice view\"","og_url":"https:\/\/produncan.cl\/en\/property\/la-perdiz-farm-la-union-r-de-los-rios\/","og_site_name":"Produncan","article_publisher":"https:\/\/web.facebook.com\/produncanland","article_modified_time":"2025-08-14T16:34:32+00:00","og_image":[{"width":600,"height":450,"url":"https:\/\/produncan.cl\/wp-content\/uploads\/2023\/09\/Campito-La-Perdiz-Vendido.webp","type":"image\/webp"}],"twitter_card":"summary_large_image","twitter_misc":{"Price":"USD168.500,00","Availability":"Out of stock"},"schema":{"@context":"https:\/\/schema.org","@graph":[{"@type":"WebPage","@id":"https:\/\/produncan.cl\/en\/property\/la-perdiz-farm-la-union-r-de-los-rios\/","url":"https:\/\/produncan.cl\/en\/property\/la-perdiz-farm-la-union-r-de-los-rios\/","name":"\"Campito La Perdiz - La Uni\u00f3n, Regi\u00f3n de los R\u00edos\" - Produncan","isPartOf":{"@id":"https:\/\/produncan.cl\/en\/#website"},"primaryImageOfPage":{"@id":"https:\/\/produncan.cl\/en\/property\/la-perdiz-farm-la-union-r-de-los-rios\/#primaryimage"},"image":{"@id":"https:\/\/produncan.cl\/en\/property\/la-perdiz-farm-la-union-r-de-los-rios\/#primaryimage"},"thumbnailUrl":"https:\/\/produncan.cl\/wp-content\/uploads\/2023\/09\/Campito-La-Perdiz-Vendido.webp","datePublished":"2021-09-06T21:26:36+00:00","dateModified":"2025-08-14T16:34:32+00:00","description":"\"Beautiful small field of 6.86 hectares mostly of meadow and gentle slope near La Uni\u00f3n. It has paved access, stream, and very nice view\"","breadcrumb":{"@id":"https:\/\/produncan.cl\/en\/property\/la-perdiz-farm-la-union-r-de-los-rios\/#breadcrumb"},"inLanguage":"en-US","potentialAction":[{"@type":"ReadAction","target":["https:\/\/produncan.cl\/en\/property\/la-perdiz-farm-la-union-r-de-los-rios\/"]}]},{"@type":"ImageObject","inLanguage":"en-US","@id":"https:\/\/produncan.cl\/en\/property\/la-perdiz-farm-la-union-r-de-los-rios\/#primaryimage","url":"https:\/\/produncan.cl\/wp-content\/uploads\/2023\/09\/Campito-La-Perdiz-Vendido.webp","contentUrl":"https:\/\/produncan.cl\/wp-content\/uploads\/2023\/09\/Campito-La-Perdiz-Vendido.webp","width":600,"height":450},{"@type":"BreadcrumbList","@id":"https:\/\/produncan.cl\/en\/property\/la-perdiz-farm-la-union-r-de-los-rios\/#breadcrumb","itemListElement":[{"@type":"ListItem","position":1,"name":"Inicio","item":"https:\/\/produncan.cl\/en\/"},{"@type":"ListItem","position":2,"name":"Properties","item":"https:\/\/produncan.cl\/propiedades\/"},{"@type":"ListItem","position":3,"name":"plots","item":"https:\/\/produncan.cl\/en\/property-type\/plots\/"},{"@type":"ListItem","position":4,"name":"&#8220;Campito La Perdiz &#8211; La Uni\u00f3n, Regi\u00f3n de los R\u00edos&#8221;"}]},{"@type":"WebSite","@id":"https:\/\/produncan.cl\/en\/#website","url":"https:\/\/produncan.cl\/en\/","name":"Produncan","description":"We accompany you in your life project!","publisher":{"@id":"https:\/\/produncan.cl\/en\/#organization"},"potentialAction":[{"@type":"SearchAction","target":{"@type":"EntryPoint","urlTemplate":"https:\/\/produncan.cl\/en\/?s={search_term_string}"},"query-input":{"@type":"PropertyValueSpecification","valueRequired":true,"valueName":"search_term_string"}}],"inLanguage":"en-US"},{"@type":"Organization","@id":"https:\/\/produncan.cl\/en\/#organization","name":"Produncan","url":"https:\/\/produncan.cl\/en\/","logo":{"@type":"ImageObject","inLanguage":"en-US","@id":"https:\/\/produncan.cl\/en\/#\/schema\/logo\/image\/","url":"https:\/\/produncan.cl\/wp-content\/uploads\/2021\/03\/LOGO.jpeg","contentUrl":"https:\/\/produncan.cl\/wp-content\/uploads\/2021\/03\/LOGO.jpeg","width":1280,"height":903,"caption":"Produncan"},"image":{"@id":"https:\/\/produncan.cl\/en\/#\/schema\/logo\/image\/"},"sameAs":["https:\/\/web.facebook.com\/produncanland","https:\/\/www.instagram.com\/pro_duncan\/","https:\/\/www.linkedin.com\/company\/produncan-lands\/","https:\/\/www.youtube.com\/channel\/UCu7N-f3x0svkazD-Eew1-QQ"],"description":"En Produncan somos especialistas en la venta de terrenos en el sur de Chile. Proveemos estancias, campos, parcelas y hoteles.","email":"info@produncan.cl"}]},"og_video":"https:\/\/www.youtube.com\/embed\/T3wQozu0Tb0","og_video_type":"text\/html","og_video_duration":"82","og_video_width":"480","og_video_height":"360","ya_ovs_adult":"false","ya_ovs_upload_date":"2021-09-06T21:26:36+00:00","ya_ovs_allow_embed":"true","product_price_amount":"168500.00","product_price_currency":"USD","og_availability":"out of stock","product_availability":"out of stock","product_condition":"new"},"_links":{"self":[{"href":"https:\/\/produncan.cl\/en\/wp-json\/wp\/v2\/product\/15944","targetHints":{"allow":["GET"]}}],"collection":[{"href":"https:\/\/produncan.cl\/en\/wp-json\/wp\/v2\/product"}],"about":[{"href":"https:\/\/produncan.cl\/en\/wp-json\/wp\/v2\/types\/product"}],"version-history":[{"count":0,"href":"https:\/\/produncan.cl\/en\/wp-json\/wp\/v2\/product\/15944\/revisions"}],"wp:featuredmedia":[{"embeddable":true,"href":"https:\/\/produncan.cl\/en\/wp-json\/wp\/v2\/media\/36276"}],"wp:attachment":[{"href":"https:\/\/produncan.cl\/en\/wp-json\/wp\/v2\/media?parent=15944"}],"wp:term":[{"taxonomy":"product_brand","embeddable":true,"href":"https:\/\/produncan.cl\/en\/wp-json\/wp\/v2\/product_brand?post=15944"},{"taxonomy":"product_cat","embeddable":true,"href":"https:\/\/produncan.cl\/en\/wp-json\/wp\/v2\/product_cat?post=15944"},{"taxonomy":"product_tag","embeddable":true,"href":"https:\/\/produncan.cl\/en\/wp-json\/wp\/v2\/product_tag?post=15944"},{"taxonomy":"regiones","embeddable":true,"href":"https:\/\/produncan.cl\/en\/wp-json\/wp\/v2\/regiones?post=15944"},{"taxonomy":"ciudades","embeddable":true,"href":"https:\/\/produncan.cl\/en\/wp-json\/wp\/v2\/ciudades?post=15944"}],"curies":[{"name":"wp","href":"https:\/\/api.w.org\/{rel}","templated":true}]}}