{"id":16507,"date":"2023-08-23T16:58:23","date_gmt":"2023-08-23T20:58:23","guid":{"rendered":"https:\/\/produncan.cl\/producto\/parcels-huillinco-river-ancud-chiloe\/"},"modified":"2025-11-24T18:14:47","modified_gmt":"2025-11-24T21:14:47","slug":"parcels-huillinco-river-ancud-chiloe","status":"publish","type":"product","link":"https:\/\/produncan.cl\/en\/property\/parcels-huillinco-river-ancud-chiloe\/","title":{"rendered":"Plots in Ancud, Huillinco River &#8211; Chilo\u00e9"},"content":{"rendered":"\t\t<div data-elementor-type=\"product-post\" data-elementor-id=\"16507\" class=\"elementor elementor-16507 elementor-16276\" data-elementor-post-type=\"product\">\n\t\t\t\t<div class=\"elementor-element elementor-element-7eb0e2d e-flex e-con-boxed e-con e-parent\" data-id=\"7eb0e2d\" data-element_type=\"container\" data-e-type=\"container\" data-settings=\"{&quot;jet_parallax_layout_list&quot;:[]}\">\n\t\t\t\t\t<div class=\"e-con-inner\">\n\t\t\t\t<div class=\"elementor-element elementor-element-0b68955 elementor-widget elementor-widget-heading\" data-id=\"0b68955\" data-element_type=\"widget\" data-e-type=\"widget\" data-widget_type=\"heading.default\">\n\t\t\t\t\t<h2 class=\"elementor-heading-title elementor-size-default\">Discover your natural paradise in the beautiful commune of Ancud! <\/h2>\t\t\t\t<\/div>\n\t\t\t\t\t<\/div>\n\t\t\t\t<\/div>\n\t\t<div class=\"elementor-element elementor-element-ca33632 e-flex e-con-boxed e-con e-parent\" data-id=\"ca33632\" data-element_type=\"container\" data-e-type=\"container\" data-settings=\"{&quot;jet_parallax_layout_list&quot;:[]}\">\n\t\t\t\t\t<div class=\"e-con-inner\">\n\t\t\t\t<div class=\"elementor-element elementor-element-abfce3f elementor-widget elementor-widget-text-editor\" data-id=\"abfce3f\" data-element_type=\"widget\" data-e-type=\"widget\" data-widget_type=\"text-editor.default\">\n\t\t\t\t\t\t\t\t\t<p><strong>Take advantage of the exclusive opportunity to acquire 2 parcels at a price of $25.000.000 each.<\/strong><br><br>We present a unique subdivision project, where you can build your home surrounded by lush nature and enjoy spectacular common areas. Get to know all the details that make this place the perfect place to live.<\/p><p><span style=\"text-align: var(--text-align);\">These parcels in Ancud, with an area of<\/span><span style=\"color: var( --e-global-color-text ); font-family: var( --e-global-typography-text-font-family ), Sans-serif; font-weight: var( --e-global-typography-text-font-weight ); text-align: var(--text-align);\">The 5,000m\u00b2, with areas of 5000m\u00b2, offer an unparalleled opportunity to create the home of your dreams. With values of $35,000,000 for the spectacular meadows located in the upper part of the project, and $60,000,000 for the plots overlooking the Huill\u00ednco River.<\/span><\/p><p><span style=\"color: var( --e-global-color-text ); font-family: var( --e-global-typography-text-font-family ), Sans-serif; font-weight: var( --e-global-typography-text-font-weight ); text-align: var(--text-align);\">In terms of services, the project has water from a well with ponds that pass through sand filters and a drip chlorine injector will be installed to ensure water quality. Additionally, you will have underground electrical power and telecommunications signal.<\/span><\/p><p><span style=\"color: var( --e-global-color-text ); font-family: var( --e-global-typography-text-font-family ), Sans-serif; font-weight: var( --e-global-typography-text-font-weight ); text-align: var(--text-align);\">The project has interior gravel roads in excellent condition, as well as an electric gate and controlled access to ensure the safety of all residents.<\/span><\/p><p><span style=\"color: var( --e-global-color-text ); font-family: var( --e-global-typography-text-font-family ), Sans-serif; font-weight: var( --e-global-typography-text-font-weight ); text-align: var(--text-align);\">As for the common areas, 5 hectares of space will be allocated for the enjoyment of all residents. These will include a beautiful estuary edge and nautical areas, inland trails and forest parks. You can also enjoy a barbecue area, ideal for sharing special moments with family and friends.<\/span><\/p><p><span style=\"color: var( --e-global-color-text ); font-family: var( --e-global-typography-text-font-family ), Sans-serif; font-weight: var( --e-global-typography-text-font-weight ); text-align: var(--text-align);\">If you are passionate about nature, this place is perfect for you; The surrounding area offers a wide range of recreational activities, such as hiking, bird watching, surfing, diving and camping. In addition, you will have the opportunity to explore nearby places of great beauty such as Faro Corona and La Ping\u00fcinera among many others.<\/span><\/p><p><span style=\"color: var( --e-global-color-text ); font-family: var( --e-global-typography-text-font-family ), Sans-serif; font-weight: var( --e-global-typography-text-font-weight ); text-align: var(--text-align);\">The location gives you the tranquility and connection you desire. You can easily access from Ancud or Puerto Montt through route 5 and then only 2 kilometers of gravel road. In addition, you will be only 20 minutes away from Ancud, where you will find a wide range of services and amenities. Castro airport is approximately 45 minutes away and you will also be close to El Tepual airport, giving you easy access to other destinations.<\/span><\/p><p><span style=\"color: var( --e-global-color-text ); font-family: var( --e-global-typography-text-font-family ), Sans-serif; font-weight: var( --e-global-typography-text-font-weight ); text-align: var(--text-align);\">As for the topography, the site is characterized by being mostly flat, which will facilitate the construction of your home. In addition, the project is located within an estuary that is fed by 8 rivers and borders the Pudeto River, providing a unique natural environment.<\/span><\/p><p><span style=\"color: var( --e-global-color-text ); font-family: var( --e-global-typography-text-font-family ), Sans-serif; font-weight: var( --e-global-typography-text-font-weight ); text-align: var(--text-align);\">The flora and fauna of the area are impressive. You can enjoy trees such as coig\u00fce, ulmo, canelo, ma\u00f1\u00edo, huilca, nalca, copihue, myrtle and calafate.<\/span><\/p><p><span style=\"color: var( --e-global-color-text ); font-family: var( --e-global-typography-text-font-family ), Sans-serif; font-weight: var( --e-global-typography-text-font-weight ); text-align: var(--text-align);\">In addition, the diversity of birds is remarkable, with more than 100 species recorded, including pelicans, herons, owls and hawks. The Pudeto and Huillinco rivers are home to trout and salmon species, providing the opportunity to enjoy fishing and aquatic nature.<\/span><\/p><p><span style=\"color: var( --e-global-color-text ); font-family: var( --e-global-typography-text-font-family ), Sans-serif; font-weight: var( --e-global-typography-text-font-weight ); text-align: var(--text-align);\">The real estate agency offers payment facilities:<\/span><\/p><ul><li>50% cash and balance in 12 months without surcharge;<\/li><li>50% cash and balance in 18 months plus a 1 million surcharge<\/li><li>50% cash and balance in 24 months plus 2 million surcharge<\/li><\/ul><div> <\/div><p>Don&#8217;t miss this opportunity to live in an incomparable natural environment.<\/p><p><span style=\"color: var( --e-global-color-text ); font-family: var( --e-global-typography-text-font-family ), Sans-serif; font-weight: var( --e-global-typography-text-font-weight ); text-align: var(--text-align);\">Contact us now and discover all that this project can offer you!<\/span><\/p>\t\t\t\t\t\t\t\t<\/div>\n\t\t\t\t\t<\/div>\n\t\t\t\t<\/div>\n\t\t\t\t<\/div>\n\t\t","protected":false},"excerpt":{"rendered":"<p>Plots in Ancud in the best area. Electricity underground, water project underway, common area adjacent to estuary.  Few units available. 20 minutes from the city, 2 kilometers from the asphalt.<\/p>\n","protected":false},"featured_media":16353,"template":"","meta":{"_acf_changed":false},"product_brand":[],"product_cat":[110],"product_tag":[188],"regiones":[226],"ciudades":[212],"class_list":{"0":"post-16507","1":"product","2":"type-product","3":"status-publish","4":"has-post-thumbnail","6":"product_cat-nuble-los_lagos-en","7":"product_tag-plots","8":"regiones-nuble-los_lagos","9":"ciudades-ancud","11":"first","12":"instock","13":"featured","14":"shipping-taxable","15":"purchasable","16":"product-type-simple"},"acf":[],"yoast_head":"<!-- This site is optimized with the Yoast SEO Premium plugin v26.0 (Yoast SEO v27.3) - https:\/\/yoast.com\/product\/yoast-seo-premium-wordpress\/ -->\n<title>Plots in Ancud, Huillinco River - Chilo\u00e9 - Produncan<\/title>\n<meta name=\"description\" content=\"Plots in Ancud, Huillinco River, adjacent to an estuary with spectacular views. Close to the city and airport, electricity and potable water available.\" \/>\n<meta name=\"robots\" content=\"index, follow, max-snippet:-1, max-image-preview:large, max-video-preview:-1\" \/>\n<link rel=\"canonical\" href=\"https:\/\/produncan.cl\/en\/property\/parcels-huillinco-river-ancud-chiloe\/\" \/>\n<meta property=\"og:locale\" content=\"en_US\" \/>\n<meta property=\"og:type\" content=\"article\" \/>\n<meta property=\"og:title\" content=\"Plots in Ancud, Huillinco River - Chilo\u00e9\" \/>\n<meta property=\"og:description\" content=\"Plots in Ancud, Huillinco River, adjacent to an estuary with spectacular views. Close to the city and airport, electricity and potable water available.\" \/>\n<meta property=\"og:url\" content=\"https:\/\/produncan.cl\/en\/property\/parcels-huillinco-river-ancud-chiloe\/\" \/>\n<meta property=\"og:site_name\" content=\"Produncan\" \/>\n<meta property=\"article:publisher\" content=\"https:\/\/web.facebook.com\/produncanland\" \/>\n<meta property=\"article:modified_time\" content=\"2025-11-24T21:14:47+00:00\" \/>\n<meta property=\"og:image\" content=\"https:\/\/produncan.cl\/wp-content\/uploads\/2023\/06\/Parcelas-en-venta-Rio-Huillinco.webp\" \/>\n\t<meta property=\"og:image:width\" content=\"600\" \/>\n\t<meta property=\"og:image:height\" content=\"450\" \/>\n\t<meta property=\"og:image:type\" content=\"image\/webp\" \/>\n<meta name=\"twitter:card\" content=\"summary_large_image\" \/>\n<meta name=\"twitter:label1\" content=\"Price\" \/>\n\t<meta name=\"twitter:data1\" content=\"USD27.200,00\" \/>\n\t<meta name=\"twitter:label2\" content=\"Availability\" \/>\n\t<meta name=\"twitter:data2\" content=\"In stock\" \/>\n<script type=\"application\/ld+json\" class=\"yoast-schema-graph\">{\"@context\":\"https:\\\/\\\/schema.org\",\"@graph\":[{\"@type\":\"WebPage\",\"@id\":\"https:\\\/\\\/produncan.cl\\\/en\\\/property\\\/parcels-huillinco-river-ancud-chiloe\\\/\",\"url\":\"https:\\\/\\\/produncan.cl\\\/en\\\/property\\\/parcels-huillinco-river-ancud-chiloe\\\/\",\"name\":\"Plots in Ancud, Huillinco River - Chilo\u00e9 - Produncan\",\"isPartOf\":{\"@id\":\"https:\\\/\\\/produncan.cl\\\/en\\\/#website\"},\"primaryImageOfPage\":{\"@id\":\"https:\\\/\\\/produncan.cl\\\/en\\\/property\\\/parcels-huillinco-river-ancud-chiloe\\\/#primaryimage\"},\"image\":{\"@id\":\"https:\\\/\\\/produncan.cl\\\/en\\\/property\\\/parcels-huillinco-river-ancud-chiloe\\\/#primaryimage\"},\"thumbnailUrl\":\"https:\\\/\\\/produncan.cl\\\/wp-content\\\/uploads\\\/2023\\\/06\\\/Parcelas-en-venta-Rio-Huillinco.webp\",\"datePublished\":\"2023-08-23T20:58:23+00:00\",\"dateModified\":\"2025-11-24T21:14:47+00:00\",\"description\":\"Plots in Ancud, Huillinco River, adjacent to an estuary with spectacular views. Close to the city and airport, electricity and potable water available.\",\"breadcrumb\":{\"@id\":\"https:\\\/\\\/produncan.cl\\\/en\\\/property\\\/parcels-huillinco-river-ancud-chiloe\\\/#breadcrumb\"},\"inLanguage\":\"en-US\",\"potentialAction\":[{\"@type\":\"ReadAction\",\"target\":[\"https:\\\/\\\/produncan.cl\\\/en\\\/property\\\/parcels-huillinco-river-ancud-chiloe\\\/\"]}]},{\"@type\":\"ImageObject\",\"inLanguage\":\"en-US\",\"@id\":\"https:\\\/\\\/produncan.cl\\\/en\\\/property\\\/parcels-huillinco-river-ancud-chiloe\\\/#primaryimage\",\"url\":\"https:\\\/\\\/produncan.cl\\\/wp-content\\\/uploads\\\/2023\\\/06\\\/Parcelas-en-venta-Rio-Huillinco.webp\",\"contentUrl\":\"https:\\\/\\\/produncan.cl\\\/wp-content\\\/uploads\\\/2023\\\/06\\\/Parcelas-en-venta-Rio-Huillinco.webp\",\"width\":600,\"height\":450,\"caption\":\"Plots for sale Rio Huillinco\"},{\"@type\":\"BreadcrumbList\",\"@id\":\"https:\\\/\\\/produncan.cl\\\/en\\\/property\\\/parcels-huillinco-river-ancud-chiloe\\\/#breadcrumb\",\"itemListElement\":[{\"@type\":\"ListItem\",\"position\":1,\"name\":\"Inicio\",\"item\":\"https:\\\/\\\/produncan.cl\\\/en\\\/\"},{\"@type\":\"ListItem\",\"position\":2,\"name\":\"Properties\",\"item\":\"https:\\\/\\\/produncan.cl\\\/propiedades\\\/\"},{\"@type\":\"ListItem\",\"position\":3,\"name\":\"plots\",\"item\":\"https:\\\/\\\/produncan.cl\\\/en\\\/property-type\\\/plots\\\/\"},{\"@type\":\"ListItem\",\"position\":4,\"name\":\"Plots in Ancud, Huillinco River &#8211; Chilo\u00e9\"}]},{\"@type\":\"WebSite\",\"@id\":\"https:\\\/\\\/produncan.cl\\\/en\\\/#website\",\"url\":\"https:\\\/\\\/produncan.cl\\\/en\\\/\",\"name\":\"Produncan\",\"description\":\"We accompany you in your life project!\",\"publisher\":{\"@id\":\"https:\\\/\\\/produncan.cl\\\/en\\\/#organization\"},\"potentialAction\":[{\"@type\":\"SearchAction\",\"target\":{\"@type\":\"EntryPoint\",\"urlTemplate\":\"https:\\\/\\\/produncan.cl\\\/en\\\/?s={search_term_string}\"},\"query-input\":{\"@type\":\"PropertyValueSpecification\",\"valueRequired\":true,\"valueName\":\"search_term_string\"}}],\"inLanguage\":\"en-US\"},{\"@type\":\"Organization\",\"@id\":\"https:\\\/\\\/produncan.cl\\\/en\\\/#organization\",\"name\":\"Produncan\",\"url\":\"https:\\\/\\\/produncan.cl\\\/en\\\/\",\"logo\":{\"@type\":\"ImageObject\",\"inLanguage\":\"en-US\",\"@id\":\"https:\\\/\\\/produncan.cl\\\/en\\\/#\\\/schema\\\/logo\\\/image\\\/\",\"url\":\"https:\\\/\\\/produncan.cl\\\/wp-content\\\/uploads\\\/2021\\\/03\\\/LOGO.jpeg\",\"contentUrl\":\"https:\\\/\\\/produncan.cl\\\/wp-content\\\/uploads\\\/2021\\\/03\\\/LOGO.jpeg\",\"width\":1280,\"height\":903,\"caption\":\"Produncan\"},\"image\":{\"@id\":\"https:\\\/\\\/produncan.cl\\\/en\\\/#\\\/schema\\\/logo\\\/image\\\/\"},\"sameAs\":[\"https:\\\/\\\/web.facebook.com\\\/produncanland\",\"https:\\\/\\\/www.instagram.com\\\/pro_duncan\\\/\",\"https:\\\/\\\/www.linkedin.com\\\/company\\\/produncan-lands\\\/\",\"https:\\\/\\\/www.youtube.com\\\/channel\\\/UCu7N-f3x0svkazD-Eew1-QQ\"],\"description\":\"En Produncan somos especialistas en la venta de terrenos en el sur de Chile. Proveemos estancias, campos, parcelas y hoteles.\",\"email\":\"info@produncan.cl\"}]}<\/script>\n<meta property=\"og:video\" content=\"https:\/\/www.youtube.com\/embed\/qz4wG_oe9ho\" \/>\n<meta property=\"og:video:type\" content=\"text\/html\" \/>\n<meta property=\"og:video:duration\" content=\"72\" \/>\n<meta property=\"og:video:width\" content=\"480\" \/>\n<meta property=\"og:video:height\" content=\"360\" \/>\n<meta property=\"ya:ovs:adult\" content=\"false\" \/>\n<meta property=\"ya:ovs:upload_date\" content=\"2023-08-23T20:58:23+00:00\" \/>\n<meta property=\"ya:ovs:allow_embed\" content=\"true\" \/>\n<meta property=\"product:price:amount\" content=\"27200.00\" \/>\n<meta property=\"product:price:currency\" content=\"USD\" \/>\n<meta property=\"og:availability\" content=\"instock\" \/>\n<meta property=\"product:availability\" content=\"instock\" \/>\n<meta property=\"product:condition\" content=\"new\" \/>\n<!-- \/ Yoast SEO Premium plugin. -->","yoast_head_json":{"title":"Plots in Ancud, Huillinco River - Chilo\u00e9 - Produncan","description":"Plots in Ancud, Huillinco River, adjacent to an estuary with spectacular views. Close to the city and airport, electricity and potable water available.","robots":{"index":"index","follow":"follow","max-snippet":"max-snippet:-1","max-image-preview":"max-image-preview:large","max-video-preview":"max-video-preview:-1"},"canonical":"https:\/\/produncan.cl\/en\/property\/parcels-huillinco-river-ancud-chiloe\/","og_locale":"en_US","og_type":"article","og_title":"Plots in Ancud, Huillinco River - Chilo\u00e9","og_description":"Plots in Ancud, Huillinco River, adjacent to an estuary with spectacular views. Close to the city and airport, electricity and potable water available.","og_url":"https:\/\/produncan.cl\/en\/property\/parcels-huillinco-river-ancud-chiloe\/","og_site_name":"Produncan","article_publisher":"https:\/\/web.facebook.com\/produncanland","article_modified_time":"2025-11-24T21:14:47+00:00","og_image":[{"width":600,"height":450,"url":"https:\/\/produncan.cl\/wp-content\/uploads\/2023\/06\/Parcelas-en-venta-Rio-Huillinco.webp","type":"image\/webp"}],"twitter_card":"summary_large_image","twitter_misc":{"Price":"USD27.200,00","Availability":"In stock"},"schema":{"@context":"https:\/\/schema.org","@graph":[{"@type":"WebPage","@id":"https:\/\/produncan.cl\/en\/property\/parcels-huillinco-river-ancud-chiloe\/","url":"https:\/\/produncan.cl\/en\/property\/parcels-huillinco-river-ancud-chiloe\/","name":"Plots in Ancud, Huillinco River - Chilo\u00e9 - Produncan","isPartOf":{"@id":"https:\/\/produncan.cl\/en\/#website"},"primaryImageOfPage":{"@id":"https:\/\/produncan.cl\/en\/property\/parcels-huillinco-river-ancud-chiloe\/#primaryimage"},"image":{"@id":"https:\/\/produncan.cl\/en\/property\/parcels-huillinco-river-ancud-chiloe\/#primaryimage"},"thumbnailUrl":"https:\/\/produncan.cl\/wp-content\/uploads\/2023\/06\/Parcelas-en-venta-Rio-Huillinco.webp","datePublished":"2023-08-23T20:58:23+00:00","dateModified":"2025-11-24T21:14:47+00:00","description":"Plots in Ancud, Huillinco River, adjacent to an estuary with spectacular views. Close to the city and airport, electricity and potable water available.","breadcrumb":{"@id":"https:\/\/produncan.cl\/en\/property\/parcels-huillinco-river-ancud-chiloe\/#breadcrumb"},"inLanguage":"en-US","potentialAction":[{"@type":"ReadAction","target":["https:\/\/produncan.cl\/en\/property\/parcels-huillinco-river-ancud-chiloe\/"]}]},{"@type":"ImageObject","inLanguage":"en-US","@id":"https:\/\/produncan.cl\/en\/property\/parcels-huillinco-river-ancud-chiloe\/#primaryimage","url":"https:\/\/produncan.cl\/wp-content\/uploads\/2023\/06\/Parcelas-en-venta-Rio-Huillinco.webp","contentUrl":"https:\/\/produncan.cl\/wp-content\/uploads\/2023\/06\/Parcelas-en-venta-Rio-Huillinco.webp","width":600,"height":450,"caption":"Plots for sale Rio Huillinco"},{"@type":"BreadcrumbList","@id":"https:\/\/produncan.cl\/en\/property\/parcels-huillinco-river-ancud-chiloe\/#breadcrumb","itemListElement":[{"@type":"ListItem","position":1,"name":"Inicio","item":"https:\/\/produncan.cl\/en\/"},{"@type":"ListItem","position":2,"name":"Properties","item":"https:\/\/produncan.cl\/propiedades\/"},{"@type":"ListItem","position":3,"name":"plots","item":"https:\/\/produncan.cl\/en\/property-type\/plots\/"},{"@type":"ListItem","position":4,"name":"Plots in Ancud, Huillinco River &#8211; Chilo\u00e9"}]},{"@type":"WebSite","@id":"https:\/\/produncan.cl\/en\/#website","url":"https:\/\/produncan.cl\/en\/","name":"Produncan","description":"We accompany you in your life project!","publisher":{"@id":"https:\/\/produncan.cl\/en\/#organization"},"potentialAction":[{"@type":"SearchAction","target":{"@type":"EntryPoint","urlTemplate":"https:\/\/produncan.cl\/en\/?s={search_term_string}"},"query-input":{"@type":"PropertyValueSpecification","valueRequired":true,"valueName":"search_term_string"}}],"inLanguage":"en-US"},{"@type":"Organization","@id":"https:\/\/produncan.cl\/en\/#organization","name":"Produncan","url":"https:\/\/produncan.cl\/en\/","logo":{"@type":"ImageObject","inLanguage":"en-US","@id":"https:\/\/produncan.cl\/en\/#\/schema\/logo\/image\/","url":"https:\/\/produncan.cl\/wp-content\/uploads\/2021\/03\/LOGO.jpeg","contentUrl":"https:\/\/produncan.cl\/wp-content\/uploads\/2021\/03\/LOGO.jpeg","width":1280,"height":903,"caption":"Produncan"},"image":{"@id":"https:\/\/produncan.cl\/en\/#\/schema\/logo\/image\/"},"sameAs":["https:\/\/web.facebook.com\/produncanland","https:\/\/www.instagram.com\/pro_duncan\/","https:\/\/www.linkedin.com\/company\/produncan-lands\/","https:\/\/www.youtube.com\/channel\/UCu7N-f3x0svkazD-Eew1-QQ"],"description":"En Produncan somos especialistas en la venta de terrenos en el sur de Chile. Proveemos estancias, campos, parcelas y hoteles.","email":"info@produncan.cl"}]},"og_video":"https:\/\/www.youtube.com\/embed\/qz4wG_oe9ho","og_video_type":"text\/html","og_video_duration":"72","og_video_width":"480","og_video_height":"360","ya_ovs_adult":"false","ya_ovs_upload_date":"2023-08-23T20:58:23+00:00","ya_ovs_allow_embed":"true","product_price_amount":"27200.00","product_price_currency":"USD","og_availability":"instock","product_availability":"instock","product_condition":"new"},"_links":{"self":[{"href":"https:\/\/produncan.cl\/en\/wp-json\/wp\/v2\/product\/16507","targetHints":{"allow":["GET"]}}],"collection":[{"href":"https:\/\/produncan.cl\/en\/wp-json\/wp\/v2\/product"}],"about":[{"href":"https:\/\/produncan.cl\/en\/wp-json\/wp\/v2\/types\/product"}],"version-history":[{"count":4,"href":"https:\/\/produncan.cl\/en\/wp-json\/wp\/v2\/product\/16507\/revisions"}],"predecessor-version":[{"id":52704,"href":"https:\/\/produncan.cl\/en\/wp-json\/wp\/v2\/product\/16507\/revisions\/52704"}],"wp:featuredmedia":[{"embeddable":true,"href":"https:\/\/produncan.cl\/en\/wp-json\/wp\/v2\/media\/16353"}],"wp:attachment":[{"href":"https:\/\/produncan.cl\/en\/wp-json\/wp\/v2\/media?parent=16507"}],"wp:term":[{"taxonomy":"product_brand","embeddable":true,"href":"https:\/\/produncan.cl\/en\/wp-json\/wp\/v2\/product_brand?post=16507"},{"taxonomy":"product_cat","embeddable":true,"href":"https:\/\/produncan.cl\/en\/wp-json\/wp\/v2\/product_cat?post=16507"},{"taxonomy":"product_tag","embeddable":true,"href":"https:\/\/produncan.cl\/en\/wp-json\/wp\/v2\/product_tag?post=16507"},{"taxonomy":"regiones","embeddable":true,"href":"https:\/\/produncan.cl\/en\/wp-json\/wp\/v2\/regiones?post=16507"},{"taxonomy":"ciudades","embeddable":true,"href":"https:\/\/produncan.cl\/en\/wp-json\/wp\/v2\/ciudades?post=16507"}],"curies":[{"name":"wp","href":"https:\/\/api.w.org\/{rel}","templated":true}]}}