{"id":17323,"date":"2022-07-17T17:02:07","date_gmt":"2022-07-17T21:02:07","guid":{"rendered":"https:\/\/produncan.cl\/producto\/ralun-tourist-complex-cochamo-los-lagos-region\/"},"modified":"2025-12-26T17:30:18","modified_gmt":"2025-12-26T20:30:18","slug":"ralun-tourist-complex-cochamo-los-lagos-region","status":"publish","type":"product","link":"https:\/\/produncan.cl\/en\/property\/ralun-tourist-complex-cochamo-los-lagos-region\/","title":{"rendered":"Ral\u00fan Tourist Complex, Cocham\u00f3 &#8211; Los Lagos Region"},"content":{"rendered":"\t\t<div data-elementor-type=\"product-post\" data-elementor-id=\"17323\" class=\"elementor elementor-17323 elementor-16939\" data-elementor-post-type=\"product\">\n\t\t\t\t<div class=\"elementor-element elementor-element-82015f5 e-flex e-con-boxed e-con e-parent\" data-id=\"82015f5\" data-element_type=\"container\" data-e-type=\"container\" data-settings=\"{&quot;jet_parallax_layout_list&quot;:[]}\">\n\t\t\t\t\t<div class=\"e-con-inner\">\n\t\t\t\t<div class=\"elementor-element elementor-element-b4a249b elementor-widget elementor-widget-heading\" data-id=\"b4a249b\" data-element_type=\"widget\" data-e-type=\"widget\" data-widget_type=\"heading.default\">\n\t\t\t\t\t<h2 class=\"elementor-heading-title elementor-size-default\">Tourist Complex Located in a magical place on the banks of the Petrohu\u00e9 River<\/h2>\t\t\t\t<\/div>\n\t\t\t\t\t<\/div>\n\t\t\t\t<\/div>\n\t\t<div class=\"elementor-element elementor-element-76c681d e-flex e-con-boxed e-con e-parent\" data-id=\"76c681d\" data-element_type=\"container\" data-e-type=\"container\" data-settings=\"{&quot;jet_parallax_layout_list&quot;:[]}\">\n\t\t\t\t\t<div class=\"e-con-inner\">\n\t\t\t\t<div class=\"elementor-element elementor-element-b1ddd83 elementor-widget elementor-widget-text-editor\" data-id=\"b1ddd83\" data-element_type=\"widget\" data-e-type=\"widget\" data-widget_type=\"text-editor.default\">\n\t\t\t\t\t\t\t\t\t<p>Develop your project in a Tourist Complex located in a magical place on the banks of the Petrohu\u00e9 River, in the commune of Puerto Varas; This property offers you a unique investment opportunity in a stunning natural setting;<\/p>\n<p>With a total area of 10,200 m\u00b2 and a variety of cabins available for accommodation built in 2010, this complex offers the possibility of creating a prosperous business in the tourism sector;<\/p>\n<p>The property consists of a main house and three cabins, providing a total of 8 bedrooms and 6 bathrooms; The main house has 3 bedrooms, 2 bathrooms, a living room and a dining room in the kitchen; The two large cabins have 2 bedrooms and 1 bathroom each, while the small cabin has 1 bedroom and 1 bathroom; There is also an additional room with 1 bedroom and 1 bathroom, which can be used for various purposes, such as food sales or a tourist office; Each facility has its own septic tank;<\/p>\n<p>The complex has large terraces in each cabin, from where you can enjoy panoramic views of the mountains and the river, all within a spectacular natural environment;<\/p>\n<p>In terms of amenities, the complex is equipped with hot water systems through calefont and thermos in wood stove, as well as heating systems that include slow combustion stoves and oil; The windows are made of PVC, which provides insulation and energy efficiency; The walls and floors of the living room and dining room are covered with wood, creating a warm and cozy atmosphere;<\/p>\n<p>The resort facilities include 3 hot tubs, perfect for relaxing and enjoying special moments; You will also find ample parking space for more than 15 vehicles;<\/p>\n<p>The complex is sold with all the furniture, except for the main house;<\/p>\n<p>Access to the site is direct from a paved road and the land borders the Petrohu\u00e9 River for approximately 100 meters; In addition, there is a good telecommunications signal and the complex has a commercial patent for the sale of food;<\/p>\n<p>It is also close to numerous attractions, such as the Osorno Volcano, Petrohu\u00e9 Falls, Cocham\u00f3, Termas del Sol and Chapo Lake, giving your guests the opportunity to explore and enjoy the natural beauty of the area.<\/p>\n<p>The Petrohu\u00e9 River Resort is located one hour from Puerto Varas and 20 minutes from Ensenada, which gives you access to services, stores and a wide range of tourist activities.The Petrohu\u00e9 River Resort is located one hour from Puerto Varas and 20 minutes from Ensenada, which gives you access to services, stores and a wide range of tourist activities. In addition, public transportation is available on the paved route, making it easy for guests and staff to get around;<\/p>\n<p><span style=\"color: var( --e-global-color-text ); font-family: var( --e-global-typography-text-font-family ), Sans-serif; font-weight: var( --e-global-typography-text-font-weight ); text-align: var(--text-align);\">Don&#8217;t miss the opportunity to invest in your dream tourism project and be part of this exciting industry; Enjoy the benefits of having your own business while living in a dream environment;<\/span><\/p>\n<p>Contact us today and find out how to make it happen!<\/p>\n\t\t\t\t\t\t\t\t<\/div>\n\t\t\t\t\t<\/div>\n\t\t\t\t<\/div>\n\t\t\t\t<\/div>\n\t\t","protected":false},"excerpt":{"rendered":"<p>Tourist complex located 100 meters from the shore of the Petrohu\u00e9 River. Main house, 3 cabins, hot tubs, parking, direct access from paved road.<\/p>\n","protected":false},"featured_media":16943,"template":"","meta":{"_acf_changed":false},"product_brand":[],"product_cat":[110],"product_tag":[188,189],"regiones":[226],"ciudades":[],"class_list":{"0":"post-17323","1":"product","2":"type-product","3":"status-publish","4":"has-post-thumbnail","6":"product_cat-nuble-los_lagos-en","7":"product_tag-plots","8":"product_tag-touristic-properties","9":"regiones-nuble-los_lagos","11":"first","12":"instock","13":"shipping-taxable","14":"purchasable","15":"product-type-simple"},"acf":[],"yoast_head":"<!-- This site is optimized with the Yoast SEO Premium plugin v26.0 (Yoast SEO v27.4) - https:\/\/yoast.com\/product\/yoast-seo-premium-wordpress\/ -->\n<title>Ral\u00fan Tourist Complex, Cocham\u00f3 - Los Lagos Region - Produncan<\/title>\n<meta name=\"description\" content=\"Ral\u00fan Tourist Complex, Cocham\u00f3: a unique place to enjoy nature in southern Chile. Cabins, camping, swimming pools and view of the Ral\u00fan River.\" \/>\n<meta name=\"robots\" content=\"index, follow, max-snippet:-1, max-image-preview:large, max-video-preview:-1\" \/>\n<link rel=\"canonical\" href=\"https:\/\/produncan.cl\/en\/property\/ralun-tourist-complex-cochamo-los-lagos-region\/\" \/>\n<meta property=\"og:locale\" content=\"en_US\" \/>\n<meta property=\"og:type\" content=\"article\" \/>\n<meta property=\"og:title\" content=\"Ral\u00fan Tourist Complex, Cocham\u00f3 - Los Lagos Region\" \/>\n<meta property=\"og:description\" content=\"Ral\u00fan Tourist Complex, Cocham\u00f3: a unique place to enjoy nature in southern Chile. Cabins, camping, swimming pools and view of the Ral\u00fan River.\" \/>\n<meta property=\"og:url\" content=\"https:\/\/produncan.cl\/en\/property\/ralun-tourist-complex-cochamo-los-lagos-region\/\" \/>\n<meta property=\"og:site_name\" content=\"Produncan\" \/>\n<meta property=\"article:publisher\" content=\"https:\/\/web.facebook.com\/produncanland\" \/>\n<meta property=\"article:modified_time\" content=\"2025-12-26T20:30:18+00:00\" \/>\n<meta property=\"og:image\" content=\"https:\/\/produncan.cl\/wp-content\/uploads\/2023\/07\/Complejo-Turistico-a-la-venta-en-Ralun.webp\" \/>\n\t<meta property=\"og:image:width\" content=\"600\" \/>\n\t<meta property=\"og:image:height\" content=\"450\" \/>\n\t<meta property=\"og:image:type\" content=\"image\/webp\" \/>\n<meta name=\"twitter:card\" content=\"summary_large_image\" \/>\n<meta name=\"twitter:label1\" content=\"Price\" \/>\n\t<meta name=\"twitter:data1\" content=\"USD849.800,00\" \/>\n\t<meta name=\"twitter:label2\" content=\"Availability\" \/>\n\t<meta name=\"twitter:data2\" content=\"In stock\" \/>\n<script type=\"application\/ld+json\" class=\"yoast-schema-graph\">{\"@context\":\"https:\\\/\\\/schema.org\",\"@graph\":[{\"@type\":\"WebPage\",\"@id\":\"https:\\\/\\\/produncan.cl\\\/en\\\/property\\\/ralun-tourist-complex-cochamo-los-lagos-region\\\/\",\"url\":\"https:\\\/\\\/produncan.cl\\\/en\\\/property\\\/ralun-tourist-complex-cochamo-los-lagos-region\\\/\",\"name\":\"Ral\u00fan Tourist Complex, Cocham\u00f3 - Los Lagos Region - Produncan\",\"isPartOf\":{\"@id\":\"https:\\\/\\\/produncan.cl\\\/en\\\/#website\"},\"primaryImageOfPage\":{\"@id\":\"https:\\\/\\\/produncan.cl\\\/en\\\/property\\\/ralun-tourist-complex-cochamo-los-lagos-region\\\/#primaryimage\"},\"image\":{\"@id\":\"https:\\\/\\\/produncan.cl\\\/en\\\/property\\\/ralun-tourist-complex-cochamo-los-lagos-region\\\/#primaryimage\"},\"thumbnailUrl\":\"https:\\\/\\\/produncan.cl\\\/wp-content\\\/uploads\\\/2023\\\/07\\\/Complejo-Turistico-a-la-venta-en-Ralun.webp\",\"datePublished\":\"2022-07-17T21:02:07+00:00\",\"dateModified\":\"2025-12-26T20:30:18+00:00\",\"description\":\"Ral\u00fan Tourist Complex, Cocham\u00f3: a unique place to enjoy nature in southern Chile. Cabins, camping, swimming pools and view of the Ral\u00fan River.\",\"breadcrumb\":{\"@id\":\"https:\\\/\\\/produncan.cl\\\/en\\\/property\\\/ralun-tourist-complex-cochamo-los-lagos-region\\\/#breadcrumb\"},\"inLanguage\":\"en-US\",\"potentialAction\":[{\"@type\":\"ReadAction\",\"target\":[\"https:\\\/\\\/produncan.cl\\\/en\\\/property\\\/ralun-tourist-complex-cochamo-los-lagos-region\\\/\"]}]},{\"@type\":\"ImageObject\",\"inLanguage\":\"en-US\",\"@id\":\"https:\\\/\\\/produncan.cl\\\/en\\\/property\\\/ralun-tourist-complex-cochamo-los-lagos-region\\\/#primaryimage\",\"url\":\"https:\\\/\\\/produncan.cl\\\/wp-content\\\/uploads\\\/2023\\\/07\\\/Complejo-Turistico-a-la-venta-en-Ralun.webp\",\"contentUrl\":\"https:\\\/\\\/produncan.cl\\\/wp-content\\\/uploads\\\/2023\\\/07\\\/Complejo-Turistico-a-la-venta-en-Ralun.webp\",\"width\":600,\"height\":450},{\"@type\":\"BreadcrumbList\",\"@id\":\"https:\\\/\\\/produncan.cl\\\/en\\\/property\\\/ralun-tourist-complex-cochamo-los-lagos-region\\\/#breadcrumb\",\"itemListElement\":[{\"@type\":\"ListItem\",\"position\":1,\"name\":\"Inicio\",\"item\":\"https:\\\/\\\/produncan.cl\\\/en\\\/\"},{\"@type\":\"ListItem\",\"position\":2,\"name\":\"Properties\",\"item\":\"https:\\\/\\\/produncan.cl\\\/propiedades\\\/\"},{\"@type\":\"ListItem\",\"position\":3,\"name\":\"plots\",\"item\":\"https:\\\/\\\/produncan.cl\\\/en\\\/property-type\\\/plots\\\/\"},{\"@type\":\"ListItem\",\"position\":4,\"name\":\"Ral\u00fan Tourist Complex, Cocham\u00f3 &#8211; Los Lagos Region\"}]},{\"@type\":\"WebSite\",\"@id\":\"https:\\\/\\\/produncan.cl\\\/en\\\/#website\",\"url\":\"https:\\\/\\\/produncan.cl\\\/en\\\/\",\"name\":\"Produncan\",\"description\":\"We accompany you in your life project!\",\"publisher\":{\"@id\":\"https:\\\/\\\/produncan.cl\\\/en\\\/#organization\"},\"potentialAction\":[{\"@type\":\"SearchAction\",\"target\":{\"@type\":\"EntryPoint\",\"urlTemplate\":\"https:\\\/\\\/produncan.cl\\\/en\\\/?s={search_term_string}\"},\"query-input\":{\"@type\":\"PropertyValueSpecification\",\"valueRequired\":true,\"valueName\":\"search_term_string\"}}],\"inLanguage\":\"en-US\"},{\"@type\":\"Organization\",\"@id\":\"https:\\\/\\\/produncan.cl\\\/en\\\/#organization\",\"name\":\"Produncan\",\"url\":\"https:\\\/\\\/produncan.cl\\\/en\\\/\",\"logo\":{\"@type\":\"ImageObject\",\"inLanguage\":\"en-US\",\"@id\":\"https:\\\/\\\/produncan.cl\\\/en\\\/#\\\/schema\\\/logo\\\/image\\\/\",\"url\":\"https:\\\/\\\/produncan.cl\\\/wp-content\\\/uploads\\\/2021\\\/03\\\/LOGO.jpeg\",\"contentUrl\":\"https:\\\/\\\/produncan.cl\\\/wp-content\\\/uploads\\\/2021\\\/03\\\/LOGO.jpeg\",\"width\":1280,\"height\":903,\"caption\":\"Produncan\"},\"image\":{\"@id\":\"https:\\\/\\\/produncan.cl\\\/en\\\/#\\\/schema\\\/logo\\\/image\\\/\"},\"sameAs\":[\"https:\\\/\\\/web.facebook.com\\\/produncanland\",\"https:\\\/\\\/www.instagram.com\\\/pro_duncan\\\/\",\"https:\\\/\\\/www.linkedin.com\\\/company\\\/produncan-lands\\\/\",\"https:\\\/\\\/www.youtube.com\\\/channel\\\/UCu7N-f3x0svkazD-Eew1-QQ\"],\"description\":\"En Produncan somos especialistas en la venta de terrenos en el sur de Chile. Proveemos estancias, campos, parcelas y hoteles.\",\"email\":\"info@produncan.cl\"}]}<\/script>\n<meta property=\"og:video\" content=\"https:\/\/www.youtube.com\/embed\/IxQTkQ-vtsk\" \/>\n<meta property=\"og:video:type\" content=\"text\/html\" \/>\n<meta property=\"og:video:duration\" content=\"88\" \/>\n<meta property=\"og:video:width\" content=\"480\" \/>\n<meta property=\"og:video:height\" content=\"360\" \/>\n<meta property=\"ya:ovs:adult\" content=\"false\" \/>\n<meta property=\"ya:ovs:upload_date\" content=\"2022-07-17T21:02:07+00:00\" \/>\n<meta property=\"ya:ovs:allow_embed\" content=\"true\" \/>\n<meta property=\"product:price:amount\" content=\"849800.00\" \/>\n<meta property=\"product:price:currency\" content=\"USD\" \/>\n<meta property=\"og:availability\" content=\"instock\" \/>\n<meta property=\"product:availability\" content=\"instock\" \/>\n<meta property=\"product:condition\" content=\"new\" \/>\n<!-- \/ Yoast SEO Premium plugin. -->","yoast_head_json":{"title":"Ral\u00fan Tourist Complex, Cocham\u00f3 - Los Lagos Region - Produncan","description":"Ral\u00fan Tourist Complex, Cocham\u00f3: a unique place to enjoy nature in southern Chile. Cabins, camping, swimming pools and view of the Ral\u00fan River.","robots":{"index":"index","follow":"follow","max-snippet":"max-snippet:-1","max-image-preview":"max-image-preview:large","max-video-preview":"max-video-preview:-1"},"canonical":"https:\/\/produncan.cl\/en\/property\/ralun-tourist-complex-cochamo-los-lagos-region\/","og_locale":"en_US","og_type":"article","og_title":"Ral\u00fan Tourist Complex, Cocham\u00f3 - Los Lagos Region","og_description":"Ral\u00fan Tourist Complex, Cocham\u00f3: a unique place to enjoy nature in southern Chile. Cabins, camping, swimming pools and view of the Ral\u00fan River.","og_url":"https:\/\/produncan.cl\/en\/property\/ralun-tourist-complex-cochamo-los-lagos-region\/","og_site_name":"Produncan","article_publisher":"https:\/\/web.facebook.com\/produncanland","article_modified_time":"2025-12-26T20:30:18+00:00","og_image":[{"width":600,"height":450,"url":"https:\/\/produncan.cl\/wp-content\/uploads\/2023\/07\/Complejo-Turistico-a-la-venta-en-Ralun.webp","type":"image\/webp"}],"twitter_card":"summary_large_image","twitter_misc":{"Price":"USD849.800,00","Availability":"In stock"},"schema":{"@context":"https:\/\/schema.org","@graph":[{"@type":"WebPage","@id":"https:\/\/produncan.cl\/en\/property\/ralun-tourist-complex-cochamo-los-lagos-region\/","url":"https:\/\/produncan.cl\/en\/property\/ralun-tourist-complex-cochamo-los-lagos-region\/","name":"Ral\u00fan Tourist Complex, Cocham\u00f3 - Los Lagos Region - Produncan","isPartOf":{"@id":"https:\/\/produncan.cl\/en\/#website"},"primaryImageOfPage":{"@id":"https:\/\/produncan.cl\/en\/property\/ralun-tourist-complex-cochamo-los-lagos-region\/#primaryimage"},"image":{"@id":"https:\/\/produncan.cl\/en\/property\/ralun-tourist-complex-cochamo-los-lagos-region\/#primaryimage"},"thumbnailUrl":"https:\/\/produncan.cl\/wp-content\/uploads\/2023\/07\/Complejo-Turistico-a-la-venta-en-Ralun.webp","datePublished":"2022-07-17T21:02:07+00:00","dateModified":"2025-12-26T20:30:18+00:00","description":"Ral\u00fan Tourist Complex, Cocham\u00f3: a unique place to enjoy nature in southern Chile. Cabins, camping, swimming pools and view of the Ral\u00fan River.","breadcrumb":{"@id":"https:\/\/produncan.cl\/en\/property\/ralun-tourist-complex-cochamo-los-lagos-region\/#breadcrumb"},"inLanguage":"en-US","potentialAction":[{"@type":"ReadAction","target":["https:\/\/produncan.cl\/en\/property\/ralun-tourist-complex-cochamo-los-lagos-region\/"]}]},{"@type":"ImageObject","inLanguage":"en-US","@id":"https:\/\/produncan.cl\/en\/property\/ralun-tourist-complex-cochamo-los-lagos-region\/#primaryimage","url":"https:\/\/produncan.cl\/wp-content\/uploads\/2023\/07\/Complejo-Turistico-a-la-venta-en-Ralun.webp","contentUrl":"https:\/\/produncan.cl\/wp-content\/uploads\/2023\/07\/Complejo-Turistico-a-la-venta-en-Ralun.webp","width":600,"height":450},{"@type":"BreadcrumbList","@id":"https:\/\/produncan.cl\/en\/property\/ralun-tourist-complex-cochamo-los-lagos-region\/#breadcrumb","itemListElement":[{"@type":"ListItem","position":1,"name":"Inicio","item":"https:\/\/produncan.cl\/en\/"},{"@type":"ListItem","position":2,"name":"Properties","item":"https:\/\/produncan.cl\/propiedades\/"},{"@type":"ListItem","position":3,"name":"plots","item":"https:\/\/produncan.cl\/en\/property-type\/plots\/"},{"@type":"ListItem","position":4,"name":"Ral\u00fan Tourist Complex, Cocham\u00f3 &#8211; Los Lagos Region"}]},{"@type":"WebSite","@id":"https:\/\/produncan.cl\/en\/#website","url":"https:\/\/produncan.cl\/en\/","name":"Produncan","description":"We accompany you in your life project!","publisher":{"@id":"https:\/\/produncan.cl\/en\/#organization"},"potentialAction":[{"@type":"SearchAction","target":{"@type":"EntryPoint","urlTemplate":"https:\/\/produncan.cl\/en\/?s={search_term_string}"},"query-input":{"@type":"PropertyValueSpecification","valueRequired":true,"valueName":"search_term_string"}}],"inLanguage":"en-US"},{"@type":"Organization","@id":"https:\/\/produncan.cl\/en\/#organization","name":"Produncan","url":"https:\/\/produncan.cl\/en\/","logo":{"@type":"ImageObject","inLanguage":"en-US","@id":"https:\/\/produncan.cl\/en\/#\/schema\/logo\/image\/","url":"https:\/\/produncan.cl\/wp-content\/uploads\/2021\/03\/LOGO.jpeg","contentUrl":"https:\/\/produncan.cl\/wp-content\/uploads\/2021\/03\/LOGO.jpeg","width":1280,"height":903,"caption":"Produncan"},"image":{"@id":"https:\/\/produncan.cl\/en\/#\/schema\/logo\/image\/"},"sameAs":["https:\/\/web.facebook.com\/produncanland","https:\/\/www.instagram.com\/pro_duncan\/","https:\/\/www.linkedin.com\/company\/produncan-lands\/","https:\/\/www.youtube.com\/channel\/UCu7N-f3x0svkazD-Eew1-QQ"],"description":"En Produncan somos especialistas en la venta de terrenos en el sur de Chile. Proveemos estancias, campos, parcelas y hoteles.","email":"info@produncan.cl"}]},"og_video":"https:\/\/www.youtube.com\/embed\/IxQTkQ-vtsk","og_video_type":"text\/html","og_video_duration":"88","og_video_width":"480","og_video_height":"360","ya_ovs_adult":"false","ya_ovs_upload_date":"2022-07-17T21:02:07+00:00","ya_ovs_allow_embed":"true","product_price_amount":"849800.00","product_price_currency":"USD","og_availability":"instock","product_availability":"instock","product_condition":"new"},"_links":{"self":[{"href":"https:\/\/produncan.cl\/en\/wp-json\/wp\/v2\/product\/17323","targetHints":{"allow":["GET"]}}],"collection":[{"href":"https:\/\/produncan.cl\/en\/wp-json\/wp\/v2\/product"}],"about":[{"href":"https:\/\/produncan.cl\/en\/wp-json\/wp\/v2\/types\/product"}],"version-history":[{"count":2,"href":"https:\/\/produncan.cl\/en\/wp-json\/wp\/v2\/product\/17323\/revisions"}],"predecessor-version":[{"id":54285,"href":"https:\/\/produncan.cl\/en\/wp-json\/wp\/v2\/product\/17323\/revisions\/54285"}],"wp:featuredmedia":[{"embeddable":true,"href":"https:\/\/produncan.cl\/en\/wp-json\/wp\/v2\/media\/16943"}],"wp:attachment":[{"href":"https:\/\/produncan.cl\/en\/wp-json\/wp\/v2\/media?parent=17323"}],"wp:term":[{"taxonomy":"product_brand","embeddable":true,"href":"https:\/\/produncan.cl\/en\/wp-json\/wp\/v2\/product_brand?post=17323"},{"taxonomy":"product_cat","embeddable":true,"href":"https:\/\/produncan.cl\/en\/wp-json\/wp\/v2\/product_cat?post=17323"},{"taxonomy":"product_tag","embeddable":true,"href":"https:\/\/produncan.cl\/en\/wp-json\/wp\/v2\/product_tag?post=17323"},{"taxonomy":"regiones","embeddable":true,"href":"https:\/\/produncan.cl\/en\/wp-json\/wp\/v2\/regiones?post=17323"},{"taxonomy":"ciudades","embeddable":true,"href":"https:\/\/produncan.cl\/en\/wp-json\/wp\/v2\/ciudades?post=17323"}],"curies":[{"name":"wp","href":"https:\/\/api.w.org\/{rel}","templated":true}]}}