{"id":17327,"date":"2023-07-25T18:28:06","date_gmt":"2023-07-25T22:28:06","guid":{"rendered":"https:\/\/produncan.cl\/producto\/santa-maria-field-fresia-llanquihue\/"},"modified":"2025-11-24T18:14:48","modified_gmt":"2025-11-24T21:14:48","slug":"santa-maria-field-fresia-llanquihue","status":"publish","type":"product","link":"https:\/\/produncan.cl\/en\/property\/santa-maria-field-fresia-llanquihue\/","title":{"rendered":"Field in Fresia &#8211; Santa Maria, Lakes Region"},"content":{"rendered":"\t\t<div data-elementor-type=\"product-post\" data-elementor-id=\"17327\" class=\"elementor elementor-17327 elementor-17095\" data-elementor-post-type=\"product\">\n\t\t\t\t<div class=\"elementor-element elementor-element-68b774b e-flex e-con-boxed e-con e-parent\" data-id=\"68b774b\" data-element_type=\"container\" data-e-type=\"container\" data-settings=\"{&quot;jet_parallax_layout_list&quot;:[]}\">\n\t\t\t\t\t<div class=\"e-con-inner\">\n\t\t\t\t<div class=\"elementor-element elementor-element-9a23c2a elementor-widget elementor-widget-heading\" data-id=\"9a23c2a\" data-element_type=\"widget\" data-e-type=\"widget\" data-widget_type=\"heading.default\">\n\t\t\t\t\t<h2 class=\"elementor-heading-title elementor-size-default\">Field of 30 Hectares near Fresia<\/h2>\t\t\t\t<\/div>\n\t\t\t\t\t<\/div>\n\t\t\t\t<\/div>\n\t\t<div class=\"elementor-element elementor-element-dc58372 e-flex e-con-boxed e-con e-parent\" data-id=\"dc58372\" data-element_type=\"container\" data-e-type=\"container\" data-settings=\"{&quot;jet_parallax_layout_list&quot;:[]}\">\n\t\t\t\t\t<div class=\"e-con-inner\">\n\t\t\t\t<div class=\"elementor-element elementor-element-b7f4ce4 elementor-widget elementor-widget-text-editor\" data-id=\"b7f4ce4\" data-element_type=\"widget\" data-e-type=\"widget\" data-widget_type=\"text-editor.default\">\n\t\t\t\t\t\t\t\t\t<p>We present an excellent investment opportunity in this 30 hectare field with its own land use and agricultural forestry land use, close to the city of Fresia, Los Lagos region.<\/p><p>Imagine having your own oasis in the middle of nature, surrounded by beautiful landscapes, a river, estuaries, meadows, lots of native forest and all very close to the city through a paved road. This property has an asking price of $240,000,000 and offers a number of features that make it stand out:<\/p><ul><li>Ample land to execute your project: With an area of 300,000 m\u00b2, you will have a world to explore and enjoy.<\/li><li>Nature in its splendor: This field is privileged with the presence of a river that majestically crosses the land in 460 meters in addition to estuaries, which provide a magical touch and a natural water supply.<\/li><li>Prepare to be amazed by cleared areas, gentle slopes and lush forest areas, providing a beautiful experience.<\/li><li>This field is home to a variety of native trees such as Coig\u00fce, Canelo, Array\u00e1n and Mait\u00e9n, as well as a diverse fauna, including mammals such as rabbits, foxes and pud\u00fa, woodpeckers and thrushes.<\/li><li>Convenience and accessibility: Only 1300 meters from the asphalt, getting to this place is easy and comfortable; It also has public transportation and telecommunications signal.<\/li><li>Suitable for your agricultural and livestock projects: This field allows you to have livestock and agriculture at a family level, allowing you to fulfill your dreams of having your own crop or farm.<\/li><li>Nearby attractions: You will be surrounded by wonders such as Lake Llanquihue, the majestic Osorno Volcano and the charming towns of Frutillar, Puerto Varas and Puerto Montt.<\/li><\/ul><div> <\/div><div><span style=\"color: var( --e-global-color-text ); font-family: var( --e-global-typography-text-font-family ), Sans-serif; font-weight: var( --e-global-typography-text-font-weight ); text-align: var(--text-align);\">In addition, the farm has electrical feasibility, telephone signal in several sectors, access through an easement of 1300 meters of gravel and has a proportion of native v\/s prairie of approximately 70% &#8211; 30%. There are no buildings, it has a perimeter fence in some sectors and on one side it borders a forest.<\/span><br><span style=\"color: var( --e-global-color-text ); font-family: var( --e-global-typography-text-font-family ), Sans-serif; font-weight: var( --e-global-typography-text-font-weight ); text-align: var(--text-align);\">Life in this place is simply incomparable. With a pleasant climate all year round, averaging 12\u00b0C, and rainfall that revitalizes the land between May and August.<\/span><br><span style=\"color: var( --e-global-color-text ); font-family: var( --e-global-typography-text-font-family ), Sans-serif; font-weight: var( --e-global-typography-text-font-weight ); text-align: var(--text-align);\"><br><\/span><span style=\"color: var( --e-global-color-text ); font-family: var( --e-global-typography-text-font-family ), Sans-serif; font-weight: var( --e-global-typography-text-font-weight ); text-align: var(--text-align);\">Discover the splendor of the Lake District in this farm that has everything you need for a promising future and an incomparable quality of life. Do not miss this unique opportunity to invest in this natural paradise. We are waiting for you!<\/span><\/div>\t\t\t\t\t\t\t\t<\/div>\n\t\t\t\t\t<\/div>\n\t\t\t\t<\/div>\n\t\t\t\t<\/div>\n\t\t","protected":false},"excerpt":{"rendered":"<p>Mostly flat field in Fresia on the outskirts of town. Access via easement from paved road, 460 meters of river, marshes, electrical feasibility, and signal. <\/p>\n","protected":false},"featured_media":17099,"template":"","meta":{"_acf_changed":false},"product_brand":[],"product_cat":[110],"product_tag":[187],"regiones":[226],"ciudades":[214,229],"class_list":{"0":"post-17327","1":"product","2":"type-product","3":"status-publish","4":"has-post-thumbnail","6":"product_cat-nuble-los_lagos-en","7":"product_tag-fields","8":"regiones-nuble-los_lagos","9":"ciudades-fresia","10":"ciudades-llanquihue","12":"first","13":"instock","14":"shipping-taxable","15":"purchasable","16":"product-type-simple"},"acf":[],"yoast_head":"<!-- This site is optimized with the Yoast SEO Premium plugin v26.0 (Yoast SEO v27.3) - https:\/\/yoast.com\/product\/yoast-seo-premium-wordpress\/ -->\n<title>Field in Fresia - Santa Maria, Lakes Region - Produncan<\/title>\n<meta name=\"description\" content=\"Farm Santa Mar\u00eda: a beautiful 30 hectare property located in the commune of Fresia, Chile; Ideal for agriculture, livestock and tourism.\" \/>\n<meta name=\"robots\" content=\"index, follow, max-snippet:-1, max-image-preview:large, max-video-preview:-1\" \/>\n<link rel=\"canonical\" href=\"https:\/\/produncan.cl\/en\/property\/santa-maria-field-fresia-llanquihue\/\" \/>\n<meta property=\"og:locale\" content=\"en_US\" \/>\n<meta property=\"og:type\" content=\"article\" \/>\n<meta property=\"og:title\" content=\"Field in Fresia - Santa Maria, Lakes Region\" \/>\n<meta property=\"og:description\" content=\"Farm Santa Mar\u00eda: a beautiful 30 hectare property located in the commune of Fresia, Chile; Ideal for agriculture, livestock and tourism.\" \/>\n<meta property=\"og:url\" content=\"https:\/\/produncan.cl\/en\/property\/santa-maria-field-fresia-llanquihue\/\" \/>\n<meta property=\"og:site_name\" content=\"Produncan\" \/>\n<meta property=\"article:publisher\" content=\"https:\/\/web.facebook.com\/produncanland\" \/>\n<meta property=\"article:modified_time\" content=\"2025-11-24T21:14:48+00:00\" \/>\n<meta property=\"og:image\" content=\"https:\/\/produncan.cl\/wp-content\/uploads\/2023\/07\/Campo-en-Venta-Santa-Maria.webp\" \/>\n\t<meta property=\"og:image:width\" content=\"600\" \/>\n\t<meta property=\"og:image:height\" content=\"450\" \/>\n\t<meta property=\"og:image:type\" content=\"image\/webp\" \/>\n<meta name=\"twitter:card\" content=\"summary_large_image\" \/>\n<meta name=\"twitter:label1\" content=\"Price\" \/>\n\t<meta name=\"twitter:data1\" content=\"USD263.300,00\" \/>\n\t<meta name=\"twitter:label2\" content=\"Availability\" \/>\n\t<meta name=\"twitter:data2\" content=\"In stock\" \/>\n<script type=\"application\/ld+json\" class=\"yoast-schema-graph\">{\"@context\":\"https:\\\/\\\/schema.org\",\"@graph\":[{\"@type\":\"WebPage\",\"@id\":\"https:\\\/\\\/produncan.cl\\\/en\\\/property\\\/santa-maria-field-fresia-llanquihue\\\/\",\"url\":\"https:\\\/\\\/produncan.cl\\\/en\\\/property\\\/santa-maria-field-fresia-llanquihue\\\/\",\"name\":\"Field in Fresia - Santa Maria, Lakes Region - Produncan\",\"isPartOf\":{\"@id\":\"https:\\\/\\\/produncan.cl\\\/en\\\/#website\"},\"primaryImageOfPage\":{\"@id\":\"https:\\\/\\\/produncan.cl\\\/en\\\/property\\\/santa-maria-field-fresia-llanquihue\\\/#primaryimage\"},\"image\":{\"@id\":\"https:\\\/\\\/produncan.cl\\\/en\\\/property\\\/santa-maria-field-fresia-llanquihue\\\/#primaryimage\"},\"thumbnailUrl\":\"https:\\\/\\\/produncan.cl\\\/wp-content\\\/uploads\\\/2023\\\/07\\\/Campo-en-Venta-Santa-Maria.webp\",\"datePublished\":\"2023-07-25T22:28:06+00:00\",\"dateModified\":\"2025-11-24T21:14:48+00:00\",\"description\":\"Farm Santa Mar\u00eda: a beautiful 30 hectare property located in the commune of Fresia, Chile; Ideal for agriculture, livestock and tourism.\",\"breadcrumb\":{\"@id\":\"https:\\\/\\\/produncan.cl\\\/en\\\/property\\\/santa-maria-field-fresia-llanquihue\\\/#breadcrumb\"},\"inLanguage\":\"en-US\",\"potentialAction\":[{\"@type\":\"ReadAction\",\"target\":[\"https:\\\/\\\/produncan.cl\\\/en\\\/property\\\/santa-maria-field-fresia-llanquihue\\\/\"]}]},{\"@type\":\"ImageObject\",\"inLanguage\":\"en-US\",\"@id\":\"https:\\\/\\\/produncan.cl\\\/en\\\/property\\\/santa-maria-field-fresia-llanquihue\\\/#primaryimage\",\"url\":\"https:\\\/\\\/produncan.cl\\\/wp-content\\\/uploads\\\/2023\\\/07\\\/Campo-en-Venta-Santa-Maria.webp\",\"contentUrl\":\"https:\\\/\\\/produncan.cl\\\/wp-content\\\/uploads\\\/2023\\\/07\\\/Campo-en-Venta-Santa-Maria.webp\",\"width\":600,\"height\":450,\"caption\":\"Field for Sale Santa Mar\u00eda\"},{\"@type\":\"BreadcrumbList\",\"@id\":\"https:\\\/\\\/produncan.cl\\\/en\\\/property\\\/santa-maria-field-fresia-llanquihue\\\/#breadcrumb\",\"itemListElement\":[{\"@type\":\"ListItem\",\"position\":1,\"name\":\"Inicio\",\"item\":\"https:\\\/\\\/produncan.cl\\\/en\\\/\"},{\"@type\":\"ListItem\",\"position\":2,\"name\":\"Properties\",\"item\":\"https:\\\/\\\/produncan.cl\\\/propiedades\\\/\"},{\"@type\":\"ListItem\",\"position\":3,\"name\":\"Fields\",\"item\":\"https:\\\/\\\/produncan.cl\\\/en\\\/property-type\\\/fields\\\/\"},{\"@type\":\"ListItem\",\"position\":4,\"name\":\"Field in Fresia &#8211; Santa Maria, Lakes Region\"}]},{\"@type\":\"WebSite\",\"@id\":\"https:\\\/\\\/produncan.cl\\\/en\\\/#website\",\"url\":\"https:\\\/\\\/produncan.cl\\\/en\\\/\",\"name\":\"Produncan\",\"description\":\"We accompany you in your life project!\",\"publisher\":{\"@id\":\"https:\\\/\\\/produncan.cl\\\/en\\\/#organization\"},\"potentialAction\":[{\"@type\":\"SearchAction\",\"target\":{\"@type\":\"EntryPoint\",\"urlTemplate\":\"https:\\\/\\\/produncan.cl\\\/en\\\/?s={search_term_string}\"},\"query-input\":{\"@type\":\"PropertyValueSpecification\",\"valueRequired\":true,\"valueName\":\"search_term_string\"}}],\"inLanguage\":\"en-US\"},{\"@type\":\"Organization\",\"@id\":\"https:\\\/\\\/produncan.cl\\\/en\\\/#organization\",\"name\":\"Produncan\",\"url\":\"https:\\\/\\\/produncan.cl\\\/en\\\/\",\"logo\":{\"@type\":\"ImageObject\",\"inLanguage\":\"en-US\",\"@id\":\"https:\\\/\\\/produncan.cl\\\/en\\\/#\\\/schema\\\/logo\\\/image\\\/\",\"url\":\"https:\\\/\\\/produncan.cl\\\/wp-content\\\/uploads\\\/2021\\\/03\\\/LOGO.jpeg\",\"contentUrl\":\"https:\\\/\\\/produncan.cl\\\/wp-content\\\/uploads\\\/2021\\\/03\\\/LOGO.jpeg\",\"width\":1280,\"height\":903,\"caption\":\"Produncan\"},\"image\":{\"@id\":\"https:\\\/\\\/produncan.cl\\\/en\\\/#\\\/schema\\\/logo\\\/image\\\/\"},\"sameAs\":[\"https:\\\/\\\/web.facebook.com\\\/produncanland\",\"https:\\\/\\\/www.instagram.com\\\/pro_duncan\\\/\",\"https:\\\/\\\/www.linkedin.com\\\/company\\\/produncan-lands\\\/\",\"https:\\\/\\\/www.youtube.com\\\/channel\\\/UCu7N-f3x0svkazD-Eew1-QQ\"],\"description\":\"En Produncan somos especialistas en la venta de terrenos en el sur de Chile. Proveemos estancias, campos, parcelas y hoteles.\",\"email\":\"info@produncan.cl\"}]}<\/script>\n<meta property=\"og:video\" content=\"https:\/\/www.youtube.com\/embed\/o7ErfQgQrKs\" \/>\n<meta property=\"og:video:type\" content=\"text\/html\" \/>\n<meta property=\"og:video:duration\" content=\"71\" \/>\n<meta property=\"og:video:width\" content=\"480\" \/>\n<meta property=\"og:video:height\" content=\"360\" \/>\n<meta property=\"ya:ovs:adult\" content=\"false\" \/>\n<meta property=\"ya:ovs:upload_date\" content=\"2023-07-25T22:28:06+00:00\" \/>\n<meta property=\"ya:ovs:allow_embed\" content=\"true\" \/>\n<meta property=\"product:price:amount\" content=\"263300.00\" \/>\n<meta property=\"product:price:currency\" content=\"USD\" \/>\n<meta property=\"og:availability\" content=\"instock\" \/>\n<meta property=\"product:availability\" content=\"instock\" \/>\n<meta property=\"product:condition\" content=\"new\" \/>\n<!-- \/ Yoast SEO Premium plugin. -->","yoast_head_json":{"title":"Field in Fresia - Santa Maria, Lakes Region - Produncan","description":"Farm Santa Mar\u00eda: a beautiful 30 hectare property located in the commune of Fresia, Chile; Ideal for agriculture, livestock and tourism.","robots":{"index":"index","follow":"follow","max-snippet":"max-snippet:-1","max-image-preview":"max-image-preview:large","max-video-preview":"max-video-preview:-1"},"canonical":"https:\/\/produncan.cl\/en\/property\/santa-maria-field-fresia-llanquihue\/","og_locale":"en_US","og_type":"article","og_title":"Field in Fresia - Santa Maria, Lakes Region","og_description":"Farm Santa Mar\u00eda: a beautiful 30 hectare property located in the commune of Fresia, Chile; Ideal for agriculture, livestock and tourism.","og_url":"https:\/\/produncan.cl\/en\/property\/santa-maria-field-fresia-llanquihue\/","og_site_name":"Produncan","article_publisher":"https:\/\/web.facebook.com\/produncanland","article_modified_time":"2025-11-24T21:14:48+00:00","og_image":[{"width":600,"height":450,"url":"https:\/\/produncan.cl\/wp-content\/uploads\/2023\/07\/Campo-en-Venta-Santa-Maria.webp","type":"image\/webp"}],"twitter_card":"summary_large_image","twitter_misc":{"Price":"USD263.300,00","Availability":"In stock"},"schema":{"@context":"https:\/\/schema.org","@graph":[{"@type":"WebPage","@id":"https:\/\/produncan.cl\/en\/property\/santa-maria-field-fresia-llanquihue\/","url":"https:\/\/produncan.cl\/en\/property\/santa-maria-field-fresia-llanquihue\/","name":"Field in Fresia - Santa Maria, Lakes Region - Produncan","isPartOf":{"@id":"https:\/\/produncan.cl\/en\/#website"},"primaryImageOfPage":{"@id":"https:\/\/produncan.cl\/en\/property\/santa-maria-field-fresia-llanquihue\/#primaryimage"},"image":{"@id":"https:\/\/produncan.cl\/en\/property\/santa-maria-field-fresia-llanquihue\/#primaryimage"},"thumbnailUrl":"https:\/\/produncan.cl\/wp-content\/uploads\/2023\/07\/Campo-en-Venta-Santa-Maria.webp","datePublished":"2023-07-25T22:28:06+00:00","dateModified":"2025-11-24T21:14:48+00:00","description":"Farm Santa Mar\u00eda: a beautiful 30 hectare property located in the commune of Fresia, Chile; Ideal for agriculture, livestock and tourism.","breadcrumb":{"@id":"https:\/\/produncan.cl\/en\/property\/santa-maria-field-fresia-llanquihue\/#breadcrumb"},"inLanguage":"en-US","potentialAction":[{"@type":"ReadAction","target":["https:\/\/produncan.cl\/en\/property\/santa-maria-field-fresia-llanquihue\/"]}]},{"@type":"ImageObject","inLanguage":"en-US","@id":"https:\/\/produncan.cl\/en\/property\/santa-maria-field-fresia-llanquihue\/#primaryimage","url":"https:\/\/produncan.cl\/wp-content\/uploads\/2023\/07\/Campo-en-Venta-Santa-Maria.webp","contentUrl":"https:\/\/produncan.cl\/wp-content\/uploads\/2023\/07\/Campo-en-Venta-Santa-Maria.webp","width":600,"height":450,"caption":"Field for Sale Santa Mar\u00eda"},{"@type":"BreadcrumbList","@id":"https:\/\/produncan.cl\/en\/property\/santa-maria-field-fresia-llanquihue\/#breadcrumb","itemListElement":[{"@type":"ListItem","position":1,"name":"Inicio","item":"https:\/\/produncan.cl\/en\/"},{"@type":"ListItem","position":2,"name":"Properties","item":"https:\/\/produncan.cl\/propiedades\/"},{"@type":"ListItem","position":3,"name":"Fields","item":"https:\/\/produncan.cl\/en\/property-type\/fields\/"},{"@type":"ListItem","position":4,"name":"Field in Fresia &#8211; Santa Maria, Lakes Region"}]},{"@type":"WebSite","@id":"https:\/\/produncan.cl\/en\/#website","url":"https:\/\/produncan.cl\/en\/","name":"Produncan","description":"We accompany you in your life project!","publisher":{"@id":"https:\/\/produncan.cl\/en\/#organization"},"potentialAction":[{"@type":"SearchAction","target":{"@type":"EntryPoint","urlTemplate":"https:\/\/produncan.cl\/en\/?s={search_term_string}"},"query-input":{"@type":"PropertyValueSpecification","valueRequired":true,"valueName":"search_term_string"}}],"inLanguage":"en-US"},{"@type":"Organization","@id":"https:\/\/produncan.cl\/en\/#organization","name":"Produncan","url":"https:\/\/produncan.cl\/en\/","logo":{"@type":"ImageObject","inLanguage":"en-US","@id":"https:\/\/produncan.cl\/en\/#\/schema\/logo\/image\/","url":"https:\/\/produncan.cl\/wp-content\/uploads\/2021\/03\/LOGO.jpeg","contentUrl":"https:\/\/produncan.cl\/wp-content\/uploads\/2021\/03\/LOGO.jpeg","width":1280,"height":903,"caption":"Produncan"},"image":{"@id":"https:\/\/produncan.cl\/en\/#\/schema\/logo\/image\/"},"sameAs":["https:\/\/web.facebook.com\/produncanland","https:\/\/www.instagram.com\/pro_duncan\/","https:\/\/www.linkedin.com\/company\/produncan-lands\/","https:\/\/www.youtube.com\/channel\/UCu7N-f3x0svkazD-Eew1-QQ"],"description":"En Produncan somos especialistas en la venta de terrenos en el sur de Chile. Proveemos estancias, campos, parcelas y hoteles.","email":"info@produncan.cl"}]},"og_video":"https:\/\/www.youtube.com\/embed\/o7ErfQgQrKs","og_video_type":"text\/html","og_video_duration":"71","og_video_width":"480","og_video_height":"360","ya_ovs_adult":"false","ya_ovs_upload_date":"2023-07-25T22:28:06+00:00","ya_ovs_allow_embed":"true","product_price_amount":"263300.00","product_price_currency":"USD","og_availability":"instock","product_availability":"instock","product_condition":"new"},"_links":{"self":[{"href":"https:\/\/produncan.cl\/en\/wp-json\/wp\/v2\/product\/17327","targetHints":{"allow":["GET"]}}],"collection":[{"href":"https:\/\/produncan.cl\/en\/wp-json\/wp\/v2\/product"}],"about":[{"href":"https:\/\/produncan.cl\/en\/wp-json\/wp\/v2\/types\/product"}],"version-history":[{"count":1,"href":"https:\/\/produncan.cl\/en\/wp-json\/wp\/v2\/product\/17327\/revisions"}],"predecessor-version":[{"id":52680,"href":"https:\/\/produncan.cl\/en\/wp-json\/wp\/v2\/product\/17327\/revisions\/52680"}],"wp:featuredmedia":[{"embeddable":true,"href":"https:\/\/produncan.cl\/en\/wp-json\/wp\/v2\/media\/17099"}],"wp:attachment":[{"href":"https:\/\/produncan.cl\/en\/wp-json\/wp\/v2\/media?parent=17327"}],"wp:term":[{"taxonomy":"product_brand","embeddable":true,"href":"https:\/\/produncan.cl\/en\/wp-json\/wp\/v2\/product_brand?post=17327"},{"taxonomy":"product_cat","embeddable":true,"href":"https:\/\/produncan.cl\/en\/wp-json\/wp\/v2\/product_cat?post=17327"},{"taxonomy":"product_tag","embeddable":true,"href":"https:\/\/produncan.cl\/en\/wp-json\/wp\/v2\/product_tag?post=17327"},{"taxonomy":"regiones","embeddable":true,"href":"https:\/\/produncan.cl\/en\/wp-json\/wp\/v2\/regiones?post=17327"},{"taxonomy":"ciudades","embeddable":true,"href":"https:\/\/produncan.cl\/en\/wp-json\/wp\/v2\/ciudades?post=17327"}],"curies":[{"name":"wp","href":"https:\/\/api.w.org\/{rel}","templated":true}]}}